{"id":18802,"date":"2023-06-12T08:33:19","date_gmt":"2023-06-12T08:33:19","guid":{"rendered":"https:\/\/365-housse.com\/products\/housse-de-vetement-rose\/"},"modified":"2024-09-17T14:58:59","modified_gmt":"2024-09-17T14:58:59","slug":"housse-de-vetement-rose","status":"publish","type":"product","link":"https:\/\/365-housse.com\/es\/productos\/housse-de-vetement-rose\/","title":{"rendered":"Funda de ropa rosa"},"content":{"rendered":"<h2 data-mce-fragment=\"1\" data-pm-slice=\"1 1 []\">Ofrece la m\u00e1xima protecci\u00f3n a tu ropa con este <strong data-mce-fragment=\"1\">Funda para ropa rosa<\/strong> impermeable. Hecho de Peva de alta calidad, es duradero y previene el moho, la humedad y los da\u00f1os mientras mantiene su ropa segura en el armario o en el equipaje.<\/h2>\n<h3 data-mce-fragment=\"1\">Port\u00e1til, este <strong>Funda para ropa rosa<\/strong> est\u00e1 disponible en tres tama\u00f1os diferentes.<\/h3>\n<p><strong data-mce-fragment=\"1\">Caracter\u00edsticas:<\/strong><\/p>\n<ul data-mce-fragment=\"1\">\n<li data-mce-fragment=\"1\">\n<p data-mce-fragment=\"1\">Composici\u00f3n:<span data-mce-fragment=\"1\"> <strong data-mce-fragment=\"1\">Peva suave y transparente<\/strong><\/span><\/p>\n<\/li>\n<li data-mce-fragment=\"1\">\n<p data-mce>Bolsa de almacenamiento impermeable y resistente al polvo<\/p>\n<\/li>\n<li data-mce-fragment=\"1\">\n<p data-mce-fragment=\"1\">Acabados<span data-mce-fragment=\"1\"> <\/span><strong data-mce-fragment=\"1\">acabados precisos<\/strong><span data-mce-fragment=\"1\"> <\/span>y <span data-mce-fragment=\"1\"> <\/span><strong data-mce-fragment=\"1\">sofisticado<\/strong><\/p>\n<p> <\/ li> <\/p>\n<li data-mce-fragment=\" 1\"> <strong data-mce-fragment=\"1\">Gancho para colgar<span>\u00a0<\/span><\/strong>y\u00a0<strong data-mce-fragment=\" 1\">cremallera<\/strong> <\/li>\n<\/ul>\n<ul data-mce-fragment=\"1\">\n<li data-mce-fragment=\"1\">\n<p data-mce-fragment=\"1\">Lavar a mano<\/p>\n<\/li>\n<li data-mce-fragment=\"1\">\n<p data-mce-fragment=\"1\">Juego de 3 piezas: 60x90cm | 60x110cm | 60x130cm<\/p>\n<\/li>\n<\/ul>\n<p> <img decoding=\"async\" alt=\"tama\u00f1o-funda-ropa\" data-mce-fragment=\"1\" data-mce-src=\"https:\/\/365 -casa .com\/wp-content\/uploads\/2023\/06\/taille-housse-a-vetement_480x480.jpg?v=1665343607\" src=\"https:\/\/365-housse.com\/wp-content\/uploads\/2023\/ 06\/ taille-housse-a-vetement_480x480.jpg?v=1665343607\" style=\"margin-left: auto;margin-right: auto\" \/><\/p>\n<p>Diferencia entre Antes y Despu\u00e9s de usar las Fundas de ropa.<\/p>\n<p><img decoding=\"async\" alt=\"housse-de-vetement\" src=\"https:\/\/365-housse.com\/wp-content\/uploads\/2023\/06\/housse-de-vetement_480x480. jpg?v= 1665339838\" style=\"margin-left: auto;margin-right: auto\" \/><\/p>\n<p data-pm-slice=\"1 1 []\">Protege tu ropa mientras viajas con <a href=\"https:\/\/365-housse.com\/es\/collections\/funda-para-ropa\/\" rel=\"noopener noreferrer\" target=\"_blank\" title=\"Fundas de Ropa\"><strong>Fundas de Ropa<\/strong><\/a>, pr\u00e1ctico y econ\u00f3mico. Al igual que este <strong>Funda Ropa Blanca<\/strong>, est\u00e1n disponibles en varias tallas.<\/p>\n","protected":false},"excerpt":{"rendered":"<p>Ofrece la m\u00e1xima protecci\u00f3n a tu ropa con este Funda para ropa rosa impermeable. Hecho de Peva de alta calidad, es duradero y previene el moho, la humedad y los da\u00f1os mientras mantiene su ropa segura en el armario o en el equipaje. Port\u00e1til, este Funda para ropa rosa est\u00e1 disponible en tres tama\u00f1os diferentes. [&hellip;]<\/p>\n","protected":false},"featured_media":16620,"comment_status":"open","ping_status":"closed","template":"","meta":[],"product_cat":[188],"product_tag":[207],"class_list":{"0":"post-18802","1":"product","2":"type-product","3":"status-publish","4":"has-post-thumbnail","6":"product_cat-funda-para-ropa","7":"product_tag-vetement-es","9":"first","10":"instock","11":"shipping-taxable","12":"purchasable","13":"product-type-simple"},"yoast_head":"<title>Funda de ropa rosa en entrega - gratis Ahorra un 30% en tu pedido<\/title>\n<meta name=\"description\" content=\"Recibe tu Funda de ropa rosa hoy y benef\u00edciate de la entrega - gratuita Env\u00edo en 24\/48h\" \/>\n<meta name=\"robots\" content=\"index, follow, max-snippet:-1, max-image-preview:large, max-video-preview:-1\" \/>\n<link rel=\"canonical\" href=\"https:\/\/365-housse.com\/es\/productos\/housse-de-vetement-rose\/\" \/>\n<meta property=\"og:locale\" content=\"es_ES\" \/>\n<meta property=\"og:type\" content=\"article\" \/>\n<meta property=\"og:title\" content=\"Funda de ropa rosa en entrega - gratis Ahorra un 30% en tu pedido\" \/>\n<meta property=\"og:description\" content=\"Recibe tu Funda de ropa rosa hoy y benef\u00edciate de la entrega - gratuita Env\u00edo en 24\/48h\" \/>\n<meta property=\"og:url\" content=\"https:\/\/365-housse.com\/es\/productos\/housse-de-vetement-rose\/\" \/>\n<meta property=\"og:site_name\" content=\"Housse de Canap\u00e9\" \/>\n<meta property=\"article:modified_time\" content=\"2024-09-17T14:58:59+00:00\" \/>\n<meta property=\"og:image\" content=\"https:\/\/365-housse.com\/wp-content\/uploads\/2023\/06\/housse-de-vetement-rose.jpg\" \/>\n\t<meta property=\"og:image:width\" content=\"450\" \/>\n\t<meta property=\"og:image:height\" content=\"441\" \/>\n\t<meta property=\"og:image:type\" content=\"image\/jpeg\" \/>\n<meta name=\"twitter:card\" content=\"summary_large_image\" \/>\n<meta name=\"twitter:label1\" content=\"Tiempo de lectura\" \/>\n\t<meta name=\"twitter:data1\" content=\"1 minuto\" \/>\n<script type=\"application\/ld+json\" class=\"yoast-schema-graph\">{\"@context\":\"https:\/\/schema.org\",\"@graph\":[{\"@type\":\"WebPage\",\"@id\":\"https:\/\/365-housse.com\/es\/productos\/housse-de-vetement-rose\/\",\"url\":\"https:\/\/365-housse.com\/es\/productos\/housse-de-vetement-rose\/\",\"name\":\"Funda de ropa rosa en entrega - gratis Ahorra un 30% en tu pedido\",\"isPartOf\":{\"@id\":\"https:\/\/365-housse.com\/es\/#website\"},\"primaryImageOfPage\":{\"@id\":\"https:\/\/365-housse.com\/es\/productos\/housse-de-vetement-rose\/#primaryimage\"},\"image\":{\"@id\":\"https:\/\/365-housse.com\/es\/productos\/housse-de-vetement-rose\/#primaryimage\"},\"thumbnailUrl\":\"https:\/\/365-housse.com\/wp-content\/uploads\/2023\/06\/housse-de-vetement-rose.jpg\",\"datePublished\":\"2023-06-12T08:33:19+00:00\",\"dateModified\":\"2024-09-17T14:58:59+00:00\",\"description\":\"Recibe tu Funda de ropa rosa hoy y benef\u00edciate de la entrega - gratuita Env\u00edo en 24\/48h\",\"breadcrumb\":{\"@id\":\"https:\/\/365-housse.com\/es\/productos\/housse-de-vetement-rose\/#breadcrumb\"},\"inLanguage\":\"es\",\"potentialAction\":[{\"@type\":\"ReadAction\",\"target\":[\"https:\/\/365-housse.com\/es\/productos\/housse-de-vetement-rose\/\"]}]},{\"@type\":\"ImageObject\",\"inLanguage\":\"es\",\"@id\":\"https:\/\/365-housse.com\/es\/productos\/housse-de-vetement-rose\/#primaryimage\",\"url\":\"https:\/\/365-housse.com\/wp-content\/uploads\/2023\/06\/housse-de-vetement-rose.jpg\",\"contentUrl\":\"https:\/\/365-housse.com\/wp-content\/uploads\/2023\/06\/housse-de-vetement-rose.jpg\",\"width\":450,\"height\":441},{\"@type\":\"BreadcrumbList\",\"@id\":\"https:\/\/365-housse.com\/es\/productos\/housse-de-vetement-rose\/#breadcrumb\",\"itemListElement\":[{\"@type\":\"ListItem\",\"position\":1,\"name\":\"Accueil\",\"item\":\"https:\/\/365-housse.com\/es\/\"},{\"@type\":\"ListItem\",\"position\":2,\"name\":\"Tienda\",\"item\":\"https:\/\/365-housse.com\/es\/tienda\/\"},{\"@type\":\"ListItem\",\"position\":3,\"name\":\"Funda de ropa rosa\"}]},{\"@type\":\"WebSite\",\"@id\":\"https:\/\/365-housse.com\/es\/#website\",\"url\":\"https:\/\/365-housse.com\/es\/\",\"name\":\"Housse de Canap\u00e9\",\"description\":\"Le N\u00b01 de la Housse\",\"publisher\":{\"@id\":\"https:\/\/365-housse.com\/es\/#organization\"},\"potentialAction\":[{\"@type\":\"SearchAction\",\"target\":{\"@type\":\"EntryPoint\",\"urlTemplate\":\"https:\/\/365-housse.com\/es\/?s={search_term_string}\"},\"query-input\":{\"@type\":\"PropertyValueSpecification\",\"valueRequired\":true,\"valueName\":\"search_term_string\"}}],\"inLanguage\":\"es\"},{\"@type\":\"Organization\",\"@id\":\"https:\/\/365-housse.com\/es\/#organization\",\"name\":\"Housse de Canap\u00e9\",\"url\":\"https:\/\/365-housse.com\/es\/\",\"logo\":{\"@type\":\"ImageObject\",\"inLanguage\":\"es\",\"@id\":\"https:\/\/365-housse.com\/es\/#\/schema\/logo\/image\/\",\"url\":\"https:\/\/365-housse.com\/wp-content\/uploads\/2023\/06\/LOGO-400-\u00d7-200-px-392-x-134-px-16.png\",\"contentUrl\":\"https:\/\/365-housse.com\/wp-content\/uploads\/2023\/06\/LOGO-400-\u00d7-200-px-392-x-134-px-16.png\",\"width\":392,\"height\":134,\"caption\":\"Housse de Canap\u00e9\"},\"image\":{\"@id\":\"https:\/\/365-housse.com\/es\/#\/schema\/logo\/image\/\"}}]}<\/script>","yoast_head_json":{"title":"Funda de ropa rosa en entrega - gratis Ahorra un 30% en tu pedido","description":"Recibe tu Funda de ropa rosa hoy y benef\u00edciate de la entrega - gratuita Env\u00edo en 24\/48h","robots":{"index":"index","follow":"follow","max-snippet":"max-snippet:-1","max-image-preview":"max-image-preview:large","max-video-preview":"max-video-preview:-1"},"canonical":"https:\/\/365-housse.com\/es\/productos\/housse-de-vetement-rose\/","og_locale":"es_ES","og_type":"article","og_title":"Funda de ropa rosa en entrega - gratis Ahorra un 30% en tu pedido","og_description":"Recibe tu Funda de ropa rosa hoy y benef\u00edciate de la entrega - gratuita Env\u00edo en 24\/48h","og_url":"https:\/\/365-housse.com\/es\/productos\/housse-de-vetement-rose\/","og_site_name":"Housse de Canap\u00e9","article_modified_time":"2024-09-17T14:58:59+00:00","og_image":[{"width":450,"height":441,"url":"https:\/\/365-housse.com\/wp-content\/uploads\/2023\/06\/housse-de-vetement-rose.jpg","type":"image\/jpeg"}],"twitter_card":"summary_large_image","twitter_misc":{"Tiempo de lectura":"1 minuto"},"schema":{"@context":"https:\/\/schema.org","@graph":[{"@type":"WebPage","@id":"https:\/\/365-housse.com\/es\/productos\/housse-de-vetement-rose\/","url":"https:\/\/365-housse.com\/es\/productos\/housse-de-vetement-rose\/","name":"Funda de ropa rosa en entrega - gratis Ahorra un 30% en tu pedido","isPartOf":{"@id":"https:\/\/365-housse.com\/es\/#website"},"primaryImageOfPage":{"@id":"https:\/\/365-housse.com\/es\/productos\/housse-de-vetement-rose\/#primaryimage"},"image":{"@id":"https:\/\/365-housse.com\/es\/productos\/housse-de-vetement-rose\/#primaryimage"},"thumbnailUrl":"https:\/\/365-housse.com\/wp-content\/uploads\/2023\/06\/housse-de-vetement-rose.jpg","datePublished":"2023-06-12T08:33:19+00:00","dateModified":"2024-09-17T14:58:59+00:00","description":"Recibe tu Funda de ropa rosa hoy y benef\u00edciate de la entrega - gratuita Env\u00edo en 24\/48h","breadcrumb":{"@id":"https:\/\/365-housse.com\/es\/productos\/housse-de-vetement-rose\/#breadcrumb"},"inLanguage":"es","potentialAction":[{"@type":"ReadAction","target":["https:\/\/365-housse.com\/es\/productos\/housse-de-vetement-rose\/"]}]},{"@type":"ImageObject","inLanguage":"es","@id":"https:\/\/365-housse.com\/es\/productos\/housse-de-vetement-rose\/#primaryimage","url":"https:\/\/365-housse.com\/wp-content\/uploads\/2023\/06\/housse-de-vetement-rose.jpg","contentUrl":"https:\/\/365-housse.com\/wp-content\/uploads\/2023\/06\/housse-de-vetement-rose.jpg","width":450,"height":441},{"@type":"BreadcrumbList","@id":"https:\/\/365-housse.com\/es\/productos\/housse-de-vetement-rose\/#breadcrumb","itemListElement":[{"@type":"ListItem","position":1,"name":"Accueil","item":"https:\/\/365-housse.com\/es\/"},{"@type":"ListItem","position":2,"name":"Tienda","item":"https:\/\/365-housse.com\/es\/tienda\/"},{"@type":"ListItem","position":3,"name":"Funda de ropa rosa"}]},{"@type":"WebSite","@id":"https:\/\/365-housse.com\/es\/#website","url":"https:\/\/365-housse.com\/es\/","name":"Housse de Canap\u00e9","description":"Le N\u00b01 de la Housse","publisher":{"@id":"https:\/\/365-housse.com\/es\/#organization"},"potentialAction":[{"@type":"SearchAction","target":{"@type":"EntryPoint","urlTemplate":"https:\/\/365-housse.com\/es\/?s={search_term_string}"},"query-input":{"@type":"PropertyValueSpecification","valueRequired":true,"valueName":"search_term_string"}}],"inLanguage":"es"},{"@type":"Organization","@id":"https:\/\/365-housse.com\/es\/#organization","name":"Housse de Canap\u00e9","url":"https:\/\/365-housse.com\/es\/","logo":{"@type":"ImageObject","inLanguage":"es","@id":"https:\/\/365-housse.com\/es\/#\/schema\/logo\/image\/","url":"https:\/\/365-housse.com\/wp-content\/uploads\/2023\/06\/LOGO-400-\u00d7-200-px-392-x-134-px-16.png","contentUrl":"https:\/\/365-housse.com\/wp-content\/uploads\/2023\/06\/LOGO-400-\u00d7-200-px-392-x-134-px-16.png","width":392,"height":134,"caption":"Housse de Canap\u00e9"},"image":{"@id":"https:\/\/365-housse.com\/es\/#\/schema\/logo\/image\/"}}]}},"_links":{"self":[{"href":"https:\/\/365-housse.com\/es\/wp-json\/wp\/v2\/product\/18802"}],"collection":[{"href":"https:\/\/365-housse.com\/es\/wp-json\/wp\/v2\/product"}],"about":[{"href":"https:\/\/365-housse.com\/es\/wp-json\/wp\/v2\/types\/product"}],"replies":[{"embeddable":true,"href":"https:\/\/365-housse.com\/es\/wp-json\/wp\/v2\/comments?post=18802"}],"wp:featuredmedia":[{"embeddable":true,"href":"https:\/\/365-housse.com\/es\/wp-json\/wp\/v2\/media\/16620"}],"wp:attachment":[{"href":"https:\/\/365-housse.com\/es\/wp-json\/wp\/v2\/media?parent=18802"}],"wp:term":[{"taxonomy":"product_cat","embeddable":true,"href":"https:\/\/365-housse.com\/es\/wp-json\/wp\/v2\/product_cat?post=18802"},{"taxonomy":"product_tag","embeddable":true,"href":"https:\/\/365-housse.com\/es\/wp-json\/wp\/v2\/product_tag?post=18802"}],"curies":[{"name":"wp","href":"https:\/\/api.w.org\/{rel}","templated":true}]}}