{"id":18805,"date":"2023-06-12T08:33:18","date_gmt":"2023-06-12T08:33:18","guid":{"rendered":"https:\/\/365-housse.com\/products\/housse-de-costume-homme\/"},"modified":"2024-09-17T14:59:02","modified_gmt":"2024-09-17T14:59:02","slug":"housse-de-costume-homme","status":"publish","type":"product","link":"https:\/\/365-housse.com\/es\/productos\/housse-de-costume-homme\/","title":{"rendered":"Funda de traje para hombre"},"content":{"rendered":"<h2 data-mce-fragment=\"1\" data-pm-slice=\"1 1 []\">La <strong data-mce-fragment=\"1\">Funda para traje de hombre<\/strong> es una soluci\u00f3n pr\u00e1ctica para mantener tu outfit entre sus m\u00faltiples usos. El color negro puede servir como una identificaci\u00f3n \u00fanica para tu armario personal. Equipado con una cremallera, es perfecto para usar en casa, en la oficina o cuando necesites proteger tu traje del polvo y la suciedad.<\/h2>\n<h3 data-mce-fragment=\"1\">Este <strong>Funda para traje de hombre<\/strong> es el accesorio perfecto para viajeros frecuentes. Es la manera perfecta de guardar tu ropa cuando est\u00e1s en casa entre viajes o no tienes espacio en tu armario para colgar los pantalones del traje.<\/h3>\n<p><strong data-mce> Caracter\u00edsticas:<\/strong><\/p>\n<ul data-mce-fragment=\"1\">\n<li data-mce-fragment=\"1\">\n<p data-mce-fragment=\" 1\">Composici\u00f3n:<span data-mce-fragment=\"1\"> <strong>Poli\u00e9ster + Algod\u00f3n<\/strong><\/span><\/p>\n<\/li>\n<li data-mce-fragment=\"1\">\n<p data-mce->Bolsa protectora resistente al agua y al polvo<\/p>\n<\/li>\n<li data-mce-fragment=\"1\">\n<p data-mce>Detalles<span data-mce-fragment=\"1\"><\/span><strong data-mce-fragment=\"1\">cuidado<\/strong><span data-mce-fragment=\" 1\"> <\/span>y<span data-mce-fragment=\"1\"> <\/span><strong data-mce-fragment=\"1\">elegante<\/strong><\/p>\n<\/li>\n<li data-mce-fragment=\"1\"> <strong data-mce-fragment=\"1\">Gancho para colgar<span> <\/span><\/strong>y <strong data-mce-fragment=\"1\"> cremallera<\/strong> <\/li>\n<p> <\/ ul> <\/p>\n<ul data-mce-fragment=\"1\">\n<li data-mce-fragment=\"1\">\n<p data-mce-fragment=\"1\">Lavado a mano<\/p>\n<\/li>\n<li data-mce-fragment=\"1\">\n<p data-mce-fragment=\"1\">Juego de 4 piezas: 60x80cm | 60x100cm | 60x120cm <span data-mce-fragment=\"1\">|\u00a060x140cm<\/span><\/p>\n<\/li>\n<\/ul>\n<p style=\"text-align: center\"> <img decoding=\"async\" alt=\"housse-de-costume-homme-dimension\" data-mce-fragment=\"1\" data-mce-src=\"https:\/\/365-housse.com\/wp-content\/uploads\/2023\/06\/housse-de-costume-homme-dimension_480x480.jpg?v=1665946570\" src=\"https:\/\/365-housse.com\/wp-content\/uploads\/2023\/06\/housse-de-costume-homme-dimension_480x480.jpg?v=1665946570\" \/><\/p>\n<p>La utilidad de las fundas de ropa. <\/p>\n<p><img decoding=\"async\" alt=\"housse-de-vetement\" src=\"https:\/\/365-housse.com\/wp-content\/uploads\/2023\/06\/housse-de-vetement_480x480.jpg ?v =1665339838\" style=\"margin-left: auto;margin-right: auto\" \/><\/p>\n<p data-pm-slice=\"1 1 []\"><strong>bolsas de ropa<\/ strong> son esenciales para proteger la ropa del polvo y evitar arrugas. Tambi\u00e9n se pueden utilizar para guardar la ropa hasta que est\u00e9 lista para volver a usarse. Echa un vistazo a nuestra selecci\u00f3n<strong>\u00ab<a href=\"https:\/\/365-housse.com\/es\/collections\/funda-para-ropa\/\" rel=\"noopener\" target=\"_blank\" title=\"Ropa cover\">Funda de ropa<\/a>\u00ab<\/strong> y encuentra el modelo y color que mejor se adapta a ti.<\/p>\n","protected":false},"excerpt":{"rendered":"<p>La Funda para traje de hombre es una soluci\u00f3n pr\u00e1ctica para mantener tu outfit entre sus m\u00faltiples usos. El color negro puede servir como una identificaci\u00f3n \u00fanica para tu armario personal. Equipado con una cremallera, es perfecto para usar en casa, en la oficina o cuando necesites proteger tu traje del polvo y la suciedad. [&hellip;]<\/p>\n","protected":false},"featured_media":16613,"comment_status":"open","ping_status":"closed","template":"","meta":[],"product_cat":[188],"product_tag":[207],"class_list":{"0":"post-18805","1":"product","2":"type-product","3":"status-publish","4":"has-post-thumbnail","6":"product_cat-funda-para-ropa","7":"product_tag-vetement-es","9":"first","10":"instock","11":"shipping-taxable","12":"purchasable","13":"product-type-simple"},"yoast_head":"<title>Funda de traje para hombre en entrega - gratis Ahorra un 30% en tu pedido<\/title>\n<meta name=\"description\" content=\"Recibe tu Funda de traje para hombre hoy y benef\u00edciate de la entrega - gratuita Env\u00edo en 24\/48h\" \/>\n<meta name=\"robots\" content=\"index, follow, max-snippet:-1, max-image-preview:large, max-video-preview:-1\" \/>\n<link rel=\"canonical\" href=\"https:\/\/365-housse.com\/es\/productos\/housse-de-costume-homme\/\" \/>\n<meta property=\"og:locale\" content=\"es_ES\" \/>\n<meta property=\"og:type\" content=\"article\" \/>\n<meta property=\"og:title\" content=\"Funda de traje para hombre en entrega - gratis Ahorra un 30% en tu pedido\" \/>\n<meta property=\"og:description\" content=\"Recibe tu Funda de traje para hombre hoy y benef\u00edciate de la entrega - gratuita Env\u00edo en 24\/48h\" \/>\n<meta property=\"og:url\" content=\"https:\/\/365-housse.com\/es\/productos\/housse-de-costume-homme\/\" \/>\n<meta property=\"og:site_name\" content=\"Housse de Canap\u00e9\" \/>\n<meta property=\"article:modified_time\" content=\"2024-09-17T14:59:02+00:00\" \/>\n<meta property=\"og:image\" content=\"https:\/\/365-housse.com\/wp-content\/uploads\/2023\/06\/housse-de-costume-homme.jpg\" \/>\n\t<meta property=\"og:image:width\" content=\"535\" \/>\n\t<meta property=\"og:image:height\" content=\"432\" \/>\n\t<meta property=\"og:image:type\" content=\"image\/jpeg\" \/>\n<meta name=\"twitter:card\" content=\"summary_large_image\" \/>\n<meta name=\"twitter:label1\" content=\"Tiempo de lectura\" \/>\n\t<meta name=\"twitter:data1\" content=\"1 minuto\" \/>\n<script type=\"application\/ld+json\" class=\"yoast-schema-graph\">{\"@context\":\"https:\/\/schema.org\",\"@graph\":[{\"@type\":\"WebPage\",\"@id\":\"https:\/\/365-housse.com\/es\/productos\/housse-de-costume-homme\/\",\"url\":\"https:\/\/365-housse.com\/es\/productos\/housse-de-costume-homme\/\",\"name\":\"Funda de traje para hombre en entrega - gratis Ahorra un 30% en tu pedido\",\"isPartOf\":{\"@id\":\"https:\/\/365-housse.com\/es\/#website\"},\"primaryImageOfPage\":{\"@id\":\"https:\/\/365-housse.com\/es\/productos\/housse-de-costume-homme\/#primaryimage\"},\"image\":{\"@id\":\"https:\/\/365-housse.com\/es\/productos\/housse-de-costume-homme\/#primaryimage\"},\"thumbnailUrl\":\"https:\/\/365-housse.com\/wp-content\/uploads\/2023\/06\/housse-de-costume-homme.jpg\",\"datePublished\":\"2023-06-12T08:33:18+00:00\",\"dateModified\":\"2024-09-17T14:59:02+00:00\",\"description\":\"Recibe tu Funda de traje para hombre hoy y benef\u00edciate de la entrega - gratuita Env\u00edo en 24\/48h\",\"breadcrumb\":{\"@id\":\"https:\/\/365-housse.com\/es\/productos\/housse-de-costume-homme\/#breadcrumb\"},\"inLanguage\":\"es\",\"potentialAction\":[{\"@type\":\"ReadAction\",\"target\":[\"https:\/\/365-housse.com\/es\/productos\/housse-de-costume-homme\/\"]}]},{\"@type\":\"ImageObject\",\"inLanguage\":\"es\",\"@id\":\"https:\/\/365-housse.com\/es\/productos\/housse-de-costume-homme\/#primaryimage\",\"url\":\"https:\/\/365-housse.com\/wp-content\/uploads\/2023\/06\/housse-de-costume-homme.jpg\",\"contentUrl\":\"https:\/\/365-housse.com\/wp-content\/uploads\/2023\/06\/housse-de-costume-homme.jpg\",\"width\":535,\"height\":432},{\"@type\":\"BreadcrumbList\",\"@id\":\"https:\/\/365-housse.com\/es\/productos\/housse-de-costume-homme\/#breadcrumb\",\"itemListElement\":[{\"@type\":\"ListItem\",\"position\":1,\"name\":\"Accueil\",\"item\":\"https:\/\/365-housse.com\/es\/\"},{\"@type\":\"ListItem\",\"position\":2,\"name\":\"Tienda\",\"item\":\"https:\/\/365-housse.com\/es\/tienda\/\"},{\"@type\":\"ListItem\",\"position\":3,\"name\":\"Funda de traje para hombre\"}]},{\"@type\":\"WebSite\",\"@id\":\"https:\/\/365-housse.com\/es\/#website\",\"url\":\"https:\/\/365-housse.com\/es\/\",\"name\":\"Housse de Canap\u00e9\",\"description\":\"Le N\u00b01 de la Housse\",\"publisher\":{\"@id\":\"https:\/\/365-housse.com\/es\/#organization\"},\"potentialAction\":[{\"@type\":\"SearchAction\",\"target\":{\"@type\":\"EntryPoint\",\"urlTemplate\":\"https:\/\/365-housse.com\/es\/?s={search_term_string}\"},\"query-input\":{\"@type\":\"PropertyValueSpecification\",\"valueRequired\":true,\"valueName\":\"search_term_string\"}}],\"inLanguage\":\"es\"},{\"@type\":\"Organization\",\"@id\":\"https:\/\/365-housse.com\/es\/#organization\",\"name\":\"Housse de Canap\u00e9\",\"url\":\"https:\/\/365-housse.com\/es\/\",\"logo\":{\"@type\":\"ImageObject\",\"inLanguage\":\"es\",\"@id\":\"https:\/\/365-housse.com\/es\/#\/schema\/logo\/image\/\",\"url\":\"https:\/\/365-housse.com\/wp-content\/uploads\/2023\/06\/LOGO-400-\u00d7-200-px-392-x-134-px-16.png\",\"contentUrl\":\"https:\/\/365-housse.com\/wp-content\/uploads\/2023\/06\/LOGO-400-\u00d7-200-px-392-x-134-px-16.png\",\"width\":392,\"height\":134,\"caption\":\"Housse de Canap\u00e9\"},\"image\":{\"@id\":\"https:\/\/365-housse.com\/es\/#\/schema\/logo\/image\/\"}}]}<\/script>","yoast_head_json":{"title":"Funda de traje para hombre en entrega - gratis Ahorra un 30% en tu pedido","description":"Recibe tu Funda de traje para hombre hoy y benef\u00edciate de la entrega - gratuita Env\u00edo en 24\/48h","robots":{"index":"index","follow":"follow","max-snippet":"max-snippet:-1","max-image-preview":"max-image-preview:large","max-video-preview":"max-video-preview:-1"},"canonical":"https:\/\/365-housse.com\/es\/productos\/housse-de-costume-homme\/","og_locale":"es_ES","og_type":"article","og_title":"Funda de traje para hombre en entrega - gratis Ahorra un 30% en tu pedido","og_description":"Recibe tu Funda de traje para hombre hoy y benef\u00edciate de la entrega - gratuita Env\u00edo en 24\/48h","og_url":"https:\/\/365-housse.com\/es\/productos\/housse-de-costume-homme\/","og_site_name":"Housse de Canap\u00e9","article_modified_time":"2024-09-17T14:59:02+00:00","og_image":[{"width":535,"height":432,"url":"https:\/\/365-housse.com\/wp-content\/uploads\/2023\/06\/housse-de-costume-homme.jpg","type":"image\/jpeg"}],"twitter_card":"summary_large_image","twitter_misc":{"Tiempo de lectura":"1 minuto"},"schema":{"@context":"https:\/\/schema.org","@graph":[{"@type":"WebPage","@id":"https:\/\/365-housse.com\/es\/productos\/housse-de-costume-homme\/","url":"https:\/\/365-housse.com\/es\/productos\/housse-de-costume-homme\/","name":"Funda de traje para hombre en entrega - gratis Ahorra un 30% en tu pedido","isPartOf":{"@id":"https:\/\/365-housse.com\/es\/#website"},"primaryImageOfPage":{"@id":"https:\/\/365-housse.com\/es\/productos\/housse-de-costume-homme\/#primaryimage"},"image":{"@id":"https:\/\/365-housse.com\/es\/productos\/housse-de-costume-homme\/#primaryimage"},"thumbnailUrl":"https:\/\/365-housse.com\/wp-content\/uploads\/2023\/06\/housse-de-costume-homme.jpg","datePublished":"2023-06-12T08:33:18+00:00","dateModified":"2024-09-17T14:59:02+00:00","description":"Recibe tu Funda de traje para hombre hoy y benef\u00edciate de la entrega - gratuita Env\u00edo en 24\/48h","breadcrumb":{"@id":"https:\/\/365-housse.com\/es\/productos\/housse-de-costume-homme\/#breadcrumb"},"inLanguage":"es","potentialAction":[{"@type":"ReadAction","target":["https:\/\/365-housse.com\/es\/productos\/housse-de-costume-homme\/"]}]},{"@type":"ImageObject","inLanguage":"es","@id":"https:\/\/365-housse.com\/es\/productos\/housse-de-costume-homme\/#primaryimage","url":"https:\/\/365-housse.com\/wp-content\/uploads\/2023\/06\/housse-de-costume-homme.jpg","contentUrl":"https:\/\/365-housse.com\/wp-content\/uploads\/2023\/06\/housse-de-costume-homme.jpg","width":535,"height":432},{"@type":"BreadcrumbList","@id":"https:\/\/365-housse.com\/es\/productos\/housse-de-costume-homme\/#breadcrumb","itemListElement":[{"@type":"ListItem","position":1,"name":"Accueil","item":"https:\/\/365-housse.com\/es\/"},{"@type":"ListItem","position":2,"name":"Tienda","item":"https:\/\/365-housse.com\/es\/tienda\/"},{"@type":"ListItem","position":3,"name":"Funda de traje para hombre"}]},{"@type":"WebSite","@id":"https:\/\/365-housse.com\/es\/#website","url":"https:\/\/365-housse.com\/es\/","name":"Housse de Canap\u00e9","description":"Le N\u00b01 de la Housse","publisher":{"@id":"https:\/\/365-housse.com\/es\/#organization"},"potentialAction":[{"@type":"SearchAction","target":{"@type":"EntryPoint","urlTemplate":"https:\/\/365-housse.com\/es\/?s={search_term_string}"},"query-input":{"@type":"PropertyValueSpecification","valueRequired":true,"valueName":"search_term_string"}}],"inLanguage":"es"},{"@type":"Organization","@id":"https:\/\/365-housse.com\/es\/#organization","name":"Housse de Canap\u00e9","url":"https:\/\/365-housse.com\/es\/","logo":{"@type":"ImageObject","inLanguage":"es","@id":"https:\/\/365-housse.com\/es\/#\/schema\/logo\/image\/","url":"https:\/\/365-housse.com\/wp-content\/uploads\/2023\/06\/LOGO-400-\u00d7-200-px-392-x-134-px-16.png","contentUrl":"https:\/\/365-housse.com\/wp-content\/uploads\/2023\/06\/LOGO-400-\u00d7-200-px-392-x-134-px-16.png","width":392,"height":134,"caption":"Housse de Canap\u00e9"},"image":{"@id":"https:\/\/365-housse.com\/es\/#\/schema\/logo\/image\/"}}]}},"_links":{"self":[{"href":"https:\/\/365-housse.com\/es\/wp-json\/wp\/v2\/product\/18805"}],"collection":[{"href":"https:\/\/365-housse.com\/es\/wp-json\/wp\/v2\/product"}],"about":[{"href":"https:\/\/365-housse.com\/es\/wp-json\/wp\/v2\/types\/product"}],"replies":[{"embeddable":true,"href":"https:\/\/365-housse.com\/es\/wp-json\/wp\/v2\/comments?post=18805"}],"wp:featuredmedia":[{"embeddable":true,"href":"https:\/\/365-housse.com\/es\/wp-json\/wp\/v2\/media\/16613"}],"wp:attachment":[{"href":"https:\/\/365-housse.com\/es\/wp-json\/wp\/v2\/media?parent=18805"}],"wp:term":[{"taxonomy":"product_cat","embeddable":true,"href":"https:\/\/365-housse.com\/es\/wp-json\/wp\/v2\/product_cat?post=18805"},{"taxonomy":"product_tag","embeddable":true,"href":"https:\/\/365-housse.com\/es\/wp-json\/wp\/v2\/product_tag?post=18805"}],"curies":[{"name":"wp","href":"https:\/\/api.w.org\/{rel}","templated":true}]}}