{"id":18806,"date":"2023-06-12T08:33:18","date_gmt":"2023-06-12T08:33:18","guid":{"rendered":"https:\/\/365-housse.com\/products\/housse-de-costume\/"},"modified":"2024-09-17T14:59:02","modified_gmt":"2024-09-17T14:59:02","slug":"housse-de-costume","status":"publish","type":"product","link":"https:\/\/365-housse.com\/es\/productos\/housse-de-costume\/","title":{"rendered":"Cubierta de vestuario"},"content":{"rendered":"<h2 data-mce-fragment=\"1\" data-pm-slice=\"1 1 []\">Esta <strong data-mce-fragment=\"1\">Funda disfraz<\/strong> es sobria y pr\u00e1ctica. Est\u00e1 fabricado con materiales de alta calidad, lo que lo convierte en un producto robusto y duradero. Puede usarlo como funda para abrigo y le permite mantener sus pertenencias limpias y secas incluso en climas lluviosos o nevados. Con esta bolsa de almacenamiento podr\u00e1s mantener tu ropa en \u00f3ptimas condiciones.<\/h2>\n<h3 data-pm-slice=\"1 1 []\">Esta <strong>funda para traje<\/strong> ofrece una protecci\u00f3n \u00f3ptima para tu ropa y garantiza una buena longevidad. Ofrecemos varios tama\u00f1os para satisfacer todas sus necesidades.<\/h3>\n<p><strong data-mce-fragment=\"1\">Caracter\u00edsticas:<\/strong><\/p>\n<ul data-mce-fragment=\"1\">\n<li data-mce-fragment=\"1\">\n<p data-mce-fragment=\"1\">Composici\u00f3n:<span data-mce-fragment=\"1\"> <strong data-mce-fragment=\"1\">Algod\u00f3n<\/strong><\/span><\/p>\n<\/li>\n<li data-mce-fragment=\"1\">\n<p data-mce-fragment=\"1\">Bolsa de almacenamiento impermeable y resistente al polvo <\/p>\n<\/li>\n<li data-mce-fragment=\"1\">\n<p data-mce-fragment=\"1\">Detalles<span data-mce-fragment=\"1\"> <\/span> <strong data-mce-fragment=\"1\">cuidado<\/strong><span data-mce-fragment=\"1\"> <\/span>y<span data-mce-fragment=\"1\"> <\/span> <strong data-mce-fragment=\"1\">elegante<\/strong><\/p>\n<\/li>\n<li data-mce-fragment=\"1\"> <strong data-mce-fragment=\"1 \">Colgando gancho<span> <\/span><\/strong>y <strong data-mce-fragment=\"1\">cremallera<\/strong> <\/li>\n<\/ul>\n<ul data-mce-fragment=\"1\">\n<li data-mce-fragment=\"1\">\n<p data-mce-fragment=\"1\">Lavar a mano<\/p>\n<\/li>\n<li data-mce-fragment=\"1\">\n<p>Juego de 3 piezas: 60x80cm | 60x100cm | 60x120cm<\/p>\n<\/li>\n<\/ul>\n<p style=\"text-align: center\"> <img decoding=\"async\" alt=\"suit-cover-dimension\" data-mce-fragment=\"1\" data-mce src=\"https:\/\/365-housse.com \/wp -content\/uploads\/2023\/06\/housse-de-costume-dimension_480x480.jpg?v=1665945087\" \/><\/p>\n<p>Diferencia entre antes y despu\u00e9s de usar <a href=\"https:\/\/365-housse .com\/es\/collections\/funda-para-ropa\/\" rel=\"noopener\" target=\"_blank\" title=\"fundas de ropa\"><strong>fundas de ropa<\/strong><\/a>.<\/p>\n<p><img decoding=\"async\" alt=\"housse-de-vetement\" src=\"https:\/\/365-housse.com\/wp-content\/uploads\/2023\/06\/housse-de-vetement_480x480 .jpg?v=1665339838\" style=\"margin-left: auto;margin-right: auto\" \/><\/p>\n<p data-pm-slice=\"1 1 []\">Las fundas para prendas son una excelente manera de proteger tu ropa del polvo, la suciedad y otros da\u00f1o. Son f\u00e1cilmente plegables cuando no est\u00e1n en uso. Nuestra tienda online ofrece varios modelos y varios colores. Por ejemplo, si est\u00e1s buscando una funda para tu hija, puedes comprar la <strong>Funda Ropa Rosa<\/strong>.<\/p>\n","protected":false},"excerpt":{"rendered":"<p>Esta Funda disfraz es sobria y pr\u00e1ctica. Est\u00e1 fabricado con materiales de alta calidad, lo que lo convierte en un producto robusto y duradero. Puede usarlo como funda para abrigo y le permite mantener sus pertenencias limpias y secas incluso en climas lluviosos o nevados. Con esta bolsa de almacenamiento podr\u00e1s mantener tu ropa en [&hellip;]<\/p>\n","protected":false},"featured_media":16616,"comment_status":"open","ping_status":"closed","template":"","meta":[],"product_cat":[188],"product_tag":[],"class_list":{"0":"post-18806","1":"product","2":"type-product","3":"status-publish","4":"has-post-thumbnail","6":"product_cat-funda-para-ropa","8":"first","9":"instock","10":"shipping-taxable","11":"purchasable","12":"product-type-simple"},"yoast_head":"<title>Cubierta de vestuario en entrega - gratis Ahorra un 30% en tu pedido<\/title>\n<meta name=\"description\" content=\"Recibe tu Cubierta de vestuario hoy y benef\u00edciate de la entrega - gratuita Env\u00edo en 24\/48h\" \/>\n<meta name=\"robots\" content=\"index, follow, max-snippet:-1, max-image-preview:large, max-video-preview:-1\" \/>\n<link rel=\"canonical\" href=\"https:\/\/365-housse.com\/es\/productos\/housse-de-costume\/\" \/>\n<meta property=\"og:locale\" content=\"es_ES\" \/>\n<meta property=\"og:type\" content=\"article\" \/>\n<meta property=\"og:title\" content=\"Cubierta de vestuario en entrega - gratis Ahorra un 30% en tu pedido\" \/>\n<meta property=\"og:description\" content=\"Recibe tu Cubierta de vestuario hoy y benef\u00edciate de la entrega - gratuita Env\u00edo en 24\/48h\" \/>\n<meta property=\"og:url\" content=\"https:\/\/365-housse.com\/es\/productos\/housse-de-costume\/\" \/>\n<meta property=\"og:site_name\" content=\"Housse de Canap\u00e9\" \/>\n<meta property=\"article:modified_time\" content=\"2024-09-17T14:59:02+00:00\" \/>\n<meta property=\"og:image\" content=\"https:\/\/365-housse.com\/wp-content\/uploads\/2023\/06\/housse-de-costumes.jpg\" \/>\n\t<meta property=\"og:image:width\" content=\"381\" \/>\n\t<meta property=\"og:image:height\" content=\"448\" \/>\n\t<meta property=\"og:image:type\" content=\"image\/jpeg\" \/>\n<meta name=\"twitter:card\" content=\"summary_large_image\" \/>\n<meta name=\"twitter:label1\" content=\"Tiempo de lectura\" \/>\n\t<meta name=\"twitter:data1\" content=\"1 minuto\" \/>\n<script type=\"application\/ld+json\" class=\"yoast-schema-graph\">{\"@context\":\"https:\/\/schema.org\",\"@graph\":[{\"@type\":\"WebPage\",\"@id\":\"https:\/\/365-housse.com\/es\/productos\/housse-de-costume\/\",\"url\":\"https:\/\/365-housse.com\/es\/productos\/housse-de-costume\/\",\"name\":\"Cubierta de vestuario en entrega - gratis Ahorra un 30% en tu pedido\",\"isPartOf\":{\"@id\":\"https:\/\/365-housse.com\/es\/#website\"},\"primaryImageOfPage\":{\"@id\":\"https:\/\/365-housse.com\/es\/productos\/housse-de-costume\/#primaryimage\"},\"image\":{\"@id\":\"https:\/\/365-housse.com\/es\/productos\/housse-de-costume\/#primaryimage\"},\"thumbnailUrl\":\"https:\/\/365-housse.com\/wp-content\/uploads\/2023\/06\/housse-de-costumes.jpg\",\"datePublished\":\"2023-06-12T08:33:18+00:00\",\"dateModified\":\"2024-09-17T14:59:02+00:00\",\"description\":\"Recibe tu Cubierta de vestuario hoy y benef\u00edciate de la entrega - gratuita Env\u00edo en 24\/48h\",\"breadcrumb\":{\"@id\":\"https:\/\/365-housse.com\/es\/productos\/housse-de-costume\/#breadcrumb\"},\"inLanguage\":\"es\",\"potentialAction\":[{\"@type\":\"ReadAction\",\"target\":[\"https:\/\/365-housse.com\/es\/productos\/housse-de-costume\/\"]}]},{\"@type\":\"ImageObject\",\"inLanguage\":\"es\",\"@id\":\"https:\/\/365-housse.com\/es\/productos\/housse-de-costume\/#primaryimage\",\"url\":\"https:\/\/365-housse.com\/wp-content\/uploads\/2023\/06\/housse-de-costumes.jpg\",\"contentUrl\":\"https:\/\/365-housse.com\/wp-content\/uploads\/2023\/06\/housse-de-costumes.jpg\",\"width\":381,\"height\":448},{\"@type\":\"BreadcrumbList\",\"@id\":\"https:\/\/365-housse.com\/es\/productos\/housse-de-costume\/#breadcrumb\",\"itemListElement\":[{\"@type\":\"ListItem\",\"position\":1,\"name\":\"Accueil\",\"item\":\"https:\/\/365-housse.com\/es\/\"},{\"@type\":\"ListItem\",\"position\":2,\"name\":\"Tienda\",\"item\":\"https:\/\/365-housse.com\/es\/tienda\/\"},{\"@type\":\"ListItem\",\"position\":3,\"name\":\"Cubierta de vestuario\"}]},{\"@type\":\"WebSite\",\"@id\":\"https:\/\/365-housse.com\/es\/#website\",\"url\":\"https:\/\/365-housse.com\/es\/\",\"name\":\"Housse de Canap\u00e9\",\"description\":\"Le N\u00b01 de la Housse\",\"publisher\":{\"@id\":\"https:\/\/365-housse.com\/es\/#organization\"},\"potentialAction\":[{\"@type\":\"SearchAction\",\"target\":{\"@type\":\"EntryPoint\",\"urlTemplate\":\"https:\/\/365-housse.com\/es\/?s={search_term_string}\"},\"query-input\":{\"@type\":\"PropertyValueSpecification\",\"valueRequired\":true,\"valueName\":\"search_term_string\"}}],\"inLanguage\":\"es\"},{\"@type\":\"Organization\",\"@id\":\"https:\/\/365-housse.com\/es\/#organization\",\"name\":\"Housse de Canap\u00e9\",\"url\":\"https:\/\/365-housse.com\/es\/\",\"logo\":{\"@type\":\"ImageObject\",\"inLanguage\":\"es\",\"@id\":\"https:\/\/365-housse.com\/es\/#\/schema\/logo\/image\/\",\"url\":\"https:\/\/365-housse.com\/wp-content\/uploads\/2023\/06\/LOGO-400-\u00d7-200-px-392-x-134-px-16.png\",\"contentUrl\":\"https:\/\/365-housse.com\/wp-content\/uploads\/2023\/06\/LOGO-400-\u00d7-200-px-392-x-134-px-16.png\",\"width\":392,\"height\":134,\"caption\":\"Housse de Canap\u00e9\"},\"image\":{\"@id\":\"https:\/\/365-housse.com\/es\/#\/schema\/logo\/image\/\"}}]}<\/script>","yoast_head_json":{"title":"Cubierta de vestuario en entrega - gratis Ahorra un 30% en tu pedido","description":"Recibe tu Cubierta de vestuario hoy y benef\u00edciate de la entrega - gratuita Env\u00edo en 24\/48h","robots":{"index":"index","follow":"follow","max-snippet":"max-snippet:-1","max-image-preview":"max-image-preview:large","max-video-preview":"max-video-preview:-1"},"canonical":"https:\/\/365-housse.com\/es\/productos\/housse-de-costume\/","og_locale":"es_ES","og_type":"article","og_title":"Cubierta de vestuario en entrega - gratis Ahorra un 30% en tu pedido","og_description":"Recibe tu Cubierta de vestuario hoy y benef\u00edciate de la entrega - gratuita Env\u00edo en 24\/48h","og_url":"https:\/\/365-housse.com\/es\/productos\/housse-de-costume\/","og_site_name":"Housse de Canap\u00e9","article_modified_time":"2024-09-17T14:59:02+00:00","og_image":[{"width":381,"height":448,"url":"https:\/\/365-housse.com\/wp-content\/uploads\/2023\/06\/housse-de-costumes.jpg","type":"image\/jpeg"}],"twitter_card":"summary_large_image","twitter_misc":{"Tiempo de lectura":"1 minuto"},"schema":{"@context":"https:\/\/schema.org","@graph":[{"@type":"WebPage","@id":"https:\/\/365-housse.com\/es\/productos\/housse-de-costume\/","url":"https:\/\/365-housse.com\/es\/productos\/housse-de-costume\/","name":"Cubierta de vestuario en entrega - gratis Ahorra un 30% en tu pedido","isPartOf":{"@id":"https:\/\/365-housse.com\/es\/#website"},"primaryImageOfPage":{"@id":"https:\/\/365-housse.com\/es\/productos\/housse-de-costume\/#primaryimage"},"image":{"@id":"https:\/\/365-housse.com\/es\/productos\/housse-de-costume\/#primaryimage"},"thumbnailUrl":"https:\/\/365-housse.com\/wp-content\/uploads\/2023\/06\/housse-de-costumes.jpg","datePublished":"2023-06-12T08:33:18+00:00","dateModified":"2024-09-17T14:59:02+00:00","description":"Recibe tu Cubierta de vestuario hoy y benef\u00edciate de la entrega - gratuita Env\u00edo en 24\/48h","breadcrumb":{"@id":"https:\/\/365-housse.com\/es\/productos\/housse-de-costume\/#breadcrumb"},"inLanguage":"es","potentialAction":[{"@type":"ReadAction","target":["https:\/\/365-housse.com\/es\/productos\/housse-de-costume\/"]}]},{"@type":"ImageObject","inLanguage":"es","@id":"https:\/\/365-housse.com\/es\/productos\/housse-de-costume\/#primaryimage","url":"https:\/\/365-housse.com\/wp-content\/uploads\/2023\/06\/housse-de-costumes.jpg","contentUrl":"https:\/\/365-housse.com\/wp-content\/uploads\/2023\/06\/housse-de-costumes.jpg","width":381,"height":448},{"@type":"BreadcrumbList","@id":"https:\/\/365-housse.com\/es\/productos\/housse-de-costume\/#breadcrumb","itemListElement":[{"@type":"ListItem","position":1,"name":"Accueil","item":"https:\/\/365-housse.com\/es\/"},{"@type":"ListItem","position":2,"name":"Tienda","item":"https:\/\/365-housse.com\/es\/tienda\/"},{"@type":"ListItem","position":3,"name":"Cubierta de vestuario"}]},{"@type":"WebSite","@id":"https:\/\/365-housse.com\/es\/#website","url":"https:\/\/365-housse.com\/es\/","name":"Housse de Canap\u00e9","description":"Le N\u00b01 de la Housse","publisher":{"@id":"https:\/\/365-housse.com\/es\/#organization"},"potentialAction":[{"@type":"SearchAction","target":{"@type":"EntryPoint","urlTemplate":"https:\/\/365-housse.com\/es\/?s={search_term_string}"},"query-input":{"@type":"PropertyValueSpecification","valueRequired":true,"valueName":"search_term_string"}}],"inLanguage":"es"},{"@type":"Organization","@id":"https:\/\/365-housse.com\/es\/#organization","name":"Housse de Canap\u00e9","url":"https:\/\/365-housse.com\/es\/","logo":{"@type":"ImageObject","inLanguage":"es","@id":"https:\/\/365-housse.com\/es\/#\/schema\/logo\/image\/","url":"https:\/\/365-housse.com\/wp-content\/uploads\/2023\/06\/LOGO-400-\u00d7-200-px-392-x-134-px-16.png","contentUrl":"https:\/\/365-housse.com\/wp-content\/uploads\/2023\/06\/LOGO-400-\u00d7-200-px-392-x-134-px-16.png","width":392,"height":134,"caption":"Housse de Canap\u00e9"},"image":{"@id":"https:\/\/365-housse.com\/es\/#\/schema\/logo\/image\/"}}]}},"_links":{"self":[{"href":"https:\/\/365-housse.com\/es\/wp-json\/wp\/v2\/product\/18806"}],"collection":[{"href":"https:\/\/365-housse.com\/es\/wp-json\/wp\/v2\/product"}],"about":[{"href":"https:\/\/365-housse.com\/es\/wp-json\/wp\/v2\/types\/product"}],"replies":[{"embeddable":true,"href":"https:\/\/365-housse.com\/es\/wp-json\/wp\/v2\/comments?post=18806"}],"wp:featuredmedia":[{"embeddable":true,"href":"https:\/\/365-housse.com\/es\/wp-json\/wp\/v2\/media\/16616"}],"wp:attachment":[{"href":"https:\/\/365-housse.com\/es\/wp-json\/wp\/v2\/media?parent=18806"}],"wp:term":[{"taxonomy":"product_cat","embeddable":true,"href":"https:\/\/365-housse.com\/es\/wp-json\/wp\/v2\/product_cat?post=18806"},{"taxonomy":"product_tag","embeddable":true,"href":"https:\/\/365-housse.com\/es\/wp-json\/wp\/v2\/product_tag?post=18806"}],"curies":[{"name":"wp","href":"https:\/\/api.w.org\/{rel}","templated":true}]}}