{"id":18817,"date":"2023-06-12T08:33:14","date_gmt":"2023-06-12T08:33:14","guid":{"rendered":"https:\/\/365-housse.com\/products\/housse-de-vetement-avec-motifs\/"},"modified":"2024-09-17T14:59:05","modified_gmt":"2024-09-17T14:59:05","slug":"housse-de-vetement-avec-motifs","status":"publish","type":"product","link":"https:\/\/365-housse.com\/es\/productos\/housse-de-vetement-avec-motifs\/","title":{"rendered":"Funda de ropa estampada"},"content":{"rendered":"<h2 data-mce-fragment=\"1\" data-pm-slice=\"1 1 []\">Esta <strong data-mce-fragment=\"1\">funda estampada para ropa<\/strong> es perfecta para dar un ba\u00f1o limpio Dale un aspecto elegante y ordenado a la ropa que hay en tu armario. \u00a1Es un m\u00e9todo sencillo para proteger tu ropa del polvo u ocultar el desorden! Decorado con dise\u00f1os n\u00f3rdicos en la parte delantera y trasera, se ofrece en 3 piezas de diferentes tama\u00f1os, para adaptarse a perchas de mujer, hombre o ni\u00f1o.<\/h2>\n<h3 data-mce-fragment=\"1\">Esta <strong data-mce-fragment=\"1\">Funda para ropa estampada<\/strong>, elegante y atemporal, es perfecta para organizar tu guardarropa y proteger tu privacidad. Est\u00e1 fabricado con un material suave y duradero que adem\u00e1s protege tu ropa del polvo y la luz solar durante el transporte o almacenamiento.<\/h3>\n<p><strong data-mce-fragment=\"1\">Caracter\u00edsticas: <\/strong><\/p>\n<ul>\n<li>\n<p data-mce-fragment=\"1\">Composici\u00f3n:<span data-mce-fragment=\"1\"> <strong data-mce-fragment=\"1\">Peva de alta calidad<\/strong><\/span> <\/p>\n<\/li>\n<li>\n<p data-mce-fragment=\"1\">Bolsa de almacenamiento impermeable y resistente al polvo<\/p>\n<\/li>\n<li>\n<p data-mce-fragment=\"1\">Acabados<span data-mce-fragment=\"1\"> <\/span><strong data-mce-fragment=\"1\">acabados precisos<\/strong><span> <\/span>y<span data-mce-fragment=\"1\"> <\/span><strong data-mce-fragment=\"1\">sofisticado<\/strong><\/p>\n<\/li>\n<li>\n        <strong data-mce-fragment=\"1\">Gancho para colgar<span> <\/span><\/strong>y <strong data-mce-fragment=\"1\">cremallera<\/strong>\n    <\/li>\n<\/ul>\n<ul>\n<li>\n<p data-mce-fragment=\"1\">Lavable a mano<\/p>\n<\/li>\n<li>\n<p data-mce-fragment=\"1\">Juego de 3 piezas: 60x90cm | 60x110cm | 60x130cm<\/p>\n<\/li>\n<\/ul>\n<p data-pm-slice=\"1 1 []\">Nuestro <a href=\"https:\/\/365-housse.com\/es\/collections\/funda-para-ropa\/\" rel=\"noopener\" target=\" _blank\" title=\"Fundas para ropa\"><strong>Fundas para ropa<\/strong><\/a> suelen tener una cremallera en la parte superior que te permite colocar f\u00e1cilmente tu ropa dentro y cerrarla. <\/p>\n<p>Descubra tambi\u00e9n nuestra <strong>Funda para traje de transporte<\/strong> que le permitir\u00e1 mover f\u00e1cilmente la ropa doblada, proteger la ropa de colores brillantes de la luz solar, mantener las camisas limpias y frescas durante todo el d\u00eda o prolongar la vida \u00fatil de las prendas. protegi\u00e9ndolos del polvo.<\/p>\n","protected":false},"excerpt":{"rendered":"<p>Esta funda estampada para ropa es perfecta para dar un ba\u00f1o limpio Dale un aspecto elegante y ordenado a la ropa que hay en tu armario. \u00a1Es un m\u00e9todo sencillo para proteger tu ropa del polvo u ocultar el desorden! Decorado con dise\u00f1os n\u00f3rdicos en la parte delantera y trasera, se ofrece en 3 piezas [&hellip;]<\/p>\n","protected":false},"featured_media":16602,"comment_status":"open","ping_status":"closed","template":"","meta":[],"product_cat":[188,161],"product_tag":[207],"class_list":{"0":"post-18817","1":"product","2":"type-product","3":"status-publish","4":"has-post-thumbnail","6":"product_cat-funda-para-ropa","7":"product_cat-portada-interior","8":"product_tag-vetement-es","10":"first","11":"instock","12":"shipping-taxable","13":"purchasable","14":"product-type-simple"},"yoast_head":"<title>Funda de ropa estampada en entrega - gratis Ahorra un 30% en tu pedido<\/title>\n<meta name=\"description\" content=\"Recibe tu Funda de ropa estampada hoy y benef\u00edciate de la entrega - gratuita Env\u00edo en 24\/48h\" \/>\n<meta name=\"robots\" content=\"index, follow, max-snippet:-1, max-image-preview:large, max-video-preview:-1\" \/>\n<link rel=\"canonical\" href=\"https:\/\/365-housse.com\/es\/productos\/housse-de-vetement-avec-motifs\/\" \/>\n<meta property=\"og:locale\" content=\"es_ES\" \/>\n<meta property=\"og:type\" content=\"article\" \/>\n<meta property=\"og:title\" content=\"Funda de ropa estampada en entrega - gratis Ahorra un 30% en tu pedido\" \/>\n<meta property=\"og:description\" content=\"Recibe tu Funda de ropa estampada hoy y benef\u00edciate de la entrega - gratuita Env\u00edo en 24\/48h\" \/>\n<meta property=\"og:url\" content=\"https:\/\/365-housse.com\/es\/productos\/housse-de-vetement-avec-motifs\/\" \/>\n<meta property=\"og:site_name\" content=\"Housse de Canap\u00e9\" \/>\n<meta property=\"article:modified_time\" content=\"2024-09-17T14:59:05+00:00\" \/>\n<meta property=\"og:image\" content=\"https:\/\/365-housse.com\/wp-content\/uploads\/2023\/06\/housses-de-vetement-avec-motifs.jpg\" \/>\n\t<meta property=\"og:image:width\" content=\"447\" \/>\n\t<meta property=\"og:image:height\" content=\"450\" \/>\n\t<meta property=\"og:image:type\" content=\"image\/jpeg\" \/>\n<meta name=\"twitter:card\" content=\"summary_large_image\" \/>\n<meta name=\"twitter:label1\" content=\"Tiempo de lectura\" \/>\n\t<meta name=\"twitter:data1\" content=\"1 minuto\" \/>\n<script type=\"application\/ld+json\" class=\"yoast-schema-graph\">{\"@context\":\"https:\/\/schema.org\",\"@graph\":[{\"@type\":\"WebPage\",\"@id\":\"https:\/\/365-housse.com\/es\/productos\/housse-de-vetement-avec-motifs\/\",\"url\":\"https:\/\/365-housse.com\/es\/productos\/housse-de-vetement-avec-motifs\/\",\"name\":\"Funda de ropa estampada en entrega - gratis Ahorra un 30% en tu pedido\",\"isPartOf\":{\"@id\":\"https:\/\/365-housse.com\/es\/#website\"},\"primaryImageOfPage\":{\"@id\":\"https:\/\/365-housse.com\/es\/productos\/housse-de-vetement-avec-motifs\/#primaryimage\"},\"image\":{\"@id\":\"https:\/\/365-housse.com\/es\/productos\/housse-de-vetement-avec-motifs\/#primaryimage\"},\"thumbnailUrl\":\"https:\/\/365-housse.com\/wp-content\/uploads\/2023\/06\/housses-de-vetement-avec-motifs.jpg\",\"datePublished\":\"2023-06-12T08:33:14+00:00\",\"dateModified\":\"2024-09-17T14:59:05+00:00\",\"description\":\"Recibe tu Funda de ropa estampada hoy y benef\u00edciate de la entrega - gratuita Env\u00edo en 24\/48h\",\"breadcrumb\":{\"@id\":\"https:\/\/365-housse.com\/es\/productos\/housse-de-vetement-avec-motifs\/#breadcrumb\"},\"inLanguage\":\"es\",\"potentialAction\":[{\"@type\":\"ReadAction\",\"target\":[\"https:\/\/365-housse.com\/es\/productos\/housse-de-vetement-avec-motifs\/\"]}]},{\"@type\":\"ImageObject\",\"inLanguage\":\"es\",\"@id\":\"https:\/\/365-housse.com\/es\/productos\/housse-de-vetement-avec-motifs\/#primaryimage\",\"url\":\"https:\/\/365-housse.com\/wp-content\/uploads\/2023\/06\/housses-de-vetement-avec-motifs.jpg\",\"contentUrl\":\"https:\/\/365-housse.com\/wp-content\/uploads\/2023\/06\/housses-de-vetement-avec-motifs.jpg\",\"width\":447,\"height\":450},{\"@type\":\"BreadcrumbList\",\"@id\":\"https:\/\/365-housse.com\/es\/productos\/housse-de-vetement-avec-motifs\/#breadcrumb\",\"itemListElement\":[{\"@type\":\"ListItem\",\"position\":1,\"name\":\"Accueil\",\"item\":\"https:\/\/365-housse.com\/es\/\"},{\"@type\":\"ListItem\",\"position\":2,\"name\":\"Tienda\",\"item\":\"https:\/\/365-housse.com\/es\/tienda\/\"},{\"@type\":\"ListItem\",\"position\":3,\"name\":\"Funda de ropa estampada\"}]},{\"@type\":\"WebSite\",\"@id\":\"https:\/\/365-housse.com\/es\/#website\",\"url\":\"https:\/\/365-housse.com\/es\/\",\"name\":\"Housse de Canap\u00e9\",\"description\":\"Le N\u00b01 de la Housse\",\"publisher\":{\"@id\":\"https:\/\/365-housse.com\/es\/#organization\"},\"potentialAction\":[{\"@type\":\"SearchAction\",\"target\":{\"@type\":\"EntryPoint\",\"urlTemplate\":\"https:\/\/365-housse.com\/es\/?s={search_term_string}\"},\"query-input\":{\"@type\":\"PropertyValueSpecification\",\"valueRequired\":true,\"valueName\":\"search_term_string\"}}],\"inLanguage\":\"es\"},{\"@type\":\"Organization\",\"@id\":\"https:\/\/365-housse.com\/es\/#organization\",\"name\":\"Housse de Canap\u00e9\",\"url\":\"https:\/\/365-housse.com\/es\/\",\"logo\":{\"@type\":\"ImageObject\",\"inLanguage\":\"es\",\"@id\":\"https:\/\/365-housse.com\/es\/#\/schema\/logo\/image\/\",\"url\":\"https:\/\/365-housse.com\/wp-content\/uploads\/2023\/06\/LOGO-400-\u00d7-200-px-392-x-134-px-16.png\",\"contentUrl\":\"https:\/\/365-housse.com\/wp-content\/uploads\/2023\/06\/LOGO-400-\u00d7-200-px-392-x-134-px-16.png\",\"width\":392,\"height\":134,\"caption\":\"Housse de Canap\u00e9\"},\"image\":{\"@id\":\"https:\/\/365-housse.com\/es\/#\/schema\/logo\/image\/\"}}]}<\/script>","yoast_head_json":{"title":"Funda de ropa estampada en entrega - gratis Ahorra un 30% en tu pedido","description":"Recibe tu Funda de ropa estampada hoy y benef\u00edciate de la entrega - gratuita Env\u00edo en 24\/48h","robots":{"index":"index","follow":"follow","max-snippet":"max-snippet:-1","max-image-preview":"max-image-preview:large","max-video-preview":"max-video-preview:-1"},"canonical":"https:\/\/365-housse.com\/es\/productos\/housse-de-vetement-avec-motifs\/","og_locale":"es_ES","og_type":"article","og_title":"Funda de ropa estampada en entrega - gratis Ahorra un 30% en tu pedido","og_description":"Recibe tu Funda de ropa estampada hoy y benef\u00edciate de la entrega - gratuita Env\u00edo en 24\/48h","og_url":"https:\/\/365-housse.com\/es\/productos\/housse-de-vetement-avec-motifs\/","og_site_name":"Housse de Canap\u00e9","article_modified_time":"2024-09-17T14:59:05+00:00","og_image":[{"width":447,"height":450,"url":"https:\/\/365-housse.com\/wp-content\/uploads\/2023\/06\/housses-de-vetement-avec-motifs.jpg","type":"image\/jpeg"}],"twitter_card":"summary_large_image","twitter_misc":{"Tiempo de lectura":"1 minuto"},"schema":{"@context":"https:\/\/schema.org","@graph":[{"@type":"WebPage","@id":"https:\/\/365-housse.com\/es\/productos\/housse-de-vetement-avec-motifs\/","url":"https:\/\/365-housse.com\/es\/productos\/housse-de-vetement-avec-motifs\/","name":"Funda de ropa estampada en entrega - gratis Ahorra un 30% en tu pedido","isPartOf":{"@id":"https:\/\/365-housse.com\/es\/#website"},"primaryImageOfPage":{"@id":"https:\/\/365-housse.com\/es\/productos\/housse-de-vetement-avec-motifs\/#primaryimage"},"image":{"@id":"https:\/\/365-housse.com\/es\/productos\/housse-de-vetement-avec-motifs\/#primaryimage"},"thumbnailUrl":"https:\/\/365-housse.com\/wp-content\/uploads\/2023\/06\/housses-de-vetement-avec-motifs.jpg","datePublished":"2023-06-12T08:33:14+00:00","dateModified":"2024-09-17T14:59:05+00:00","description":"Recibe tu Funda de ropa estampada hoy y benef\u00edciate de la entrega - gratuita Env\u00edo en 24\/48h","breadcrumb":{"@id":"https:\/\/365-housse.com\/es\/productos\/housse-de-vetement-avec-motifs\/#breadcrumb"},"inLanguage":"es","potentialAction":[{"@type":"ReadAction","target":["https:\/\/365-housse.com\/es\/productos\/housse-de-vetement-avec-motifs\/"]}]},{"@type":"ImageObject","inLanguage":"es","@id":"https:\/\/365-housse.com\/es\/productos\/housse-de-vetement-avec-motifs\/#primaryimage","url":"https:\/\/365-housse.com\/wp-content\/uploads\/2023\/06\/housses-de-vetement-avec-motifs.jpg","contentUrl":"https:\/\/365-housse.com\/wp-content\/uploads\/2023\/06\/housses-de-vetement-avec-motifs.jpg","width":447,"height":450},{"@type":"BreadcrumbList","@id":"https:\/\/365-housse.com\/es\/productos\/housse-de-vetement-avec-motifs\/#breadcrumb","itemListElement":[{"@type":"ListItem","position":1,"name":"Accueil","item":"https:\/\/365-housse.com\/es\/"},{"@type":"ListItem","position":2,"name":"Tienda","item":"https:\/\/365-housse.com\/es\/tienda\/"},{"@type":"ListItem","position":3,"name":"Funda de ropa estampada"}]},{"@type":"WebSite","@id":"https:\/\/365-housse.com\/es\/#website","url":"https:\/\/365-housse.com\/es\/","name":"Housse de Canap\u00e9","description":"Le N\u00b01 de la Housse","publisher":{"@id":"https:\/\/365-housse.com\/es\/#organization"},"potentialAction":[{"@type":"SearchAction","target":{"@type":"EntryPoint","urlTemplate":"https:\/\/365-housse.com\/es\/?s={search_term_string}"},"query-input":{"@type":"PropertyValueSpecification","valueRequired":true,"valueName":"search_term_string"}}],"inLanguage":"es"},{"@type":"Organization","@id":"https:\/\/365-housse.com\/es\/#organization","name":"Housse de Canap\u00e9","url":"https:\/\/365-housse.com\/es\/","logo":{"@type":"ImageObject","inLanguage":"es","@id":"https:\/\/365-housse.com\/es\/#\/schema\/logo\/image\/","url":"https:\/\/365-housse.com\/wp-content\/uploads\/2023\/06\/LOGO-400-\u00d7-200-px-392-x-134-px-16.png","contentUrl":"https:\/\/365-housse.com\/wp-content\/uploads\/2023\/06\/LOGO-400-\u00d7-200-px-392-x-134-px-16.png","width":392,"height":134,"caption":"Housse de Canap\u00e9"},"image":{"@id":"https:\/\/365-housse.com\/es\/#\/schema\/logo\/image\/"}}]}},"_links":{"self":[{"href":"https:\/\/365-housse.com\/es\/wp-json\/wp\/v2\/product\/18817"}],"collection":[{"href":"https:\/\/365-housse.com\/es\/wp-json\/wp\/v2\/product"}],"about":[{"href":"https:\/\/365-housse.com\/es\/wp-json\/wp\/v2\/types\/product"}],"replies":[{"embeddable":true,"href":"https:\/\/365-housse.com\/es\/wp-json\/wp\/v2\/comments?post=18817"}],"wp:featuredmedia":[{"embeddable":true,"href":"https:\/\/365-housse.com\/es\/wp-json\/wp\/v2\/media\/16602"}],"wp:attachment":[{"href":"https:\/\/365-housse.com\/es\/wp-json\/wp\/v2\/media?parent=18817"}],"wp:term":[{"taxonomy":"product_cat","embeddable":true,"href":"https:\/\/365-housse.com\/es\/wp-json\/wp\/v2\/product_cat?post=18817"},{"taxonomy":"product_tag","embeddable":true,"href":"https:\/\/365-housse.com\/es\/wp-json\/wp\/v2\/product_tag?post=18817"}],"curies":[{"name":"wp","href":"https:\/\/api.w.org\/{rel}","templated":true}]}}