{"id":18818,"date":"2023-06-12T08:33:13","date_gmt":"2023-06-12T08:33:13","guid":{"rendered":"https:\/\/365-housse.com\/products\/housse-pour-pull\/"},"modified":"2024-09-17T14:59:12","modified_gmt":"2024-09-17T14:59:12","slug":"housse-pour-pull","status":"publish","type":"product","link":"https:\/\/365-housse.com\/es\/productos\/housse-pour-pull\/","title":{"rendered":"Cubierta de su\u00e9ter"},"content":{"rendered":"<h2 data-mce-fragment=\"1\" data-pm-slice=\"1 1 []\">Nuestra <strong data-mce-fragment=\"1\">funda para su\u00e9ter<\/strong> es la soluci\u00f3n ideal para guardar tus Ropa de abrigo en perfecto estado. Con su tejido texturizado y su aspecto moderno, mantendr\u00e1 tus jers\u00e9is y prendas de punto en buen estado. Tiene un lado transparente para que puedas ver lo que hay dentro sin abrirlo y es m\u00e1s grueso para contener varios su\u00e9teres a la vez.<\/h2>\n<h3 data-mce-fragment=\"1\">Mant\u00e9n tus su\u00e9teres y prendas de punto limpios y frescos gracias a nuestra <strong data-mce-fragment=\"1\">funda para su\u00e9ter<\/strong> transpirable. Nuestra funda tipo su\u00e9ter ajustada es suave y transpirable y cuenta con costuras reforzadas para mayor resistencia.<\/h3>\n<p><strong data-mce-fragment=\"1\">Caracter\u00edsticas:<\/strong><\/p>\n<ul>\n<li data-mce-fragment=\"1\">\n<p data-mce-fragment=\"1\">Composici\u00f3n: <strong>Tela no tejida y Peva<\/strong><\/p>\n<\/li>\n<li data-mce-fragment=\"1\">\n<p data-mce-fragment=\"1\">Bolsa de almacenamiento impermeable, resistente al agua y al polvo<\/p>\n<\/li>\n<li data-mce->\n<p data-mce-fragment=\"1\"><strong>acabados precisos<\/strong> y <strong>elegantes<\/strong><\/p>\n<\/li>\n<li data-mce-><strong data-mce-fragment=\"1\">Cremallera<\/strong><\/li>\n<\/ul>\n<ul data-mce-fragment=\"1 \">\n<li data-mce-fragment=\"1\">\n<p data-mce-fragment=\"1\">Lavable a mano<\/p>\n<\/li>\n<li data-mce-fragment=\"1\">\n<p data-mce-fragment=\"1\">Tama\u00f1os disponibles: 60x100cm | 60x125cm | 60x150cm<\/p>\n<\/li>\n<li data-mce-fragment=\"1\">Colores disponibles: Blanco, negro, rosa y azul<\/li>\n<\/ul>\n<p style=\"text-align: center\"> <img decoding=\"async\" alt=\"\" data-mce-fragment=\"1\" data-mce-src=\"https:\/\/365-housse.com\/wp-content\/uploads\/2023\/06\/housse-pour-pull-dimension_480x480 .png?v=1667308307\" src=\"https:\/\/365-housse.com\/wp-content\/uploads\/2023\/06\/housse-pour-pull-dimension_480x480.jpg?v=1667308307\" \/><\/p>\n<p>La diferencia entre antes y despu\u00e9s de usar fundas para prendas.<\/p>\n<p style=\"text-align: center\"><img decoding=\"async\" alt=\"\" src=\"https:\/\/365-housse.com\/ wp- content\/uploads\/2023\/06\/housse-pour-pull-comparaison_480x480.png?v=1667308360\" \/><\/p>\n<p data-pm-slice=\"1 1 []\">Tener el <a href=\"https:\/\/365-housse.com\/es\/collections\/funda-para-ropa\/\" rel=\"noopener\" target=\"_blank\" title=\"Fundas para Ropa\"><strong>Fundas para Ropa<\/strong><\/a> para proteger tus abrigos, jerseys, trajes, etc. contra arrugas para el transporte y almacenamiento. Al igual que esta <strong>Funda para Ropa Infantil<\/strong>, algunos modelos de nuestra colecci\u00f3n est\u00e1n decorados con bonitos estampados que adornar\u00e1n tu armario o armario.<\/p>\n","protected":false},"excerpt":{"rendered":"<p>Nuestra funda para su\u00e9ter es la soluci\u00f3n ideal para guardar tus Ropa de abrigo en perfecto estado. Con su tejido texturizado y su aspecto moderno, mantendr\u00e1 tus jers\u00e9is y prendas de punto en buen estado. Tiene un lado transparente para que puedas ver lo que hay dentro sin abrirlo y es m\u00e1s grueso para contener [&hellip;]<\/p>\n","protected":false},"featured_media":16595,"comment_status":"open","ping_status":"closed","template":"","meta":[],"product_cat":[188,161],"product_tag":[207],"class_list":{"0":"post-18818","1":"product","2":"type-product","3":"status-publish","4":"has-post-thumbnail","6":"product_cat-funda-para-ropa","7":"product_cat-portada-interior","8":"product_tag-vetement-es","10":"first","11":"instock","12":"shipping-taxable","13":"product-type-variable"},"yoast_head":"<title>Cubierta de su\u00e9ter en entrega - gratis Ahorra un 30% en tu pedido<\/title>\n<meta name=\"description\" content=\"Recibe tu Cubierta de su\u00e9ter hoy y benef\u00edciate de la entrega - gratuita Env\u00edo en 24\/48h\" \/>\n<meta name=\"robots\" content=\"index, follow, max-snippet:-1, max-image-preview:large, max-video-preview:-1\" \/>\n<link rel=\"canonical\" href=\"https:\/\/365-housse.com\/es\/productos\/housse-pour-pull\/\" \/>\n<meta property=\"og:locale\" content=\"es_ES\" \/>\n<meta property=\"og:type\" content=\"article\" \/>\n<meta property=\"og:title\" content=\"Cubierta de su\u00e9ter en entrega - gratis Ahorra un 30% en tu pedido\" \/>\n<meta property=\"og:description\" content=\"Recibe tu Cubierta de su\u00e9ter hoy y benef\u00edciate de la entrega - gratuita Env\u00edo en 24\/48h\" \/>\n<meta property=\"og:url\" content=\"https:\/\/365-housse.com\/es\/productos\/housse-pour-pull\/\" \/>\n<meta property=\"og:site_name\" content=\"Housse de Canap\u00e9\" \/>\n<meta property=\"article:modified_time\" content=\"2024-09-17T14:59:12+00:00\" \/>\n<meta property=\"og:image\" content=\"https:\/\/365-housse.com\/wp-content\/uploads\/2023\/06\/housse-pour-pull-blanc.png\" \/>\n\t<meta property=\"og:image:width\" content=\"519\" \/>\n\t<meta property=\"og:image:height\" content=\"433\" \/>\n\t<meta property=\"og:image:type\" content=\"image\/png\" \/>\n<meta name=\"twitter:card\" content=\"summary_large_image\" \/>\n<meta name=\"twitter:label1\" content=\"Tiempo de lectura\" \/>\n\t<meta name=\"twitter:data1\" content=\"1 minuto\" \/>\n<script type=\"application\/ld+json\" class=\"yoast-schema-graph\">{\"@context\":\"https:\/\/schema.org\",\"@graph\":[{\"@type\":\"WebPage\",\"@id\":\"https:\/\/365-housse.com\/es\/productos\/housse-pour-pull\/\",\"url\":\"https:\/\/365-housse.com\/es\/productos\/housse-pour-pull\/\",\"name\":\"Cubierta de su\u00e9ter en entrega - gratis Ahorra un 30% en tu pedido\",\"isPartOf\":{\"@id\":\"https:\/\/365-housse.com\/es\/#website\"},\"primaryImageOfPage\":{\"@id\":\"https:\/\/365-housse.com\/es\/productos\/housse-pour-pull\/#primaryimage\"},\"image\":{\"@id\":\"https:\/\/365-housse.com\/es\/productos\/housse-pour-pull\/#primaryimage\"},\"thumbnailUrl\":\"https:\/\/365-housse.com\/wp-content\/uploads\/2023\/06\/housse-pour-pull-blanc.jpg\",\"datePublished\":\"2023-06-12T08:33:13+00:00\",\"dateModified\":\"2024-09-17T14:59:12+00:00\",\"description\":\"Recibe tu Cubierta de su\u00e9ter hoy y benef\u00edciate de la entrega - gratuita Env\u00edo en 24\/48h\",\"breadcrumb\":{\"@id\":\"https:\/\/365-housse.com\/es\/productos\/housse-pour-pull\/#breadcrumb\"},\"inLanguage\":\"es\",\"potentialAction\":[{\"@type\":\"ReadAction\",\"target\":[\"https:\/\/365-housse.com\/es\/productos\/housse-pour-pull\/\"]}]},{\"@type\":\"ImageObject\",\"inLanguage\":\"es\",\"@id\":\"https:\/\/365-housse.com\/es\/productos\/housse-pour-pull\/#primaryimage\",\"url\":\"https:\/\/365-housse.com\/wp-content\/uploads\/2023\/06\/housse-pour-pull-blanc.jpg\",\"contentUrl\":\"https:\/\/365-housse.com\/wp-content\/uploads\/2023\/06\/housse-pour-pull-blanc.jpg\",\"width\":519,\"height\":433},{\"@type\":\"BreadcrumbList\",\"@id\":\"https:\/\/365-housse.com\/es\/productos\/housse-pour-pull\/#breadcrumb\",\"itemListElement\":[{\"@type\":\"ListItem\",\"position\":1,\"name\":\"Accueil\",\"item\":\"https:\/\/365-housse.com\/es\/\"},{\"@type\":\"ListItem\",\"position\":2,\"name\":\"Tienda\",\"item\":\"https:\/\/365-housse.com\/es\/tienda\/\"},{\"@type\":\"ListItem\",\"position\":3,\"name\":\"Cubierta de su\u00e9ter\"}]},{\"@type\":\"WebSite\",\"@id\":\"https:\/\/365-housse.com\/es\/#website\",\"url\":\"https:\/\/365-housse.com\/es\/\",\"name\":\"Housse de Canap\u00e9\",\"description\":\"Le N\u00b01 de la Housse\",\"publisher\":{\"@id\":\"https:\/\/365-housse.com\/es\/#organization\"},\"potentialAction\":[{\"@type\":\"SearchAction\",\"target\":{\"@type\":\"EntryPoint\",\"urlTemplate\":\"https:\/\/365-housse.com\/es\/?s={search_term_string}\"},\"query-input\":{\"@type\":\"PropertyValueSpecification\",\"valueRequired\":true,\"valueName\":\"search_term_string\"}}],\"inLanguage\":\"es\"},{\"@type\":\"Organization\",\"@id\":\"https:\/\/365-housse.com\/es\/#organization\",\"name\":\"Housse de Canap\u00e9\",\"url\":\"https:\/\/365-housse.com\/es\/\",\"logo\":{\"@type\":\"ImageObject\",\"inLanguage\":\"es\",\"@id\":\"https:\/\/365-housse.com\/es\/#\/schema\/logo\/image\/\",\"url\":\"https:\/\/365-housse.com\/wp-content\/uploads\/2023\/06\/LOGO-400-\u00d7-200-px-392-x-134-px-16.png\",\"contentUrl\":\"https:\/\/365-housse.com\/wp-content\/uploads\/2023\/06\/LOGO-400-\u00d7-200-px-392-x-134-px-16.png\",\"width\":392,\"height\":134,\"caption\":\"Housse de Canap\u00e9\"},\"image\":{\"@id\":\"https:\/\/365-housse.com\/es\/#\/schema\/logo\/image\/\"}}]}<\/script>","yoast_head_json":{"title":"Cubierta de su\u00e9ter en entrega - gratis Ahorra un 30% en tu pedido","description":"Recibe tu Cubierta de su\u00e9ter hoy y benef\u00edciate de la entrega - gratuita Env\u00edo en 24\/48h","robots":{"index":"index","follow":"follow","max-snippet":"max-snippet:-1","max-image-preview":"max-image-preview:large","max-video-preview":"max-video-preview:-1"},"canonical":"https:\/\/365-housse.com\/es\/productos\/housse-pour-pull\/","og_locale":"es_ES","og_type":"article","og_title":"Cubierta de su\u00e9ter en entrega - gratis Ahorra un 30% en tu pedido","og_description":"Recibe tu Cubierta de su\u00e9ter hoy y benef\u00edciate de la entrega - gratuita Env\u00edo en 24\/48h","og_url":"https:\/\/365-housse.com\/es\/productos\/housse-pour-pull\/","og_site_name":"Housse de Canap\u00e9","article_modified_time":"2024-09-17T14:59:12+00:00","og_image":[{"width":519,"height":433,"url":"https:\/\/365-housse.com\/wp-content\/uploads\/2023\/06\/housse-pour-pull-blanc.png","type":"image\/png"}],"twitter_card":"summary_large_image","twitter_misc":{"Tiempo de lectura":"1 minuto"},"schema":{"@context":"https:\/\/schema.org","@graph":[{"@type":"WebPage","@id":"https:\/\/365-housse.com\/es\/productos\/housse-pour-pull\/","url":"https:\/\/365-housse.com\/es\/productos\/housse-pour-pull\/","name":"Cubierta de su\u00e9ter en entrega - gratis Ahorra un 30% en tu pedido","isPartOf":{"@id":"https:\/\/365-housse.com\/es\/#website"},"primaryImageOfPage":{"@id":"https:\/\/365-housse.com\/es\/productos\/housse-pour-pull\/#primaryimage"},"image":{"@id":"https:\/\/365-housse.com\/es\/productos\/housse-pour-pull\/#primaryimage"},"thumbnailUrl":"https:\/\/365-housse.com\/wp-content\/uploads\/2023\/06\/housse-pour-pull-blanc.jpg","datePublished":"2023-06-12T08:33:13+00:00","dateModified":"2024-09-17T14:59:12+00:00","description":"Recibe tu Cubierta de su\u00e9ter hoy y benef\u00edciate de la entrega - gratuita Env\u00edo en 24\/48h","breadcrumb":{"@id":"https:\/\/365-housse.com\/es\/productos\/housse-pour-pull\/#breadcrumb"},"inLanguage":"es","potentialAction":[{"@type":"ReadAction","target":["https:\/\/365-housse.com\/es\/productos\/housse-pour-pull\/"]}]},{"@type":"ImageObject","inLanguage":"es","@id":"https:\/\/365-housse.com\/es\/productos\/housse-pour-pull\/#primaryimage","url":"https:\/\/365-housse.com\/wp-content\/uploads\/2023\/06\/housse-pour-pull-blanc.jpg","contentUrl":"https:\/\/365-housse.com\/wp-content\/uploads\/2023\/06\/housse-pour-pull-blanc.jpg","width":519,"height":433},{"@type":"BreadcrumbList","@id":"https:\/\/365-housse.com\/es\/productos\/housse-pour-pull\/#breadcrumb","itemListElement":[{"@type":"ListItem","position":1,"name":"Accueil","item":"https:\/\/365-housse.com\/es\/"},{"@type":"ListItem","position":2,"name":"Tienda","item":"https:\/\/365-housse.com\/es\/tienda\/"},{"@type":"ListItem","position":3,"name":"Cubierta de su\u00e9ter"}]},{"@type":"WebSite","@id":"https:\/\/365-housse.com\/es\/#website","url":"https:\/\/365-housse.com\/es\/","name":"Housse de Canap\u00e9","description":"Le N\u00b01 de la Housse","publisher":{"@id":"https:\/\/365-housse.com\/es\/#organization"},"potentialAction":[{"@type":"SearchAction","target":{"@type":"EntryPoint","urlTemplate":"https:\/\/365-housse.com\/es\/?s={search_term_string}"},"query-input":{"@type":"PropertyValueSpecification","valueRequired":true,"valueName":"search_term_string"}}],"inLanguage":"es"},{"@type":"Organization","@id":"https:\/\/365-housse.com\/es\/#organization","name":"Housse de Canap\u00e9","url":"https:\/\/365-housse.com\/es\/","logo":{"@type":"ImageObject","inLanguage":"es","@id":"https:\/\/365-housse.com\/es\/#\/schema\/logo\/image\/","url":"https:\/\/365-housse.com\/wp-content\/uploads\/2023\/06\/LOGO-400-\u00d7-200-px-392-x-134-px-16.png","contentUrl":"https:\/\/365-housse.com\/wp-content\/uploads\/2023\/06\/LOGO-400-\u00d7-200-px-392-x-134-px-16.png","width":392,"height":134,"caption":"Housse de Canap\u00e9"},"image":{"@id":"https:\/\/365-housse.com\/es\/#\/schema\/logo\/image\/"}}]}},"_links":{"self":[{"href":"https:\/\/365-housse.com\/es\/wp-json\/wp\/v2\/product\/18818"}],"collection":[{"href":"https:\/\/365-housse.com\/es\/wp-json\/wp\/v2\/product"}],"about":[{"href":"https:\/\/365-housse.com\/es\/wp-json\/wp\/v2\/types\/product"}],"replies":[{"embeddable":true,"href":"https:\/\/365-housse.com\/es\/wp-json\/wp\/v2\/comments?post=18818"}],"wp:featuredmedia":[{"embeddable":true,"href":"https:\/\/365-housse.com\/es\/wp-json\/wp\/v2\/media\/16595"}],"wp:attachment":[{"href":"https:\/\/365-housse.com\/es\/wp-json\/wp\/v2\/media?parent=18818"}],"wp:term":[{"taxonomy":"product_cat","embeddable":true,"href":"https:\/\/365-housse.com\/es\/wp-json\/wp\/v2\/product_cat?post=18818"},{"taxonomy":"product_tag","embeddable":true,"href":"https:\/\/365-housse.com\/es\/wp-json\/wp\/v2\/product_tag?post=18818"}],"curies":[{"name":"wp","href":"https:\/\/api.w.org\/{rel}","templated":true}]}}