{"id":18851,"date":"2023-06-12T08:33:07","date_gmt":"2023-06-12T08:33:07","guid":{"rendered":"https:\/\/365-housse.com\/products\/housse-de-vetement-suspendre\/"},"modified":"2024-09-17T14:59:17","modified_gmt":"2024-09-17T14:59:17","slug":"housse-de-vetement-suspendre","status":"publish","type":"product","link":"https:\/\/365-housse.com\/es\/productos\/housse-de-vetement-suspendre\/","title":{"rendered":"Cubierta de ropa colgante"},"content":{"rendered":"<p data-mce-fragment=\"1\" data-pm-slice=\"1 1 []\">Esta <strong data-mce-fragment=\"1\">funda para ropa colgante<\/strong> est\u00e1 dise\u00f1ada para proteger sus trajes. y vestidos en el armario o armario. Tiene una gran capacidad que puede acomodar m\u00e1s de tres prendas, una cremallera para insertar f\u00e1cilmente la ropa y un gran orificio para colgarla f\u00e1cilmente.<\/p>\n<h3 data-mce-fragment=\"1\">Opte por nuestro <strong data-mce-fragment=\"1\">Funda para colgar prendas<\/strong>y proteja su ropa del polvo, las mascotas y la suciedad. F\u00e1cil de instalar y quitar.\u00a0La construcci\u00f3n duradera de Peva protege contra la humedad y el moho, manteniendo tu ropa con el mejor aspecto por m\u00e1s tiempo.<\/h3>\n<p><strong data-mce-fragment=\"1\">Caracter\u00edsticas:<\/ strong><\/p>\n<ul>\n<li data-mce-fragment=\"1\">\n<p data-mce-fragment=\"1\">Composici\u00f3n:<span data-mce-fragment=\"1\"> Peva de alta calidad<\/strong><\/span><\/p>\n<\/li>\n<li data-mce-fragment=\"1\">\n<p data-mce-fragment=\"1 \">Bolsa de almacenamiento impermeable y resistente al polvo<\/p>\n<\/li>\n<li data-mce-fragment=\"1\">\n<p data-mce>Acabados<span data-mce-><\/span><strong data-mce-fragment=\"1\">acabados precisos<\/strong><span data-mce-fragment=\" 1\"> <\/span>y<span data-mce> <\/span><strong data-mce-fragment=\"1\">sofisticado<\/strong><\/p>\n<\/li>\n<li data-mce-fragment=\"1\"> <strong data-mce-fragment=\"1\">Cremallera<\/strong> <\/li>\n<\/ul>\n<ul data-mce-fragment=\"1\">\n<li data-mce-fragment=\"1\">\n<p>Lavable a mano<\/p>\n<\/li>\n<li data-mce-fragment=\"1\">\n<p data-mce-fragment=\"1\">Tama\u00f1os disponibles: 55x90cm | 55x110cm<\/p>\n<\/li>\n<\/ul>\n<p data-mce-style=\"text-align: center;\"> <img decoding=\"async\" alt=\"\" data-mce-fragment=\"1\" data-mce-src=\"https:\/\/365-housse.com\/wp-content\/uploads\/2023\/ 06\/housse-de-vetement-a-suspendre-taille_480x480.png?v=1667329708\" src=\"https:\/\/365-housse.com\/wp-content\/uploads\/2023\/06\/housse-de-vetement-a -hang-size_480x480.png?v=1667329708\" \/><\/p>\n<p>Gu\u00eda de instalaci\u00f3n<\/p>\n<p style=\"text-align: center\"><img decoding=\"async\" alt=\"\" src=\"https:\/ \/365-housse.com\/wp-content\/uploads\/2023\/06\/housse-de-vetements-a-suspendre_480x480.png?v=1667329762\" \/><\/p>\n<p data-pm-slice=\" 1 1 []\">A <a href=\"https:\/\/365-housse.com\/es\/collections\/funda-para-ropa\/\" rel=\"noopener noreferrer\" target=\"_blank\" title=\"Funda Ropa \"><strong>Garment Cover<\/strong><\/a> est\u00e1 dise\u00f1ado para proteger su ropa durante el almacenamiento o transporte. En nuestra rica colecci\u00f3n destinada a este fin, encontrar\u00e1s varios dise\u00f1os y modelos que pueden adaptarse a los gustos y estilos de cada uno. Incluso tenemos <strong>fundas para camisetas<\/strong> en varios tama\u00f1os. \u00a1Echa un vistazo a nuestro sitio y haz tu elecci\u00f3n!<\/p>\n","protected":false},"excerpt":{"rendered":"<p>Esta funda para ropa colgante est\u00e1 dise\u00f1ada para proteger sus trajes. y vestidos en el armario o armario. Tiene una gran capacidad que puede acomodar m\u00e1s de tres prendas, una cremallera para insertar f\u00e1cilmente la ropa y un gran orificio para colgarla f\u00e1cilmente. Opte por nuestro Funda para colgar prendasy proteja su ropa del polvo, [&hellip;]<\/p>\n","protected":false},"featured_media":16578,"comment_status":"open","ping_status":"closed","template":"","meta":[],"product_cat":[188,161],"product_tag":[207],"class_list":{"0":"post-18851","1":"product","2":"type-product","3":"status-publish","4":"has-post-thumbnail","6":"product_cat-funda-para-ropa","7":"product_cat-portada-interior","8":"product_tag-vetement-es","10":"first","11":"instock","12":"shipping-taxable","13":"purchasable","14":"product-type-variable"},"yoast_head":"<title>Cubierta de ropa colgante en entrega - gratis Ahorra un 30% en tu pedido<\/title>\n<meta name=\"description\" content=\"Recibe tu Cubierta de ropa colgante hoy y benef\u00edciate de la entrega - gratuita Env\u00edo en 24\/48h\" \/>\n<meta name=\"robots\" content=\"index, follow, max-snippet:-1, max-image-preview:large, max-video-preview:-1\" \/>\n<link rel=\"canonical\" href=\"https:\/\/365-housse.com\/es\/productos\/housse-de-vetement-suspendre\/\" \/>\n<meta property=\"og:locale\" content=\"es_ES\" \/>\n<meta property=\"og:type\" content=\"article\" \/>\n<meta property=\"og:title\" content=\"Cubierta de ropa colgante en entrega - gratis Ahorra un 30% en tu pedido\" \/>\n<meta property=\"og:description\" content=\"Recibe tu Cubierta de ropa colgante hoy y benef\u00edciate de la entrega - gratuita Env\u00edo en 24\/48h\" \/>\n<meta property=\"og:url\" content=\"https:\/\/365-housse.com\/es\/productos\/housse-de-vetement-suspendre\/\" \/>\n<meta property=\"og:site_name\" content=\"Housse de Canap\u00e9\" \/>\n<meta property=\"article:modified_time\" content=\"2024-09-17T14:59:17+00:00\" \/>\n<meta property=\"og:image\" content=\"https:\/\/365-housse.com\/wp-content\/uploads\/2023\/06\/housse-de-vetement-a-suspendre.png\" \/>\n\t<meta property=\"og:image:width\" content=\"726\" \/>\n\t<meta property=\"og:image:height\" content=\"632\" \/>\n\t<meta property=\"og:image:type\" content=\"image\/png\" \/>\n<meta name=\"twitter:card\" content=\"summary_large_image\" \/>\n<meta name=\"twitter:label1\" content=\"Tiempo de lectura\" \/>\n\t<meta name=\"twitter:data1\" content=\"1 minuto\" \/>\n<script type=\"application\/ld+json\" class=\"yoast-schema-graph\">{\"@context\":\"https:\/\/schema.org\",\"@graph\":[{\"@type\":\"WebPage\",\"@id\":\"https:\/\/365-housse.com\/es\/productos\/housse-de-vetement-suspendre\/\",\"url\":\"https:\/\/365-housse.com\/es\/productos\/housse-de-vetement-suspendre\/\",\"name\":\"Cubierta de ropa colgante en entrega - gratis Ahorra un 30% en tu pedido\",\"isPartOf\":{\"@id\":\"https:\/\/365-housse.com\/es\/#website\"},\"primaryImageOfPage\":{\"@id\":\"https:\/\/365-housse.com\/es\/productos\/housse-de-vetement-suspendre\/#primaryimage\"},\"image\":{\"@id\":\"https:\/\/365-housse.com\/es\/productos\/housse-de-vetement-suspendre\/#primaryimage\"},\"thumbnailUrl\":\"https:\/\/365-housse.com\/wp-content\/uploads\/2023\/06\/housse-de-vetement-a-suspendre.jpg\",\"datePublished\":\"2023-06-12T08:33:07+00:00\",\"dateModified\":\"2024-09-17T14:59:17+00:00\",\"description\":\"Recibe tu Cubierta de ropa colgante hoy y benef\u00edciate de la entrega - gratuita Env\u00edo en 24\/48h\",\"breadcrumb\":{\"@id\":\"https:\/\/365-housse.com\/es\/productos\/housse-de-vetement-suspendre\/#breadcrumb\"},\"inLanguage\":\"es\",\"potentialAction\":[{\"@type\":\"ReadAction\",\"target\":[\"https:\/\/365-housse.com\/es\/productos\/housse-de-vetement-suspendre\/\"]}]},{\"@type\":\"ImageObject\",\"inLanguage\":\"es\",\"@id\":\"https:\/\/365-housse.com\/es\/productos\/housse-de-vetement-suspendre\/#primaryimage\",\"url\":\"https:\/\/365-housse.com\/wp-content\/uploads\/2023\/06\/housse-de-vetement-a-suspendre.jpg\",\"contentUrl\":\"https:\/\/365-housse.com\/wp-content\/uploads\/2023\/06\/housse-de-vetement-a-suspendre.jpg\",\"width\":726,\"height\":632},{\"@type\":\"BreadcrumbList\",\"@id\":\"https:\/\/365-housse.com\/es\/productos\/housse-de-vetement-suspendre\/#breadcrumb\",\"itemListElement\":[{\"@type\":\"ListItem\",\"position\":1,\"name\":\"Accueil\",\"item\":\"https:\/\/365-housse.com\/es\/\"},{\"@type\":\"ListItem\",\"position\":2,\"name\":\"Tienda\",\"item\":\"https:\/\/365-housse.com\/es\/tienda\/\"},{\"@type\":\"ListItem\",\"position\":3,\"name\":\"Cubierta de ropa colgante\"}]},{\"@type\":\"WebSite\",\"@id\":\"https:\/\/365-housse.com\/es\/#website\",\"url\":\"https:\/\/365-housse.com\/es\/\",\"name\":\"Housse de Canap\u00e9\",\"description\":\"Le N\u00b01 de la Housse\",\"publisher\":{\"@id\":\"https:\/\/365-housse.com\/es\/#organization\"},\"potentialAction\":[{\"@type\":\"SearchAction\",\"target\":{\"@type\":\"EntryPoint\",\"urlTemplate\":\"https:\/\/365-housse.com\/es\/?s={search_term_string}\"},\"query-input\":{\"@type\":\"PropertyValueSpecification\",\"valueRequired\":true,\"valueName\":\"search_term_string\"}}],\"inLanguage\":\"es\"},{\"@type\":\"Organization\",\"@id\":\"https:\/\/365-housse.com\/es\/#organization\",\"name\":\"Housse de Canap\u00e9\",\"url\":\"https:\/\/365-housse.com\/es\/\",\"logo\":{\"@type\":\"ImageObject\",\"inLanguage\":\"es\",\"@id\":\"https:\/\/365-housse.com\/es\/#\/schema\/logo\/image\/\",\"url\":\"https:\/\/365-housse.com\/wp-content\/uploads\/2023\/06\/LOGO-400-\u00d7-200-px-392-x-134-px-16.png\",\"contentUrl\":\"https:\/\/365-housse.com\/wp-content\/uploads\/2023\/06\/LOGO-400-\u00d7-200-px-392-x-134-px-16.png\",\"width\":392,\"height\":134,\"caption\":\"Housse de Canap\u00e9\"},\"image\":{\"@id\":\"https:\/\/365-housse.com\/es\/#\/schema\/logo\/image\/\"}}]}<\/script>","yoast_head_json":{"title":"Cubierta de ropa colgante en entrega - gratis Ahorra un 30% en tu pedido","description":"Recibe tu Cubierta de ropa colgante hoy y benef\u00edciate de la entrega - gratuita Env\u00edo en 24\/48h","robots":{"index":"index","follow":"follow","max-snippet":"max-snippet:-1","max-image-preview":"max-image-preview:large","max-video-preview":"max-video-preview:-1"},"canonical":"https:\/\/365-housse.com\/es\/productos\/housse-de-vetement-suspendre\/","og_locale":"es_ES","og_type":"article","og_title":"Cubierta de ropa colgante en entrega - gratis Ahorra un 30% en tu pedido","og_description":"Recibe tu Cubierta de ropa colgante hoy y benef\u00edciate de la entrega - gratuita Env\u00edo en 24\/48h","og_url":"https:\/\/365-housse.com\/es\/productos\/housse-de-vetement-suspendre\/","og_site_name":"Housse de Canap\u00e9","article_modified_time":"2024-09-17T14:59:17+00:00","og_image":[{"width":726,"height":632,"url":"https:\/\/365-housse.com\/wp-content\/uploads\/2023\/06\/housse-de-vetement-a-suspendre.png","type":"image\/png"}],"twitter_card":"summary_large_image","twitter_misc":{"Tiempo de lectura":"1 minuto"},"schema":{"@context":"https:\/\/schema.org","@graph":[{"@type":"WebPage","@id":"https:\/\/365-housse.com\/es\/productos\/housse-de-vetement-suspendre\/","url":"https:\/\/365-housse.com\/es\/productos\/housse-de-vetement-suspendre\/","name":"Cubierta de ropa colgante en entrega - gratis Ahorra un 30% en tu pedido","isPartOf":{"@id":"https:\/\/365-housse.com\/es\/#website"},"primaryImageOfPage":{"@id":"https:\/\/365-housse.com\/es\/productos\/housse-de-vetement-suspendre\/#primaryimage"},"image":{"@id":"https:\/\/365-housse.com\/es\/productos\/housse-de-vetement-suspendre\/#primaryimage"},"thumbnailUrl":"https:\/\/365-housse.com\/wp-content\/uploads\/2023\/06\/housse-de-vetement-a-suspendre.jpg","datePublished":"2023-06-12T08:33:07+00:00","dateModified":"2024-09-17T14:59:17+00:00","description":"Recibe tu Cubierta de ropa colgante hoy y benef\u00edciate de la entrega - gratuita Env\u00edo en 24\/48h","breadcrumb":{"@id":"https:\/\/365-housse.com\/es\/productos\/housse-de-vetement-suspendre\/#breadcrumb"},"inLanguage":"es","potentialAction":[{"@type":"ReadAction","target":["https:\/\/365-housse.com\/es\/productos\/housse-de-vetement-suspendre\/"]}]},{"@type":"ImageObject","inLanguage":"es","@id":"https:\/\/365-housse.com\/es\/productos\/housse-de-vetement-suspendre\/#primaryimage","url":"https:\/\/365-housse.com\/wp-content\/uploads\/2023\/06\/housse-de-vetement-a-suspendre.jpg","contentUrl":"https:\/\/365-housse.com\/wp-content\/uploads\/2023\/06\/housse-de-vetement-a-suspendre.jpg","width":726,"height":632},{"@type":"BreadcrumbList","@id":"https:\/\/365-housse.com\/es\/productos\/housse-de-vetement-suspendre\/#breadcrumb","itemListElement":[{"@type":"ListItem","position":1,"name":"Accueil","item":"https:\/\/365-housse.com\/es\/"},{"@type":"ListItem","position":2,"name":"Tienda","item":"https:\/\/365-housse.com\/es\/tienda\/"},{"@type":"ListItem","position":3,"name":"Cubierta de ropa colgante"}]},{"@type":"WebSite","@id":"https:\/\/365-housse.com\/es\/#website","url":"https:\/\/365-housse.com\/es\/","name":"Housse de Canap\u00e9","description":"Le N\u00b01 de la Housse","publisher":{"@id":"https:\/\/365-housse.com\/es\/#organization"},"potentialAction":[{"@type":"SearchAction","target":{"@type":"EntryPoint","urlTemplate":"https:\/\/365-housse.com\/es\/?s={search_term_string}"},"query-input":{"@type":"PropertyValueSpecification","valueRequired":true,"valueName":"search_term_string"}}],"inLanguage":"es"},{"@type":"Organization","@id":"https:\/\/365-housse.com\/es\/#organization","name":"Housse de Canap\u00e9","url":"https:\/\/365-housse.com\/es\/","logo":{"@type":"ImageObject","inLanguage":"es","@id":"https:\/\/365-housse.com\/es\/#\/schema\/logo\/image\/","url":"https:\/\/365-housse.com\/wp-content\/uploads\/2023\/06\/LOGO-400-\u00d7-200-px-392-x-134-px-16.png","contentUrl":"https:\/\/365-housse.com\/wp-content\/uploads\/2023\/06\/LOGO-400-\u00d7-200-px-392-x-134-px-16.png","width":392,"height":134,"caption":"Housse de Canap\u00e9"},"image":{"@id":"https:\/\/365-housse.com\/es\/#\/schema\/logo\/image\/"}}]}},"_links":{"self":[{"href":"https:\/\/365-housse.com\/es\/wp-json\/wp\/v2\/product\/18851"}],"collection":[{"href":"https:\/\/365-housse.com\/es\/wp-json\/wp\/v2\/product"}],"about":[{"href":"https:\/\/365-housse.com\/es\/wp-json\/wp\/v2\/types\/product"}],"replies":[{"embeddable":true,"href":"https:\/\/365-housse.com\/es\/wp-json\/wp\/v2\/comments?post=18851"}],"wp:featuredmedia":[{"embeddable":true,"href":"https:\/\/365-housse.com\/es\/wp-json\/wp\/v2\/media\/16578"}],"wp:attachment":[{"href":"https:\/\/365-housse.com\/es\/wp-json\/wp\/v2\/media?parent=18851"}],"wp:term":[{"taxonomy":"product_cat","embeddable":true,"href":"https:\/\/365-housse.com\/es\/wp-json\/wp\/v2\/product_cat?post=18851"},{"taxonomy":"product_tag","embeddable":true,"href":"https:\/\/365-housse.com\/es\/wp-json\/wp\/v2\/product_tag?post=18851"}],"curies":[{"name":"wp","href":"https:\/\/api.w.org\/{rel}","templated":true}]}}