{"id":18857,"date":"2023-06-12T08:33:06","date_gmt":"2023-06-12T08:33:06","guid":{"rendered":"https:\/\/365-housse.com\/products\/housse-de-vetement-suspendre-enfant\/"},"modified":"2024-09-17T14:59:21","modified_gmt":"2024-09-17T14:59:21","slug":"housse-de-vetement-suspendre-enfant","status":"publish","type":"product","link":"https:\/\/365-housse.com\/es\/productos\/housse-de-vetement-suspendre-enfant\/","title":{"rendered":"Funda para ropa colgante para ni\u00f1os"},"content":{"rendered":"<h2 data-mce-fragment=\"1\" data-pm-slice=\"1 1 []\">Organiza y distribuye sin esfuerzo la ropa de tus hijos con este <strong data-mce-fragment=\"1\">Cubre Ropa Colgada<\/ fuerte>. Dele a su ni\u00f1o un lugar seguro para guardar su ropa cuando no la est\u00e9 usando. Esta bolsa para ropa tiene una gran superficie, suficiente para toda tu ropa. Est\u00e1 hecho de un material suave y la cremallera permite ver el contenido.<\/h2>\n<h3 data-mce-fragment=\"1\">Cuelga la <strong data-mce-fragment=\"1\">Funda de Ropa para colgar en cualquier barra de armario. Es un accesorio pr\u00e1ctico, port\u00e1til, impermeable y elegante. Ofrece espacio de almacenamiento f\u00e1cil pero eficaz para los abrigos y chaquetas de sus hijos.<\/h3>\n<p><strong data-mce-fragment=\"1\">Caracter\u00edsticas:<\/strong><\/p>\n<ul data-mce->\n<li data-mce-fragment=\"1\">\n<p data-mce-fragment=\"1\">Composici\u00f3n:<span data-mce-fragment=\"1\"> <strong data-mce->Peva de alta calidad<\/strong><\/span><\/p>\n<\/li>\n<li data-mce-fragment=\"1\">\n<p data-mce-fragment=\"1\">Impermeable y portatrajes a prueba de polvo<\/p>\n<\/li>\n<li data-mce-fragment=\"1\">\n<p data-mce-fragment=\"1\">Detalles <span data-mce-fragment=\" 1\"> <\/span><strong data-mce-fragment=\"1\">cuidado<\/strong><span data-mce-fragment=\"1\"> <\/span>y <span data-mce-fragment=\" 1\"> <\/span><strong data-mce-fragment=\"1\">elegante<\/strong><\/p>\n<\/li>\n<li data-mce-fragment=\" 1\"> <strong data-mce->Cremallera<\/strong> <\/li>\n<\/ul>\n<ul data-mce-fragment=\"1\">\n<li data-mce-fragment=\"1\">\n<p data-mce-fragment=\"1\">Lavar a mano<\/p>\n<\/li>\n<li data-mce-fragment=\"1\">\n<p data-mce-fragment=\"1 \">Tama\u00f1os disponibles: 55x90cm | 55x110cm<\/p>\n<\/li>\n<\/ul>\n<p data-pm-slice=\"1 1 []\" style=\"text-align: center\"><img decoding=\"async\" alt=\"\" data-mce-fragment=\" 1\" data-mce-src=\"https:\/\/365-housse.com\/wp-content\/uploads\/2023\/06\/housse-de-vetement-a-suspendre-taille_480x480.jpg?v=1667329708\" src=\"https:\/\/365-housse.com\/wp-content\/uploads\/2023\/06\/housse-de-vetement-a-suspendre-taille_480x480.jpg?v=1667329708\" \/><\/p>\n<p>Instrucciones de instalaci\u00f3n<\/p>\n<p><img decoding=\"async\" alt=\"\" src=\"https:\/\/365-housse.com\/wp-content\/uploads\/2023\/06\/housse-de-vetements-a-suspendre_480x480.jpg?v =1667329762 \" \/><\/p>\n<p data-pm-slice=\"1 1 []\">Dale a tu armario una apariencia ordenada y organizada con nuestra <strong>funda para ropa a prueba de polvo<\/strong>. Dise\u00f1ado para contener camisetas, su\u00e9teres, chaquetas y muchas otras prendas, este tipo de <a href=\"https:\/\/365-housse.com\/es\/collections\/funda-para-ropa\/\" rel=\"noopener noreferrer\" target=\"_blank\" title=\"Funda para ropa\"><strong>Funda para ropa <\/strong><\/a>le permite almacenar una gran cantidad de art\u00edculos. Tambi\u00e9n es transpirable, lo que evita que se forme moho en la ropa. Es la mejor manera de mantener tu guardarropa en buen estado y con un aspecto impecable durante muchos a\u00f1os.<\/p>\n","protected":false},"excerpt":{"rendered":"<p>Organiza y distribuye sin esfuerzo la ropa de tus hijos con este Cubre Ropa Colgada. Dele a su ni\u00f1o un lugar seguro para guardar su ropa cuando no la est\u00e9 usando. Esta bolsa para ropa tiene una gran superficie, suficiente para toda tu ropa. Est\u00e1 hecho de un material suave y la cremallera permite ver [&hellip;]<\/p>\n","protected":false},"featured_media":16576,"comment_status":"open","ping_status":"closed","template":"","meta":[],"product_cat":[188,161],"product_tag":[207],"class_list":{"0":"post-18857","1":"product","2":"type-product","3":"status-publish","4":"has-post-thumbnail","6":"product_cat-funda-para-ropa","7":"product_cat-portada-interior","8":"product_tag-vetement-es","10":"first","11":"instock","12":"shipping-taxable","13":"purchasable","14":"product-type-variable"},"yoast_head":"<title>Funda para ropa colgante para ni\u00f1os en entrega - gratis Ahorra un 30% en tu pedido<\/title>\n<meta name=\"description\" content=\"Recibe tu Funda para ropa colgante para ni\u00f1os hoy y benef\u00edciate de la entrega - gratuita Env\u00edo en 24\/48h\" \/>\n<meta name=\"robots\" content=\"index, follow, max-snippet:-1, max-image-preview:large, max-video-preview:-1\" \/>\n<link rel=\"canonical\" href=\"https:\/\/365-housse.com\/es\/productos\/housse-de-vetement-suspendre-enfant\/\" \/>\n<meta property=\"og:locale\" content=\"es_ES\" \/>\n<meta property=\"og:type\" content=\"article\" \/>\n<meta property=\"og:title\" content=\"Funda para ropa colgante para ni\u00f1os en entrega - gratis Ahorra un 30% en tu pedido\" \/>\n<meta property=\"og:description\" content=\"Recibe tu Funda para ropa colgante para ni\u00f1os hoy y benef\u00edciate de la entrega - gratuita Env\u00edo en 24\/48h\" \/>\n<meta property=\"og:url\" content=\"https:\/\/365-housse.com\/es\/productos\/housse-de-vetement-suspendre-enfant\/\" \/>\n<meta property=\"og:site_name\" content=\"Housse de Canap\u00e9\" \/>\n<meta property=\"article:modified_time\" content=\"2024-09-17T14:59:21+00:00\" \/>\n<meta property=\"og:image\" content=\"https:\/\/365-housse.com\/wp-content\/uploads\/2023\/06\/housses-de-vetement-suspendre.png\" \/>\n\t<meta property=\"og:image:width\" content=\"474\" \/>\n\t<meta property=\"og:image:height\" content=\"491\" \/>\n\t<meta property=\"og:image:type\" content=\"image\/png\" \/>\n<meta name=\"twitter:card\" content=\"summary_large_image\" \/>\n<meta name=\"twitter:label1\" content=\"Tiempo de lectura\" \/>\n\t<meta name=\"twitter:data1\" content=\"1 minuto\" \/>\n<script type=\"application\/ld+json\" class=\"yoast-schema-graph\">{\"@context\":\"https:\/\/schema.org\",\"@graph\":[{\"@type\":\"WebPage\",\"@id\":\"https:\/\/365-housse.com\/es\/productos\/housse-de-vetement-suspendre-enfant\/\",\"url\":\"https:\/\/365-housse.com\/es\/productos\/housse-de-vetement-suspendre-enfant\/\",\"name\":\"Funda para ropa colgante para ni\u00f1os en entrega - gratis Ahorra un 30% en tu pedido\",\"isPartOf\":{\"@id\":\"https:\/\/365-housse.com\/es\/#website\"},\"primaryImageOfPage\":{\"@id\":\"https:\/\/365-housse.com\/es\/productos\/housse-de-vetement-suspendre-enfant\/#primaryimage\"},\"image\":{\"@id\":\"https:\/\/365-housse.com\/es\/productos\/housse-de-vetement-suspendre-enfant\/#primaryimage\"},\"thumbnailUrl\":\"https:\/\/365-housse.com\/wp-content\/uploads\/2023\/06\/housses-de-vetement-suspendre.jpg\",\"datePublished\":\"2023-06-12T08:33:06+00:00\",\"dateModified\":\"2024-09-17T14:59:21+00:00\",\"description\":\"Recibe tu Funda para ropa colgante para ni\u00f1os hoy y benef\u00edciate de la entrega - gratuita Env\u00edo en 24\/48h\",\"breadcrumb\":{\"@id\":\"https:\/\/365-housse.com\/es\/productos\/housse-de-vetement-suspendre-enfant\/#breadcrumb\"},\"inLanguage\":\"es\",\"potentialAction\":[{\"@type\":\"ReadAction\",\"target\":[\"https:\/\/365-housse.com\/es\/productos\/housse-de-vetement-suspendre-enfant\/\"]}]},{\"@type\":\"ImageObject\",\"inLanguage\":\"es\",\"@id\":\"https:\/\/365-housse.com\/es\/productos\/housse-de-vetement-suspendre-enfant\/#primaryimage\",\"url\":\"https:\/\/365-housse.com\/wp-content\/uploads\/2023\/06\/housses-de-vetement-suspendre.jpg\",\"contentUrl\":\"https:\/\/365-housse.com\/wp-content\/uploads\/2023\/06\/housses-de-vetement-suspendre.jpg\",\"width\":474,\"height\":491},{\"@type\":\"BreadcrumbList\",\"@id\":\"https:\/\/365-housse.com\/es\/productos\/housse-de-vetement-suspendre-enfant\/#breadcrumb\",\"itemListElement\":[{\"@type\":\"ListItem\",\"position\":1,\"name\":\"Accueil\",\"item\":\"https:\/\/365-housse.com\/es\/\"},{\"@type\":\"ListItem\",\"position\":2,\"name\":\"Tienda\",\"item\":\"https:\/\/365-housse.com\/es\/tienda\/\"},{\"@type\":\"ListItem\",\"position\":3,\"name\":\"Funda para ropa colgante para ni\u00f1os\"}]},{\"@type\":\"WebSite\",\"@id\":\"https:\/\/365-housse.com\/es\/#website\",\"url\":\"https:\/\/365-housse.com\/es\/\",\"name\":\"Housse de Canap\u00e9\",\"description\":\"Le N\u00b01 de la Housse\",\"publisher\":{\"@id\":\"https:\/\/365-housse.com\/es\/#organization\"},\"potentialAction\":[{\"@type\":\"SearchAction\",\"target\":{\"@type\":\"EntryPoint\",\"urlTemplate\":\"https:\/\/365-housse.com\/es\/?s={search_term_string}\"},\"query-input\":{\"@type\":\"PropertyValueSpecification\",\"valueRequired\":true,\"valueName\":\"search_term_string\"}}],\"inLanguage\":\"es\"},{\"@type\":\"Organization\",\"@id\":\"https:\/\/365-housse.com\/es\/#organization\",\"name\":\"Housse de Canap\u00e9\",\"url\":\"https:\/\/365-housse.com\/es\/\",\"logo\":{\"@type\":\"ImageObject\",\"inLanguage\":\"es\",\"@id\":\"https:\/\/365-housse.com\/es\/#\/schema\/logo\/image\/\",\"url\":\"https:\/\/365-housse.com\/wp-content\/uploads\/2023\/06\/LOGO-400-\u00d7-200-px-392-x-134-px-16.png\",\"contentUrl\":\"https:\/\/365-housse.com\/wp-content\/uploads\/2023\/06\/LOGO-400-\u00d7-200-px-392-x-134-px-16.png\",\"width\":392,\"height\":134,\"caption\":\"Housse de Canap\u00e9\"},\"image\":{\"@id\":\"https:\/\/365-housse.com\/es\/#\/schema\/logo\/image\/\"}}]}<\/script>","yoast_head_json":{"title":"Funda para ropa colgante para ni\u00f1os en entrega - gratis Ahorra un 30% en tu pedido","description":"Recibe tu Funda para ropa colgante para ni\u00f1os hoy y benef\u00edciate de la entrega - gratuita Env\u00edo en 24\/48h","robots":{"index":"index","follow":"follow","max-snippet":"max-snippet:-1","max-image-preview":"max-image-preview:large","max-video-preview":"max-video-preview:-1"},"canonical":"https:\/\/365-housse.com\/es\/productos\/housse-de-vetement-suspendre-enfant\/","og_locale":"es_ES","og_type":"article","og_title":"Funda para ropa colgante para ni\u00f1os en entrega - gratis Ahorra un 30% en tu pedido","og_description":"Recibe tu Funda para ropa colgante para ni\u00f1os hoy y benef\u00edciate de la entrega - gratuita Env\u00edo en 24\/48h","og_url":"https:\/\/365-housse.com\/es\/productos\/housse-de-vetement-suspendre-enfant\/","og_site_name":"Housse de Canap\u00e9","article_modified_time":"2024-09-17T14:59:21+00:00","og_image":[{"width":474,"height":491,"url":"https:\/\/365-housse.com\/wp-content\/uploads\/2023\/06\/housses-de-vetement-suspendre.png","type":"image\/png"}],"twitter_card":"summary_large_image","twitter_misc":{"Tiempo de lectura":"1 minuto"},"schema":{"@context":"https:\/\/schema.org","@graph":[{"@type":"WebPage","@id":"https:\/\/365-housse.com\/es\/productos\/housse-de-vetement-suspendre-enfant\/","url":"https:\/\/365-housse.com\/es\/productos\/housse-de-vetement-suspendre-enfant\/","name":"Funda para ropa colgante para ni\u00f1os en entrega - gratis Ahorra un 30% en tu pedido","isPartOf":{"@id":"https:\/\/365-housse.com\/es\/#website"},"primaryImageOfPage":{"@id":"https:\/\/365-housse.com\/es\/productos\/housse-de-vetement-suspendre-enfant\/#primaryimage"},"image":{"@id":"https:\/\/365-housse.com\/es\/productos\/housse-de-vetement-suspendre-enfant\/#primaryimage"},"thumbnailUrl":"https:\/\/365-housse.com\/wp-content\/uploads\/2023\/06\/housses-de-vetement-suspendre.jpg","datePublished":"2023-06-12T08:33:06+00:00","dateModified":"2024-09-17T14:59:21+00:00","description":"Recibe tu Funda para ropa colgante para ni\u00f1os hoy y benef\u00edciate de la entrega - gratuita Env\u00edo en 24\/48h","breadcrumb":{"@id":"https:\/\/365-housse.com\/es\/productos\/housse-de-vetement-suspendre-enfant\/#breadcrumb"},"inLanguage":"es","potentialAction":[{"@type":"ReadAction","target":["https:\/\/365-housse.com\/es\/productos\/housse-de-vetement-suspendre-enfant\/"]}]},{"@type":"ImageObject","inLanguage":"es","@id":"https:\/\/365-housse.com\/es\/productos\/housse-de-vetement-suspendre-enfant\/#primaryimage","url":"https:\/\/365-housse.com\/wp-content\/uploads\/2023\/06\/housses-de-vetement-suspendre.jpg","contentUrl":"https:\/\/365-housse.com\/wp-content\/uploads\/2023\/06\/housses-de-vetement-suspendre.jpg","width":474,"height":491},{"@type":"BreadcrumbList","@id":"https:\/\/365-housse.com\/es\/productos\/housse-de-vetement-suspendre-enfant\/#breadcrumb","itemListElement":[{"@type":"ListItem","position":1,"name":"Accueil","item":"https:\/\/365-housse.com\/es\/"},{"@type":"ListItem","position":2,"name":"Tienda","item":"https:\/\/365-housse.com\/es\/tienda\/"},{"@type":"ListItem","position":3,"name":"Funda para ropa colgante para ni\u00f1os"}]},{"@type":"WebSite","@id":"https:\/\/365-housse.com\/es\/#website","url":"https:\/\/365-housse.com\/es\/","name":"Housse de Canap\u00e9","description":"Le N\u00b01 de la Housse","publisher":{"@id":"https:\/\/365-housse.com\/es\/#organization"},"potentialAction":[{"@type":"SearchAction","target":{"@type":"EntryPoint","urlTemplate":"https:\/\/365-housse.com\/es\/?s={search_term_string}"},"query-input":{"@type":"PropertyValueSpecification","valueRequired":true,"valueName":"search_term_string"}}],"inLanguage":"es"},{"@type":"Organization","@id":"https:\/\/365-housse.com\/es\/#organization","name":"Housse de Canap\u00e9","url":"https:\/\/365-housse.com\/es\/","logo":{"@type":"ImageObject","inLanguage":"es","@id":"https:\/\/365-housse.com\/es\/#\/schema\/logo\/image\/","url":"https:\/\/365-housse.com\/wp-content\/uploads\/2023\/06\/LOGO-400-\u00d7-200-px-392-x-134-px-16.png","contentUrl":"https:\/\/365-housse.com\/wp-content\/uploads\/2023\/06\/LOGO-400-\u00d7-200-px-392-x-134-px-16.png","width":392,"height":134,"caption":"Housse de Canap\u00e9"},"image":{"@id":"https:\/\/365-housse.com\/es\/#\/schema\/logo\/image\/"}}]}},"_links":{"self":[{"href":"https:\/\/365-housse.com\/es\/wp-json\/wp\/v2\/product\/18857"}],"collection":[{"href":"https:\/\/365-housse.com\/es\/wp-json\/wp\/v2\/product"}],"about":[{"href":"https:\/\/365-housse.com\/es\/wp-json\/wp\/v2\/types\/product"}],"replies":[{"embeddable":true,"href":"https:\/\/365-housse.com\/es\/wp-json\/wp\/v2\/comments?post=18857"}],"wp:featuredmedia":[{"embeddable":true,"href":"https:\/\/365-housse.com\/es\/wp-json\/wp\/v2\/media\/16576"}],"wp:attachment":[{"href":"https:\/\/365-housse.com\/es\/wp-json\/wp\/v2\/media?parent=18857"}],"wp:term":[{"taxonomy":"product_cat","embeddable":true,"href":"https:\/\/365-housse.com\/es\/wp-json\/wp\/v2\/product_cat?post=18857"},{"taxonomy":"product_tag","embeddable":true,"href":"https:\/\/365-housse.com\/es\/wp-json\/wp\/v2\/product_tag?post=18857"}],"curies":[{"name":"wp","href":"https:\/\/api.w.org\/{rel}","templated":true}]}}