{"id":18863,"date":"2023-06-12T08:33:02","date_gmt":"2023-06-12T08:33:02","guid":{"rendered":"https:\/\/365-housse.com\/products\/housse-de-vetement-enfant\/"},"modified":"2024-09-17T14:59:21","modified_gmt":"2024-09-17T14:59:21","slug":"housse-de-vetement-enfant","status":"publish","type":"product","link":"https:\/\/365-housse.com\/es\/productos\/housse-de-vetement-enfant\/","title":{"rendered":"Funda de ropa para ni\u00f1os"},"content":{"rendered":"<h2 data-mce-fragment=\"1\" data-pm-slice=\"1 1 []\">Esta <strong data-mce-fragment=\"1\">funda para ropa infantil<\/strong> est\u00e1 hecha de Peva duradero y resistente al agua. Est\u00e1 dise\u00f1ado para proteger la ropa infantil del polvo, la humedad, el pelo de animales y otros. Se cierra sobre s\u00ed mismo para permanecer en su lugar. Est\u00e1 disponible en varios tama\u00f1os, lo que lo convierte en una soluci\u00f3n integral para la mayor\u00eda de las prendas.<\/h2>\n<h3 data-mce-fragment=\"1\">Esta <strong data-mce-fragment=\"1\">Funda de V\u00eatement Enfant es una ayuda para vestirse que puede ayudar a su hijo a aprender a vestirse solo. Con esta funda, vestir a su hijo ya no es un desaf\u00edo, lo que le permite hacer la transici\u00f3n a ropa de calidad de manera f\u00e1cil y sin complicaciones.<\/h3>\n<p><strong data-mce-fragment=\" 1\">Caracter\u00edsticas: <\/strong>&gt;p&gt; <\/p>\n<ul data-mce-fragment=\"1\">\n<li data-mce-fragment=\"1\">\n<p data-mce-fragment=\"1\">Material:<span data-mce-fragment=\"1\"> <strong data-mce-fragment=\"1\">Peva de alta calidad<\/strong><\/span><\/p>\n<\/li>\n<li data-mce>\n<p data-mce-fragment=\"1\">Bolsa de almacenamiento resistente al agua y al polvo<\/p>\n<\/li>\n<li data-mce-fragment=\"1 \">\n<p data-mce-fragment=\"1\">Acabados<span data-mce-fragment=\"1\"> <\/span><strong data-mce-fragment=\"1\">acabados precisos<\/strong><span data-mce-fragment=\"1\"> <\/ span>y<span data-mce-fragment=\"1\"> <\/span><strong data-mce-fragment=\"1\">sofisticado<\/strong><\/ p> <\/li>\n<li data-mce-> <strong data-mce-fragment=\"1\">Gancho para colgar<span>\u00a0<\/span><\/strong>y\u00a0<strong data-mce>cremallera<\/strong> <\/li>\n<\/ul>\n<ul data-mce-fragment=\"1\">\n<li data-mce-fragment=\"1\">\n<p data-mce-fragment=\"1\">Lavado a mano<\/p>\n<\/li>\n<li data-mce-fragment=\"1\">\n<p data-mce-fragment=\"1\">Juego de 3 piezas: 60x90cm | 60x110cm | 60x130cm<\/p>\n<\/li>\n<\/ul>\n<p data-pm-slice=\"1 1 []\" style=\"text-align: center\"><img decoding=\"async\" alt=\"\" data-mce-fragment=\" 1\" data-mce-src=\"https:\/\/365-housse.com\/wp-content\/uploads\/2023\/06\/taille-housse-de-vetement_480x480.jpg?v=1667160318\" src=\"https:\/\/ 365-housse.com\/wp-content\/uploads\/2023\/06\/taille-housse-de-vetement_480x480.jpg?v=1667160318\" \/><\/p>\n<p>Esto es lo que Garment Covers puede hacer por usted.<\/p>\n<p><img decoding=\"async\" alt=\"clothing-cover\" data-mce-src=\"https:\/\/365-housse.com \/wp-content\/ uploads\/2023\/06\/housse-de-vetement_480x480.jpg?v=1665339838\" data-mce-style=\"display: block; margin-left: auto; margin-right: auto;\" src=\"https:\/\/365-housse.com\/wp-content\/uploads\/2023\/06\/housse-de-vetement_480x480.jpg?v=1665339838\" \/><\/p>\n<p data-pm-slice=\"1 1 []\">Les <a href=\"https:\/\/365-housse.com\/es\/collections\/funda-para-ropa\/\" rel=\"noopener\" target=\"_blank\" title=\"Fundas para ropa\"><strong>Fundas para ropa<\/strong><\/a> son \u00fatiles para proteger la ropa y otros art\u00edculos de su armario bloqueando el polvo y la humedad. Tambi\u00e9n ayudan a prolongar la vida \u00fatil de la ropa, a\u00f1aden un toque final a tu conjunto y son excelentes accesorios para el tocador. Nuestras <strong>fundas para abrigos<\/strong> ofrecen multitud de estilos y colores. \u00a1Haz tu elecci\u00f3n!<\/p>\n","protected":false},"excerpt":{"rendered":"<p>Esta funda para ropa infantil est\u00e1 hecha de Peva duradero y resistente al agua. Est\u00e1 dise\u00f1ado para proteger la ropa infantil del polvo, la humedad, el pelo de animales y otros. Se cierra sobre s\u00ed mismo para permanecer en su lugar. Est\u00e1 disponible en varios tama\u00f1os, lo que lo convierte en una soluci\u00f3n integral para [&hellip;]<\/p>\n","protected":false},"featured_media":16561,"comment_status":"open","ping_status":"closed","template":"","meta":[],"product_cat":[188,161],"product_tag":[207],"class_list":{"0":"post-18863","1":"product","2":"type-product","3":"status-publish","4":"has-post-thumbnail","6":"product_cat-funda-para-ropa","7":"product_cat-portada-interior","8":"product_tag-vetement-es","10":"first","11":"instock","12":"shipping-taxable","13":"purchasable","14":"product-type-simple"},"yoast_head":"<title>Funda de ropa para ni\u00f1os en entrega - gratis Ahorra un 30% en tu pedido<\/title>\n<meta name=\"description\" content=\"Recibe tu Funda de ropa para ni\u00f1os hoy y benef\u00edciate de la entrega - gratuita Env\u00edo en 24\/48h\" \/>\n<meta name=\"robots\" content=\"index, follow, max-snippet:-1, max-image-preview:large, max-video-preview:-1\" \/>\n<link rel=\"canonical\" href=\"https:\/\/365-housse.com\/es\/productos\/housse-de-vetement-enfant\/\" \/>\n<meta property=\"og:locale\" content=\"es_ES\" \/>\n<meta property=\"og:type\" content=\"article\" \/>\n<meta property=\"og:title\" content=\"Funda de ropa para ni\u00f1os en entrega - gratis Ahorra un 30% en tu pedido\" \/>\n<meta property=\"og:description\" content=\"Recibe tu Funda de ropa para ni\u00f1os hoy y benef\u00edciate de la entrega - gratuita Env\u00edo en 24\/48h\" \/>\n<meta property=\"og:url\" content=\"https:\/\/365-housse.com\/es\/productos\/housse-de-vetement-enfant\/\" \/>\n<meta property=\"og:site_name\" content=\"Housse de Canap\u00e9\" \/>\n<meta property=\"article:modified_time\" content=\"2024-09-17T14:59:21+00:00\" \/>\n<meta property=\"og:image\" content=\"https:\/\/365-housse.com\/wp-content\/uploads\/2023\/06\/housses-de-vetement-enfant.jpg\" \/>\n\t<meta property=\"og:image:width\" content=\"449\" \/>\n\t<meta property=\"og:image:height\" content=\"445\" \/>\n\t<meta property=\"og:image:type\" content=\"image\/jpeg\" \/>\n<meta name=\"twitter:card\" content=\"summary_large_image\" \/>\n<meta name=\"twitter:label1\" content=\"Tiempo de lectura\" \/>\n\t<meta name=\"twitter:data1\" content=\"1 minuto\" \/>\n<script type=\"application\/ld+json\" class=\"yoast-schema-graph\">{\"@context\":\"https:\/\/schema.org\",\"@graph\":[{\"@type\":\"WebPage\",\"@id\":\"https:\/\/365-housse.com\/es\/productos\/housse-de-vetement-enfant\/\",\"url\":\"https:\/\/365-housse.com\/es\/productos\/housse-de-vetement-enfant\/\",\"name\":\"Funda de ropa para ni\u00f1os en entrega - gratis Ahorra un 30% en tu pedido\",\"isPartOf\":{\"@id\":\"https:\/\/365-housse.com\/es\/#website\"},\"primaryImageOfPage\":{\"@id\":\"https:\/\/365-housse.com\/es\/productos\/housse-de-vetement-enfant\/#primaryimage\"},\"image\":{\"@id\":\"https:\/\/365-housse.com\/es\/productos\/housse-de-vetement-enfant\/#primaryimage\"},\"thumbnailUrl\":\"https:\/\/365-housse.com\/wp-content\/uploads\/2023\/06\/housses-de-vetement-enfant.jpg\",\"datePublished\":\"2023-06-12T08:33:02+00:00\",\"dateModified\":\"2024-09-17T14:59:21+00:00\",\"description\":\"Recibe tu Funda de ropa para ni\u00f1os hoy y benef\u00edciate de la entrega - gratuita Env\u00edo en 24\/48h\",\"breadcrumb\":{\"@id\":\"https:\/\/365-housse.com\/es\/productos\/housse-de-vetement-enfant\/#breadcrumb\"},\"inLanguage\":\"es\",\"potentialAction\":[{\"@type\":\"ReadAction\",\"target\":[\"https:\/\/365-housse.com\/es\/productos\/housse-de-vetement-enfant\/\"]}]},{\"@type\":\"ImageObject\",\"inLanguage\":\"es\",\"@id\":\"https:\/\/365-housse.com\/es\/productos\/housse-de-vetement-enfant\/#primaryimage\",\"url\":\"https:\/\/365-housse.com\/wp-content\/uploads\/2023\/06\/housses-de-vetement-enfant.jpg\",\"contentUrl\":\"https:\/\/365-housse.com\/wp-content\/uploads\/2023\/06\/housses-de-vetement-enfant.jpg\",\"width\":449,\"height\":445},{\"@type\":\"BreadcrumbList\",\"@id\":\"https:\/\/365-housse.com\/es\/productos\/housse-de-vetement-enfant\/#breadcrumb\",\"itemListElement\":[{\"@type\":\"ListItem\",\"position\":1,\"name\":\"Accueil\",\"item\":\"https:\/\/365-housse.com\/es\/\"},{\"@type\":\"ListItem\",\"position\":2,\"name\":\"Tienda\",\"item\":\"https:\/\/365-housse.com\/es\/tienda\/\"},{\"@type\":\"ListItem\",\"position\":3,\"name\":\"Funda de ropa para ni\u00f1os\"}]},{\"@type\":\"WebSite\",\"@id\":\"https:\/\/365-housse.com\/es\/#website\",\"url\":\"https:\/\/365-housse.com\/es\/\",\"name\":\"Housse de Canap\u00e9\",\"description\":\"Le N\u00b01 de la Housse\",\"publisher\":{\"@id\":\"https:\/\/365-housse.com\/es\/#organization\"},\"potentialAction\":[{\"@type\":\"SearchAction\",\"target\":{\"@type\":\"EntryPoint\",\"urlTemplate\":\"https:\/\/365-housse.com\/es\/?s={search_term_string}\"},\"query-input\":{\"@type\":\"PropertyValueSpecification\",\"valueRequired\":true,\"valueName\":\"search_term_string\"}}],\"inLanguage\":\"es\"},{\"@type\":\"Organization\",\"@id\":\"https:\/\/365-housse.com\/es\/#organization\",\"name\":\"Housse de Canap\u00e9\",\"url\":\"https:\/\/365-housse.com\/es\/\",\"logo\":{\"@type\":\"ImageObject\",\"inLanguage\":\"es\",\"@id\":\"https:\/\/365-housse.com\/es\/#\/schema\/logo\/image\/\",\"url\":\"https:\/\/365-housse.com\/wp-content\/uploads\/2023\/06\/LOGO-400-\u00d7-200-px-392-x-134-px-16.png\",\"contentUrl\":\"https:\/\/365-housse.com\/wp-content\/uploads\/2023\/06\/LOGO-400-\u00d7-200-px-392-x-134-px-16.png\",\"width\":392,\"height\":134,\"caption\":\"Housse de Canap\u00e9\"},\"image\":{\"@id\":\"https:\/\/365-housse.com\/es\/#\/schema\/logo\/image\/\"}}]}<\/script>","yoast_head_json":{"title":"Funda de ropa para ni\u00f1os en entrega - gratis Ahorra un 30% en tu pedido","description":"Recibe tu Funda de ropa para ni\u00f1os hoy y benef\u00edciate de la entrega - gratuita Env\u00edo en 24\/48h","robots":{"index":"index","follow":"follow","max-snippet":"max-snippet:-1","max-image-preview":"max-image-preview:large","max-video-preview":"max-video-preview:-1"},"canonical":"https:\/\/365-housse.com\/es\/productos\/housse-de-vetement-enfant\/","og_locale":"es_ES","og_type":"article","og_title":"Funda de ropa para ni\u00f1os en entrega - gratis Ahorra un 30% en tu pedido","og_description":"Recibe tu Funda de ropa para ni\u00f1os hoy y benef\u00edciate de la entrega - gratuita Env\u00edo en 24\/48h","og_url":"https:\/\/365-housse.com\/es\/productos\/housse-de-vetement-enfant\/","og_site_name":"Housse de Canap\u00e9","article_modified_time":"2024-09-17T14:59:21+00:00","og_image":[{"width":449,"height":445,"url":"https:\/\/365-housse.com\/wp-content\/uploads\/2023\/06\/housses-de-vetement-enfant.jpg","type":"image\/jpeg"}],"twitter_card":"summary_large_image","twitter_misc":{"Tiempo de lectura":"1 minuto"},"schema":{"@context":"https:\/\/schema.org","@graph":[{"@type":"WebPage","@id":"https:\/\/365-housse.com\/es\/productos\/housse-de-vetement-enfant\/","url":"https:\/\/365-housse.com\/es\/productos\/housse-de-vetement-enfant\/","name":"Funda de ropa para ni\u00f1os en entrega - gratis Ahorra un 30% en tu pedido","isPartOf":{"@id":"https:\/\/365-housse.com\/es\/#website"},"primaryImageOfPage":{"@id":"https:\/\/365-housse.com\/es\/productos\/housse-de-vetement-enfant\/#primaryimage"},"image":{"@id":"https:\/\/365-housse.com\/es\/productos\/housse-de-vetement-enfant\/#primaryimage"},"thumbnailUrl":"https:\/\/365-housse.com\/wp-content\/uploads\/2023\/06\/housses-de-vetement-enfant.jpg","datePublished":"2023-06-12T08:33:02+00:00","dateModified":"2024-09-17T14:59:21+00:00","description":"Recibe tu Funda de ropa para ni\u00f1os hoy y benef\u00edciate de la entrega - gratuita Env\u00edo en 24\/48h","breadcrumb":{"@id":"https:\/\/365-housse.com\/es\/productos\/housse-de-vetement-enfant\/#breadcrumb"},"inLanguage":"es","potentialAction":[{"@type":"ReadAction","target":["https:\/\/365-housse.com\/es\/productos\/housse-de-vetement-enfant\/"]}]},{"@type":"ImageObject","inLanguage":"es","@id":"https:\/\/365-housse.com\/es\/productos\/housse-de-vetement-enfant\/#primaryimage","url":"https:\/\/365-housse.com\/wp-content\/uploads\/2023\/06\/housses-de-vetement-enfant.jpg","contentUrl":"https:\/\/365-housse.com\/wp-content\/uploads\/2023\/06\/housses-de-vetement-enfant.jpg","width":449,"height":445},{"@type":"BreadcrumbList","@id":"https:\/\/365-housse.com\/es\/productos\/housse-de-vetement-enfant\/#breadcrumb","itemListElement":[{"@type":"ListItem","position":1,"name":"Accueil","item":"https:\/\/365-housse.com\/es\/"},{"@type":"ListItem","position":2,"name":"Tienda","item":"https:\/\/365-housse.com\/es\/tienda\/"},{"@type":"ListItem","position":3,"name":"Funda de ropa para ni\u00f1os"}]},{"@type":"WebSite","@id":"https:\/\/365-housse.com\/es\/#website","url":"https:\/\/365-housse.com\/es\/","name":"Housse de Canap\u00e9","description":"Le N\u00b01 de la Housse","publisher":{"@id":"https:\/\/365-housse.com\/es\/#organization"},"potentialAction":[{"@type":"SearchAction","target":{"@type":"EntryPoint","urlTemplate":"https:\/\/365-housse.com\/es\/?s={search_term_string}"},"query-input":{"@type":"PropertyValueSpecification","valueRequired":true,"valueName":"search_term_string"}}],"inLanguage":"es"},{"@type":"Organization","@id":"https:\/\/365-housse.com\/es\/#organization","name":"Housse de Canap\u00e9","url":"https:\/\/365-housse.com\/es\/","logo":{"@type":"ImageObject","inLanguage":"es","@id":"https:\/\/365-housse.com\/es\/#\/schema\/logo\/image\/","url":"https:\/\/365-housse.com\/wp-content\/uploads\/2023\/06\/LOGO-400-\u00d7-200-px-392-x-134-px-16.png","contentUrl":"https:\/\/365-housse.com\/wp-content\/uploads\/2023\/06\/LOGO-400-\u00d7-200-px-392-x-134-px-16.png","width":392,"height":134,"caption":"Housse de Canap\u00e9"},"image":{"@id":"https:\/\/365-housse.com\/es\/#\/schema\/logo\/image\/"}}]}},"_links":{"self":[{"href":"https:\/\/365-housse.com\/es\/wp-json\/wp\/v2\/product\/18863"}],"collection":[{"href":"https:\/\/365-housse.com\/es\/wp-json\/wp\/v2\/product"}],"about":[{"href":"https:\/\/365-housse.com\/es\/wp-json\/wp\/v2\/types\/product"}],"replies":[{"embeddable":true,"href":"https:\/\/365-housse.com\/es\/wp-json\/wp\/v2\/comments?post=18863"}],"wp:featuredmedia":[{"embeddable":true,"href":"https:\/\/365-housse.com\/es\/wp-json\/wp\/v2\/media\/16561"}],"wp:attachment":[{"href":"https:\/\/365-housse.com\/es\/wp-json\/wp\/v2\/media?parent=18863"}],"wp:term":[{"taxonomy":"product_cat","embeddable":true,"href":"https:\/\/365-housse.com\/es\/wp-json\/wp\/v2\/product_cat?post=18863"},{"taxonomy":"product_tag","embeddable":true,"href":"https:\/\/365-housse.com\/es\/wp-json\/wp\/v2\/product_tag?post=18863"}],"curies":[{"name":"wp","href":"https:\/\/api.w.org\/{rel}","templated":true}]}}