{"id":18865,"date":"2023-06-12T08:32:58","date_gmt":"2023-06-12T08:32:58","guid":{"rendered":"https:\/\/365-housse.com\/products\/housse-de-vetement-suspendue\/"},"modified":"2024-09-17T14:59:21","modified_gmt":"2024-09-17T14:59:21","slug":"housse-de-vetement-suspendue","status":"publish","type":"product","link":"https:\/\/365-housse.com\/es\/productos\/housse-de-vetement-suspendue\/","title":{"rendered":"Cubierta de ropa colgante"},"content":{"rendered":"<h2 data-mce-fragment=\"1\" data-pm-slice=\"1 1 []\">Nuestras <strong data-mce-fragment=\"1\">Fundas para colgar ropa<\/strong> son la soluci\u00f3n perfecta para proteger Protege tu ropa colgada del polvo, la suciedad y los da\u00f1os causados \u200b\u200bpor roedores e insectos. Tambi\u00e9n reducen el riesgo de rayones en tejidos delicados. La funda se adapta f\u00e1cilmente a todas las perchas y percheros est\u00e1ndar.<\/h2>\n<h3 data-mce-fragment=\"1\">Estas <strong data-mce-fragment=\"1\">Fundas para colgar ropa<\/strong> son una forma f\u00e1cil Manera de mantener tu ropa favorita como nueva. Se pueden colgar f\u00e1cilmente incluso en espacios reducidos. La tela transparente te permite ver el interior sin tener que abrir la cremallera.<\/h3>\n<p><strong data-mce-fragment=\"1\">Caracter\u00edsticas: <\/strong><\/p>\n<ul>\n<li data-mce-fragment=\"1\">\n<p data-mce-fragment=\"1\">Composici\u00f3n: <strong data-mce-fragment=\"1\">Peva de alta calidad<\/strong><\/p>\n<\/li>\n<li data-mce-fragment=\"1\">\n<p data-mce-fragment=\"1\">Bolsa de almacenamiento impermeable y a prueba de polvo<\/p>\n<\/li>\n<li>\n<p data-mce-fragment=\"1\">Acabados<span data-mce-fragment=\"1\"> <\/span><strong data-mce-fragment=\"1\">precisos <\/strong><span data-mce-fragment=\"1\"> <\/span>y<span data-mce-fragment=\"1\"> <\/span><strong data-mce-fragment=\"1\">elegante <\/strong><\/p>\n<\/li>\n<li data-mce-fragment=\"1\"> <strong data-mce-fragment=\"1\">Cremallera<\/strong> <\/ li> <\/ul>\n<ul data-mce-fragment=\"1\">\n<li data-mce-fragment=\"1\">\n<p data-mce-fragment=\"1\">Lavar a mano<\/p>\n<\/li>\n<li data-mce>\n<p data-mce-fragment=\"1\">Juego de 4 piezas: 60x80cm | 60x100cm | 60x120cm <span data-mce-fragment=\"1\">| 60&#215;1<\/span><span data-mce-fragment=\"1\">4<\/span><span data-mce-fragment=\"1\">0cm<\/span><\/p>\n<\/li>\n<\/ul>\n<p data-pm-slice=\"1 1 []\"> <img decoding=\"async\" alt=\"\" data-mce-fragment=\"1\" data-mce-src=\"https:\/\/365-housse.com\/wp- content\/uploads\/2023\/06\/housse-a-vetement-taille_480x480.jpg?v=1665339746\" src=\"https:\/\/365-housse.com\/wp-content\/uploads\/2023\/06\/housse-a-vetement -taille_480x480.jpg?v=1665339746\" style=\"margin-left: auto;margin-right: auto\" \/><\/p>\n<p>La diferencia entre Antes y Despu\u00e9s de usar <a href=\"https:\/\/ 365 -housse.com\/es\/collections\/funda-para-ropa\/\" rel=\"noopener\" target=\"_blank\" title=\"Fundas de ropa\"><strong>Fundas de ropa<\/strong><\/a>. <\/p>\n<p><img decoding=\"async\" alt=\"housse-de-vetement\" data-mce-src=\"https:\/\/365-housse.com\/wp-content\/uploads\/2023\/06\/housse-de-vetement_480x480 .jpg? v=1665339838\" data-mce-style=\"display: block; margen izquierdo: margen derecho: auto;\" src=\"https:\/\/365-housse.com\/wp-content\/uploads\/2023\/06\/housse-de-vetement_480x480.jpg?v=1665339838\" \/><\/p>\n<p data-pm-slice=\"1 1 []\">Estas <a href=\"https:\/\/365-housse.com\/es\/collections\/funda-para-ropa\/\" rel=\"noopener\" target=\"_blank\" title=\"Fundas para prendas\"><strong>Fundas para prendas<\/strong><\/a> son la soluci\u00f3n perfecta para brindar protecci\u00f3n duradera a tu ropa. Robustos y de f\u00e1cil mantenimiento, se adaptan perfectamente a tu ropa para protegerla del polvo y los ara\u00f1azos. Para tus viajes, puedes elegir la <strong>Funda de Vestir Plegable<\/strong> o la <strong>Funda de Traje de Transporte<\/strong>.<\/p>\n","protected":false},"excerpt":{"rendered":"<p>Nuestras Fundas para colgar ropa son la soluci\u00f3n perfecta para proteger Protege tu ropa colgada del polvo, la suciedad y los da\u00f1os causados \u200b\u200bpor roedores e insectos. Tambi\u00e9n reducen el riesgo de rayones en tejidos delicados. La funda se adapta f\u00e1cilmente a todas las perchas y percheros est\u00e1ndar. Estas Fundas para colgar ropa son una [&hellip;]<\/p>\n","protected":false},"featured_media":16555,"comment_status":"open","ping_status":"closed","template":"","meta":[],"product_cat":[188,161],"product_tag":[207],"class_list":{"0":"post-18865","1":"product","2":"type-product","3":"status-publish","4":"has-post-thumbnail","6":"product_cat-funda-para-ropa","7":"product_cat-portada-interior","8":"product_tag-vetement-es","10":"first","11":"instock","12":"shipping-taxable","13":"purchasable","14":"product-type-simple"},"yoast_head":"<title>Cubierta de ropa colgante en entrega - gratis Ahorra un 30% en tu pedido<\/title>\n<meta name=\"description\" content=\"Recibe tu Cubierta de ropa colgante hoy y benef\u00edciate de la entrega - gratuita Env\u00edo en 24\/48h\" \/>\n<meta name=\"robots\" content=\"index, follow, max-snippet:-1, max-image-preview:large, max-video-preview:-1\" \/>\n<link rel=\"canonical\" href=\"https:\/\/365-housse.com\/es\/productos\/housse-de-vetement-suspendue\/\" \/>\n<meta property=\"og:locale\" content=\"es_ES\" \/>\n<meta property=\"og:type\" content=\"article\" \/>\n<meta property=\"og:title\" content=\"Cubierta de ropa colgante en entrega - gratis Ahorra un 30% en tu pedido\" \/>\n<meta property=\"og:description\" content=\"Recibe tu Cubierta de ropa colgante hoy y benef\u00edciate de la entrega - gratuita Env\u00edo en 24\/48h\" \/>\n<meta property=\"og:url\" content=\"https:\/\/365-housse.com\/es\/productos\/housse-de-vetement-suspendue\/\" \/>\n<meta property=\"og:site_name\" content=\"Housse de Canap\u00e9\" \/>\n<meta property=\"article:modified_time\" content=\"2024-09-17T14:59:21+00:00\" \/>\n<meta property=\"og:image\" content=\"https:\/\/365-housse.com\/wp-content\/uploads\/2023\/06\/housse-de-vetement-suspendue.png\" \/>\n\t<meta property=\"og:image:width\" content=\"526\" \/>\n\t<meta property=\"og:image:height\" content=\"631\" \/>\n\t<meta property=\"og:image:type\" content=\"image\/png\" \/>\n<meta name=\"twitter:card\" content=\"summary_large_image\" \/>\n<meta name=\"twitter:label1\" content=\"Tiempo de lectura\" \/>\n\t<meta name=\"twitter:data1\" content=\"1 minuto\" \/>\n<script type=\"application\/ld+json\" class=\"yoast-schema-graph\">{\"@context\":\"https:\/\/schema.org\",\"@graph\":[{\"@type\":\"WebPage\",\"@id\":\"https:\/\/365-housse.com\/es\/productos\/housse-de-vetement-suspendue\/\",\"url\":\"https:\/\/365-housse.com\/es\/productos\/housse-de-vetement-suspendue\/\",\"name\":\"Cubierta de ropa colgante en entrega - gratis Ahorra un 30% en tu pedido\",\"isPartOf\":{\"@id\":\"https:\/\/365-housse.com\/es\/#website\"},\"primaryImageOfPage\":{\"@id\":\"https:\/\/365-housse.com\/es\/productos\/housse-de-vetement-suspendue\/#primaryimage\"},\"image\":{\"@id\":\"https:\/\/365-housse.com\/es\/productos\/housse-de-vetement-suspendue\/#primaryimage\"},\"thumbnailUrl\":\"https:\/\/365-housse.com\/wp-content\/uploads\/2023\/06\/housse-de-vetement-suspendue.jpg\",\"datePublished\":\"2023-06-12T08:32:58+00:00\",\"dateModified\":\"2024-09-17T14:59:21+00:00\",\"description\":\"Recibe tu Cubierta de ropa colgante hoy y benef\u00edciate de la entrega - gratuita Env\u00edo en 24\/48h\",\"breadcrumb\":{\"@id\":\"https:\/\/365-housse.com\/es\/productos\/housse-de-vetement-suspendue\/#breadcrumb\"},\"inLanguage\":\"es\",\"potentialAction\":[{\"@type\":\"ReadAction\",\"target\":[\"https:\/\/365-housse.com\/es\/productos\/housse-de-vetement-suspendue\/\"]}]},{\"@type\":\"ImageObject\",\"inLanguage\":\"es\",\"@id\":\"https:\/\/365-housse.com\/es\/productos\/housse-de-vetement-suspendue\/#primaryimage\",\"url\":\"https:\/\/365-housse.com\/wp-content\/uploads\/2023\/06\/housse-de-vetement-suspendue.jpg\",\"contentUrl\":\"https:\/\/365-housse.com\/wp-content\/uploads\/2023\/06\/housse-de-vetement-suspendue.jpg\",\"width\":526,\"height\":631},{\"@type\":\"BreadcrumbList\",\"@id\":\"https:\/\/365-housse.com\/es\/productos\/housse-de-vetement-suspendue\/#breadcrumb\",\"itemListElement\":[{\"@type\":\"ListItem\",\"position\":1,\"name\":\"Accueil\",\"item\":\"https:\/\/365-housse.com\/es\/\"},{\"@type\":\"ListItem\",\"position\":2,\"name\":\"Tienda\",\"item\":\"https:\/\/365-housse.com\/es\/tienda\/\"},{\"@type\":\"ListItem\",\"position\":3,\"name\":\"Cubierta de ropa colgante\"}]},{\"@type\":\"WebSite\",\"@id\":\"https:\/\/365-housse.com\/es\/#website\",\"url\":\"https:\/\/365-housse.com\/es\/\",\"name\":\"Housse de Canap\u00e9\",\"description\":\"Le N\u00b01 de la Housse\",\"publisher\":{\"@id\":\"https:\/\/365-housse.com\/es\/#organization\"},\"potentialAction\":[{\"@type\":\"SearchAction\",\"target\":{\"@type\":\"EntryPoint\",\"urlTemplate\":\"https:\/\/365-housse.com\/es\/?s={search_term_string}\"},\"query-input\":{\"@type\":\"PropertyValueSpecification\",\"valueRequired\":true,\"valueName\":\"search_term_string\"}}],\"inLanguage\":\"es\"},{\"@type\":\"Organization\",\"@id\":\"https:\/\/365-housse.com\/es\/#organization\",\"name\":\"Housse de Canap\u00e9\",\"url\":\"https:\/\/365-housse.com\/es\/\",\"logo\":{\"@type\":\"ImageObject\",\"inLanguage\":\"es\",\"@id\":\"https:\/\/365-housse.com\/es\/#\/schema\/logo\/image\/\",\"url\":\"https:\/\/365-housse.com\/wp-content\/uploads\/2023\/06\/LOGO-400-\u00d7-200-px-392-x-134-px-16.png\",\"contentUrl\":\"https:\/\/365-housse.com\/wp-content\/uploads\/2023\/06\/LOGO-400-\u00d7-200-px-392-x-134-px-16.png\",\"width\":392,\"height\":134,\"caption\":\"Housse de Canap\u00e9\"},\"image\":{\"@id\":\"https:\/\/365-housse.com\/es\/#\/schema\/logo\/image\/\"}}]}<\/script>","yoast_head_json":{"title":"Cubierta de ropa colgante en entrega - gratis Ahorra un 30% en tu pedido","description":"Recibe tu Cubierta de ropa colgante hoy y benef\u00edciate de la entrega - gratuita Env\u00edo en 24\/48h","robots":{"index":"index","follow":"follow","max-snippet":"max-snippet:-1","max-image-preview":"max-image-preview:large","max-video-preview":"max-video-preview:-1"},"canonical":"https:\/\/365-housse.com\/es\/productos\/housse-de-vetement-suspendue\/","og_locale":"es_ES","og_type":"article","og_title":"Cubierta de ropa colgante en entrega - gratis Ahorra un 30% en tu pedido","og_description":"Recibe tu Cubierta de ropa colgante hoy y benef\u00edciate de la entrega - gratuita Env\u00edo en 24\/48h","og_url":"https:\/\/365-housse.com\/es\/productos\/housse-de-vetement-suspendue\/","og_site_name":"Housse de Canap\u00e9","article_modified_time":"2024-09-17T14:59:21+00:00","og_image":[{"width":526,"height":631,"url":"https:\/\/365-housse.com\/wp-content\/uploads\/2023\/06\/housse-de-vetement-suspendue.png","type":"image\/png"}],"twitter_card":"summary_large_image","twitter_misc":{"Tiempo de lectura":"1 minuto"},"schema":{"@context":"https:\/\/schema.org","@graph":[{"@type":"WebPage","@id":"https:\/\/365-housse.com\/es\/productos\/housse-de-vetement-suspendue\/","url":"https:\/\/365-housse.com\/es\/productos\/housse-de-vetement-suspendue\/","name":"Cubierta de ropa colgante en entrega - gratis Ahorra un 30% en tu pedido","isPartOf":{"@id":"https:\/\/365-housse.com\/es\/#website"},"primaryImageOfPage":{"@id":"https:\/\/365-housse.com\/es\/productos\/housse-de-vetement-suspendue\/#primaryimage"},"image":{"@id":"https:\/\/365-housse.com\/es\/productos\/housse-de-vetement-suspendue\/#primaryimage"},"thumbnailUrl":"https:\/\/365-housse.com\/wp-content\/uploads\/2023\/06\/housse-de-vetement-suspendue.jpg","datePublished":"2023-06-12T08:32:58+00:00","dateModified":"2024-09-17T14:59:21+00:00","description":"Recibe tu Cubierta de ropa colgante hoy y benef\u00edciate de la entrega - gratuita Env\u00edo en 24\/48h","breadcrumb":{"@id":"https:\/\/365-housse.com\/es\/productos\/housse-de-vetement-suspendue\/#breadcrumb"},"inLanguage":"es","potentialAction":[{"@type":"ReadAction","target":["https:\/\/365-housse.com\/es\/productos\/housse-de-vetement-suspendue\/"]}]},{"@type":"ImageObject","inLanguage":"es","@id":"https:\/\/365-housse.com\/es\/productos\/housse-de-vetement-suspendue\/#primaryimage","url":"https:\/\/365-housse.com\/wp-content\/uploads\/2023\/06\/housse-de-vetement-suspendue.jpg","contentUrl":"https:\/\/365-housse.com\/wp-content\/uploads\/2023\/06\/housse-de-vetement-suspendue.jpg","width":526,"height":631},{"@type":"BreadcrumbList","@id":"https:\/\/365-housse.com\/es\/productos\/housse-de-vetement-suspendue\/#breadcrumb","itemListElement":[{"@type":"ListItem","position":1,"name":"Accueil","item":"https:\/\/365-housse.com\/es\/"},{"@type":"ListItem","position":2,"name":"Tienda","item":"https:\/\/365-housse.com\/es\/tienda\/"},{"@type":"ListItem","position":3,"name":"Cubierta de ropa colgante"}]},{"@type":"WebSite","@id":"https:\/\/365-housse.com\/es\/#website","url":"https:\/\/365-housse.com\/es\/","name":"Housse de Canap\u00e9","description":"Le N\u00b01 de la Housse","publisher":{"@id":"https:\/\/365-housse.com\/es\/#organization"},"potentialAction":[{"@type":"SearchAction","target":{"@type":"EntryPoint","urlTemplate":"https:\/\/365-housse.com\/es\/?s={search_term_string}"},"query-input":{"@type":"PropertyValueSpecification","valueRequired":true,"valueName":"search_term_string"}}],"inLanguage":"es"},{"@type":"Organization","@id":"https:\/\/365-housse.com\/es\/#organization","name":"Housse de Canap\u00e9","url":"https:\/\/365-housse.com\/es\/","logo":{"@type":"ImageObject","inLanguage":"es","@id":"https:\/\/365-housse.com\/es\/#\/schema\/logo\/image\/","url":"https:\/\/365-housse.com\/wp-content\/uploads\/2023\/06\/LOGO-400-\u00d7-200-px-392-x-134-px-16.png","contentUrl":"https:\/\/365-housse.com\/wp-content\/uploads\/2023\/06\/LOGO-400-\u00d7-200-px-392-x-134-px-16.png","width":392,"height":134,"caption":"Housse de Canap\u00e9"},"image":{"@id":"https:\/\/365-housse.com\/es\/#\/schema\/logo\/image\/"}}]}},"_links":{"self":[{"href":"https:\/\/365-housse.com\/es\/wp-json\/wp\/v2\/product\/18865"}],"collection":[{"href":"https:\/\/365-housse.com\/es\/wp-json\/wp\/v2\/product"}],"about":[{"href":"https:\/\/365-housse.com\/es\/wp-json\/wp\/v2\/types\/product"}],"replies":[{"embeddable":true,"href":"https:\/\/365-housse.com\/es\/wp-json\/wp\/v2\/comments?post=18865"}],"wp:featuredmedia":[{"embeddable":true,"href":"https:\/\/365-housse.com\/es\/wp-json\/wp\/v2\/media\/16555"}],"wp:attachment":[{"href":"https:\/\/365-housse.com\/es\/wp-json\/wp\/v2\/media?parent=18865"}],"wp:term":[{"taxonomy":"product_cat","embeddable":true,"href":"https:\/\/365-housse.com\/es\/wp-json\/wp\/v2\/product_cat?post=18865"},{"taxonomy":"product_tag","embeddable":true,"href":"https:\/\/365-housse.com\/es\/wp-json\/wp\/v2\/product_tag?post=18865"}],"curies":[{"name":"wp","href":"https:\/\/api.w.org\/{rel}","templated":true}]}}