{"id":18866,"date":"2023-06-12T08:32:58","date_gmt":"2023-06-12T08:32:58","guid":{"rendered":"https:\/\/365-housse.com\/products\/housse-de-robe-pliable\/"},"modified":"2024-09-17T14:59:22","modified_gmt":"2024-09-17T14:59:22","slug":"housse-de-robe-pliable","status":"publish","type":"product","link":"https:\/\/365-housse.com\/es\/productos\/housse-de-robe-pliable\/","title":{"rendered":"Funda de vestido plegable"},"content":{"rendered":"<h2 data-mce-fragment=\"1\" data-pm-slice=\"1 1 []\">La <strong data-mce-fragment=\"1\">funda de vestir plegable<\/strong> es imprescindible para los viajeros frecuentes y aquellos que necesitan transportar sus vestidos de novia de un lugar a otro antes de la ceremonia. Protege tu prenda de da\u00f1os, conserva su forma y el tejido original, evita costes de limpieza en seco y evita que te encuentres en una situaci\u00f3n embarazosa el gran d\u00eda. Su dise\u00f1o plegable y su asa facilitan su transporte sin ocupar demasiado trabajo. . espacio.<\/h2>\n<h3 data-pm-slice=\"1 1 []\">Mantenga sus vestidos de noche, vestidos de novia y m\u00e1s seguros y f\u00e1cilmente transportables con esta <strong>funda para vestido plegable<\/strong>. Solo lleva unos minutos proteger tu vestido de la suciedad y el polvo, a la vez que proporciona una soluci\u00f3n suave y c\u00f3moda para transportarlo.<\/h3>\n<p><strong data-mce-fragment=\"1\">Caracter\u00edsticas: <\/strong><\/p>\n<ul>\n<li>\n<p data-mce-fragment=\"1\">Composici\u00f3n:<span data-mce-fragment=\"1\"> <strong>Tela gruesa no tejida<\/strong><\/span><\/p>\n<\/li>\n<li>\n<p data-mce-fragment=\"1\">Bolsa de almacenamiento impermeable, resistente al agua y al polvo<\/p>\n<\/li>\n<li>\n<p data-mce-fragment=\"1\">Acabados<span data-mce-fragment=\"1\"> <\/span><strong data-mce-fragment=\"1\">acabados precisos<\/strong><span> <\/span>y<span data-mce-fragment=\"1\"> <\/span><strong data-mce-fragment=\"1\">sofisticado<\/strong><\/p>\n<\/li>\n<li>\n\t\t<strong data-mce-fragment=\"1\">Cierre de cremallera<\/strong> y <strong>manguito de transporte<\/strong>\n\t<\/li>\n<\/ul>\n<ul>\n<li>\n<p data-mce-fragment=\"1\">Lavable a mano<\/p>\n<\/li>\n<li>\n<p data-mce-fragment=\"1\">Tama\u00f1o: 180x60x30 cm<\/p>\n<\/li>\n<li data-mce-fragment=\"1\">Colores disponibles: Blanco, beige y negro<\/li>\n<\/ul>\n<p style=\"text-align: center\"> <img decoding=\"async\" alt=\"\" data-mce-fragment=\"1\" data-mce-src=\"https:\/\/365-housse.com\/wp-content\/uploads\/ 2023\/06\/housses-de-robe-pliable-taille_480x480.jpg?v=1667315052\" src=\"https:\/\/365-housse.com\/wp-content\/uploads\/2023\/06\/housses-de-robe-pliable -size_480x480.jpg?v=1667315052\" \/>&gt;<\/p>\n<p data-pm-slice=\"1 1 []\"><strong>Fundas para vestidos<\/strong> son perfectas para guardar y proteger vestidos y mantenerlos en buen estado durante tu viaje. Su tejido suele ser muy resistente, lo que permite conservar objetos durante meses, si es necesario. Si t\u00fa tambi\u00e9n est\u00e1s buscando fundas para el traje de tu marido o de tu hijo, nuestra <strong>Funda Traje Hombre<\/strong> te ser\u00e1 de utilidad.<\/p>\n","protected":false},"excerpt":{"rendered":"<p>La funda de vestir plegable es imprescindible para los viajeros frecuentes y aquellos que necesitan transportar sus vestidos de novia de un lugar a otro antes de la ceremonia. Protege tu prenda de da\u00f1os, conserva su forma y el tejido original, evita costes de limpieza en seco y evita que te encuentres en una situaci\u00f3n [&hellip;]<\/p>\n","protected":false},"featured_media":16558,"comment_status":"open","ping_status":"closed","template":"","meta":[],"product_cat":[188,161],"product_tag":[],"class_list":{"0":"post-18866","1":"product","2":"type-product","3":"status-publish","4":"has-post-thumbnail","6":"product_cat-funda-para-ropa","7":"product_cat-portada-interior","9":"first","10":"instock","11":"shipping-taxable","12":"product-type-variable"},"yoast_head":"<title>Funda de vestido plegable en entrega - gratis Ahorra un 30% en tu pedido<\/title>\n<meta name=\"description\" content=\"Recibe tu Funda de vestido plegable hoy y benef\u00edciate de la entrega - gratuita Env\u00edo en 24\/48h\" \/>\n<meta name=\"robots\" content=\"index, follow, max-snippet:-1, max-image-preview:large, max-video-preview:-1\" \/>\n<link rel=\"canonical\" href=\"https:\/\/365-housse.com\/es\/productos\/housse-de-robe-pliable\/\" \/>\n<meta property=\"og:locale\" content=\"es_ES\" \/>\n<meta property=\"og:type\" content=\"article\" \/>\n<meta property=\"og:title\" content=\"Funda de vestido plegable en entrega - gratis Ahorra un 30% en tu pedido\" \/>\n<meta property=\"og:description\" content=\"Recibe tu Funda de vestido plegable hoy y benef\u00edciate de la entrega - gratuita Env\u00edo en 24\/48h\" \/>\n<meta property=\"og:url\" content=\"https:\/\/365-housse.com\/es\/productos\/housse-de-robe-pliable\/\" \/>\n<meta property=\"og:site_name\" content=\"Housse de Canap\u00e9\" \/>\n<meta property=\"article:modified_time\" content=\"2024-09-17T14:59:22+00:00\" \/>\n<meta property=\"og:image\" content=\"https:\/\/365-housse.com\/wp-content\/uploads\/2023\/06\/housse-de-robe-pliable.png\" \/>\n\t<meta property=\"og:image:width\" content=\"449\" \/>\n\t<meta property=\"og:image:height\" content=\"451\" \/>\n\t<meta property=\"og:image:type\" content=\"image\/png\" \/>\n<meta name=\"twitter:card\" content=\"summary_large_image\" \/>\n<meta name=\"twitter:label1\" content=\"Tiempo de lectura\" \/>\n\t<meta name=\"twitter:data1\" content=\"1 minuto\" \/>\n<script type=\"application\/ld+json\" class=\"yoast-schema-graph\">{\"@context\":\"https:\/\/schema.org\",\"@graph\":[{\"@type\":\"WebPage\",\"@id\":\"https:\/\/365-housse.com\/es\/productos\/housse-de-robe-pliable\/\",\"url\":\"https:\/\/365-housse.com\/es\/productos\/housse-de-robe-pliable\/\",\"name\":\"Funda de vestido plegable en entrega - gratis Ahorra un 30% en tu pedido\",\"isPartOf\":{\"@id\":\"https:\/\/365-housse.com\/es\/#website\"},\"primaryImageOfPage\":{\"@id\":\"https:\/\/365-housse.com\/es\/productos\/housse-de-robe-pliable\/#primaryimage\"},\"image\":{\"@id\":\"https:\/\/365-housse.com\/es\/productos\/housse-de-robe-pliable\/#primaryimage\"},\"thumbnailUrl\":\"https:\/\/365-housse.com\/wp-content\/uploads\/2023\/06\/housse-de-robe-pliable.jpg\",\"datePublished\":\"2023-06-12T08:32:58+00:00\",\"dateModified\":\"2024-09-17T14:59:22+00:00\",\"description\":\"Recibe tu Funda de vestido plegable hoy y benef\u00edciate de la entrega - gratuita Env\u00edo en 24\/48h\",\"breadcrumb\":{\"@id\":\"https:\/\/365-housse.com\/es\/productos\/housse-de-robe-pliable\/#breadcrumb\"},\"inLanguage\":\"es\",\"potentialAction\":[{\"@type\":\"ReadAction\",\"target\":[\"https:\/\/365-housse.com\/es\/productos\/housse-de-robe-pliable\/\"]}]},{\"@type\":\"ImageObject\",\"inLanguage\":\"es\",\"@id\":\"https:\/\/365-housse.com\/es\/productos\/housse-de-robe-pliable\/#primaryimage\",\"url\":\"https:\/\/365-housse.com\/wp-content\/uploads\/2023\/06\/housse-de-robe-pliable.jpg\",\"contentUrl\":\"https:\/\/365-housse.com\/wp-content\/uploads\/2023\/06\/housse-de-robe-pliable.jpg\",\"width\":449,\"height\":451},{\"@type\":\"BreadcrumbList\",\"@id\":\"https:\/\/365-housse.com\/es\/productos\/housse-de-robe-pliable\/#breadcrumb\",\"itemListElement\":[{\"@type\":\"ListItem\",\"position\":1,\"name\":\"Accueil\",\"item\":\"https:\/\/365-housse.com\/es\/\"},{\"@type\":\"ListItem\",\"position\":2,\"name\":\"Tienda\",\"item\":\"https:\/\/365-housse.com\/es\/tienda\/\"},{\"@type\":\"ListItem\",\"position\":3,\"name\":\"Funda de vestido plegable\"}]},{\"@type\":\"WebSite\",\"@id\":\"https:\/\/365-housse.com\/es\/#website\",\"url\":\"https:\/\/365-housse.com\/es\/\",\"name\":\"Housse de Canap\u00e9\",\"description\":\"Le N\u00b01 de la Housse\",\"publisher\":{\"@id\":\"https:\/\/365-housse.com\/es\/#organization\"},\"potentialAction\":[{\"@type\":\"SearchAction\",\"target\":{\"@type\":\"EntryPoint\",\"urlTemplate\":\"https:\/\/365-housse.com\/es\/?s={search_term_string}\"},\"query-input\":{\"@type\":\"PropertyValueSpecification\",\"valueRequired\":true,\"valueName\":\"search_term_string\"}}],\"inLanguage\":\"es\"},{\"@type\":\"Organization\",\"@id\":\"https:\/\/365-housse.com\/es\/#organization\",\"name\":\"Housse de Canap\u00e9\",\"url\":\"https:\/\/365-housse.com\/es\/\",\"logo\":{\"@type\":\"ImageObject\",\"inLanguage\":\"es\",\"@id\":\"https:\/\/365-housse.com\/es\/#\/schema\/logo\/image\/\",\"url\":\"https:\/\/365-housse.com\/wp-content\/uploads\/2023\/06\/LOGO-400-\u00d7-200-px-392-x-134-px-16.png\",\"contentUrl\":\"https:\/\/365-housse.com\/wp-content\/uploads\/2023\/06\/LOGO-400-\u00d7-200-px-392-x-134-px-16.png\",\"width\":392,\"height\":134,\"caption\":\"Housse de Canap\u00e9\"},\"image\":{\"@id\":\"https:\/\/365-housse.com\/es\/#\/schema\/logo\/image\/\"}}]}<\/script>","yoast_head_json":{"title":"Funda de vestido plegable en entrega - gratis Ahorra un 30% en tu pedido","description":"Recibe tu Funda de vestido plegable hoy y benef\u00edciate de la entrega - gratuita Env\u00edo en 24\/48h","robots":{"index":"index","follow":"follow","max-snippet":"max-snippet:-1","max-image-preview":"max-image-preview:large","max-video-preview":"max-video-preview:-1"},"canonical":"https:\/\/365-housse.com\/es\/productos\/housse-de-robe-pliable\/","og_locale":"es_ES","og_type":"article","og_title":"Funda de vestido plegable en entrega - gratis Ahorra un 30% en tu pedido","og_description":"Recibe tu Funda de vestido plegable hoy y benef\u00edciate de la entrega - gratuita Env\u00edo en 24\/48h","og_url":"https:\/\/365-housse.com\/es\/productos\/housse-de-robe-pliable\/","og_site_name":"Housse de Canap\u00e9","article_modified_time":"2024-09-17T14:59:22+00:00","og_image":[{"width":449,"height":451,"url":"https:\/\/365-housse.com\/wp-content\/uploads\/2023\/06\/housse-de-robe-pliable.png","type":"image\/png"}],"twitter_card":"summary_large_image","twitter_misc":{"Tiempo de lectura":"1 minuto"},"schema":{"@context":"https:\/\/schema.org","@graph":[{"@type":"WebPage","@id":"https:\/\/365-housse.com\/es\/productos\/housse-de-robe-pliable\/","url":"https:\/\/365-housse.com\/es\/productos\/housse-de-robe-pliable\/","name":"Funda de vestido plegable en entrega - gratis Ahorra un 30% en tu pedido","isPartOf":{"@id":"https:\/\/365-housse.com\/es\/#website"},"primaryImageOfPage":{"@id":"https:\/\/365-housse.com\/es\/productos\/housse-de-robe-pliable\/#primaryimage"},"image":{"@id":"https:\/\/365-housse.com\/es\/productos\/housse-de-robe-pliable\/#primaryimage"},"thumbnailUrl":"https:\/\/365-housse.com\/wp-content\/uploads\/2023\/06\/housse-de-robe-pliable.jpg","datePublished":"2023-06-12T08:32:58+00:00","dateModified":"2024-09-17T14:59:22+00:00","description":"Recibe tu Funda de vestido plegable hoy y benef\u00edciate de la entrega - gratuita Env\u00edo en 24\/48h","breadcrumb":{"@id":"https:\/\/365-housse.com\/es\/productos\/housse-de-robe-pliable\/#breadcrumb"},"inLanguage":"es","potentialAction":[{"@type":"ReadAction","target":["https:\/\/365-housse.com\/es\/productos\/housse-de-robe-pliable\/"]}]},{"@type":"ImageObject","inLanguage":"es","@id":"https:\/\/365-housse.com\/es\/productos\/housse-de-robe-pliable\/#primaryimage","url":"https:\/\/365-housse.com\/wp-content\/uploads\/2023\/06\/housse-de-robe-pliable.jpg","contentUrl":"https:\/\/365-housse.com\/wp-content\/uploads\/2023\/06\/housse-de-robe-pliable.jpg","width":449,"height":451},{"@type":"BreadcrumbList","@id":"https:\/\/365-housse.com\/es\/productos\/housse-de-robe-pliable\/#breadcrumb","itemListElement":[{"@type":"ListItem","position":1,"name":"Accueil","item":"https:\/\/365-housse.com\/es\/"},{"@type":"ListItem","position":2,"name":"Tienda","item":"https:\/\/365-housse.com\/es\/tienda\/"},{"@type":"ListItem","position":3,"name":"Funda de vestido plegable"}]},{"@type":"WebSite","@id":"https:\/\/365-housse.com\/es\/#website","url":"https:\/\/365-housse.com\/es\/","name":"Housse de Canap\u00e9","description":"Le N\u00b01 de la Housse","publisher":{"@id":"https:\/\/365-housse.com\/es\/#organization"},"potentialAction":[{"@type":"SearchAction","target":{"@type":"EntryPoint","urlTemplate":"https:\/\/365-housse.com\/es\/?s={search_term_string}"},"query-input":{"@type":"PropertyValueSpecification","valueRequired":true,"valueName":"search_term_string"}}],"inLanguage":"es"},{"@type":"Organization","@id":"https:\/\/365-housse.com\/es\/#organization","name":"Housse de Canap\u00e9","url":"https:\/\/365-housse.com\/es\/","logo":{"@type":"ImageObject","inLanguage":"es","@id":"https:\/\/365-housse.com\/es\/#\/schema\/logo\/image\/","url":"https:\/\/365-housse.com\/wp-content\/uploads\/2023\/06\/LOGO-400-\u00d7-200-px-392-x-134-px-16.png","contentUrl":"https:\/\/365-housse.com\/wp-content\/uploads\/2023\/06\/LOGO-400-\u00d7-200-px-392-x-134-px-16.png","width":392,"height":134,"caption":"Housse de Canap\u00e9"},"image":{"@id":"https:\/\/365-housse.com\/es\/#\/schema\/logo\/image\/"}}]}},"_links":{"self":[{"href":"https:\/\/365-housse.com\/es\/wp-json\/wp\/v2\/product\/18866"}],"collection":[{"href":"https:\/\/365-housse.com\/es\/wp-json\/wp\/v2\/product"}],"about":[{"href":"https:\/\/365-housse.com\/es\/wp-json\/wp\/v2\/types\/product"}],"replies":[{"embeddable":true,"href":"https:\/\/365-housse.com\/es\/wp-json\/wp\/v2\/comments?post=18866"}],"wp:featuredmedia":[{"embeddable":true,"href":"https:\/\/365-housse.com\/es\/wp-json\/wp\/v2\/media\/16558"}],"wp:attachment":[{"href":"https:\/\/365-housse.com\/es\/wp-json\/wp\/v2\/media?parent=18866"}],"wp:term":[{"taxonomy":"product_cat","embeddable":true,"href":"https:\/\/365-housse.com\/es\/wp-json\/wp\/v2\/product_cat?post=18866"},{"taxonomy":"product_tag","embeddable":true,"href":"https:\/\/365-housse.com\/es\/wp-json\/wp\/v2\/product_tag?post=18866"}],"curies":[{"name":"wp","href":"https:\/\/api.w.org\/{rel}","templated":true}]}}