{"id":18874,"date":"2023-06-12T08:32:57","date_gmt":"2023-06-12T08:32:57","guid":{"rendered":"https:\/\/365-housse.com\/products\/housse-de-rangement-pour-vetement\/"},"modified":"2024-09-17T14:59:25","modified_gmt":"2024-09-17T14:59:25","slug":"housse-de-rangement-pour-vetement","status":"publish","type":"product","link":"https:\/\/365-housse.com\/es\/productos\/housse-de-rangement-pour-vetement\/","title":{"rendered":"Cubierta de almacenamiento de ropa"},"content":{"rendered":"<h2 data-mce-fragment=\"1\" data-pm-slice=\"1 1 []\">Organiza y protege tus h\u00e1bitos con esta <strong data-mce-fragment=\"1\">Bolsa para guardar ropa<\/ strong> <span> <\/span>! Con su dise\u00f1o \u00fanico, ya no necesitar\u00e1s insertar tu ropa una por una. Simplemente coloque la funda sobre la ropa a proteger. Adem\u00e1s, se ofrece en dos tama\u00f1os y dos colores diferentes, para adaptarse perfectamente a tus art\u00edculos y a tu espacio de almacenamiento.<\/h2>\n<h3 data-mce-fragment=\"1\">Caracter\u00edsticas: <\/h3>\n<ul>\n<li data-mce-fragment=\"1\"><strong data-mce-fragment=\"1\">Tela no tejida<\/strong> para mayor durabilidad<\/li>\n<li data-mce-fragment=\"1\">Bolsa de almacenamiento resistente al agua y al polvo <\/li>\n<li data-mce-fragment=\"1\"><strong data-mce-fragment=\"1\">precisos<\/strong> y <strong data-mce-fragment=\"1\">acabados sofisticados<\/strong><\/ li>\n<li data-mce-fragment=\"1\">ventana <strong data-mce-fragment=\"1\">transparente<\/strong><\/li>\n<li data-mce-fragment=\"1\">Lavable a mano<\/li>\n<li data-mce-fragment=\"1\">Tama\u00f1os disponibles: 90x110cm | 110cmx120<\/li>\n<\/ul>\n<p data-mce-fragment=\"1\" data-mce-style=\"text-align: center;\"> <img decoding=\"async\" alt=\"\" data-mce-fragment=\"1\" data-mce-src=\"https:\/\/365-housse.com\/wp-content\/uploads\/2023\/ 06\/housse-de-rangements-pour-vetement_480x480.png?v=1667332947\" src=\"https:\/\/365-housse.com\/wp-content\/uploads\/2023\/06\/housse-de-rangements-pour-vetement_480x480 .png?v=1667332947\" \/><\/p>\n<p data-mce-fragment=\"1\" data-pm-slice=\"1 1 []\">Reduzca el desorden y proteja su ropa con este<span data-mce-fragment=\"1\"> <\/span><a data-mce-fragment=\"1\" data-mce-href=\"\/?product_cat=housse-de-vetement\" href=\"https:\/\/365-housse.com\/es\/collections\/funda-para-ropa\/ \" rel=\"noopener\" target=\"_blank\" title=\"Funda para ropa\"><strong data-mce-fragment=\"1\">Funda para ropa<\/strong><\/a><span data-mce-fragment=\"1\"> <\/span>! Incluso en climas c\u00e1lidos y h\u00famedos, seguramente encontrar\u00e1s tu ropa limpia y fresca. Adem\u00e1s, el<span data-mce-fragment=\"1\"> <\/span><strong data-mce-fragment=\"1\">portatrajes con bolsillos<\/strong> es pr\u00e1ctico para transportar tus objetos sin molestar a los conductores. . La cremallera bidireccional facilita la extracci\u00f3n de art\u00edculos y se adapta a la mayor\u00eda de perchas.<\/p>\n","protected":false},"excerpt":{"rendered":"<p>Organiza y protege tus h\u00e1bitos con esta Bolsa para guardar ropa ! Con su dise\u00f1o \u00fanico, ya no necesitar\u00e1s insertar tu ropa una por una. Simplemente coloque la funda sobre la ropa a proteger. Adem\u00e1s, se ofrece en dos tama\u00f1os y dos colores diferentes, para adaptarse perfectamente a tus art\u00edculos y a tu espacio de [&hellip;]<\/p>\n","protected":false},"featured_media":16551,"comment_status":"open","ping_status":"closed","template":"","meta":[],"product_cat":[188,161],"product_tag":[207],"class_list":{"0":"post-18874","1":"product","2":"type-product","3":"status-publish","4":"has-post-thumbnail","6":"product_cat-funda-para-ropa","7":"product_cat-portada-interior","8":"product_tag-vetement-es","10":"first","11":"instock","12":"shipping-taxable","13":"purchasable","14":"product-type-variable"},"yoast_head":"<title>Cubierta de almacenamiento de ropa en entrega - gratis Ahorra un 30% en tu pedido<\/title>\n<meta name=\"description\" content=\"Recibe tu Cubierta de almacenamiento de ropa hoy y benef\u00edciate de la entrega - gratuita Env\u00edo en 24\/48h\" \/>\n<meta name=\"robots\" content=\"index, follow, max-snippet:-1, max-image-preview:large, max-video-preview:-1\" \/>\n<link rel=\"canonical\" href=\"https:\/\/365-housse.com\/es\/productos\/housse-de-rangement-pour-vetement\/\" \/>\n<meta property=\"og:locale\" content=\"es_ES\" \/>\n<meta property=\"og:type\" content=\"article\" \/>\n<meta property=\"og:title\" content=\"Cubierta de almacenamiento de ropa en entrega - gratis Ahorra un 30% en tu pedido\" \/>\n<meta property=\"og:description\" content=\"Recibe tu Cubierta de almacenamiento de ropa hoy y benef\u00edciate de la entrega - gratuita Env\u00edo en 24\/48h\" \/>\n<meta property=\"og:url\" content=\"https:\/\/365-housse.com\/es\/productos\/housse-de-rangement-pour-vetement\/\" \/>\n<meta property=\"og:site_name\" content=\"Housse de Canap\u00e9\" \/>\n<meta property=\"article:modified_time\" content=\"2024-09-17T14:59:25+00:00\" \/>\n<meta property=\"og:image\" content=\"https:\/\/365-housse.com\/wp-content\/uploads\/2023\/06\/housse-de-rangement-pour-vetement-noir_8e9e9b14-cc43-47cf-87fe-118cb17998bd.png\" \/>\n\t<meta property=\"og:image:width\" content=\"488\" \/>\n\t<meta property=\"og:image:height\" content=\"486\" \/>\n\t<meta property=\"og:image:type\" content=\"image\/png\" \/>\n<meta name=\"twitter:card\" content=\"summary_large_image\" \/>\n<meta name=\"twitter:label1\" content=\"Tiempo de lectura\" \/>\n\t<meta name=\"twitter:data1\" content=\"1 minuto\" \/>\n<script type=\"application\/ld+json\" class=\"yoast-schema-graph\">{\"@context\":\"https:\/\/schema.org\",\"@graph\":[{\"@type\":\"WebPage\",\"@id\":\"https:\/\/365-housse.com\/es\/productos\/housse-de-rangement-pour-vetement\/\",\"url\":\"https:\/\/365-housse.com\/es\/productos\/housse-de-rangement-pour-vetement\/\",\"name\":\"Cubierta de almacenamiento de ropa en entrega - gratis Ahorra un 30% en tu pedido\",\"isPartOf\":{\"@id\":\"https:\/\/365-housse.com\/es\/#website\"},\"primaryImageOfPage\":{\"@id\":\"https:\/\/365-housse.com\/es\/productos\/housse-de-rangement-pour-vetement\/#primaryimage\"},\"image\":{\"@id\":\"https:\/\/365-housse.com\/es\/productos\/housse-de-rangement-pour-vetement\/#primaryimage\"},\"thumbnailUrl\":\"https:\/\/365-housse.com\/wp-content\/uploads\/2023\/06\/housse-de-rangement-pour-vetement-noir_8e9e9b14-cc43-47cf-87fe-118cb17998bd.jpg\",\"datePublished\":\"2023-06-12T08:32:57+00:00\",\"dateModified\":\"2024-09-17T14:59:25+00:00\",\"description\":\"Recibe tu Cubierta de almacenamiento de ropa hoy y benef\u00edciate de la entrega - gratuita Env\u00edo en 24\/48h\",\"breadcrumb\":{\"@id\":\"https:\/\/365-housse.com\/es\/productos\/housse-de-rangement-pour-vetement\/#breadcrumb\"},\"inLanguage\":\"es\",\"potentialAction\":[{\"@type\":\"ReadAction\",\"target\":[\"https:\/\/365-housse.com\/es\/productos\/housse-de-rangement-pour-vetement\/\"]}]},{\"@type\":\"ImageObject\",\"inLanguage\":\"es\",\"@id\":\"https:\/\/365-housse.com\/es\/productos\/housse-de-rangement-pour-vetement\/#primaryimage\",\"url\":\"https:\/\/365-housse.com\/wp-content\/uploads\/2023\/06\/housse-de-rangement-pour-vetement-noir_8e9e9b14-cc43-47cf-87fe-118cb17998bd.jpg\",\"contentUrl\":\"https:\/\/365-housse.com\/wp-content\/uploads\/2023\/06\/housse-de-rangement-pour-vetement-noir_8e9e9b14-cc43-47cf-87fe-118cb17998bd.jpg\",\"width\":488,\"height\":486},{\"@type\":\"BreadcrumbList\",\"@id\":\"https:\/\/365-housse.com\/es\/productos\/housse-de-rangement-pour-vetement\/#breadcrumb\",\"itemListElement\":[{\"@type\":\"ListItem\",\"position\":1,\"name\":\"Accueil\",\"item\":\"https:\/\/365-housse.com\/es\/\"},{\"@type\":\"ListItem\",\"position\":2,\"name\":\"Tienda\",\"item\":\"https:\/\/365-housse.com\/es\/tienda\/\"},{\"@type\":\"ListItem\",\"position\":3,\"name\":\"Cubierta de almacenamiento de ropa\"}]},{\"@type\":\"WebSite\",\"@id\":\"https:\/\/365-housse.com\/es\/#website\",\"url\":\"https:\/\/365-housse.com\/es\/\",\"name\":\"Housse de Canap\u00e9\",\"description\":\"Le N\u00b01 de la Housse\",\"publisher\":{\"@id\":\"https:\/\/365-housse.com\/es\/#organization\"},\"potentialAction\":[{\"@type\":\"SearchAction\",\"target\":{\"@type\":\"EntryPoint\",\"urlTemplate\":\"https:\/\/365-housse.com\/es\/?s={search_term_string}\"},\"query-input\":{\"@type\":\"PropertyValueSpecification\",\"valueRequired\":true,\"valueName\":\"search_term_string\"}}],\"inLanguage\":\"es\"},{\"@type\":\"Organization\",\"@id\":\"https:\/\/365-housse.com\/es\/#organization\",\"name\":\"Housse de Canap\u00e9\",\"url\":\"https:\/\/365-housse.com\/es\/\",\"logo\":{\"@type\":\"ImageObject\",\"inLanguage\":\"es\",\"@id\":\"https:\/\/365-housse.com\/es\/#\/schema\/logo\/image\/\",\"url\":\"https:\/\/365-housse.com\/wp-content\/uploads\/2023\/06\/LOGO-400-\u00d7-200-px-392-x-134-px-16.png\",\"contentUrl\":\"https:\/\/365-housse.com\/wp-content\/uploads\/2023\/06\/LOGO-400-\u00d7-200-px-392-x-134-px-16.png\",\"width\":392,\"height\":134,\"caption\":\"Housse de Canap\u00e9\"},\"image\":{\"@id\":\"https:\/\/365-housse.com\/es\/#\/schema\/logo\/image\/\"}}]}<\/script>","yoast_head_json":{"title":"Cubierta de almacenamiento de ropa en entrega - gratis Ahorra un 30% en tu pedido","description":"Recibe tu Cubierta de almacenamiento de ropa hoy y benef\u00edciate de la entrega - gratuita Env\u00edo en 24\/48h","robots":{"index":"index","follow":"follow","max-snippet":"max-snippet:-1","max-image-preview":"max-image-preview:large","max-video-preview":"max-video-preview:-1"},"canonical":"https:\/\/365-housse.com\/es\/productos\/housse-de-rangement-pour-vetement\/","og_locale":"es_ES","og_type":"article","og_title":"Cubierta de almacenamiento de ropa en entrega - gratis Ahorra un 30% en tu pedido","og_description":"Recibe tu Cubierta de almacenamiento de ropa hoy y benef\u00edciate de la entrega - gratuita Env\u00edo en 24\/48h","og_url":"https:\/\/365-housse.com\/es\/productos\/housse-de-rangement-pour-vetement\/","og_site_name":"Housse de Canap\u00e9","article_modified_time":"2024-09-17T14:59:25+00:00","og_image":[{"width":488,"height":486,"url":"https:\/\/365-housse.com\/wp-content\/uploads\/2023\/06\/housse-de-rangement-pour-vetement-noir_8e9e9b14-cc43-47cf-87fe-118cb17998bd.png","type":"image\/png"}],"twitter_card":"summary_large_image","twitter_misc":{"Tiempo de lectura":"1 minuto"},"schema":{"@context":"https:\/\/schema.org","@graph":[{"@type":"WebPage","@id":"https:\/\/365-housse.com\/es\/productos\/housse-de-rangement-pour-vetement\/","url":"https:\/\/365-housse.com\/es\/productos\/housse-de-rangement-pour-vetement\/","name":"Cubierta de almacenamiento de ropa en entrega - gratis Ahorra un 30% en tu pedido","isPartOf":{"@id":"https:\/\/365-housse.com\/es\/#website"},"primaryImageOfPage":{"@id":"https:\/\/365-housse.com\/es\/productos\/housse-de-rangement-pour-vetement\/#primaryimage"},"image":{"@id":"https:\/\/365-housse.com\/es\/productos\/housse-de-rangement-pour-vetement\/#primaryimage"},"thumbnailUrl":"https:\/\/365-housse.com\/wp-content\/uploads\/2023\/06\/housse-de-rangement-pour-vetement-noir_8e9e9b14-cc43-47cf-87fe-118cb17998bd.jpg","datePublished":"2023-06-12T08:32:57+00:00","dateModified":"2024-09-17T14:59:25+00:00","description":"Recibe tu Cubierta de almacenamiento de ropa hoy y benef\u00edciate de la entrega - gratuita Env\u00edo en 24\/48h","breadcrumb":{"@id":"https:\/\/365-housse.com\/es\/productos\/housse-de-rangement-pour-vetement\/#breadcrumb"},"inLanguage":"es","potentialAction":[{"@type":"ReadAction","target":["https:\/\/365-housse.com\/es\/productos\/housse-de-rangement-pour-vetement\/"]}]},{"@type":"ImageObject","inLanguage":"es","@id":"https:\/\/365-housse.com\/es\/productos\/housse-de-rangement-pour-vetement\/#primaryimage","url":"https:\/\/365-housse.com\/wp-content\/uploads\/2023\/06\/housse-de-rangement-pour-vetement-noir_8e9e9b14-cc43-47cf-87fe-118cb17998bd.jpg","contentUrl":"https:\/\/365-housse.com\/wp-content\/uploads\/2023\/06\/housse-de-rangement-pour-vetement-noir_8e9e9b14-cc43-47cf-87fe-118cb17998bd.jpg","width":488,"height":486},{"@type":"BreadcrumbList","@id":"https:\/\/365-housse.com\/es\/productos\/housse-de-rangement-pour-vetement\/#breadcrumb","itemListElement":[{"@type":"ListItem","position":1,"name":"Accueil","item":"https:\/\/365-housse.com\/es\/"},{"@type":"ListItem","position":2,"name":"Tienda","item":"https:\/\/365-housse.com\/es\/tienda\/"},{"@type":"ListItem","position":3,"name":"Cubierta de almacenamiento de ropa"}]},{"@type":"WebSite","@id":"https:\/\/365-housse.com\/es\/#website","url":"https:\/\/365-housse.com\/es\/","name":"Housse de Canap\u00e9","description":"Le N\u00b01 de la Housse","publisher":{"@id":"https:\/\/365-housse.com\/es\/#organization"},"potentialAction":[{"@type":"SearchAction","target":{"@type":"EntryPoint","urlTemplate":"https:\/\/365-housse.com\/es\/?s={search_term_string}"},"query-input":{"@type":"PropertyValueSpecification","valueRequired":true,"valueName":"search_term_string"}}],"inLanguage":"es"},{"@type":"Organization","@id":"https:\/\/365-housse.com\/es\/#organization","name":"Housse de Canap\u00e9","url":"https:\/\/365-housse.com\/es\/","logo":{"@type":"ImageObject","inLanguage":"es","@id":"https:\/\/365-housse.com\/es\/#\/schema\/logo\/image\/","url":"https:\/\/365-housse.com\/wp-content\/uploads\/2023\/06\/LOGO-400-\u00d7-200-px-392-x-134-px-16.png","contentUrl":"https:\/\/365-housse.com\/wp-content\/uploads\/2023\/06\/LOGO-400-\u00d7-200-px-392-x-134-px-16.png","width":392,"height":134,"caption":"Housse de Canap\u00e9"},"image":{"@id":"https:\/\/365-housse.com\/es\/#\/schema\/logo\/image\/"}}]}},"_links":{"self":[{"href":"https:\/\/365-housse.com\/es\/wp-json\/wp\/v2\/product\/18874"}],"collection":[{"href":"https:\/\/365-housse.com\/es\/wp-json\/wp\/v2\/product"}],"about":[{"href":"https:\/\/365-housse.com\/es\/wp-json\/wp\/v2\/types\/product"}],"replies":[{"embeddable":true,"href":"https:\/\/365-housse.com\/es\/wp-json\/wp\/v2\/comments?post=18874"}],"wp:featuredmedia":[{"embeddable":true,"href":"https:\/\/365-housse.com\/es\/wp-json\/wp\/v2\/media\/16551"}],"wp:attachment":[{"href":"https:\/\/365-housse.com\/es\/wp-json\/wp\/v2\/media?parent=18874"}],"wp:term":[{"taxonomy":"product_cat","embeddable":true,"href":"https:\/\/365-housse.com\/es\/wp-json\/wp\/v2\/product_cat?post=18874"},{"taxonomy":"product_tag","embeddable":true,"href":"https:\/\/365-housse.com\/es\/wp-json\/wp\/v2\/product_tag?post=18874"}],"curies":[{"name":"wp","href":"https:\/\/api.w.org\/{rel}","templated":true}]}}