{"id":18901,"date":"2023-06-12T08:31:46","date_gmt":"2023-06-12T08:31:46","guid":{"rendered":"https:\/\/365-housse.com\/products\/housse-de-coussin-canape-gris\/"},"modified":"2024-09-17T14:59:35","modified_gmt":"2024-09-17T14:59:35","slug":"housse-de-coussin-canape-gris","status":"publish","type":"product","link":"https:\/\/365-housse.com\/es\/productos\/housse-de-coussin-canape-gris\/","title":{"rendered":"Funda de coj\u00edn para sof\u00e1 gris"},"content":{"rendered":"<h2>A\u00f1ade estilo y m\u00e1s comodidad a tu sof\u00e1 con la <strong>Funda de Coj\u00edn de Sof\u00e1 Gris<\/strong>. Esta pr\u00e1ctica y elegante funda se adapta a todos los estilos de decoraci\u00f3n de interiores y ofrece una protecci\u00f3n eficaz contra las manchas y la suciedad.\u00a0El dise\u00f1o atemporal de este accesorio encaja perfectamente en tu interior.<\/h2>\n<h3><\/h3>\n<h3>Las principales ventajas de la funda de coj\u00edn para sof\u00e1 gris:<\/h3>\n<ul>\n<li> <span data-mce-style=\"font-size: 0.875rem;\" style=\"font-size: 0.875rem\">A\u00f1ade un toque de personalidad a la decoraci\u00f3n de tu hogar<\/span><\/li>\n<\/ul>\n<ul>\n<li><span data-mce-style=\"font-size : 0,875rem;\" style=\"font-size: 0.875rem\">Crea un ambiente acogedor y c\u00e1lido<\/span><\/li>\n<\/ul>\n<ul>\n<li><span data-mce-style=\"font-size: 0.875rem ;\" style=\"font-size: 0.875rem\">Ofrece una protecci\u00f3n \u00f3ptima contra las manchas y el polvo<\/span><\/li>\n<\/ul>\n<ul>\n<li><span data-mce-style=\"font- size: 0.875 movimiento r\u00e1pido del ojo;\" style=\"font-size: 0.875rem\">Fabricado con <strong>materiales de calidad<\/strong> para preservar la vida \u00fatil de tus cojines<\/span><\/li>\n<\/ul>\n<ul>\n<li><span style=\"font-size: 0.875rem\">Ayuda a aumentar la vida \u00fatil de tus cojines<\/span><\/li>\n<\/ul>\n<p><strong>Caracter\u00edsticas:<\/ strong><\/p>\n<ul>\n<li>\n<p>Composici\u00f3n: Terciopelo premium<\/p>\n<\/li>\n<li>\n<p>Tejido el\u00e1stico<\/p>\n<\/li>\n<li>\n<p>Tecnolog\u00eda de impresi\u00f3n<span> <\/span><strong>eficiente<\/strong><span> <\/span>para una mayor resistencia del color a la luz y al lavado<\/p>\n<\/li>\n<li>\n<p>Lavable a m\u00e1quina (no requiere planchado y r\u00e1pido secado)<\/p>\n<\/li>\n<li>\n<p>Disponible en varias tallas<\/p>\n<\/li>\n<\/ul>\n<p><strong>Gu\u00eda de tallas:<\/ strong><\/p>\n<p>Ofrecemos fundas para cojines de sof\u00e1 en tama\u00f1o est\u00e1ndar y tama\u00f1o extragrande.<\/p>\n<p style=\"padding-left: 30px\"><strong><em>=&gt; Aqu\u00ed est\u00e1 la gu\u00eda de tallas est\u00e1ndar:<\/em><\/strong><\/p>\n<div style=\"padding-left: 60px\"><span style=\"font-size: 0.875rem\">&#8211; Est\u00e1ndar 1: Largo 50 &#8211; 65 cm \/ Ancho 50 &#8211; 65 cm<\/span><\/div>\n<div style=\"padding-left: 60px\"><span style=\"font-size: 0.875rem\">&#8211; Est\u00e1ndar 2: Largo 100 &#8211; 125 cm \/ Ancho 50 &#8211; 65 cm<\/span><\/div>\n<div style=\"padding-left: 60px\"><span style=\"font-size: 0.875rem\">&#8211; Est\u00e1ndar 3: Largo 150 &#8211; 190 cm \/ Ancho 50 &#8211; 65 cm<\/span><\/div>\n<div style=\"padding-left: 60px\"><span style=\"font-size: 0.875rem\">&#8211; Est\u00e1ndar 4: Largo 140 &#8211; 190 cm \/ Ancho 85 &#8211; 95 cm<\/span><\/div>\n<p> <\/p>\n<p data-mce-style=\"text-align: center;\"> <img decoding=\"async\" alt=\"\" data-mce-fragment=\"1\" data-mce-src=\"https:\/\/365-housse.com\/wp-content\/uploads\/2023\/ 06\/TailleStandard_480x480.jpg?v=1686421901\" src=\"https:\/\/365-housse.com\/wp-content\/uploads\/2023\/06\/TailleStandard_480x480.jpg?v=1686421901\" \/><\/p>\n<p><strong><em>=&gt; Aqu\u00ed est\u00e1 la gu\u00eda de tallas extragrande:<\/em><\/strong><\/p>\n<div style=\"padding-left: 60px\"><span style=\"font-size: 0.875rem\">&#8211; Extragrande 1: Largo 65 &#8211; 95 cm \/ Ancho 65 &#8211; 95 cm<\/span><\/div>\n<div style=\"padding-left: 60px\"><span style=\"font-size: 0.875rem\">&#8211; Extragrande 2: Largo 95 &#8211; 135 cm \/ Ancho 65 &#8211; 95 cm<\/span><\/div>\n<div style=\"padding-left: 60px\"><span style=\"font-size: 0.875rem\">&#8211; Extragrande 3: Largo 135 &#8211; 165 cm \/ Ancho 65 &#8211; 95 cm<\/span><\/div>\n<div style=\"padding-left: 60px\"><span style=\"font-size: 0.875rem\">&#8211; Extragrande 4: Largo 165 &#8211; 200 cm \/ Ancho 65 &#8211; 95 cm<\/span><\/div>\n<div style=\"padding-left: 60px\"><span style=\"font-size: 0.875rem\">&#8211; Extragrande 5: Largo 160 &#8211; 190 cm \/ Ancho 90 &#8211; 110 cm<\/span><\/div>\n<p> <\/p>\n<p data-mce-style=\"text-align: center;\" style=\"text-align: center\"><img decoding=\"async\" alt=\"housse-coussin-canape-taille\" data-mce-src=\"https:\/\/365-housse.com\/wp-content\/uploads\/2023\/06\/ funda-coj\u00edn-sof\u00e1-tama\u00f1o-extragrande_600x600.jpg?v=1685556500\" src=\"https:\/\/365-housse.com\/wp-content\/uploads\/2023\/06\/funda-coj\u00edn-canape-tama\u00f1o-extra -large_600x600.jpg?v=1685556500\" \/><\/p>\n<h2>Mejora el aspecto y la comodidad de tu sof\u00e1 con la <strong>Funda de Coj\u00edn de Sof\u00e1 Gris<\/strong>. Este complemento pr\u00e1ctico y est\u00e9tico se adapta a todos los estilos de decoraci\u00f3n de interiores y protege tu sof\u00e1 de las manchas y del desgaste diario.\u00a0Su dise\u00f1o atemporal encaja perfectamente en tu interior.<\/h2>\n<h3><\/h3>\n<h3>Las principales ventajas de la Funda de Coj\u00edn para Sof\u00e1 Gris:<\/h3>\n<ul>\n<li><span style=\"font-size: 0.875rem\">Aporta un toque especial a tu decoraci\u00f3n interior<\/span><\/li>\n<\/ul>\n<ul>\n<li><span data-mce-style=\"font-size: 0,875rem;\" style=\"font-size: 0.875rem\">Crea un ambiente acogedor y confortable<\/span><\/li>\n<\/ul>\n<ul>\n<li><span data-mce-style=\"font-size: 0.875rem ;\" style=\"font-size: 0.875rem\">Proporciona una protecci\u00f3n \u00f3ptima contra las manchas y la suciedad<\/span><\/li>\n<\/ul>\n<ul>\n<li><span data-mce-style=\"font- size: 0.875 movimiento r\u00e1pido del ojo;\" style=\"font-size: 0.875rem\">Fabricado con <strong>materiales de calidad<\/strong> para preservar la longevidad de tus cojines<\/span><\/li>\n<\/ul>\n<ul>\n<li><span style=\"font-size: 0.875rem\">Ayuda a aumentar la vida \u00fatil de tus cojines<\/span><\/li>\n<\/ul>\n<p><strong>Caracter\u00edsticas:<\/ strong><\/p>\n<ul>\n<li>\n<p>Composici\u00f3n: Terciopelo premium<\/p>\n<\/li>\n<li>\n<p>Tejido el\u00e1stico<\/p>\n<\/li>\n<li>\n<p>Tecnolog\u00eda<\/p>\n<p> <span data-mce-fragment=\"1\">Nuestros <strong>protectores de almohadas para sillones<\/strong> est\u00e1n disponibles en tama\u00f1os universales, lo que les permite adaptarse a todo tipo de cojines individuales.<\/span><\/p>\n<p><span data-mce-fragment=\"1\"><img decoding=\"async\" alt=\"armchair-pillow-protector\" src=\"https:\/\/365-housse.com\/wp-content\/uploads \/2023\/06\/housse-coussin-canapes-individualels_480x480.jpg?v=1685633697\" \/><\/span><\/p>\n<p><span>Cualquiera que sea tu estilo favorito (contempor\u00e1neo , moderno o cl\u00e1sico), esta <a data-mce-href=\"\/?product_cat=couch-cushion-cover\" href=\"https:\/ \/365-housse.com\/es\/collections\/funda-de-cojin-para -sofa\/\" title=\"Funda de coj\u00edn para sof\u00e1\"><strong>Funda de coj\u00edn para sof\u00e1<\/strong><\/a> te permitir\u00e1 a\u00f1adir un sutil toque de elegancia a tu habitaci\u00f3n. Su ajuste preciso garantiza un ajuste perfecto, proporcionando un acabado prolijo y profesional.<\/span><\/p>\n<p><span data-mce-fragment=\"1\">Este <a data-mce-href=\"\/? product_cat=funda-de-cojin\" href=\"https:\/\/365-housse.com\/es\/collections\/funda-de-cojin\/\" title=\"Funda de coj\u00edn\"><strong>Funda de coj\u00edn<\/strong> <\/a> es la soluci\u00f3n ideal para darle un lavado de cara a tu sof\u00e1 sin tener que gastar dinero en un nuevo juego de muebles. Combina estilo, comodidad y funcionalidad.<\/span><\/p>\n","protected":false},"excerpt":{"rendered":"<p>A\u00f1ade estilo y m\u00e1s comodidad a tu sof\u00e1 con la Funda de Coj\u00edn de Sof\u00e1 Gris. Esta pr\u00e1ctica y elegante funda se adapta a todos los estilos de decoraci\u00f3n de interiores y ofrece una protecci\u00f3n eficaz contra las manchas y la suciedad.\u00a0El dise\u00f1o atemporal de este accesorio encaja perfectamente en tu interior. Las principales ventajas [&hellip;]<\/p>\n","protected":false},"featured_media":16537,"comment_status":"open","ping_status":"closed","template":"","meta":[],"product_cat":[187,161],"product_tag":[208],"class_list":{"0":"post-18901","1":"product","2":"type-product","3":"status-publish","4":"has-post-thumbnail","6":"product_cat-funda-de-cojin-para-sofa","7":"product_cat-portada-interior","8":"product_tag-housse-de-coussin-canape-es","10":"first","11":"instock","12":"shipping-taxable","13":"product-type-variable"},"yoast_head":"<title>Funda de coj\u00edn para sof\u00e1 gris en entrega - gratis Ahorra un 30% en tu pedido<\/title>\n<meta name=\"description\" content=\"Recibe tu Funda de coj\u00edn para sof\u00e1 gris hoy y benef\u00edciate de la entrega - gratuita Env\u00edo en 24\/48h\" \/>\n<meta name=\"robots\" content=\"index, follow, max-snippet:-1, max-image-preview:large, max-video-preview:-1\" \/>\n<link rel=\"canonical\" href=\"https:\/\/365-housse.com\/es\/productos\/housse-de-coussin-canape-gris\/\" \/>\n<meta property=\"og:locale\" content=\"es_ES\" \/>\n<meta property=\"og:type\" content=\"article\" \/>\n<meta property=\"og:title\" content=\"Funda de coj\u00edn para sof\u00e1 gris en entrega - gratis Ahorra un 30% en tu pedido\" \/>\n<meta property=\"og:description\" content=\"Recibe tu Funda de coj\u00edn para sof\u00e1 gris hoy y benef\u00edciate de la entrega - gratuita Env\u00edo en 24\/48h\" \/>\n<meta property=\"og:url\" content=\"https:\/\/365-housse.com\/es\/productos\/housse-de-coussin-canape-gris\/\" \/>\n<meta property=\"og:site_name\" content=\"Housse de Canap\u00e9\" \/>\n<meta property=\"article:modified_time\" content=\"2024-09-17T14:59:35+00:00\" \/>\n<meta property=\"og:image\" content=\"https:\/\/365-housse.com\/wp-content\/uploads\/2023\/06\/housse-coussin-canape-gris.jpg\" \/>\n\t<meta property=\"og:image:width\" content=\"447\" \/>\n\t<meta property=\"og:image:height\" content=\"403\" \/>\n\t<meta property=\"og:image:type\" content=\"image\/jpeg\" \/>\n<meta name=\"twitter:card\" content=\"summary_large_image\" \/>\n<meta name=\"twitter:label1\" content=\"Tiempo de lectura\" \/>\n\t<meta name=\"twitter:data1\" content=\"3 minutos\" \/>\n<script type=\"application\/ld+json\" class=\"yoast-schema-graph\">{\"@context\":\"https:\/\/schema.org\",\"@graph\":[{\"@type\":\"WebPage\",\"@id\":\"https:\/\/365-housse.com\/es\/productos\/housse-de-coussin-canape-gris\/\",\"url\":\"https:\/\/365-housse.com\/es\/productos\/housse-de-coussin-canape-gris\/\",\"name\":\"Funda de coj\u00edn para sof\u00e1 gris en entrega - gratis Ahorra un 30% en tu pedido\",\"isPartOf\":{\"@id\":\"https:\/\/365-housse.com\/es\/#website\"},\"primaryImageOfPage\":{\"@id\":\"https:\/\/365-housse.com\/es\/productos\/housse-de-coussin-canape-gris\/#primaryimage\"},\"image\":{\"@id\":\"https:\/\/365-housse.com\/es\/productos\/housse-de-coussin-canape-gris\/#primaryimage\"},\"thumbnailUrl\":\"https:\/\/365-housse.com\/wp-content\/uploads\/2023\/06\/housse-coussin-canape-gris.jpg\",\"datePublished\":\"2023-06-12T08:31:46+00:00\",\"dateModified\":\"2024-09-17T14:59:35+00:00\",\"description\":\"Recibe tu Funda de coj\u00edn para sof\u00e1 gris hoy y benef\u00edciate de la entrega - gratuita Env\u00edo en 24\/48h\",\"breadcrumb\":{\"@id\":\"https:\/\/365-housse.com\/es\/productos\/housse-de-coussin-canape-gris\/#breadcrumb\"},\"inLanguage\":\"es\",\"potentialAction\":[{\"@type\":\"ReadAction\",\"target\":[\"https:\/\/365-housse.com\/es\/productos\/housse-de-coussin-canape-gris\/\"]}]},{\"@type\":\"ImageObject\",\"inLanguage\":\"es\",\"@id\":\"https:\/\/365-housse.com\/es\/productos\/housse-de-coussin-canape-gris\/#primaryimage\",\"url\":\"https:\/\/365-housse.com\/wp-content\/uploads\/2023\/06\/housse-coussin-canape-gris.jpg\",\"contentUrl\":\"https:\/\/365-housse.com\/wp-content\/uploads\/2023\/06\/housse-coussin-canape-gris.jpg\",\"width\":447,\"height\":403},{\"@type\":\"BreadcrumbList\",\"@id\":\"https:\/\/365-housse.com\/es\/productos\/housse-de-coussin-canape-gris\/#breadcrumb\",\"itemListElement\":[{\"@type\":\"ListItem\",\"position\":1,\"name\":\"Accueil\",\"item\":\"https:\/\/365-housse.com\/es\/\"},{\"@type\":\"ListItem\",\"position\":2,\"name\":\"Tienda\",\"item\":\"https:\/\/365-housse.com\/es\/tienda\/\"},{\"@type\":\"ListItem\",\"position\":3,\"name\":\"Funda de coj\u00edn para sof\u00e1 gris\"}]},{\"@type\":\"WebSite\",\"@id\":\"https:\/\/365-housse.com\/es\/#website\",\"url\":\"https:\/\/365-housse.com\/es\/\",\"name\":\"Housse de Canap\u00e9\",\"description\":\"Le N\u00b01 de la Housse\",\"publisher\":{\"@id\":\"https:\/\/365-housse.com\/es\/#organization\"},\"potentialAction\":[{\"@type\":\"SearchAction\",\"target\":{\"@type\":\"EntryPoint\",\"urlTemplate\":\"https:\/\/365-housse.com\/es\/?s={search_term_string}\"},\"query-input\":{\"@type\":\"PropertyValueSpecification\",\"valueRequired\":true,\"valueName\":\"search_term_string\"}}],\"inLanguage\":\"es\"},{\"@type\":\"Organization\",\"@id\":\"https:\/\/365-housse.com\/es\/#organization\",\"name\":\"Housse de Canap\u00e9\",\"url\":\"https:\/\/365-housse.com\/es\/\",\"logo\":{\"@type\":\"ImageObject\",\"inLanguage\":\"es\",\"@id\":\"https:\/\/365-housse.com\/es\/#\/schema\/logo\/image\/\",\"url\":\"https:\/\/365-housse.com\/wp-content\/uploads\/2023\/06\/LOGO-400-\u00d7-200-px-392-x-134-px-16.png\",\"contentUrl\":\"https:\/\/365-housse.com\/wp-content\/uploads\/2023\/06\/LOGO-400-\u00d7-200-px-392-x-134-px-16.png\",\"width\":392,\"height\":134,\"caption\":\"Housse de Canap\u00e9\"},\"image\":{\"@id\":\"https:\/\/365-housse.com\/es\/#\/schema\/logo\/image\/\"}}]}<\/script>","yoast_head_json":{"title":"Funda de coj\u00edn para sof\u00e1 gris en entrega - gratis Ahorra un 30% en tu pedido","description":"Recibe tu Funda de coj\u00edn para sof\u00e1 gris hoy y benef\u00edciate de la entrega - gratuita Env\u00edo en 24\/48h","robots":{"index":"index","follow":"follow","max-snippet":"max-snippet:-1","max-image-preview":"max-image-preview:large","max-video-preview":"max-video-preview:-1"},"canonical":"https:\/\/365-housse.com\/es\/productos\/housse-de-coussin-canape-gris\/","og_locale":"es_ES","og_type":"article","og_title":"Funda de coj\u00edn para sof\u00e1 gris en entrega - gratis Ahorra un 30% en tu pedido","og_description":"Recibe tu Funda de coj\u00edn para sof\u00e1 gris hoy y benef\u00edciate de la entrega - gratuita Env\u00edo en 24\/48h","og_url":"https:\/\/365-housse.com\/es\/productos\/housse-de-coussin-canape-gris\/","og_site_name":"Housse de Canap\u00e9","article_modified_time":"2024-09-17T14:59:35+00:00","og_image":[{"width":447,"height":403,"url":"https:\/\/365-housse.com\/wp-content\/uploads\/2023\/06\/housse-coussin-canape-gris.jpg","type":"image\/jpeg"}],"twitter_card":"summary_large_image","twitter_misc":{"Tiempo de lectura":"3 minutos"},"schema":{"@context":"https:\/\/schema.org","@graph":[{"@type":"WebPage","@id":"https:\/\/365-housse.com\/es\/productos\/housse-de-coussin-canape-gris\/","url":"https:\/\/365-housse.com\/es\/productos\/housse-de-coussin-canape-gris\/","name":"Funda de coj\u00edn para sof\u00e1 gris en entrega - gratis Ahorra un 30% en tu pedido","isPartOf":{"@id":"https:\/\/365-housse.com\/es\/#website"},"primaryImageOfPage":{"@id":"https:\/\/365-housse.com\/es\/productos\/housse-de-coussin-canape-gris\/#primaryimage"},"image":{"@id":"https:\/\/365-housse.com\/es\/productos\/housse-de-coussin-canape-gris\/#primaryimage"},"thumbnailUrl":"https:\/\/365-housse.com\/wp-content\/uploads\/2023\/06\/housse-coussin-canape-gris.jpg","datePublished":"2023-06-12T08:31:46+00:00","dateModified":"2024-09-17T14:59:35+00:00","description":"Recibe tu Funda de coj\u00edn para sof\u00e1 gris hoy y benef\u00edciate de la entrega - gratuita Env\u00edo en 24\/48h","breadcrumb":{"@id":"https:\/\/365-housse.com\/es\/productos\/housse-de-coussin-canape-gris\/#breadcrumb"},"inLanguage":"es","potentialAction":[{"@type":"ReadAction","target":["https:\/\/365-housse.com\/es\/productos\/housse-de-coussin-canape-gris\/"]}]},{"@type":"ImageObject","inLanguage":"es","@id":"https:\/\/365-housse.com\/es\/productos\/housse-de-coussin-canape-gris\/#primaryimage","url":"https:\/\/365-housse.com\/wp-content\/uploads\/2023\/06\/housse-coussin-canape-gris.jpg","contentUrl":"https:\/\/365-housse.com\/wp-content\/uploads\/2023\/06\/housse-coussin-canape-gris.jpg","width":447,"height":403},{"@type":"BreadcrumbList","@id":"https:\/\/365-housse.com\/es\/productos\/housse-de-coussin-canape-gris\/#breadcrumb","itemListElement":[{"@type":"ListItem","position":1,"name":"Accueil","item":"https:\/\/365-housse.com\/es\/"},{"@type":"ListItem","position":2,"name":"Tienda","item":"https:\/\/365-housse.com\/es\/tienda\/"},{"@type":"ListItem","position":3,"name":"Funda de coj\u00edn para sof\u00e1 gris"}]},{"@type":"WebSite","@id":"https:\/\/365-housse.com\/es\/#website","url":"https:\/\/365-housse.com\/es\/","name":"Housse de Canap\u00e9","description":"Le N\u00b01 de la Housse","publisher":{"@id":"https:\/\/365-housse.com\/es\/#organization"},"potentialAction":[{"@type":"SearchAction","target":{"@type":"EntryPoint","urlTemplate":"https:\/\/365-housse.com\/es\/?s={search_term_string}"},"query-input":{"@type":"PropertyValueSpecification","valueRequired":true,"valueName":"search_term_string"}}],"inLanguage":"es"},{"@type":"Organization","@id":"https:\/\/365-housse.com\/es\/#organization","name":"Housse de Canap\u00e9","url":"https:\/\/365-housse.com\/es\/","logo":{"@type":"ImageObject","inLanguage":"es","@id":"https:\/\/365-housse.com\/es\/#\/schema\/logo\/image\/","url":"https:\/\/365-housse.com\/wp-content\/uploads\/2023\/06\/LOGO-400-\u00d7-200-px-392-x-134-px-16.png","contentUrl":"https:\/\/365-housse.com\/wp-content\/uploads\/2023\/06\/LOGO-400-\u00d7-200-px-392-x-134-px-16.png","width":392,"height":134,"caption":"Housse de Canap\u00e9"},"image":{"@id":"https:\/\/365-housse.com\/es\/#\/schema\/logo\/image\/"}}]}},"_links":{"self":[{"href":"https:\/\/365-housse.com\/es\/wp-json\/wp\/v2\/product\/18901"}],"collection":[{"href":"https:\/\/365-housse.com\/es\/wp-json\/wp\/v2\/product"}],"about":[{"href":"https:\/\/365-housse.com\/es\/wp-json\/wp\/v2\/types\/product"}],"replies":[{"embeddable":true,"href":"https:\/\/365-housse.com\/es\/wp-json\/wp\/v2\/comments?post=18901"}],"wp:featuredmedia":[{"embeddable":true,"href":"https:\/\/365-housse.com\/es\/wp-json\/wp\/v2\/media\/16537"}],"wp:attachment":[{"href":"https:\/\/365-housse.com\/es\/wp-json\/wp\/v2\/media?parent=18901"}],"wp:term":[{"taxonomy":"product_cat","embeddable":true,"href":"https:\/\/365-housse.com\/es\/wp-json\/wp\/v2\/product_cat?post=18901"},{"taxonomy":"product_tag","embeddable":true,"href":"https:\/\/365-housse.com\/es\/wp-json\/wp\/v2\/product_tag?post=18901"}],"curies":[{"name":"wp","href":"https:\/\/api.w.org\/{rel}","templated":true}]}}