{"id":18911,"date":"2023-06-12T08:31:45","date_gmt":"2023-06-12T08:31:45","guid":{"rendered":"https:\/\/365-housse.com\/products\/housse-de-coussin-canape-gris-clair\/"},"modified":"2024-09-17T14:59:37","modified_gmt":"2024-09-17T14:59:37","slug":"housse-de-coussin-canape-gris-clair","status":"publish","type":"product","link":"https:\/\/365-housse.com\/es\/productos\/housse-de-coussin-canape-gris-clair\/","title":{"rendered":"Funda de coj\u00edn para sof\u00e1 gris claro"},"content":{"rendered":"<h2>\u00a1A\u00f1ade un toque elegante a tu decoraci\u00f3n interior con la <strong>Funda de Coj\u00edn para Sof\u00e1 Gris Claro<\/strong>!<\/h2>\n<p>Nuestra funda de coj\u00edn es la elecci\u00f3n perfecta para quienes buscan un estilo elegante y c\u00f3modo a la vez. Confeccionado con <strong>tejidos de calidad<\/strong> y tecnolog\u00eda de impresi\u00f3n de alto rendimiento, ofrece una protecci\u00f3n eficaz contra las manchas y la suciedad, a la vez que alarga la vida \u00fatil de los cojines.<\/p>\n<h3>Principales ventajas:<\/h3>\n<ul>\n<li>A\u00f1ade un toque de originalidad a tu decoraci\u00f3n interior<\/li>\n<li>Crea un ambiente agradable y c\u00e1lido<\/li>\n<li>Protege contra la suciedad y las manchas<\/li>\n<li>Confeccionado con tejidos de alta calidad para preservar tus cojines<\/li>\n<li>Ayuda a prolongar la vida \u00fatil de tus cojines<\/li>\n<\/ul>\n<h3>Caracter\u00edsticas:<\/h3>\n<ul>\n<li>Composici\u00f3n de terciopelo de primera calidad<\/li>\n<li>Material estirable<\/li>\n<li>Tecnolog\u00eda de impresi\u00f3n de alto rendimiento para una mayor resistencia del color a la luz y al lavado<\/li>\n<li>Lavable a m\u00e1quina (sin planchado y de secado r\u00e1pido)<\/li>\n<li>Disponible en varios tama\u00f1os<\/li>\n<\/ul>\n<h3>Gu\u00eda de tallas:<\/h3>\n<p>Ofrecemos fundas para cojines de sof\u00e1 en tama\u00f1o est\u00e1ndar y tama\u00f1o extragrande.<\/p>\n<p><strong><em>=&gt; Aqu\u00ed est\u00e1 la gu\u00eda de tallas est\u00e1ndar:<\/em><\/strong><\/p>\n<ul>\n<li>Est\u00e1ndar 1: Largo 50 &#8211; 65 cm \/ Ancho 50 &#8211; 65 cm<\/li>\n<li>Est\u00e1ndar 2: Largo 100 &#8211; 125 cm \/ Ancho 50 &#8211; 65 cm<\/li>\n<li>Est\u00e1ndar 3: Largo 150 &#8211; 190 cm \/ Ancho 50 &#8211; 65 cm<\/li>\n<li>Est\u00e1ndar 4: Largo 140 &#8211; 190 cm \/ Ancho 85 &#8211; 95 cm<\/li>\n<\/ul>\n<p><img decoding=\"async\" alt=\"\" src=\"https:\/\/365-housse.com\/wp-content\/uploads\/2023\/06\/TailleStandard_dca809cf-96ff-42f1-b7b8-d59470dbff00_480x480.jpg?v=1686421928\" \/> <\/p>\n<p><strong><em>=&gt; Aqu\u00ed tienes la gu\u00eda de tallas extragrandes:<\/em><\/strong><\/p>\n<ul>\n<li>Extragrande 1: Largo 65 &#8211; 95 cm \/ Ancho 65 &#8211; 95 cm<\/li>\n<li>Extragrande 2: Largo 95 &#8211; 135 cm \/ Ancho 65 &#8211; 95 cm<\/li>\n<li>Extragrande 3: Largo 135 &#8211; 165 cm \/ Ancho 65 &#8211; 95 cm<\/li>\n<\/ul>\n<p>Dale una segunda vida a tu sof\u00e1 con nuestra <strong>Funda de Coj\u00edn para Sof\u00e1 Gris<\/strong>. Aporta estilo y comodidad a tu sal\u00f3n y crea un ambiente acogedor. Haz de tu sof\u00e1 el centro de atenci\u00f3n de tu decoraci\u00f3n interior con esta <strong>funda de coj\u00edn<\/strong> atemporal y refinada. Nuestras <strong>fundas de cojines para sof\u00e1<\/strong> tienen tama\u00f1os universales y se adaptan a una amplia gama de dise\u00f1os de cojines individuales. Ofrecemos dos tama\u00f1os de extragrande:<\/p>\n<ul>\n<li>Extragrande 4: Largo entre 165 y 200 cm y ancho entre 65 y 95 cm.<\/li>\n<li>Extragrande 5: Largo entre 160 y 190 cm y ancho entre 90 y 110 cm.<\/li>\n<\/ul>\n<p>Ya sea que tu estilo sea moderno, contempor\u00e1neo o cl\u00e1sico, esta <strong>funda de coj\u00edn<\/strong> encajar\u00e1 perfectamente en tu decoraci\u00f3n. Fabricado con materiales de alta calidad, es duradero y f\u00e1cil de mantener, lo que lo convierte en una opci\u00f3n pr\u00e1ctica para familias ocupadas.<\/p>\n","protected":false},"excerpt":{"rendered":"<p>\u00a1A\u00f1ade un toque elegante a tu decoraci\u00f3n interior con la Funda de Coj\u00edn para Sof\u00e1 Gris Claro! Nuestra funda de coj\u00edn es la elecci\u00f3n perfecta para quienes buscan un estilo elegante y c\u00f3modo a la vez. Confeccionado con tejidos de calidad y tecnolog\u00eda de impresi\u00f3n de alto rendimiento, ofrece una protecci\u00f3n eficaz contra las manchas [&hellip;]<\/p>\n","protected":false},"featured_media":16535,"comment_status":"open","ping_status":"closed","template":"","meta":[],"product_cat":[187,161],"product_tag":[208],"class_list":{"0":"post-18911","1":"product","2":"type-product","3":"status-publish","4":"has-post-thumbnail","6":"product_cat-funda-de-cojin-para-sofa","7":"product_cat-portada-interior","8":"product_tag-housse-de-coussin-canape-es","10":"first","11":"instock","12":"shipping-taxable","13":"purchasable","14":"product-type-variable"},"yoast_head":"<title>Funda de coj\u00edn para sof\u00e1 gris claro en entrega - gratis Ahorra un 30% en tu pedido<\/title>\n<meta name=\"description\" content=\"Recibe tu Funda de coj\u00edn para sof\u00e1 gris claro hoy y benef\u00edciate de la entrega - gratuita Env\u00edo en 24\/48h\" \/>\n<meta name=\"robots\" content=\"index, follow, max-snippet:-1, max-image-preview:large, max-video-preview:-1\" \/>\n<link rel=\"canonical\" href=\"https:\/\/365-housse.com\/es\/productos\/housse-de-coussin-canape-gris-clair\/\" \/>\n<meta property=\"og:locale\" content=\"es_ES\" \/>\n<meta property=\"og:type\" content=\"article\" \/>\n<meta property=\"og:title\" content=\"Funda de coj\u00edn para sof\u00e1 gris claro en entrega - gratis Ahorra un 30% en tu pedido\" \/>\n<meta property=\"og:description\" content=\"Recibe tu Funda de coj\u00edn para sof\u00e1 gris claro hoy y benef\u00edciate de la entrega - gratuita Env\u00edo en 24\/48h\" \/>\n<meta property=\"og:url\" content=\"https:\/\/365-housse.com\/es\/productos\/housse-de-coussin-canape-gris-clair\/\" \/>\n<meta property=\"og:site_name\" content=\"Housse de Canap\u00e9\" \/>\n<meta property=\"article:modified_time\" content=\"2024-09-17T14:59:37+00:00\" \/>\n<meta property=\"og:image\" content=\"https:\/\/365-housse.com\/wp-content\/uploads\/2023\/06\/housse-coussin-canape-gris-clair.jpg\" \/>\n\t<meta property=\"og:image:width\" content=\"447\" \/>\n\t<meta property=\"og:image:height\" content=\"394\" \/>\n\t<meta property=\"og:image:type\" content=\"image\/jpeg\" \/>\n<meta name=\"twitter:card\" content=\"summary_large_image\" \/>\n<meta name=\"twitter:label1\" content=\"Tiempo de lectura\" \/>\n\t<meta name=\"twitter:data1\" content=\"2 minutos\" \/>\n<script type=\"application\/ld+json\" class=\"yoast-schema-graph\">{\"@context\":\"https:\/\/schema.org\",\"@graph\":[{\"@type\":\"WebPage\",\"@id\":\"https:\/\/365-housse.com\/es\/productos\/housse-de-coussin-canape-gris-clair\/\",\"url\":\"https:\/\/365-housse.com\/es\/productos\/housse-de-coussin-canape-gris-clair\/\",\"name\":\"Funda de coj\u00edn para sof\u00e1 gris claro en entrega - gratis Ahorra un 30% en tu pedido\",\"isPartOf\":{\"@id\":\"https:\/\/365-housse.com\/es\/#website\"},\"primaryImageOfPage\":{\"@id\":\"https:\/\/365-housse.com\/es\/productos\/housse-de-coussin-canape-gris-clair\/#primaryimage\"},\"image\":{\"@id\":\"https:\/\/365-housse.com\/es\/productos\/housse-de-coussin-canape-gris-clair\/#primaryimage\"},\"thumbnailUrl\":\"https:\/\/365-housse.com\/wp-content\/uploads\/2023\/06\/housse-coussin-canape-gris-clair.jpg\",\"datePublished\":\"2023-06-12T08:31:45+00:00\",\"dateModified\":\"2024-09-17T14:59:37+00:00\",\"description\":\"Recibe tu Funda de coj\u00edn para sof\u00e1 gris claro hoy y benef\u00edciate de la entrega - gratuita Env\u00edo en 24\/48h\",\"breadcrumb\":{\"@id\":\"https:\/\/365-housse.com\/es\/productos\/housse-de-coussin-canape-gris-clair\/#breadcrumb\"},\"inLanguage\":\"es\",\"potentialAction\":[{\"@type\":\"ReadAction\",\"target\":[\"https:\/\/365-housse.com\/es\/productos\/housse-de-coussin-canape-gris-clair\/\"]}]},{\"@type\":\"ImageObject\",\"inLanguage\":\"es\",\"@id\":\"https:\/\/365-housse.com\/es\/productos\/housse-de-coussin-canape-gris-clair\/#primaryimage\",\"url\":\"https:\/\/365-housse.com\/wp-content\/uploads\/2023\/06\/housse-coussin-canape-gris-clair.jpg\",\"contentUrl\":\"https:\/\/365-housse.com\/wp-content\/uploads\/2023\/06\/housse-coussin-canape-gris-clair.jpg\",\"width\":447,\"height\":394},{\"@type\":\"BreadcrumbList\",\"@id\":\"https:\/\/365-housse.com\/es\/productos\/housse-de-coussin-canape-gris-clair\/#breadcrumb\",\"itemListElement\":[{\"@type\":\"ListItem\",\"position\":1,\"name\":\"Accueil\",\"item\":\"https:\/\/365-housse.com\/es\/\"},{\"@type\":\"ListItem\",\"position\":2,\"name\":\"Tienda\",\"item\":\"https:\/\/365-housse.com\/es\/tienda\/\"},{\"@type\":\"ListItem\",\"position\":3,\"name\":\"Funda de coj\u00edn para sof\u00e1 gris claro\"}]},{\"@type\":\"WebSite\",\"@id\":\"https:\/\/365-housse.com\/es\/#website\",\"url\":\"https:\/\/365-housse.com\/es\/\",\"name\":\"Housse de Canap\u00e9\",\"description\":\"Le N\u00b01 de la Housse\",\"publisher\":{\"@id\":\"https:\/\/365-housse.com\/es\/#organization\"},\"potentialAction\":[{\"@type\":\"SearchAction\",\"target\":{\"@type\":\"EntryPoint\",\"urlTemplate\":\"https:\/\/365-housse.com\/es\/?s={search_term_string}\"},\"query-input\":{\"@type\":\"PropertyValueSpecification\",\"valueRequired\":true,\"valueName\":\"search_term_string\"}}],\"inLanguage\":\"es\"},{\"@type\":\"Organization\",\"@id\":\"https:\/\/365-housse.com\/es\/#organization\",\"name\":\"Housse de Canap\u00e9\",\"url\":\"https:\/\/365-housse.com\/es\/\",\"logo\":{\"@type\":\"ImageObject\",\"inLanguage\":\"es\",\"@id\":\"https:\/\/365-housse.com\/es\/#\/schema\/logo\/image\/\",\"url\":\"https:\/\/365-housse.com\/wp-content\/uploads\/2023\/06\/LOGO-400-\u00d7-200-px-392-x-134-px-16.png\",\"contentUrl\":\"https:\/\/365-housse.com\/wp-content\/uploads\/2023\/06\/LOGO-400-\u00d7-200-px-392-x-134-px-16.png\",\"width\":392,\"height\":134,\"caption\":\"Housse de Canap\u00e9\"},\"image\":{\"@id\":\"https:\/\/365-housse.com\/es\/#\/schema\/logo\/image\/\"}}]}<\/script>","yoast_head_json":{"title":"Funda de coj\u00edn para sof\u00e1 gris claro en entrega - gratis Ahorra un 30% en tu pedido","description":"Recibe tu Funda de coj\u00edn para sof\u00e1 gris claro hoy y benef\u00edciate de la entrega - gratuita Env\u00edo en 24\/48h","robots":{"index":"index","follow":"follow","max-snippet":"max-snippet:-1","max-image-preview":"max-image-preview:large","max-video-preview":"max-video-preview:-1"},"canonical":"https:\/\/365-housse.com\/es\/productos\/housse-de-coussin-canape-gris-clair\/","og_locale":"es_ES","og_type":"article","og_title":"Funda de coj\u00edn para sof\u00e1 gris claro en entrega - gratis Ahorra un 30% en tu pedido","og_description":"Recibe tu Funda de coj\u00edn para sof\u00e1 gris claro hoy y benef\u00edciate de la entrega - gratuita Env\u00edo en 24\/48h","og_url":"https:\/\/365-housse.com\/es\/productos\/housse-de-coussin-canape-gris-clair\/","og_site_name":"Housse de Canap\u00e9","article_modified_time":"2024-09-17T14:59:37+00:00","og_image":[{"width":447,"height":394,"url":"https:\/\/365-housse.com\/wp-content\/uploads\/2023\/06\/housse-coussin-canape-gris-clair.jpg","type":"image\/jpeg"}],"twitter_card":"summary_large_image","twitter_misc":{"Tiempo de lectura":"2 minutos"},"schema":{"@context":"https:\/\/schema.org","@graph":[{"@type":"WebPage","@id":"https:\/\/365-housse.com\/es\/productos\/housse-de-coussin-canape-gris-clair\/","url":"https:\/\/365-housse.com\/es\/productos\/housse-de-coussin-canape-gris-clair\/","name":"Funda de coj\u00edn para sof\u00e1 gris claro en entrega - gratis Ahorra un 30% en tu pedido","isPartOf":{"@id":"https:\/\/365-housse.com\/es\/#website"},"primaryImageOfPage":{"@id":"https:\/\/365-housse.com\/es\/productos\/housse-de-coussin-canape-gris-clair\/#primaryimage"},"image":{"@id":"https:\/\/365-housse.com\/es\/productos\/housse-de-coussin-canape-gris-clair\/#primaryimage"},"thumbnailUrl":"https:\/\/365-housse.com\/wp-content\/uploads\/2023\/06\/housse-coussin-canape-gris-clair.jpg","datePublished":"2023-06-12T08:31:45+00:00","dateModified":"2024-09-17T14:59:37+00:00","description":"Recibe tu Funda de coj\u00edn para sof\u00e1 gris claro hoy y benef\u00edciate de la entrega - gratuita Env\u00edo en 24\/48h","breadcrumb":{"@id":"https:\/\/365-housse.com\/es\/productos\/housse-de-coussin-canape-gris-clair\/#breadcrumb"},"inLanguage":"es","potentialAction":[{"@type":"ReadAction","target":["https:\/\/365-housse.com\/es\/productos\/housse-de-coussin-canape-gris-clair\/"]}]},{"@type":"ImageObject","inLanguage":"es","@id":"https:\/\/365-housse.com\/es\/productos\/housse-de-coussin-canape-gris-clair\/#primaryimage","url":"https:\/\/365-housse.com\/wp-content\/uploads\/2023\/06\/housse-coussin-canape-gris-clair.jpg","contentUrl":"https:\/\/365-housse.com\/wp-content\/uploads\/2023\/06\/housse-coussin-canape-gris-clair.jpg","width":447,"height":394},{"@type":"BreadcrumbList","@id":"https:\/\/365-housse.com\/es\/productos\/housse-de-coussin-canape-gris-clair\/#breadcrumb","itemListElement":[{"@type":"ListItem","position":1,"name":"Accueil","item":"https:\/\/365-housse.com\/es\/"},{"@type":"ListItem","position":2,"name":"Tienda","item":"https:\/\/365-housse.com\/es\/tienda\/"},{"@type":"ListItem","position":3,"name":"Funda de coj\u00edn para sof\u00e1 gris claro"}]},{"@type":"WebSite","@id":"https:\/\/365-housse.com\/es\/#website","url":"https:\/\/365-housse.com\/es\/","name":"Housse de Canap\u00e9","description":"Le N\u00b01 de la Housse","publisher":{"@id":"https:\/\/365-housse.com\/es\/#organization"},"potentialAction":[{"@type":"SearchAction","target":{"@type":"EntryPoint","urlTemplate":"https:\/\/365-housse.com\/es\/?s={search_term_string}"},"query-input":{"@type":"PropertyValueSpecification","valueRequired":true,"valueName":"search_term_string"}}],"inLanguage":"es"},{"@type":"Organization","@id":"https:\/\/365-housse.com\/es\/#organization","name":"Housse de Canap\u00e9","url":"https:\/\/365-housse.com\/es\/","logo":{"@type":"ImageObject","inLanguage":"es","@id":"https:\/\/365-housse.com\/es\/#\/schema\/logo\/image\/","url":"https:\/\/365-housse.com\/wp-content\/uploads\/2023\/06\/LOGO-400-\u00d7-200-px-392-x-134-px-16.png","contentUrl":"https:\/\/365-housse.com\/wp-content\/uploads\/2023\/06\/LOGO-400-\u00d7-200-px-392-x-134-px-16.png","width":392,"height":134,"caption":"Housse de Canap\u00e9"},"image":{"@id":"https:\/\/365-housse.com\/es\/#\/schema\/logo\/image\/"}}]}},"_links":{"self":[{"href":"https:\/\/365-housse.com\/es\/wp-json\/wp\/v2\/product\/18911"}],"collection":[{"href":"https:\/\/365-housse.com\/es\/wp-json\/wp\/v2\/product"}],"about":[{"href":"https:\/\/365-housse.com\/es\/wp-json\/wp\/v2\/types\/product"}],"replies":[{"embeddable":true,"href":"https:\/\/365-housse.com\/es\/wp-json\/wp\/v2\/comments?post=18911"}],"wp:featuredmedia":[{"embeddable":true,"href":"https:\/\/365-housse.com\/es\/wp-json\/wp\/v2\/media\/16535"}],"wp:attachment":[{"href":"https:\/\/365-housse.com\/es\/wp-json\/wp\/v2\/media?parent=18911"}],"wp:term":[{"taxonomy":"product_cat","embeddable":true,"href":"https:\/\/365-housse.com\/es\/wp-json\/wp\/v2\/product_cat?post=18911"},{"taxonomy":"product_tag","embeddable":true,"href":"https:\/\/365-housse.com\/es\/wp-json\/wp\/v2\/product_tag?post=18911"}],"curies":[{"name":"wp","href":"https:\/\/api.w.org\/{rel}","templated":true}]}}