{"id":18931,"date":"2023-06-12T08:31:41","date_gmt":"2023-06-12T08:31:41","guid":{"rendered":"https:\/\/365-housse.com\/products\/housse-de-coussin-canape-vert\/"},"modified":"2024-09-17T14:59:44","modified_gmt":"2024-09-17T14:59:44","slug":"housse-de-coussin-canape-vert","status":"publish","type":"product","link":"https:\/\/365-housse.com\/es\/productos\/housse-de-coussin-canape-vert\/","title":{"rendered":"Funda de coj\u00edn para sof\u00e1 verde"},"content":{"rendered":"<h2>Dale a tu decoraci\u00f3n interior un <strong>aspecto atrevido y refrescante<\/strong> con nuestra Funda de Coj\u00edn de Sof\u00e1 Verde. Esta funda de coj\u00edn es una opci\u00f3n ideal para quienes quieren a\u00f1adir un toque de naturaleza y vitalidad a su interior. Ofrece una est\u00e9tica elegante y fresca, que agrega una dimensi\u00f3n visual intrigante a su espacio vital.\u00a0Con su color verde que simboliza la tranquilidad, el crecimiento y la conexi\u00f3n con la naturaleza, tu sof\u00e1 tendr\u00e1 un ambiente c\u00e1lido y reconfortante.<\/h2>\n<\/p>\n<h3>Las principales ventajas de nuestra Funda de Coj\u00edn de Sof\u00e1 Verde:<\/h3>\n<ul>\n<li><span data-mce-style=\"font-size: 0.875rem;\" style=\"font-size: 0.875rem\">Crea una decoraci\u00f3n original<\/span><\/li>\n<\/ul>\n<ul>\n<li><span data-mce-style=\"font-size: 0.875rem;\" style=\"font-size: 0.875rem\">Proporciona un ambiente acogedor y acogedor<\/span><\/li>\n<\/ul>\n<ul>\n<li><span data-mce-style=\"font-size: 0.875rem;\" style=\"font-size: 0.875rem\">Proporciona una protecci\u00f3n eficaz contra las manchas y la suciedad<\/span><\/li>\n<\/ul>\n<ul>\n<li><span data-mce-style=\"font-size: 0.875rem;\" style=\"font-size: 0.875rem\">Fabricado con <strong>materiales de calidad<\/strong> para mantener tus cojines en buen estado<\/span><\/li>\n<\/ul>\n<ul>\n<li><span data-mce-style=\"font-size: 0.875rem;\" style=\"font-size: 0.875rem\">Ayuda a prolongar la durabilidad de tus cojines<\/span><\/li>\n<\/ul>\n<p><strong>Caracter\u00edsticas:<\/strong><\/p>\n<ul>\n<li>\n<p>Composici\u00f3n: Terciopelo premium<\/p>\n<\/li>\n<li>\n<p>Material el\u00e1stico<\/p>\n<\/li>\n<li>\n<p><strong>tecnolog\u00eda de impresi\u00f3n de ultra rendimiento<\/strong> para una mayor resistencia del color a la luz y al lavado<\/p>\n<\/li>\n<li>\n<p>Lavable a m\u00e1quina (no requiere planchado ni secado)<\/p>\n<\/li>\n<li>\n<p>Disponible en varios tama\u00f1os<\/p>\n<\/li>\n<\/ul>\n<p><strong>Gu\u00eda de tallas:<\/strong><\/p>\n<p>Ofrecemos fundas para cojines de sof\u00e1 en tama\u00f1o est\u00e1ndar y tama\u00f1o extragrande.<\/p>\n<p style=\"padding-left: 30px\"><strong><em>=&gt; Nuestra gu\u00eda de tallas est\u00e1ndar:<\/em><\/strong><\/p>\n<div style=\"padding-left: 60px\"><span style=\"font-size: 0.875rem\">&#8211; Est\u00e1ndar 1: Largo 50 &#8211; 65 cm \/ Ancho 50 &#8211; 65 cm<\/span><\/div>\n<div style=\"padding-left: 60px\"><span style=\"font-size: 0.875rem\">&#8211; Est\u00e1ndar 2: Largo 100 &#8211; 125 cm \/ Ancho 50 &#8211; 65 cm<\/span><\/div>\n<div style=\"padding-left: 60px\"><span style=\"font-size: 0.875rem\">&#8211; Est\u00e1ndar 3: Largo 150 &#8211; 190 cm \/ Ancho 50 &#8211; 65 cm<\/span><\/div>\n<div style=\"padding-left: 60px\"><span style=\"font-size: 0.875rem\">&#8211; Est\u00e1ndar 4: Largo 140 &#8211; 190 cm \/ Ancho 85 &#8211; 95 cm<\/span><\/div>\n<p><\/p>\n<p data-mce-style=\"text-align: centro;\" style=\"text-align: center\"><img decoding=\"async\" alt=\"\" data-mce-fragment=\"1\" data-mce-src=\"https:\/\/365-housse.com\/wp-content\/uploads\/2023\/ 06\/TailleStandard_dca809cf-96ff-42f1-b7b8-d59470dbff00_480x480.jpg?v=1686421928\" src=\"https:\/\/365-housse.com\/wp-content\/uploads\/2023\/06\/TailleStandard_dca809cf-96ff-42f1-b7b 8 -d59470dbff00_480x480 .jpg?v=1686421928\" \/><\/p>\n<p style=\"padding-left: 30px\"><strong><em>=&gt; Gu\u00eda de tallas extragrande:<\/em><\/strong><\/p>\n<div style=\"padding-left: 60px\"><span style=\"font-size: 0.875rem\">&#8211; Extragrande 1: Largo 65 &#8211; 95 cm \/ Ancho 65 &#8211; 95 cm<\/span><\/div>\n<div style=\"padding-left: 60px\"><span style=\"font-size: 0.875rem\">&#8211; Extragrande 2: Largo 95 &#8211; 135 cm \/ Ancho 65 &#8211; 95 cm<\/span><\/div>\n<div style=\"padding-left: 60px\"><span style=\"font-size: 0.875rem\">&#8211; Extragrande 3: Largo 135 &#8211; 165 cm \/ Ancho 65 &#8211; 95 cm<\/span><\/div>\n<div style=\"padding-left: 60px\"><span style=\"font-size: 0.875rem\">&#8211; Extra grande 4: Largo 165 &#8211; 200 cm \/ Ancho 65 &#8211; 95 cm<\/span><\/div>\n<div style=\"padding-left: 60px\"><span style=\"font-size: 0.875rem\">&#8211; Extragrande 5: Largo 160 &#8211; 190 cm \/ Ancho 90 &#8211; 110 cm<\/span><\/div>\n<p><\/p>\n<p data-mce-style=\"text-align: centro;\" style=\"text-align: center\"><img decoding=\"async\" alt=\"housse-coussin-canape-taille\" data-mce-src=\"https:\/\/365-housse.com\/wp-content\/uploads\/2023\/06\/ funda-coj\u00edn-sof\u00e1-tama\u00f1o-extragrande_600x600.jpg?v=1685556500\" src=\"https:\/\/365-housse.com\/wp-content\/uploads\/2023\/06\/funda-coj\u00edn-canape-tama\u00f1o-extra -large_600x600.jpg?v=1685556500\" \/><\/p>\n<h2>A\u00f1ade una <strong>nota distintiva y fresca<\/strong> a tu decoraci\u00f3n interior con nuestra Funda de Coj\u00edn de Sof\u00e1 Verde. Esta funda de coj\u00edn es una gran opci\u00f3n para aquellos que quieran aportar un toque de naturaleza y vitalidad a su decoraci\u00f3n. Ofrece una apariencia elegante y refrescante, que agrega una dimensi\u00f3n visual cautivadora a su espacio vital.\u00a0Con su color verde que simboliza la calma, el crecimiento y la conexi\u00f3n con la naturaleza, tu sof\u00e1 tendr\u00e1 un ambiente c\u00e1lido y reconfortante.<\/h2>\n<\/p>\n<h3>Las principales ventajas de nuestra Funda de Coj\u00edn de Sof\u00e1 Verde:<\/h3>\n<ul>\n<li><span data-mce-style=\"font-size: 0.875rem;\" style=\"font-size: 0.875rem\">Crea una decoraci\u00f3n original<\/span><\/li>\n<\/ul>\n<ul>\n<li><span data-mce-style=\"font-size: 0.875rem;\" style=\"font-size: 0.875rem\">Proporciona un ambiente acogedor y acogedor<\/span><\/li>\n<\/ul>\n<ul>\n<li><span data-mce-style=\"font-size: 0.875rem;\" style=\"font-size: 0.875rem\">Protege eficazmente contra las manchas y la suciedad<\/span><\/li>\n<\/ul>\n<ul>\n<li>&lt;span data-mce-style=&quot;font-size\n<p><span data-mce-fragment=\"1\">Nuestras <strong>fundas de cojines para sof\u00e1<\/strong> tienen dimensiones universales, lo que les permite para adaptarse a una amplia gama de cojines individuales.<\/span><\/p>\n<p style=\"text-align: center\"><span data-mce-fragment=\"1\"><img decoding=\"async\" alt=\"housse-coussin- canap\u00e9s\" data-mce-src=\"https:\/\/365-housse.com\/wp-content\/uploads\/2023\/06\/housse-coussin-canapes-individuals_480x480.jpg?v=1685633697\" src=\"https:\/\/ 365-housse.com\/wp-content\/uploads\/2023\/06\/housse-coussin-canapes-individualels_480x480.jpg?v=1685633697\" \/><\/span><\/p>\n<p> <span data-mce-fragment=\"1\">Ya sea que tengas un estilo moderno, contempor\u00e1neo o bohemio, esta <a href=\"https:\/\/365-housse.com\/es\/collections\/funda-de-cojin-para -sofa\/\" title=\" funda de coj\u00edn para sof\u00e1\"><strong>funda de coj\u00edn para sof\u00e1<\/strong><\/a> combinar\u00e1 armoniosamente con tu decoraci\u00f3n. Transforma tu sof\u00e1 en una obra de arte decorativa con esta funda. Su aspecto \u00fanico y su calidad superior lo convierten en una opci\u00f3n ideal para darle frescura y estilo atemporal a su espacio vital.<\/span><\/p>\n<p><span data-mce-fragment=\"1\"> Descubra tambi\u00e9n nuestro <strong>Funda de Coj\u00edn para Sof\u00e1 Marr\u00f3n<\/strong>, una opci\u00f3n atemporal y lujosa para aportar un toque de calidez y elegancia cl\u00e1sica a tu interior. Combina estos dos colores para crear un contraste llamativo y resaltar la est\u00e9tica de tu sof\u00e1.<\/span><\/p>\n","protected":false},"excerpt":{"rendered":"<p>Dale a tu decoraci\u00f3n interior un aspecto atrevido y refrescante con nuestra Funda de Coj\u00edn de Sof\u00e1 Verde. Esta funda de coj\u00edn es una opci\u00f3n ideal para quienes quieren a\u00f1adir un toque de naturaleza y vitalidad a su interior. Ofrece una est\u00e9tica elegante y fresca, que agrega una dimensi\u00f3n visual intrigante a su espacio vital.\u00a0Con [&hellip;]<\/p>\n","protected":false},"featured_media":16531,"comment_status":"open","ping_status":"closed","template":"","meta":[],"product_cat":[187,161],"product_tag":[208],"class_list":{"0":"post-18931","1":"product","2":"type-product","3":"status-publish","4":"has-post-thumbnail","6":"product_cat-funda-de-cojin-para-sofa","7":"product_cat-portada-interior","8":"product_tag-housse-de-coussin-canape-es","10":"first","11":"instock","12":"shipping-taxable","13":"purchasable","14":"product-type-variable"},"yoast_head":"<title>Funda de coj\u00edn para sof\u00e1 verde en entrega - gratis Ahorra un 30% en tu pedido<\/title>\n<meta name=\"description\" content=\"Recibe tu Funda de coj\u00edn para sof\u00e1 verde hoy y benef\u00edciate de la entrega - gratuita Env\u00edo en 24\/48h\" \/>\n<meta name=\"robots\" content=\"index, follow, max-snippet:-1, max-image-preview:large, max-video-preview:-1\" \/>\n<link rel=\"canonical\" href=\"https:\/\/365-housse.com\/es\/productos\/housse-de-coussin-canape-vert\/\" \/>\n<meta property=\"og:locale\" content=\"es_ES\" \/>\n<meta property=\"og:type\" content=\"article\" \/>\n<meta property=\"og:title\" content=\"Funda de coj\u00edn para sof\u00e1 verde en entrega - gratis Ahorra un 30% en tu pedido\" \/>\n<meta property=\"og:description\" content=\"Recibe tu Funda de coj\u00edn para sof\u00e1 verde hoy y benef\u00edciate de la entrega - gratuita Env\u00edo en 24\/48h\" \/>\n<meta property=\"og:url\" content=\"https:\/\/365-housse.com\/es\/productos\/housse-de-coussin-canape-vert\/\" \/>\n<meta property=\"og:site_name\" content=\"Housse de Canap\u00e9\" \/>\n<meta property=\"article:modified_time\" content=\"2024-09-17T14:59:44+00:00\" \/>\n<meta property=\"og:image\" content=\"https:\/\/365-housse.com\/wp-content\/uploads\/2023\/06\/housse-coussin-canape-vert.jpg\" \/>\n\t<meta property=\"og:image:width\" content=\"449\" \/>\n\t<meta property=\"og:image:height\" content=\"446\" \/>\n\t<meta property=\"og:image:type\" content=\"image\/jpeg\" \/>\n<meta name=\"twitter:card\" content=\"summary_large_image\" \/>\n<meta name=\"twitter:label1\" content=\"Tiempo de lectura\" \/>\n\t<meta name=\"twitter:data1\" content=\"3 minutos\" \/>\n<script type=\"application\/ld+json\" class=\"yoast-schema-graph\">{\"@context\":\"https:\/\/schema.org\",\"@graph\":[{\"@type\":\"WebPage\",\"@id\":\"https:\/\/365-housse.com\/es\/productos\/housse-de-coussin-canape-vert\/\",\"url\":\"https:\/\/365-housse.com\/es\/productos\/housse-de-coussin-canape-vert\/\",\"name\":\"Funda de coj\u00edn para sof\u00e1 verde en entrega - gratis Ahorra un 30% en tu pedido\",\"isPartOf\":{\"@id\":\"https:\/\/365-housse.com\/es\/#website\"},\"primaryImageOfPage\":{\"@id\":\"https:\/\/365-housse.com\/es\/productos\/housse-de-coussin-canape-vert\/#primaryimage\"},\"image\":{\"@id\":\"https:\/\/365-housse.com\/es\/productos\/housse-de-coussin-canape-vert\/#primaryimage\"},\"thumbnailUrl\":\"https:\/\/365-housse.com\/wp-content\/uploads\/2023\/06\/housse-coussin-canape-vert.jpg\",\"datePublished\":\"2023-06-12T08:31:41+00:00\",\"dateModified\":\"2024-09-17T14:59:44+00:00\",\"description\":\"Recibe tu Funda de coj\u00edn para sof\u00e1 verde hoy y benef\u00edciate de la entrega - gratuita Env\u00edo en 24\/48h\",\"breadcrumb\":{\"@id\":\"https:\/\/365-housse.com\/es\/productos\/housse-de-coussin-canape-vert\/#breadcrumb\"},\"inLanguage\":\"es\",\"potentialAction\":[{\"@type\":\"ReadAction\",\"target\":[\"https:\/\/365-housse.com\/es\/productos\/housse-de-coussin-canape-vert\/\"]}]},{\"@type\":\"ImageObject\",\"inLanguage\":\"es\",\"@id\":\"https:\/\/365-housse.com\/es\/productos\/housse-de-coussin-canape-vert\/#primaryimage\",\"url\":\"https:\/\/365-housse.com\/wp-content\/uploads\/2023\/06\/housse-coussin-canape-vert.jpg\",\"contentUrl\":\"https:\/\/365-housse.com\/wp-content\/uploads\/2023\/06\/housse-coussin-canape-vert.jpg\",\"width\":449,\"height\":446},{\"@type\":\"BreadcrumbList\",\"@id\":\"https:\/\/365-housse.com\/es\/productos\/housse-de-coussin-canape-vert\/#breadcrumb\",\"itemListElement\":[{\"@type\":\"ListItem\",\"position\":1,\"name\":\"Accueil\",\"item\":\"https:\/\/365-housse.com\/es\/\"},{\"@type\":\"ListItem\",\"position\":2,\"name\":\"Tienda\",\"item\":\"https:\/\/365-housse.com\/es\/tienda\/\"},{\"@type\":\"ListItem\",\"position\":3,\"name\":\"Funda de coj\u00edn para sof\u00e1 verde\"}]},{\"@type\":\"WebSite\",\"@id\":\"https:\/\/365-housse.com\/es\/#website\",\"url\":\"https:\/\/365-housse.com\/es\/\",\"name\":\"Housse de Canap\u00e9\",\"description\":\"Le N\u00b01 de la Housse\",\"publisher\":{\"@id\":\"https:\/\/365-housse.com\/es\/#organization\"},\"potentialAction\":[{\"@type\":\"SearchAction\",\"target\":{\"@type\":\"EntryPoint\",\"urlTemplate\":\"https:\/\/365-housse.com\/es\/?s={search_term_string}\"},\"query-input\":{\"@type\":\"PropertyValueSpecification\",\"valueRequired\":true,\"valueName\":\"search_term_string\"}}],\"inLanguage\":\"es\"},{\"@type\":\"Organization\",\"@id\":\"https:\/\/365-housse.com\/es\/#organization\",\"name\":\"Housse de Canap\u00e9\",\"url\":\"https:\/\/365-housse.com\/es\/\",\"logo\":{\"@type\":\"ImageObject\",\"inLanguage\":\"es\",\"@id\":\"https:\/\/365-housse.com\/es\/#\/schema\/logo\/image\/\",\"url\":\"https:\/\/365-housse.com\/wp-content\/uploads\/2023\/06\/LOGO-400-\u00d7-200-px-392-x-134-px-16.png\",\"contentUrl\":\"https:\/\/365-housse.com\/wp-content\/uploads\/2023\/06\/LOGO-400-\u00d7-200-px-392-x-134-px-16.png\",\"width\":392,\"height\":134,\"caption\":\"Housse de Canap\u00e9\"},\"image\":{\"@id\":\"https:\/\/365-housse.com\/es\/#\/schema\/logo\/image\/\"}}]}<\/script>","yoast_head_json":{"title":"Funda de coj\u00edn para sof\u00e1 verde en entrega - gratis Ahorra un 30% en tu pedido","description":"Recibe tu Funda de coj\u00edn para sof\u00e1 verde hoy y benef\u00edciate de la entrega - gratuita Env\u00edo en 24\/48h","robots":{"index":"index","follow":"follow","max-snippet":"max-snippet:-1","max-image-preview":"max-image-preview:large","max-video-preview":"max-video-preview:-1"},"canonical":"https:\/\/365-housse.com\/es\/productos\/housse-de-coussin-canape-vert\/","og_locale":"es_ES","og_type":"article","og_title":"Funda de coj\u00edn para sof\u00e1 verde en entrega - gratis Ahorra un 30% en tu pedido","og_description":"Recibe tu Funda de coj\u00edn para sof\u00e1 verde hoy y benef\u00edciate de la entrega - gratuita Env\u00edo en 24\/48h","og_url":"https:\/\/365-housse.com\/es\/productos\/housse-de-coussin-canape-vert\/","og_site_name":"Housse de Canap\u00e9","article_modified_time":"2024-09-17T14:59:44+00:00","og_image":[{"width":449,"height":446,"url":"https:\/\/365-housse.com\/wp-content\/uploads\/2023\/06\/housse-coussin-canape-vert.jpg","type":"image\/jpeg"}],"twitter_card":"summary_large_image","twitter_misc":{"Tiempo de lectura":"3 minutos"},"schema":{"@context":"https:\/\/schema.org","@graph":[{"@type":"WebPage","@id":"https:\/\/365-housse.com\/es\/productos\/housse-de-coussin-canape-vert\/","url":"https:\/\/365-housse.com\/es\/productos\/housse-de-coussin-canape-vert\/","name":"Funda de coj\u00edn para sof\u00e1 verde en entrega - gratis Ahorra un 30% en tu pedido","isPartOf":{"@id":"https:\/\/365-housse.com\/es\/#website"},"primaryImageOfPage":{"@id":"https:\/\/365-housse.com\/es\/productos\/housse-de-coussin-canape-vert\/#primaryimage"},"image":{"@id":"https:\/\/365-housse.com\/es\/productos\/housse-de-coussin-canape-vert\/#primaryimage"},"thumbnailUrl":"https:\/\/365-housse.com\/wp-content\/uploads\/2023\/06\/housse-coussin-canape-vert.jpg","datePublished":"2023-06-12T08:31:41+00:00","dateModified":"2024-09-17T14:59:44+00:00","description":"Recibe tu Funda de coj\u00edn para sof\u00e1 verde hoy y benef\u00edciate de la entrega - gratuita Env\u00edo en 24\/48h","breadcrumb":{"@id":"https:\/\/365-housse.com\/es\/productos\/housse-de-coussin-canape-vert\/#breadcrumb"},"inLanguage":"es","potentialAction":[{"@type":"ReadAction","target":["https:\/\/365-housse.com\/es\/productos\/housse-de-coussin-canape-vert\/"]}]},{"@type":"ImageObject","inLanguage":"es","@id":"https:\/\/365-housse.com\/es\/productos\/housse-de-coussin-canape-vert\/#primaryimage","url":"https:\/\/365-housse.com\/wp-content\/uploads\/2023\/06\/housse-coussin-canape-vert.jpg","contentUrl":"https:\/\/365-housse.com\/wp-content\/uploads\/2023\/06\/housse-coussin-canape-vert.jpg","width":449,"height":446},{"@type":"BreadcrumbList","@id":"https:\/\/365-housse.com\/es\/productos\/housse-de-coussin-canape-vert\/#breadcrumb","itemListElement":[{"@type":"ListItem","position":1,"name":"Accueil","item":"https:\/\/365-housse.com\/es\/"},{"@type":"ListItem","position":2,"name":"Tienda","item":"https:\/\/365-housse.com\/es\/tienda\/"},{"@type":"ListItem","position":3,"name":"Funda de coj\u00edn para sof\u00e1 verde"}]},{"@type":"WebSite","@id":"https:\/\/365-housse.com\/es\/#website","url":"https:\/\/365-housse.com\/es\/","name":"Housse de Canap\u00e9","description":"Le N\u00b01 de la Housse","publisher":{"@id":"https:\/\/365-housse.com\/es\/#organization"},"potentialAction":[{"@type":"SearchAction","target":{"@type":"EntryPoint","urlTemplate":"https:\/\/365-housse.com\/es\/?s={search_term_string}"},"query-input":{"@type":"PropertyValueSpecification","valueRequired":true,"valueName":"search_term_string"}}],"inLanguage":"es"},{"@type":"Organization","@id":"https:\/\/365-housse.com\/es\/#organization","name":"Housse de Canap\u00e9","url":"https:\/\/365-housse.com\/es\/","logo":{"@type":"ImageObject","inLanguage":"es","@id":"https:\/\/365-housse.com\/es\/#\/schema\/logo\/image\/","url":"https:\/\/365-housse.com\/wp-content\/uploads\/2023\/06\/LOGO-400-\u00d7-200-px-392-x-134-px-16.png","contentUrl":"https:\/\/365-housse.com\/wp-content\/uploads\/2023\/06\/LOGO-400-\u00d7-200-px-392-x-134-px-16.png","width":392,"height":134,"caption":"Housse de Canap\u00e9"},"image":{"@id":"https:\/\/365-housse.com\/es\/#\/schema\/logo\/image\/"}}]}},"_links":{"self":[{"href":"https:\/\/365-housse.com\/es\/wp-json\/wp\/v2\/product\/18931"}],"collection":[{"href":"https:\/\/365-housse.com\/es\/wp-json\/wp\/v2\/product"}],"about":[{"href":"https:\/\/365-housse.com\/es\/wp-json\/wp\/v2\/types\/product"}],"replies":[{"embeddable":true,"href":"https:\/\/365-housse.com\/es\/wp-json\/wp\/v2\/comments?post=18931"}],"wp:featuredmedia":[{"embeddable":true,"href":"https:\/\/365-housse.com\/es\/wp-json\/wp\/v2\/media\/16531"}],"wp:attachment":[{"href":"https:\/\/365-housse.com\/es\/wp-json\/wp\/v2\/media?parent=18931"}],"wp:term":[{"taxonomy":"product_cat","embeddable":true,"href":"https:\/\/365-housse.com\/es\/wp-json\/wp\/v2\/product_cat?post=18931"},{"taxonomy":"product_tag","embeddable":true,"href":"https:\/\/365-housse.com\/es\/wp-json\/wp\/v2\/product_tag?post=18931"}],"curies":[{"name":"wp","href":"https:\/\/api.w.org\/{rel}","templated":true}]}}