{"id":19045,"date":"2023-06-12T08:31:24","date_gmt":"2023-06-12T08:31:24","guid":{"rendered":"https:\/\/365-housse.com\/products\/housse-de-coussin-canape-bleu\/"},"modified":"2024-09-17T15:00:25","modified_gmt":"2024-09-17T15:00:25","slug":"housse-de-coussin-canape-bleu","status":"publish","type":"product","link":"https:\/\/365-housse.com\/es\/productos\/housse-de-coussin-canape-bleu\/","title":{"rendered":"Funda de coj\u00edn para sof\u00e1 azul"},"content":{"rendered":"<h2>A\u00f1ade un toque de estilo atemporal a tu espacio con nuestra <strong>funda de coj\u00edn de sof\u00e1 azul<\/strong>. Si buscas un ambiente relajante y sofisticado, esta funda de coj\u00edn es una gran opci\u00f3n para poner el toque final a tu dise\u00f1o interior. El suave color azul proporciona una sensaci\u00f3n de calma y serenidad. Crear\u00e1 un ambiente relajado y favorecedor en tu sof\u00e1 o sill\u00f3n.<\/h2>\n<h3>Las principales ventajas de nuestra Funda de Coj\u00edn de Sof\u00e1 Azul:<\/h3>\n<ul>\n<li><span data-mce-style=\"font-size: 0.875rem;\" style=\"font-size: 0.875rem\">A\u00f1ade un poco de originalidad a tu decoraci\u00f3n<\/span><\/li>\n<\/ul>\n<ul>\n<li><span data-mce-style=\"font-size: 0.875rem;\" style=\"font-size: 0.875rem\">Crea un ambiente c\u00e1lido y acogedor<\/span><\/li>\n<\/ul>\n<ul>\n<li><span data-mce-style=\"font-size: 0.875rem;\" style=\"font-size: 0.875rem\">Protege contra manchas y suciedad<\/span><\/li>\n<\/ul>\n<ul>\n<li><span data-mce-style=\"font-size: 0.875rem;\" style=\"font-size: 0.875rem\">Fabricado con <strong>materiales de primera calidad<\/strong> para preservar tus cojines<\/span><\/li>\n<\/ul>\n<ul>\n<li><span data-mce-style=\"font-size: 0.875rem;\" style=\"font-size: 0.875rem\">Contribuye a prolongar la vida \u00fatil de tus cojines<\/span><\/li>\n<\/ul>\n<p><strong>Caracter\u00edsticas:<\/strong><\/p>\n<ul>\n<li>\n<p>Composici\u00f3n: Poli\u00e9ster de alta calidad<\/p>\n<\/li>\n<li>\n<p>Material el\u00e1stico<\/p>\n<\/li>\n<li>\n<p><strong>tecnolog\u00eda de impresi\u00f3n de ultra rendimiento<\/strong> para una mejor resistencia al color y al lavado<\/p>\n<\/li>\n<li>\n<p>Lavado a m\u00e1quina (no requiere planchado y secado r\u00e1pido)<\/p>\n<\/li>\n<li>\n<p>Disponible en varios tama\u00f1os<\/p>\n<\/li>\n<\/ul>\n<p><strong>Gu\u00eda de tallas:<\/strong><\/p>\n<p>Ofrecemos fundas para cojines de sof\u00e1 en tama\u00f1o est\u00e1ndar y tama\u00f1o extragrande.<\/p>\n<p><strong><em>\u00a0 \u00a0 \u00a0=&gt; Aqu\u00ed est\u00e1 la gu\u00eda de tallas est\u00e1ndar:<\/em><\/strong><\/p>\n<div><span>\u00a0 \u00a0 \u00a0 \u00a0 \u00a0 &#8211; Est\u00e1ndar 1: largo 50 &#8211; 65 cm \/ ancho 50 &#8211; 65 cm<\/span><\/div>\n<div><span>\u00a0 \u00a0 \u00a0 \u00a0 \u00a0 &#8211; Est\u00e1ndar 2: largo 100 &#8211; 125 cm \/ ancho 50 &#8211; 65 cm<\/span><\/div>\n<div><span> &#8211; Est\u00e1ndar 3: largo 150 &#8211; 190 cm \/ ancho 50 &#8211; 65 cm<\/span><\/div>\n<div><span> &#8211; Est\u00e1ndar 4: largo 140 &#8211; 190 cm \/ ancho 85 &#8211; 95 cm<\/span><\/div>\n<p><span data-mce-fragment=\"1\"><br \/><\/span><\/p>\n<p data-mce-style=\"text-align: centro;\" style=\"text-align: center\"> <img decoding=\"async\" alt=\"Tama\u00f1o est\u00e1ndar\" data-mce-fragment=\"1\" data-mce-src=\"https:\/\/365-housse.com\/wp-content\/uploads\/ 2023\/06\/Taille-Standard_480x480.jpg?v=1686474249\" src=\"https:\/\/365-housse.com\/wp-content\/uploads\/2023\/06\/Taille-Standard_480x480.jpg?v=1686474249\" \/> \/p&gt;<\/p>\n<p><strong><em>\u00a0 \u00a0 \u00a0=&gt; Aqu\u00ed tienes la gu\u00eda de tallas extragrandes:<\/em><\/strong><\/p>\n<div><span> &#8211; extragrande 1: largo 65 &#8211; 95 cm \/ ancho 65 &#8211; 95 cm<\/span><\/div>\n<div><span>\u00a0 \u00a0 \u00a0 \u00a0 \u00a0 &#8211; Extra grande 2: largo 95 &#8211; 135 cm \/ ancho 65 &#8211; 95 cm<\/span><\/div>\n<div><span>\u00a0 \u00a0 \u00a0 \u00a0 \u00a0 &#8211; Extra grande 3: largo 135 &#8211; 165 cm \/ ancho 65 &#8211; 95 cm<\/span><\/div>\n<div><span>\u00a0 \u00a0 \u00a0 \u00a0 \u00a0 &#8211; Extra grande 4: largo 165 &#8211; 200 cm \/ ancho 65 &#8211; 95 cm<\/span><\/div>\n<p><span data-mce-fragment=\"1\"><br \/><\/span><\/p>\n<p data-mce-style=\"text-align: centro;\" style=\"text-align: center\"><img decoding=\"async\" alt=\"Taille-Extra-Large\" src=\"https:\/\/365-housse.com\/wp-content\/uploads\/2023\/06\/Taille-Extra-Large_480x480. jpg?v=1686474312\" \/><\/p>\n<p><span data-mce-fragment=\"1\">Nuestras <strong>fundas de cojines para sof\u00e1<\/strong>\u00a0son universales, lo que les permite adaptarse a una amplia gama de dise\u00f1os de cojines individuales.<\/span><\/p>\n<p><span data-mce-fragment=\"1\"><img decoding=\"async\" alt=\"housse-coussin-canapes\" data-mce-src=\"https:\/\/365-housse.com\/wp-content\/uploads\/2023 \/06\/housse-coussin-canapes-individuals_480x480.jpg?v=1685633697\" data-mce-style=\"display: block; margen izquierdo: autom\u00e1tico; margen derecho: autom\u00e1tico;\" src=\"https:\/\/365-housse.com\/wp-content\/uploads\/2023\/06\/housse-coussin-canapes-individualels_480x480.jpg?v=1685633697\" \/><\/p>\n<h2>A\u00f1ade un toque de sofisticaci\u00f3n atemporal a tu interior con nuestra <strong>Funda de Coj\u00edn de Sof\u00e1 Azul<\/strong>. Si buscas un ambiente tranquilo y elegante, esta funda es el complemento perfecto para tu decoraci\u00f3n interior. El suave color azul evoca inmediatamente una sensaci\u00f3n de calma y tranquilidad. Aportar\u00e1 un ambiente relajante a tu sof\u00e1 o sill\u00f3n.<\/h2>\n<h3>Las principales ventajas de nuestra Funda de Coj\u00edn de Sof\u00e1 Azul:<\/h3>\n<ul>\n<li><span data-mce-style=\"font-size: 0.875rem;\" style=\"font-size: 0.875rem\">Aporta un toque de originalidad a tu decoraci\u00f3n interior<\/span><\/li>\n<\/ul>\n<ul>\n<li><span data-mce-style=\"font-size: 0.875rem;\" style=\"font-size: 0.875rem\">Crea un ambiente c\u00e1lido y confortable<\/span><\/li>\n<\/ul>\n<ul>\n<li><span data-mce-style=\"font-size: 0.875rem;\" style=\"font-size: 0.875rem\">Proporciona una protecci\u00f3n eficaz contra las manchas y la suciedad<\/span><\/li>\n<\/ul>\n<ul>\n<li><span data-mce-style=\"font-size: 0.875rem;\" style=\"font-size: 0.875rem\">Fabricado con<span> <\/span><strong>telas de alta calidad<\/strong><span> <\/span>para preservar tus cojines<\/span><\/li>\n<\/ul>\n<p>&lt;<\/p>\n<p data-mce-fragment=\"1\">A\u00f1ade un toque atemporal de sofisticaci\u00f3n a tu decoraci\u00f3n con esta <a href=\"https:\/\/365-housse.com\/es\/collections\/funda-de-cojin- para-sofa\/\" title=\"funda de coj\u00edn de sof\u00e1\"><strong data-mce-fragment=\"1\">funda de coj\u00edn de sof\u00e1<\/strong><\/a>. Transforma tu lugar en un santuario de calma y refinamiento integrando a partir de ahora esta funda de coj\u00edn. El discreto tono azul a\u00f1ade un brillo lujoso y crea un ambiente tranquilo en tu habitaci\u00f3n.<\/p>\n<p data-mce-fragment=\"1\">Tambi\u00e9n puedes echar un vistazo a la <strong data-mce-fragment=\"1\">funda de coj\u00edn para sof\u00e1 verde pino<\/strong> para disfrutar de una dosis extra de belleza natural y relajaci\u00f3n. Con su encanto natural y sus tonos relajantes, a\u00f1adir\u00e1 a tu interior una nota de serenidad y conexi\u00f3n con la naturaleza.<\/p>\n","protected":false},"excerpt":{"rendered":"<p>A\u00f1ade un toque de estilo atemporal a tu espacio con nuestra funda de coj\u00edn de sof\u00e1 azul. Si buscas un ambiente relajante y sofisticado, esta funda de coj\u00edn es una gran opci\u00f3n para poner el toque final a tu dise\u00f1o interior. El suave color azul proporciona una sensaci\u00f3n de calma y serenidad. Crear\u00e1 un ambiente [&hellip;]<\/p>\n","protected":false},"featured_media":16495,"comment_status":"open","ping_status":"closed","template":"","meta":[],"product_cat":[187,161],"product_tag":[208],"class_list":{"0":"post-19045","1":"product","2":"type-product","3":"status-publish","4":"has-post-thumbnail","6":"product_cat-funda-de-cojin-para-sofa","7":"product_cat-portada-interior","8":"product_tag-housse-de-coussin-canape-es","10":"first","11":"instock","12":"shipping-taxable","13":"purchasable","14":"product-type-variable"},"yoast_head":"<title>Funda de coj\u00edn para sof\u00e1 azul en entrega - gratis Ahorra un 30% en tu pedido<\/title>\n<meta name=\"description\" content=\"Recibe tu Funda de coj\u00edn para sof\u00e1 azul hoy y benef\u00edciate de la entrega - gratuita Env\u00edo en 24\/48h\" \/>\n<meta name=\"robots\" content=\"index, follow, max-snippet:-1, max-image-preview:large, max-video-preview:-1\" \/>\n<link rel=\"canonical\" href=\"https:\/\/365-housse.com\/es\/productos\/housse-de-coussin-canape-bleu\/\" \/>\n<meta property=\"og:locale\" content=\"es_ES\" \/>\n<meta property=\"og:type\" content=\"article\" \/>\n<meta property=\"og:title\" content=\"Funda de coj\u00edn para sof\u00e1 azul en entrega - gratis Ahorra un 30% en tu pedido\" \/>\n<meta property=\"og:description\" content=\"Recibe tu Funda de coj\u00edn para sof\u00e1 azul hoy y benef\u00edciate de la entrega - gratuita Env\u00edo en 24\/48h\" \/>\n<meta property=\"og:url\" content=\"https:\/\/365-housse.com\/es\/productos\/housse-de-coussin-canape-bleu\/\" \/>\n<meta property=\"og:site_name\" content=\"Housse de Canap\u00e9\" \/>\n<meta property=\"article:modified_time\" content=\"2024-09-17T15:00:25+00:00\" \/>\n<meta property=\"og:image\" content=\"https:\/\/365-housse.com\/wp-content\/uploads\/2023\/06\/housse-coussin-canape-bleu.jpg\" \/>\n\t<meta property=\"og:image:width\" content=\"448\" \/>\n\t<meta property=\"og:image:height\" content=\"444\" \/>\n\t<meta property=\"og:image:type\" content=\"image\/jpeg\" \/>\n<meta name=\"twitter:card\" content=\"summary_large_image\" \/>\n<meta name=\"twitter:label1\" content=\"Tiempo de lectura\" \/>\n\t<meta name=\"twitter:data1\" content=\"3 minutos\" \/>\n<script type=\"application\/ld+json\" class=\"yoast-schema-graph\">{\"@context\":\"https:\/\/schema.org\",\"@graph\":[{\"@type\":\"WebPage\",\"@id\":\"https:\/\/365-housse.com\/es\/productos\/housse-de-coussin-canape-bleu\/\",\"url\":\"https:\/\/365-housse.com\/es\/productos\/housse-de-coussin-canape-bleu\/\",\"name\":\"Funda de coj\u00edn para sof\u00e1 azul en entrega - gratis Ahorra un 30% en tu pedido\",\"isPartOf\":{\"@id\":\"https:\/\/365-housse.com\/es\/#website\"},\"primaryImageOfPage\":{\"@id\":\"https:\/\/365-housse.com\/es\/productos\/housse-de-coussin-canape-bleu\/#primaryimage\"},\"image\":{\"@id\":\"https:\/\/365-housse.com\/es\/productos\/housse-de-coussin-canape-bleu\/#primaryimage\"},\"thumbnailUrl\":\"https:\/\/365-housse.com\/wp-content\/uploads\/2023\/06\/housse-coussin-canape-bleu.jpg\",\"datePublished\":\"2023-06-12T08:31:24+00:00\",\"dateModified\":\"2024-09-17T15:00:25+00:00\",\"description\":\"Recibe tu Funda de coj\u00edn para sof\u00e1 azul hoy y benef\u00edciate de la entrega - gratuita Env\u00edo en 24\/48h\",\"breadcrumb\":{\"@id\":\"https:\/\/365-housse.com\/es\/productos\/housse-de-coussin-canape-bleu\/#breadcrumb\"},\"inLanguage\":\"es\",\"potentialAction\":[{\"@type\":\"ReadAction\",\"target\":[\"https:\/\/365-housse.com\/es\/productos\/housse-de-coussin-canape-bleu\/\"]}]},{\"@type\":\"ImageObject\",\"inLanguage\":\"es\",\"@id\":\"https:\/\/365-housse.com\/es\/productos\/housse-de-coussin-canape-bleu\/#primaryimage\",\"url\":\"https:\/\/365-housse.com\/wp-content\/uploads\/2023\/06\/housse-coussin-canape-bleu.jpg\",\"contentUrl\":\"https:\/\/365-housse.com\/wp-content\/uploads\/2023\/06\/housse-coussin-canape-bleu.jpg\",\"width\":448,\"height\":444},{\"@type\":\"BreadcrumbList\",\"@id\":\"https:\/\/365-housse.com\/es\/productos\/housse-de-coussin-canape-bleu\/#breadcrumb\",\"itemListElement\":[{\"@type\":\"ListItem\",\"position\":1,\"name\":\"Accueil\",\"item\":\"https:\/\/365-housse.com\/es\/\"},{\"@type\":\"ListItem\",\"position\":2,\"name\":\"Tienda\",\"item\":\"https:\/\/365-housse.com\/es\/tienda\/\"},{\"@type\":\"ListItem\",\"position\":3,\"name\":\"Funda de coj\u00edn para sof\u00e1 azul\"}]},{\"@type\":\"WebSite\",\"@id\":\"https:\/\/365-housse.com\/es\/#website\",\"url\":\"https:\/\/365-housse.com\/es\/\",\"name\":\"Housse de Canap\u00e9\",\"description\":\"Le N\u00b01 de la Housse\",\"publisher\":{\"@id\":\"https:\/\/365-housse.com\/es\/#organization\"},\"potentialAction\":[{\"@type\":\"SearchAction\",\"target\":{\"@type\":\"EntryPoint\",\"urlTemplate\":\"https:\/\/365-housse.com\/es\/?s={search_term_string}\"},\"query-input\":{\"@type\":\"PropertyValueSpecification\",\"valueRequired\":true,\"valueName\":\"search_term_string\"}}],\"inLanguage\":\"es\"},{\"@type\":\"Organization\",\"@id\":\"https:\/\/365-housse.com\/es\/#organization\",\"name\":\"Housse de Canap\u00e9\",\"url\":\"https:\/\/365-housse.com\/es\/\",\"logo\":{\"@type\":\"ImageObject\",\"inLanguage\":\"es\",\"@id\":\"https:\/\/365-housse.com\/es\/#\/schema\/logo\/image\/\",\"url\":\"https:\/\/365-housse.com\/wp-content\/uploads\/2023\/06\/LOGO-400-\u00d7-200-px-392-x-134-px-16.png\",\"contentUrl\":\"https:\/\/365-housse.com\/wp-content\/uploads\/2023\/06\/LOGO-400-\u00d7-200-px-392-x-134-px-16.png\",\"width\":392,\"height\":134,\"caption\":\"Housse de Canap\u00e9\"},\"image\":{\"@id\":\"https:\/\/365-housse.com\/es\/#\/schema\/logo\/image\/\"}}]}<\/script>","yoast_head_json":{"title":"Funda de coj\u00edn para sof\u00e1 azul en entrega - gratis Ahorra un 30% en tu pedido","description":"Recibe tu Funda de coj\u00edn para sof\u00e1 azul hoy y benef\u00edciate de la entrega - gratuita Env\u00edo en 24\/48h","robots":{"index":"index","follow":"follow","max-snippet":"max-snippet:-1","max-image-preview":"max-image-preview:large","max-video-preview":"max-video-preview:-1"},"canonical":"https:\/\/365-housse.com\/es\/productos\/housse-de-coussin-canape-bleu\/","og_locale":"es_ES","og_type":"article","og_title":"Funda de coj\u00edn para sof\u00e1 azul en entrega - gratis Ahorra un 30% en tu pedido","og_description":"Recibe tu Funda de coj\u00edn para sof\u00e1 azul hoy y benef\u00edciate de la entrega - gratuita Env\u00edo en 24\/48h","og_url":"https:\/\/365-housse.com\/es\/productos\/housse-de-coussin-canape-bleu\/","og_site_name":"Housse de Canap\u00e9","article_modified_time":"2024-09-17T15:00:25+00:00","og_image":[{"width":448,"height":444,"url":"https:\/\/365-housse.com\/wp-content\/uploads\/2023\/06\/housse-coussin-canape-bleu.jpg","type":"image\/jpeg"}],"twitter_card":"summary_large_image","twitter_misc":{"Tiempo de lectura":"3 minutos"},"schema":{"@context":"https:\/\/schema.org","@graph":[{"@type":"WebPage","@id":"https:\/\/365-housse.com\/es\/productos\/housse-de-coussin-canape-bleu\/","url":"https:\/\/365-housse.com\/es\/productos\/housse-de-coussin-canape-bleu\/","name":"Funda de coj\u00edn para sof\u00e1 azul en entrega - gratis Ahorra un 30% en tu pedido","isPartOf":{"@id":"https:\/\/365-housse.com\/es\/#website"},"primaryImageOfPage":{"@id":"https:\/\/365-housse.com\/es\/productos\/housse-de-coussin-canape-bleu\/#primaryimage"},"image":{"@id":"https:\/\/365-housse.com\/es\/productos\/housse-de-coussin-canape-bleu\/#primaryimage"},"thumbnailUrl":"https:\/\/365-housse.com\/wp-content\/uploads\/2023\/06\/housse-coussin-canape-bleu.jpg","datePublished":"2023-06-12T08:31:24+00:00","dateModified":"2024-09-17T15:00:25+00:00","description":"Recibe tu Funda de coj\u00edn para sof\u00e1 azul hoy y benef\u00edciate de la entrega - gratuita Env\u00edo en 24\/48h","breadcrumb":{"@id":"https:\/\/365-housse.com\/es\/productos\/housse-de-coussin-canape-bleu\/#breadcrumb"},"inLanguage":"es","potentialAction":[{"@type":"ReadAction","target":["https:\/\/365-housse.com\/es\/productos\/housse-de-coussin-canape-bleu\/"]}]},{"@type":"ImageObject","inLanguage":"es","@id":"https:\/\/365-housse.com\/es\/productos\/housse-de-coussin-canape-bleu\/#primaryimage","url":"https:\/\/365-housse.com\/wp-content\/uploads\/2023\/06\/housse-coussin-canape-bleu.jpg","contentUrl":"https:\/\/365-housse.com\/wp-content\/uploads\/2023\/06\/housse-coussin-canape-bleu.jpg","width":448,"height":444},{"@type":"BreadcrumbList","@id":"https:\/\/365-housse.com\/es\/productos\/housse-de-coussin-canape-bleu\/#breadcrumb","itemListElement":[{"@type":"ListItem","position":1,"name":"Accueil","item":"https:\/\/365-housse.com\/es\/"},{"@type":"ListItem","position":2,"name":"Tienda","item":"https:\/\/365-housse.com\/es\/tienda\/"},{"@type":"ListItem","position":3,"name":"Funda de coj\u00edn para sof\u00e1 azul"}]},{"@type":"WebSite","@id":"https:\/\/365-housse.com\/es\/#website","url":"https:\/\/365-housse.com\/es\/","name":"Housse de Canap\u00e9","description":"Le N\u00b01 de la Housse","publisher":{"@id":"https:\/\/365-housse.com\/es\/#organization"},"potentialAction":[{"@type":"SearchAction","target":{"@type":"EntryPoint","urlTemplate":"https:\/\/365-housse.com\/es\/?s={search_term_string}"},"query-input":{"@type":"PropertyValueSpecification","valueRequired":true,"valueName":"search_term_string"}}],"inLanguage":"es"},{"@type":"Organization","@id":"https:\/\/365-housse.com\/es\/#organization","name":"Housse de Canap\u00e9","url":"https:\/\/365-housse.com\/es\/","logo":{"@type":"ImageObject","inLanguage":"es","@id":"https:\/\/365-housse.com\/es\/#\/schema\/logo\/image\/","url":"https:\/\/365-housse.com\/wp-content\/uploads\/2023\/06\/LOGO-400-\u00d7-200-px-392-x-134-px-16.png","contentUrl":"https:\/\/365-housse.com\/wp-content\/uploads\/2023\/06\/LOGO-400-\u00d7-200-px-392-x-134-px-16.png","width":392,"height":134,"caption":"Housse de Canap\u00e9"},"image":{"@id":"https:\/\/365-housse.com\/es\/#\/schema\/logo\/image\/"}}]}},"_links":{"self":[{"href":"https:\/\/365-housse.com\/es\/wp-json\/wp\/v2\/product\/19045"}],"collection":[{"href":"https:\/\/365-housse.com\/es\/wp-json\/wp\/v2\/product"}],"about":[{"href":"https:\/\/365-housse.com\/es\/wp-json\/wp\/v2\/types\/product"}],"replies":[{"embeddable":true,"href":"https:\/\/365-housse.com\/es\/wp-json\/wp\/v2\/comments?post=19045"}],"wp:featuredmedia":[{"embeddable":true,"href":"https:\/\/365-housse.com\/es\/wp-json\/wp\/v2\/media\/16495"}],"wp:attachment":[{"href":"https:\/\/365-housse.com\/es\/wp-json\/wp\/v2\/media?parent=19045"}],"wp:term":[{"taxonomy":"product_cat","embeddable":true,"href":"https:\/\/365-housse.com\/es\/wp-json\/wp\/v2\/product_cat?post=19045"},{"taxonomy":"product_tag","embeddable":true,"href":"https:\/\/365-housse.com\/es\/wp-json\/wp\/v2\/product_tag?post=19045"}],"curies":[{"name":"wp","href":"https:\/\/api.w.org\/{rel}","templated":true}]}}