{"id":19054,"date":"2023-06-12T08:31:23","date_gmt":"2023-06-12T08:31:23","guid":{"rendered":"https:\/\/365-housse.com\/products\/housse-de-coussin-canape-bleu-ciel\/"},"modified":"2024-09-17T15:00:31","modified_gmt":"2024-09-17T15:00:31","slug":"housse-de-coussin-canape-bleu-ciel","status":"publish","type":"product","link":"https:\/\/365-housse.com\/es\/productos\/housse-de-coussin-canape-bleu-ciel\/","title":{"rendered":"Funda de coj\u00edn para sof\u00e1 azul cielo"},"content":{"rendered":"<h2 data-mce-fragment=\"1\">\u00a1A\u00f1ade un toque refrescante a tu decoraci\u00f3n interior con la <strong data-mce-fragment=\"1\">Funda de coj\u00edn para sof\u00e1 azul cielo<\/strong>!<\/h2>\n<p>Esta funda de coj\u00edn es la elecci\u00f3n perfecta si buscas crear un ambiente luminoso y sereno. El color azul cielo aporta inmediatamente una sensaci\u00f3n de ligereza y frescura.<\/p>\n<h3>Las principales ventajas de nuestra Funda de Coj\u00edn para Sof\u00e1 Azul Cielo:<\/h3>\n<ul>\n<li><span data-mce-style=\"font-size: 0.875rem;\" style=\"font-size: 0.875rem\">Un toque de originalidad a tu decoraci\u00f3n interior<\/span><\/li>\n<li><span data-mce-style=\"font-size: 0.875rem;\" style=\"font-size: 0.875rem\">Un ambiente c\u00e1lido y confortable<\/span><\/li>\n<li><span data-mce-style=\"font-size: 0.875rem;\" style=\"font-size: 0.875rem\">Protecci\u00f3n contra manchas y suciedad<\/span><\/li>\n<li><span data-mce-style=\"font-size: 0.875rem;\" style=\"font-size: 0.875rem\">Fabricado con<span> <\/span><strong>telas de alta calidad<\/strong><span> <\/span>para preservar tus cojines<\/span><\/li>\n<li><span data-mce-style=\"font-size: 0.875rem;\" style=\"font-size: 0.875rem\">Contribuye a la durabilidad de tus cojines<\/span><\/li>\n<\/ul>\n<p><strong>Caracter\u00edsticas:<\/strong><\/p>\n<ul>\n<li>\n<p>Composici\u00f3n: Poli\u00e9ster de alta calidad<\/p>\n<\/li>\n<li>\n<p>Material el\u00e1stico<\/p>\n<\/li>\n<li>\n<p>Tecnolog\u00eda de impresi\u00f3n ultraeficiente<span> <\/span><strong>para una mayor resistencia del color a la luz y al lavado<\/p>\n<\/li>\n<li>\n<p>Lavable a m\u00e1quina (sin planchado y de secado r\u00e1pido)<\/p>\n<\/li>\n<li>\n<p>Disponible en varios tama\u00f1os<\/p>\n<\/li>\n<\/ul>\n<p><strong>Gu\u00eda de tallas:<\/strong><\/p>\n<p>Ofrecemos fundas para cojines de sof\u00e1 en tama\u00f1o est\u00e1ndar y tama\u00f1o extragrande.<\/p>\n<p><strong><em>\u00a0 \u00a0 \u00a0=&gt; Aqu\u00ed est\u00e1 la gu\u00eda de tallas est\u00e1ndar:<\/em><\/strong><\/p>\n<div><span>\u00a0 \u00a0 \u00a0 \u00a0 \u00a0 &#8211; Est\u00e1ndar 1: largo 50 &#8211; 65 cm \/ ancho 50 &#8211; 65 cm<\/span><\/div>\n<div><span>\u00a0 \u00a0 \u00a0 \u00a0 \u00a0 &#8211; Est\u00e1ndar 2: largo 100 &#8211; 125 cm \/ ancho 50 &#8211; 65 cm<\/span><\/div>\n<div><span> &#8211; Est\u00e1ndar 3: largo 150 &#8211; 190 cm \/ ancho 50 &#8211; 65 cm<\/span><\/div>\n<div><span> &#8211; Est\u00e1ndar 4: largo 140 &#8211; 190 cm \/ ancho 85 &#8211; 95 cm<\/span><\/div>\n<p><span data-mce-fragment=\"1\"><br \/><\/span><\/p>\n<p data-mce-style=\"text-align: centro;\" style=\"text-align: center\"> <img decoding=\"async\" alt=\"Tama\u00f1o est\u00e1ndar\" data-mce-fragment=\"1\" data-mce-src=\"https:\/\/365-housse.com\/wp-content\/uploads\/ 2023\/06\/Taille-Standard_480x480.jpg?v=1686474249\" src=\"https:\/\/365-housse.com\/wp-content\/uploads\/2023\/06\/Taille-Standard_480x480.jpg?v=1686474249\" \/> \/p&gt;<\/p>\n<p><strong><em>\u00a0 \u00a0 \u00a0=&gt; Aqu\u00ed tienes la gu\u00eda de tallas extragrandes:<\/em><\/strong><\/p>\n<div><span> &#8211; extragrande 1: largo 65 &#8211; 95 cm \/ ancho 65 &#8211; 95 cm<\/span><\/div>\n<div><span>\u00a0 \u00a0 \u00a0 \u00a0 \u00a0 &#8211; Extra grande 2: largo 95 &#8211; 135 cm \/ ancho 65 &#8211; 95 cm<\/span><\/div>\n<div><span>\u00a0 \u00a0 \u00a0 \u00a0 \u00a0 &#8211; Extra grande 3: largo 135 &#8211; 165 cm \/ ancho 65 &#8211; 95 cm<\/span><\/div>\n<div><span>\u00a0 \u00a0 \u00a0 \u00a0 \u00a0 &#8211; Extra grande 4: largo 165 &#8211; 200 cm \/ ancho 65 &#8211; 95 cm<\/span><\/div>\n<p><span data-mce-fragment=\"1\"><br \/><\/span><\/p>\n<p data-mce-style=\"text-align: centro;\" style=\"text-align: center\"><img decoding=\"async\" alt=\"Taille-Extra-Large\" src=\"https:\/\/365-housse.com\/wp-content\/uploads\/2023\/06\/Taille-Extra-Large_480x480. jpg?v=1686474312\" \/><\/p>\n<p><span data-mce-fragment=\"1\">Nuestras\u00a0<strong>fundas de cojines para sof\u00e1s<\/strong>\u00a0son de tama\u00f1os universales, lo que les permite adaptarse a una amplia gama de dise\u00f1os de cojines individuales.<\/span><\/p>\n<p><span data-mce-fragment=\"1\"><img decoding=\"async\" alt=\"housse-coussin-canapes\" data-mce-src=\"https:\/\/365-housse.com\/wp-content\/uploads\/2023 \/06\/housse-coussin-canapes-individuals_480x480.jpg?v=1685633697\" data-mce-style=\"display: block; margen izquierdo: autom\u00e1tico; margen derecho: autom\u00e1tico;\" src=\"https:\/\/365-housse.com\/wp-content\/uploads\/2023\/06\/housse-coussin-canapes-individualels_480x480.jpg?v=1685633697\" \/><\/p>\n<h2 data-mce-fragment=\"1\">\u00a1Dale un lavado de cara a tu interior con la <strong data-mce-fragment=\"1\">Funda de coj\u00edn para sof\u00e1 azul cielo<\/strong>!<\/h2>\n<p>Esta funda de coj\u00edn es la soluci\u00f3n ideal si quieres crear un ambiente sereno y relajado. El color azul cielo ofrece una sensaci\u00f3n de ligereza y frescura.<\/p>\n<h3>Las principales ventajas de nuestra Funda de Coj\u00edn para Sof\u00e1 Azul Cielo:<\/h3>\n<ul>\n<li><span data-mce-style=\"font-size: 0.875rem;\" style=\"font-size: 0.875rem\">A\u00f1ade un toque de originalidad a tu decoraci\u00f3n interior<\/span><\/li>\n<li><span data-mce-style=\"font-size: 0.875rem;\" style=\"font-size: 0.875rem\">Crea un ambiente c\u00e1lido y confortable<\/span><\/li>\n<li><span data-mce-style=\"font-size: 0.875rem;\" style=\"font-size: 0.875rem\">Protege contra manchas y suciedad<\/span><\/li>\n<li><span data-mce-style=\"font-size: 0.875rem;\" style=\"font-size: 0.875rem\">Fabricado con<span> <\/span><strong>telas de alta calidad<\/strong><span> <\/span>para preservar tus cojines<\/span><\/li>\n<li><span data-mce-style=\"font-size: 0.875rem;\" style=\"font-size: 0.875rem\">Ayuda a aumentar la vida \u00fatil de tus cojines<\/span><\/li>\n<\/ul>\n<p><strong>Caracter\u00edsticas<\/p>\n<p data-mce-fragment=\"1\">Dale nueva vida a tu decoraci\u00f3n con nuestras <a href=\"https:\/\/365-housse.com\/es\/collections\/funda-de - cojin-para-sofa\/\" title=\"funda de coj\u00edn de sof\u00e1\"><strong data-mce-fragment=\"1\">funda de coj\u00edn de sof\u00e1<\/strong><\/a>. Crea un capullo de suavidad y ligereza a\u00f1adiendo este coj\u00edn. Aportar\u00e1 un ambiente relajante a su hogar y le proporcionar\u00e1 una sensaci\u00f3n de calma y bienestar. Su delicado tono azul aportar\u00e1 un toque de suavidad y armon\u00eda a tu espacio.<\/p>\n<p data-mce-fragment=\"1\">Echa tambi\u00e9n un vistazo a nuestro <strong data-mce-fragment=\"1\">Funda de coj\u00edn de sof\u00e1 azul<\/strong> para darle m\u00e1s elegancia y estilo. Con su color intenso y profundo, dar\u00e1 un toque de elegancia y sofisticaci\u00f3n a tu interior.<\/p>\n","protected":false},"excerpt":{"rendered":"<p>\u00a1A\u00f1ade un toque refrescante a tu decoraci\u00f3n interior con la Funda de coj\u00edn para sof\u00e1 azul cielo! Esta funda de coj\u00edn es la elecci\u00f3n perfecta si buscas crear un ambiente luminoso y sereno. El color azul cielo aporta inmediatamente una sensaci\u00f3n de ligereza y frescura. Las principales ventajas de nuestra Funda de Coj\u00edn para Sof\u00e1 [&hellip;]<\/p>\n","protected":false},"featured_media":16492,"comment_status":"open","ping_status":"closed","template":"","meta":[],"product_cat":[187,161],"product_tag":[208],"class_list":{"0":"post-19054","1":"product","2":"type-product","3":"status-publish","4":"has-post-thumbnail","6":"product_cat-funda-de-cojin-para-sofa","7":"product_cat-portada-interior","8":"product_tag-housse-de-coussin-canape-es","10":"first","11":"instock","12":"shipping-taxable","13":"purchasable","14":"product-type-variable"},"yoast_head":"<title>Funda de coj\u00edn para sof\u00e1 azul cielo en entrega - gratis Ahorra un 30% en tu pedido<\/title>\n<meta name=\"description\" content=\"Recibe tu Funda de coj\u00edn para sof\u00e1 azul cielo hoy y benef\u00edciate de la entrega - gratuita Env\u00edo en 24\/48h\" \/>\n<meta name=\"robots\" content=\"index, follow, max-snippet:-1, max-image-preview:large, max-video-preview:-1\" \/>\n<link rel=\"canonical\" href=\"https:\/\/365-housse.com\/es\/productos\/housse-de-coussin-canape-bleu-ciel\/\" \/>\n<meta property=\"og:locale\" content=\"es_ES\" \/>\n<meta property=\"og:type\" content=\"article\" \/>\n<meta property=\"og:title\" content=\"Funda de coj\u00edn para sof\u00e1 azul cielo en entrega - gratis Ahorra un 30% en tu pedido\" \/>\n<meta property=\"og:description\" content=\"Recibe tu Funda de coj\u00edn para sof\u00e1 azul cielo hoy y benef\u00edciate de la entrega - gratuita Env\u00edo en 24\/48h\" \/>\n<meta property=\"og:url\" content=\"https:\/\/365-housse.com\/es\/productos\/housse-de-coussin-canape-bleu-ciel\/\" \/>\n<meta property=\"og:site_name\" content=\"Housse de Canap\u00e9\" \/>\n<meta property=\"article:modified_time\" content=\"2024-09-17T15:00:31+00:00\" \/>\n<meta property=\"og:image\" content=\"https:\/\/365-housse.com\/wp-content\/uploads\/2023\/06\/housse-coussin-canape-bleu-ciel.jpg\" \/>\n\t<meta property=\"og:image:width\" content=\"445\" \/>\n\t<meta property=\"og:image:height\" content=\"446\" \/>\n\t<meta property=\"og:image:type\" content=\"image\/jpeg\" \/>\n<meta name=\"twitter:card\" content=\"summary_large_image\" \/>\n<meta name=\"twitter:label1\" content=\"Tiempo de lectura\" \/>\n\t<meta name=\"twitter:data1\" content=\"2 minutos\" \/>\n<script type=\"application\/ld+json\" class=\"yoast-schema-graph\">{\"@context\":\"https:\/\/schema.org\",\"@graph\":[{\"@type\":\"WebPage\",\"@id\":\"https:\/\/365-housse.com\/es\/productos\/housse-de-coussin-canape-bleu-ciel\/\",\"url\":\"https:\/\/365-housse.com\/es\/productos\/housse-de-coussin-canape-bleu-ciel\/\",\"name\":\"Funda de coj\u00edn para sof\u00e1 azul cielo en entrega - gratis Ahorra un 30% en tu pedido\",\"isPartOf\":{\"@id\":\"https:\/\/365-housse.com\/es\/#website\"},\"primaryImageOfPage\":{\"@id\":\"https:\/\/365-housse.com\/es\/productos\/housse-de-coussin-canape-bleu-ciel\/#primaryimage\"},\"image\":{\"@id\":\"https:\/\/365-housse.com\/es\/productos\/housse-de-coussin-canape-bleu-ciel\/#primaryimage\"},\"thumbnailUrl\":\"https:\/\/365-housse.com\/wp-content\/uploads\/2023\/06\/housse-coussin-canape-bleu-ciel.jpg\",\"datePublished\":\"2023-06-12T08:31:23+00:00\",\"dateModified\":\"2024-09-17T15:00:31+00:00\",\"description\":\"Recibe tu Funda de coj\u00edn para sof\u00e1 azul cielo hoy y benef\u00edciate de la entrega - gratuita Env\u00edo en 24\/48h\",\"breadcrumb\":{\"@id\":\"https:\/\/365-housse.com\/es\/productos\/housse-de-coussin-canape-bleu-ciel\/#breadcrumb\"},\"inLanguage\":\"es\",\"potentialAction\":[{\"@type\":\"ReadAction\",\"target\":[\"https:\/\/365-housse.com\/es\/productos\/housse-de-coussin-canape-bleu-ciel\/\"]}]},{\"@type\":\"ImageObject\",\"inLanguage\":\"es\",\"@id\":\"https:\/\/365-housse.com\/es\/productos\/housse-de-coussin-canape-bleu-ciel\/#primaryimage\",\"url\":\"https:\/\/365-housse.com\/wp-content\/uploads\/2023\/06\/housse-coussin-canape-bleu-ciel.jpg\",\"contentUrl\":\"https:\/\/365-housse.com\/wp-content\/uploads\/2023\/06\/housse-coussin-canape-bleu-ciel.jpg\",\"width\":445,\"height\":446},{\"@type\":\"BreadcrumbList\",\"@id\":\"https:\/\/365-housse.com\/es\/productos\/housse-de-coussin-canape-bleu-ciel\/#breadcrumb\",\"itemListElement\":[{\"@type\":\"ListItem\",\"position\":1,\"name\":\"Accueil\",\"item\":\"https:\/\/365-housse.com\/es\/\"},{\"@type\":\"ListItem\",\"position\":2,\"name\":\"Tienda\",\"item\":\"https:\/\/365-housse.com\/es\/tienda\/\"},{\"@type\":\"ListItem\",\"position\":3,\"name\":\"Funda de coj\u00edn para sof\u00e1 azul cielo\"}]},{\"@type\":\"WebSite\",\"@id\":\"https:\/\/365-housse.com\/es\/#website\",\"url\":\"https:\/\/365-housse.com\/es\/\",\"name\":\"Housse de Canap\u00e9\",\"description\":\"Le N\u00b01 de la Housse\",\"publisher\":{\"@id\":\"https:\/\/365-housse.com\/es\/#organization\"},\"potentialAction\":[{\"@type\":\"SearchAction\",\"target\":{\"@type\":\"EntryPoint\",\"urlTemplate\":\"https:\/\/365-housse.com\/es\/?s={search_term_string}\"},\"query-input\":{\"@type\":\"PropertyValueSpecification\",\"valueRequired\":true,\"valueName\":\"search_term_string\"}}],\"inLanguage\":\"es\"},{\"@type\":\"Organization\",\"@id\":\"https:\/\/365-housse.com\/es\/#organization\",\"name\":\"Housse de Canap\u00e9\",\"url\":\"https:\/\/365-housse.com\/es\/\",\"logo\":{\"@type\":\"ImageObject\",\"inLanguage\":\"es\",\"@id\":\"https:\/\/365-housse.com\/es\/#\/schema\/logo\/image\/\",\"url\":\"https:\/\/365-housse.com\/wp-content\/uploads\/2023\/06\/LOGO-400-\u00d7-200-px-392-x-134-px-16.png\",\"contentUrl\":\"https:\/\/365-housse.com\/wp-content\/uploads\/2023\/06\/LOGO-400-\u00d7-200-px-392-x-134-px-16.png\",\"width\":392,\"height\":134,\"caption\":\"Housse de Canap\u00e9\"},\"image\":{\"@id\":\"https:\/\/365-housse.com\/es\/#\/schema\/logo\/image\/\"}}]}<\/script>","yoast_head_json":{"title":"Funda de coj\u00edn para sof\u00e1 azul cielo en entrega - gratis Ahorra un 30% en tu pedido","description":"Recibe tu Funda de coj\u00edn para sof\u00e1 azul cielo hoy y benef\u00edciate de la entrega - gratuita Env\u00edo en 24\/48h","robots":{"index":"index","follow":"follow","max-snippet":"max-snippet:-1","max-image-preview":"max-image-preview:large","max-video-preview":"max-video-preview:-1"},"canonical":"https:\/\/365-housse.com\/es\/productos\/housse-de-coussin-canape-bleu-ciel\/","og_locale":"es_ES","og_type":"article","og_title":"Funda de coj\u00edn para sof\u00e1 azul cielo en entrega - gratis Ahorra un 30% en tu pedido","og_description":"Recibe tu Funda de coj\u00edn para sof\u00e1 azul cielo hoy y benef\u00edciate de la entrega - gratuita Env\u00edo en 24\/48h","og_url":"https:\/\/365-housse.com\/es\/productos\/housse-de-coussin-canape-bleu-ciel\/","og_site_name":"Housse de Canap\u00e9","article_modified_time":"2024-09-17T15:00:31+00:00","og_image":[{"width":445,"height":446,"url":"https:\/\/365-housse.com\/wp-content\/uploads\/2023\/06\/housse-coussin-canape-bleu-ciel.jpg","type":"image\/jpeg"}],"twitter_card":"summary_large_image","twitter_misc":{"Tiempo de lectura":"2 minutos"},"schema":{"@context":"https:\/\/schema.org","@graph":[{"@type":"WebPage","@id":"https:\/\/365-housse.com\/es\/productos\/housse-de-coussin-canape-bleu-ciel\/","url":"https:\/\/365-housse.com\/es\/productos\/housse-de-coussin-canape-bleu-ciel\/","name":"Funda de coj\u00edn para sof\u00e1 azul cielo en entrega - gratis Ahorra un 30% en tu pedido","isPartOf":{"@id":"https:\/\/365-housse.com\/es\/#website"},"primaryImageOfPage":{"@id":"https:\/\/365-housse.com\/es\/productos\/housse-de-coussin-canape-bleu-ciel\/#primaryimage"},"image":{"@id":"https:\/\/365-housse.com\/es\/productos\/housse-de-coussin-canape-bleu-ciel\/#primaryimage"},"thumbnailUrl":"https:\/\/365-housse.com\/wp-content\/uploads\/2023\/06\/housse-coussin-canape-bleu-ciel.jpg","datePublished":"2023-06-12T08:31:23+00:00","dateModified":"2024-09-17T15:00:31+00:00","description":"Recibe tu Funda de coj\u00edn para sof\u00e1 azul cielo hoy y benef\u00edciate de la entrega - gratuita Env\u00edo en 24\/48h","breadcrumb":{"@id":"https:\/\/365-housse.com\/es\/productos\/housse-de-coussin-canape-bleu-ciel\/#breadcrumb"},"inLanguage":"es","potentialAction":[{"@type":"ReadAction","target":["https:\/\/365-housse.com\/es\/productos\/housse-de-coussin-canape-bleu-ciel\/"]}]},{"@type":"ImageObject","inLanguage":"es","@id":"https:\/\/365-housse.com\/es\/productos\/housse-de-coussin-canape-bleu-ciel\/#primaryimage","url":"https:\/\/365-housse.com\/wp-content\/uploads\/2023\/06\/housse-coussin-canape-bleu-ciel.jpg","contentUrl":"https:\/\/365-housse.com\/wp-content\/uploads\/2023\/06\/housse-coussin-canape-bleu-ciel.jpg","width":445,"height":446},{"@type":"BreadcrumbList","@id":"https:\/\/365-housse.com\/es\/productos\/housse-de-coussin-canape-bleu-ciel\/#breadcrumb","itemListElement":[{"@type":"ListItem","position":1,"name":"Accueil","item":"https:\/\/365-housse.com\/es\/"},{"@type":"ListItem","position":2,"name":"Tienda","item":"https:\/\/365-housse.com\/es\/tienda\/"},{"@type":"ListItem","position":3,"name":"Funda de coj\u00edn para sof\u00e1 azul cielo"}]},{"@type":"WebSite","@id":"https:\/\/365-housse.com\/es\/#website","url":"https:\/\/365-housse.com\/es\/","name":"Housse de Canap\u00e9","description":"Le N\u00b01 de la Housse","publisher":{"@id":"https:\/\/365-housse.com\/es\/#organization"},"potentialAction":[{"@type":"SearchAction","target":{"@type":"EntryPoint","urlTemplate":"https:\/\/365-housse.com\/es\/?s={search_term_string}"},"query-input":{"@type":"PropertyValueSpecification","valueRequired":true,"valueName":"search_term_string"}}],"inLanguage":"es"},{"@type":"Organization","@id":"https:\/\/365-housse.com\/es\/#organization","name":"Housse de Canap\u00e9","url":"https:\/\/365-housse.com\/es\/","logo":{"@type":"ImageObject","inLanguage":"es","@id":"https:\/\/365-housse.com\/es\/#\/schema\/logo\/image\/","url":"https:\/\/365-housse.com\/wp-content\/uploads\/2023\/06\/LOGO-400-\u00d7-200-px-392-x-134-px-16.png","contentUrl":"https:\/\/365-housse.com\/wp-content\/uploads\/2023\/06\/LOGO-400-\u00d7-200-px-392-x-134-px-16.png","width":392,"height":134,"caption":"Housse de Canap\u00e9"},"image":{"@id":"https:\/\/365-housse.com\/es\/#\/schema\/logo\/image\/"}}]}},"_links":{"self":[{"href":"https:\/\/365-housse.com\/es\/wp-json\/wp\/v2\/product\/19054"}],"collection":[{"href":"https:\/\/365-housse.com\/es\/wp-json\/wp\/v2\/product"}],"about":[{"href":"https:\/\/365-housse.com\/es\/wp-json\/wp\/v2\/types\/product"}],"replies":[{"embeddable":true,"href":"https:\/\/365-housse.com\/es\/wp-json\/wp\/v2\/comments?post=19054"}],"wp:featuredmedia":[{"embeddable":true,"href":"https:\/\/365-housse.com\/es\/wp-json\/wp\/v2\/media\/16492"}],"wp:attachment":[{"href":"https:\/\/365-housse.com\/es\/wp-json\/wp\/v2\/media?parent=19054"}],"wp:term":[{"taxonomy":"product_cat","embeddable":true,"href":"https:\/\/365-housse.com\/es\/wp-json\/wp\/v2\/product_cat?post=19054"},{"taxonomy":"product_tag","embeddable":true,"href":"https:\/\/365-housse.com\/es\/wp-json\/wp\/v2\/product_tag?post=19054"}],"curies":[{"name":"wp","href":"https:\/\/api.w.org\/{rel}","templated":true}]}}