{"id":19063,"date":"2023-06-12T08:31:19","date_gmt":"2023-06-12T08:31:19","guid":{"rendered":"https:\/\/365-housse.com\/products\/housse-de-coussin-canape-cyan\/"},"modified":"2024-09-17T15:00:32","modified_gmt":"2024-09-17T15:00:32","slug":"housse-de-coussin-canape-cyan","status":"publish","type":"product","link":"https:\/\/365-housse.com\/es\/productos\/housse-de-coussin-canape-cyan\/","title":{"rendered":"Funda de coj\u00edn para sof\u00e1 cian"},"content":{"rendered":"<h2>\u00a1Dale un toque vibrante y cautivador a tu decoraci\u00f3n interior con la <strong>Funda de Coj\u00edn para Sof\u00e1 Cian<\/strong>! Esta funda es la soluci\u00f3n ideal para aportar frescura y modernidad a tu sof\u00e1, tu sill\u00f3n o tu cama.<\/h2>\n<h3>Las principales ventajas de nuestra Funda de Coj\u00edn para Sof\u00e1 Cian:<\/h3>\n<ul>\n<li><span>A\u00f1ade un toque original a tu decoraci\u00f3n interior<\/span><\/li>\n<li><span>Crea un ambiente c\u00e1lido y confortable<\/span><\/li>\n<li><span>Protege contra manchas y suciedad<\/span><\/li>\n<li><span>Fabricado con tejidos de alta calidad para preservar tus cojines<\/span><\/li>\n<li><span>Ayuda a prolongar la vida \u00fatil de tus cojines<\/span><\/li>\n<\/ul>\n<p><strong>Caracter\u00edsticas:<\/strong><\/p>\n<ul>\n<li><span>Composici\u00f3n: Poli\u00e9ster de primera calidad<\/span><\/li>\n<li><span>Material el\u00e1stico<\/span><\/li>\n<li><span>Tecnolog\u00eda de impresi\u00f3n de alto rendimiento para una mayor resistencia del color a la luz y al lavado<\/span><\/li>\n<li><span>Lavable a m\u00e1quina (no requiere planchado y de secado r\u00e1pido)<\/span><\/li>\n<li><span>Disponible en varios tama\u00f1os<\/span><\/li>\n<\/ul>\n<p><strong>Gu\u00eda de tallas:<\/strong><\/p>\n<p>Ofrecemos fundas para cojines de sof\u00e1 en tama\u00f1o est\u00e1ndar y tama\u00f1o extragrande.<\/p>\n<p><strong><em>\u00a0 \u00a0 \u00a0=&gt; Aqu\u00ed est\u00e1 la gu\u00eda de tallas est\u00e1ndar:<\/em><\/strong><\/p>\n<div><span>\u00a0 \u00a0 \u00a0 \u00a0 \u00a0 &#8211; Est\u00e1ndar 1: largo 50 &#8211; 65 cm \/ ancho 50 &#8211; 65 cm<\/span><\/div>\n<div><span>\u00a0 \u00a0 \u00a0 \u00a0 \u00a0 &#8211; Est\u00e1ndar 2: largo 100 &#8211; 125 cm \/ ancho 50 &#8211; 65 cm<\/span><\/div>\n<div><span> &#8211; Est\u00e1ndar 3: largo 150 &#8211; 190 cm \/ ancho 50 &#8211; 65 cm<\/span><\/div>\n<div><span> &#8211; Est\u00e1ndar 4: largo 140 &#8211; 190 cm \/ ancho 85 &#8211; 95 cm<\/span><\/div>\n<p><span><br \/><\/span><\/p>\n<p style=\"text-align: center\"><img decoding=\"async\" alt=\"Taille est\u00e1ndar\" src=\"https:\/\/365-housse.com\/wp-content\/uploads\/2023\/06\/Taille-Standard_480x480.jpg?v =1686474249\" \/><\/p>\n<p><strong><em>\u00a0 \u00a0 \u00a0=&gt; Aqu\u00ed tienes la gu\u00eda de tallas extragrandes:<\/em><\/strong><\/p>\n<div><span> &#8211; extragrande 1: largo 65 &#8211; 95 cm \/ ancho 65 &#8211; 95 cm<\/span><\/div>\n<div><span>\u00a0 \u00a0 \u00a0 \u00a0 \u00a0 &#8211; Extra grande 2: largo 95 &#8211; 135 cm \/ ancho 65 &#8211; 95 cm<\/span><\/div>\n<div><span>\u00a0 \u00a0 \u00a0 \u00a0 \u00a0 &#8211; Extra grande 3: largo 135 &#8211; 165 cm \/ ancho 65 &#8211; 95 cm<\/span><\/div>\n<div><span>\u00a0 \u00a0 \u00a0 \u00a0 \u00a0 &#8211; Extra grande 4: largo 165 &#8211; 200 cm \/ ancho 65 &#8211; 95 cm<\/span><\/div>\n<p><span><br \/><\/span><\/p>\n<p style=\"text-align: center\"><img decoding=\"async\" alt=\"Taille-Extra-Large\" src=\"https:\/\/365-housse.com\/wp-content\/uploads\/2023\/06\/Taille-Extra- Grande_480x480.jpg?v=1686474312\" \/>&gt;<\/p>\n<p><span>Nuestras <strong>fundas de cojines para sof\u00e1s<\/strong> tienen tama\u00f1os universales, lo que les permite adaptarse a una amplia gama de dise\u00f1os de cojines individuales.<\/span><\/p>\n<p style=\"text-align: center\"><img decoding=\"async\" alt=\"housse-coussin-canapes\" src=\"https:\/\/365-housse.com\/wp-content\/uploads\/2023\/06\/housse-coussin- canapes-individuals_480x480.jpg?v=1685633697\" style=\"margin-left: auto;margin-right: auto\" \/><\/p>\n<p data-mce-fragment=\"1\">El <strong data-mce-><a href=\"https:\/\/365-housse.com\/es\/collections\/funda-de-cojin-para-sofa\/\" title=\"funda de coj\u00edn para sof\u00e1\">funda de coj\u00edn para sof\u00e1&lt;\/a <\/strong> la negrita en cian es un aut\u00e9ntico diluvio de estilo y personalidad. Este tono brillante aportar\u00e1 una sensaci\u00f3n vivaz y din\u00e1mica a su hogar. El color cian es contempor\u00e1neo y a\u00f1ade car\u00e1cter a tu habitaci\u00f3n. No olvides la <strong data-mce-fragment=\"1\">Funda de coj\u00edn para sof\u00e1 azul cielo<\/strong> para darle un toque extra de frescura y calma. Su color suave proporciona una atm\u00f3sfera tranquila y apacible. Consigue un oasis de modernidad y creatividad integrando esta <strong data-mce-fragment=\"1\">funda de coj\u00edn<\/strong> en tu interior.<\/p>\n","protected":false},"excerpt":{"rendered":"<p>\u00a1Dale un toque vibrante y cautivador a tu decoraci\u00f3n interior con la Funda de Coj\u00edn para Sof\u00e1 Cian! Esta funda es la soluci\u00f3n ideal para aportar frescura y modernidad a tu sof\u00e1, tu sill\u00f3n o tu cama. Las principales ventajas de nuestra Funda de Coj\u00edn para Sof\u00e1 Cian: A\u00f1ade un toque original a tu decoraci\u00f3n [&hellip;]<\/p>\n","protected":false},"featured_media":16489,"comment_status":"open","ping_status":"closed","template":"","meta":[],"product_cat":[187,161],"product_tag":[208],"class_list":{"0":"post-19063","1":"product","2":"type-product","3":"status-publish","4":"has-post-thumbnail","6":"product_cat-funda-de-cojin-para-sofa","7":"product_cat-portada-interior","8":"product_tag-housse-de-coussin-canape-es","10":"first","11":"instock","12":"shipping-taxable","13":"product-type-variable"},"yoast_head":"<title>Funda de coj\u00edn para sof\u00e1 cian en entrega - gratis Ahorra un 30% en tu pedido<\/title>\n<meta name=\"description\" content=\"Recibe tu Funda de coj\u00edn para sof\u00e1 cian hoy y benef\u00edciate de la entrega - gratuita Env\u00edo en 24\/48h\" \/>\n<meta name=\"robots\" content=\"index, follow, max-snippet:-1, max-image-preview:large, max-video-preview:-1\" \/>\n<link rel=\"canonical\" href=\"https:\/\/365-housse.com\/es\/productos\/housse-de-coussin-canape-cyan\/\" \/>\n<meta property=\"og:locale\" content=\"es_ES\" \/>\n<meta property=\"og:type\" content=\"article\" \/>\n<meta property=\"og:title\" content=\"Funda de coj\u00edn para sof\u00e1 cian en entrega - gratis Ahorra un 30% en tu pedido\" \/>\n<meta property=\"og:description\" content=\"Recibe tu Funda de coj\u00edn para sof\u00e1 cian hoy y benef\u00edciate de la entrega - gratuita Env\u00edo en 24\/48h\" \/>\n<meta property=\"og:url\" content=\"https:\/\/365-housse.com\/es\/productos\/housse-de-coussin-canape-cyan\/\" \/>\n<meta property=\"og:site_name\" content=\"Housse de Canap\u00e9\" \/>\n<meta property=\"article:modified_time\" content=\"2024-09-17T15:00:32+00:00\" \/>\n<meta property=\"og:image\" content=\"https:\/\/365-housse.com\/wp-content\/uploads\/2023\/06\/housse-coussin-canape-cyan.jpg\" \/>\n\t<meta property=\"og:image:width\" content=\"447\" \/>\n\t<meta property=\"og:image:height\" content=\"445\" \/>\n\t<meta property=\"og:image:type\" content=\"image\/jpeg\" \/>\n<meta name=\"twitter:card\" content=\"summary_large_image\" \/>\n<meta name=\"twitter:label1\" content=\"Tiempo de lectura\" \/>\n\t<meta name=\"twitter:data1\" content=\"2 minutos\" \/>\n<script type=\"application\/ld+json\" class=\"yoast-schema-graph\">{\"@context\":\"https:\/\/schema.org\",\"@graph\":[{\"@type\":\"WebPage\",\"@id\":\"https:\/\/365-housse.com\/es\/productos\/housse-de-coussin-canape-cyan\/\",\"url\":\"https:\/\/365-housse.com\/es\/productos\/housse-de-coussin-canape-cyan\/\",\"name\":\"Funda de coj\u00edn para sof\u00e1 cian en entrega - gratis Ahorra un 30% en tu pedido\",\"isPartOf\":{\"@id\":\"https:\/\/365-housse.com\/es\/#website\"},\"primaryImageOfPage\":{\"@id\":\"https:\/\/365-housse.com\/es\/productos\/housse-de-coussin-canape-cyan\/#primaryimage\"},\"image\":{\"@id\":\"https:\/\/365-housse.com\/es\/productos\/housse-de-coussin-canape-cyan\/#primaryimage\"},\"thumbnailUrl\":\"https:\/\/365-housse.com\/wp-content\/uploads\/2023\/06\/housse-coussin-canape-cyan.jpg\",\"datePublished\":\"2023-06-12T08:31:19+00:00\",\"dateModified\":\"2024-09-17T15:00:32+00:00\",\"description\":\"Recibe tu Funda de coj\u00edn para sof\u00e1 cian hoy y benef\u00edciate de la entrega - gratuita Env\u00edo en 24\/48h\",\"breadcrumb\":{\"@id\":\"https:\/\/365-housse.com\/es\/productos\/housse-de-coussin-canape-cyan\/#breadcrumb\"},\"inLanguage\":\"es\",\"potentialAction\":[{\"@type\":\"ReadAction\",\"target\":[\"https:\/\/365-housse.com\/es\/productos\/housse-de-coussin-canape-cyan\/\"]}]},{\"@type\":\"ImageObject\",\"inLanguage\":\"es\",\"@id\":\"https:\/\/365-housse.com\/es\/productos\/housse-de-coussin-canape-cyan\/#primaryimage\",\"url\":\"https:\/\/365-housse.com\/wp-content\/uploads\/2023\/06\/housse-coussin-canape-cyan.jpg\",\"contentUrl\":\"https:\/\/365-housse.com\/wp-content\/uploads\/2023\/06\/housse-coussin-canape-cyan.jpg\",\"width\":447,\"height\":445},{\"@type\":\"BreadcrumbList\",\"@id\":\"https:\/\/365-housse.com\/es\/productos\/housse-de-coussin-canape-cyan\/#breadcrumb\",\"itemListElement\":[{\"@type\":\"ListItem\",\"position\":1,\"name\":\"Accueil\",\"item\":\"https:\/\/365-housse.com\/es\/\"},{\"@type\":\"ListItem\",\"position\":2,\"name\":\"Tienda\",\"item\":\"https:\/\/365-housse.com\/es\/tienda\/\"},{\"@type\":\"ListItem\",\"position\":3,\"name\":\"Funda de coj\u00edn para sof\u00e1 cian\"}]},{\"@type\":\"WebSite\",\"@id\":\"https:\/\/365-housse.com\/es\/#website\",\"url\":\"https:\/\/365-housse.com\/es\/\",\"name\":\"Housse de Canap\u00e9\",\"description\":\"Le N\u00b01 de la Housse\",\"publisher\":{\"@id\":\"https:\/\/365-housse.com\/es\/#organization\"},\"potentialAction\":[{\"@type\":\"SearchAction\",\"target\":{\"@type\":\"EntryPoint\",\"urlTemplate\":\"https:\/\/365-housse.com\/es\/?s={search_term_string}\"},\"query-input\":{\"@type\":\"PropertyValueSpecification\",\"valueRequired\":true,\"valueName\":\"search_term_string\"}}],\"inLanguage\":\"es\"},{\"@type\":\"Organization\",\"@id\":\"https:\/\/365-housse.com\/es\/#organization\",\"name\":\"Housse de Canap\u00e9\",\"url\":\"https:\/\/365-housse.com\/es\/\",\"logo\":{\"@type\":\"ImageObject\",\"inLanguage\":\"es\",\"@id\":\"https:\/\/365-housse.com\/es\/#\/schema\/logo\/image\/\",\"url\":\"https:\/\/365-housse.com\/wp-content\/uploads\/2023\/06\/LOGO-400-\u00d7-200-px-392-x-134-px-16.png\",\"contentUrl\":\"https:\/\/365-housse.com\/wp-content\/uploads\/2023\/06\/LOGO-400-\u00d7-200-px-392-x-134-px-16.png\",\"width\":392,\"height\":134,\"caption\":\"Housse de Canap\u00e9\"},\"image\":{\"@id\":\"https:\/\/365-housse.com\/es\/#\/schema\/logo\/image\/\"}}]}<\/script>","yoast_head_json":{"title":"Funda de coj\u00edn para sof\u00e1 cian en entrega - gratis Ahorra un 30% en tu pedido","description":"Recibe tu Funda de coj\u00edn para sof\u00e1 cian hoy y benef\u00edciate de la entrega - gratuita Env\u00edo en 24\/48h","robots":{"index":"index","follow":"follow","max-snippet":"max-snippet:-1","max-image-preview":"max-image-preview:large","max-video-preview":"max-video-preview:-1"},"canonical":"https:\/\/365-housse.com\/es\/productos\/housse-de-coussin-canape-cyan\/","og_locale":"es_ES","og_type":"article","og_title":"Funda de coj\u00edn para sof\u00e1 cian en entrega - gratis Ahorra un 30% en tu pedido","og_description":"Recibe tu Funda de coj\u00edn para sof\u00e1 cian hoy y benef\u00edciate de la entrega - gratuita Env\u00edo en 24\/48h","og_url":"https:\/\/365-housse.com\/es\/productos\/housse-de-coussin-canape-cyan\/","og_site_name":"Housse de Canap\u00e9","article_modified_time":"2024-09-17T15:00:32+00:00","og_image":[{"width":447,"height":445,"url":"https:\/\/365-housse.com\/wp-content\/uploads\/2023\/06\/housse-coussin-canape-cyan.jpg","type":"image\/jpeg"}],"twitter_card":"summary_large_image","twitter_misc":{"Tiempo de lectura":"2 minutos"},"schema":{"@context":"https:\/\/schema.org","@graph":[{"@type":"WebPage","@id":"https:\/\/365-housse.com\/es\/productos\/housse-de-coussin-canape-cyan\/","url":"https:\/\/365-housse.com\/es\/productos\/housse-de-coussin-canape-cyan\/","name":"Funda de coj\u00edn para sof\u00e1 cian en entrega - gratis Ahorra un 30% en tu pedido","isPartOf":{"@id":"https:\/\/365-housse.com\/es\/#website"},"primaryImageOfPage":{"@id":"https:\/\/365-housse.com\/es\/productos\/housse-de-coussin-canape-cyan\/#primaryimage"},"image":{"@id":"https:\/\/365-housse.com\/es\/productos\/housse-de-coussin-canape-cyan\/#primaryimage"},"thumbnailUrl":"https:\/\/365-housse.com\/wp-content\/uploads\/2023\/06\/housse-coussin-canape-cyan.jpg","datePublished":"2023-06-12T08:31:19+00:00","dateModified":"2024-09-17T15:00:32+00:00","description":"Recibe tu Funda de coj\u00edn para sof\u00e1 cian hoy y benef\u00edciate de la entrega - gratuita Env\u00edo en 24\/48h","breadcrumb":{"@id":"https:\/\/365-housse.com\/es\/productos\/housse-de-coussin-canape-cyan\/#breadcrumb"},"inLanguage":"es","potentialAction":[{"@type":"ReadAction","target":["https:\/\/365-housse.com\/es\/productos\/housse-de-coussin-canape-cyan\/"]}]},{"@type":"ImageObject","inLanguage":"es","@id":"https:\/\/365-housse.com\/es\/productos\/housse-de-coussin-canape-cyan\/#primaryimage","url":"https:\/\/365-housse.com\/wp-content\/uploads\/2023\/06\/housse-coussin-canape-cyan.jpg","contentUrl":"https:\/\/365-housse.com\/wp-content\/uploads\/2023\/06\/housse-coussin-canape-cyan.jpg","width":447,"height":445},{"@type":"BreadcrumbList","@id":"https:\/\/365-housse.com\/es\/productos\/housse-de-coussin-canape-cyan\/#breadcrumb","itemListElement":[{"@type":"ListItem","position":1,"name":"Accueil","item":"https:\/\/365-housse.com\/es\/"},{"@type":"ListItem","position":2,"name":"Tienda","item":"https:\/\/365-housse.com\/es\/tienda\/"},{"@type":"ListItem","position":3,"name":"Funda de coj\u00edn para sof\u00e1 cian"}]},{"@type":"WebSite","@id":"https:\/\/365-housse.com\/es\/#website","url":"https:\/\/365-housse.com\/es\/","name":"Housse de Canap\u00e9","description":"Le N\u00b01 de la Housse","publisher":{"@id":"https:\/\/365-housse.com\/es\/#organization"},"potentialAction":[{"@type":"SearchAction","target":{"@type":"EntryPoint","urlTemplate":"https:\/\/365-housse.com\/es\/?s={search_term_string}"},"query-input":{"@type":"PropertyValueSpecification","valueRequired":true,"valueName":"search_term_string"}}],"inLanguage":"es"},{"@type":"Organization","@id":"https:\/\/365-housse.com\/es\/#organization","name":"Housse de Canap\u00e9","url":"https:\/\/365-housse.com\/es\/","logo":{"@type":"ImageObject","inLanguage":"es","@id":"https:\/\/365-housse.com\/es\/#\/schema\/logo\/image\/","url":"https:\/\/365-housse.com\/wp-content\/uploads\/2023\/06\/LOGO-400-\u00d7-200-px-392-x-134-px-16.png","contentUrl":"https:\/\/365-housse.com\/wp-content\/uploads\/2023\/06\/LOGO-400-\u00d7-200-px-392-x-134-px-16.png","width":392,"height":134,"caption":"Housse de Canap\u00e9"},"image":{"@id":"https:\/\/365-housse.com\/es\/#\/schema\/logo\/image\/"}}]}},"_links":{"self":[{"href":"https:\/\/365-housse.com\/es\/wp-json\/wp\/v2\/product\/19063"}],"collection":[{"href":"https:\/\/365-housse.com\/es\/wp-json\/wp\/v2\/product"}],"about":[{"href":"https:\/\/365-housse.com\/es\/wp-json\/wp\/v2\/types\/product"}],"replies":[{"embeddable":true,"href":"https:\/\/365-housse.com\/es\/wp-json\/wp\/v2\/comments?post=19063"}],"wp:featuredmedia":[{"embeddable":true,"href":"https:\/\/365-housse.com\/es\/wp-json\/wp\/v2\/media\/16489"}],"wp:attachment":[{"href":"https:\/\/365-housse.com\/es\/wp-json\/wp\/v2\/media?parent=19063"}],"wp:term":[{"taxonomy":"product_cat","embeddable":true,"href":"https:\/\/365-housse.com\/es\/wp-json\/wp\/v2\/product_cat?post=19063"},{"taxonomy":"product_tag","embeddable":true,"href":"https:\/\/365-housse.com\/es\/wp-json\/wp\/v2\/product_tag?post=19063"}],"curies":[{"name":"wp","href":"https:\/\/api.w.org\/{rel}","templated":true}]}}