{"id":19072,"date":"2023-06-12T08:31:18","date_gmt":"2023-06-12T08:31:18","guid":{"rendered":"https:\/\/365-housse.com\/products\/housse-de-coussin-canape-blanc\/"},"modified":"2024-09-17T15:00:34","modified_gmt":"2024-09-17T15:00:34","slug":"housse-de-coussin-canape-blanc","status":"publish","type":"product","link":"https:\/\/365-housse.com\/es\/productos\/housse-de-coussin-canape-blanc\/","title":{"rendered":"Funda de coj\u00edn para sof\u00e1 blanca"},"content":{"rendered":"<p>Dale a tu sof\u00e1 un toque de elegancia atemporal con nuestra <strong>Funda de Coj\u00edn de Sof\u00e1 Blanca<\/strong>. Indicado para los amantes del dise\u00f1o refinado y minimalista, crea una atm\u00f3sfera relajante y sofisticada en su espacio vital.<\/p>\n<p>Las principales ventajas de nuestra Funda de Coj\u00edn de Sof\u00e1 Blanca:<\/p>\n<ul>\n<li><span>A\u00f1ade un toque de originalidad a tu decoraci\u00f3n interior<\/span><\/li>\n<li><span>Crea un ambiente c\u00e1lido y confortable<\/span><\/li>\n<li><span>Protege contra manchas y suciedad<\/span><\/li>\n<li><span>Fabricado con <strong>tejidos de calidad<\/strong> para preservar tus cojines<\/span><\/li>\n<li><span>Ayuda a prolongar la vida \u00fatil de tus cojines<\/span><\/li>\n<\/ul>\n<p>Caracter\u00edsticas :<\/p>\n<ul>\n<li>Composici\u00f3n: Poli\u00e9ster de primera calidad<\/li>\n<li>Material estirable<\/li>\n<li><strong>tecnolog\u00eda de impresi\u00f3n de alto rendimiento<\/strong> para una mayor resistencia del color a la luz y al lavado<\/li>\n<li>Lavable a m\u00e1quina (sin planchado y de secado r\u00e1pido)<\/li>\n<li>Disponible en varios tama\u00f1os<\/li>\n<\/ul>\n<p>Gu\u00eda de tallas:<br \/>\nOfrecemos fundas para cojines de sof\u00e1 en tama\u00f1o est\u00e1ndar y extragrande.<\/p>\n<p>=&gt; Aqu\u00ed est\u00e1 la gu\u00eda de tallas est\u00e1ndar:<\/p>\n<div> &#8211; Est\u00e1ndar 1: Largo 50 &#8211; 65 cm \/ Ancho 50 &#8211; 65 cm<\/div>\n<div> &#8211; Est\u00e1ndar 2: Largo 100 &#8211; 125 cm \/ Ancho 50 &#8211; 65 cm<\/div>\n<div> &#8211; Est\u00e1ndar 3: largo 150 &#8211; 190 cm \/ ancho 50 &#8211; 65 cm<\/div>\n<div> &#8211; Est\u00e1ndar 4: Largo 140 &#8211; 190 cm \/ Ancho 85 &#8211; 95 cm<\/div>\n<p>=&gt; Aqu\u00ed est\u00e1 la gu\u00eda de tallas extragrandes:<\/p>\n<div> &#8211; Extra grande 1: Largo 65 &#8211; 95 cm \/ Ancho 65 &#8211; 95 cm<\/div>\n<div> &#8211; Extra grande 2: largo 95 &#8211; 135 cm \/ ancho 65 &#8211; 95 cm<\/div>\n<div> &#8211; Extra grande 3: largo 135 &#8211; 165 cm \/ ancho 65 &#8211; 95 cm<\/div>\n<div> &#8211; Extra grande 4: Largo 165 &#8211; 200 cm \/ Ancho 65 &#8211; 95 cm<\/div>\n<p>Nuestras\u00a0<strong>fundas de cojines para sof\u00e1s<\/strong>\u00a0son universales, lo que les permite adaptarse a una amplia gama de dise\u00f1os de cojines individuales.<\/p>\n<p><span>Dale a tu sal\u00f3n un aspecto chic y elegante optando por este <a href=\"https:\/\/365-housse.com\/es\/collections\/funda-de-cojin-para-sofa\/\" title=\"funda de coj\u00edn de sof\u00e1\"><strong>funda de coj\u00edn de sof\u00e1<\/strong><\/a>. Su aspecto sutil y sobrio te proporcionar\u00e1 un ambiente tranquilo y acogedor, a la vez que le dotar\u00e1 de un estilo sofisticado. Combinar\u00e1 con todos los estilos de decoraci\u00f3n de interiores, ya sean modernos, cl\u00e1sicos o contempor\u00e1neos. Su elegante simplicidad proporciona un tel\u00f3n de fondo ideal para resaltar otros elementos decorativos, como cojines coloridos o mantas texturizadas. Si buscas un toque de modernidad y color en tu habitaci\u00f3n, prueba nuestra <strong>Funda de Coj\u00edn para Sof\u00e1 Cian<\/strong>, donde la combinaci\u00f3n de blanco y cian proporciona una paleta atrevida y \u00fanica.<\/span><\/p>\n","protected":false},"excerpt":{"rendered":"<p>Dale a tu sof\u00e1 un toque de elegancia atemporal con nuestra Funda de Coj\u00edn de Sof\u00e1 Blanca. Indicado para los amantes del dise\u00f1o refinado y minimalista, crea una atm\u00f3sfera relajante y sofisticada en su espacio vital. Las principales ventajas de nuestra Funda de Coj\u00edn de Sof\u00e1 Blanca: A\u00f1ade un toque de originalidad a tu decoraci\u00f3n [&hellip;]<\/p>\n","protected":false},"featured_media":16485,"comment_status":"open","ping_status":"closed","template":"","meta":[],"product_cat":[187,161],"product_tag":[208],"class_list":{"0":"post-19072","1":"product","2":"type-product","3":"status-publish","4":"has-post-thumbnail","6":"product_cat-funda-de-cojin-para-sofa","7":"product_cat-portada-interior","8":"product_tag-housse-de-coussin-canape-es","10":"first","11":"instock","12":"shipping-taxable","13":"purchasable","14":"product-type-variable"},"yoast_head":"<title>Funda de coj\u00edn para sof\u00e1 blanca en entrega - gratis Ahorra un 30% en tu pedido<\/title>\n<meta name=\"description\" content=\"Recibe tu Funda de coj\u00edn para sof\u00e1 blanca hoy y benef\u00edciate de la entrega - gratuita Env\u00edo en 24\/48h\" \/>\n<meta name=\"robots\" content=\"index, follow, max-snippet:-1, max-image-preview:large, max-video-preview:-1\" \/>\n<link rel=\"canonical\" href=\"https:\/\/365-housse.com\/es\/productos\/housse-de-coussin-canape-blanc\/\" \/>\n<meta property=\"og:locale\" content=\"es_ES\" \/>\n<meta property=\"og:type\" content=\"article\" \/>\n<meta property=\"og:title\" content=\"Funda de coj\u00edn para sof\u00e1 blanca en entrega - gratis Ahorra un 30% en tu pedido\" \/>\n<meta property=\"og:description\" content=\"Recibe tu Funda de coj\u00edn para sof\u00e1 blanca hoy y benef\u00edciate de la entrega - gratuita Env\u00edo en 24\/48h\" \/>\n<meta property=\"og:url\" content=\"https:\/\/365-housse.com\/es\/productos\/housse-de-coussin-canape-blanc\/\" \/>\n<meta property=\"og:site_name\" content=\"Housse de Canap\u00e9\" \/>\n<meta property=\"article:modified_time\" content=\"2024-09-17T15:00:34+00:00\" \/>\n<meta property=\"og:image\" content=\"https:\/\/365-housse.com\/wp-content\/uploads\/2023\/06\/housse-coussin-canape-blanc.jpg\" \/>\n\t<meta property=\"og:image:width\" content=\"448\" \/>\n\t<meta property=\"og:image:height\" content=\"449\" \/>\n\t<meta property=\"og:image:type\" content=\"image\/jpeg\" \/>\n<meta name=\"twitter:card\" content=\"summary_large_image\" \/>\n<meta name=\"twitter:label1\" content=\"Tiempo de lectura\" \/>\n\t<meta name=\"twitter:data1\" content=\"2 minutos\" \/>\n<script type=\"application\/ld+json\" class=\"yoast-schema-graph\">{\"@context\":\"https:\/\/schema.org\",\"@graph\":[{\"@type\":\"WebPage\",\"@id\":\"https:\/\/365-housse.com\/es\/productos\/housse-de-coussin-canape-blanc\/\",\"url\":\"https:\/\/365-housse.com\/es\/productos\/housse-de-coussin-canape-blanc\/\",\"name\":\"Funda de coj\u00edn para sof\u00e1 blanca en entrega - gratis Ahorra un 30% en tu pedido\",\"isPartOf\":{\"@id\":\"https:\/\/365-housse.com\/es\/#website\"},\"primaryImageOfPage\":{\"@id\":\"https:\/\/365-housse.com\/es\/productos\/housse-de-coussin-canape-blanc\/#primaryimage\"},\"image\":{\"@id\":\"https:\/\/365-housse.com\/es\/productos\/housse-de-coussin-canape-blanc\/#primaryimage\"},\"thumbnailUrl\":\"https:\/\/365-housse.com\/wp-content\/uploads\/2023\/06\/housse-coussin-canape-blanc.jpg\",\"datePublished\":\"2023-06-12T08:31:18+00:00\",\"dateModified\":\"2024-09-17T15:00:34+00:00\",\"description\":\"Recibe tu Funda de coj\u00edn para sof\u00e1 blanca hoy y benef\u00edciate de la entrega - gratuita Env\u00edo en 24\/48h\",\"breadcrumb\":{\"@id\":\"https:\/\/365-housse.com\/es\/productos\/housse-de-coussin-canape-blanc\/#breadcrumb\"},\"inLanguage\":\"es\",\"potentialAction\":[{\"@type\":\"ReadAction\",\"target\":[\"https:\/\/365-housse.com\/es\/productos\/housse-de-coussin-canape-blanc\/\"]}]},{\"@type\":\"ImageObject\",\"inLanguage\":\"es\",\"@id\":\"https:\/\/365-housse.com\/es\/productos\/housse-de-coussin-canape-blanc\/#primaryimage\",\"url\":\"https:\/\/365-housse.com\/wp-content\/uploads\/2023\/06\/housse-coussin-canape-blanc.jpg\",\"contentUrl\":\"https:\/\/365-housse.com\/wp-content\/uploads\/2023\/06\/housse-coussin-canape-blanc.jpg\",\"width\":448,\"height\":449},{\"@type\":\"BreadcrumbList\",\"@id\":\"https:\/\/365-housse.com\/es\/productos\/housse-de-coussin-canape-blanc\/#breadcrumb\",\"itemListElement\":[{\"@type\":\"ListItem\",\"position\":1,\"name\":\"Accueil\",\"item\":\"https:\/\/365-housse.com\/es\/\"},{\"@type\":\"ListItem\",\"position\":2,\"name\":\"Tienda\",\"item\":\"https:\/\/365-housse.com\/es\/tienda\/\"},{\"@type\":\"ListItem\",\"position\":3,\"name\":\"Funda de coj\u00edn para sof\u00e1 blanca\"}]},{\"@type\":\"WebSite\",\"@id\":\"https:\/\/365-housse.com\/es\/#website\",\"url\":\"https:\/\/365-housse.com\/es\/\",\"name\":\"Housse de Canap\u00e9\",\"description\":\"Le N\u00b01 de la Housse\",\"publisher\":{\"@id\":\"https:\/\/365-housse.com\/es\/#organization\"},\"potentialAction\":[{\"@type\":\"SearchAction\",\"target\":{\"@type\":\"EntryPoint\",\"urlTemplate\":\"https:\/\/365-housse.com\/es\/?s={search_term_string}\"},\"query-input\":{\"@type\":\"PropertyValueSpecification\",\"valueRequired\":true,\"valueName\":\"search_term_string\"}}],\"inLanguage\":\"es\"},{\"@type\":\"Organization\",\"@id\":\"https:\/\/365-housse.com\/es\/#organization\",\"name\":\"Housse de Canap\u00e9\",\"url\":\"https:\/\/365-housse.com\/es\/\",\"logo\":{\"@type\":\"ImageObject\",\"inLanguage\":\"es\",\"@id\":\"https:\/\/365-housse.com\/es\/#\/schema\/logo\/image\/\",\"url\":\"https:\/\/365-housse.com\/wp-content\/uploads\/2023\/06\/LOGO-400-\u00d7-200-px-392-x-134-px-16.png\",\"contentUrl\":\"https:\/\/365-housse.com\/wp-content\/uploads\/2023\/06\/LOGO-400-\u00d7-200-px-392-x-134-px-16.png\",\"width\":392,\"height\":134,\"caption\":\"Housse de Canap\u00e9\"},\"image\":{\"@id\":\"https:\/\/365-housse.com\/es\/#\/schema\/logo\/image\/\"}}]}<\/script>","yoast_head_json":{"title":"Funda de coj\u00edn para sof\u00e1 blanca en entrega - gratis Ahorra un 30% en tu pedido","description":"Recibe tu Funda de coj\u00edn para sof\u00e1 blanca hoy y benef\u00edciate de la entrega - gratuita Env\u00edo en 24\/48h","robots":{"index":"index","follow":"follow","max-snippet":"max-snippet:-1","max-image-preview":"max-image-preview:large","max-video-preview":"max-video-preview:-1"},"canonical":"https:\/\/365-housse.com\/es\/productos\/housse-de-coussin-canape-blanc\/","og_locale":"es_ES","og_type":"article","og_title":"Funda de coj\u00edn para sof\u00e1 blanca en entrega - gratis Ahorra un 30% en tu pedido","og_description":"Recibe tu Funda de coj\u00edn para sof\u00e1 blanca hoy y benef\u00edciate de la entrega - gratuita Env\u00edo en 24\/48h","og_url":"https:\/\/365-housse.com\/es\/productos\/housse-de-coussin-canape-blanc\/","og_site_name":"Housse de Canap\u00e9","article_modified_time":"2024-09-17T15:00:34+00:00","og_image":[{"width":448,"height":449,"url":"https:\/\/365-housse.com\/wp-content\/uploads\/2023\/06\/housse-coussin-canape-blanc.jpg","type":"image\/jpeg"}],"twitter_card":"summary_large_image","twitter_misc":{"Tiempo de lectura":"2 minutos"},"schema":{"@context":"https:\/\/schema.org","@graph":[{"@type":"WebPage","@id":"https:\/\/365-housse.com\/es\/productos\/housse-de-coussin-canape-blanc\/","url":"https:\/\/365-housse.com\/es\/productos\/housse-de-coussin-canape-blanc\/","name":"Funda de coj\u00edn para sof\u00e1 blanca en entrega - gratis Ahorra un 30% en tu pedido","isPartOf":{"@id":"https:\/\/365-housse.com\/es\/#website"},"primaryImageOfPage":{"@id":"https:\/\/365-housse.com\/es\/productos\/housse-de-coussin-canape-blanc\/#primaryimage"},"image":{"@id":"https:\/\/365-housse.com\/es\/productos\/housse-de-coussin-canape-blanc\/#primaryimage"},"thumbnailUrl":"https:\/\/365-housse.com\/wp-content\/uploads\/2023\/06\/housse-coussin-canape-blanc.jpg","datePublished":"2023-06-12T08:31:18+00:00","dateModified":"2024-09-17T15:00:34+00:00","description":"Recibe tu Funda de coj\u00edn para sof\u00e1 blanca hoy y benef\u00edciate de la entrega - gratuita Env\u00edo en 24\/48h","breadcrumb":{"@id":"https:\/\/365-housse.com\/es\/productos\/housse-de-coussin-canape-blanc\/#breadcrumb"},"inLanguage":"es","potentialAction":[{"@type":"ReadAction","target":["https:\/\/365-housse.com\/es\/productos\/housse-de-coussin-canape-blanc\/"]}]},{"@type":"ImageObject","inLanguage":"es","@id":"https:\/\/365-housse.com\/es\/productos\/housse-de-coussin-canape-blanc\/#primaryimage","url":"https:\/\/365-housse.com\/wp-content\/uploads\/2023\/06\/housse-coussin-canape-blanc.jpg","contentUrl":"https:\/\/365-housse.com\/wp-content\/uploads\/2023\/06\/housse-coussin-canape-blanc.jpg","width":448,"height":449},{"@type":"BreadcrumbList","@id":"https:\/\/365-housse.com\/es\/productos\/housse-de-coussin-canape-blanc\/#breadcrumb","itemListElement":[{"@type":"ListItem","position":1,"name":"Accueil","item":"https:\/\/365-housse.com\/es\/"},{"@type":"ListItem","position":2,"name":"Tienda","item":"https:\/\/365-housse.com\/es\/tienda\/"},{"@type":"ListItem","position":3,"name":"Funda de coj\u00edn para sof\u00e1 blanca"}]},{"@type":"WebSite","@id":"https:\/\/365-housse.com\/es\/#website","url":"https:\/\/365-housse.com\/es\/","name":"Housse de Canap\u00e9","description":"Le N\u00b01 de la Housse","publisher":{"@id":"https:\/\/365-housse.com\/es\/#organization"},"potentialAction":[{"@type":"SearchAction","target":{"@type":"EntryPoint","urlTemplate":"https:\/\/365-housse.com\/es\/?s={search_term_string}"},"query-input":{"@type":"PropertyValueSpecification","valueRequired":true,"valueName":"search_term_string"}}],"inLanguage":"es"},{"@type":"Organization","@id":"https:\/\/365-housse.com\/es\/#organization","name":"Housse de Canap\u00e9","url":"https:\/\/365-housse.com\/es\/","logo":{"@type":"ImageObject","inLanguage":"es","@id":"https:\/\/365-housse.com\/es\/#\/schema\/logo\/image\/","url":"https:\/\/365-housse.com\/wp-content\/uploads\/2023\/06\/LOGO-400-\u00d7-200-px-392-x-134-px-16.png","contentUrl":"https:\/\/365-housse.com\/wp-content\/uploads\/2023\/06\/LOGO-400-\u00d7-200-px-392-x-134-px-16.png","width":392,"height":134,"caption":"Housse de Canap\u00e9"},"image":{"@id":"https:\/\/365-housse.com\/es\/#\/schema\/logo\/image\/"}}]}},"_links":{"self":[{"href":"https:\/\/365-housse.com\/es\/wp-json\/wp\/v2\/product\/19072"}],"collection":[{"href":"https:\/\/365-housse.com\/es\/wp-json\/wp\/v2\/product"}],"about":[{"href":"https:\/\/365-housse.com\/es\/wp-json\/wp\/v2\/types\/product"}],"replies":[{"embeddable":true,"href":"https:\/\/365-housse.com\/es\/wp-json\/wp\/v2\/comments?post=19072"}],"wp:featuredmedia":[{"embeddable":true,"href":"https:\/\/365-housse.com\/es\/wp-json\/wp\/v2\/media\/16485"}],"wp:attachment":[{"href":"https:\/\/365-housse.com\/es\/wp-json\/wp\/v2\/media?parent=19072"}],"wp:term":[{"taxonomy":"product_cat","embeddable":true,"href":"https:\/\/365-housse.com\/es\/wp-json\/wp\/v2\/product_cat?post=19072"},{"taxonomy":"product_tag","embeddable":true,"href":"https:\/\/365-housse.com\/es\/wp-json\/wp\/v2\/product_tag?post=19072"}],"curies":[{"name":"wp","href":"https:\/\/api.w.org\/{rel}","templated":true}]}}