{"id":19099,"date":"2023-06-12T08:31:15","date_gmt":"2023-06-12T08:31:15","guid":{"rendered":"https:\/\/365-housse.com\/products\/housse-de-coussin-canape-camel\/"},"modified":"2024-09-17T15:01:57","modified_gmt":"2024-09-17T15:01:57","slug":"housse-de-coussin-canape-camel","status":"publish","type":"product","link":"https:\/\/365-housse.com\/es\/productos\/housse-de-coussin-canape-camel\/","title":{"rendered":"Funda de coj\u00edn para sof\u00e1 color camel"},"content":{"rendered":"<p>Dale a tu sof\u00e1 un toque atemporal y elegante con nuestra <strong data-mce-fragment=\"1\">Funda de Coj\u00edn para Sof\u00e1 Camel<\/strong>. Dise\u00f1ada especialmente para los amantes de los dise\u00f1os sencillos y sofisticados, esta funda es sin\u00f3nimo de calidez y naturalidad, creando un ambiente acogedor y confortable en tu hogar. Su sutil combinaci\u00f3n de suavidad camel y est\u00e9tica atemporal es \u00fanica.<\/p>\n<h3>Las principales ventajas de nuestra funda de coj\u00edn para sof\u00e1 Camel:<\/h3>\n<ul>\n<li><span data-mce-style=\"font-size: 0.875rem;\" style=\"font-size: 0.875rem\">Aporta un toque de originalidad a tu decoraci\u00f3n interior<\/span><\/li>\n<\/ul>\n<ul>\n<li><span data-mce-style=\"font- size : 0,875rem;\" style=\"font-size: 0.875rem\">Crea un ambiente acogedor y confortable<\/span><\/li>\n<\/ul>\n<ul>\n<li><span>Protege eficazmente contra las manchas y la suciedad<\/span><\/li>\n<\/ul>\n<ul>\n<li><span data-mce-style=\"font-size: 0.875rem ;\" style=\"font-size: 0.875rem\">Hecho de <strong>telas de primera calidad<\/strong><span> <\/span>para preservar tus cojines<\/span><\/li>\n<\/ul>\n<ul>\n<li><span data-mce-style=\"font-size: 0.875rem;\" style=\"font-size: 0.875rem\">Ayuda a prolongar la vida \u00fatil de tus cojines<\/span><\/li>\n<\/ul>\n<p><strong>Caracter\u00edsticas:<\/ strong><\/p>\n<ul>\n<li>\n<p>Composici\u00f3n: Poli\u00e9ster de alta calidad<\/p>\n<\/li>\n<li>\n<p>Material el\u00e1stico<\/p>\n<\/li>\n<li>\n<p><strong> tecnolog\u00eda de impresi\u00f3n de ultra rendimiento<\/strong><span> <\/span>para una mayor resistencia del color a la luz y al agua<\/p>\n<\/li>\n<li>\n<p>Lavable a m\u00e1quina (no requiere planchado y de secado r\u00e1pido)<\/ p> <\/li>\n<li>\n<p>Disponible en varias tallas<\/p>\n<\/li>\n<\/ul>\n<p><strong>Gu\u00eda de tallas:<\/strong><\/ p> <\/p>\n<p>Ofrecemos fundas para cojines de sof\u00e1 en tama\u00f1o est\u00e1ndar y tama\u00f1o extragrande.<\/p>\n<p><strong><em> \u00a0 \u00a0 \u00a0=&gt; Gu\u00eda de tallas est\u00e1ndar:<\/em><\/strong><\/p>\n<div><span>\u00a0 \u00a0 \u00a0 \u00a0 \u00a0 &#8211; Est\u00e1ndar 1: Largo 50 &#8211; 65 cm \/ Ancho 50 &#8211; 65 cm<\/span><\/div>\n<div><span>\u00a0 \u00a0 \u00a0 \u00a0 \u00a0 &#8211; Est\u00e1ndar 2: Largo 100 &#8211; 125 cm \/ Ancho 50 &#8211; 65 cm<\/span><\/div>\n<div><span>\u00a0 \u00a0 \u00a0 \u00a0 \u00a0 &#8211; Est\u00e1ndar 3: Largo 150 &#8211; 190 cm \/ Ancho 50 &#8211; 65 cm<\/span> <\/div>\n<div><span>\u00a0 \u00a0 \u00a0 \u00a0 \u00a0 &#8211; Est\u00e1ndar 4: Largo 140 &#8211; 190 cm \/ Ancho 85 &#8211; 95 cm<\/span><\/div>\n<p><span data-mce-fragment=\"1\">&lt;br \/ <\/span><\/p>\n<p data-mce-style=\"text-align: center;\" style=\"text-align: center\"> <img decoding=\"async\" alt=\"Tama\u00f1o est\u00e1ndar\" data-mce-fragment=\"1\" data-mce-src=\"https:\/\/365-housse.com\/wp-content\/uploads\/ 2023\/06\/Taille-Standard_480x480.jpg?v=1686474249\" src=\"https:\/\/365-housse.com\/wp-content\/uploads\/2023\/06\/Taille-Standard_480x480.jpg?v=1686474249\" \/> \/p&gt; <\/p>\n<p><strong><em>\u00a0 \u00a0 \u00a0=&gt; Gu\u00eda de tallas extragrande:<\/em><\/strong><\/p>\n<div><span>\u00a0 \u00a0 \u00a0 \u00a0 \u00a0 &#8211; Extra grande 1: Largo 65 &#8211; 95 cm \/ Ancho 65 &#8211; 95 cm<\/span><\/div>\n<div><span>\u00a0 \u00a0 \u00a0 \u00a0 \u00a0 &#8211; Extra grande 2: Largo 95 &#8211; 135 cm \/ Ancho 65 &#8211; 95 cm<\/span><\/div>\n<div><span>\u00a0 \u00a0 \u00a0 \u00a0 \u00a0 &#8211; Extra grande 3: Largo 135 &#8211; 165 cm \/ Ancho 65 &#8211; 95 cm<\/span><\/div>\n<div><span>\u00a0 \u00a0 \u00a0 \u00a0 \u00a0 &#8211; Extra grande 4: Largo 165 &#8211; 200 cm \/ Ancho 65 &#8211; 95 cm<\/span><\/div>\n<p><span><br \/><\/span><\/p>\n<p data-mce-style=\"text-align: center;\" style=\"text-align: center\"><img decoding=\"async\" alt=\"Taille-Extra-Large\" src=\"https:\/\/365-housse.com\/wp-content\/uploads\/2023\/06\/Taille-Extra-Large_480x480. jpg?v=1686474312\" \/><\/p>\n<p><span data-mce-fragment=\"1\">Nuestras\u00a0<strong>fundas de cojines para sof\u00e1s<\/strong>\u00a0son de tama\u00f1o universal, lo que les permite adaptarse a un gran cantidad de modelos de cojines individuales.<\/span><\/p>\n<p><span data-mce-fragment=\"1\"><img decoding=\"async\" alt=\"housse-coussin-canapes\" data-mce data-mce-style=\"display: block; margin -left: auto margin; -derecha: autom\u00e1tico;\" src=\"https:\/\/365-housse.com\/wp-content\/uploads\/2023\/06\/housse-coussin-canapes-individualels_480x480.jpg?v=1685633697\" \/><\/p>\n<p>Dale a tu sof\u00e1 un aspecto atemporal y elegante con nuestra <strong data-mce-fragment=\"1\">Funda de coj\u00edn para sof\u00e1 color camel<\/strong>. Ideal para los amantes de los dise\u00f1os atemporales y sofisticados, esta funda transmite de forma natural calidez y confort, aportando un ambiente acogedor a su interior. Su sutil mezcla de suavidad camel y estilo atemporal es \u00fanica.<\/p>\n<h3>Las principales ventajas de nuestra funda de coj\u00edn para sof\u00e1 Camel:<\/h3>\n<ul>\n<li><span data-mce-style=\"font-size: 0.875rem;\" style=\"font-size: 0.875rem\">Dale un toque personal a tu dise\u00f1o interior<\/span><\/li>\n<\/ul>\n<ul>\n<li><span data-mce-style=\"font-size: 0,875rem;\" style=\"font-size: 0.875rem\">Crea un ambiente c\u00e1lido y relajante<\/span><\/li>\n<\/ul>\n<ul>\n<li><span data-mce-style=\"font-size: 0.875rem ;\" style=\"font-size: 0.875rem\">Protege eficazmente contra las manchas y la suciedad<\/span><\/li>\n<\/ul>\n<ul>\n<li><span data-mce-style=\"font-size: 0.875rem ;\" style=\"font-size: 0.875rem\">Hecho de <strong>telas de primera calidad<\/strong><span> <\/span>para preservar tus cojines<\/span><\/li>\n<\/ul>\n<ul>\n<li><span data-mce-style=\"font-size: 0.875rem;\" style=\"font-size: 0.875rem\">Ayuda a aumentar la vida \u00fatil de tus cojines<\/span><\/li>\n<\/ul>\n<p><strong>Caracter\u00edsticas:<\/ strong><\/p>\n<ul>\n<li>\n<p>Composici\u00f3n<\/p>\n<p data-mce-fragment=\"1\">Opta por esta <a href=\"https:\/\/365-housse.com\/es\/collections\/ funda-de -cojin-para-sofa\/\" title=\"funda de coj\u00edn de sof\u00e1\"><strong data-mce-fragment=\"1\">funda de coj\u00edn de sof\u00e1<\/strong><\/a> para a\u00f1adir una pieza imprescindible y un complemento atemporal. tu sala de estar. Su estilo natural proporciona un ambiente relajante y acogedor, perfecto para relajarse y compartir momentos en familia o con amigos. Su dise\u00f1o sofisticado y su color c\u00e1lido combinan con todos los estilos decorativos, aportando un toque lujoso a tu sof\u00e1. Su apariencia cl\u00e1sica crea un ambiente suave y acogedor.<\/p>\n<p data-mce-fragment=\"1\">Descubre tambi\u00e9n nuestra <strong data-mce-fragment=\"1\">Funda de coj\u00edn para sof\u00e1 en marr\u00f3n oscuro<\/strong> para aportar un toque elegante y c\u00e1lido a tu interior. Armoniza la suavidad del camel con la profundidad del marr\u00f3n oscuro para crear combinaciones equilibradas y chic.<\/p>\n","protected":false},"excerpt":{"rendered":"<p>Dale a tu sof\u00e1 un toque atemporal y elegante con nuestra Funda de Coj\u00edn para Sof\u00e1 Camel. Dise\u00f1ada especialmente para los amantes de los dise\u00f1os sencillos y sofisticados, esta funda es sin\u00f3nimo de calidez y naturalidad, creando un ambiente acogedor y confortable en tu hogar. Su sutil combinaci\u00f3n de suavidad camel y est\u00e9tica atemporal es [&hellip;]<\/p>\n","protected":false},"featured_media":16475,"comment_status":"open","ping_status":"closed","template":"","meta":[],"product_cat":[187,161],"product_tag":[208],"class_list":{"0":"post-19099","1":"product","2":"type-product","3":"status-publish","4":"has-post-thumbnail","6":"product_cat-funda-de-cojin-para-sofa","7":"product_cat-portada-interior","8":"product_tag-housse-de-coussin-canape-es","10":"first","11":"instock","12":"shipping-taxable","13":"purchasable","14":"product-type-variable"},"yoast_head":"<title>Funda de coj\u00edn para sof\u00e1 color camel en entrega - gratis Ahorra un 30% en tu pedido<\/title>\n<meta name=\"description\" content=\"Recibe tu Funda de coj\u00edn para sof\u00e1 color camel hoy y benef\u00edciate de la entrega - gratuita Env\u00edo en 24\/48h\" \/>\n<meta name=\"robots\" content=\"index, follow, max-snippet:-1, max-image-preview:large, max-video-preview:-1\" \/>\n<link rel=\"canonical\" href=\"https:\/\/365-housse.com\/es\/productos\/housse-de-coussin-canape-camel\/\" \/>\n<meta property=\"og:locale\" content=\"es_ES\" \/>\n<meta property=\"og:type\" content=\"article\" \/>\n<meta property=\"og:title\" content=\"Funda de coj\u00edn para sof\u00e1 color camel en entrega - gratis Ahorra un 30% en tu pedido\" \/>\n<meta property=\"og:description\" content=\"Recibe tu Funda de coj\u00edn para sof\u00e1 color camel hoy y benef\u00edciate de la entrega - gratuita Env\u00edo en 24\/48h\" \/>\n<meta property=\"og:url\" content=\"https:\/\/365-housse.com\/es\/productos\/housse-de-coussin-canape-camel\/\" \/>\n<meta property=\"og:site_name\" content=\"Housse de Canap\u00e9\" \/>\n<meta property=\"article:modified_time\" content=\"2024-09-17T15:01:57+00:00\" \/>\n<meta property=\"og:image\" content=\"https:\/\/365-housse.com\/wp-content\/uploads\/2023\/06\/housse-coussin-canape-camel.jpg\" \/>\n\t<meta property=\"og:image:width\" content=\"446\" \/>\n\t<meta property=\"og:image:height\" content=\"449\" \/>\n\t<meta property=\"og:image:type\" content=\"image\/jpeg\" \/>\n<meta name=\"twitter:card\" content=\"summary_large_image\" \/>\n<meta name=\"twitter:label1\" content=\"Tiempo de lectura\" \/>\n\t<meta name=\"twitter:data1\" content=\"3 minutos\" \/>\n<script type=\"application\/ld+json\" class=\"yoast-schema-graph\">{\"@context\":\"https:\/\/schema.org\",\"@graph\":[{\"@type\":\"WebPage\",\"@id\":\"https:\/\/365-housse.com\/es\/productos\/housse-de-coussin-canape-camel\/\",\"url\":\"https:\/\/365-housse.com\/es\/productos\/housse-de-coussin-canape-camel\/\",\"name\":\"Funda de coj\u00edn para sof\u00e1 color camel en entrega - gratis Ahorra un 30% en tu pedido\",\"isPartOf\":{\"@id\":\"https:\/\/365-housse.com\/es\/#website\"},\"primaryImageOfPage\":{\"@id\":\"https:\/\/365-housse.com\/es\/productos\/housse-de-coussin-canape-camel\/#primaryimage\"},\"image\":{\"@id\":\"https:\/\/365-housse.com\/es\/productos\/housse-de-coussin-canape-camel\/#primaryimage\"},\"thumbnailUrl\":\"https:\/\/365-housse.com\/wp-content\/uploads\/2023\/06\/housse-coussin-canape-camel.jpg\",\"datePublished\":\"2023-06-12T08:31:15+00:00\",\"dateModified\":\"2024-09-17T15:01:57+00:00\",\"description\":\"Recibe tu Funda de coj\u00edn para sof\u00e1 color camel hoy y benef\u00edciate de la entrega - gratuita Env\u00edo en 24\/48h\",\"breadcrumb\":{\"@id\":\"https:\/\/365-housse.com\/es\/productos\/housse-de-coussin-canape-camel\/#breadcrumb\"},\"inLanguage\":\"es\",\"potentialAction\":[{\"@type\":\"ReadAction\",\"target\":[\"https:\/\/365-housse.com\/es\/productos\/housse-de-coussin-canape-camel\/\"]}]},{\"@type\":\"ImageObject\",\"inLanguage\":\"es\",\"@id\":\"https:\/\/365-housse.com\/es\/productos\/housse-de-coussin-canape-camel\/#primaryimage\",\"url\":\"https:\/\/365-housse.com\/wp-content\/uploads\/2023\/06\/housse-coussin-canape-camel.jpg\",\"contentUrl\":\"https:\/\/365-housse.com\/wp-content\/uploads\/2023\/06\/housse-coussin-canape-camel.jpg\",\"width\":446,\"height\":449},{\"@type\":\"BreadcrumbList\",\"@id\":\"https:\/\/365-housse.com\/es\/productos\/housse-de-coussin-canape-camel\/#breadcrumb\",\"itemListElement\":[{\"@type\":\"ListItem\",\"position\":1,\"name\":\"Accueil\",\"item\":\"https:\/\/365-housse.com\/es\/\"},{\"@type\":\"ListItem\",\"position\":2,\"name\":\"Tienda\",\"item\":\"https:\/\/365-housse.com\/es\/tienda\/\"},{\"@type\":\"ListItem\",\"position\":3,\"name\":\"Funda de coj\u00edn para sof\u00e1 color camel\"}]},{\"@type\":\"WebSite\",\"@id\":\"https:\/\/365-housse.com\/es\/#website\",\"url\":\"https:\/\/365-housse.com\/es\/\",\"name\":\"Housse de Canap\u00e9\",\"description\":\"Le N\u00b01 de la Housse\",\"publisher\":{\"@id\":\"https:\/\/365-housse.com\/es\/#organization\"},\"potentialAction\":[{\"@type\":\"SearchAction\",\"target\":{\"@type\":\"EntryPoint\",\"urlTemplate\":\"https:\/\/365-housse.com\/es\/?s={search_term_string}\"},\"query-input\":{\"@type\":\"PropertyValueSpecification\",\"valueRequired\":true,\"valueName\":\"search_term_string\"}}],\"inLanguage\":\"es\"},{\"@type\":\"Organization\",\"@id\":\"https:\/\/365-housse.com\/es\/#organization\",\"name\":\"Housse de Canap\u00e9\",\"url\":\"https:\/\/365-housse.com\/es\/\",\"logo\":{\"@type\":\"ImageObject\",\"inLanguage\":\"es\",\"@id\":\"https:\/\/365-housse.com\/es\/#\/schema\/logo\/image\/\",\"url\":\"https:\/\/365-housse.com\/wp-content\/uploads\/2023\/06\/LOGO-400-\u00d7-200-px-392-x-134-px-16.png\",\"contentUrl\":\"https:\/\/365-housse.com\/wp-content\/uploads\/2023\/06\/LOGO-400-\u00d7-200-px-392-x-134-px-16.png\",\"width\":392,\"height\":134,\"caption\":\"Housse de Canap\u00e9\"},\"image\":{\"@id\":\"https:\/\/365-housse.com\/es\/#\/schema\/logo\/image\/\"}}]}<\/script>","yoast_head_json":{"title":"Funda de coj\u00edn para sof\u00e1 color camel en entrega - gratis Ahorra un 30% en tu pedido","description":"Recibe tu Funda de coj\u00edn para sof\u00e1 color camel hoy y benef\u00edciate de la entrega - gratuita Env\u00edo en 24\/48h","robots":{"index":"index","follow":"follow","max-snippet":"max-snippet:-1","max-image-preview":"max-image-preview:large","max-video-preview":"max-video-preview:-1"},"canonical":"https:\/\/365-housse.com\/es\/productos\/housse-de-coussin-canape-camel\/","og_locale":"es_ES","og_type":"article","og_title":"Funda de coj\u00edn para sof\u00e1 color camel en entrega - gratis Ahorra un 30% en tu pedido","og_description":"Recibe tu Funda de coj\u00edn para sof\u00e1 color camel hoy y benef\u00edciate de la entrega - gratuita Env\u00edo en 24\/48h","og_url":"https:\/\/365-housse.com\/es\/productos\/housse-de-coussin-canape-camel\/","og_site_name":"Housse de Canap\u00e9","article_modified_time":"2024-09-17T15:01:57+00:00","og_image":[{"width":446,"height":449,"url":"https:\/\/365-housse.com\/wp-content\/uploads\/2023\/06\/housse-coussin-canape-camel.jpg","type":"image\/jpeg"}],"twitter_card":"summary_large_image","twitter_misc":{"Tiempo de lectura":"3 minutos"},"schema":{"@context":"https:\/\/schema.org","@graph":[{"@type":"WebPage","@id":"https:\/\/365-housse.com\/es\/productos\/housse-de-coussin-canape-camel\/","url":"https:\/\/365-housse.com\/es\/productos\/housse-de-coussin-canape-camel\/","name":"Funda de coj\u00edn para sof\u00e1 color camel en entrega - gratis Ahorra un 30% en tu pedido","isPartOf":{"@id":"https:\/\/365-housse.com\/es\/#website"},"primaryImageOfPage":{"@id":"https:\/\/365-housse.com\/es\/productos\/housse-de-coussin-canape-camel\/#primaryimage"},"image":{"@id":"https:\/\/365-housse.com\/es\/productos\/housse-de-coussin-canape-camel\/#primaryimage"},"thumbnailUrl":"https:\/\/365-housse.com\/wp-content\/uploads\/2023\/06\/housse-coussin-canape-camel.jpg","datePublished":"2023-06-12T08:31:15+00:00","dateModified":"2024-09-17T15:01:57+00:00","description":"Recibe tu Funda de coj\u00edn para sof\u00e1 color camel hoy y benef\u00edciate de la entrega - gratuita Env\u00edo en 24\/48h","breadcrumb":{"@id":"https:\/\/365-housse.com\/es\/productos\/housse-de-coussin-canape-camel\/#breadcrumb"},"inLanguage":"es","potentialAction":[{"@type":"ReadAction","target":["https:\/\/365-housse.com\/es\/productos\/housse-de-coussin-canape-camel\/"]}]},{"@type":"ImageObject","inLanguage":"es","@id":"https:\/\/365-housse.com\/es\/productos\/housse-de-coussin-canape-camel\/#primaryimage","url":"https:\/\/365-housse.com\/wp-content\/uploads\/2023\/06\/housse-coussin-canape-camel.jpg","contentUrl":"https:\/\/365-housse.com\/wp-content\/uploads\/2023\/06\/housse-coussin-canape-camel.jpg","width":446,"height":449},{"@type":"BreadcrumbList","@id":"https:\/\/365-housse.com\/es\/productos\/housse-de-coussin-canape-camel\/#breadcrumb","itemListElement":[{"@type":"ListItem","position":1,"name":"Accueil","item":"https:\/\/365-housse.com\/es\/"},{"@type":"ListItem","position":2,"name":"Tienda","item":"https:\/\/365-housse.com\/es\/tienda\/"},{"@type":"ListItem","position":3,"name":"Funda de coj\u00edn para sof\u00e1 color camel"}]},{"@type":"WebSite","@id":"https:\/\/365-housse.com\/es\/#website","url":"https:\/\/365-housse.com\/es\/","name":"Housse de Canap\u00e9","description":"Le N\u00b01 de la Housse","publisher":{"@id":"https:\/\/365-housse.com\/es\/#organization"},"potentialAction":[{"@type":"SearchAction","target":{"@type":"EntryPoint","urlTemplate":"https:\/\/365-housse.com\/es\/?s={search_term_string}"},"query-input":{"@type":"PropertyValueSpecification","valueRequired":true,"valueName":"search_term_string"}}],"inLanguage":"es"},{"@type":"Organization","@id":"https:\/\/365-housse.com\/es\/#organization","name":"Housse de Canap\u00e9","url":"https:\/\/365-housse.com\/es\/","logo":{"@type":"ImageObject","inLanguage":"es","@id":"https:\/\/365-housse.com\/es\/#\/schema\/logo\/image\/","url":"https:\/\/365-housse.com\/wp-content\/uploads\/2023\/06\/LOGO-400-\u00d7-200-px-392-x-134-px-16.png","contentUrl":"https:\/\/365-housse.com\/wp-content\/uploads\/2023\/06\/LOGO-400-\u00d7-200-px-392-x-134-px-16.png","width":392,"height":134,"caption":"Housse de Canap\u00e9"},"image":{"@id":"https:\/\/365-housse.com\/es\/#\/schema\/logo\/image\/"}}]}},"_links":{"self":[{"href":"https:\/\/365-housse.com\/es\/wp-json\/wp\/v2\/product\/19099"}],"collection":[{"href":"https:\/\/365-housse.com\/es\/wp-json\/wp\/v2\/product"}],"about":[{"href":"https:\/\/365-housse.com\/es\/wp-json\/wp\/v2\/types\/product"}],"replies":[{"embeddable":true,"href":"https:\/\/365-housse.com\/es\/wp-json\/wp\/v2\/comments?post=19099"}],"wp:featuredmedia":[{"embeddable":true,"href":"https:\/\/365-housse.com\/es\/wp-json\/wp\/v2\/media\/16475"}],"wp:attachment":[{"href":"https:\/\/365-housse.com\/es\/wp-json\/wp\/v2\/media?parent=19099"}],"wp:term":[{"taxonomy":"product_cat","embeddable":true,"href":"https:\/\/365-housse.com\/es\/wp-json\/wp\/v2\/product_cat?post=19099"},{"taxonomy":"product_tag","embeddable":true,"href":"https:\/\/365-housse.com\/es\/wp-json\/wp\/v2\/product_tag?post=19099"}],"curies":[{"name":"wp","href":"https:\/\/api.w.org\/{rel}","templated":true}]}}