{"id":19117,"date":"2023-06-12T08:30:21","date_gmt":"2023-06-12T08:30:21","guid":{"rendered":"https:\/\/365-housse.com\/products\/housse-de-coussin-60x60-boheme\/"},"modified":"2024-09-17T15:00:47","modified_gmt":"2024-09-17T15:00:47","slug":"housse-de-coussin-60x60-boheme","status":"publish","type":"product","link":"https:\/\/365-housse.com\/es\/productos\/housse-de-coussin-60x60-boheme\/","title":{"rendered":"Funda de coj\u00edn 60&#215;60 Bohemia"},"content":{"rendered":"<h2>El look bohemio es un s\u00edmbolo del amor por los viajes. Si compartes este sentimiento, a\u00f1ade a tu decoraci\u00f3n esta <strong>funda de coj\u00edn bohemia de 60&#215;60<\/strong> para realzar tus muebles y complementos:<\/h2>\n<h3>Las ventajas de esta <strong>funda de coj\u00edn Bohemia 60&#215;60<\/strong>, un toque de exotismo que embellecer\u00e1 tu interior:<\/h3>\n<ul>\n<li>\n<p>Dale un aspecto \u00fanico a tu decoraci\u00f3n<\/p>\n<\/li>\n<li>\n<p>Crear una atm\u00f3sfera de bienestar<\/p>\n<\/li>\n<li>\n<p>Protege contra manchas y suciedad<\/p>\n<\/li>\n<li>\n<p><strong>tejidos de alta calidad<\/strong> para preservar tu coj\u00edn o almohada<\/p>\n<\/li>\n<li>\n<p>Ayuda a prolongar la longevidad de tus cojines<\/p>\n<\/li>\n<\/ul>\n<p><strong>Caracter\u00edsticas:<\/strong><\/p>\n<ul>\n<li>\n<p>Composici\u00f3n (Material): <b>Algod\u00f3n<\/b><\/p>\n<\/li>\n<li>\n<p>Tama\u00f1o: 60&#215;60 cm<\/p>\n<\/li>\n<li>\n<p>Mant\u00e9n tu coj\u00edn limpio y en buen estado<\/p>\n<\/li>\n<li>\n<p>Lavar a m\u00e1quina (calor 40\u00b0)<\/p>\n<\/li>\n<li>\n<p>Cremallera oculta para f\u00e1cil inserci\u00f3n y extracci\u00f3n del coj\u00edn<\/p>\n<\/li>\n<li>\n<p>Adaptaci\u00f3n f\u00e1cil e inmediata<\/p>\n<\/li>\n<\/ul>\n","protected":false},"excerpt":{"rendered":"<p>El look bohemio es un s\u00edmbolo del amor por los viajes. Si compartes este sentimiento, a\u00f1ade a tu decoraci\u00f3n esta funda de coj\u00edn bohemia de 60&#215;60 para realzar tus muebles y complementos: Las ventajas de esta funda de coj\u00edn Bohemia 60&#215;60, un toque de exotismo que embellecer\u00e1 tu interior: Dale un aspecto \u00fanico a tu [&hellip;]<\/p>\n","protected":false},"featured_media":16461,"comment_status":"open","ping_status":"closed","template":"","meta":[],"product_cat":[186,161],"product_tag":[209],"class_list":{"0":"post-19117","1":"product","2":"type-product","3":"status-publish","4":"has-post-thumbnail","6":"product_cat-funda-de-cojin-60x60","7":"product_cat-portada-interior","8":"product_tag-coussin-es","10":"first","11":"instock","12":"shipping-taxable","13":"purchasable","14":"product-type-simple"},"yoast_head":"<title>Funda de coj\u00edn 60x60 Bohemia en entrega - gratis Ahorra un 30% en tu pedido<\/title>\n<meta name=\"description\" content=\"Recibe tu Funda de coj\u00edn 60x60 Bohemia hoy y benef\u00edciate de la entrega - gratuita Env\u00edo en 24\/48h\" \/>\n<meta name=\"robots\" content=\"index, follow, max-snippet:-1, max-image-preview:large, max-video-preview:-1\" \/>\n<link rel=\"canonical\" href=\"https:\/\/365-housse.com\/es\/productos\/housse-de-coussin-60x60-boheme\/\" \/>\n<meta property=\"og:locale\" content=\"es_ES\" \/>\n<meta property=\"og:type\" content=\"article\" \/>\n<meta property=\"og:title\" content=\"Funda de coj\u00edn 60x60 Bohemia en entrega - gratis Ahorra un 30% en tu pedido\" \/>\n<meta property=\"og:description\" content=\"Recibe tu Funda de coj\u00edn 60x60 Bohemia hoy y benef\u00edciate de la entrega - gratuita Env\u00edo en 24\/48h\" \/>\n<meta property=\"og:url\" content=\"https:\/\/365-housse.com\/es\/productos\/housse-de-coussin-60x60-boheme\/\" \/>\n<meta property=\"og:site_name\" content=\"Housse de Canap\u00e9\" \/>\n<meta property=\"article:modified_time\" content=\"2024-09-17T15:00:47+00:00\" \/>\n<meta property=\"og:image\" content=\"https:\/\/365-housse.com\/wp-content\/uploads\/2023\/06\/housse-de-coussin-60x60-boheme-removebg-preview.png\" \/>\n\t<meta property=\"og:image:width\" content=\"393\" \/>\n\t<meta property=\"og:image:height\" content=\"396\" \/>\n\t<meta property=\"og:image:type\" content=\"image\/png\" \/>\n<meta name=\"twitter:card\" content=\"summary_large_image\" \/>\n<meta name=\"twitter:label1\" content=\"Tiempo de lectura\" \/>\n\t<meta name=\"twitter:data1\" content=\"1 minuto\" \/>\n<script type=\"application\/ld+json\" class=\"yoast-schema-graph\">{\"@context\":\"https:\/\/schema.org\",\"@graph\":[{\"@type\":\"WebPage\",\"@id\":\"https:\/\/365-housse.com\/es\/productos\/housse-de-coussin-60x60-boheme\/\",\"url\":\"https:\/\/365-housse.com\/es\/productos\/housse-de-coussin-60x60-boheme\/\",\"name\":\"Funda de coj\u00edn 60x60 Bohemia en entrega - gratis Ahorra un 30% en tu pedido\",\"isPartOf\":{\"@id\":\"https:\/\/365-housse.com\/es\/#website\"},\"primaryImageOfPage\":{\"@id\":\"https:\/\/365-housse.com\/es\/productos\/housse-de-coussin-60x60-boheme\/#primaryimage\"},\"image\":{\"@id\":\"https:\/\/365-housse.com\/es\/productos\/housse-de-coussin-60x60-boheme\/#primaryimage\"},\"thumbnailUrl\":\"https:\/\/365-housse.com\/wp-content\/uploads\/2023\/06\/housse-de-coussin-60x60-boheme-removebg-preview.png\",\"datePublished\":\"2023-06-12T08:30:21+00:00\",\"dateModified\":\"2024-09-17T15:00:47+00:00\",\"description\":\"Recibe tu Funda de coj\u00edn 60x60 Bohemia hoy y benef\u00edciate de la entrega - gratuita Env\u00edo en 24\/48h\",\"breadcrumb\":{\"@id\":\"https:\/\/365-housse.com\/es\/productos\/housse-de-coussin-60x60-boheme\/#breadcrumb\"},\"inLanguage\":\"es\",\"potentialAction\":[{\"@type\":\"ReadAction\",\"target\":[\"https:\/\/365-housse.com\/es\/productos\/housse-de-coussin-60x60-boheme\/\"]}]},{\"@type\":\"ImageObject\",\"inLanguage\":\"es\",\"@id\":\"https:\/\/365-housse.com\/es\/productos\/housse-de-coussin-60x60-boheme\/#primaryimage\",\"url\":\"https:\/\/365-housse.com\/wp-content\/uploads\/2023\/06\/housse-de-coussin-60x60-boheme-removebg-preview.png\",\"contentUrl\":\"https:\/\/365-housse.com\/wp-content\/uploads\/2023\/06\/housse-de-coussin-60x60-boheme-removebg-preview.png\",\"width\":393,\"height\":396},{\"@type\":\"BreadcrumbList\",\"@id\":\"https:\/\/365-housse.com\/es\/productos\/housse-de-coussin-60x60-boheme\/#breadcrumb\",\"itemListElement\":[{\"@type\":\"ListItem\",\"position\":1,\"name\":\"Accueil\",\"item\":\"https:\/\/365-housse.com\/es\/\"},{\"@type\":\"ListItem\",\"position\":2,\"name\":\"Tienda\",\"item\":\"https:\/\/365-housse.com\/es\/tienda\/\"},{\"@type\":\"ListItem\",\"position\":3,\"name\":\"Funda de coj\u00edn 60&#215;60 Bohemia\"}]},{\"@type\":\"WebSite\",\"@id\":\"https:\/\/365-housse.com\/es\/#website\",\"url\":\"https:\/\/365-housse.com\/es\/\",\"name\":\"Housse de Canap\u00e9\",\"description\":\"Le N\u00b01 de la Housse\",\"publisher\":{\"@id\":\"https:\/\/365-housse.com\/es\/#organization\"},\"potentialAction\":[{\"@type\":\"SearchAction\",\"target\":{\"@type\":\"EntryPoint\",\"urlTemplate\":\"https:\/\/365-housse.com\/es\/?s={search_term_string}\"},\"query-input\":{\"@type\":\"PropertyValueSpecification\",\"valueRequired\":true,\"valueName\":\"search_term_string\"}}],\"inLanguage\":\"es\"},{\"@type\":\"Organization\",\"@id\":\"https:\/\/365-housse.com\/es\/#organization\",\"name\":\"Housse de Canap\u00e9\",\"url\":\"https:\/\/365-housse.com\/es\/\",\"logo\":{\"@type\":\"ImageObject\",\"inLanguage\":\"es\",\"@id\":\"https:\/\/365-housse.com\/es\/#\/schema\/logo\/image\/\",\"url\":\"https:\/\/365-housse.com\/wp-content\/uploads\/2023\/06\/LOGO-400-\u00d7-200-px-392-x-134-px-16.png\",\"contentUrl\":\"https:\/\/365-housse.com\/wp-content\/uploads\/2023\/06\/LOGO-400-\u00d7-200-px-392-x-134-px-16.png\",\"width\":392,\"height\":134,\"caption\":\"Housse de Canap\u00e9\"},\"image\":{\"@id\":\"https:\/\/365-housse.com\/es\/#\/schema\/logo\/image\/\"}}]}<\/script>","yoast_head_json":{"title":"Funda de coj\u00edn 60x60 Bohemia en entrega - gratis Ahorra un 30% en tu pedido","description":"Recibe tu Funda de coj\u00edn 60x60 Bohemia hoy y benef\u00edciate de la entrega - gratuita Env\u00edo en 24\/48h","robots":{"index":"index","follow":"follow","max-snippet":"max-snippet:-1","max-image-preview":"max-image-preview:large","max-video-preview":"max-video-preview:-1"},"canonical":"https:\/\/365-housse.com\/es\/productos\/housse-de-coussin-60x60-boheme\/","og_locale":"es_ES","og_type":"article","og_title":"Funda de coj\u00edn 60x60 Bohemia en entrega - gratis Ahorra un 30% en tu pedido","og_description":"Recibe tu Funda de coj\u00edn 60x60 Bohemia hoy y benef\u00edciate de la entrega - gratuita Env\u00edo en 24\/48h","og_url":"https:\/\/365-housse.com\/es\/productos\/housse-de-coussin-60x60-boheme\/","og_site_name":"Housse de Canap\u00e9","article_modified_time":"2024-09-17T15:00:47+00:00","og_image":[{"width":393,"height":396,"url":"https:\/\/365-housse.com\/wp-content\/uploads\/2023\/06\/housse-de-coussin-60x60-boheme-removebg-preview.png","type":"image\/png"}],"twitter_card":"summary_large_image","twitter_misc":{"Tiempo de lectura":"1 minuto"},"schema":{"@context":"https:\/\/schema.org","@graph":[{"@type":"WebPage","@id":"https:\/\/365-housse.com\/es\/productos\/housse-de-coussin-60x60-boheme\/","url":"https:\/\/365-housse.com\/es\/productos\/housse-de-coussin-60x60-boheme\/","name":"Funda de coj\u00edn 60x60 Bohemia en entrega - gratis Ahorra un 30% en tu pedido","isPartOf":{"@id":"https:\/\/365-housse.com\/es\/#website"},"primaryImageOfPage":{"@id":"https:\/\/365-housse.com\/es\/productos\/housse-de-coussin-60x60-boheme\/#primaryimage"},"image":{"@id":"https:\/\/365-housse.com\/es\/productos\/housse-de-coussin-60x60-boheme\/#primaryimage"},"thumbnailUrl":"https:\/\/365-housse.com\/wp-content\/uploads\/2023\/06\/housse-de-coussin-60x60-boheme-removebg-preview.png","datePublished":"2023-06-12T08:30:21+00:00","dateModified":"2024-09-17T15:00:47+00:00","description":"Recibe tu Funda de coj\u00edn 60x60 Bohemia hoy y benef\u00edciate de la entrega - gratuita Env\u00edo en 24\/48h","breadcrumb":{"@id":"https:\/\/365-housse.com\/es\/productos\/housse-de-coussin-60x60-boheme\/#breadcrumb"},"inLanguage":"es","potentialAction":[{"@type":"ReadAction","target":["https:\/\/365-housse.com\/es\/productos\/housse-de-coussin-60x60-boheme\/"]}]},{"@type":"ImageObject","inLanguage":"es","@id":"https:\/\/365-housse.com\/es\/productos\/housse-de-coussin-60x60-boheme\/#primaryimage","url":"https:\/\/365-housse.com\/wp-content\/uploads\/2023\/06\/housse-de-coussin-60x60-boheme-removebg-preview.png","contentUrl":"https:\/\/365-housse.com\/wp-content\/uploads\/2023\/06\/housse-de-coussin-60x60-boheme-removebg-preview.png","width":393,"height":396},{"@type":"BreadcrumbList","@id":"https:\/\/365-housse.com\/es\/productos\/housse-de-coussin-60x60-boheme\/#breadcrumb","itemListElement":[{"@type":"ListItem","position":1,"name":"Accueil","item":"https:\/\/365-housse.com\/es\/"},{"@type":"ListItem","position":2,"name":"Tienda","item":"https:\/\/365-housse.com\/es\/tienda\/"},{"@type":"ListItem","position":3,"name":"Funda de coj\u00edn 60&#215;60 Bohemia"}]},{"@type":"WebSite","@id":"https:\/\/365-housse.com\/es\/#website","url":"https:\/\/365-housse.com\/es\/","name":"Housse de Canap\u00e9","description":"Le N\u00b01 de la Housse","publisher":{"@id":"https:\/\/365-housse.com\/es\/#organization"},"potentialAction":[{"@type":"SearchAction","target":{"@type":"EntryPoint","urlTemplate":"https:\/\/365-housse.com\/es\/?s={search_term_string}"},"query-input":{"@type":"PropertyValueSpecification","valueRequired":true,"valueName":"search_term_string"}}],"inLanguage":"es"},{"@type":"Organization","@id":"https:\/\/365-housse.com\/es\/#organization","name":"Housse de Canap\u00e9","url":"https:\/\/365-housse.com\/es\/","logo":{"@type":"ImageObject","inLanguage":"es","@id":"https:\/\/365-housse.com\/es\/#\/schema\/logo\/image\/","url":"https:\/\/365-housse.com\/wp-content\/uploads\/2023\/06\/LOGO-400-\u00d7-200-px-392-x-134-px-16.png","contentUrl":"https:\/\/365-housse.com\/wp-content\/uploads\/2023\/06\/LOGO-400-\u00d7-200-px-392-x-134-px-16.png","width":392,"height":134,"caption":"Housse de Canap\u00e9"},"image":{"@id":"https:\/\/365-housse.com\/es\/#\/schema\/logo\/image\/"}}]}},"_links":{"self":[{"href":"https:\/\/365-housse.com\/es\/wp-json\/wp\/v2\/product\/19117"}],"collection":[{"href":"https:\/\/365-housse.com\/es\/wp-json\/wp\/v2\/product"}],"about":[{"href":"https:\/\/365-housse.com\/es\/wp-json\/wp\/v2\/types\/product"}],"replies":[{"embeddable":true,"href":"https:\/\/365-housse.com\/es\/wp-json\/wp\/v2\/comments?post=19117"}],"wp:featuredmedia":[{"embeddable":true,"href":"https:\/\/365-housse.com\/es\/wp-json\/wp\/v2\/media\/16461"}],"wp:attachment":[{"href":"https:\/\/365-housse.com\/es\/wp-json\/wp\/v2\/media?parent=19117"}],"wp:term":[{"taxonomy":"product_cat","embeddable":true,"href":"https:\/\/365-housse.com\/es\/wp-json\/wp\/v2\/product_cat?post=19117"},{"taxonomy":"product_tag","embeddable":true,"href":"https:\/\/365-housse.com\/es\/wp-json\/wp\/v2\/product_tag?post=19117"}],"curies":[{"name":"wp","href":"https:\/\/api.w.org\/{rel}","templated":true}]}}