{"id":19160,"date":"2023-06-12T08:29:05","date_gmt":"2023-06-12T08:29:05","guid":{"rendered":"https:\/\/365-housse.com\/products\/housse-de-coussin-45x45-parfum\/"},"modified":"2024-09-17T15:01:10","modified_gmt":"2024-09-17T15:01:10","slug":"housse-de-coussin-45x45-parfum","status":"publish","type":"product","link":"https:\/\/365-housse.com\/es\/productos\/housse-de-coussin-45x45-parfum\/","title":{"rendered":"Funda de coj\u00edn 45&#215;45 Perfume"},"content":{"rendered":"<h2>A\u00f1ade un toque glamuroso a tu decoraci\u00f3n interior con la <strong>funda de coj\u00edn Parfum 45&#215;45<\/strong>, que aparece en el coj\u00edn, pintada a mano, y que seguro realzar\u00e1 tu espacio.<\/h2>\n<h3>La funda de coj\u00edn Parfum 45&#215;45, el complemento imprescindible para tu decoraci\u00f3n de interiores:<\/h3>\n<ul>\n<li>\n<p>Ofrece un toque de refinamiento y dise\u00f1o a tu decoraci\u00f3n interior.<\/p>\n<\/li>\n<li>\n<p>Nuestra funda protege tus cojines contra <strong>manchas<\/strong>, <strong>polvo<\/strong>, <strong>desgaste<\/strong> y todo ofreciendo un <strong>estilo exclusivo y a la moda<\/ fuerte>.<\/p>\n<\/li>\n<li>\n<p>Nuestras fundas de coj\u00edn son <strong>el\u00e1sticas<\/strong>, <strong>suaves<\/strong>, <strong>suaves<\/strong> y <strong>antideslizantes<\/strong> para una m\u00e1xima y duradera comodidad.<\/p>\n<\/li>\n<li>\n<p>Alarga la vida de tus cojines.<\/p>\n<\/li>\n<\/ul>\n<p><strong>Caracter\u00edsticas de nuestra funda de coj\u00edn:<\/strong><\/p>\n<ul>\n<li>\n<p><strong>Composici\u00f3n<\/strong> (textil): <span>Poli\u00e9ster<\/span><\/p>\n<\/li>\n<li>\n<p>Funda textil de primera calidad.<\/p>\n<\/li>\n<li>\n<p>Cremallera oculta para un f\u00e1cil y pr\u00e1ctico montaje o desmontaje.<\/p>\n<\/li>\n<li>\n<p>T\u00e9cnica de impresi\u00f3n de patrones de alto rendimiento para mayor resistencia al color, a la luz y al lavado.<\/p>\n<\/li>\n<li>\n<p>Acabados rigurosos y refinados.<\/p>\n<\/li>\n<li>Tama\u00f1o: 45&#215;45 cm.<\/li>\n<\/ul>\n<p><strong>Consejos para limpiar una funda de coj\u00edn:<\/strong><\/p>\n<div>\n  <img fetchpriority=\"high\" decoding=\"async\" alt=\"conseil-nettoyage-housse-de-coussin\" height=\"316\" src=\"https:\/\/365-housse.com\/wp-content\/uploads\/2023\/06\/conseil-nettoyage-housse-de -cushion_480x480.jpg?v=1625044421\" style=\"margin-left: auto;margin-right: auto\" width=\"316\" \/>\n<\/div><\/p>\n","protected":false},"excerpt":{"rendered":"<p>A\u00f1ade un toque glamuroso a tu decoraci\u00f3n interior con la funda de coj\u00edn Parfum 45&#215;45, que aparece en el coj\u00edn, pintada a mano, y que seguro realzar\u00e1 tu espacio. La funda de coj\u00edn Parfum 45&#215;45, el complemento imprescindible para tu decoraci\u00f3n de interiores: Ofrece un toque de refinamiento y dise\u00f1o a tu decoraci\u00f3n interior. Nuestra [&hellip;]<\/p>\n","protected":false},"featured_media":16403,"comment_status":"open","ping_status":"closed","template":"","meta":[],"product_cat":[185,161],"product_tag":[209],"class_list":{"0":"post-19160","1":"product","2":"type-product","3":"status-publish","4":"has-post-thumbnail","6":"product_cat-funda-de-cojin-45x45","7":"product_cat-portada-interior","8":"product_tag-coussin-es","10":"first","11":"instock","12":"shipping-taxable","13":"purchasable","14":"product-type-simple"},"yoast_head":"<title>Funda de coj\u00edn 45x45 Perfume en entrega - gratis Ahorra un 30% en tu pedido<\/title>\n<meta name=\"description\" content=\"Recibe tu Funda de coj\u00edn 45x45 Perfume hoy y benef\u00edciate de la entrega - gratuita Env\u00edo en 24\/48h\" \/>\n<meta name=\"robots\" content=\"index, follow, max-snippet:-1, max-image-preview:large, max-video-preview:-1\" \/>\n<link rel=\"canonical\" href=\"https:\/\/365-housse.com\/es\/productos\/housse-de-coussin-45x45-parfum\/\" \/>\n<meta property=\"og:locale\" content=\"es_ES\" \/>\n<meta property=\"og:type\" content=\"article\" \/>\n<meta property=\"og:title\" content=\"Funda de coj\u00edn 45x45 Perfume en entrega - gratis Ahorra un 30% en tu pedido\" \/>\n<meta property=\"og:description\" content=\"Recibe tu Funda de coj\u00edn 45x45 Perfume hoy y benef\u00edciate de la entrega - gratuita Env\u00edo en 24\/48h\" \/>\n<meta property=\"og:url\" content=\"https:\/\/365-housse.com\/es\/productos\/housse-de-coussin-45x45-parfum\/\" \/>\n<meta property=\"og:site_name\" content=\"Housse de Canap\u00e9\" \/>\n<meta property=\"article:modified_time\" content=\"2024-09-17T15:01:10+00:00\" \/>\n<meta property=\"og:image\" content=\"https:\/\/365-housse.com\/wp-content\/uploads\/2023\/06\/housse-de-coussin-45x45-parfum.jpg\" \/>\n\t<meta property=\"og:image:width\" content=\"500\" \/>\n\t<meta property=\"og:image:height\" content=\"499\" \/>\n\t<meta property=\"og:image:type\" content=\"image\/jpeg\" \/>\n<meta name=\"twitter:card\" content=\"summary_large_image\" \/>\n<meta name=\"twitter:label1\" content=\"Tiempo de lectura\" \/>\n\t<meta name=\"twitter:data1\" content=\"1 minuto\" \/>\n<script type=\"application\/ld+json\" class=\"yoast-schema-graph\">{\"@context\":\"https:\/\/schema.org\",\"@graph\":[{\"@type\":\"WebPage\",\"@id\":\"https:\/\/365-housse.com\/es\/productos\/housse-de-coussin-45x45-parfum\/\",\"url\":\"https:\/\/365-housse.com\/es\/productos\/housse-de-coussin-45x45-parfum\/\",\"name\":\"Funda de coj\u00edn 45x45 Perfume en entrega - gratis Ahorra un 30% en tu pedido\",\"isPartOf\":{\"@id\":\"https:\/\/365-housse.com\/es\/#website\"},\"primaryImageOfPage\":{\"@id\":\"https:\/\/365-housse.com\/es\/productos\/housse-de-coussin-45x45-parfum\/#primaryimage\"},\"image\":{\"@id\":\"https:\/\/365-housse.com\/es\/productos\/housse-de-coussin-45x45-parfum\/#primaryimage\"},\"thumbnailUrl\":\"https:\/\/365-housse.com\/wp-content\/uploads\/2023\/06\/housse-de-coussin-45x45-parfum.jpg\",\"datePublished\":\"2023-06-12T08:29:05+00:00\",\"dateModified\":\"2024-09-17T15:01:10+00:00\",\"description\":\"Recibe tu Funda de coj\u00edn 45x45 Perfume hoy y benef\u00edciate de la entrega - gratuita Env\u00edo en 24\/48h\",\"breadcrumb\":{\"@id\":\"https:\/\/365-housse.com\/es\/productos\/housse-de-coussin-45x45-parfum\/#breadcrumb\"},\"inLanguage\":\"es\",\"potentialAction\":[{\"@type\":\"ReadAction\",\"target\":[\"https:\/\/365-housse.com\/es\/productos\/housse-de-coussin-45x45-parfum\/\"]}]},{\"@type\":\"ImageObject\",\"inLanguage\":\"es\",\"@id\":\"https:\/\/365-housse.com\/es\/productos\/housse-de-coussin-45x45-parfum\/#primaryimage\",\"url\":\"https:\/\/365-housse.com\/wp-content\/uploads\/2023\/06\/housse-de-coussin-45x45-parfum.jpg\",\"contentUrl\":\"https:\/\/365-housse.com\/wp-content\/uploads\/2023\/06\/housse-de-coussin-45x45-parfum.jpg\",\"width\":500,\"height\":499},{\"@type\":\"BreadcrumbList\",\"@id\":\"https:\/\/365-housse.com\/es\/productos\/housse-de-coussin-45x45-parfum\/#breadcrumb\",\"itemListElement\":[{\"@type\":\"ListItem\",\"position\":1,\"name\":\"Accueil\",\"item\":\"https:\/\/365-housse.com\/es\/\"},{\"@type\":\"ListItem\",\"position\":2,\"name\":\"Tienda\",\"item\":\"https:\/\/365-housse.com\/es\/tienda\/\"},{\"@type\":\"ListItem\",\"position\":3,\"name\":\"Funda de coj\u00edn 45&#215;45 Perfume\"}]},{\"@type\":\"WebSite\",\"@id\":\"https:\/\/365-housse.com\/es\/#website\",\"url\":\"https:\/\/365-housse.com\/es\/\",\"name\":\"Housse de Canap\u00e9\",\"description\":\"Le N\u00b01 de la Housse\",\"publisher\":{\"@id\":\"https:\/\/365-housse.com\/es\/#organization\"},\"potentialAction\":[{\"@type\":\"SearchAction\",\"target\":{\"@type\":\"EntryPoint\",\"urlTemplate\":\"https:\/\/365-housse.com\/es\/?s={search_term_string}\"},\"query-input\":{\"@type\":\"PropertyValueSpecification\",\"valueRequired\":true,\"valueName\":\"search_term_string\"}}],\"inLanguage\":\"es\"},{\"@type\":\"Organization\",\"@id\":\"https:\/\/365-housse.com\/es\/#organization\",\"name\":\"Housse de Canap\u00e9\",\"url\":\"https:\/\/365-housse.com\/es\/\",\"logo\":{\"@type\":\"ImageObject\",\"inLanguage\":\"es\",\"@id\":\"https:\/\/365-housse.com\/es\/#\/schema\/logo\/image\/\",\"url\":\"https:\/\/365-housse.com\/wp-content\/uploads\/2023\/06\/LOGO-400-\u00d7-200-px-392-x-134-px-16.png\",\"contentUrl\":\"https:\/\/365-housse.com\/wp-content\/uploads\/2023\/06\/LOGO-400-\u00d7-200-px-392-x-134-px-16.png\",\"width\":392,\"height\":134,\"caption\":\"Housse de Canap\u00e9\"},\"image\":{\"@id\":\"https:\/\/365-housse.com\/es\/#\/schema\/logo\/image\/\"}}]}<\/script>","yoast_head_json":{"title":"Funda de coj\u00edn 45x45 Perfume en entrega - gratis Ahorra un 30% en tu pedido","description":"Recibe tu Funda de coj\u00edn 45x45 Perfume hoy y benef\u00edciate de la entrega - gratuita Env\u00edo en 24\/48h","robots":{"index":"index","follow":"follow","max-snippet":"max-snippet:-1","max-image-preview":"max-image-preview:large","max-video-preview":"max-video-preview:-1"},"canonical":"https:\/\/365-housse.com\/es\/productos\/housse-de-coussin-45x45-parfum\/","og_locale":"es_ES","og_type":"article","og_title":"Funda de coj\u00edn 45x45 Perfume en entrega - gratis Ahorra un 30% en tu pedido","og_description":"Recibe tu Funda de coj\u00edn 45x45 Perfume hoy y benef\u00edciate de la entrega - gratuita Env\u00edo en 24\/48h","og_url":"https:\/\/365-housse.com\/es\/productos\/housse-de-coussin-45x45-parfum\/","og_site_name":"Housse de Canap\u00e9","article_modified_time":"2024-09-17T15:01:10+00:00","og_image":[{"width":500,"height":499,"url":"https:\/\/365-housse.com\/wp-content\/uploads\/2023\/06\/housse-de-coussin-45x45-parfum.jpg","type":"image\/jpeg"}],"twitter_card":"summary_large_image","twitter_misc":{"Tiempo de lectura":"1 minuto"},"schema":{"@context":"https:\/\/schema.org","@graph":[{"@type":"WebPage","@id":"https:\/\/365-housse.com\/es\/productos\/housse-de-coussin-45x45-parfum\/","url":"https:\/\/365-housse.com\/es\/productos\/housse-de-coussin-45x45-parfum\/","name":"Funda de coj\u00edn 45x45 Perfume en entrega - gratis Ahorra un 30% en tu pedido","isPartOf":{"@id":"https:\/\/365-housse.com\/es\/#website"},"primaryImageOfPage":{"@id":"https:\/\/365-housse.com\/es\/productos\/housse-de-coussin-45x45-parfum\/#primaryimage"},"image":{"@id":"https:\/\/365-housse.com\/es\/productos\/housse-de-coussin-45x45-parfum\/#primaryimage"},"thumbnailUrl":"https:\/\/365-housse.com\/wp-content\/uploads\/2023\/06\/housse-de-coussin-45x45-parfum.jpg","datePublished":"2023-06-12T08:29:05+00:00","dateModified":"2024-09-17T15:01:10+00:00","description":"Recibe tu Funda de coj\u00edn 45x45 Perfume hoy y benef\u00edciate de la entrega - gratuita Env\u00edo en 24\/48h","breadcrumb":{"@id":"https:\/\/365-housse.com\/es\/productos\/housse-de-coussin-45x45-parfum\/#breadcrumb"},"inLanguage":"es","potentialAction":[{"@type":"ReadAction","target":["https:\/\/365-housse.com\/es\/productos\/housse-de-coussin-45x45-parfum\/"]}]},{"@type":"ImageObject","inLanguage":"es","@id":"https:\/\/365-housse.com\/es\/productos\/housse-de-coussin-45x45-parfum\/#primaryimage","url":"https:\/\/365-housse.com\/wp-content\/uploads\/2023\/06\/housse-de-coussin-45x45-parfum.jpg","contentUrl":"https:\/\/365-housse.com\/wp-content\/uploads\/2023\/06\/housse-de-coussin-45x45-parfum.jpg","width":500,"height":499},{"@type":"BreadcrumbList","@id":"https:\/\/365-housse.com\/es\/productos\/housse-de-coussin-45x45-parfum\/#breadcrumb","itemListElement":[{"@type":"ListItem","position":1,"name":"Accueil","item":"https:\/\/365-housse.com\/es\/"},{"@type":"ListItem","position":2,"name":"Tienda","item":"https:\/\/365-housse.com\/es\/tienda\/"},{"@type":"ListItem","position":3,"name":"Funda de coj\u00edn 45&#215;45 Perfume"}]},{"@type":"WebSite","@id":"https:\/\/365-housse.com\/es\/#website","url":"https:\/\/365-housse.com\/es\/","name":"Housse de Canap\u00e9","description":"Le N\u00b01 de la Housse","publisher":{"@id":"https:\/\/365-housse.com\/es\/#organization"},"potentialAction":[{"@type":"SearchAction","target":{"@type":"EntryPoint","urlTemplate":"https:\/\/365-housse.com\/es\/?s={search_term_string}"},"query-input":{"@type":"PropertyValueSpecification","valueRequired":true,"valueName":"search_term_string"}}],"inLanguage":"es"},{"@type":"Organization","@id":"https:\/\/365-housse.com\/es\/#organization","name":"Housse de Canap\u00e9","url":"https:\/\/365-housse.com\/es\/","logo":{"@type":"ImageObject","inLanguage":"es","@id":"https:\/\/365-housse.com\/es\/#\/schema\/logo\/image\/","url":"https:\/\/365-housse.com\/wp-content\/uploads\/2023\/06\/LOGO-400-\u00d7-200-px-392-x-134-px-16.png","contentUrl":"https:\/\/365-housse.com\/wp-content\/uploads\/2023\/06\/LOGO-400-\u00d7-200-px-392-x-134-px-16.png","width":392,"height":134,"caption":"Housse de Canap\u00e9"},"image":{"@id":"https:\/\/365-housse.com\/es\/#\/schema\/logo\/image\/"}}]}},"_links":{"self":[{"href":"https:\/\/365-housse.com\/es\/wp-json\/wp\/v2\/product\/19160"}],"collection":[{"href":"https:\/\/365-housse.com\/es\/wp-json\/wp\/v2\/product"}],"about":[{"href":"https:\/\/365-housse.com\/es\/wp-json\/wp\/v2\/types\/product"}],"replies":[{"embeddable":true,"href":"https:\/\/365-housse.com\/es\/wp-json\/wp\/v2\/comments?post=19160"}],"wp:featuredmedia":[{"embeddable":true,"href":"https:\/\/365-housse.com\/es\/wp-json\/wp\/v2\/media\/16403"}],"wp:attachment":[{"href":"https:\/\/365-housse.com\/es\/wp-json\/wp\/v2\/media?parent=19160"}],"wp:term":[{"taxonomy":"product_cat","embeddable":true,"href":"https:\/\/365-housse.com\/es\/wp-json\/wp\/v2\/product_cat?post=19160"},{"taxonomy":"product_tag","embeddable":true,"href":"https:\/\/365-housse.com\/es\/wp-json\/wp\/v2\/product_tag?post=19160"}],"curies":[{"name":"wp","href":"https:\/\/api.w.org\/{rel}","templated":true}]}}