{"id":19167,"date":"2023-06-12T08:29:02","date_gmt":"2023-06-12T08:29:02","guid":{"rendered":"https:\/\/365-housse.com\/products\/housse-de-coussin-45x45-scandinave\/"},"modified":"2024-09-17T15:01:19","modified_gmt":"2024-09-17T15:01:19","slug":"housse-de-coussin-45x45-scandinave","status":"publish","type":"product","link":"https:\/\/365-housse.com\/es\/productos\/housse-de-coussin-45x45-scandinave\/","title":{"rendered":"Funda de coj\u00edn 45&#215;45 escandinavo"},"content":{"rendered":"<h2>\u00a1A\u00f1ade un toque sutil y acogedor a tu interior con <strong>la funda de coj\u00edn escandinavo 45&#215;45<\/strong>! El objetivo es simple: crear un ambiente hermoso y pr\u00e1ctico con una atm\u00f3sfera clara y neutral.<\/h2>\n<h3>La funda de coj\u00edn Escandinavo 45&#215;45, el complemento que hace destacar tu decoraci\u00f3n interior:<\/h3>\n<ul>\n<li>\n<p>Ofrece un toque de refinamiento y estilo a tu interior<\/p>\n<\/li>\n<li>\n<p><span>Nuestras fundas protegen tus cojines contra <\/span><strong>manchas<\/strong><span>, <\/span><strong>polvo<\/strong><span>, <\/span><strong>desgaste<\/strong><span><\/span><strong>rayos<\/strong><span>a la vez que aporta un dise\u00f1o exclusivo y moderno<\/span><strong>fuerte&gt;<span>.<\/ span><\/p>\n<\/li>\n<li>\n<p><span><\/span>Nuestras fundas de coj\u00edn tienen caracter\u00edsticas <strong data-mce-fragment=\"1\">estirables<\/strong> para ser <strong data-mce-fragment=\"1\">suaves. <\/strong>,\u00a0<strong data-mce-fragment=\"1\">suave<\/strong>\u00a0y\u00a0<strong data-mce-fragment=\"1\">antideslizante<\/strong>\u00a0para una comodidad \u00f3ptima a largo plazo <\/p>\n<\/li>\n<li><span data-mce-fragment=\"1\">Ayuda a prolongar la vida \u00fatil de tus cojines<\/span><\/li>\n<\/ul>\n<p><strong>Caracter\u00edsticas de nuestra funda de coj\u00edn:<\/strong><\/p>\n<ul>\n<li>\n<p><strong>Composici\u00f3n<\/strong> (textil):<strong> <\/strong><span data-mce-fragment=\"1\">Poli\u00e9ster \/ Piel de Melocot\u00f3n<\/span><\/p>\n<\/li>\n<li>\n<p><span data-mce-fragment=\"1\"><\/span>Funda fabricada con tela de primera calidad<\/p>\n<\/li>\n<li>\n<p><span data-mce-fragment=\"1\"><\/span>Cremallera oculta para insertar o quitar f\u00e1cilmente el coj\u00edn<\/p>\n<\/li>\n<li>\n<p>T\u00e9cnica de impresi\u00f3n de patrones<span> <\/span><strong>ultraeficiente<\/strong><span> <\/span>para aumentar el color, la luz y la resistencia al lavado<\/span> p&gt;<\/li>\n<li>\n<p>Acabado<span> <\/span><strong>riguroso<\/strong><span> <\/span>y refinado<\/p>\n<\/li>\n<li>Tama\u00f1o: 45&#215;45 cm<\/li>\n<\/ul>\n<p><strong>Consejos para limpiar una funda de coj\u00edn:<\/strong><\/p>\n<div style=\"text-align: left\"><img fetchpriority=\"high\" decoding=\"async\" alt=\"council-cover-cleaning-council\" height=\"316\" src=\"https:\/\/365-housse.com\/wp-content\/uploads \/2023 \/06\/council-cover-nettoyage-council_480x480.jpg?v=1625044421\" style=\"margin-right: auto;margin-left: auto;float: none\" width=\"316\" \/><\/div>\n<p><\/p>\n","protected":false},"excerpt":{"rendered":"<p>\u00a1A\u00f1ade un toque sutil y acogedor a tu interior con la funda de coj\u00edn escandinavo 45&#215;45! El objetivo es simple: crear un ambiente hermoso y pr\u00e1ctico con una atm\u00f3sfera clara y neutral. La funda de coj\u00edn Escandinavo 45&#215;45, el complemento que hace destacar tu decoraci\u00f3n interior: Ofrece un toque de refinamiento y estilo a tu [&hellip;]<\/p>\n","protected":false},"featured_media":16399,"comment_status":"open","ping_status":"closed","template":"","meta":[],"product_cat":[185,161],"product_tag":[209],"class_list":{"0":"post-19167","1":"product","2":"type-product","3":"status-publish","4":"has-post-thumbnail","6":"product_cat-funda-de-cojin-45x45","7":"product_cat-portada-interior","8":"product_tag-coussin-es","10":"first","11":"instock","12":"shipping-taxable","13":"purchasable","14":"product-type-simple"},"yoast_head":"<title>Funda de coj\u00edn 45x45 escandinavo en entrega - gratis Ahorra un 30% en tu pedido<\/title>\n<meta name=\"description\" content=\"Recibe tu Funda de coj\u00edn 45x45 escandinavo hoy y benef\u00edciate de la entrega - gratuita Env\u00edo en 24\/48h\" \/>\n<meta name=\"robots\" content=\"index, follow, max-snippet:-1, max-image-preview:large, max-video-preview:-1\" \/>\n<link rel=\"canonical\" href=\"https:\/\/365-housse.com\/es\/productos\/housse-de-coussin-45x45-scandinave\/\" \/>\n<meta property=\"og:locale\" content=\"es_ES\" \/>\n<meta property=\"og:type\" content=\"article\" \/>\n<meta property=\"og:title\" content=\"Funda de coj\u00edn 45x45 escandinavo en entrega - gratis Ahorra un 30% en tu pedido\" \/>\n<meta property=\"og:description\" content=\"Recibe tu Funda de coj\u00edn 45x45 escandinavo hoy y benef\u00edciate de la entrega - gratuita Env\u00edo en 24\/48h\" \/>\n<meta property=\"og:url\" content=\"https:\/\/365-housse.com\/es\/productos\/housse-de-coussin-45x45-scandinave\/\" \/>\n<meta property=\"og:site_name\" content=\"Housse de Canap\u00e9\" \/>\n<meta property=\"article:modified_time\" content=\"2024-09-17T15:01:19+00:00\" \/>\n<meta property=\"og:image\" content=\"https:\/\/365-housse.com\/wp-content\/uploads\/2023\/06\/housse-de-coussin-45x45-scandinave.jpg\" \/>\n\t<meta property=\"og:image:width\" content=\"858\" \/>\n\t<meta property=\"og:image:height\" content=\"924\" \/>\n\t<meta property=\"og:image:type\" content=\"image\/jpeg\" \/>\n<meta name=\"twitter:card\" content=\"summary_large_image\" \/>\n<meta name=\"twitter:label1\" content=\"Tiempo de lectura\" \/>\n\t<meta name=\"twitter:data1\" content=\"1 minuto\" \/>\n<script type=\"application\/ld+json\" class=\"yoast-schema-graph\">{\"@context\":\"https:\/\/schema.org\",\"@graph\":[{\"@type\":\"WebPage\",\"@id\":\"https:\/\/365-housse.com\/es\/productos\/housse-de-coussin-45x45-scandinave\/\",\"url\":\"https:\/\/365-housse.com\/es\/productos\/housse-de-coussin-45x45-scandinave\/\",\"name\":\"Funda de coj\u00edn 45x45 escandinavo en entrega - gratis Ahorra un 30% en tu pedido\",\"isPartOf\":{\"@id\":\"https:\/\/365-housse.com\/es\/#website\"},\"primaryImageOfPage\":{\"@id\":\"https:\/\/365-housse.com\/es\/productos\/housse-de-coussin-45x45-scandinave\/#primaryimage\"},\"image\":{\"@id\":\"https:\/\/365-housse.com\/es\/productos\/housse-de-coussin-45x45-scandinave\/#primaryimage\"},\"thumbnailUrl\":\"https:\/\/365-housse.com\/wp-content\/uploads\/2023\/06\/housse-de-coussin-45x45-scandinave.jpg\",\"datePublished\":\"2023-06-12T08:29:02+00:00\",\"dateModified\":\"2024-09-17T15:01:19+00:00\",\"description\":\"Recibe tu Funda de coj\u00edn 45x45 escandinavo hoy y benef\u00edciate de la entrega - gratuita Env\u00edo en 24\/48h\",\"breadcrumb\":{\"@id\":\"https:\/\/365-housse.com\/es\/productos\/housse-de-coussin-45x45-scandinave\/#breadcrumb\"},\"inLanguage\":\"es\",\"potentialAction\":[{\"@type\":\"ReadAction\",\"target\":[\"https:\/\/365-housse.com\/es\/productos\/housse-de-coussin-45x45-scandinave\/\"]}]},{\"@type\":\"ImageObject\",\"inLanguage\":\"es\",\"@id\":\"https:\/\/365-housse.com\/es\/productos\/housse-de-coussin-45x45-scandinave\/#primaryimage\",\"url\":\"https:\/\/365-housse.com\/wp-content\/uploads\/2023\/06\/housse-de-coussin-45x45-scandinave.jpg\",\"contentUrl\":\"https:\/\/365-housse.com\/wp-content\/uploads\/2023\/06\/housse-de-coussin-45x45-scandinave.jpg\",\"width\":858,\"height\":924},{\"@type\":\"BreadcrumbList\",\"@id\":\"https:\/\/365-housse.com\/es\/productos\/housse-de-coussin-45x45-scandinave\/#breadcrumb\",\"itemListElement\":[{\"@type\":\"ListItem\",\"position\":1,\"name\":\"Accueil\",\"item\":\"https:\/\/365-housse.com\/es\/\"},{\"@type\":\"ListItem\",\"position\":2,\"name\":\"Tienda\",\"item\":\"https:\/\/365-housse.com\/es\/tienda\/\"},{\"@type\":\"ListItem\",\"position\":3,\"name\":\"Funda de coj\u00edn 45&#215;45 escandinavo\"}]},{\"@type\":\"WebSite\",\"@id\":\"https:\/\/365-housse.com\/es\/#website\",\"url\":\"https:\/\/365-housse.com\/es\/\",\"name\":\"Housse de Canap\u00e9\",\"description\":\"Le N\u00b01 de la Housse\",\"publisher\":{\"@id\":\"https:\/\/365-housse.com\/es\/#organization\"},\"potentialAction\":[{\"@type\":\"SearchAction\",\"target\":{\"@type\":\"EntryPoint\",\"urlTemplate\":\"https:\/\/365-housse.com\/es\/?s={search_term_string}\"},\"query-input\":{\"@type\":\"PropertyValueSpecification\",\"valueRequired\":true,\"valueName\":\"search_term_string\"}}],\"inLanguage\":\"es\"},{\"@type\":\"Organization\",\"@id\":\"https:\/\/365-housse.com\/es\/#organization\",\"name\":\"Housse de Canap\u00e9\",\"url\":\"https:\/\/365-housse.com\/es\/\",\"logo\":{\"@type\":\"ImageObject\",\"inLanguage\":\"es\",\"@id\":\"https:\/\/365-housse.com\/es\/#\/schema\/logo\/image\/\",\"url\":\"https:\/\/365-housse.com\/wp-content\/uploads\/2023\/06\/LOGO-400-\u00d7-200-px-392-x-134-px-16.png\",\"contentUrl\":\"https:\/\/365-housse.com\/wp-content\/uploads\/2023\/06\/LOGO-400-\u00d7-200-px-392-x-134-px-16.png\",\"width\":392,\"height\":134,\"caption\":\"Housse de Canap\u00e9\"},\"image\":{\"@id\":\"https:\/\/365-housse.com\/es\/#\/schema\/logo\/image\/\"}}]}<\/script>","yoast_head_json":{"title":"Funda de coj\u00edn 45x45 escandinavo en entrega - gratis Ahorra un 30% en tu pedido","description":"Recibe tu Funda de coj\u00edn 45x45 escandinavo hoy y benef\u00edciate de la entrega - gratuita Env\u00edo en 24\/48h","robots":{"index":"index","follow":"follow","max-snippet":"max-snippet:-1","max-image-preview":"max-image-preview:large","max-video-preview":"max-video-preview:-1"},"canonical":"https:\/\/365-housse.com\/es\/productos\/housse-de-coussin-45x45-scandinave\/","og_locale":"es_ES","og_type":"article","og_title":"Funda de coj\u00edn 45x45 escandinavo en entrega - gratis Ahorra un 30% en tu pedido","og_description":"Recibe tu Funda de coj\u00edn 45x45 escandinavo hoy y benef\u00edciate de la entrega - gratuita Env\u00edo en 24\/48h","og_url":"https:\/\/365-housse.com\/es\/productos\/housse-de-coussin-45x45-scandinave\/","og_site_name":"Housse de Canap\u00e9","article_modified_time":"2024-09-17T15:01:19+00:00","og_image":[{"width":858,"height":924,"url":"https:\/\/365-housse.com\/wp-content\/uploads\/2023\/06\/housse-de-coussin-45x45-scandinave.jpg","type":"image\/jpeg"}],"twitter_card":"summary_large_image","twitter_misc":{"Tiempo de lectura":"1 minuto"},"schema":{"@context":"https:\/\/schema.org","@graph":[{"@type":"WebPage","@id":"https:\/\/365-housse.com\/es\/productos\/housse-de-coussin-45x45-scandinave\/","url":"https:\/\/365-housse.com\/es\/productos\/housse-de-coussin-45x45-scandinave\/","name":"Funda de coj\u00edn 45x45 escandinavo en entrega - gratis Ahorra un 30% en tu pedido","isPartOf":{"@id":"https:\/\/365-housse.com\/es\/#website"},"primaryImageOfPage":{"@id":"https:\/\/365-housse.com\/es\/productos\/housse-de-coussin-45x45-scandinave\/#primaryimage"},"image":{"@id":"https:\/\/365-housse.com\/es\/productos\/housse-de-coussin-45x45-scandinave\/#primaryimage"},"thumbnailUrl":"https:\/\/365-housse.com\/wp-content\/uploads\/2023\/06\/housse-de-coussin-45x45-scandinave.jpg","datePublished":"2023-06-12T08:29:02+00:00","dateModified":"2024-09-17T15:01:19+00:00","description":"Recibe tu Funda de coj\u00edn 45x45 escandinavo hoy y benef\u00edciate de la entrega - gratuita Env\u00edo en 24\/48h","breadcrumb":{"@id":"https:\/\/365-housse.com\/es\/productos\/housse-de-coussin-45x45-scandinave\/#breadcrumb"},"inLanguage":"es","potentialAction":[{"@type":"ReadAction","target":["https:\/\/365-housse.com\/es\/productos\/housse-de-coussin-45x45-scandinave\/"]}]},{"@type":"ImageObject","inLanguage":"es","@id":"https:\/\/365-housse.com\/es\/productos\/housse-de-coussin-45x45-scandinave\/#primaryimage","url":"https:\/\/365-housse.com\/wp-content\/uploads\/2023\/06\/housse-de-coussin-45x45-scandinave.jpg","contentUrl":"https:\/\/365-housse.com\/wp-content\/uploads\/2023\/06\/housse-de-coussin-45x45-scandinave.jpg","width":858,"height":924},{"@type":"BreadcrumbList","@id":"https:\/\/365-housse.com\/es\/productos\/housse-de-coussin-45x45-scandinave\/#breadcrumb","itemListElement":[{"@type":"ListItem","position":1,"name":"Accueil","item":"https:\/\/365-housse.com\/es\/"},{"@type":"ListItem","position":2,"name":"Tienda","item":"https:\/\/365-housse.com\/es\/tienda\/"},{"@type":"ListItem","position":3,"name":"Funda de coj\u00edn 45&#215;45 escandinavo"}]},{"@type":"WebSite","@id":"https:\/\/365-housse.com\/es\/#website","url":"https:\/\/365-housse.com\/es\/","name":"Housse de Canap\u00e9","description":"Le N\u00b01 de la Housse","publisher":{"@id":"https:\/\/365-housse.com\/es\/#organization"},"potentialAction":[{"@type":"SearchAction","target":{"@type":"EntryPoint","urlTemplate":"https:\/\/365-housse.com\/es\/?s={search_term_string}"},"query-input":{"@type":"PropertyValueSpecification","valueRequired":true,"valueName":"search_term_string"}}],"inLanguage":"es"},{"@type":"Organization","@id":"https:\/\/365-housse.com\/es\/#organization","name":"Housse de Canap\u00e9","url":"https:\/\/365-housse.com\/es\/","logo":{"@type":"ImageObject","inLanguage":"es","@id":"https:\/\/365-housse.com\/es\/#\/schema\/logo\/image\/","url":"https:\/\/365-housse.com\/wp-content\/uploads\/2023\/06\/LOGO-400-\u00d7-200-px-392-x-134-px-16.png","contentUrl":"https:\/\/365-housse.com\/wp-content\/uploads\/2023\/06\/LOGO-400-\u00d7-200-px-392-x-134-px-16.png","width":392,"height":134,"caption":"Housse de Canap\u00e9"},"image":{"@id":"https:\/\/365-housse.com\/es\/#\/schema\/logo\/image\/"}}]}},"_links":{"self":[{"href":"https:\/\/365-housse.com\/es\/wp-json\/wp\/v2\/product\/19167"}],"collection":[{"href":"https:\/\/365-housse.com\/es\/wp-json\/wp\/v2\/product"}],"about":[{"href":"https:\/\/365-housse.com\/es\/wp-json\/wp\/v2\/types\/product"}],"replies":[{"embeddable":true,"href":"https:\/\/365-housse.com\/es\/wp-json\/wp\/v2\/comments?post=19167"}],"wp:featuredmedia":[{"embeddable":true,"href":"https:\/\/365-housse.com\/es\/wp-json\/wp\/v2\/media\/16399"}],"wp:attachment":[{"href":"https:\/\/365-housse.com\/es\/wp-json\/wp\/v2\/media?parent=19167"}],"wp:term":[{"taxonomy":"product_cat","embeddable":true,"href":"https:\/\/365-housse.com\/es\/wp-json\/wp\/v2\/product_cat?post=19167"},{"taxonomy":"product_tag","embeddable":true,"href":"https:\/\/365-housse.com\/es\/wp-json\/wp\/v2\/product_tag?post=19167"}],"curies":[{"name":"wp","href":"https:\/\/api.w.org\/{rel}","templated":true}]}}