{"id":19212,"date":"2023-06-12T08:27:40","date_gmt":"2023-06-12T08:27:40","guid":{"rendered":"https:\/\/365-housse.com\/products\/housse-de-coussin-40x40-exterieur\/"},"modified":"2024-09-17T15:01:45","modified_gmt":"2024-09-17T15:01:45","slug":"housse-de-coussin-40x40-exterieur","status":"publish","type":"product","link":"https:\/\/365-housse.com\/es\/productos\/housse-de-coussin-40x40-exterieur\/","title":{"rendered":"Funda de coj\u00edn 40&#215;40 Exterior"},"content":{"rendered":"<h2><span data-mce-fragment=\"1\">Reg\u00e1late una amplia gama de <strong>fundas de cojines 40&#215;40 para exterior<\/strong> y descubre c\u00f3mo mejorar tu decoraci\u00f3n interior. Nuestros productos de primera calidad son ideales para proteger tus cojines contra la humedad y las manchas.<\/span><\/h2>\n<h3>Los beneficios de la <strong>funda de coj\u00edn 40&#215;40 para exterior<\/strong> para dinamizar tu <strong>jard\u00edn<\/strong>: <\/h3>\n<ul>\n<li>\n<p>Dale un estilo \u00fanico a tu decoraci\u00f3n<\/p>\n<\/li>\n<li>\n<p>Crea un ambiente c\u00e1lido<\/p>\n<\/li>\n<li>\n<p>Protecci\u00f3n perfecta contra suciedad y salpicaduras<\/p>\n<\/li>\n<li>\n<p>Tejido de <strong>poli\u00e9ster<\/strong> de primera calidad que preserva la longevidad de tus cojines<\/p>\n<\/li>\n<li><span> <\/span><span>Mantenerlos en perfecto estado a largo plazo.<\/span><\/li>\n<\/ul>\n<p><strong>Caracter\u00edsticas:<\/strong><\/p>\n<ul>\n<li>\n<p>Material: <strong>Poli\u00e9ster de primera calidad<\/strong><\/p>\n<\/li>\n<li>\n<p>Tama\u00f1o: 40&#215;40 cm<\/p>\n<\/li>\n<li>\n<p><span>Mant\u00e9n limpio tu coj\u00edn o almohada<\/span><\/p>\n<\/li>\n<li>\n<p>Lavable a m\u00e1quina<\/p>\n<\/li>\n<li>\n<p>Cremallera invisible para f\u00e1cil inserci\u00f3n y extracci\u00f3n del coj\u00edn<\/p>\n<\/li>\n<li>\n<p>Facilidad de implementaci\u00f3n y adaptaci\u00f3n inmediata<\/p>\n<\/li>\n<\/ul>\n","protected":false},"excerpt":{"rendered":"<p>Reg\u00e1late una amplia gama de fundas de cojines 40&#215;40 para exterior y descubre c\u00f3mo mejorar tu decoraci\u00f3n interior. Nuestros productos de primera calidad son ideales para proteger tus cojines contra la humedad y las manchas. Los beneficios de la funda de coj\u00edn 40&#215;40 para exterior para dinamizar tu jard\u00edn: Dale un estilo \u00fanico a tu [&hellip;]<\/p>\n","protected":false},"featured_media":16341,"comment_status":"open","ping_status":"closed","template":"","meta":[],"product_cat":[184,161],"product_tag":[209,206],"class_list":{"0":"post-19212","1":"product","2":"type-product","3":"status-publish","4":"has-post-thumbnail","6":"product_cat-funda-de-cojin-40x40","7":"product_cat-portada-interior","8":"product_tag-coussin-es","9":"product_tag-exterieur-es","11":"first","12":"instock","13":"shipping-taxable","14":"purchasable","15":"product-type-simple"},"yoast_head":"<title>Funda de coj\u00edn 40x40 Exterior en entrega - gratis Ahorra un 30% en tu pedido<\/title>\n<meta name=\"description\" content=\"Recibe tu Funda de coj\u00edn 40x40 Exterior hoy y benef\u00edciate de la entrega - gratuita Env\u00edo en 24\/48h\" \/>\n<meta name=\"robots\" content=\"index, follow, max-snippet:-1, max-image-preview:large, max-video-preview:-1\" \/>\n<link rel=\"canonical\" href=\"https:\/\/365-housse.com\/es\/productos\/housse-de-coussin-40x40-exterieur\/\" \/>\n<meta property=\"og:locale\" content=\"es_ES\" \/>\n<meta property=\"og:type\" content=\"article\" \/>\n<meta property=\"og:title\" content=\"Funda de coj\u00edn 40x40 Exterior en entrega - gratis Ahorra un 30% en tu pedido\" \/>\n<meta property=\"og:description\" content=\"Recibe tu Funda de coj\u00edn 40x40 Exterior hoy y benef\u00edciate de la entrega - gratuita Env\u00edo en 24\/48h\" \/>\n<meta property=\"og:url\" content=\"https:\/\/365-housse.com\/es\/productos\/housse-de-coussin-40x40-exterieur\/\" \/>\n<meta property=\"og:site_name\" content=\"Housse de Canap\u00e9\" \/>\n<meta property=\"article:modified_time\" content=\"2024-09-17T15:01:45+00:00\" \/>\n<meta property=\"og:image\" content=\"https:\/\/365-housse.com\/wp-content\/uploads\/2023\/06\/housse-de-coussin-40x40-exterieur.png\" \/>\n\t<meta property=\"og:image:width\" content=\"906\" \/>\n\t<meta property=\"og:image:height\" content=\"932\" \/>\n\t<meta property=\"og:image:type\" content=\"image\/png\" \/>\n<meta name=\"twitter:card\" content=\"summary_large_image\" \/>\n<meta name=\"twitter:label1\" content=\"Tiempo de lectura\" \/>\n\t<meta name=\"twitter:data1\" content=\"1 minuto\" \/>\n<script type=\"application\/ld+json\" class=\"yoast-schema-graph\">{\"@context\":\"https:\/\/schema.org\",\"@graph\":[{\"@type\":\"WebPage\",\"@id\":\"https:\/\/365-housse.com\/es\/productos\/housse-de-coussin-40x40-exterieur\/\",\"url\":\"https:\/\/365-housse.com\/es\/productos\/housse-de-coussin-40x40-exterieur\/\",\"name\":\"Funda de coj\u00edn 40x40 Exterior en entrega - gratis Ahorra un 30% en tu pedido\",\"isPartOf\":{\"@id\":\"https:\/\/365-housse.com\/es\/#website\"},\"primaryImageOfPage\":{\"@id\":\"https:\/\/365-housse.com\/es\/productos\/housse-de-coussin-40x40-exterieur\/#primaryimage\"},\"image\":{\"@id\":\"https:\/\/365-housse.com\/es\/productos\/housse-de-coussin-40x40-exterieur\/#primaryimage\"},\"thumbnailUrl\":\"https:\/\/365-housse.com\/wp-content\/uploads\/2023\/06\/housse-de-coussin-40x40-exterieur.jpg\",\"datePublished\":\"2023-06-12T08:27:40+00:00\",\"dateModified\":\"2024-09-17T15:01:45+00:00\",\"description\":\"Recibe tu Funda de coj\u00edn 40x40 Exterior hoy y benef\u00edciate de la entrega - gratuita Env\u00edo en 24\/48h\",\"breadcrumb\":{\"@id\":\"https:\/\/365-housse.com\/es\/productos\/housse-de-coussin-40x40-exterieur\/#breadcrumb\"},\"inLanguage\":\"es\",\"potentialAction\":[{\"@type\":\"ReadAction\",\"target\":[\"https:\/\/365-housse.com\/es\/productos\/housse-de-coussin-40x40-exterieur\/\"]}]},{\"@type\":\"ImageObject\",\"inLanguage\":\"es\",\"@id\":\"https:\/\/365-housse.com\/es\/productos\/housse-de-coussin-40x40-exterieur\/#primaryimage\",\"url\":\"https:\/\/365-housse.com\/wp-content\/uploads\/2023\/06\/housse-de-coussin-40x40-exterieur.jpg\",\"contentUrl\":\"https:\/\/365-housse.com\/wp-content\/uploads\/2023\/06\/housse-de-coussin-40x40-exterieur.jpg\",\"width\":906,\"height\":932},{\"@type\":\"BreadcrumbList\",\"@id\":\"https:\/\/365-housse.com\/es\/productos\/housse-de-coussin-40x40-exterieur\/#breadcrumb\",\"itemListElement\":[{\"@type\":\"ListItem\",\"position\":1,\"name\":\"Accueil\",\"item\":\"https:\/\/365-housse.com\/es\/\"},{\"@type\":\"ListItem\",\"position\":2,\"name\":\"Tienda\",\"item\":\"https:\/\/365-housse.com\/es\/tienda\/\"},{\"@type\":\"ListItem\",\"position\":3,\"name\":\"Funda de coj\u00edn 40&#215;40 Exterior\"}]},{\"@type\":\"WebSite\",\"@id\":\"https:\/\/365-housse.com\/es\/#website\",\"url\":\"https:\/\/365-housse.com\/es\/\",\"name\":\"Housse de Canap\u00e9\",\"description\":\"Le N\u00b01 de la Housse\",\"publisher\":{\"@id\":\"https:\/\/365-housse.com\/es\/#organization\"},\"potentialAction\":[{\"@type\":\"SearchAction\",\"target\":{\"@type\":\"EntryPoint\",\"urlTemplate\":\"https:\/\/365-housse.com\/es\/?s={search_term_string}\"},\"query-input\":{\"@type\":\"PropertyValueSpecification\",\"valueRequired\":true,\"valueName\":\"search_term_string\"}}],\"inLanguage\":\"es\"},{\"@type\":\"Organization\",\"@id\":\"https:\/\/365-housse.com\/es\/#organization\",\"name\":\"Housse de Canap\u00e9\",\"url\":\"https:\/\/365-housse.com\/es\/\",\"logo\":{\"@type\":\"ImageObject\",\"inLanguage\":\"es\",\"@id\":\"https:\/\/365-housse.com\/es\/#\/schema\/logo\/image\/\",\"url\":\"https:\/\/365-housse.com\/wp-content\/uploads\/2023\/06\/LOGO-400-\u00d7-200-px-392-x-134-px-16.png\",\"contentUrl\":\"https:\/\/365-housse.com\/wp-content\/uploads\/2023\/06\/LOGO-400-\u00d7-200-px-392-x-134-px-16.png\",\"width\":392,\"height\":134,\"caption\":\"Housse de Canap\u00e9\"},\"image\":{\"@id\":\"https:\/\/365-housse.com\/es\/#\/schema\/logo\/image\/\"}}]}<\/script>","yoast_head_json":{"title":"Funda de coj\u00edn 40x40 Exterior en entrega - gratis Ahorra un 30% en tu pedido","description":"Recibe tu Funda de coj\u00edn 40x40 Exterior hoy y benef\u00edciate de la entrega - gratuita Env\u00edo en 24\/48h","robots":{"index":"index","follow":"follow","max-snippet":"max-snippet:-1","max-image-preview":"max-image-preview:large","max-video-preview":"max-video-preview:-1"},"canonical":"https:\/\/365-housse.com\/es\/productos\/housse-de-coussin-40x40-exterieur\/","og_locale":"es_ES","og_type":"article","og_title":"Funda de coj\u00edn 40x40 Exterior en entrega - gratis Ahorra un 30% en tu pedido","og_description":"Recibe tu Funda de coj\u00edn 40x40 Exterior hoy y benef\u00edciate de la entrega - gratuita Env\u00edo en 24\/48h","og_url":"https:\/\/365-housse.com\/es\/productos\/housse-de-coussin-40x40-exterieur\/","og_site_name":"Housse de Canap\u00e9","article_modified_time":"2024-09-17T15:01:45+00:00","og_image":[{"width":906,"height":932,"url":"https:\/\/365-housse.com\/wp-content\/uploads\/2023\/06\/housse-de-coussin-40x40-exterieur.png","type":"image\/png"}],"twitter_card":"summary_large_image","twitter_misc":{"Tiempo de lectura":"1 minuto"},"schema":{"@context":"https:\/\/schema.org","@graph":[{"@type":"WebPage","@id":"https:\/\/365-housse.com\/es\/productos\/housse-de-coussin-40x40-exterieur\/","url":"https:\/\/365-housse.com\/es\/productos\/housse-de-coussin-40x40-exterieur\/","name":"Funda de coj\u00edn 40x40 Exterior en entrega - gratis Ahorra un 30% en tu pedido","isPartOf":{"@id":"https:\/\/365-housse.com\/es\/#website"},"primaryImageOfPage":{"@id":"https:\/\/365-housse.com\/es\/productos\/housse-de-coussin-40x40-exterieur\/#primaryimage"},"image":{"@id":"https:\/\/365-housse.com\/es\/productos\/housse-de-coussin-40x40-exterieur\/#primaryimage"},"thumbnailUrl":"https:\/\/365-housse.com\/wp-content\/uploads\/2023\/06\/housse-de-coussin-40x40-exterieur.jpg","datePublished":"2023-06-12T08:27:40+00:00","dateModified":"2024-09-17T15:01:45+00:00","description":"Recibe tu Funda de coj\u00edn 40x40 Exterior hoy y benef\u00edciate de la entrega - gratuita Env\u00edo en 24\/48h","breadcrumb":{"@id":"https:\/\/365-housse.com\/es\/productos\/housse-de-coussin-40x40-exterieur\/#breadcrumb"},"inLanguage":"es","potentialAction":[{"@type":"ReadAction","target":["https:\/\/365-housse.com\/es\/productos\/housse-de-coussin-40x40-exterieur\/"]}]},{"@type":"ImageObject","inLanguage":"es","@id":"https:\/\/365-housse.com\/es\/productos\/housse-de-coussin-40x40-exterieur\/#primaryimage","url":"https:\/\/365-housse.com\/wp-content\/uploads\/2023\/06\/housse-de-coussin-40x40-exterieur.jpg","contentUrl":"https:\/\/365-housse.com\/wp-content\/uploads\/2023\/06\/housse-de-coussin-40x40-exterieur.jpg","width":906,"height":932},{"@type":"BreadcrumbList","@id":"https:\/\/365-housse.com\/es\/productos\/housse-de-coussin-40x40-exterieur\/#breadcrumb","itemListElement":[{"@type":"ListItem","position":1,"name":"Accueil","item":"https:\/\/365-housse.com\/es\/"},{"@type":"ListItem","position":2,"name":"Tienda","item":"https:\/\/365-housse.com\/es\/tienda\/"},{"@type":"ListItem","position":3,"name":"Funda de coj\u00edn 40&#215;40 Exterior"}]},{"@type":"WebSite","@id":"https:\/\/365-housse.com\/es\/#website","url":"https:\/\/365-housse.com\/es\/","name":"Housse de Canap\u00e9","description":"Le N\u00b01 de la Housse","publisher":{"@id":"https:\/\/365-housse.com\/es\/#organization"},"potentialAction":[{"@type":"SearchAction","target":{"@type":"EntryPoint","urlTemplate":"https:\/\/365-housse.com\/es\/?s={search_term_string}"},"query-input":{"@type":"PropertyValueSpecification","valueRequired":true,"valueName":"search_term_string"}}],"inLanguage":"es"},{"@type":"Organization","@id":"https:\/\/365-housse.com\/es\/#organization","name":"Housse de Canap\u00e9","url":"https:\/\/365-housse.com\/es\/","logo":{"@type":"ImageObject","inLanguage":"es","@id":"https:\/\/365-housse.com\/es\/#\/schema\/logo\/image\/","url":"https:\/\/365-housse.com\/wp-content\/uploads\/2023\/06\/LOGO-400-\u00d7-200-px-392-x-134-px-16.png","contentUrl":"https:\/\/365-housse.com\/wp-content\/uploads\/2023\/06\/LOGO-400-\u00d7-200-px-392-x-134-px-16.png","width":392,"height":134,"caption":"Housse de Canap\u00e9"},"image":{"@id":"https:\/\/365-housse.com\/es\/#\/schema\/logo\/image\/"}}]}},"_links":{"self":[{"href":"https:\/\/365-housse.com\/es\/wp-json\/wp\/v2\/product\/19212"}],"collection":[{"href":"https:\/\/365-housse.com\/es\/wp-json\/wp\/v2\/product"}],"about":[{"href":"https:\/\/365-housse.com\/es\/wp-json\/wp\/v2\/types\/product"}],"replies":[{"embeddable":true,"href":"https:\/\/365-housse.com\/es\/wp-json\/wp\/v2\/comments?post=19212"}],"wp:featuredmedia":[{"embeddable":true,"href":"https:\/\/365-housse.com\/es\/wp-json\/wp\/v2\/media\/16341"}],"wp:attachment":[{"href":"https:\/\/365-housse.com\/es\/wp-json\/wp\/v2\/media?parent=19212"}],"wp:term":[{"taxonomy":"product_cat","embeddable":true,"href":"https:\/\/365-housse.com\/es\/wp-json\/wp\/v2\/product_cat?post=19212"},{"taxonomy":"product_tag","embeddable":true,"href":"https:\/\/365-housse.com\/es\/wp-json\/wp\/v2\/product_tag?post=19212"}],"curies":[{"name":"wp","href":"https:\/\/api.w.org\/{rel}","templated":true}]}}