{"id":19526,"date":"2023-06-12T08:17:23","date_gmt":"2023-06-12T08:17:23","guid":{"rendered":"https:\/\/365-housse.com\/products\/housse-de-couette-papillon\/"},"modified":"2024-09-17T15:03:49","modified_gmt":"2024-09-17T15:03:49","slug":"housse-de-couette-papillon","status":"publish","type":"product","link":"https:\/\/365-housse.com\/es\/productos\/housse-de-couette-papillon\/","title":{"rendered":"Funda n\u00f3rdica Mariposa"},"content":{"rendered":"<h2>Mejora tu dormitorio y consigue un sue\u00f1o reparador con la <strong>Funda N\u00f3rdica Mariposa<\/strong>. Elaborado con material de alta calidad, te ofrece una sensaci\u00f3n incomparable de calidez y suavidad. Est\u00e1 decorado con un bonito estampado 3D en forma de coraz\u00f3n y mariposas vestidas de colores brillantes.<\/h2>\n<h3>Al optar por este producto, disfrutar\u00e1s de un capullo de suavidad para tus noches.<\/h3>\n<p><strong>Caracter\u00edsticas:<\/strong><\/p>\n<ul>\n<li><strong>Microfibra de Poli\u00e9ster 100% de alta calidad<\/strong> para robustez y resistencia al lavado y a la luz.<\/li>\n<li><strong>Tecnolog\u00eda de impresi\u00f3n de alto rendimiento<\/strong> para una calidad de imagen \u00f3ptima.<\/li>\n<li><strong>Acabados precisos y sofisticados<\/strong> para un acabado perfecto.<\/li>\n<li><strong>Lavar a m\u00e1quina<\/strong> para mayor facilidad de mantenimiento.<\/li>\n<li><strong>Juego de 3 piezas<\/strong>: 1 funda n\u00f3rdica + 2 fundas de almohada.<\/li>\n<\/ul>\n<p><img decoding=\"async\" alt=\"\" src=\"https:\/\/365-housse.com\/wp-content\/uploads\/2023\/06\/guide-usage_1f672b46-af93-4805-a0ed-afb83ba70b96_480x480.jpg?v=1655063753\" \/><\/p>\n<p>Encontrar\u00e1s entre nuestra gama de <a href=\"https:\/\/365-housse.com\/es\/collections\/funda-nordica-animal\/\" rel=\"noopener noreferrer\" target=\"_blank\" title=\" Funda N\u00f3rdica Animal\"><strong>Funda N\u00f3rdica Animal<\/strong><\/a> el producto que m\u00e1s te convenga. Entre nuestros favoritos est\u00e1 la <strong>Funda N\u00f3rdica Elefante<\/strong>.<\/p>\n","protected":false},"excerpt":{"rendered":"<p>Mejora tu dormitorio y consigue un sue\u00f1o reparador con la Funda N\u00f3rdica Mariposa. Elaborado con material de alta calidad, te ofrece una sensaci\u00f3n incomparable de calidez y suavidad. Est\u00e1 decorado con un bonito estampado 3D en forma de coraz\u00f3n y mariposas vestidas de colores brillantes. Al optar por este producto, disfrutar\u00e1s de un capullo de [&hellip;]<\/p>\n","protected":false},"featured_media":16220,"comment_status":"open","ping_status":"closed","template":"","meta":[],"product_cat":[179,180],"product_tag":[210,211],"class_list":{"0":"post-19526","1":"product","2":"type-product","3":"status-publish","4":"has-post-thumbnail","6":"product_cat-funda-nordica","7":"product_cat-funda-nordica-animal","8":"product_tag-couette-es","9":"product_tag-housse-de-couette-es","11":"first","12":"instock","13":"shipping-taxable","14":"purchasable","15":"product-type-variable"},"yoast_head":"<title>Funda n\u00f3rdica Mariposa en entrega - gratis Ahorra un 30% en tu pedido<\/title>\n<meta name=\"description\" content=\"Recibe tu Funda n\u00f3rdica Mariposa hoy y benef\u00edciate de la entrega - gratuita Env\u00edo en 24\/48h\" \/>\n<meta name=\"robots\" content=\"index, follow, max-snippet:-1, max-image-preview:large, max-video-preview:-1\" \/>\n<link rel=\"canonical\" href=\"https:\/\/365-housse.com\/es\/productos\/housse-de-couette-papillon\/\" \/>\n<meta property=\"og:locale\" content=\"es_ES\" \/>\n<meta property=\"og:type\" content=\"article\" \/>\n<meta property=\"og:title\" content=\"Funda n\u00f3rdica Mariposa en entrega - gratis Ahorra un 30% en tu pedido\" \/>\n<meta property=\"og:description\" content=\"Recibe tu Funda n\u00f3rdica Mariposa hoy y benef\u00edciate de la entrega - gratuita Env\u00edo en 24\/48h\" \/>\n<meta property=\"og:url\" content=\"https:\/\/365-housse.com\/es\/productos\/housse-de-couette-papillon\/\" \/>\n<meta property=\"og:site_name\" content=\"Housse de Canap\u00e9\" \/>\n<meta property=\"article:modified_time\" content=\"2024-09-17T15:03:49+00:00\" \/>\n<meta property=\"og:image\" content=\"https:\/\/365-housse.com\/wp-content\/uploads\/2023\/06\/housse-de-couette-papillon.jpg\" \/>\n\t<meta property=\"og:image:width\" content=\"494\" \/>\n\t<meta property=\"og:image:height\" content=\"491\" \/>\n\t<meta property=\"og:image:type\" content=\"image\/jpeg\" \/>\n<meta name=\"twitter:card\" content=\"summary_large_image\" \/>\n<meta name=\"twitter:label1\" content=\"Tiempo de lectura\" \/>\n\t<meta name=\"twitter:data1\" content=\"1 minuto\" \/>\n<script type=\"application\/ld+json\" class=\"yoast-schema-graph\">{\"@context\":\"https:\/\/schema.org\",\"@graph\":[{\"@type\":\"WebPage\",\"@id\":\"https:\/\/365-housse.com\/es\/productos\/housse-de-couette-papillon\/\",\"url\":\"https:\/\/365-housse.com\/es\/productos\/housse-de-couette-papillon\/\",\"name\":\"Funda n\u00f3rdica Mariposa en entrega - gratis Ahorra un 30% en tu pedido\",\"isPartOf\":{\"@id\":\"https:\/\/365-housse.com\/es\/#website\"},\"primaryImageOfPage\":{\"@id\":\"https:\/\/365-housse.com\/es\/productos\/housse-de-couette-papillon\/#primaryimage\"},\"image\":{\"@id\":\"https:\/\/365-housse.com\/es\/productos\/housse-de-couette-papillon\/#primaryimage\"},\"thumbnailUrl\":\"https:\/\/365-housse.com\/wp-content\/uploads\/2023\/06\/housse-de-couette-papillon.jpg\",\"datePublished\":\"2023-06-12T08:17:23+00:00\",\"dateModified\":\"2024-09-17T15:03:49+00:00\",\"description\":\"Recibe tu Funda n\u00f3rdica Mariposa hoy y benef\u00edciate de la entrega - gratuita Env\u00edo en 24\/48h\",\"breadcrumb\":{\"@id\":\"https:\/\/365-housse.com\/es\/productos\/housse-de-couette-papillon\/#breadcrumb\"},\"inLanguage\":\"es\",\"potentialAction\":[{\"@type\":\"ReadAction\",\"target\":[\"https:\/\/365-housse.com\/es\/productos\/housse-de-couette-papillon\/\"]}]},{\"@type\":\"ImageObject\",\"inLanguage\":\"es\",\"@id\":\"https:\/\/365-housse.com\/es\/productos\/housse-de-couette-papillon\/#primaryimage\",\"url\":\"https:\/\/365-housse.com\/wp-content\/uploads\/2023\/06\/housse-de-couette-papillon.jpg\",\"contentUrl\":\"https:\/\/365-housse.com\/wp-content\/uploads\/2023\/06\/housse-de-couette-papillon.jpg\",\"width\":494,\"height\":491},{\"@type\":\"BreadcrumbList\",\"@id\":\"https:\/\/365-housse.com\/es\/productos\/housse-de-couette-papillon\/#breadcrumb\",\"itemListElement\":[{\"@type\":\"ListItem\",\"position\":1,\"name\":\"Accueil\",\"item\":\"https:\/\/365-housse.com\/es\/\"},{\"@type\":\"ListItem\",\"position\":2,\"name\":\"Tienda\",\"item\":\"https:\/\/365-housse.com\/es\/tienda\/\"},{\"@type\":\"ListItem\",\"position\":3,\"name\":\"Funda n\u00f3rdica Mariposa\"}]},{\"@type\":\"WebSite\",\"@id\":\"https:\/\/365-housse.com\/es\/#website\",\"url\":\"https:\/\/365-housse.com\/es\/\",\"name\":\"Housse de Canap\u00e9\",\"description\":\"Le N\u00b01 de la Housse\",\"publisher\":{\"@id\":\"https:\/\/365-housse.com\/es\/#organization\"},\"potentialAction\":[{\"@type\":\"SearchAction\",\"target\":{\"@type\":\"EntryPoint\",\"urlTemplate\":\"https:\/\/365-housse.com\/es\/?s={search_term_string}\"},\"query-input\":{\"@type\":\"PropertyValueSpecification\",\"valueRequired\":true,\"valueName\":\"search_term_string\"}}],\"inLanguage\":\"es\"},{\"@type\":\"Organization\",\"@id\":\"https:\/\/365-housse.com\/es\/#organization\",\"name\":\"Housse de Canap\u00e9\",\"url\":\"https:\/\/365-housse.com\/es\/\",\"logo\":{\"@type\":\"ImageObject\",\"inLanguage\":\"es\",\"@id\":\"https:\/\/365-housse.com\/es\/#\/schema\/logo\/image\/\",\"url\":\"https:\/\/365-housse.com\/wp-content\/uploads\/2023\/06\/LOGO-400-\u00d7-200-px-392-x-134-px-16.png\",\"contentUrl\":\"https:\/\/365-housse.com\/wp-content\/uploads\/2023\/06\/LOGO-400-\u00d7-200-px-392-x-134-px-16.png\",\"width\":392,\"height\":134,\"caption\":\"Housse de Canap\u00e9\"},\"image\":{\"@id\":\"https:\/\/365-housse.com\/es\/#\/schema\/logo\/image\/\"}}]}<\/script>","yoast_head_json":{"title":"Funda n\u00f3rdica Mariposa en entrega - gratis Ahorra un 30% en tu pedido","description":"Recibe tu Funda n\u00f3rdica Mariposa hoy y benef\u00edciate de la entrega - gratuita Env\u00edo en 24\/48h","robots":{"index":"index","follow":"follow","max-snippet":"max-snippet:-1","max-image-preview":"max-image-preview:large","max-video-preview":"max-video-preview:-1"},"canonical":"https:\/\/365-housse.com\/es\/productos\/housse-de-couette-papillon\/","og_locale":"es_ES","og_type":"article","og_title":"Funda n\u00f3rdica Mariposa en entrega - gratis Ahorra un 30% en tu pedido","og_description":"Recibe tu Funda n\u00f3rdica Mariposa hoy y benef\u00edciate de la entrega - gratuita Env\u00edo en 24\/48h","og_url":"https:\/\/365-housse.com\/es\/productos\/housse-de-couette-papillon\/","og_site_name":"Housse de Canap\u00e9","article_modified_time":"2024-09-17T15:03:49+00:00","og_image":[{"width":494,"height":491,"url":"https:\/\/365-housse.com\/wp-content\/uploads\/2023\/06\/housse-de-couette-papillon.jpg","type":"image\/jpeg"}],"twitter_card":"summary_large_image","twitter_misc":{"Tiempo de lectura":"1 minuto"},"schema":{"@context":"https:\/\/schema.org","@graph":[{"@type":"WebPage","@id":"https:\/\/365-housse.com\/es\/productos\/housse-de-couette-papillon\/","url":"https:\/\/365-housse.com\/es\/productos\/housse-de-couette-papillon\/","name":"Funda n\u00f3rdica Mariposa en entrega - gratis Ahorra un 30% en tu pedido","isPartOf":{"@id":"https:\/\/365-housse.com\/es\/#website"},"primaryImageOfPage":{"@id":"https:\/\/365-housse.com\/es\/productos\/housse-de-couette-papillon\/#primaryimage"},"image":{"@id":"https:\/\/365-housse.com\/es\/productos\/housse-de-couette-papillon\/#primaryimage"},"thumbnailUrl":"https:\/\/365-housse.com\/wp-content\/uploads\/2023\/06\/housse-de-couette-papillon.jpg","datePublished":"2023-06-12T08:17:23+00:00","dateModified":"2024-09-17T15:03:49+00:00","description":"Recibe tu Funda n\u00f3rdica Mariposa hoy y benef\u00edciate de la entrega - gratuita Env\u00edo en 24\/48h","breadcrumb":{"@id":"https:\/\/365-housse.com\/es\/productos\/housse-de-couette-papillon\/#breadcrumb"},"inLanguage":"es","potentialAction":[{"@type":"ReadAction","target":["https:\/\/365-housse.com\/es\/productos\/housse-de-couette-papillon\/"]}]},{"@type":"ImageObject","inLanguage":"es","@id":"https:\/\/365-housse.com\/es\/productos\/housse-de-couette-papillon\/#primaryimage","url":"https:\/\/365-housse.com\/wp-content\/uploads\/2023\/06\/housse-de-couette-papillon.jpg","contentUrl":"https:\/\/365-housse.com\/wp-content\/uploads\/2023\/06\/housse-de-couette-papillon.jpg","width":494,"height":491},{"@type":"BreadcrumbList","@id":"https:\/\/365-housse.com\/es\/productos\/housse-de-couette-papillon\/#breadcrumb","itemListElement":[{"@type":"ListItem","position":1,"name":"Accueil","item":"https:\/\/365-housse.com\/es\/"},{"@type":"ListItem","position":2,"name":"Tienda","item":"https:\/\/365-housse.com\/es\/tienda\/"},{"@type":"ListItem","position":3,"name":"Funda n\u00f3rdica Mariposa"}]},{"@type":"WebSite","@id":"https:\/\/365-housse.com\/es\/#website","url":"https:\/\/365-housse.com\/es\/","name":"Housse de Canap\u00e9","description":"Le N\u00b01 de la Housse","publisher":{"@id":"https:\/\/365-housse.com\/es\/#organization"},"potentialAction":[{"@type":"SearchAction","target":{"@type":"EntryPoint","urlTemplate":"https:\/\/365-housse.com\/es\/?s={search_term_string}"},"query-input":{"@type":"PropertyValueSpecification","valueRequired":true,"valueName":"search_term_string"}}],"inLanguage":"es"},{"@type":"Organization","@id":"https:\/\/365-housse.com\/es\/#organization","name":"Housse de Canap\u00e9","url":"https:\/\/365-housse.com\/es\/","logo":{"@type":"ImageObject","inLanguage":"es","@id":"https:\/\/365-housse.com\/es\/#\/schema\/logo\/image\/","url":"https:\/\/365-housse.com\/wp-content\/uploads\/2023\/06\/LOGO-400-\u00d7-200-px-392-x-134-px-16.png","contentUrl":"https:\/\/365-housse.com\/wp-content\/uploads\/2023\/06\/LOGO-400-\u00d7-200-px-392-x-134-px-16.png","width":392,"height":134,"caption":"Housse de Canap\u00e9"},"image":{"@id":"https:\/\/365-housse.com\/es\/#\/schema\/logo\/image\/"}}]}},"_links":{"self":[{"href":"https:\/\/365-housse.com\/es\/wp-json\/wp\/v2\/product\/19526"}],"collection":[{"href":"https:\/\/365-housse.com\/es\/wp-json\/wp\/v2\/product"}],"about":[{"href":"https:\/\/365-housse.com\/es\/wp-json\/wp\/v2\/types\/product"}],"replies":[{"embeddable":true,"href":"https:\/\/365-housse.com\/es\/wp-json\/wp\/v2\/comments?post=19526"}],"wp:featuredmedia":[{"embeddable":true,"href":"https:\/\/365-housse.com\/es\/wp-json\/wp\/v2\/media\/16220"}],"wp:attachment":[{"href":"https:\/\/365-housse.com\/es\/wp-json\/wp\/v2\/media?parent=19526"}],"wp:term":[{"taxonomy":"product_cat","embeddable":true,"href":"https:\/\/365-housse.com\/es\/wp-json\/wp\/v2\/product_cat?post=19526"},{"taxonomy":"product_tag","embeddable":true,"href":"https:\/\/365-housse.com\/es\/wp-json\/wp\/v2\/product_tag?post=19526"}],"curies":[{"name":"wp","href":"https:\/\/api.w.org\/{rel}","templated":true}]}}