{"id":19556,"date":"2023-06-12T08:17:17","date_gmt":"2023-06-12T08:17:17","guid":{"rendered":"https:\/\/365-housse.com\/products\/housse-de-couette-feuilles-tropicales\/"},"modified":"2024-09-17T15:03:59","modified_gmt":"2024-09-17T15:03:59","slug":"housse-de-couette-feuilles-tropicales","status":"publish","type":"product","link":"https:\/\/365-housse.com\/es\/productos\/housse-de-couette-feuilles-tropicales\/","title":{"rendered":"Funda n\u00f3rdica Hojas tropicales"},"content":{"rendered":"<h2>Transforma tu interior en un lugar de seducci\u00f3n gracias a la <strong>Funda N\u00f3rdica Hojas Tropicales<\/strong>. Su magn\u00edfica paleta de colores y hojas tropicales combina armoniosamente con tu decoraci\u00f3n interior para darle un toque extra de estilo y elegancia. Podr\u00e1s crear una atm\u00f3sfera \u00fanica que refleje tu personalidad.<\/h2>\n<h3>Si quieres completar tu decoraci\u00f3n interior con estampados de hojas tropicales y colores vibrantes, seguro que te interesar\u00e1 esta preciosa <strong>Funda N\u00f3rdica de Hojas Tropicales<\/strong>.\u00a0<\/h3>\n<p><strong>Caracter\u00edsticas: <\/strong><\/p>\n<ul>\n<li>Composici\u00f3n: <strong>100% microfibra de Poli\u00e9ster de alta calidad<\/strong><\/li>\n<li>Tecnolog\u00eda de impresi\u00f3n<strong>de alto rendimiento<\/strong> para una extraordinaria resistencia del color a la luz y al lavado<\/li>\n<li>Acabados precisos<\/strong> y<strong>sofisticados<\/strong><\/li>\n<li>Lavable a m\u00e1quina<\/li>\n<li>Juego de 3 piezas: 1 funda n\u00f3rdica + 2 fundas de almohada<\/li>\n<\/ul>\n<p><img decoding=\"async\" alt=\"\" src=\"https:\/\/365-housse.com\/wp-content\/uploads\/2023\/06\/guide-usage_1f672b46-af93-4805-a0ed-afb83ba70b96_480x480.jpg?v=1655063753\" \/><\/p>\n<p>Reg\u00e1late un ambiente zen e id\u00edlico gracias a nuestra gran colecci\u00f3n de <strong>Fundas N\u00f3rdicas Nature<\/strong> que te ofrece varios modelos y estampados para proteger y decorar tu edred\u00f3n.\u00a0Optando por nuestra <strong>Funda N\u00f3rdica Vintage Tropical<\/strong> proteger\u00e1s tu edred\u00f3n del desgaste y las manchas mientras disfrutas de buenos momentos de relax y sue\u00f1o.\u00a0<\/p>\n","protected":false},"excerpt":{"rendered":"<p>Transforma tu interior en un lugar de seducci\u00f3n gracias a la Funda N\u00f3rdica Hojas Tropicales. Su magn\u00edfica paleta de colores y hojas tropicales combina armoniosamente con tu decoraci\u00f3n interior para darle un toque extra de estilo y elegancia. Podr\u00e1s crear una atm\u00f3sfera \u00fanica que refleje tu personalidad. Si quieres completar tu decoraci\u00f3n interior con estampados [&hellip;]<\/p>\n","protected":false},"featured_media":16216,"comment_status":"open","ping_status":"closed","template":"","meta":[],"product_cat":[179,181],"product_tag":[210,211],"class_list":{"0":"post-19556","1":"product","2":"type-product","3":"status-publish","4":"has-post-thumbnail","6":"product_cat-funda-nordica","7":"product_cat-funda-nordica-nature","8":"product_tag-couette-es","9":"product_tag-housse-de-couette-es","11":"first","12":"instock","13":"shipping-taxable","14":"purchasable","15":"product-type-variable"},"yoast_head":"<title>Funda n\u00f3rdica Hojas tropicales en entrega - gratis Ahorra un 30% en tu pedido<\/title>\n<meta name=\"description\" content=\"Recibe tu Funda n\u00f3rdica Hojas tropicales hoy y benef\u00edciate de la entrega - gratuita Env\u00edo en 24\/48h\" \/>\n<meta name=\"robots\" content=\"index, follow, max-snippet:-1, max-image-preview:large, max-video-preview:-1\" \/>\n<link rel=\"canonical\" href=\"https:\/\/365-housse.com\/es\/productos\/housse-de-couette-feuilles-tropicales\/\" \/>\n<meta property=\"og:locale\" content=\"es_ES\" \/>\n<meta property=\"og:type\" content=\"article\" \/>\n<meta property=\"og:title\" content=\"Funda n\u00f3rdica Hojas tropicales en entrega - gratis Ahorra un 30% en tu pedido\" \/>\n<meta property=\"og:description\" content=\"Recibe tu Funda n\u00f3rdica Hojas tropicales hoy y benef\u00edciate de la entrega - gratuita Env\u00edo en 24\/48h\" \/>\n<meta property=\"og:url\" content=\"https:\/\/365-housse.com\/es\/productos\/housse-de-couette-feuilles-tropicales\/\" \/>\n<meta property=\"og:site_name\" content=\"Housse de Canap\u00e9\" \/>\n<meta property=\"article:modified_time\" content=\"2024-09-17T15:03:59+00:00\" \/>\n<meta property=\"og:image\" content=\"https:\/\/365-housse.com\/wp-content\/uploads\/2023\/06\/housse-de-couette-feuilles-tropicales.jpg\" \/>\n\t<meta property=\"og:image:width\" content=\"493\" \/>\n\t<meta property=\"og:image:height\" content=\"496\" \/>\n\t<meta property=\"og:image:type\" content=\"image\/jpeg\" \/>\n<meta name=\"twitter:card\" content=\"summary_large_image\" \/>\n<meta name=\"twitter:label1\" content=\"Tiempo de lectura\" \/>\n\t<meta name=\"twitter:data1\" content=\"1 minuto\" \/>\n<script type=\"application\/ld+json\" class=\"yoast-schema-graph\">{\"@context\":\"https:\/\/schema.org\",\"@graph\":[{\"@type\":\"WebPage\",\"@id\":\"https:\/\/365-housse.com\/es\/productos\/housse-de-couette-feuilles-tropicales\/\",\"url\":\"https:\/\/365-housse.com\/es\/productos\/housse-de-couette-feuilles-tropicales\/\",\"name\":\"Funda n\u00f3rdica Hojas tropicales en entrega - gratis Ahorra un 30% en tu pedido\",\"isPartOf\":{\"@id\":\"https:\/\/365-housse.com\/es\/#website\"},\"primaryImageOfPage\":{\"@id\":\"https:\/\/365-housse.com\/es\/productos\/housse-de-couette-feuilles-tropicales\/#primaryimage\"},\"image\":{\"@id\":\"https:\/\/365-housse.com\/es\/productos\/housse-de-couette-feuilles-tropicales\/#primaryimage\"},\"thumbnailUrl\":\"https:\/\/365-housse.com\/wp-content\/uploads\/2023\/06\/housse-de-couette-feuilles-tropicales.jpg\",\"datePublished\":\"2023-06-12T08:17:17+00:00\",\"dateModified\":\"2024-09-17T15:03:59+00:00\",\"description\":\"Recibe tu Funda n\u00f3rdica Hojas tropicales hoy y benef\u00edciate de la entrega - gratuita Env\u00edo en 24\/48h\",\"breadcrumb\":{\"@id\":\"https:\/\/365-housse.com\/es\/productos\/housse-de-couette-feuilles-tropicales\/#breadcrumb\"},\"inLanguage\":\"es\",\"potentialAction\":[{\"@type\":\"ReadAction\",\"target\":[\"https:\/\/365-housse.com\/es\/productos\/housse-de-couette-feuilles-tropicales\/\"]}]},{\"@type\":\"ImageObject\",\"inLanguage\":\"es\",\"@id\":\"https:\/\/365-housse.com\/es\/productos\/housse-de-couette-feuilles-tropicales\/#primaryimage\",\"url\":\"https:\/\/365-housse.com\/wp-content\/uploads\/2023\/06\/housse-de-couette-feuilles-tropicales.jpg\",\"contentUrl\":\"https:\/\/365-housse.com\/wp-content\/uploads\/2023\/06\/housse-de-couette-feuilles-tropicales.jpg\",\"width\":493,\"height\":496},{\"@type\":\"BreadcrumbList\",\"@id\":\"https:\/\/365-housse.com\/es\/productos\/housse-de-couette-feuilles-tropicales\/#breadcrumb\",\"itemListElement\":[{\"@type\":\"ListItem\",\"position\":1,\"name\":\"Accueil\",\"item\":\"https:\/\/365-housse.com\/es\/\"},{\"@type\":\"ListItem\",\"position\":2,\"name\":\"Tienda\",\"item\":\"https:\/\/365-housse.com\/es\/tienda\/\"},{\"@type\":\"ListItem\",\"position\":3,\"name\":\"Funda n\u00f3rdica Hojas tropicales\"}]},{\"@type\":\"WebSite\",\"@id\":\"https:\/\/365-housse.com\/es\/#website\",\"url\":\"https:\/\/365-housse.com\/es\/\",\"name\":\"Housse de Canap\u00e9\",\"description\":\"Le N\u00b01 de la Housse\",\"publisher\":{\"@id\":\"https:\/\/365-housse.com\/es\/#organization\"},\"potentialAction\":[{\"@type\":\"SearchAction\",\"target\":{\"@type\":\"EntryPoint\",\"urlTemplate\":\"https:\/\/365-housse.com\/es\/?s={search_term_string}\"},\"query-input\":{\"@type\":\"PropertyValueSpecification\",\"valueRequired\":true,\"valueName\":\"search_term_string\"}}],\"inLanguage\":\"es\"},{\"@type\":\"Organization\",\"@id\":\"https:\/\/365-housse.com\/es\/#organization\",\"name\":\"Housse de Canap\u00e9\",\"url\":\"https:\/\/365-housse.com\/es\/\",\"logo\":{\"@type\":\"ImageObject\",\"inLanguage\":\"es\",\"@id\":\"https:\/\/365-housse.com\/es\/#\/schema\/logo\/image\/\",\"url\":\"https:\/\/365-housse.com\/wp-content\/uploads\/2023\/06\/LOGO-400-\u00d7-200-px-392-x-134-px-16.png\",\"contentUrl\":\"https:\/\/365-housse.com\/wp-content\/uploads\/2023\/06\/LOGO-400-\u00d7-200-px-392-x-134-px-16.png\",\"width\":392,\"height\":134,\"caption\":\"Housse de Canap\u00e9\"},\"image\":{\"@id\":\"https:\/\/365-housse.com\/es\/#\/schema\/logo\/image\/\"}}]}<\/script>","yoast_head_json":{"title":"Funda n\u00f3rdica Hojas tropicales en entrega - gratis Ahorra un 30% en tu pedido","description":"Recibe tu Funda n\u00f3rdica Hojas tropicales hoy y benef\u00edciate de la entrega - gratuita Env\u00edo en 24\/48h","robots":{"index":"index","follow":"follow","max-snippet":"max-snippet:-1","max-image-preview":"max-image-preview:large","max-video-preview":"max-video-preview:-1"},"canonical":"https:\/\/365-housse.com\/es\/productos\/housse-de-couette-feuilles-tropicales\/","og_locale":"es_ES","og_type":"article","og_title":"Funda n\u00f3rdica Hojas tropicales en entrega - gratis Ahorra un 30% en tu pedido","og_description":"Recibe tu Funda n\u00f3rdica Hojas tropicales hoy y benef\u00edciate de la entrega - gratuita Env\u00edo en 24\/48h","og_url":"https:\/\/365-housse.com\/es\/productos\/housse-de-couette-feuilles-tropicales\/","og_site_name":"Housse de Canap\u00e9","article_modified_time":"2024-09-17T15:03:59+00:00","og_image":[{"width":493,"height":496,"url":"https:\/\/365-housse.com\/wp-content\/uploads\/2023\/06\/housse-de-couette-feuilles-tropicales.jpg","type":"image\/jpeg"}],"twitter_card":"summary_large_image","twitter_misc":{"Tiempo de lectura":"1 minuto"},"schema":{"@context":"https:\/\/schema.org","@graph":[{"@type":"WebPage","@id":"https:\/\/365-housse.com\/es\/productos\/housse-de-couette-feuilles-tropicales\/","url":"https:\/\/365-housse.com\/es\/productos\/housse-de-couette-feuilles-tropicales\/","name":"Funda n\u00f3rdica Hojas tropicales en entrega - gratis Ahorra un 30% en tu pedido","isPartOf":{"@id":"https:\/\/365-housse.com\/es\/#website"},"primaryImageOfPage":{"@id":"https:\/\/365-housse.com\/es\/productos\/housse-de-couette-feuilles-tropicales\/#primaryimage"},"image":{"@id":"https:\/\/365-housse.com\/es\/productos\/housse-de-couette-feuilles-tropicales\/#primaryimage"},"thumbnailUrl":"https:\/\/365-housse.com\/wp-content\/uploads\/2023\/06\/housse-de-couette-feuilles-tropicales.jpg","datePublished":"2023-06-12T08:17:17+00:00","dateModified":"2024-09-17T15:03:59+00:00","description":"Recibe tu Funda n\u00f3rdica Hojas tropicales hoy y benef\u00edciate de la entrega - gratuita Env\u00edo en 24\/48h","breadcrumb":{"@id":"https:\/\/365-housse.com\/es\/productos\/housse-de-couette-feuilles-tropicales\/#breadcrumb"},"inLanguage":"es","potentialAction":[{"@type":"ReadAction","target":["https:\/\/365-housse.com\/es\/productos\/housse-de-couette-feuilles-tropicales\/"]}]},{"@type":"ImageObject","inLanguage":"es","@id":"https:\/\/365-housse.com\/es\/productos\/housse-de-couette-feuilles-tropicales\/#primaryimage","url":"https:\/\/365-housse.com\/wp-content\/uploads\/2023\/06\/housse-de-couette-feuilles-tropicales.jpg","contentUrl":"https:\/\/365-housse.com\/wp-content\/uploads\/2023\/06\/housse-de-couette-feuilles-tropicales.jpg","width":493,"height":496},{"@type":"BreadcrumbList","@id":"https:\/\/365-housse.com\/es\/productos\/housse-de-couette-feuilles-tropicales\/#breadcrumb","itemListElement":[{"@type":"ListItem","position":1,"name":"Accueil","item":"https:\/\/365-housse.com\/es\/"},{"@type":"ListItem","position":2,"name":"Tienda","item":"https:\/\/365-housse.com\/es\/tienda\/"},{"@type":"ListItem","position":3,"name":"Funda n\u00f3rdica Hojas tropicales"}]},{"@type":"WebSite","@id":"https:\/\/365-housse.com\/es\/#website","url":"https:\/\/365-housse.com\/es\/","name":"Housse de Canap\u00e9","description":"Le N\u00b01 de la Housse","publisher":{"@id":"https:\/\/365-housse.com\/es\/#organization"},"potentialAction":[{"@type":"SearchAction","target":{"@type":"EntryPoint","urlTemplate":"https:\/\/365-housse.com\/es\/?s={search_term_string}"},"query-input":{"@type":"PropertyValueSpecification","valueRequired":true,"valueName":"search_term_string"}}],"inLanguage":"es"},{"@type":"Organization","@id":"https:\/\/365-housse.com\/es\/#organization","name":"Housse de Canap\u00e9","url":"https:\/\/365-housse.com\/es\/","logo":{"@type":"ImageObject","inLanguage":"es","@id":"https:\/\/365-housse.com\/es\/#\/schema\/logo\/image\/","url":"https:\/\/365-housse.com\/wp-content\/uploads\/2023\/06\/LOGO-400-\u00d7-200-px-392-x-134-px-16.png","contentUrl":"https:\/\/365-housse.com\/wp-content\/uploads\/2023\/06\/LOGO-400-\u00d7-200-px-392-x-134-px-16.png","width":392,"height":134,"caption":"Housse de Canap\u00e9"},"image":{"@id":"https:\/\/365-housse.com\/es\/#\/schema\/logo\/image\/"}}]}},"_links":{"self":[{"href":"https:\/\/365-housse.com\/es\/wp-json\/wp\/v2\/product\/19556"}],"collection":[{"href":"https:\/\/365-housse.com\/es\/wp-json\/wp\/v2\/product"}],"about":[{"href":"https:\/\/365-housse.com\/es\/wp-json\/wp\/v2\/types\/product"}],"replies":[{"embeddable":true,"href":"https:\/\/365-housse.com\/es\/wp-json\/wp\/v2\/comments?post=19556"}],"wp:featuredmedia":[{"embeddable":true,"href":"https:\/\/365-housse.com\/es\/wp-json\/wp\/v2\/media\/16216"}],"wp:attachment":[{"href":"https:\/\/365-housse.com\/es\/wp-json\/wp\/v2\/media?parent=19556"}],"wp:term":[{"taxonomy":"product_cat","embeddable":true,"href":"https:\/\/365-housse.com\/es\/wp-json\/wp\/v2\/product_cat?post=19556"},{"taxonomy":"product_tag","embeddable":true,"href":"https:\/\/365-housse.com\/es\/wp-json\/wp\/v2\/product_tag?post=19556"}],"curies":[{"name":"wp","href":"https:\/\/api.w.org\/{rel}","templated":true}]}}