{"id":19682,"date":"2023-06-12T08:16:51","date_gmt":"2023-06-12T08:16:51","guid":{"rendered":"https:\/\/365-housse.com\/products\/housse-de-couette-foot-1-personne\/"},"modified":"2024-09-17T15:04:42","modified_gmt":"2024-09-17T15:04:42","slug":"housse-de-couette-foot-1-personne","status":"publish","type":"product","link":"https:\/\/365-housse.com\/es\/productos\/housse-de-couette-foot-1-personne\/","title":{"rendered":"Funda N\u00f3rdica F\u00fatbol para 1 persona"},"content":{"rendered":"<h2 data-mce-fragment=\"1\" data-pm-slice=\"1 1 []\">Nuestra <strong data-mce-fragment=\"1\">Funda N\u00f3rdica de F\u00fatbol para 1 persona<\/strong> es imprescindible para la decoraci\u00f3n interior de tu habitaci\u00f3n. Ofrece a tu cuerpo un sue\u00f1o c\u00f3modo y placentero, especialmente durante las noches fr\u00edas. El tejido utilizado para su confecci\u00f3n es muy ligero y suave; por lo tanto, no s\u00f3lo es suave, sino que tambi\u00e9n proporciona un sue\u00f1o excelente.<\/h2>\n<h3 data-mce-fragment=\"1\">Esta <strong data-mce-fragment=\"1\">Funda N\u00f3rdica de F\u00fatbol 1 persona<\/ strong>puede ser un regalo perfecto para todos los aficionados al f\u00fatbol. Ya sea en un dormitorio de adultos o en un dormitorio infantil, podr\u00e1s colocarlo en cualquier lugar. Aportar\u00e1 un toque de elegancia y valor a tu hogar.<\/h3>\n<p><strong>Caracter\u00edsticas: <\/strong><\/p>\n<ul>\n<li>\n<p>Composici\u00f3n: <span> <strong> 100%<\/strong><\/span><strong>Microfibra de poli\u00e9ster de primera calidad<\/strong><\/p>\n<\/li>\n<li>\n<p>Tecnolog\u00eda de impresi\u00f3n<span> <\/span><strong>vanguardia<\/strong><span>\u00a0<\/span>para colores que permanecen brillantes despu\u00e9s del lavado y secado<\/p>\n<\/li>\n<li>\n<p>Acabados<span>\u00a0<\/span><strong>impecables<\/strong><span>\u00a0<\/span>y<span>\u00a0<\/span><strong>alta calidad<\/strong><\/p>\n<\/li>\n<li>\n<p>Lavable a m\u00e1quina<\/p>\n<\/li>\n<li>\n<p>Juego de 3 piezas: 1 funda n\u00f3rdica + 2 fundas de almohada<\/p>\n<\/li>\n<\/ul>\n<p><img decoding=\"async\" alt=\"\" src=\"https:\/\/365-housse.com\/wp-content\/uploads\/2023 \/06\/guide-usage_1f672b46-af93-4805-a0ed-afb83ba70b96_480x480.jpg?v=1655063753\" \/>&gt;p&gt; <\/p>\n<p data-pm-slice=\"1 1 []\">Las fundas n\u00f3rdicas son una excelente manera de actualizar el aspecto de tu dormitorio y hacer de tu cama el centro de la habitaci\u00f3n. Para los amantes del deporte, disponemos de una amplia gama de <a href=\"https:\/\/365-housse.com\/es\/collections\/funda-nordica-sport\/\" rel=\"noopener noreferrer\" target=\"_blank\" title=\" Fundas N\u00f3rdicas Deportivas\"><strong>Fundas N\u00f3rdicas Deportivas<\/strong><\/a>. Ofrecemos edredones suaves y agradables, como esta <strong>Funda N\u00f3rdica de F\u00fatbol<\/strong>. Nuestras fundas pueden ayudarte a transformar tu dormitorio en un lugar c\u00e1lido y elegante.<\/p>\n","protected":false},"excerpt":{"rendered":"<p>Nuestra Funda N\u00f3rdica de F\u00fatbol para 1 persona es imprescindible para la decoraci\u00f3n interior de tu habitaci\u00f3n. Ofrece a tu cuerpo un sue\u00f1o c\u00f3modo y placentero, especialmente durante las noches fr\u00edas. El tejido utilizado para su confecci\u00f3n es muy ligero y suave; por lo tanto, no s\u00f3lo es suave, sino que tambi\u00e9n proporciona un sue\u00f1o [&hellip;]<\/p>\n","protected":false},"featured_media":16193,"comment_status":"open","ping_status":"closed","template":"","meta":[],"product_cat":[179,182],"product_tag":[210,211],"class_list":{"0":"post-19682","1":"product","2":"type-product","3":"status-publish","4":"has-post-thumbnail","6":"product_cat-funda-nordica","7":"product_cat-funda-nordica-sport","8":"product_tag-couette-es","9":"product_tag-housse-de-couette-es","11":"first","12":"instock","13":"shipping-taxable","14":"product-type-variable"},"yoast_head":"<title>Funda N\u00f3rdica F\u00fatbol para 1 persona en entrega - gratis Ahorra un 30% en tu pedido<\/title>\n<meta name=\"description\" content=\"Recibe tu Funda N\u00f3rdica F\u00fatbol para 1 persona hoy y benef\u00edciate de la entrega - gratuita Env\u00edo en 24\/48h\" \/>\n<meta name=\"robots\" content=\"index, follow, max-snippet:-1, max-image-preview:large, max-video-preview:-1\" \/>\n<link rel=\"canonical\" href=\"https:\/\/365-housse.com\/es\/productos\/housse-de-couette-foot-1-personne\/\" \/>\n<meta property=\"og:locale\" content=\"es_ES\" \/>\n<meta property=\"og:type\" content=\"article\" \/>\n<meta property=\"og:title\" content=\"Funda N\u00f3rdica F\u00fatbol para 1 persona en entrega - gratis Ahorra un 30% en tu pedido\" \/>\n<meta property=\"og:description\" content=\"Recibe tu Funda N\u00f3rdica F\u00fatbol para 1 persona hoy y benef\u00edciate de la entrega - gratuita Env\u00edo en 24\/48h\" \/>\n<meta property=\"og:url\" content=\"https:\/\/365-housse.com\/es\/productos\/housse-de-couette-foot-1-personne\/\" \/>\n<meta property=\"og:site_name\" content=\"Housse de Canap\u00e9\" \/>\n<meta property=\"article:modified_time\" content=\"2024-09-17T15:04:42+00:00\" \/>\n<meta property=\"og:image\" content=\"https:\/\/365-housse.com\/wp-content\/uploads\/2023\/06\/housse-de-couette-foot-1-personne.jpg\" \/>\n\t<meta property=\"og:image:width\" content=\"444\" \/>\n\t<meta property=\"og:image:height\" content=\"446\" \/>\n\t<meta property=\"og:image:type\" content=\"image\/jpeg\" \/>\n<meta name=\"twitter:card\" content=\"summary_large_image\" \/>\n<meta name=\"twitter:label1\" content=\"Tiempo de lectura\" \/>\n\t<meta name=\"twitter:data1\" content=\"1 minuto\" \/>\n<script type=\"application\/ld+json\" class=\"yoast-schema-graph\">{\"@context\":\"https:\/\/schema.org\",\"@graph\":[{\"@type\":\"WebPage\",\"@id\":\"https:\/\/365-housse.com\/es\/productos\/housse-de-couette-foot-1-personne\/\",\"url\":\"https:\/\/365-housse.com\/es\/productos\/housse-de-couette-foot-1-personne\/\",\"name\":\"Funda N\u00f3rdica F\u00fatbol para 1 persona en entrega - gratis Ahorra un 30% en tu pedido\",\"isPartOf\":{\"@id\":\"https:\/\/365-housse.com\/es\/#website\"},\"primaryImageOfPage\":{\"@id\":\"https:\/\/365-housse.com\/es\/productos\/housse-de-couette-foot-1-personne\/#primaryimage\"},\"image\":{\"@id\":\"https:\/\/365-housse.com\/es\/productos\/housse-de-couette-foot-1-personne\/#primaryimage\"},\"thumbnailUrl\":\"https:\/\/365-housse.com\/wp-content\/uploads\/2023\/06\/housse-de-couette-foot-1-personne.jpg\",\"datePublished\":\"2023-06-12T08:16:51+00:00\",\"dateModified\":\"2024-09-17T15:04:42+00:00\",\"description\":\"Recibe tu Funda N\u00f3rdica F\u00fatbol para 1 persona hoy y benef\u00edciate de la entrega - gratuita Env\u00edo en 24\/48h\",\"breadcrumb\":{\"@id\":\"https:\/\/365-housse.com\/es\/productos\/housse-de-couette-foot-1-personne\/#breadcrumb\"},\"inLanguage\":\"es\",\"potentialAction\":[{\"@type\":\"ReadAction\",\"target\":[\"https:\/\/365-housse.com\/es\/productos\/housse-de-couette-foot-1-personne\/\"]}]},{\"@type\":\"ImageObject\",\"inLanguage\":\"es\",\"@id\":\"https:\/\/365-housse.com\/es\/productos\/housse-de-couette-foot-1-personne\/#primaryimage\",\"url\":\"https:\/\/365-housse.com\/wp-content\/uploads\/2023\/06\/housse-de-couette-foot-1-personne.jpg\",\"contentUrl\":\"https:\/\/365-housse.com\/wp-content\/uploads\/2023\/06\/housse-de-couette-foot-1-personne.jpg\",\"width\":444,\"height\":446},{\"@type\":\"BreadcrumbList\",\"@id\":\"https:\/\/365-housse.com\/es\/productos\/housse-de-couette-foot-1-personne\/#breadcrumb\",\"itemListElement\":[{\"@type\":\"ListItem\",\"position\":1,\"name\":\"Accueil\",\"item\":\"https:\/\/365-housse.com\/es\/\"},{\"@type\":\"ListItem\",\"position\":2,\"name\":\"Tienda\",\"item\":\"https:\/\/365-housse.com\/es\/tienda\/\"},{\"@type\":\"ListItem\",\"position\":3,\"name\":\"Funda N\u00f3rdica F\u00fatbol para 1 persona\"}]},{\"@type\":\"WebSite\",\"@id\":\"https:\/\/365-housse.com\/es\/#website\",\"url\":\"https:\/\/365-housse.com\/es\/\",\"name\":\"Housse de Canap\u00e9\",\"description\":\"Le N\u00b01 de la Housse\",\"publisher\":{\"@id\":\"https:\/\/365-housse.com\/es\/#organization\"},\"potentialAction\":[{\"@type\":\"SearchAction\",\"target\":{\"@type\":\"EntryPoint\",\"urlTemplate\":\"https:\/\/365-housse.com\/es\/?s={search_term_string}\"},\"query-input\":{\"@type\":\"PropertyValueSpecification\",\"valueRequired\":true,\"valueName\":\"search_term_string\"}}],\"inLanguage\":\"es\"},{\"@type\":\"Organization\",\"@id\":\"https:\/\/365-housse.com\/es\/#organization\",\"name\":\"Housse de Canap\u00e9\",\"url\":\"https:\/\/365-housse.com\/es\/\",\"logo\":{\"@type\":\"ImageObject\",\"inLanguage\":\"es\",\"@id\":\"https:\/\/365-housse.com\/es\/#\/schema\/logo\/image\/\",\"url\":\"https:\/\/365-housse.com\/wp-content\/uploads\/2023\/06\/LOGO-400-\u00d7-200-px-392-x-134-px-16.png\",\"contentUrl\":\"https:\/\/365-housse.com\/wp-content\/uploads\/2023\/06\/LOGO-400-\u00d7-200-px-392-x-134-px-16.png\",\"width\":392,\"height\":134,\"caption\":\"Housse de Canap\u00e9\"},\"image\":{\"@id\":\"https:\/\/365-housse.com\/es\/#\/schema\/logo\/image\/\"}}]}<\/script>","yoast_head_json":{"title":"Funda N\u00f3rdica F\u00fatbol para 1 persona en entrega - gratis Ahorra un 30% en tu pedido","description":"Recibe tu Funda N\u00f3rdica F\u00fatbol para 1 persona hoy y benef\u00edciate de la entrega - gratuita Env\u00edo en 24\/48h","robots":{"index":"index","follow":"follow","max-snippet":"max-snippet:-1","max-image-preview":"max-image-preview:large","max-video-preview":"max-video-preview:-1"},"canonical":"https:\/\/365-housse.com\/es\/productos\/housse-de-couette-foot-1-personne\/","og_locale":"es_ES","og_type":"article","og_title":"Funda N\u00f3rdica F\u00fatbol para 1 persona en entrega - gratis Ahorra un 30% en tu pedido","og_description":"Recibe tu Funda N\u00f3rdica F\u00fatbol para 1 persona hoy y benef\u00edciate de la entrega - gratuita Env\u00edo en 24\/48h","og_url":"https:\/\/365-housse.com\/es\/productos\/housse-de-couette-foot-1-personne\/","og_site_name":"Housse de Canap\u00e9","article_modified_time":"2024-09-17T15:04:42+00:00","og_image":[{"width":444,"height":446,"url":"https:\/\/365-housse.com\/wp-content\/uploads\/2023\/06\/housse-de-couette-foot-1-personne.jpg","type":"image\/jpeg"}],"twitter_card":"summary_large_image","twitter_misc":{"Tiempo de lectura":"1 minuto"},"schema":{"@context":"https:\/\/schema.org","@graph":[{"@type":"WebPage","@id":"https:\/\/365-housse.com\/es\/productos\/housse-de-couette-foot-1-personne\/","url":"https:\/\/365-housse.com\/es\/productos\/housse-de-couette-foot-1-personne\/","name":"Funda N\u00f3rdica F\u00fatbol para 1 persona en entrega - gratis Ahorra un 30% en tu pedido","isPartOf":{"@id":"https:\/\/365-housse.com\/es\/#website"},"primaryImageOfPage":{"@id":"https:\/\/365-housse.com\/es\/productos\/housse-de-couette-foot-1-personne\/#primaryimage"},"image":{"@id":"https:\/\/365-housse.com\/es\/productos\/housse-de-couette-foot-1-personne\/#primaryimage"},"thumbnailUrl":"https:\/\/365-housse.com\/wp-content\/uploads\/2023\/06\/housse-de-couette-foot-1-personne.jpg","datePublished":"2023-06-12T08:16:51+00:00","dateModified":"2024-09-17T15:04:42+00:00","description":"Recibe tu Funda N\u00f3rdica F\u00fatbol para 1 persona hoy y benef\u00edciate de la entrega - gratuita Env\u00edo en 24\/48h","breadcrumb":{"@id":"https:\/\/365-housse.com\/es\/productos\/housse-de-couette-foot-1-personne\/#breadcrumb"},"inLanguage":"es","potentialAction":[{"@type":"ReadAction","target":["https:\/\/365-housse.com\/es\/productos\/housse-de-couette-foot-1-personne\/"]}]},{"@type":"ImageObject","inLanguage":"es","@id":"https:\/\/365-housse.com\/es\/productos\/housse-de-couette-foot-1-personne\/#primaryimage","url":"https:\/\/365-housse.com\/wp-content\/uploads\/2023\/06\/housse-de-couette-foot-1-personne.jpg","contentUrl":"https:\/\/365-housse.com\/wp-content\/uploads\/2023\/06\/housse-de-couette-foot-1-personne.jpg","width":444,"height":446},{"@type":"BreadcrumbList","@id":"https:\/\/365-housse.com\/es\/productos\/housse-de-couette-foot-1-personne\/#breadcrumb","itemListElement":[{"@type":"ListItem","position":1,"name":"Accueil","item":"https:\/\/365-housse.com\/es\/"},{"@type":"ListItem","position":2,"name":"Tienda","item":"https:\/\/365-housse.com\/es\/tienda\/"},{"@type":"ListItem","position":3,"name":"Funda N\u00f3rdica F\u00fatbol para 1 persona"}]},{"@type":"WebSite","@id":"https:\/\/365-housse.com\/es\/#website","url":"https:\/\/365-housse.com\/es\/","name":"Housse de Canap\u00e9","description":"Le N\u00b01 de la Housse","publisher":{"@id":"https:\/\/365-housse.com\/es\/#organization"},"potentialAction":[{"@type":"SearchAction","target":{"@type":"EntryPoint","urlTemplate":"https:\/\/365-housse.com\/es\/?s={search_term_string}"},"query-input":{"@type":"PropertyValueSpecification","valueRequired":true,"valueName":"search_term_string"}}],"inLanguage":"es"},{"@type":"Organization","@id":"https:\/\/365-housse.com\/es\/#organization","name":"Housse de Canap\u00e9","url":"https:\/\/365-housse.com\/es\/","logo":{"@type":"ImageObject","inLanguage":"es","@id":"https:\/\/365-housse.com\/es\/#\/schema\/logo\/image\/","url":"https:\/\/365-housse.com\/wp-content\/uploads\/2023\/06\/LOGO-400-\u00d7-200-px-392-x-134-px-16.png","contentUrl":"https:\/\/365-housse.com\/wp-content\/uploads\/2023\/06\/LOGO-400-\u00d7-200-px-392-x-134-px-16.png","width":392,"height":134,"caption":"Housse de Canap\u00e9"},"image":{"@id":"https:\/\/365-housse.com\/es\/#\/schema\/logo\/image\/"}}]}},"_links":{"self":[{"href":"https:\/\/365-housse.com\/es\/wp-json\/wp\/v2\/product\/19682"}],"collection":[{"href":"https:\/\/365-housse.com\/es\/wp-json\/wp\/v2\/product"}],"about":[{"href":"https:\/\/365-housse.com\/es\/wp-json\/wp\/v2\/types\/product"}],"replies":[{"embeddable":true,"href":"https:\/\/365-housse.com\/es\/wp-json\/wp\/v2\/comments?post=19682"}],"wp:featuredmedia":[{"embeddable":true,"href":"https:\/\/365-housse.com\/es\/wp-json\/wp\/v2\/media\/16193"}],"wp:attachment":[{"href":"https:\/\/365-housse.com\/es\/wp-json\/wp\/v2\/media?parent=19682"}],"wp:term":[{"taxonomy":"product_cat","embeddable":true,"href":"https:\/\/365-housse.com\/es\/wp-json\/wp\/v2\/product_cat?post=19682"},{"taxonomy":"product_tag","embeddable":true,"href":"https:\/\/365-housse.com\/es\/wp-json\/wp\/v2\/product_tag?post=19682"}],"curies":[{"name":"wp","href":"https:\/\/api.w.org\/{rel}","templated":true}]}}