{"id":19703,"date":"2023-06-12T08:16:46","date_gmt":"2023-06-12T08:16:46","guid":{"rendered":"https:\/\/365-housse.com\/products\/housse-de-couette-basketball-bleu-rouge\/"},"modified":"2024-09-17T15:04:50","modified_gmt":"2024-09-17T15:04:50","slug":"housse-de-couette-basketball-bleu-rouge","status":"publish","type":"product","link":"https:\/\/365-housse.com\/es\/productos\/housse-de-couette-basketball-bleu-rouge\/","title":{"rendered":"Funda N\u00f3rdica Baloncesto Azul Rojo"},"content":{"rendered":"<h2 data-mce-fragment=\"1\" data-pm-slice=\"1 1 []\">Dale a tu dormitorio un toque de color con esta <strong data-mce-fragment=\"1\">Funda n\u00f3rdica Divertida y atrevida Edred\u00f3n N\u00f3rdico Baloncesto Azul Rojo. La portada presenta un patr\u00f3n de baloncesto sobre un fondo azul y rojo. Este edred\u00f3n est\u00e1 impreso utilizando la \u00faltima tecnolog\u00eda de impresi\u00f3n digital para obtener colores intensos que no se desvanecen despu\u00e9s del lavado.<\/h2>\n<h3 data-pm-slice=\"1 1 []\">P\u00f3ngase c\u00f3modo eligiendo esta <strong>funda n\u00f3rdica de baloncesto azul rojo<\/strong>. La microfibra de poli\u00e9ster de alta calidad proporciona suavidad a tu piel y protege tu edred\u00f3n de da\u00f1os. Est\u00e1 disponible en varios tama\u00f1os.<\/h3>\n<p><strong>Caracter\u00edsticas: <\/strong><\/p>\n<ul>\n<li>\n<p>Composici\u00f3n: <span> <strong>100%<\/strong><\/span><strong>microfibra de Poli\u00e9ster de alta calidad<\/strong><\/p>\n<\/li>\n<li>\n<p>Tecnolog\u00eda de impresi\u00f3n ultraeficiente<span> <\/span> para una extraordinaria resistencia del color a la luz y al lavado<\/p>\n<\/li>\n<li>\n<p>Acabados<span> <\/span><strong>precisos<\/strong><span> <\/span>y<span> <\/span><strong>sofisticados<\/strong><\/p>\n<\/li>\n<li>\n<p>Lavable a m\u00e1quina<\/p>\n<\/li>\n<li>\n<p>Juego de 2 piezas:<span> <\/span><strong>1 funda n\u00f3rdica + 1 funda de almohada (50 x 75 cm)<\/strong><\/p>\n<\/li>\n<ul>\n<li><span data-mce-fragment=\"1\">Tama\u00f1o: 70x133cm |\u00a0140x210cm |\u00a0173x218cm<\/span><\/li>\n<\/ul>\n<li>\n<p><span data-mce-fragment=\"1\"><\/span>Juego de 3 piezas:<span> <\/span><strong>1 funda n\u00f3rdica + 2 fundas de almohada (50 x 75 cm)<\/strong> <\/p>\n<\/li>\n<ul>\n<li>Tama\u00f1o: <span data-mce-fragment=\"1\">200x200cm |\u00a0210x210cm |\u00a0228x228cm |\u00a0240x220cm<\/span> <\/li>\n<\/ul>\n<\/ul>\n<ul><\/ul>\n<p><img decoding=\"async\" alt=\"\" data-mce-src=\"https:\/\/365-housse.com\/wp-content\/uploads\/2023\/06\/guide-usage_1f672b46-af93-4805-a0ed-afb83ba70b96_480x480.jpg? v=1655063753\" data-mce-style=\"display: block; margen izquierdo: autom\u00e1tico; margen derecho: autom\u00e1tico;\" src=\"https:\/\/365-housse.com\/wp-content\/uploads\/2023\/06\/guide-usage_1f672b46-af93-4805-a0ed-afb83ba70b96_480x480.jpg?v=1655063753\" style=\"margin-left: auto\" \/><\/p>\n<p data-pm-slice=\"1 1 []\">Dale a tu interior un nuevo aspecto con una <strong>funda n\u00f3rdica de baloncesto azul rojo<\/strong>. Este edred\u00f3n est\u00e1 hecho de microfibra de poli\u00e9ster de alta calidad que es suave para la piel y protege el edred\u00f3n de da\u00f1os. En nuestra colecci\u00f3n <a href=\"https:\/\/365-housse.com\/es\/collections\/funda-nordica-sport\/\" rel=\"noopener noreferrer\" target=\"_blank\" title=\"Funda N\u00f3rdica Sport\"><strong>Funda N\u00f3rdica Deportiva<\/strong><\/a>, tambi\u00e9n puedes elegir una <strong>Funda N\u00f3rdica de F\u00fatbol<\/strong>, ideal para cualquier aficionado al deporte.<\/p>\n","protected":false},"excerpt":{"rendered":"<p>Dale a tu dormitorio un toque de color con esta Funda n\u00f3rdica Divertida y atrevida Edred\u00f3n N\u00f3rdico Baloncesto Azul Rojo. La portada presenta un patr\u00f3n de baloncesto sobre un fondo azul y rojo. Este edred\u00f3n est\u00e1 impreso utilizando la \u00faltima tecnolog\u00eda de impresi\u00f3n digital para obtener colores intensos que no se desvanecen despu\u00e9s del lavado. [&hellip;]<\/p>\n","protected":false},"featured_media":16189,"comment_status":"open","ping_status":"closed","template":"","meta":[],"product_cat":[179,182],"product_tag":[210,211],"class_list":{"0":"post-19703","1":"product","2":"type-product","3":"status-publish","4":"has-post-thumbnail","6":"product_cat-funda-nordica","7":"product_cat-funda-nordica-sport","8":"product_tag-couette-es","9":"product_tag-housse-de-couette-es","11":"first","12":"instock","13":"shipping-taxable","14":"product-type-variable"},"yoast_head":"<title>Funda N\u00f3rdica Baloncesto Azul Rojo en entrega - gratis Ahorra un 30% en tu pedido<\/title>\n<meta name=\"description\" content=\"Recibe tu Funda N\u00f3rdica Baloncesto Azul Rojo hoy y benef\u00edciate de la entrega - gratuita Env\u00edo en 24\/48h\" \/>\n<meta name=\"robots\" content=\"index, follow, max-snippet:-1, max-image-preview:large, max-video-preview:-1\" \/>\n<link rel=\"canonical\" href=\"https:\/\/365-housse.com\/es\/productos\/housse-de-couette-basketball-bleu-rouge\/\" \/>\n<meta property=\"og:locale\" content=\"es_ES\" \/>\n<meta property=\"og:type\" content=\"article\" \/>\n<meta property=\"og:title\" content=\"Funda N\u00f3rdica Baloncesto Azul Rojo en entrega - gratis Ahorra un 30% en tu pedido\" \/>\n<meta property=\"og:description\" content=\"Recibe tu Funda N\u00f3rdica Baloncesto Azul Rojo hoy y benef\u00edciate de la entrega - gratuita Env\u00edo en 24\/48h\" \/>\n<meta property=\"og:url\" content=\"https:\/\/365-housse.com\/es\/productos\/housse-de-couette-basketball-bleu-rouge\/\" \/>\n<meta property=\"og:site_name\" content=\"Housse de Canap\u00e9\" \/>\n<meta property=\"article:modified_time\" content=\"2024-09-17T15:04:50+00:00\" \/>\n<meta property=\"og:image\" content=\"https:\/\/365-housse.com\/wp-content\/uploads\/2023\/06\/housse-de-couette-basketball-bleu-rouge.jpg\" \/>\n\t<meta property=\"og:image:width\" content=\"451\" \/>\n\t<meta property=\"og:image:height\" content=\"447\" \/>\n\t<meta property=\"og:image:type\" content=\"image\/jpeg\" \/>\n<meta name=\"twitter:card\" content=\"summary_large_image\" \/>\n<meta name=\"twitter:label1\" content=\"Tiempo de lectura\" \/>\n\t<meta name=\"twitter:data1\" content=\"1 minuto\" \/>\n<script type=\"application\/ld+json\" class=\"yoast-schema-graph\">{\"@context\":\"https:\/\/schema.org\",\"@graph\":[{\"@type\":\"WebPage\",\"@id\":\"https:\/\/365-housse.com\/es\/productos\/housse-de-couette-basketball-bleu-rouge\/\",\"url\":\"https:\/\/365-housse.com\/es\/productos\/housse-de-couette-basketball-bleu-rouge\/\",\"name\":\"Funda N\u00f3rdica Baloncesto Azul Rojo en entrega - gratis Ahorra un 30% en tu pedido\",\"isPartOf\":{\"@id\":\"https:\/\/365-housse.com\/es\/#website\"},\"primaryImageOfPage\":{\"@id\":\"https:\/\/365-housse.com\/es\/productos\/housse-de-couette-basketball-bleu-rouge\/#primaryimage\"},\"image\":{\"@id\":\"https:\/\/365-housse.com\/es\/productos\/housse-de-couette-basketball-bleu-rouge\/#primaryimage\"},\"thumbnailUrl\":\"https:\/\/365-housse.com\/wp-content\/uploads\/2023\/06\/housse-de-couette-basketball-bleu-rouge.jpg\",\"datePublished\":\"2023-06-12T08:16:46+00:00\",\"dateModified\":\"2024-09-17T15:04:50+00:00\",\"description\":\"Recibe tu Funda N\u00f3rdica Baloncesto Azul Rojo hoy y benef\u00edciate de la entrega - gratuita Env\u00edo en 24\/48h\",\"breadcrumb\":{\"@id\":\"https:\/\/365-housse.com\/es\/productos\/housse-de-couette-basketball-bleu-rouge\/#breadcrumb\"},\"inLanguage\":\"es\",\"potentialAction\":[{\"@type\":\"ReadAction\",\"target\":[\"https:\/\/365-housse.com\/es\/productos\/housse-de-couette-basketball-bleu-rouge\/\"]}]},{\"@type\":\"ImageObject\",\"inLanguage\":\"es\",\"@id\":\"https:\/\/365-housse.com\/es\/productos\/housse-de-couette-basketball-bleu-rouge\/#primaryimage\",\"url\":\"https:\/\/365-housse.com\/wp-content\/uploads\/2023\/06\/housse-de-couette-basketball-bleu-rouge.jpg\",\"contentUrl\":\"https:\/\/365-housse.com\/wp-content\/uploads\/2023\/06\/housse-de-couette-basketball-bleu-rouge.jpg\",\"width\":451,\"height\":447},{\"@type\":\"BreadcrumbList\",\"@id\":\"https:\/\/365-housse.com\/es\/productos\/housse-de-couette-basketball-bleu-rouge\/#breadcrumb\",\"itemListElement\":[{\"@type\":\"ListItem\",\"position\":1,\"name\":\"Accueil\",\"item\":\"https:\/\/365-housse.com\/es\/\"},{\"@type\":\"ListItem\",\"position\":2,\"name\":\"Tienda\",\"item\":\"https:\/\/365-housse.com\/es\/tienda\/\"},{\"@type\":\"ListItem\",\"position\":3,\"name\":\"Funda N\u00f3rdica Baloncesto Azul Rojo\"}]},{\"@type\":\"WebSite\",\"@id\":\"https:\/\/365-housse.com\/es\/#website\",\"url\":\"https:\/\/365-housse.com\/es\/\",\"name\":\"Housse de Canap\u00e9\",\"description\":\"Le N\u00b01 de la Housse\",\"publisher\":{\"@id\":\"https:\/\/365-housse.com\/es\/#organization\"},\"potentialAction\":[{\"@type\":\"SearchAction\",\"target\":{\"@type\":\"EntryPoint\",\"urlTemplate\":\"https:\/\/365-housse.com\/es\/?s={search_term_string}\"},\"query-input\":{\"@type\":\"PropertyValueSpecification\",\"valueRequired\":true,\"valueName\":\"search_term_string\"}}],\"inLanguage\":\"es\"},{\"@type\":\"Organization\",\"@id\":\"https:\/\/365-housse.com\/es\/#organization\",\"name\":\"Housse de Canap\u00e9\",\"url\":\"https:\/\/365-housse.com\/es\/\",\"logo\":{\"@type\":\"ImageObject\",\"inLanguage\":\"es\",\"@id\":\"https:\/\/365-housse.com\/es\/#\/schema\/logo\/image\/\",\"url\":\"https:\/\/365-housse.com\/wp-content\/uploads\/2023\/06\/LOGO-400-\u00d7-200-px-392-x-134-px-16.png\",\"contentUrl\":\"https:\/\/365-housse.com\/wp-content\/uploads\/2023\/06\/LOGO-400-\u00d7-200-px-392-x-134-px-16.png\",\"width\":392,\"height\":134,\"caption\":\"Housse de Canap\u00e9\"},\"image\":{\"@id\":\"https:\/\/365-housse.com\/es\/#\/schema\/logo\/image\/\"}}]}<\/script>","yoast_head_json":{"title":"Funda N\u00f3rdica Baloncesto Azul Rojo en entrega - gratis Ahorra un 30% en tu pedido","description":"Recibe tu Funda N\u00f3rdica Baloncesto Azul Rojo hoy y benef\u00edciate de la entrega - gratuita Env\u00edo en 24\/48h","robots":{"index":"index","follow":"follow","max-snippet":"max-snippet:-1","max-image-preview":"max-image-preview:large","max-video-preview":"max-video-preview:-1"},"canonical":"https:\/\/365-housse.com\/es\/productos\/housse-de-couette-basketball-bleu-rouge\/","og_locale":"es_ES","og_type":"article","og_title":"Funda N\u00f3rdica Baloncesto Azul Rojo en entrega - gratis Ahorra un 30% en tu pedido","og_description":"Recibe tu Funda N\u00f3rdica Baloncesto Azul Rojo hoy y benef\u00edciate de la entrega - gratuita Env\u00edo en 24\/48h","og_url":"https:\/\/365-housse.com\/es\/productos\/housse-de-couette-basketball-bleu-rouge\/","og_site_name":"Housse de Canap\u00e9","article_modified_time":"2024-09-17T15:04:50+00:00","og_image":[{"width":451,"height":447,"url":"https:\/\/365-housse.com\/wp-content\/uploads\/2023\/06\/housse-de-couette-basketball-bleu-rouge.jpg","type":"image\/jpeg"}],"twitter_card":"summary_large_image","twitter_misc":{"Tiempo de lectura":"1 minuto"},"schema":{"@context":"https:\/\/schema.org","@graph":[{"@type":"WebPage","@id":"https:\/\/365-housse.com\/es\/productos\/housse-de-couette-basketball-bleu-rouge\/","url":"https:\/\/365-housse.com\/es\/productos\/housse-de-couette-basketball-bleu-rouge\/","name":"Funda N\u00f3rdica Baloncesto Azul Rojo en entrega - gratis Ahorra un 30% en tu pedido","isPartOf":{"@id":"https:\/\/365-housse.com\/es\/#website"},"primaryImageOfPage":{"@id":"https:\/\/365-housse.com\/es\/productos\/housse-de-couette-basketball-bleu-rouge\/#primaryimage"},"image":{"@id":"https:\/\/365-housse.com\/es\/productos\/housse-de-couette-basketball-bleu-rouge\/#primaryimage"},"thumbnailUrl":"https:\/\/365-housse.com\/wp-content\/uploads\/2023\/06\/housse-de-couette-basketball-bleu-rouge.jpg","datePublished":"2023-06-12T08:16:46+00:00","dateModified":"2024-09-17T15:04:50+00:00","description":"Recibe tu Funda N\u00f3rdica Baloncesto Azul Rojo hoy y benef\u00edciate de la entrega - gratuita Env\u00edo en 24\/48h","breadcrumb":{"@id":"https:\/\/365-housse.com\/es\/productos\/housse-de-couette-basketball-bleu-rouge\/#breadcrumb"},"inLanguage":"es","potentialAction":[{"@type":"ReadAction","target":["https:\/\/365-housse.com\/es\/productos\/housse-de-couette-basketball-bleu-rouge\/"]}]},{"@type":"ImageObject","inLanguage":"es","@id":"https:\/\/365-housse.com\/es\/productos\/housse-de-couette-basketball-bleu-rouge\/#primaryimage","url":"https:\/\/365-housse.com\/wp-content\/uploads\/2023\/06\/housse-de-couette-basketball-bleu-rouge.jpg","contentUrl":"https:\/\/365-housse.com\/wp-content\/uploads\/2023\/06\/housse-de-couette-basketball-bleu-rouge.jpg","width":451,"height":447},{"@type":"BreadcrumbList","@id":"https:\/\/365-housse.com\/es\/productos\/housse-de-couette-basketball-bleu-rouge\/#breadcrumb","itemListElement":[{"@type":"ListItem","position":1,"name":"Accueil","item":"https:\/\/365-housse.com\/es\/"},{"@type":"ListItem","position":2,"name":"Tienda","item":"https:\/\/365-housse.com\/es\/tienda\/"},{"@type":"ListItem","position":3,"name":"Funda N\u00f3rdica Baloncesto Azul Rojo"}]},{"@type":"WebSite","@id":"https:\/\/365-housse.com\/es\/#website","url":"https:\/\/365-housse.com\/es\/","name":"Housse de Canap\u00e9","description":"Le N\u00b01 de la Housse","publisher":{"@id":"https:\/\/365-housse.com\/es\/#organization"},"potentialAction":[{"@type":"SearchAction","target":{"@type":"EntryPoint","urlTemplate":"https:\/\/365-housse.com\/es\/?s={search_term_string}"},"query-input":{"@type":"PropertyValueSpecification","valueRequired":true,"valueName":"search_term_string"}}],"inLanguage":"es"},{"@type":"Organization","@id":"https:\/\/365-housse.com\/es\/#organization","name":"Housse de Canap\u00e9","url":"https:\/\/365-housse.com\/es\/","logo":{"@type":"ImageObject","inLanguage":"es","@id":"https:\/\/365-housse.com\/es\/#\/schema\/logo\/image\/","url":"https:\/\/365-housse.com\/wp-content\/uploads\/2023\/06\/LOGO-400-\u00d7-200-px-392-x-134-px-16.png","contentUrl":"https:\/\/365-housse.com\/wp-content\/uploads\/2023\/06\/LOGO-400-\u00d7-200-px-392-x-134-px-16.png","width":392,"height":134,"caption":"Housse de Canap\u00e9"},"image":{"@id":"https:\/\/365-housse.com\/es\/#\/schema\/logo\/image\/"}}]}},"_links":{"self":[{"href":"https:\/\/365-housse.com\/es\/wp-json\/wp\/v2\/product\/19703"}],"collection":[{"href":"https:\/\/365-housse.com\/es\/wp-json\/wp\/v2\/product"}],"about":[{"href":"https:\/\/365-housse.com\/es\/wp-json\/wp\/v2\/types\/product"}],"replies":[{"embeddable":true,"href":"https:\/\/365-housse.com\/es\/wp-json\/wp\/v2\/comments?post=19703"}],"wp:featuredmedia":[{"embeddable":true,"href":"https:\/\/365-housse.com\/es\/wp-json\/wp\/v2\/media\/16189"}],"wp:attachment":[{"href":"https:\/\/365-housse.com\/es\/wp-json\/wp\/v2\/media?parent=19703"}],"wp:term":[{"taxonomy":"product_cat","embeddable":true,"href":"https:\/\/365-housse.com\/es\/wp-json\/wp\/v2\/product_cat?post=19703"},{"taxonomy":"product_tag","embeddable":true,"href":"https:\/\/365-housse.com\/es\/wp-json\/wp\/v2\/product_tag?post=19703"}],"curies":[{"name":"wp","href":"https:\/\/api.w.org\/{rel}","templated":true}]}}