{"id":19727,"date":"2023-06-12T08:16:41","date_gmt":"2023-06-12T08:16:41","guid":{"rendered":"https:\/\/365-housse.com\/products\/housse-de-couette-basketball-gymnase\/"},"modified":"2024-09-17T15:04:57","modified_gmt":"2024-09-17T15:04:57","slug":"housse-de-couette-basketball-gymnase","status":"publish","type":"product","link":"https:\/\/365-housse.com\/es\/productos\/housse-de-couette-basketball-gymnase\/","title":{"rendered":"Funda n\u00f3rdica Gimnasio de baloncesto"},"content":{"rendered":"<h2 data-mce-fragment=\"1\" data-pm-slice=\"1 1 []\">Mu\u00e9strale al mundo qui\u00e9n eres y qu\u00e9 amas con esta <strong data-mce-fragment=\"1\">portada de Edred\u00f3n Gimnasio Baloncesto<\/strong>. Este juego de edred\u00f3n presenta un dise\u00f1o de baloncesto, campo y aro sobre un fondo negro, lo que lo convierte en un regalo ideal para los aficionados a este deporte. Est\u00e1 dise\u00f1ado para proteger su edred\u00f3n y agregar una apariencia \u00fanica a su dormitorio.<\/h2>\n<h3 data-mce-fragment=\"1\">Fabricada con un material suave y de alta calidad, esta <strong data-mce-fragment=\"1\">funda n\u00f3rdica de baloncesto para gimnasio<\/strong> ofrece una gran comodidad y a\u00f1ade Un toque de color y alegr\u00eda a tu habitaci\u00f3n.<\/h3>\n<p><strong>Caracter\u00edsticas:<\/strong><\/p>\n<ul>\n<li>Composici\u00f3n: <strong>100% microfibra de Poli\u00e9ster de alta calidad<\/strong><\/li>\n<li><strong>tecnolog\u00eda de impresi\u00f3n de alto rendimiento<\/strong> para una extraordinaria resistencia del color a la luz y al lavado<\/li>\n<li><strong>acabados precisos<\/strong> y <strong>sofisticados<\/strong><\/li>\n<li>Lavable a m\u00e1quina<\/li>\n<li>Juego de 2 piezas: <strong>1 funda n\u00f3rdica + 1 funda de almohada (50 x 75 cm)<\/strong>\n<ul>\n<li>Tama\u00f1o: 70x133cm | 140x210cm | 173x218cm<\/li>\n<\/ul>\n<\/li>\n<li>Juego de 3 piezas: <strong>1 funda n\u00f3rdica + 2 fundas de almohada (50 x 75 cm)<\/strong>\n<ul>\n<li>Tama\u00f1o: 200x200cm | 210x210cm | 228x228cm | 240x220cm<\/li>\n<\/ul>\n<\/li>\n<\/ul>\n<p><img decoding=\"async\" alt=\"\" data-mce-src=\"https:\/\/365-housse.com\/wp-content\/uploads\/2023\/06\/guide-usage_1f672b46-af93-4805-a0ed-afb83ba70b96_480x480.jpg? v=1655063753\" data-mce-style=\"display: block; margen izquierdo: autom\u00e1tico; margen derecho: autom\u00e1tico;\" src=\"https:\/\/365-housse.com\/wp-content\/uploads\/2023\/06\/guide-usage_1f672b46-af93-4805-a0ed-afb83ba70b96_480x480.jpg?v=1655063753\" style=\"margin-left: auto\" \/><\/p>\n<p data-pm-slice=\"1 1 []\">Les <a href=\"https:\/\/365-housse.com\/es\/collections\/funda-nordica\/\" rel=\"noopener noreferrer\" target=\"_blank \" title=\"Fundas N\u00f3rdicas\"><strong>Fundas N\u00f3rdicas<\/strong><\/a> ofrecidas en nuestra colecci\u00f3n <a href=\"https:\/\/365-housse.com\/es\/collections\/funda-nordica- sport\/ \" rel=\"noopener noreferrer\" target=\"_blank\" title=\"Funda N\u00f3rdica Sport\"><strong>Funda N\u00f3rdica Sport<\/strong><\/a> son la herramienta perfecta para a\u00f1adir estilo a tu dormitorio para dormir. Estos juegos de edred\u00f3n presentan diferentes dise\u00f1os deportivos como f\u00fatbol, \u200b\u200bbaloncesto y m\u00e1s. A\u00f1adir\u00e1n un toque de color y emoci\u00f3n a tu habitaci\u00f3n.<\/p>\n","protected":false},"excerpt":{"rendered":"<p>Mu\u00e9strale al mundo qui\u00e9n eres y qu\u00e9 amas con esta portada de Edred\u00f3n Gimnasio Baloncesto. Este juego de edred\u00f3n presenta un dise\u00f1o de baloncesto, campo y aro sobre un fondo negro, lo que lo convierte en un regalo ideal para los aficionados a este deporte. Est\u00e1 dise\u00f1ado para proteger su edred\u00f3n y agregar una apariencia [&hellip;]<\/p>\n","protected":false},"featured_media":16186,"comment_status":"open","ping_status":"closed","template":"","meta":[],"product_cat":[179,182],"product_tag":[210,211],"class_list":{"0":"post-19727","1":"product","2":"type-product","3":"status-publish","4":"has-post-thumbnail","6":"product_cat-funda-nordica","7":"product_cat-funda-nordica-sport","8":"product_tag-couette-es","9":"product_tag-housse-de-couette-es","11":"first","12":"instock","13":"shipping-taxable","14":"purchasable","15":"product-type-variable"},"yoast_head":"<title>Funda n\u00f3rdica Gimnasio de baloncesto en entrega - gratis Ahorra un 30% en tu pedido<\/title>\n<meta name=\"description\" content=\"Recibe tu Funda n\u00f3rdica Gimnasio de baloncesto hoy y benef\u00edciate de la entrega - gratuita Env\u00edo en 24\/48h\" \/>\n<meta name=\"robots\" content=\"index, follow, max-snippet:-1, max-image-preview:large, max-video-preview:-1\" \/>\n<link rel=\"canonical\" href=\"https:\/\/365-housse.com\/es\/productos\/housse-de-couette-basketball-gymnase\/\" \/>\n<meta property=\"og:locale\" content=\"es_ES\" \/>\n<meta property=\"og:type\" content=\"article\" \/>\n<meta property=\"og:title\" content=\"Funda n\u00f3rdica Gimnasio de baloncesto en entrega - gratis Ahorra un 30% en tu pedido\" \/>\n<meta property=\"og:description\" content=\"Recibe tu Funda n\u00f3rdica Gimnasio de baloncesto hoy y benef\u00edciate de la entrega - gratuita Env\u00edo en 24\/48h\" \/>\n<meta property=\"og:url\" content=\"https:\/\/365-housse.com\/es\/productos\/housse-de-couette-basketball-gymnase\/\" \/>\n<meta property=\"og:site_name\" content=\"Housse de Canap\u00e9\" \/>\n<meta property=\"article:modified_time\" content=\"2024-09-17T15:04:57+00:00\" \/>\n<meta property=\"og:image\" content=\"https:\/\/365-housse.com\/wp-content\/uploads\/2023\/06\/housse-de-couette-basketball-gymnase.jpg\" \/>\n\t<meta property=\"og:image:width\" content=\"447\" \/>\n\t<meta property=\"og:image:height\" content=\"449\" \/>\n\t<meta property=\"og:image:type\" content=\"image\/jpeg\" \/>\n<meta name=\"twitter:card\" content=\"summary_large_image\" \/>\n<meta name=\"twitter:label1\" content=\"Tiempo de lectura\" \/>\n\t<meta name=\"twitter:data1\" content=\"1 minuto\" \/>\n<script type=\"application\/ld+json\" class=\"yoast-schema-graph\">{\"@context\":\"https:\/\/schema.org\",\"@graph\":[{\"@type\":\"WebPage\",\"@id\":\"https:\/\/365-housse.com\/es\/productos\/housse-de-couette-basketball-gymnase\/\",\"url\":\"https:\/\/365-housse.com\/es\/productos\/housse-de-couette-basketball-gymnase\/\",\"name\":\"Funda n\u00f3rdica Gimnasio de baloncesto en entrega - gratis Ahorra un 30% en tu pedido\",\"isPartOf\":{\"@id\":\"https:\/\/365-housse.com\/es\/#website\"},\"primaryImageOfPage\":{\"@id\":\"https:\/\/365-housse.com\/es\/productos\/housse-de-couette-basketball-gymnase\/#primaryimage\"},\"image\":{\"@id\":\"https:\/\/365-housse.com\/es\/productos\/housse-de-couette-basketball-gymnase\/#primaryimage\"},\"thumbnailUrl\":\"https:\/\/365-housse.com\/wp-content\/uploads\/2023\/06\/housse-de-couette-basketball-gymnase.jpg\",\"datePublished\":\"2023-06-12T08:16:41+00:00\",\"dateModified\":\"2024-09-17T15:04:57+00:00\",\"description\":\"Recibe tu Funda n\u00f3rdica Gimnasio de baloncesto hoy y benef\u00edciate de la entrega - gratuita Env\u00edo en 24\/48h\",\"breadcrumb\":{\"@id\":\"https:\/\/365-housse.com\/es\/productos\/housse-de-couette-basketball-gymnase\/#breadcrumb\"},\"inLanguage\":\"es\",\"potentialAction\":[{\"@type\":\"ReadAction\",\"target\":[\"https:\/\/365-housse.com\/es\/productos\/housse-de-couette-basketball-gymnase\/\"]}]},{\"@type\":\"ImageObject\",\"inLanguage\":\"es\",\"@id\":\"https:\/\/365-housse.com\/es\/productos\/housse-de-couette-basketball-gymnase\/#primaryimage\",\"url\":\"https:\/\/365-housse.com\/wp-content\/uploads\/2023\/06\/housse-de-couette-basketball-gymnase.jpg\",\"contentUrl\":\"https:\/\/365-housse.com\/wp-content\/uploads\/2023\/06\/housse-de-couette-basketball-gymnase.jpg\",\"width\":447,\"height\":449},{\"@type\":\"BreadcrumbList\",\"@id\":\"https:\/\/365-housse.com\/es\/productos\/housse-de-couette-basketball-gymnase\/#breadcrumb\",\"itemListElement\":[{\"@type\":\"ListItem\",\"position\":1,\"name\":\"Accueil\",\"item\":\"https:\/\/365-housse.com\/es\/\"},{\"@type\":\"ListItem\",\"position\":2,\"name\":\"Tienda\",\"item\":\"https:\/\/365-housse.com\/es\/tienda\/\"},{\"@type\":\"ListItem\",\"position\":3,\"name\":\"Funda n\u00f3rdica Gimnasio de baloncesto\"}]},{\"@type\":\"WebSite\",\"@id\":\"https:\/\/365-housse.com\/es\/#website\",\"url\":\"https:\/\/365-housse.com\/es\/\",\"name\":\"Housse de Canap\u00e9\",\"description\":\"Le N\u00b01 de la Housse\",\"publisher\":{\"@id\":\"https:\/\/365-housse.com\/es\/#organization\"},\"potentialAction\":[{\"@type\":\"SearchAction\",\"target\":{\"@type\":\"EntryPoint\",\"urlTemplate\":\"https:\/\/365-housse.com\/es\/?s={search_term_string}\"},\"query-input\":{\"@type\":\"PropertyValueSpecification\",\"valueRequired\":true,\"valueName\":\"search_term_string\"}}],\"inLanguage\":\"es\"},{\"@type\":\"Organization\",\"@id\":\"https:\/\/365-housse.com\/es\/#organization\",\"name\":\"Housse de Canap\u00e9\",\"url\":\"https:\/\/365-housse.com\/es\/\",\"logo\":{\"@type\":\"ImageObject\",\"inLanguage\":\"es\",\"@id\":\"https:\/\/365-housse.com\/es\/#\/schema\/logo\/image\/\",\"url\":\"https:\/\/365-housse.com\/wp-content\/uploads\/2023\/06\/LOGO-400-\u00d7-200-px-392-x-134-px-16.png\",\"contentUrl\":\"https:\/\/365-housse.com\/wp-content\/uploads\/2023\/06\/LOGO-400-\u00d7-200-px-392-x-134-px-16.png\",\"width\":392,\"height\":134,\"caption\":\"Housse de Canap\u00e9\"},\"image\":{\"@id\":\"https:\/\/365-housse.com\/es\/#\/schema\/logo\/image\/\"}}]}<\/script>","yoast_head_json":{"title":"Funda n\u00f3rdica Gimnasio de baloncesto en entrega - gratis Ahorra un 30% en tu pedido","description":"Recibe tu Funda n\u00f3rdica Gimnasio de baloncesto hoy y benef\u00edciate de la entrega - gratuita Env\u00edo en 24\/48h","robots":{"index":"index","follow":"follow","max-snippet":"max-snippet:-1","max-image-preview":"max-image-preview:large","max-video-preview":"max-video-preview:-1"},"canonical":"https:\/\/365-housse.com\/es\/productos\/housse-de-couette-basketball-gymnase\/","og_locale":"es_ES","og_type":"article","og_title":"Funda n\u00f3rdica Gimnasio de baloncesto en entrega - gratis Ahorra un 30% en tu pedido","og_description":"Recibe tu Funda n\u00f3rdica Gimnasio de baloncesto hoy y benef\u00edciate de la entrega - gratuita Env\u00edo en 24\/48h","og_url":"https:\/\/365-housse.com\/es\/productos\/housse-de-couette-basketball-gymnase\/","og_site_name":"Housse de Canap\u00e9","article_modified_time":"2024-09-17T15:04:57+00:00","og_image":[{"width":447,"height":449,"url":"https:\/\/365-housse.com\/wp-content\/uploads\/2023\/06\/housse-de-couette-basketball-gymnase.jpg","type":"image\/jpeg"}],"twitter_card":"summary_large_image","twitter_misc":{"Tiempo de lectura":"1 minuto"},"schema":{"@context":"https:\/\/schema.org","@graph":[{"@type":"WebPage","@id":"https:\/\/365-housse.com\/es\/productos\/housse-de-couette-basketball-gymnase\/","url":"https:\/\/365-housse.com\/es\/productos\/housse-de-couette-basketball-gymnase\/","name":"Funda n\u00f3rdica Gimnasio de baloncesto en entrega - gratis Ahorra un 30% en tu pedido","isPartOf":{"@id":"https:\/\/365-housse.com\/es\/#website"},"primaryImageOfPage":{"@id":"https:\/\/365-housse.com\/es\/productos\/housse-de-couette-basketball-gymnase\/#primaryimage"},"image":{"@id":"https:\/\/365-housse.com\/es\/productos\/housse-de-couette-basketball-gymnase\/#primaryimage"},"thumbnailUrl":"https:\/\/365-housse.com\/wp-content\/uploads\/2023\/06\/housse-de-couette-basketball-gymnase.jpg","datePublished":"2023-06-12T08:16:41+00:00","dateModified":"2024-09-17T15:04:57+00:00","description":"Recibe tu Funda n\u00f3rdica Gimnasio de baloncesto hoy y benef\u00edciate de la entrega - gratuita Env\u00edo en 24\/48h","breadcrumb":{"@id":"https:\/\/365-housse.com\/es\/productos\/housse-de-couette-basketball-gymnase\/#breadcrumb"},"inLanguage":"es","potentialAction":[{"@type":"ReadAction","target":["https:\/\/365-housse.com\/es\/productos\/housse-de-couette-basketball-gymnase\/"]}]},{"@type":"ImageObject","inLanguage":"es","@id":"https:\/\/365-housse.com\/es\/productos\/housse-de-couette-basketball-gymnase\/#primaryimage","url":"https:\/\/365-housse.com\/wp-content\/uploads\/2023\/06\/housse-de-couette-basketball-gymnase.jpg","contentUrl":"https:\/\/365-housse.com\/wp-content\/uploads\/2023\/06\/housse-de-couette-basketball-gymnase.jpg","width":447,"height":449},{"@type":"BreadcrumbList","@id":"https:\/\/365-housse.com\/es\/productos\/housse-de-couette-basketball-gymnase\/#breadcrumb","itemListElement":[{"@type":"ListItem","position":1,"name":"Accueil","item":"https:\/\/365-housse.com\/es\/"},{"@type":"ListItem","position":2,"name":"Tienda","item":"https:\/\/365-housse.com\/es\/tienda\/"},{"@type":"ListItem","position":3,"name":"Funda n\u00f3rdica Gimnasio de baloncesto"}]},{"@type":"WebSite","@id":"https:\/\/365-housse.com\/es\/#website","url":"https:\/\/365-housse.com\/es\/","name":"Housse de Canap\u00e9","description":"Le N\u00b01 de la Housse","publisher":{"@id":"https:\/\/365-housse.com\/es\/#organization"},"potentialAction":[{"@type":"SearchAction","target":{"@type":"EntryPoint","urlTemplate":"https:\/\/365-housse.com\/es\/?s={search_term_string}"},"query-input":{"@type":"PropertyValueSpecification","valueRequired":true,"valueName":"search_term_string"}}],"inLanguage":"es"},{"@type":"Organization","@id":"https:\/\/365-housse.com\/es\/#organization","name":"Housse de Canap\u00e9","url":"https:\/\/365-housse.com\/es\/","logo":{"@type":"ImageObject","inLanguage":"es","@id":"https:\/\/365-housse.com\/es\/#\/schema\/logo\/image\/","url":"https:\/\/365-housse.com\/wp-content\/uploads\/2023\/06\/LOGO-400-\u00d7-200-px-392-x-134-px-16.png","contentUrl":"https:\/\/365-housse.com\/wp-content\/uploads\/2023\/06\/LOGO-400-\u00d7-200-px-392-x-134-px-16.png","width":392,"height":134,"caption":"Housse de Canap\u00e9"},"image":{"@id":"https:\/\/365-housse.com\/es\/#\/schema\/logo\/image\/"}}]}},"_links":{"self":[{"href":"https:\/\/365-housse.com\/es\/wp-json\/wp\/v2\/product\/19727"}],"collection":[{"href":"https:\/\/365-housse.com\/es\/wp-json\/wp\/v2\/product"}],"about":[{"href":"https:\/\/365-housse.com\/es\/wp-json\/wp\/v2\/types\/product"}],"replies":[{"embeddable":true,"href":"https:\/\/365-housse.com\/es\/wp-json\/wp\/v2\/comments?post=19727"}],"wp:featuredmedia":[{"embeddable":true,"href":"https:\/\/365-housse.com\/es\/wp-json\/wp\/v2\/media\/16186"}],"wp:attachment":[{"href":"https:\/\/365-housse.com\/es\/wp-json\/wp\/v2\/media?parent=19727"}],"wp:term":[{"taxonomy":"product_cat","embeddable":true,"href":"https:\/\/365-housse.com\/es\/wp-json\/wp\/v2\/product_cat?post=19727"},{"taxonomy":"product_tag","embeddable":true,"href":"https:\/\/365-housse.com\/es\/wp-json\/wp\/v2\/product_tag?post=19727"}],"curies":[{"name":"wp","href":"https:\/\/api.w.org\/{rel}","templated":true}]}}