{"id":19881,"date":"2023-06-12T08:15:25","date_gmt":"2023-06-12T08:15:25","guid":{"rendered":"https:\/\/365-housse.com\/products\/housse-de-chaise-extensible-blanche\/"},"modified":"2024-09-17T15:05:50","modified_gmt":"2024-09-17T15:05:50","slug":"housse-de-chaise-extensible-blanche","status":"publish","type":"product","link":"https:\/\/365-housse.com\/es\/productos\/housse-de-chaise-extensible-blanche\/","title":{"rendered":"Funda el\u00e1stica para silla blanca"},"content":{"rendered":"<h2>\u00a1Realza tu decoraci\u00f3n interior con la <strong>funda de silla el\u00e1stica blanca<\/strong>, sencilla y elegante y equipada con acabados de calidad!<\/h2>\n<p><span><strong>Ventajas:<\/strong><\/span><\/p>\n<ul>\n<li>\n<p>A\u00f1ade un <strong>toque refinado<\/strong> y <strong>cuidado<\/strong> a tu decoraci\u00f3n<\/p>\n<\/li>\n<li>\n<p>Protege tu silla de manchas, desgaste, suciedad y mascotas gracias a su <strong>protecci\u00f3n \u00f3ptima<\/strong> <\/p>\n<\/li>\n<li>\n<p><strong>Adaptables en segundos<\/strong>, estas fundas se adaptan al 99% de los modelos de sillas gracias a su <strong>material el\u00e1stico<\/strong> <\/p>\n<\/li>\n<li><span data-mce-fragment=\"1\">Hecho de <strong>tejido de primera calidad<\/strong><\/span><\/li>\n<\/ul>\n<p><span><strong>Caracter\u00edsticas: <\/strong><\/span><\/p>\n<ul>\n<li>\n<p><span>Composici\u00f3n: <\/span><span>8<\/span><span>% Spandex (material el\u00e1stico) + 92% <\/span><span>Poli\u00e9ster<\/span><\/p>\n<\/li>\n<li>\n<p><span><strong>Tejido de primera calidad<\/strong> te ayuda a luchar contra las manchas y la suciedad inesperadas<\/span><\/p>\n<\/li>\n<li>\n<p><span><strong>tecnolog\u00eda de impresi\u00f3n de ultra rendimiento<\/strong> para un <strong>mantenimiento \u00f3ptimo del color<\/strong><\/span><\/p>\n<\/li>\n<li>\n<p><strong>Instalaci\u00f3n simplificada<\/strong><\/p>\n<\/li>\n<li>\n<p><span data-mce-fragment=\"1\">Mant\u00e9n tu silla limpia y en buen estado<\/span><\/p>\n<\/li>\n<li>\n<p><span data-mce-fragment=\"1\">El dise\u00f1o el\u00e1stico proporciona un<strong>ajuste perfecto<\/strong> y un agarre antideslizante<\/span><\/p>\n<\/li>\n<li>\n<p>Lavable a m\u00e1quina<\/p>\n<\/li>\n<\/ul>\n<p><span><strong>Gu\u00eda de tallas:<\/strong><\/span><\/p>\n<p><img fetchpriority=\"high\" decoding=\"async\" alt=\"guide-cover-size-guide\" height=\"292\" src=\"https:\/\/365-housse.com\/wp-content\/uploads\/2023\/06\/guide-des-chair- tama\u00f1os de portada_480x480.jpg?v=1623508915\" style=\"margin-left: auto;margin-right: auto\" width=\"350\" \/><\/p>\n<div>Estas fundas el\u00e1sticas para sillas se adaptan a muchos modelos de sillas<\/div>\n<div><\/div>\n<div><img decoding=\"async\" alt=\"\" src=\"https:\/\/365-housse.com\/wp-content\/uploads\/2023\/06\/housse-de-chaise-universelle_480x480.jpg?v=1623509218\" \/><\/div>\n<\/p>\n<h3>NOTA: \u00a1Empiece por colocar la <strong>funda el\u00e1stica blanca para silla<\/strong><span><\/span> desde la parte posterior!\u00a0<\/h3>\n<div style=\"text-align: start\"><img decoding=\"async\" alt=\"\" src=\"https:\/\/365-housse.com\/wp-content\/uploads\/2023\/06\/installation-housse-de-chaise-extensible_480x480 .png?v=1629970522\" \/><\/div>\n<h2>\u00a1Adornada con un acabado de calidad, la <strong>funda el\u00e1stica para silla blanca<\/strong> realzar\u00e1 tu decoraci\u00f3n interior!<\/h2>\n<p><span><strong>Ventajas:<\/strong><\/span><\/p>\n<ul>\n<li>\n<p>A\u00f1ade una <strong>nota de elegancia<\/strong> y <strong>estilo<\/strong> a tu interior<\/p>\n<\/li>\n<li>\n<p>Con una <strong>protecci\u00f3n \u00f3ptima<\/strong> contra el desgaste, la suciedad y las mascotas<\/p>\n<\/li>\n<li>\n<p><strong>Se adapta en segundos<\/strong>, estas fundas protectoras tienen caracter\u00edsticas el\u00e1sticas que les permiten <strong>adaptarse al 99% de los modelos de sillas<\/strong><\/ p> <\/li>\n<li><span data-mce-fragment=\"1\">Fabricado con <strong>textil de primera calidad<\/strong><\/span><\/li>\n<\/ul>\n<p><span><strong>Caracter\u00edsticas: <\/strong><\/span><\/p>\n<ul>\n<li>\n<p><span>Material: <\/span><span>8<\/span><span>% spandex (material el\u00e1stico) + 92% <\/span><span>poli\u00e9ster<\/span><\/p>\n<\/li>\n<li>\n<p><span><strong>Tela de primera calidad<\/strong> para protecci\u00f3n contra manchas y suciedad<\/span><\/p>\n<\/li>\n<li>\n<p><span><strong>tecnolog\u00eda de impresi\u00f3n de ultra rendimiento<\/strong> que garantiza la <strong>resistencia del color<\/strong> a la luz y al lavado<\/span><\/p>\n<\/li>\n<li>\n<p><strong>F\u00e1cil de poner <\/strong><\/p>\n<\/li>\n<li>\n<p><span data-mce-fragment=\"1\">Mant\u00e9n tu silla en buen estado<\/span><\/p>\n<\/li>\n<li>\n<p><span data-mce-fragment=\"1\">Con una <strong>banda el\u00e1stica<\/strong> para un ajuste perfecto y un agarre antideslizante<\/span><\/p>\n<\/li>\n<li>\n<p>Lavable a m\u00e1quina<\/p>\n<\/li>\n<\/ul>\n<p><span><strong>Gu\u00eda de tallas:<\/strong><\/span><\/p>\n<p><img fetchpriority=\"high\" decoding=\"async\" alt=\"guide-cover-size-guide\" height=\"292\" src=\"https:\/\/365-housse.com\/wp-content\/uploads\/2023\/06\/guide-des-chair- tama\u00f1os de portada_480x480.jpg?v=1623508915\" style=\"margin-left: auto;margin-right: auto\" width=\"350\" \/><\/p>\n<div>Esta funda el\u00e1stica para silla se adapta a muchos modelos de sillas<\/div>\n<div><\/div>\n<div><img decoding=\"async\" alt=\"\" src=\"https:\/\/365-housse.com\/wp-content\/uploads\/2023\/06\/housse-de-chaise-universelle_480x480.jpg?v=1623509218\" \/><\/div>\n<\/p>\n<h3>NOTA: \u00a1Empiece por colocar la <strong>funda el\u00e1stica blanca para silla<\/strong><span><\/span> desde la parte posterior!\u00a0<\/h3>\n<div style=\"text-align: start\"><img decoding=\"async\" alt=\"\" src=\"https:\/\/365-housse.com\/wp-content\/uploads\/2023\/06\/installation-housse-de-chaise-extensible_480x480 .png?v=1629970522\" \/><\/div>\n","protected":false},"excerpt":{"rendered":"<p>\u00a1Realza tu decoraci\u00f3n interior con la funda de silla el\u00e1stica blanca, sencilla y elegante y equipada con acabados de calidad! Ventajas: A\u00f1ade un toque refinado y cuidado a tu decoraci\u00f3n Protege tu silla de manchas, desgaste, suciedad y mascotas gracias a su protecci\u00f3n \u00f3ptima Adaptables en segundos, estas fundas se adaptan al 99% de los [&hellip;]<\/p>\n","protected":false},"featured_media":16159,"comment_status":"open","ping_status":"closed","template":"","meta":[],"product_cat":[177,161],"product_tag":[212],"class_list":{"0":"post-19881","1":"product","2":"type-product","3":"status-publish","4":"has-post-thumbnail","6":"product_cat-funda-de-silla-extensible","7":"product_cat-portada-interior","8":"product_tag-chaise-es","10":"first","11":"instock","12":"shipping-taxable","13":"purchasable","14":"product-type-simple"},"yoast_head":"<title>Funda el\u00e1stica para silla blanca en entrega - gratis Ahorra un 30% en tu pedido<\/title>\n<meta name=\"description\" content=\"Recibe tu Funda el\u00e1stica para silla blanca hoy y benef\u00edciate de la entrega - gratuita Env\u00edo en 24\/48h\" \/>\n<meta name=\"robots\" content=\"index, follow, max-snippet:-1, max-image-preview:large, max-video-preview:-1\" \/>\n<link rel=\"canonical\" href=\"https:\/\/365-housse.com\/es\/productos\/housse-de-chaise-extensible-blanche\/\" \/>\n<meta property=\"og:locale\" content=\"es_ES\" \/>\n<meta property=\"og:type\" content=\"article\" \/>\n<meta property=\"og:title\" content=\"Funda el\u00e1stica para silla blanca en entrega - gratis Ahorra un 30% en tu pedido\" \/>\n<meta property=\"og:description\" content=\"Recibe tu Funda el\u00e1stica para silla blanca hoy y benef\u00edciate de la entrega - gratuita Env\u00edo en 24\/48h\" \/>\n<meta property=\"og:url\" content=\"https:\/\/365-housse.com\/es\/productos\/housse-de-chaise-extensible-blanche\/\" \/>\n<meta property=\"og:site_name\" content=\"Housse de Canap\u00e9\" \/>\n<meta property=\"article:modified_time\" content=\"2024-09-17T15:05:50+00:00\" \/>\n<meta property=\"og:image\" content=\"https:\/\/365-housse.com\/wp-content\/uploads\/2023\/06\/housse-de-chaise-extensible-blanche.png\" \/>\n\t<meta property=\"og:image:width\" content=\"880\" \/>\n\t<meta property=\"og:image:height\" content=\"938\" \/>\n\t<meta property=\"og:image:type\" content=\"image\/png\" \/>\n<meta name=\"twitter:card\" content=\"summary_large_image\" \/>\n<meta name=\"twitter:label1\" content=\"Tiempo de lectura\" \/>\n\t<meta name=\"twitter:data1\" content=\"2 minutos\" \/>\n<script type=\"application\/ld+json\" class=\"yoast-schema-graph\">{\"@context\":\"https:\/\/schema.org\",\"@graph\":[{\"@type\":\"WebPage\",\"@id\":\"https:\/\/365-housse.com\/es\/productos\/housse-de-chaise-extensible-blanche\/\",\"url\":\"https:\/\/365-housse.com\/es\/productos\/housse-de-chaise-extensible-blanche\/\",\"name\":\"Funda el\u00e1stica para silla blanca en entrega - gratis Ahorra un 30% en tu pedido\",\"isPartOf\":{\"@id\":\"https:\/\/365-housse.com\/es\/#website\"},\"primaryImageOfPage\":{\"@id\":\"https:\/\/365-housse.com\/es\/productos\/housse-de-chaise-extensible-blanche\/#primaryimage\"},\"image\":{\"@id\":\"https:\/\/365-housse.com\/es\/productos\/housse-de-chaise-extensible-blanche\/#primaryimage\"},\"thumbnailUrl\":\"https:\/\/365-housse.com\/wp-content\/uploads\/2023\/06\/housse-de-chaise-extensible-blanche.jpg\",\"datePublished\":\"2023-06-12T08:15:25+00:00\",\"dateModified\":\"2024-09-17T15:05:50+00:00\",\"description\":\"Recibe tu Funda el\u00e1stica para silla blanca hoy y benef\u00edciate de la entrega - gratuita Env\u00edo en 24\/48h\",\"breadcrumb\":{\"@id\":\"https:\/\/365-housse.com\/es\/productos\/housse-de-chaise-extensible-blanche\/#breadcrumb\"},\"inLanguage\":\"es\",\"potentialAction\":[{\"@type\":\"ReadAction\",\"target\":[\"https:\/\/365-housse.com\/es\/productos\/housse-de-chaise-extensible-blanche\/\"]}]},{\"@type\":\"ImageObject\",\"inLanguage\":\"es\",\"@id\":\"https:\/\/365-housse.com\/es\/productos\/housse-de-chaise-extensible-blanche\/#primaryimage\",\"url\":\"https:\/\/365-housse.com\/wp-content\/uploads\/2023\/06\/housse-de-chaise-extensible-blanche.jpg\",\"contentUrl\":\"https:\/\/365-housse.com\/wp-content\/uploads\/2023\/06\/housse-de-chaise-extensible-blanche.jpg\",\"width\":880,\"height\":938},{\"@type\":\"BreadcrumbList\",\"@id\":\"https:\/\/365-housse.com\/es\/productos\/housse-de-chaise-extensible-blanche\/#breadcrumb\",\"itemListElement\":[{\"@type\":\"ListItem\",\"position\":1,\"name\":\"Accueil\",\"item\":\"https:\/\/365-housse.com\/es\/\"},{\"@type\":\"ListItem\",\"position\":2,\"name\":\"Tienda\",\"item\":\"https:\/\/365-housse.com\/es\/tienda\/\"},{\"@type\":\"ListItem\",\"position\":3,\"name\":\"Funda el\u00e1stica para silla blanca\"}]},{\"@type\":\"WebSite\",\"@id\":\"https:\/\/365-housse.com\/es\/#website\",\"url\":\"https:\/\/365-housse.com\/es\/\",\"name\":\"Housse de Canap\u00e9\",\"description\":\"Le N\u00b01 de la Housse\",\"publisher\":{\"@id\":\"https:\/\/365-housse.com\/es\/#organization\"},\"potentialAction\":[{\"@type\":\"SearchAction\",\"target\":{\"@type\":\"EntryPoint\",\"urlTemplate\":\"https:\/\/365-housse.com\/es\/?s={search_term_string}\"},\"query-input\":{\"@type\":\"PropertyValueSpecification\",\"valueRequired\":true,\"valueName\":\"search_term_string\"}}],\"inLanguage\":\"es\"},{\"@type\":\"Organization\",\"@id\":\"https:\/\/365-housse.com\/es\/#organization\",\"name\":\"Housse de Canap\u00e9\",\"url\":\"https:\/\/365-housse.com\/es\/\",\"logo\":{\"@type\":\"ImageObject\",\"inLanguage\":\"es\",\"@id\":\"https:\/\/365-housse.com\/es\/#\/schema\/logo\/image\/\",\"url\":\"https:\/\/365-housse.com\/wp-content\/uploads\/2023\/06\/LOGO-400-\u00d7-200-px-392-x-134-px-16.png\",\"contentUrl\":\"https:\/\/365-housse.com\/wp-content\/uploads\/2023\/06\/LOGO-400-\u00d7-200-px-392-x-134-px-16.png\",\"width\":392,\"height\":134,\"caption\":\"Housse de Canap\u00e9\"},\"image\":{\"@id\":\"https:\/\/365-housse.com\/es\/#\/schema\/logo\/image\/\"}}]}<\/script>","yoast_head_json":{"title":"Funda el\u00e1stica para silla blanca en entrega - gratis Ahorra un 30% en tu pedido","description":"Recibe tu Funda el\u00e1stica para silla blanca hoy y benef\u00edciate de la entrega - gratuita Env\u00edo en 24\/48h","robots":{"index":"index","follow":"follow","max-snippet":"max-snippet:-1","max-image-preview":"max-image-preview:large","max-video-preview":"max-video-preview:-1"},"canonical":"https:\/\/365-housse.com\/es\/productos\/housse-de-chaise-extensible-blanche\/","og_locale":"es_ES","og_type":"article","og_title":"Funda el\u00e1stica para silla blanca en entrega - gratis Ahorra un 30% en tu pedido","og_description":"Recibe tu Funda el\u00e1stica para silla blanca hoy y benef\u00edciate de la entrega - gratuita Env\u00edo en 24\/48h","og_url":"https:\/\/365-housse.com\/es\/productos\/housse-de-chaise-extensible-blanche\/","og_site_name":"Housse de Canap\u00e9","article_modified_time":"2024-09-17T15:05:50+00:00","og_image":[{"width":880,"height":938,"url":"https:\/\/365-housse.com\/wp-content\/uploads\/2023\/06\/housse-de-chaise-extensible-blanche.png","type":"image\/png"}],"twitter_card":"summary_large_image","twitter_misc":{"Tiempo de lectura":"2 minutos"},"schema":{"@context":"https:\/\/schema.org","@graph":[{"@type":"WebPage","@id":"https:\/\/365-housse.com\/es\/productos\/housse-de-chaise-extensible-blanche\/","url":"https:\/\/365-housse.com\/es\/productos\/housse-de-chaise-extensible-blanche\/","name":"Funda el\u00e1stica para silla blanca en entrega - gratis Ahorra un 30% en tu pedido","isPartOf":{"@id":"https:\/\/365-housse.com\/es\/#website"},"primaryImageOfPage":{"@id":"https:\/\/365-housse.com\/es\/productos\/housse-de-chaise-extensible-blanche\/#primaryimage"},"image":{"@id":"https:\/\/365-housse.com\/es\/productos\/housse-de-chaise-extensible-blanche\/#primaryimage"},"thumbnailUrl":"https:\/\/365-housse.com\/wp-content\/uploads\/2023\/06\/housse-de-chaise-extensible-blanche.jpg","datePublished":"2023-06-12T08:15:25+00:00","dateModified":"2024-09-17T15:05:50+00:00","description":"Recibe tu Funda el\u00e1stica para silla blanca hoy y benef\u00edciate de la entrega - gratuita Env\u00edo en 24\/48h","breadcrumb":{"@id":"https:\/\/365-housse.com\/es\/productos\/housse-de-chaise-extensible-blanche\/#breadcrumb"},"inLanguage":"es","potentialAction":[{"@type":"ReadAction","target":["https:\/\/365-housse.com\/es\/productos\/housse-de-chaise-extensible-blanche\/"]}]},{"@type":"ImageObject","inLanguage":"es","@id":"https:\/\/365-housse.com\/es\/productos\/housse-de-chaise-extensible-blanche\/#primaryimage","url":"https:\/\/365-housse.com\/wp-content\/uploads\/2023\/06\/housse-de-chaise-extensible-blanche.jpg","contentUrl":"https:\/\/365-housse.com\/wp-content\/uploads\/2023\/06\/housse-de-chaise-extensible-blanche.jpg","width":880,"height":938},{"@type":"BreadcrumbList","@id":"https:\/\/365-housse.com\/es\/productos\/housse-de-chaise-extensible-blanche\/#breadcrumb","itemListElement":[{"@type":"ListItem","position":1,"name":"Accueil","item":"https:\/\/365-housse.com\/es\/"},{"@type":"ListItem","position":2,"name":"Tienda","item":"https:\/\/365-housse.com\/es\/tienda\/"},{"@type":"ListItem","position":3,"name":"Funda el\u00e1stica para silla blanca"}]},{"@type":"WebSite","@id":"https:\/\/365-housse.com\/es\/#website","url":"https:\/\/365-housse.com\/es\/","name":"Housse de Canap\u00e9","description":"Le N\u00b01 de la Housse","publisher":{"@id":"https:\/\/365-housse.com\/es\/#organization"},"potentialAction":[{"@type":"SearchAction","target":{"@type":"EntryPoint","urlTemplate":"https:\/\/365-housse.com\/es\/?s={search_term_string}"},"query-input":{"@type":"PropertyValueSpecification","valueRequired":true,"valueName":"search_term_string"}}],"inLanguage":"es"},{"@type":"Organization","@id":"https:\/\/365-housse.com\/es\/#organization","name":"Housse de Canap\u00e9","url":"https:\/\/365-housse.com\/es\/","logo":{"@type":"ImageObject","inLanguage":"es","@id":"https:\/\/365-housse.com\/es\/#\/schema\/logo\/image\/","url":"https:\/\/365-housse.com\/wp-content\/uploads\/2023\/06\/LOGO-400-\u00d7-200-px-392-x-134-px-16.png","contentUrl":"https:\/\/365-housse.com\/wp-content\/uploads\/2023\/06\/LOGO-400-\u00d7-200-px-392-x-134-px-16.png","width":392,"height":134,"caption":"Housse de Canap\u00e9"},"image":{"@id":"https:\/\/365-housse.com\/es\/#\/schema\/logo\/image\/"}}]}},"_links":{"self":[{"href":"https:\/\/365-housse.com\/es\/wp-json\/wp\/v2\/product\/19881"}],"collection":[{"href":"https:\/\/365-housse.com\/es\/wp-json\/wp\/v2\/product"}],"about":[{"href":"https:\/\/365-housse.com\/es\/wp-json\/wp\/v2\/types\/product"}],"replies":[{"embeddable":true,"href":"https:\/\/365-housse.com\/es\/wp-json\/wp\/v2\/comments?post=19881"}],"wp:featuredmedia":[{"embeddable":true,"href":"https:\/\/365-housse.com\/es\/wp-json\/wp\/v2\/media\/16159"}],"wp:attachment":[{"href":"https:\/\/365-housse.com\/es\/wp-json\/wp\/v2\/media?parent=19881"}],"wp:term":[{"taxonomy":"product_cat","embeddable":true,"href":"https:\/\/365-housse.com\/es\/wp-json\/wp\/v2\/product_cat?post=19881"},{"taxonomy":"product_tag","embeddable":true,"href":"https:\/\/365-housse.com\/es\/wp-json\/wp\/v2\/product_tag?post=19881"}],"curies":[{"name":"wp","href":"https:\/\/api.w.org\/{rel}","templated":true}]}}