{"id":19888,"date":"2023-06-12T08:15:18","date_gmt":"2023-06-12T08:15:18","guid":{"rendered":"https:\/\/365-housse.com\/products\/housse-de-chaise-extensible-velours-rouge\/"},"modified":"2024-09-17T15:05:54","modified_gmt":"2024-09-17T15:05:54","slug":"housse-de-chaise-extensible-velours-rouge","status":"publish","type":"product","link":"https:\/\/365-housse.com\/es\/productos\/housse-de-chaise-extensible-velours-rouge\/","title":{"rendered":"Funda de silla el\u00e1stica de terciopelo rojo"},"content":{"rendered":"<h2>Agregue <strong>sofisticaci\u00f3n y estilo<\/strong> a su espacio interior con nuestra funda el\u00e1stica para silla de terciopelo rojo. Suave y c\u00f3modo, est\u00e1 muy de moda.<\/h2>\n<p><span><strong>Ventajas:<\/strong><\/span><\/p>\n<ul>\n<li>\n<p>Aporta un toque de elegancia y dise\u00f1o a tu decoraci\u00f3n interior.<\/p>\n<\/li>\n<li>\n<p>Protege tu silla del desgaste, suciedad, manchas, mascotas, etc.<\/p>\n<\/li>\n<li>\n<p>Se adapta r\u00e1pidamente gracias a las caracter\u00edsticas el\u00e1sticas que se adaptan al 99% de los modelos de sillas.<\/p>\n<\/li>\n<li>\n<p>Fabricado con <strong>textil de alta gama<\/strong>.<\/p>\n<\/li>\n<\/ul>\n<p><span><strong>Caracter\u00edsticas: <\/strong><\/span><\/p>\n<ul>\n<li>\n<p>Material: spandex el\u00e1stico + terciopelo.<\/p>\n<\/li>\n<li>\n<p><strong>Tejido de alta densidad<\/strong> que protege tu silla de manchas inesperadas.<\/p>\n<\/li>\n<li>\n<p><strong>Tecnolog\u00eda de impresi\u00f3n ultraeficiente<\/strong> para una <strong>mejor retenci\u00f3n del color<\/strong> en condiciones de luz y lavado.<\/p>\n<\/li>\n<li>\n<p>F\u00e1cil de poner.<\/p>\n<\/li>\n<li>\n<p>Mant\u00e9n tu silla limpia y en buen estado.<\/p>\n<\/li>\n<li>\n<p>El dise\u00f1o el\u00e1stico proporciona un <strong>ajuste perfecto<\/strong> y un agarre antideslizante.<\/p>\n<\/li>\n<li>\n<p>Lavable a m\u00e1quina.<\/p>\n<\/li>\n<\/ul>\n<p><span><strong>Gu\u00eda de tallas:<\/strong><\/span><\/p>\n<p><img fetchpriority=\"high\" decoding=\"async\" alt=\"guide-cover-size-guide\" height=\"292\" src=\"https:\/\/365-housse.com\/wp-content\/uploads\/2023\/06\/guide-des-chair- tama\u00f1os de portada_480x480.jpg?v=1623508915\" style=\"margin-left: auto;margin-right: auto\" width=\"350\" \/><\/p>\n<div>Nuestras fundas el\u00e1sticas para sillas son universales y pueden adaptarse a muchos modelos de sillas.<\/div>\n<div><\/div>\n<div><img decoding=\"async\" alt=\"\" src=\"https:\/\/365-housse.com\/wp-content\/uploads\/2023\/06\/housse-de-chaise-universelle_480x480.jpg?v=1623509218\" \/><\/div>\n<\/p>\n<h3>NOTA: \u00a1Empiece por ponerse la <strong>funda el\u00e1stica de terciopelo rojo para silla<\/strong> desde atr\u00e1s!\u00a0<\/h3>\n<div><img decoding=\"async\" alt=\"\" src=\"https:\/\/365-housse.com\/wp-content\/uploads\/2023\/06\/installation-housse-de-chaise-extensible_480x480.png?v=1629970522\" \/><\/div>\n","protected":false},"excerpt":{"rendered":"<p>Agregue sofisticaci\u00f3n y estilo a su espacio interior con nuestra funda el\u00e1stica para silla de terciopelo rojo. Suave y c\u00f3modo, est\u00e1 muy de moda. Ventajas: Aporta un toque de elegancia y dise\u00f1o a tu decoraci\u00f3n interior. Protege tu silla del desgaste, suciedad, manchas, mascotas, etc. Se adapta r\u00e1pidamente gracias a las caracter\u00edsticas el\u00e1sticas que se [&hellip;]<\/p>\n","protected":false},"featured_media":16148,"comment_status":"open","ping_status":"closed","template":"","meta":[],"product_cat":[177,161],"product_tag":[212],"class_list":{"0":"post-19888","1":"product","2":"type-product","3":"status-publish","4":"has-post-thumbnail","6":"product_cat-funda-de-silla-extensible","7":"product_cat-portada-interior","8":"product_tag-chaise-es","10":"first","11":"instock","12":"shipping-taxable","13":"purchasable","14":"product-type-simple"},"yoast_head":"<title>Funda de silla el\u00e1stica de terciopelo rojo en entrega - gratis Ahorra un 30% en tu pedido<\/title>\n<meta name=\"description\" content=\"Recibe tu Funda de silla el\u00e1stica de terciopelo rojo hoy y benef\u00edciate de la entrega - gratuita Env\u00edo en 24\/48h\" \/>\n<meta name=\"robots\" content=\"index, follow, max-snippet:-1, max-image-preview:large, max-video-preview:-1\" \/>\n<link rel=\"canonical\" href=\"https:\/\/365-housse.com\/es\/productos\/housse-de-chaise-extensible-velours-rouge\/\" \/>\n<meta property=\"og:locale\" content=\"es_ES\" \/>\n<meta property=\"og:type\" content=\"article\" \/>\n<meta property=\"og:title\" content=\"Funda de silla el\u00e1stica de terciopelo rojo en entrega - gratis Ahorra un 30% en tu pedido\" \/>\n<meta property=\"og:description\" content=\"Recibe tu Funda de silla el\u00e1stica de terciopelo rojo hoy y benef\u00edciate de la entrega - gratuita Env\u00edo en 24\/48h\" \/>\n<meta property=\"og:url\" content=\"https:\/\/365-housse.com\/es\/productos\/housse-de-chaise-extensible-velours-rouge\/\" \/>\n<meta property=\"og:site_name\" content=\"Housse de Canap\u00e9\" \/>\n<meta property=\"article:modified_time\" content=\"2024-09-17T15:05:54+00:00\" \/>\n<meta property=\"og:image\" content=\"https:\/\/365-housse.com\/wp-content\/uploads\/2023\/06\/housse-de-chaise-extensible-velours-rouge.png\" \/>\n\t<meta property=\"og:image:width\" content=\"884\" \/>\n\t<meta property=\"og:image:height\" content=\"940\" \/>\n\t<meta property=\"og:image:type\" content=\"image\/png\" \/>\n<meta name=\"twitter:card\" content=\"summary_large_image\" \/>\n<meta name=\"twitter:label1\" content=\"Tiempo de lectura\" \/>\n\t<meta name=\"twitter:data1\" content=\"1 minuto\" \/>\n<script type=\"application\/ld+json\" class=\"yoast-schema-graph\">{\"@context\":\"https:\/\/schema.org\",\"@graph\":[{\"@type\":\"WebPage\",\"@id\":\"https:\/\/365-housse.com\/es\/productos\/housse-de-chaise-extensible-velours-rouge\/\",\"url\":\"https:\/\/365-housse.com\/es\/productos\/housse-de-chaise-extensible-velours-rouge\/\",\"name\":\"Funda de silla el\u00e1stica de terciopelo rojo en entrega - gratis Ahorra un 30% en tu pedido\",\"isPartOf\":{\"@id\":\"https:\/\/365-housse.com\/es\/#website\"},\"primaryImageOfPage\":{\"@id\":\"https:\/\/365-housse.com\/es\/productos\/housse-de-chaise-extensible-velours-rouge\/#primaryimage\"},\"image\":{\"@id\":\"https:\/\/365-housse.com\/es\/productos\/housse-de-chaise-extensible-velours-rouge\/#primaryimage\"},\"thumbnailUrl\":\"https:\/\/365-housse.com\/wp-content\/uploads\/2023\/06\/housse-de-chaise-extensible-velours-rouge.jpg\",\"datePublished\":\"2023-06-12T08:15:18+00:00\",\"dateModified\":\"2024-09-17T15:05:54+00:00\",\"description\":\"Recibe tu Funda de silla el\u00e1stica de terciopelo rojo hoy y benef\u00edciate de la entrega - gratuita Env\u00edo en 24\/48h\",\"breadcrumb\":{\"@id\":\"https:\/\/365-housse.com\/es\/productos\/housse-de-chaise-extensible-velours-rouge\/#breadcrumb\"},\"inLanguage\":\"es\",\"potentialAction\":[{\"@type\":\"ReadAction\",\"target\":[\"https:\/\/365-housse.com\/es\/productos\/housse-de-chaise-extensible-velours-rouge\/\"]}]},{\"@type\":\"ImageObject\",\"inLanguage\":\"es\",\"@id\":\"https:\/\/365-housse.com\/es\/productos\/housse-de-chaise-extensible-velours-rouge\/#primaryimage\",\"url\":\"https:\/\/365-housse.com\/wp-content\/uploads\/2023\/06\/housse-de-chaise-extensible-velours-rouge.jpg\",\"contentUrl\":\"https:\/\/365-housse.com\/wp-content\/uploads\/2023\/06\/housse-de-chaise-extensible-velours-rouge.jpg\",\"width\":884,\"height\":940},{\"@type\":\"BreadcrumbList\",\"@id\":\"https:\/\/365-housse.com\/es\/productos\/housse-de-chaise-extensible-velours-rouge\/#breadcrumb\",\"itemListElement\":[{\"@type\":\"ListItem\",\"position\":1,\"name\":\"Accueil\",\"item\":\"https:\/\/365-housse.com\/es\/\"},{\"@type\":\"ListItem\",\"position\":2,\"name\":\"Tienda\",\"item\":\"https:\/\/365-housse.com\/es\/tienda\/\"},{\"@type\":\"ListItem\",\"position\":3,\"name\":\"Funda de silla el\u00e1stica de terciopelo rojo\"}]},{\"@type\":\"WebSite\",\"@id\":\"https:\/\/365-housse.com\/es\/#website\",\"url\":\"https:\/\/365-housse.com\/es\/\",\"name\":\"Housse de Canap\u00e9\",\"description\":\"Le N\u00b01 de la Housse\",\"publisher\":{\"@id\":\"https:\/\/365-housse.com\/es\/#organization\"},\"potentialAction\":[{\"@type\":\"SearchAction\",\"target\":{\"@type\":\"EntryPoint\",\"urlTemplate\":\"https:\/\/365-housse.com\/es\/?s={search_term_string}\"},\"query-input\":{\"@type\":\"PropertyValueSpecification\",\"valueRequired\":true,\"valueName\":\"search_term_string\"}}],\"inLanguage\":\"es\"},{\"@type\":\"Organization\",\"@id\":\"https:\/\/365-housse.com\/es\/#organization\",\"name\":\"Housse de Canap\u00e9\",\"url\":\"https:\/\/365-housse.com\/es\/\",\"logo\":{\"@type\":\"ImageObject\",\"inLanguage\":\"es\",\"@id\":\"https:\/\/365-housse.com\/es\/#\/schema\/logo\/image\/\",\"url\":\"https:\/\/365-housse.com\/wp-content\/uploads\/2023\/06\/LOGO-400-\u00d7-200-px-392-x-134-px-16.png\",\"contentUrl\":\"https:\/\/365-housse.com\/wp-content\/uploads\/2023\/06\/LOGO-400-\u00d7-200-px-392-x-134-px-16.png\",\"width\":392,\"height\":134,\"caption\":\"Housse de Canap\u00e9\"},\"image\":{\"@id\":\"https:\/\/365-housse.com\/es\/#\/schema\/logo\/image\/\"}}]}<\/script>","yoast_head_json":{"title":"Funda de silla el\u00e1stica de terciopelo rojo en entrega - gratis Ahorra un 30% en tu pedido","description":"Recibe tu Funda de silla el\u00e1stica de terciopelo rojo hoy y benef\u00edciate de la entrega - gratuita Env\u00edo en 24\/48h","robots":{"index":"index","follow":"follow","max-snippet":"max-snippet:-1","max-image-preview":"max-image-preview:large","max-video-preview":"max-video-preview:-1"},"canonical":"https:\/\/365-housse.com\/es\/productos\/housse-de-chaise-extensible-velours-rouge\/","og_locale":"es_ES","og_type":"article","og_title":"Funda de silla el\u00e1stica de terciopelo rojo en entrega - gratis Ahorra un 30% en tu pedido","og_description":"Recibe tu Funda de silla el\u00e1stica de terciopelo rojo hoy y benef\u00edciate de la entrega - gratuita Env\u00edo en 24\/48h","og_url":"https:\/\/365-housse.com\/es\/productos\/housse-de-chaise-extensible-velours-rouge\/","og_site_name":"Housse de Canap\u00e9","article_modified_time":"2024-09-17T15:05:54+00:00","og_image":[{"width":884,"height":940,"url":"https:\/\/365-housse.com\/wp-content\/uploads\/2023\/06\/housse-de-chaise-extensible-velours-rouge.png","type":"image\/png"}],"twitter_card":"summary_large_image","twitter_misc":{"Tiempo de lectura":"1 minuto"},"schema":{"@context":"https:\/\/schema.org","@graph":[{"@type":"WebPage","@id":"https:\/\/365-housse.com\/es\/productos\/housse-de-chaise-extensible-velours-rouge\/","url":"https:\/\/365-housse.com\/es\/productos\/housse-de-chaise-extensible-velours-rouge\/","name":"Funda de silla el\u00e1stica de terciopelo rojo en entrega - gratis Ahorra un 30% en tu pedido","isPartOf":{"@id":"https:\/\/365-housse.com\/es\/#website"},"primaryImageOfPage":{"@id":"https:\/\/365-housse.com\/es\/productos\/housse-de-chaise-extensible-velours-rouge\/#primaryimage"},"image":{"@id":"https:\/\/365-housse.com\/es\/productos\/housse-de-chaise-extensible-velours-rouge\/#primaryimage"},"thumbnailUrl":"https:\/\/365-housse.com\/wp-content\/uploads\/2023\/06\/housse-de-chaise-extensible-velours-rouge.jpg","datePublished":"2023-06-12T08:15:18+00:00","dateModified":"2024-09-17T15:05:54+00:00","description":"Recibe tu Funda de silla el\u00e1stica de terciopelo rojo hoy y benef\u00edciate de la entrega - gratuita Env\u00edo en 24\/48h","breadcrumb":{"@id":"https:\/\/365-housse.com\/es\/productos\/housse-de-chaise-extensible-velours-rouge\/#breadcrumb"},"inLanguage":"es","potentialAction":[{"@type":"ReadAction","target":["https:\/\/365-housse.com\/es\/productos\/housse-de-chaise-extensible-velours-rouge\/"]}]},{"@type":"ImageObject","inLanguage":"es","@id":"https:\/\/365-housse.com\/es\/productos\/housse-de-chaise-extensible-velours-rouge\/#primaryimage","url":"https:\/\/365-housse.com\/wp-content\/uploads\/2023\/06\/housse-de-chaise-extensible-velours-rouge.jpg","contentUrl":"https:\/\/365-housse.com\/wp-content\/uploads\/2023\/06\/housse-de-chaise-extensible-velours-rouge.jpg","width":884,"height":940},{"@type":"BreadcrumbList","@id":"https:\/\/365-housse.com\/es\/productos\/housse-de-chaise-extensible-velours-rouge\/#breadcrumb","itemListElement":[{"@type":"ListItem","position":1,"name":"Accueil","item":"https:\/\/365-housse.com\/es\/"},{"@type":"ListItem","position":2,"name":"Tienda","item":"https:\/\/365-housse.com\/es\/tienda\/"},{"@type":"ListItem","position":3,"name":"Funda de silla el\u00e1stica de terciopelo rojo"}]},{"@type":"WebSite","@id":"https:\/\/365-housse.com\/es\/#website","url":"https:\/\/365-housse.com\/es\/","name":"Housse de Canap\u00e9","description":"Le N\u00b01 de la Housse","publisher":{"@id":"https:\/\/365-housse.com\/es\/#organization"},"potentialAction":[{"@type":"SearchAction","target":{"@type":"EntryPoint","urlTemplate":"https:\/\/365-housse.com\/es\/?s={search_term_string}"},"query-input":{"@type":"PropertyValueSpecification","valueRequired":true,"valueName":"search_term_string"}}],"inLanguage":"es"},{"@type":"Organization","@id":"https:\/\/365-housse.com\/es\/#organization","name":"Housse de Canap\u00e9","url":"https:\/\/365-housse.com\/es\/","logo":{"@type":"ImageObject","inLanguage":"es","@id":"https:\/\/365-housse.com\/es\/#\/schema\/logo\/image\/","url":"https:\/\/365-housse.com\/wp-content\/uploads\/2023\/06\/LOGO-400-\u00d7-200-px-392-x-134-px-16.png","contentUrl":"https:\/\/365-housse.com\/wp-content\/uploads\/2023\/06\/LOGO-400-\u00d7-200-px-392-x-134-px-16.png","width":392,"height":134,"caption":"Housse de Canap\u00e9"},"image":{"@id":"https:\/\/365-housse.com\/es\/#\/schema\/logo\/image\/"}}]}},"_links":{"self":[{"href":"https:\/\/365-housse.com\/es\/wp-json\/wp\/v2\/product\/19888"}],"collection":[{"href":"https:\/\/365-housse.com\/es\/wp-json\/wp\/v2\/product"}],"about":[{"href":"https:\/\/365-housse.com\/es\/wp-json\/wp\/v2\/types\/product"}],"replies":[{"embeddable":true,"href":"https:\/\/365-housse.com\/es\/wp-json\/wp\/v2\/comments?post=19888"}],"wp:featuredmedia":[{"embeddable":true,"href":"https:\/\/365-housse.com\/es\/wp-json\/wp\/v2\/media\/16148"}],"wp:attachment":[{"href":"https:\/\/365-housse.com\/es\/wp-json\/wp\/v2\/media?parent=19888"}],"wp:term":[{"taxonomy":"product_cat","embeddable":true,"href":"https:\/\/365-housse.com\/es\/wp-json\/wp\/v2\/product_cat?post=19888"},{"taxonomy":"product_tag","embeddable":true,"href":"https:\/\/365-housse.com\/es\/wp-json\/wp\/v2\/product_tag?post=19888"}],"curies":[{"name":"wp","href":"https:\/\/api.w.org\/{rel}","templated":true}]}}