{"id":19895,"date":"2023-06-12T08:15:15","date_gmt":"2023-06-12T08:15:15","guid":{"rendered":"https:\/\/365-housse.com\/products\/housse-de-chaise-extensible-rose-fushia\/"},"modified":"2024-09-17T15:05:55","modified_gmt":"2024-09-17T15:05:55","slug":"housse-de-chaise-extensible-rose-fushia","status":"publish","type":"product","link":"https:\/\/365-housse.com\/es\/productos\/housse-de-chaise-extensible-rose-fushia\/","title":{"rendered":"Funda el\u00e1stica para silla rosa fucsia"},"content":{"rendered":"<h2>\u00a1Dale a tu espacio interior un aspecto \u00fanico y colorido con la <strong>funda el\u00e1stica para silla rosa fucsia<\/strong>!<\/h2>\n<p><span><strong>Ventajas:<\/strong><\/span><\/p>\n<ul>\n<li>\n<p>A\u00f1ade <strong>un toque de elegancia y estilo<\/strong> a tu hogar<\/p>\n<\/li>\n<li>\n<p>Ofrece una <strong>protecci\u00f3n \u00f3ptima<\/strong> contra el desgaste, suciedad, manchas, mascotas,&#8230;<\/p>\n<\/li>\n<li>\n<p>Nuestras fundas para sillas est\u00e1n dise\u00f1adas con un<span> <\/span><strong>tejido el\u00e1stico<\/strong><span> <\/span>que se adapta al 99% de los modelos de sillas en tan solo unos segundos<\/ p><\/li>\n<li>\n<p>Hecho de <strong>textil de primera calidad<\/strong><\/p>\n<\/li>\n<\/ul>\n<p><span><strong>Caracter\u00edsticas:<\/strong><\/span><\/p>\n<ul>\n<li>\n<p>Material: 8% Elastano + 92% Poli\u00e9ster<\/p>\n<\/li>\n<li>\n<p><strong>Tejido de alta densidad<\/strong> para mayor protecci\u00f3n<\/p>\n<\/li>\n<li>\n<p><strong>Impresi\u00f3n de calidad excepcional<\/strong> para una mejor resistencia al color y al lavado<\/p>\n<\/li>\n<li>\n<p><strong>F\u00e1cil de configurar<\/strong><\/p>\n<\/li>\n<li>\n<p>Mant\u00e9n tu silla limpia y en buen estado<\/p>\n<\/li>\n<li>\n<p>El dise\u00f1o de borde el\u00e1stico proporciona un <strong>ajuste perfecto<\/strong> y un agarre antideslizante<\/p>\n<\/li>\n<li>\n<p>Lavable a m\u00e1quina<\/p>\n<\/li>\n<\/ul>\n<p><span><strong>Gu\u00eda de tallas:<\/strong><\/span><\/p>\n<p><img fetchpriority=\"high\" decoding=\"async\" alt=\"guide-cover-size-guide\" height=\"292\" src=\"https:\/\/365-housse.com\/wp-content\/uploads\/2023\/06\/guide-des-chair- tama\u00f1os de portada_480x480.jpg?v=1623508915\" style=\"margin-left: auto;margin-right: auto\" width=\"350\" \/><\/p>\n<div>Nuestras fundas el\u00e1sticas para sillas se adaptan a muchos modelos de sillas<\/div>\n<div><\/div>\n<div><img decoding=\"async\" alt=\"\" src=\"https:\/\/365-housse.com\/wp-content\/uploads\/2023\/06\/housse-de-chaise-universelle_480x480.jpg?v=1623509218\" \/><\/div>\n<\/p>\n<h3>NOTA: \u00a1Empiece por colocar la<strong><\/strong>funda el\u00e1stica para silla rosa fucsia desde la parte posterior!\u00a0<\/h3>\n<div><img decoding=\"async\" alt=\"\" src=\"https:\/\/365-housse.com\/wp-content\/uploads\/2023\/06\/installation-housse-de-chaise-extensible_480x480.png?v=1629970522\" \/><\/div>\n<h2>\u00a1Dale a tu interior un aspecto \u00fanico y colorido con la <strong>funda el\u00e1stica para silla rosa fucsia<\/strong>!<\/h2>\n<p><span><strong>Beneficios:<\/strong><\/span><\/p>\n<ul>\n<li>\n<p>Aporta <strong>un toque de elegancia y dise\u00f1o<\/strong> a tu interior<\/p>\n<\/li>\n<li>\n<p>Ofrece una <strong>protecci\u00f3n \u00f3ptima<\/strong> contra el desgaste, suciedad, manchas, mascotas,&#8230;<\/p>\n<\/li>\n<li>\n<p>La tela el\u00e1stica se adapta al 99% de las sillas en segundos<\/p>\n<\/li>\n<li>\n<p>Hecho de un <strong>textil de primera calidad<\/strong><\/p>\n<\/li>\n<\/ul>\n<p><span><strong>Caracter\u00edsticas: <\/strong><\/span><\/p>\n<ul>\n<li>\n<p>Material: 8% Elastano (material el\u00e1stico) + 92% Poli\u00e9ster<\/p>\n<\/li>\n<li>\n<p><strong>Tejido de alta densidad<\/strong> protege tu silla de manchas inesperadas<\/p>\n<\/li>\n<li>\n<p><strong>Impresi\u00f3n de alto rendimiento<\/strong> para una mejor resistencia del color a la luz y al lavado<\/p>\n<\/li>\n<li>\n<p><strong>F\u00e1cil de instalar<\/strong><\/p>\n<\/li>\n<li>\n<p>Mant\u00e9n tu silla limpia y en buen estado<\/p>\n<\/li>\n<li>\n<p>El dise\u00f1o de banda el\u00e1stica proporciona un <strong>ajuste perfecto<\/strong>\u00a0y un agarre antideslizante<\/p>\n<\/li>\n<li>\n<p>Lavable a m\u00e1quina<\/p>\n<\/li>\n<\/ul>\n<p><span><strong>Gu\u00eda de tallas:<\/strong><\/span><\/p>\n<p><img fetchpriority=\"high\" decoding=\"async\" alt=\"guide-cover-size-guide\" height=\"292\" src=\"https:\/\/365-housse.com\/wp-content\/uploads\/2023\/06\/guide-des-chair- tama\u00f1os de portada_480x480.jpg?v=1623508915\" style=\"margin-left: auto;margin-right: auto\" width=\"350\" \/><\/p>\n<div>Nuestras fundas el\u00e1sticas para sillas son de tama\u00f1o universal y se adaptan a muchas sillas<\/div>\n<div><\/div>\n<div><img decoding=\"async\" alt=\"\" src=\"https:\/\/365-housse.com\/wp-content\/uploads\/2023\/06\/housse-de-chaise-universelle_480x480.jpg?v=1623509218\" \/><\/div>\n<\/p>\n<h3>NOTA: \u00a1Empiece por colocar la <strong><\/strong>funda el\u00e1stica para silla rosa fucsia desde la parte posterior!\u00a0<\/h3>\n<div><img decoding=\"async\" alt=\"\" src=\"https:\/\/365-housse.com\/wp-content\/uploads\/2023\/06\/installation-housse-de-chaise-extensible_480x480.png?v=1629970522\" \/><\/div>\n","protected":false},"excerpt":{"rendered":"<p>\u00a1Dale a tu espacio interior un aspecto \u00fanico y colorido con la funda el\u00e1stica para silla rosa fucsia! Ventajas: A\u00f1ade un toque de elegancia y estilo a tu hogar Ofrece una protecci\u00f3n \u00f3ptima contra el desgaste, suciedad, manchas, mascotas,&#8230; Nuestras fundas para sillas est\u00e1n dise\u00f1adas con un tejido el\u00e1stico que se adapta al 99% de [&hellip;]<\/p>\n","protected":false},"featured_media":16146,"comment_status":"open","ping_status":"closed","template":"","meta":[],"product_cat":[177,161],"product_tag":[212],"class_list":{"0":"post-19895","1":"product","2":"type-product","3":"status-publish","4":"has-post-thumbnail","6":"product_cat-funda-de-silla-extensible","7":"product_cat-portada-interior","8":"product_tag-chaise-es","10":"first","11":"instock","12":"shipping-taxable","13":"purchasable","14":"product-type-simple"},"yoast_head":"<title>Funda el\u00e1stica para silla rosa fucsia en entrega - gratis Ahorra un 30% en tu pedido<\/title>\n<meta name=\"description\" content=\"Recibe tu Funda el\u00e1stica para silla rosa fucsia hoy y benef\u00edciate de la entrega - gratuita Env\u00edo en 24\/48h\" \/>\n<meta name=\"robots\" content=\"index, follow, max-snippet:-1, max-image-preview:large, max-video-preview:-1\" \/>\n<link rel=\"canonical\" href=\"https:\/\/365-housse.com\/es\/productos\/housse-de-chaise-extensible-rose-fushia\/\" \/>\n<meta property=\"og:locale\" content=\"es_ES\" \/>\n<meta property=\"og:type\" content=\"article\" \/>\n<meta property=\"og:title\" content=\"Funda el\u00e1stica para silla rosa fucsia en entrega - gratis Ahorra un 30% en tu pedido\" \/>\n<meta property=\"og:description\" content=\"Recibe tu Funda el\u00e1stica para silla rosa fucsia hoy y benef\u00edciate de la entrega - gratuita Env\u00edo en 24\/48h\" \/>\n<meta property=\"og:url\" content=\"https:\/\/365-housse.com\/es\/productos\/housse-de-chaise-extensible-rose-fushia\/\" \/>\n<meta property=\"og:site_name\" content=\"Housse de Canap\u00e9\" \/>\n<meta property=\"article:modified_time\" content=\"2024-09-17T15:05:55+00:00\" \/>\n<meta property=\"og:image\" content=\"https:\/\/365-housse.com\/wp-content\/uploads\/2023\/06\/housse-de-chaise-extensible-rose-fushia.png\" \/>\n\t<meta property=\"og:image:width\" content=\"870\" \/>\n\t<meta property=\"og:image:height\" content=\"924\" \/>\n\t<meta property=\"og:image:type\" content=\"image\/png\" \/>\n<meta name=\"twitter:card\" content=\"summary_large_image\" \/>\n<meta name=\"twitter:label1\" content=\"Tiempo de lectura\" \/>\n\t<meta name=\"twitter:data1\" content=\"2 minutos\" \/>\n<script type=\"application\/ld+json\" class=\"yoast-schema-graph\">{\"@context\":\"https:\/\/schema.org\",\"@graph\":[{\"@type\":\"WebPage\",\"@id\":\"https:\/\/365-housse.com\/es\/productos\/housse-de-chaise-extensible-rose-fushia\/\",\"url\":\"https:\/\/365-housse.com\/es\/productos\/housse-de-chaise-extensible-rose-fushia\/\",\"name\":\"Funda el\u00e1stica para silla rosa fucsia en entrega - gratis Ahorra un 30% en tu pedido\",\"isPartOf\":{\"@id\":\"https:\/\/365-housse.com\/es\/#website\"},\"primaryImageOfPage\":{\"@id\":\"https:\/\/365-housse.com\/es\/productos\/housse-de-chaise-extensible-rose-fushia\/#primaryimage\"},\"image\":{\"@id\":\"https:\/\/365-housse.com\/es\/productos\/housse-de-chaise-extensible-rose-fushia\/#primaryimage\"},\"thumbnailUrl\":\"https:\/\/365-housse.com\/wp-content\/uploads\/2023\/06\/housse-de-chaise-extensible-rose-fushia.jpg\",\"datePublished\":\"2023-06-12T08:15:15+00:00\",\"dateModified\":\"2024-09-17T15:05:55+00:00\",\"description\":\"Recibe tu Funda el\u00e1stica para silla rosa fucsia hoy y benef\u00edciate de la entrega - gratuita Env\u00edo en 24\/48h\",\"breadcrumb\":{\"@id\":\"https:\/\/365-housse.com\/es\/productos\/housse-de-chaise-extensible-rose-fushia\/#breadcrumb\"},\"inLanguage\":\"es\",\"potentialAction\":[{\"@type\":\"ReadAction\",\"target\":[\"https:\/\/365-housse.com\/es\/productos\/housse-de-chaise-extensible-rose-fushia\/\"]}]},{\"@type\":\"ImageObject\",\"inLanguage\":\"es\",\"@id\":\"https:\/\/365-housse.com\/es\/productos\/housse-de-chaise-extensible-rose-fushia\/#primaryimage\",\"url\":\"https:\/\/365-housse.com\/wp-content\/uploads\/2023\/06\/housse-de-chaise-extensible-rose-fushia.jpg\",\"contentUrl\":\"https:\/\/365-housse.com\/wp-content\/uploads\/2023\/06\/housse-de-chaise-extensible-rose-fushia.jpg\",\"width\":870,\"height\":924},{\"@type\":\"BreadcrumbList\",\"@id\":\"https:\/\/365-housse.com\/es\/productos\/housse-de-chaise-extensible-rose-fushia\/#breadcrumb\",\"itemListElement\":[{\"@type\":\"ListItem\",\"position\":1,\"name\":\"Accueil\",\"item\":\"https:\/\/365-housse.com\/es\/\"},{\"@type\":\"ListItem\",\"position\":2,\"name\":\"Tienda\",\"item\":\"https:\/\/365-housse.com\/es\/tienda\/\"},{\"@type\":\"ListItem\",\"position\":3,\"name\":\"Funda el\u00e1stica para silla rosa fucsia\"}]},{\"@type\":\"WebSite\",\"@id\":\"https:\/\/365-housse.com\/es\/#website\",\"url\":\"https:\/\/365-housse.com\/es\/\",\"name\":\"Housse de Canap\u00e9\",\"description\":\"Le N\u00b01 de la Housse\",\"publisher\":{\"@id\":\"https:\/\/365-housse.com\/es\/#organization\"},\"potentialAction\":[{\"@type\":\"SearchAction\",\"target\":{\"@type\":\"EntryPoint\",\"urlTemplate\":\"https:\/\/365-housse.com\/es\/?s={search_term_string}\"},\"query-input\":{\"@type\":\"PropertyValueSpecification\",\"valueRequired\":true,\"valueName\":\"search_term_string\"}}],\"inLanguage\":\"es\"},{\"@type\":\"Organization\",\"@id\":\"https:\/\/365-housse.com\/es\/#organization\",\"name\":\"Housse de Canap\u00e9\",\"url\":\"https:\/\/365-housse.com\/es\/\",\"logo\":{\"@type\":\"ImageObject\",\"inLanguage\":\"es\",\"@id\":\"https:\/\/365-housse.com\/es\/#\/schema\/logo\/image\/\",\"url\":\"https:\/\/365-housse.com\/wp-content\/uploads\/2023\/06\/LOGO-400-\u00d7-200-px-392-x-134-px-16.png\",\"contentUrl\":\"https:\/\/365-housse.com\/wp-content\/uploads\/2023\/06\/LOGO-400-\u00d7-200-px-392-x-134-px-16.png\",\"width\":392,\"height\":134,\"caption\":\"Housse de Canap\u00e9\"},\"image\":{\"@id\":\"https:\/\/365-housse.com\/es\/#\/schema\/logo\/image\/\"}}]}<\/script>","yoast_head_json":{"title":"Funda el\u00e1stica para silla rosa fucsia en entrega - gratis Ahorra un 30% en tu pedido","description":"Recibe tu Funda el\u00e1stica para silla rosa fucsia hoy y benef\u00edciate de la entrega - gratuita Env\u00edo en 24\/48h","robots":{"index":"index","follow":"follow","max-snippet":"max-snippet:-1","max-image-preview":"max-image-preview:large","max-video-preview":"max-video-preview:-1"},"canonical":"https:\/\/365-housse.com\/es\/productos\/housse-de-chaise-extensible-rose-fushia\/","og_locale":"es_ES","og_type":"article","og_title":"Funda el\u00e1stica para silla rosa fucsia en entrega - gratis Ahorra un 30% en tu pedido","og_description":"Recibe tu Funda el\u00e1stica para silla rosa fucsia hoy y benef\u00edciate de la entrega - gratuita Env\u00edo en 24\/48h","og_url":"https:\/\/365-housse.com\/es\/productos\/housse-de-chaise-extensible-rose-fushia\/","og_site_name":"Housse de Canap\u00e9","article_modified_time":"2024-09-17T15:05:55+00:00","og_image":[{"width":870,"height":924,"url":"https:\/\/365-housse.com\/wp-content\/uploads\/2023\/06\/housse-de-chaise-extensible-rose-fushia.png","type":"image\/png"}],"twitter_card":"summary_large_image","twitter_misc":{"Tiempo de lectura":"2 minutos"},"schema":{"@context":"https:\/\/schema.org","@graph":[{"@type":"WebPage","@id":"https:\/\/365-housse.com\/es\/productos\/housse-de-chaise-extensible-rose-fushia\/","url":"https:\/\/365-housse.com\/es\/productos\/housse-de-chaise-extensible-rose-fushia\/","name":"Funda el\u00e1stica para silla rosa fucsia en entrega - gratis Ahorra un 30% en tu pedido","isPartOf":{"@id":"https:\/\/365-housse.com\/es\/#website"},"primaryImageOfPage":{"@id":"https:\/\/365-housse.com\/es\/productos\/housse-de-chaise-extensible-rose-fushia\/#primaryimage"},"image":{"@id":"https:\/\/365-housse.com\/es\/productos\/housse-de-chaise-extensible-rose-fushia\/#primaryimage"},"thumbnailUrl":"https:\/\/365-housse.com\/wp-content\/uploads\/2023\/06\/housse-de-chaise-extensible-rose-fushia.jpg","datePublished":"2023-06-12T08:15:15+00:00","dateModified":"2024-09-17T15:05:55+00:00","description":"Recibe tu Funda el\u00e1stica para silla rosa fucsia hoy y benef\u00edciate de la entrega - gratuita Env\u00edo en 24\/48h","breadcrumb":{"@id":"https:\/\/365-housse.com\/es\/productos\/housse-de-chaise-extensible-rose-fushia\/#breadcrumb"},"inLanguage":"es","potentialAction":[{"@type":"ReadAction","target":["https:\/\/365-housse.com\/es\/productos\/housse-de-chaise-extensible-rose-fushia\/"]}]},{"@type":"ImageObject","inLanguage":"es","@id":"https:\/\/365-housse.com\/es\/productos\/housse-de-chaise-extensible-rose-fushia\/#primaryimage","url":"https:\/\/365-housse.com\/wp-content\/uploads\/2023\/06\/housse-de-chaise-extensible-rose-fushia.jpg","contentUrl":"https:\/\/365-housse.com\/wp-content\/uploads\/2023\/06\/housse-de-chaise-extensible-rose-fushia.jpg","width":870,"height":924},{"@type":"BreadcrumbList","@id":"https:\/\/365-housse.com\/es\/productos\/housse-de-chaise-extensible-rose-fushia\/#breadcrumb","itemListElement":[{"@type":"ListItem","position":1,"name":"Accueil","item":"https:\/\/365-housse.com\/es\/"},{"@type":"ListItem","position":2,"name":"Tienda","item":"https:\/\/365-housse.com\/es\/tienda\/"},{"@type":"ListItem","position":3,"name":"Funda el\u00e1stica para silla rosa fucsia"}]},{"@type":"WebSite","@id":"https:\/\/365-housse.com\/es\/#website","url":"https:\/\/365-housse.com\/es\/","name":"Housse de Canap\u00e9","description":"Le N\u00b01 de la Housse","publisher":{"@id":"https:\/\/365-housse.com\/es\/#organization"},"potentialAction":[{"@type":"SearchAction","target":{"@type":"EntryPoint","urlTemplate":"https:\/\/365-housse.com\/es\/?s={search_term_string}"},"query-input":{"@type":"PropertyValueSpecification","valueRequired":true,"valueName":"search_term_string"}}],"inLanguage":"es"},{"@type":"Organization","@id":"https:\/\/365-housse.com\/es\/#organization","name":"Housse de Canap\u00e9","url":"https:\/\/365-housse.com\/es\/","logo":{"@type":"ImageObject","inLanguage":"es","@id":"https:\/\/365-housse.com\/es\/#\/schema\/logo\/image\/","url":"https:\/\/365-housse.com\/wp-content\/uploads\/2023\/06\/LOGO-400-\u00d7-200-px-392-x-134-px-16.png","contentUrl":"https:\/\/365-housse.com\/wp-content\/uploads\/2023\/06\/LOGO-400-\u00d7-200-px-392-x-134-px-16.png","width":392,"height":134,"caption":"Housse de Canap\u00e9"},"image":{"@id":"https:\/\/365-housse.com\/es\/#\/schema\/logo\/image\/"}}]}},"_links":{"self":[{"href":"https:\/\/365-housse.com\/es\/wp-json\/wp\/v2\/product\/19895"}],"collection":[{"href":"https:\/\/365-housse.com\/es\/wp-json\/wp\/v2\/product"}],"about":[{"href":"https:\/\/365-housse.com\/es\/wp-json\/wp\/v2\/types\/product"}],"replies":[{"embeddable":true,"href":"https:\/\/365-housse.com\/es\/wp-json\/wp\/v2\/comments?post=19895"}],"wp:featuredmedia":[{"embeddable":true,"href":"https:\/\/365-housse.com\/es\/wp-json\/wp\/v2\/media\/16146"}],"wp:attachment":[{"href":"https:\/\/365-housse.com\/es\/wp-json\/wp\/v2\/media?parent=19895"}],"wp:term":[{"taxonomy":"product_cat","embeddable":true,"href":"https:\/\/365-housse.com\/es\/wp-json\/wp\/v2\/product_cat?post=19895"},{"taxonomy":"product_tag","embeddable":true,"href":"https:\/\/365-housse.com\/es\/wp-json\/wp\/v2\/product_tag?post=19895"}],"curies":[{"name":"wp","href":"https:\/\/api.w.org\/{rel}","templated":true}]}}