{"id":19929,"date":"2023-06-12T08:12:52","date_gmt":"2023-06-12T08:12:52","guid":{"rendered":"https:\/\/365-housse.com\/products\/housse-de-chaise-fleurie-bleue\/"},"modified":"2024-09-17T15:06:20","modified_gmt":"2024-09-17T15:06:20","slug":"housse-de-chaise-fleurie-bleue","status":"publish","type":"product","link":"https:\/\/365-housse.com\/es\/productos\/housse-de-chaise-fleurie-bleue\/","title":{"rendered":"Funda de silla Flor Azul"},"content":{"rendered":"<h2>Agregue un toque de suavidad y comodidad a su interior con la funda para silla Blue Flower. Una buena mezcla para armonizar tu decoraci\u00f3n interior.<\/h2>\n<h3>Crea un ambiente acogedor con la funda de silla floral azul:<\/h3>\n<ul>\n<li>Aporta una <strong>nota de refinamiento<\/strong> y <strong>estilo<\/strong> a tu decoraci\u00f3n interior<\/li>\n<li>La funda de la silla ofrece una <strong>protecci\u00f3n \u00f3ptima<\/strong> contra el desgaste, suciedad, manchas, mascotas,&#8230;<\/li>\n<li>Se adapta en <strong>unos segundos<\/strong>, <span data-mce-fragment=\"1\">nuestras fundas protectoras est\u00e1n equipadas con un material el\u00e1stico que les permite adaptarse perfectamente al <strong>99% de las modelos de sillas<\/strong><\/span><\/li>\n<li><span data-mce-fragment=\"1\"><strong>Tejido de primera calidad<\/strong><\/span><\/li>\n<\/ul>\n<p><span><strong>Caracter\u00edsticas: <\/strong><\/span><\/p>\n<ul>\n<li><span>Material: <\/span><span>8<\/span><span>% spandex (material el\u00e1stico) + 92% <\/span><span>poli\u00e9ster<\/span><\/li>\n<li><span>La tela de alta densidad protege tu silla de manchas inesperadas<\/span><\/li>\n<li><span><strong>tecnolog\u00eda de impresi\u00f3n de ultra rendimiento<\/strong> para un color m\u00e1s duradero en condiciones de luz y lavado<\/span><\/li>\n<li><span>F\u00e1cil de instalar<\/span><\/li>\n<li><span data-mce-fragment=\"1\">Mant\u00e9n tu silla limpia y en buenas condiciones<\/span><\/li>\n<li><span data-mce-fragment=\"1\">El dise\u00f1o de banda el\u00e1stica proporciona un ajuste c\u00f3modo y un agarre antideslizante<\/span><\/li>\n<li>Lavar a m\u00e1quina<\/li>\n<\/ul>\n<p><span><strong>Gu\u00eda de tallas:<\/strong><\/span><\/p>\n<p><img fetchpriority=\"high\" decoding=\"async\" alt=\"guide-cover-size-guide\" height=\"292\" src=\"https:\/\/365-housse.com\/wp-content\/uploads\/2023\/06\/guide-des-chair- tama\u00f1os de portada_480x480.jpg?v=1623508915\" style=\"margin-left: auto;margin-right: auto\" width=\"350\" \/><\/p>\n<div>Nuestras fundas para sillas son universales y se adaptan a la mayor\u00eda de sillas<\/div>\n<div><\/div>\n<div><img decoding=\"async\" alt=\"\" src=\"https:\/\/365-housse.com\/wp-content\/uploads\/2023\/06\/housse-de-chaise-universelle_480x480.jpg?v=1623509218\" \/><\/div>\n<p>NOTA: \u00a1Empiece por colocar la <strong>funda de la silla<\/strong> desde atr\u00e1s!\u00a0<\/p>\n<div><img alt=\"chousse-de-chaise\" \/><\/div>\n","protected":false},"excerpt":{"rendered":"<p>Agregue un toque de suavidad y comodidad a su interior con la funda para silla Blue Flower. Una buena mezcla para armonizar tu decoraci\u00f3n interior. Crea un ambiente acogedor con la funda de silla floral azul: Aporta una nota de refinamiento y estilo a tu decoraci\u00f3n interior La funda de la silla ofrece una protecci\u00f3n [&hellip;]<\/p>\n","protected":false},"featured_media":16094,"comment_status":"open","ping_status":"closed","template":"","meta":[],"product_cat":[176,161],"product_tag":[212],"class_list":{"0":"post-19929","1":"product","2":"type-product","3":"status-publish","4":"has-post-thumbnail","6":"product_cat-funda-de-silla","7":"product_cat-portada-interior","8":"product_tag-chaise-es","10":"first","11":"instock","12":"shipping-taxable","13":"purchasable","14":"product-type-simple"},"yoast_head":"<title>Funda de silla Flor Azul en entrega - gratis Ahorra un 30% en tu pedido<\/title>\n<meta name=\"description\" content=\"Recibe tu Funda de silla Flor Azul hoy y benef\u00edciate de la entrega - gratuita Env\u00edo en 24\/48h\" \/>\n<meta name=\"robots\" content=\"index, follow, max-snippet:-1, max-image-preview:large, max-video-preview:-1\" \/>\n<link rel=\"canonical\" href=\"https:\/\/365-housse.com\/es\/productos\/housse-de-chaise-fleurie-bleue\/\" \/>\n<meta property=\"og:locale\" content=\"es_ES\" \/>\n<meta property=\"og:type\" content=\"article\" \/>\n<meta property=\"og:title\" content=\"Funda de silla Flor Azul en entrega - gratis Ahorra un 30% en tu pedido\" \/>\n<meta property=\"og:description\" content=\"Recibe tu Funda de silla Flor Azul hoy y benef\u00edciate de la entrega - gratuita Env\u00edo en 24\/48h\" \/>\n<meta property=\"og:url\" content=\"https:\/\/365-housse.com\/es\/productos\/housse-de-chaise-fleurie-bleue\/\" \/>\n<meta property=\"og:site_name\" content=\"Housse de Canap\u00e9\" \/>\n<meta property=\"article:modified_time\" content=\"2024-09-17T15:06:20+00:00\" \/>\n<meta property=\"og:image\" content=\"https:\/\/365-housse.com\/wp-content\/uploads\/2023\/06\/housse-de-chaise-fleurie-bleu.png\" \/>\n\t<meta property=\"og:image:width\" content=\"498\" \/>\n\t<meta property=\"og:image:height\" content=\"501\" \/>\n\t<meta property=\"og:image:type\" content=\"image\/png\" \/>\n<meta name=\"twitter:card\" content=\"summary_large_image\" \/>\n<meta name=\"twitter:label1\" content=\"Tiempo de lectura\" \/>\n\t<meta name=\"twitter:data1\" content=\"1 minuto\" \/>\n<script type=\"application\/ld+json\" class=\"yoast-schema-graph\">{\"@context\":\"https:\/\/schema.org\",\"@graph\":[{\"@type\":\"WebPage\",\"@id\":\"https:\/\/365-housse.com\/es\/productos\/housse-de-chaise-fleurie-bleue\/\",\"url\":\"https:\/\/365-housse.com\/es\/productos\/housse-de-chaise-fleurie-bleue\/\",\"name\":\"Funda de silla Flor Azul en entrega - gratis Ahorra un 30% en tu pedido\",\"isPartOf\":{\"@id\":\"https:\/\/365-housse.com\/es\/#website\"},\"primaryImageOfPage\":{\"@id\":\"https:\/\/365-housse.com\/es\/productos\/housse-de-chaise-fleurie-bleue\/#primaryimage\"},\"image\":{\"@id\":\"https:\/\/365-housse.com\/es\/productos\/housse-de-chaise-fleurie-bleue\/#primaryimage\"},\"thumbnailUrl\":\"https:\/\/365-housse.com\/wp-content\/uploads\/2023\/06\/housse-de-chaise-fleurie-bleu.png\",\"datePublished\":\"2023-06-12T08:12:52+00:00\",\"dateModified\":\"2024-09-17T15:06:20+00:00\",\"description\":\"Recibe tu Funda de silla Flor Azul hoy y benef\u00edciate de la entrega - gratuita Env\u00edo en 24\/48h\",\"breadcrumb\":{\"@id\":\"https:\/\/365-housse.com\/es\/productos\/housse-de-chaise-fleurie-bleue\/#breadcrumb\"},\"inLanguage\":\"es\",\"potentialAction\":[{\"@type\":\"ReadAction\",\"target\":[\"https:\/\/365-housse.com\/es\/productos\/housse-de-chaise-fleurie-bleue\/\"]}]},{\"@type\":\"ImageObject\",\"inLanguage\":\"es\",\"@id\":\"https:\/\/365-housse.com\/es\/productos\/housse-de-chaise-fleurie-bleue\/#primaryimage\",\"url\":\"https:\/\/365-housse.com\/wp-content\/uploads\/2023\/06\/housse-de-chaise-fleurie-bleu.png\",\"contentUrl\":\"https:\/\/365-housse.com\/wp-content\/uploads\/2023\/06\/housse-de-chaise-fleurie-bleu.png\",\"width\":498,\"height\":501},{\"@type\":\"BreadcrumbList\",\"@id\":\"https:\/\/365-housse.com\/es\/productos\/housse-de-chaise-fleurie-bleue\/#breadcrumb\",\"itemListElement\":[{\"@type\":\"ListItem\",\"position\":1,\"name\":\"Accueil\",\"item\":\"https:\/\/365-housse.com\/es\/\"},{\"@type\":\"ListItem\",\"position\":2,\"name\":\"Tienda\",\"item\":\"https:\/\/365-housse.com\/es\/tienda\/\"},{\"@type\":\"ListItem\",\"position\":3,\"name\":\"Funda de silla Flor Azul\"}]},{\"@type\":\"WebSite\",\"@id\":\"https:\/\/365-housse.com\/es\/#website\",\"url\":\"https:\/\/365-housse.com\/es\/\",\"name\":\"Housse de Canap\u00e9\",\"description\":\"Le N\u00b01 de la Housse\",\"publisher\":{\"@id\":\"https:\/\/365-housse.com\/es\/#organization\"},\"potentialAction\":[{\"@type\":\"SearchAction\",\"target\":{\"@type\":\"EntryPoint\",\"urlTemplate\":\"https:\/\/365-housse.com\/es\/?s={search_term_string}\"},\"query-input\":{\"@type\":\"PropertyValueSpecification\",\"valueRequired\":true,\"valueName\":\"search_term_string\"}}],\"inLanguage\":\"es\"},{\"@type\":\"Organization\",\"@id\":\"https:\/\/365-housse.com\/es\/#organization\",\"name\":\"Housse de Canap\u00e9\",\"url\":\"https:\/\/365-housse.com\/es\/\",\"logo\":{\"@type\":\"ImageObject\",\"inLanguage\":\"es\",\"@id\":\"https:\/\/365-housse.com\/es\/#\/schema\/logo\/image\/\",\"url\":\"https:\/\/365-housse.com\/wp-content\/uploads\/2023\/06\/LOGO-400-\u00d7-200-px-392-x-134-px-16.png\",\"contentUrl\":\"https:\/\/365-housse.com\/wp-content\/uploads\/2023\/06\/LOGO-400-\u00d7-200-px-392-x-134-px-16.png\",\"width\":392,\"height\":134,\"caption\":\"Housse de Canap\u00e9\"},\"image\":{\"@id\":\"https:\/\/365-housse.com\/es\/#\/schema\/logo\/image\/\"}}]}<\/script>","yoast_head_json":{"title":"Funda de silla Flor Azul en entrega - gratis Ahorra un 30% en tu pedido","description":"Recibe tu Funda de silla Flor Azul hoy y benef\u00edciate de la entrega - gratuita Env\u00edo en 24\/48h","robots":{"index":"index","follow":"follow","max-snippet":"max-snippet:-1","max-image-preview":"max-image-preview:large","max-video-preview":"max-video-preview:-1"},"canonical":"https:\/\/365-housse.com\/es\/productos\/housse-de-chaise-fleurie-bleue\/","og_locale":"es_ES","og_type":"article","og_title":"Funda de silla Flor Azul en entrega - gratis Ahorra un 30% en tu pedido","og_description":"Recibe tu Funda de silla Flor Azul hoy y benef\u00edciate de la entrega - gratuita Env\u00edo en 24\/48h","og_url":"https:\/\/365-housse.com\/es\/productos\/housse-de-chaise-fleurie-bleue\/","og_site_name":"Housse de Canap\u00e9","article_modified_time":"2024-09-17T15:06:20+00:00","og_image":[{"width":498,"height":501,"url":"https:\/\/365-housse.com\/wp-content\/uploads\/2023\/06\/housse-de-chaise-fleurie-bleu.png","type":"image\/png"}],"twitter_card":"summary_large_image","twitter_misc":{"Tiempo de lectura":"1 minuto"},"schema":{"@context":"https:\/\/schema.org","@graph":[{"@type":"WebPage","@id":"https:\/\/365-housse.com\/es\/productos\/housse-de-chaise-fleurie-bleue\/","url":"https:\/\/365-housse.com\/es\/productos\/housse-de-chaise-fleurie-bleue\/","name":"Funda de silla Flor Azul en entrega - gratis Ahorra un 30% en tu pedido","isPartOf":{"@id":"https:\/\/365-housse.com\/es\/#website"},"primaryImageOfPage":{"@id":"https:\/\/365-housse.com\/es\/productos\/housse-de-chaise-fleurie-bleue\/#primaryimage"},"image":{"@id":"https:\/\/365-housse.com\/es\/productos\/housse-de-chaise-fleurie-bleue\/#primaryimage"},"thumbnailUrl":"https:\/\/365-housse.com\/wp-content\/uploads\/2023\/06\/housse-de-chaise-fleurie-bleu.png","datePublished":"2023-06-12T08:12:52+00:00","dateModified":"2024-09-17T15:06:20+00:00","description":"Recibe tu Funda de silla Flor Azul hoy y benef\u00edciate de la entrega - gratuita Env\u00edo en 24\/48h","breadcrumb":{"@id":"https:\/\/365-housse.com\/es\/productos\/housse-de-chaise-fleurie-bleue\/#breadcrumb"},"inLanguage":"es","potentialAction":[{"@type":"ReadAction","target":["https:\/\/365-housse.com\/es\/productos\/housse-de-chaise-fleurie-bleue\/"]}]},{"@type":"ImageObject","inLanguage":"es","@id":"https:\/\/365-housse.com\/es\/productos\/housse-de-chaise-fleurie-bleue\/#primaryimage","url":"https:\/\/365-housse.com\/wp-content\/uploads\/2023\/06\/housse-de-chaise-fleurie-bleu.png","contentUrl":"https:\/\/365-housse.com\/wp-content\/uploads\/2023\/06\/housse-de-chaise-fleurie-bleu.png","width":498,"height":501},{"@type":"BreadcrumbList","@id":"https:\/\/365-housse.com\/es\/productos\/housse-de-chaise-fleurie-bleue\/#breadcrumb","itemListElement":[{"@type":"ListItem","position":1,"name":"Accueil","item":"https:\/\/365-housse.com\/es\/"},{"@type":"ListItem","position":2,"name":"Tienda","item":"https:\/\/365-housse.com\/es\/tienda\/"},{"@type":"ListItem","position":3,"name":"Funda de silla Flor Azul"}]},{"@type":"WebSite","@id":"https:\/\/365-housse.com\/es\/#website","url":"https:\/\/365-housse.com\/es\/","name":"Housse de Canap\u00e9","description":"Le N\u00b01 de la Housse","publisher":{"@id":"https:\/\/365-housse.com\/es\/#organization"},"potentialAction":[{"@type":"SearchAction","target":{"@type":"EntryPoint","urlTemplate":"https:\/\/365-housse.com\/es\/?s={search_term_string}"},"query-input":{"@type":"PropertyValueSpecification","valueRequired":true,"valueName":"search_term_string"}}],"inLanguage":"es"},{"@type":"Organization","@id":"https:\/\/365-housse.com\/es\/#organization","name":"Housse de Canap\u00e9","url":"https:\/\/365-housse.com\/es\/","logo":{"@type":"ImageObject","inLanguage":"es","@id":"https:\/\/365-housse.com\/es\/#\/schema\/logo\/image\/","url":"https:\/\/365-housse.com\/wp-content\/uploads\/2023\/06\/LOGO-400-\u00d7-200-px-392-x-134-px-16.png","contentUrl":"https:\/\/365-housse.com\/wp-content\/uploads\/2023\/06\/LOGO-400-\u00d7-200-px-392-x-134-px-16.png","width":392,"height":134,"caption":"Housse de Canap\u00e9"},"image":{"@id":"https:\/\/365-housse.com\/es\/#\/schema\/logo\/image\/"}}]}},"_links":{"self":[{"href":"https:\/\/365-housse.com\/es\/wp-json\/wp\/v2\/product\/19929"}],"collection":[{"href":"https:\/\/365-housse.com\/es\/wp-json\/wp\/v2\/product"}],"about":[{"href":"https:\/\/365-housse.com\/es\/wp-json\/wp\/v2\/types\/product"}],"replies":[{"embeddable":true,"href":"https:\/\/365-housse.com\/es\/wp-json\/wp\/v2\/comments?post=19929"}],"wp:featuredmedia":[{"embeddable":true,"href":"https:\/\/365-housse.com\/es\/wp-json\/wp\/v2\/media\/16094"}],"wp:attachment":[{"href":"https:\/\/365-housse.com\/es\/wp-json\/wp\/v2\/media?parent=19929"}],"wp:term":[{"taxonomy":"product_cat","embeddable":true,"href":"https:\/\/365-housse.com\/es\/wp-json\/wp\/v2\/product_cat?post=19929"},{"taxonomy":"product_tag","embeddable":true,"href":"https:\/\/365-housse.com\/es\/wp-json\/wp\/v2\/product_tag?post=19929"}],"curies":[{"name":"wp","href":"https:\/\/api.w.org\/{rel}","templated":true}]}}