{"id":19930,"date":"2023-06-12T08:12:52","date_gmt":"2023-06-12T08:12:52","guid":{"rendered":"https:\/\/365-housse.com\/products\/housse-de-chaise-fleurie-vert\/"},"modified":"2024-09-17T15:06:20","modified_gmt":"2024-09-17T15:06:20","slug":"housse-de-chaise-fleurie-vert","status":"publish","type":"product","link":"https:\/\/365-housse.com\/es\/productos\/housse-de-chaise-fleurie-vert\/","title":{"rendered":"Funda de silla floral verde"},"content":{"rendered":"<h2>A\u00f1ade un toque de color y suavidad a tu decoraci\u00f3n con la Funda para Silla Floral Verde. Su dise\u00f1o moderno y de alta gama combinar\u00e1 perfectamente con un interior luminoso y neutro.<\/h2>\n<h3>Ven a descubrir la Funda para Silla Flor Verde, que aportar\u00e1 armon\u00eda y estilo a tu cocina o comedor:<\/h3>\n<ul>\n<li>\n<p>A\u00f1adir\u00e1 un toque de <strong>elegancia<\/strong> y <strong>modernidad<\/strong> a tu interior<\/p>\n<\/li>\n<li>\n<p>La funda proteger\u00e1 tu silla del desgaste, manchas, pelos de animales y otras suciedades<\/p>\n<\/li>\n<li>\n<p>Se adapta en <strong>segundos<\/strong>, nuestras fundas tienen caracter\u00edsticas el\u00e1sticas que les permiten adaptarse al <strong>99% de los modelos de sillas<\/strong>&lt;\/p <\/li>\n<li>\n<p>Hecho de <strong>tejido de primera calidad<\/strong><\/p>\n<\/li>\n<\/ul>\n<p><strong>Caracter\u00edsticas: <\/strong><\/p>\n<ul>\n<li>\n<p>Material: 8% Elastano (material el\u00e1stico) + 92% Poli\u00e9ster<\/p>\n<\/li>\n<li>\n<p>La tela de alta densidad protege tu silla de manchas inesperadas<\/p>\n<\/li>\n<li>\n<p><strong>tecnolog\u00eda de impresi\u00f3n de alto rendimiento<\/strong> para una mayor solidez del color a la luz y al lavado<\/p>\n<\/li>\n<li>\n<p>F\u00e1cil de poner<\/p>\n<\/li>\n<li>\n<p>Mant\u00e9n tu silla limpia y en buen estado<\/p>\n<\/li>\n<li>\n<p>El dise\u00f1o de banda el\u00e1stica proporciona un ajuste perfecto y un agarre antideslizante<\/p>\n<\/li>\n<li>\n<p>Lavable a m\u00e1quina<\/p>\n<\/li>\n<\/ul>\n<p><strong>Gu\u00eda de tallas:<\/strong><\/p>\n<p><img fetchpriority=\"high\" decoding=\"async\" alt=\"guide-cover-size-guide\" height=\"292\" src=\"https:\/\/365-housse.com\/wp-content\/uploads\/2023\/06\/guide-des-chair- tama\u00f1os de portada_480x480.jpg?v=1623508915\" style=\"margin-left: auto;margin-right: auto\" width=\"350\" \/><\/p>\n<div>Nuestras fundas para sillas son de tama\u00f1o universal y se adaptan a muchas sillas<\/div>\n<div><\/div>\n<div><img decoding=\"async\" alt=\"\" src=\"https:\/\/365-housse.com\/wp-content\/uploads\/2023\/06\/housse-de-chaise-universelle_480x480.jpg?v=1623509218\" \/><\/div>\n<\/p>\n<p>NOTA: \u00a1Empiece por colocar la <strong>funda de la silla<\/strong> desde atr\u00e1s!\u00a0<\/p>\n<div><img alt=\"chousse-de-chaise\" \/><\/div>\n<h2>A\u00f1ade un toque de color y suavidad a tu decoraci\u00f3n con la funda para silla floral verde. Su estilo moderno y de alta gama encajar\u00e1 perfectamente en un interior luminoso y neutro.<\/h2>\n<h3>Ven a descubrir la Funda para Silla Flor Verde, que aportar\u00e1 armon\u00eda y estilo a tu cocina o comedor:<\/h3>\n<ul>\n<li>\n<p>Agregar\u00e1 una explosi\u00f3n de <strong>elegancia<\/strong> y <strong>modernidad<\/strong> a tu interior<\/p>\n<\/li>\n<li>\n<p>La funda proteger\u00e1 tu silla del desgaste, manchas, pelos de animales y otras suciedades<\/p>\n<\/li>\n<li>\n<p>Se adapta en <strong>segundos<\/strong>, nuestras fundas tienen caracter\u00edsticas el\u00e1sticas que les permiten adaptarse al <strong>99% de los modelos de sillas<\/strong>&lt;\/p <\/li>\n<li>\n<p>Hecho de un <strong>textil de primera calidad<\/strong><\/p>\n<\/li>\n<\/ul>\n<p><strong>Caracter\u00edsticas: <\/strong><\/p>\n<ul>\n<li>\n<p>Material: 8% Elastano (material el\u00e1stico) + 92% Poli\u00e9ster<\/p>\n<\/li>\n<li>\n<p>La tela de alta densidad protege tu silla de manchas inesperadas<\/p>\n<\/li>\n<li>\n<p><strong>tecnolog\u00eda de impresi\u00f3n de alto rendimiento<\/strong> para una mayor solidez del color a la luz y al lavado<\/p>\n<\/li>\n<li>\n<p>F\u00e1cil de instalar<\/p>\n<\/li>\n<li>\n<p>Mant\u00e9n tu silla limpia y en buen estado<\/p>\n<\/li>\n<li>\n<p>El dise\u00f1o de banda el\u00e1stica proporciona un ajuste perfecto y un agarre antideslizante<\/p>\n<\/li>\n<li>\n<p>Lavable a m\u00e1quina<\/p>\n<\/li>\n<\/ul>\n<p><strong>Gu\u00eda de tallas:<\/strong><\/p>\n<p><img fetchpriority=\"high\" decoding=\"async\" alt=\"guide-cover-size-guide\" height=\"292\" src=\"https:\/\/365-housse.com\/wp-content\/uploads\/2023\/06\/guide-des-chair- tama\u00f1os de portada_480x480.jpg?v=1623508915\" style=\"margin-left: auto;margin-right: auto\" width=\"350\" \/><\/p>\n<div>Nuestras fundas para sillas son de tama\u00f1o universal y se adaptan a muchas sillas<\/div>\n<div><\/div>\n<div><img decoding=\"async\" alt=\"\" src=\"https:\/\/365-housse.com\/wp-content\/uploads\/2023\/06\/housse-de-chaise-universelle_480x480.jpg?v=1623509218\" \/><\/div>\n<\/p>\n<p>NOTA: \u00a1Empiece por colocar la <strong>funda de la silla<\/strong> desde atr\u00e1s!\u00a0<\/p>\n<div><img alt=\"chousse-de-chaise\" \/><\/div>\n","protected":false},"excerpt":{"rendered":"<p>A\u00f1ade un toque de color y suavidad a tu decoraci\u00f3n con la Funda para Silla Floral Verde. Su dise\u00f1o moderno y de alta gama combinar\u00e1 perfectamente con un interior luminoso y neutro. Ven a descubrir la Funda para Silla Flor Verde, que aportar\u00e1 armon\u00eda y estilo a tu cocina o comedor: A\u00f1adir\u00e1 un toque de [&hellip;]<\/p>\n","protected":false},"featured_media":16095,"comment_status":"open","ping_status":"closed","template":"","meta":[],"product_cat":[176,161],"product_tag":[212],"class_list":{"0":"post-19930","1":"product","2":"type-product","3":"status-publish","4":"has-post-thumbnail","6":"product_cat-funda-de-silla","7":"product_cat-portada-interior","8":"product_tag-chaise-es","10":"first","11":"instock","12":"shipping-taxable","13":"purchasable","14":"product-type-simple"},"yoast_head":"<title>Funda de silla floral verde en entrega - gratis Ahorra un 30% en tu pedido<\/title>\n<meta name=\"description\" content=\"Recibe tu Funda de silla floral verde hoy y benef\u00edciate de la entrega - gratuita Env\u00edo en 24\/48h\" \/>\n<meta name=\"robots\" content=\"index, follow, max-snippet:-1, max-image-preview:large, max-video-preview:-1\" \/>\n<link rel=\"canonical\" href=\"https:\/\/365-housse.com\/es\/productos\/housse-de-chaise-fleurie-vert\/\" \/>\n<meta property=\"og:locale\" content=\"es_ES\" \/>\n<meta property=\"og:type\" content=\"article\" \/>\n<meta property=\"og:title\" content=\"Funda de silla floral verde en entrega - gratis Ahorra un 30% en tu pedido\" \/>\n<meta property=\"og:description\" content=\"Recibe tu Funda de silla floral verde hoy y benef\u00edciate de la entrega - gratuita Env\u00edo en 24\/48h\" \/>\n<meta property=\"og:url\" content=\"https:\/\/365-housse.com\/es\/productos\/housse-de-chaise-fleurie-vert\/\" \/>\n<meta property=\"og:site_name\" content=\"Housse de Canap\u00e9\" \/>\n<meta property=\"article:modified_time\" content=\"2024-09-17T15:06:20+00:00\" \/>\n<meta property=\"og:image\" content=\"https:\/\/365-housse.com\/wp-content\/uploads\/2023\/06\/housse-de-chaise-fleurie-vert.png\" \/>\n\t<meta property=\"og:image:width\" content=\"494\" \/>\n\t<meta property=\"og:image:height\" content=\"505\" \/>\n\t<meta property=\"og:image:type\" content=\"image\/png\" \/>\n<meta name=\"twitter:card\" content=\"summary_large_image\" \/>\n<meta name=\"twitter:label1\" content=\"Tiempo de lectura\" \/>\n\t<meta name=\"twitter:data1\" content=\"2 minutos\" \/>\n<script type=\"application\/ld+json\" class=\"yoast-schema-graph\">{\"@context\":\"https:\/\/schema.org\",\"@graph\":[{\"@type\":\"WebPage\",\"@id\":\"https:\/\/365-housse.com\/es\/productos\/housse-de-chaise-fleurie-vert\/\",\"url\":\"https:\/\/365-housse.com\/es\/productos\/housse-de-chaise-fleurie-vert\/\",\"name\":\"Funda de silla floral verde en entrega - gratis Ahorra un 30% en tu pedido\",\"isPartOf\":{\"@id\":\"https:\/\/365-housse.com\/es\/#website\"},\"primaryImageOfPage\":{\"@id\":\"https:\/\/365-housse.com\/es\/productos\/housse-de-chaise-fleurie-vert\/#primaryimage\"},\"image\":{\"@id\":\"https:\/\/365-housse.com\/es\/productos\/housse-de-chaise-fleurie-vert\/#primaryimage\"},\"thumbnailUrl\":\"https:\/\/365-housse.com\/wp-content\/uploads\/2023\/06\/housse-de-chaise-fleurie-vert.png\",\"datePublished\":\"2023-06-12T08:12:52+00:00\",\"dateModified\":\"2024-09-17T15:06:20+00:00\",\"description\":\"Recibe tu Funda de silla floral verde hoy y benef\u00edciate de la entrega - gratuita Env\u00edo en 24\/48h\",\"breadcrumb\":{\"@id\":\"https:\/\/365-housse.com\/es\/productos\/housse-de-chaise-fleurie-vert\/#breadcrumb\"},\"inLanguage\":\"es\",\"potentialAction\":[{\"@type\":\"ReadAction\",\"target\":[\"https:\/\/365-housse.com\/es\/productos\/housse-de-chaise-fleurie-vert\/\"]}]},{\"@type\":\"ImageObject\",\"inLanguage\":\"es\",\"@id\":\"https:\/\/365-housse.com\/es\/productos\/housse-de-chaise-fleurie-vert\/#primaryimage\",\"url\":\"https:\/\/365-housse.com\/wp-content\/uploads\/2023\/06\/housse-de-chaise-fleurie-vert.png\",\"contentUrl\":\"https:\/\/365-housse.com\/wp-content\/uploads\/2023\/06\/housse-de-chaise-fleurie-vert.png\",\"width\":494,\"height\":505},{\"@type\":\"BreadcrumbList\",\"@id\":\"https:\/\/365-housse.com\/es\/productos\/housse-de-chaise-fleurie-vert\/#breadcrumb\",\"itemListElement\":[{\"@type\":\"ListItem\",\"position\":1,\"name\":\"Accueil\",\"item\":\"https:\/\/365-housse.com\/es\/\"},{\"@type\":\"ListItem\",\"position\":2,\"name\":\"Tienda\",\"item\":\"https:\/\/365-housse.com\/es\/tienda\/\"},{\"@type\":\"ListItem\",\"position\":3,\"name\":\"Funda de silla floral verde\"}]},{\"@type\":\"WebSite\",\"@id\":\"https:\/\/365-housse.com\/es\/#website\",\"url\":\"https:\/\/365-housse.com\/es\/\",\"name\":\"Housse de Canap\u00e9\",\"description\":\"Le N\u00b01 de la Housse\",\"publisher\":{\"@id\":\"https:\/\/365-housse.com\/es\/#organization\"},\"potentialAction\":[{\"@type\":\"SearchAction\",\"target\":{\"@type\":\"EntryPoint\",\"urlTemplate\":\"https:\/\/365-housse.com\/es\/?s={search_term_string}\"},\"query-input\":{\"@type\":\"PropertyValueSpecification\",\"valueRequired\":true,\"valueName\":\"search_term_string\"}}],\"inLanguage\":\"es\"},{\"@type\":\"Organization\",\"@id\":\"https:\/\/365-housse.com\/es\/#organization\",\"name\":\"Housse de Canap\u00e9\",\"url\":\"https:\/\/365-housse.com\/es\/\",\"logo\":{\"@type\":\"ImageObject\",\"inLanguage\":\"es\",\"@id\":\"https:\/\/365-housse.com\/es\/#\/schema\/logo\/image\/\",\"url\":\"https:\/\/365-housse.com\/wp-content\/uploads\/2023\/06\/LOGO-400-\u00d7-200-px-392-x-134-px-16.png\",\"contentUrl\":\"https:\/\/365-housse.com\/wp-content\/uploads\/2023\/06\/LOGO-400-\u00d7-200-px-392-x-134-px-16.png\",\"width\":392,\"height\":134,\"caption\":\"Housse de Canap\u00e9\"},\"image\":{\"@id\":\"https:\/\/365-housse.com\/es\/#\/schema\/logo\/image\/\"}}]}<\/script>","yoast_head_json":{"title":"Funda de silla floral verde en entrega - gratis Ahorra un 30% en tu pedido","description":"Recibe tu Funda de silla floral verde hoy y benef\u00edciate de la entrega - gratuita Env\u00edo en 24\/48h","robots":{"index":"index","follow":"follow","max-snippet":"max-snippet:-1","max-image-preview":"max-image-preview:large","max-video-preview":"max-video-preview:-1"},"canonical":"https:\/\/365-housse.com\/es\/productos\/housse-de-chaise-fleurie-vert\/","og_locale":"es_ES","og_type":"article","og_title":"Funda de silla floral verde en entrega - gratis Ahorra un 30% en tu pedido","og_description":"Recibe tu Funda de silla floral verde hoy y benef\u00edciate de la entrega - gratuita Env\u00edo en 24\/48h","og_url":"https:\/\/365-housse.com\/es\/productos\/housse-de-chaise-fleurie-vert\/","og_site_name":"Housse de Canap\u00e9","article_modified_time":"2024-09-17T15:06:20+00:00","og_image":[{"width":494,"height":505,"url":"https:\/\/365-housse.com\/wp-content\/uploads\/2023\/06\/housse-de-chaise-fleurie-vert.png","type":"image\/png"}],"twitter_card":"summary_large_image","twitter_misc":{"Tiempo de lectura":"2 minutos"},"schema":{"@context":"https:\/\/schema.org","@graph":[{"@type":"WebPage","@id":"https:\/\/365-housse.com\/es\/productos\/housse-de-chaise-fleurie-vert\/","url":"https:\/\/365-housse.com\/es\/productos\/housse-de-chaise-fleurie-vert\/","name":"Funda de silla floral verde en entrega - gratis Ahorra un 30% en tu pedido","isPartOf":{"@id":"https:\/\/365-housse.com\/es\/#website"},"primaryImageOfPage":{"@id":"https:\/\/365-housse.com\/es\/productos\/housse-de-chaise-fleurie-vert\/#primaryimage"},"image":{"@id":"https:\/\/365-housse.com\/es\/productos\/housse-de-chaise-fleurie-vert\/#primaryimage"},"thumbnailUrl":"https:\/\/365-housse.com\/wp-content\/uploads\/2023\/06\/housse-de-chaise-fleurie-vert.png","datePublished":"2023-06-12T08:12:52+00:00","dateModified":"2024-09-17T15:06:20+00:00","description":"Recibe tu Funda de silla floral verde hoy y benef\u00edciate de la entrega - gratuita Env\u00edo en 24\/48h","breadcrumb":{"@id":"https:\/\/365-housse.com\/es\/productos\/housse-de-chaise-fleurie-vert\/#breadcrumb"},"inLanguage":"es","potentialAction":[{"@type":"ReadAction","target":["https:\/\/365-housse.com\/es\/productos\/housse-de-chaise-fleurie-vert\/"]}]},{"@type":"ImageObject","inLanguage":"es","@id":"https:\/\/365-housse.com\/es\/productos\/housse-de-chaise-fleurie-vert\/#primaryimage","url":"https:\/\/365-housse.com\/wp-content\/uploads\/2023\/06\/housse-de-chaise-fleurie-vert.png","contentUrl":"https:\/\/365-housse.com\/wp-content\/uploads\/2023\/06\/housse-de-chaise-fleurie-vert.png","width":494,"height":505},{"@type":"BreadcrumbList","@id":"https:\/\/365-housse.com\/es\/productos\/housse-de-chaise-fleurie-vert\/#breadcrumb","itemListElement":[{"@type":"ListItem","position":1,"name":"Accueil","item":"https:\/\/365-housse.com\/es\/"},{"@type":"ListItem","position":2,"name":"Tienda","item":"https:\/\/365-housse.com\/es\/tienda\/"},{"@type":"ListItem","position":3,"name":"Funda de silla floral verde"}]},{"@type":"WebSite","@id":"https:\/\/365-housse.com\/es\/#website","url":"https:\/\/365-housse.com\/es\/","name":"Housse de Canap\u00e9","description":"Le N\u00b01 de la Housse","publisher":{"@id":"https:\/\/365-housse.com\/es\/#organization"},"potentialAction":[{"@type":"SearchAction","target":{"@type":"EntryPoint","urlTemplate":"https:\/\/365-housse.com\/es\/?s={search_term_string}"},"query-input":{"@type":"PropertyValueSpecification","valueRequired":true,"valueName":"search_term_string"}}],"inLanguage":"es"},{"@type":"Organization","@id":"https:\/\/365-housse.com\/es\/#organization","name":"Housse de Canap\u00e9","url":"https:\/\/365-housse.com\/es\/","logo":{"@type":"ImageObject","inLanguage":"es","@id":"https:\/\/365-housse.com\/es\/#\/schema\/logo\/image\/","url":"https:\/\/365-housse.com\/wp-content\/uploads\/2023\/06\/LOGO-400-\u00d7-200-px-392-x-134-px-16.png","contentUrl":"https:\/\/365-housse.com\/wp-content\/uploads\/2023\/06\/LOGO-400-\u00d7-200-px-392-x-134-px-16.png","width":392,"height":134,"caption":"Housse de Canap\u00e9"},"image":{"@id":"https:\/\/365-housse.com\/es\/#\/schema\/logo\/image\/"}}]}},"_links":{"self":[{"href":"https:\/\/365-housse.com\/es\/wp-json\/wp\/v2\/product\/19930"}],"collection":[{"href":"https:\/\/365-housse.com\/es\/wp-json\/wp\/v2\/product"}],"about":[{"href":"https:\/\/365-housse.com\/es\/wp-json\/wp\/v2\/types\/product"}],"replies":[{"embeddable":true,"href":"https:\/\/365-housse.com\/es\/wp-json\/wp\/v2\/comments?post=19930"}],"wp:featuredmedia":[{"embeddable":true,"href":"https:\/\/365-housse.com\/es\/wp-json\/wp\/v2\/media\/16095"}],"wp:attachment":[{"href":"https:\/\/365-housse.com\/es\/wp-json\/wp\/v2\/media?parent=19930"}],"wp:term":[{"taxonomy":"product_cat","embeddable":true,"href":"https:\/\/365-housse.com\/es\/wp-json\/wp\/v2\/product_cat?post=19930"},{"taxonomy":"product_tag","embeddable":true,"href":"https:\/\/365-housse.com\/es\/wp-json\/wp\/v2\/product_tag?post=19930"}],"curies":[{"name":"wp","href":"https:\/\/api.w.org\/{rel}","templated":true}]}}