{"id":19960,"date":"2023-06-12T08:12:33","date_gmt":"2023-06-12T08:12:33","guid":{"rendered":"https:\/\/365-housse.com\/products\/housse-de-chaise-deco-noel\/"},"modified":"2024-09-17T15:06:34","modified_gmt":"2024-09-17T15:06:34","slug":"housse-de-chaise-deco-noel","status":"publish","type":"product","link":"https:\/\/365-housse.com\/es\/productos\/housse-de-chaise-deco-noel\/","title":{"rendered":"Funda para silla con decoraci\u00f3n navide\u00f1a."},"content":{"rendered":"<h2 data-mce-fragment=\"1\" data-pm-slice=\"1 1 []\">Agregue un toque de elegancia a su hogar u oficina con esta <strong data-mce-fragment=\"1\">Cubierta de \u00a1Silla decorativa navide\u00f1a<\/strong>! Con dise\u00f1os festivos, podr\u00e1s organizar f\u00e1cilmente una fiesta navide\u00f1a sin fuentes de estr\u00e9s como las manchas en las sillas.<\/h2>\n<h3><span>Las ventajas de la Funda Decorativa para Sillas Navide\u00f1as para tu interior <strong>: <\/strong> <\/span><\/h3>\n<ul>\n<li>\n<p>El dise\u00f1o y la elegancia son esenciales<\/p>\n<\/li>\n<li>\n<p>Una protecci\u00f3n \u00f3ptima<strong> <\/strong>contra el desgaste, la suciedad, manchas, mascotas,&#8230;<\/p>\n<\/li>\n<li>\n<p><strong>F\u00e1cil de instalar<\/strong>, gracias a sus caracter\u00edsticas el\u00e1sticas adapt\u00e1ndose al 99% de los modelos de sillas<\/p>\n<p> <\/ li> <\/p>\n<li><span data-mce-fragment=\"1\">Hecho de un<strong>textil de calidad<\/ strong><\/span><\/li>\n<\/ul>\n<p><span><strong> Caracter\u00edsticas: <\/strong><\/span><\/p>\n<ul>\n<li>\n<p><span>10% Spandex (material el\u00e1stico) + 90% <\/span><span>Poli\u00e9ster<\/span><\/p>\n<\/li>\n<li>\n<p><span>Gama superior de tejidos para proteger tu silla de manchas inesperadas<\/span><\/p>\n<\/li>\n<li>\n<p><span>Tecnolog\u00eda de impresi\u00f3n premium para una mayor solidez del color. Ligero y lavable.<\/span><\/p>\n<\/li>\n<li>\n<p>F\u00e1cil de colocar<\/p>\n<\/li>\n<li>\n<p>Mantenga su silla limpia y en buenas condiciones<\/p>\n<\/li>\n<li>\n<p>La banda el\u00e1stica proporciona un ajuste c\u00f3modo y un agarre antideslizante<\/p>\n<\/li>\n<li>\n<p>Lavable a m\u00e1quina <\/p>\n<\/li>\n<\/ul>\n<p><span><strong>Gu\u00eda de tallas:<\/strong><\/span><\/p>\n<p><img decoding=\"async\" alt=\"funda-silla-tama\u00f1o- gu\u00eda\" src=\"https:\/\/365-housse.com\/wp-content\/uploads\/2023\/06\/guide-des-tailles-housse-de-chaise_480x480.jpg?v=1623508915\" width=\"350\" \/><\/p>\n<div>Nuestras fundas para sillas son universales y se adaptan a muchas sillas<\/div>\n<div><\/div>\n<p><img decoding=\"async\" alt=\"\" src=\"https:\/\/365-housse.com\/wp-content\/uploads\/2023\/06\/housse-de-chaise-universelle_480x480.jpg?v=1623509218\" style=\"margin-right: auto\" \/><\/p>\n<p data-pm-slice=\"1 1 []\">Dale a tu hogar u oficina la m\u00e1xima protecci\u00f3n <a href=\"https:\/\/ 365 -housse.com\/es\/collections\/funda-de-silla\/\" rel=\"noopener noreferrer\" target=\"_blank\" title=\"Funda para silla\"><strong>con funda para silla<\/strong><\/ a>! Los dise\u00f1os navide\u00f1os se pueden complementar con la <strong>funda para silla Candy Cane<\/strong>, que tambi\u00e9n se puede utilizar como regalo navide\u00f1o. <\/p>\n<p><span>NOTA: \u00a1Empiece por colocar la<strong><\/strong>funda de la silla desde atr\u00e1s!\u00a0<\/span><\/p>\n","protected":false},"excerpt":{"rendered":"<p>Agregue un toque de elegancia a su hogar u oficina con esta Cubierta de \u00a1Silla decorativa navide\u00f1a! Con dise\u00f1os festivos, podr\u00e1s organizar f\u00e1cilmente una fiesta navide\u00f1a sin fuentes de estr\u00e9s como las manchas en las sillas. Las ventajas de la Funda Decorativa para Sillas Navide\u00f1as para tu interior : El dise\u00f1o y la elegancia son [&hellip;]<\/p>\n","protected":false},"featured_media":16061,"comment_status":"open","ping_status":"closed","template":"","meta":[],"product_cat":[176,161],"product_tag":[212],"class_list":{"0":"post-19960","1":"product","2":"type-product","3":"status-publish","4":"has-post-thumbnail","6":"product_cat-funda-de-silla","7":"product_cat-portada-interior","8":"product_tag-chaise-es","10":"first","11":"instock","12":"shipping-taxable","13":"purchasable","14":"product-type-simple"},"yoast_head":"<title>Funda para silla con decoraci\u00f3n navide\u00f1a. en entrega - gratis Ahorra un 30% en tu pedido<\/title>\n<meta name=\"description\" content=\"Recibe tu Funda para silla con decoraci\u00f3n navide\u00f1a. hoy y benef\u00edciate de la entrega - gratuita Env\u00edo en 24\/48h\" \/>\n<meta name=\"robots\" content=\"index, follow, max-snippet:-1, max-image-preview:large, max-video-preview:-1\" \/>\n<link rel=\"canonical\" href=\"https:\/\/365-housse.com\/es\/productos\/housse-de-chaise-deco-noel\/\" \/>\n<meta property=\"og:locale\" content=\"es_ES\" \/>\n<meta property=\"og:type\" content=\"article\" \/>\n<meta property=\"og:title\" content=\"Funda para silla con decoraci\u00f3n navide\u00f1a. en entrega - gratis Ahorra un 30% en tu pedido\" \/>\n<meta property=\"og:description\" content=\"Recibe tu Funda para silla con decoraci\u00f3n navide\u00f1a. hoy y benef\u00edciate de la entrega - gratuita Env\u00edo en 24\/48h\" \/>\n<meta property=\"og:url\" content=\"https:\/\/365-housse.com\/es\/productos\/housse-de-chaise-deco-noel\/\" \/>\n<meta property=\"og:site_name\" content=\"Housse de Canap\u00e9\" \/>\n<meta property=\"article:modified_time\" content=\"2024-09-17T15:06:34+00:00\" \/>\n<meta property=\"og:image\" content=\"https:\/\/365-housse.com\/wp-content\/uploads\/2023\/06\/housse-de-chaise-deco-noel.png\" \/>\n\t<meta property=\"og:image:width\" content=\"486\" \/>\n\t<meta property=\"og:image:height\" content=\"486\" \/>\n\t<meta property=\"og:image:type\" content=\"image\/png\" \/>\n<meta name=\"twitter:card\" content=\"summary_large_image\" \/>\n<meta name=\"twitter:label1\" content=\"Tiempo de lectura\" \/>\n\t<meta name=\"twitter:data1\" content=\"1 minuto\" \/>\n<script type=\"application\/ld+json\" class=\"yoast-schema-graph\">{\"@context\":\"https:\/\/schema.org\",\"@graph\":[{\"@type\":\"WebPage\",\"@id\":\"https:\/\/365-housse.com\/es\/productos\/housse-de-chaise-deco-noel\/\",\"url\":\"https:\/\/365-housse.com\/es\/productos\/housse-de-chaise-deco-noel\/\",\"name\":\"Funda para silla con decoraci\u00f3n navide\u00f1a. en entrega - gratis Ahorra un 30% en tu pedido\",\"isPartOf\":{\"@id\":\"https:\/\/365-housse.com\/es\/#website\"},\"primaryImageOfPage\":{\"@id\":\"https:\/\/365-housse.com\/es\/productos\/housse-de-chaise-deco-noel\/#primaryimage\"},\"image\":{\"@id\":\"https:\/\/365-housse.com\/es\/productos\/housse-de-chaise-deco-noel\/#primaryimage\"},\"thumbnailUrl\":\"https:\/\/365-housse.com\/wp-content\/uploads\/2023\/06\/housse-de-chaise-deco-noel.png\",\"datePublished\":\"2023-06-12T08:12:33+00:00\",\"dateModified\":\"2024-09-17T15:06:34+00:00\",\"description\":\"Recibe tu Funda para silla con decoraci\u00f3n navide\u00f1a. hoy y benef\u00edciate de la entrega - gratuita Env\u00edo en 24\/48h\",\"breadcrumb\":{\"@id\":\"https:\/\/365-housse.com\/es\/productos\/housse-de-chaise-deco-noel\/#breadcrumb\"},\"inLanguage\":\"es\",\"potentialAction\":[{\"@type\":\"ReadAction\",\"target\":[\"https:\/\/365-housse.com\/es\/productos\/housse-de-chaise-deco-noel\/\"]}]},{\"@type\":\"ImageObject\",\"inLanguage\":\"es\",\"@id\":\"https:\/\/365-housse.com\/es\/productos\/housse-de-chaise-deco-noel\/#primaryimage\",\"url\":\"https:\/\/365-housse.com\/wp-content\/uploads\/2023\/06\/housse-de-chaise-deco-noel.png\",\"contentUrl\":\"https:\/\/365-housse.com\/wp-content\/uploads\/2023\/06\/housse-de-chaise-deco-noel.png\",\"width\":486,\"height\":486},{\"@type\":\"BreadcrumbList\",\"@id\":\"https:\/\/365-housse.com\/es\/productos\/housse-de-chaise-deco-noel\/#breadcrumb\",\"itemListElement\":[{\"@type\":\"ListItem\",\"position\":1,\"name\":\"Accueil\",\"item\":\"https:\/\/365-housse.com\/es\/\"},{\"@type\":\"ListItem\",\"position\":2,\"name\":\"Tienda\",\"item\":\"https:\/\/365-housse.com\/es\/tienda\/\"},{\"@type\":\"ListItem\",\"position\":3,\"name\":\"Funda para silla con decoraci\u00f3n navide\u00f1a.\"}]},{\"@type\":\"WebSite\",\"@id\":\"https:\/\/365-housse.com\/es\/#website\",\"url\":\"https:\/\/365-housse.com\/es\/\",\"name\":\"Housse de Canap\u00e9\",\"description\":\"Le N\u00b01 de la Housse\",\"publisher\":{\"@id\":\"https:\/\/365-housse.com\/es\/#organization\"},\"potentialAction\":[{\"@type\":\"SearchAction\",\"target\":{\"@type\":\"EntryPoint\",\"urlTemplate\":\"https:\/\/365-housse.com\/es\/?s={search_term_string}\"},\"query-input\":{\"@type\":\"PropertyValueSpecification\",\"valueRequired\":true,\"valueName\":\"search_term_string\"}}],\"inLanguage\":\"es\"},{\"@type\":\"Organization\",\"@id\":\"https:\/\/365-housse.com\/es\/#organization\",\"name\":\"Housse de Canap\u00e9\",\"url\":\"https:\/\/365-housse.com\/es\/\",\"logo\":{\"@type\":\"ImageObject\",\"inLanguage\":\"es\",\"@id\":\"https:\/\/365-housse.com\/es\/#\/schema\/logo\/image\/\",\"url\":\"https:\/\/365-housse.com\/wp-content\/uploads\/2023\/06\/LOGO-400-\u00d7-200-px-392-x-134-px-16.png\",\"contentUrl\":\"https:\/\/365-housse.com\/wp-content\/uploads\/2023\/06\/LOGO-400-\u00d7-200-px-392-x-134-px-16.png\",\"width\":392,\"height\":134,\"caption\":\"Housse de Canap\u00e9\"},\"image\":{\"@id\":\"https:\/\/365-housse.com\/es\/#\/schema\/logo\/image\/\"}}]}<\/script>","yoast_head_json":{"title":"Funda para silla con decoraci\u00f3n navide\u00f1a. en entrega - gratis Ahorra un 30% en tu pedido","description":"Recibe tu Funda para silla con decoraci\u00f3n navide\u00f1a. hoy y benef\u00edciate de la entrega - gratuita Env\u00edo en 24\/48h","robots":{"index":"index","follow":"follow","max-snippet":"max-snippet:-1","max-image-preview":"max-image-preview:large","max-video-preview":"max-video-preview:-1"},"canonical":"https:\/\/365-housse.com\/es\/productos\/housse-de-chaise-deco-noel\/","og_locale":"es_ES","og_type":"article","og_title":"Funda para silla con decoraci\u00f3n navide\u00f1a. en entrega - gratis Ahorra un 30% en tu pedido","og_description":"Recibe tu Funda para silla con decoraci\u00f3n navide\u00f1a. hoy y benef\u00edciate de la entrega - gratuita Env\u00edo en 24\/48h","og_url":"https:\/\/365-housse.com\/es\/productos\/housse-de-chaise-deco-noel\/","og_site_name":"Housse de Canap\u00e9","article_modified_time":"2024-09-17T15:06:34+00:00","og_image":[{"width":486,"height":486,"url":"https:\/\/365-housse.com\/wp-content\/uploads\/2023\/06\/housse-de-chaise-deco-noel.png","type":"image\/png"}],"twitter_card":"summary_large_image","twitter_misc":{"Tiempo de lectura":"1 minuto"},"schema":{"@context":"https:\/\/schema.org","@graph":[{"@type":"WebPage","@id":"https:\/\/365-housse.com\/es\/productos\/housse-de-chaise-deco-noel\/","url":"https:\/\/365-housse.com\/es\/productos\/housse-de-chaise-deco-noel\/","name":"Funda para silla con decoraci\u00f3n navide\u00f1a. en entrega - gratis Ahorra un 30% en tu pedido","isPartOf":{"@id":"https:\/\/365-housse.com\/es\/#website"},"primaryImageOfPage":{"@id":"https:\/\/365-housse.com\/es\/productos\/housse-de-chaise-deco-noel\/#primaryimage"},"image":{"@id":"https:\/\/365-housse.com\/es\/productos\/housse-de-chaise-deco-noel\/#primaryimage"},"thumbnailUrl":"https:\/\/365-housse.com\/wp-content\/uploads\/2023\/06\/housse-de-chaise-deco-noel.png","datePublished":"2023-06-12T08:12:33+00:00","dateModified":"2024-09-17T15:06:34+00:00","description":"Recibe tu Funda para silla con decoraci\u00f3n navide\u00f1a. hoy y benef\u00edciate de la entrega - gratuita Env\u00edo en 24\/48h","breadcrumb":{"@id":"https:\/\/365-housse.com\/es\/productos\/housse-de-chaise-deco-noel\/#breadcrumb"},"inLanguage":"es","potentialAction":[{"@type":"ReadAction","target":["https:\/\/365-housse.com\/es\/productos\/housse-de-chaise-deco-noel\/"]}]},{"@type":"ImageObject","inLanguage":"es","@id":"https:\/\/365-housse.com\/es\/productos\/housse-de-chaise-deco-noel\/#primaryimage","url":"https:\/\/365-housse.com\/wp-content\/uploads\/2023\/06\/housse-de-chaise-deco-noel.png","contentUrl":"https:\/\/365-housse.com\/wp-content\/uploads\/2023\/06\/housse-de-chaise-deco-noel.png","width":486,"height":486},{"@type":"BreadcrumbList","@id":"https:\/\/365-housse.com\/es\/productos\/housse-de-chaise-deco-noel\/#breadcrumb","itemListElement":[{"@type":"ListItem","position":1,"name":"Accueil","item":"https:\/\/365-housse.com\/es\/"},{"@type":"ListItem","position":2,"name":"Tienda","item":"https:\/\/365-housse.com\/es\/tienda\/"},{"@type":"ListItem","position":3,"name":"Funda para silla con decoraci\u00f3n navide\u00f1a."}]},{"@type":"WebSite","@id":"https:\/\/365-housse.com\/es\/#website","url":"https:\/\/365-housse.com\/es\/","name":"Housse de Canap\u00e9","description":"Le N\u00b01 de la Housse","publisher":{"@id":"https:\/\/365-housse.com\/es\/#organization"},"potentialAction":[{"@type":"SearchAction","target":{"@type":"EntryPoint","urlTemplate":"https:\/\/365-housse.com\/es\/?s={search_term_string}"},"query-input":{"@type":"PropertyValueSpecification","valueRequired":true,"valueName":"search_term_string"}}],"inLanguage":"es"},{"@type":"Organization","@id":"https:\/\/365-housse.com\/es\/#organization","name":"Housse de Canap\u00e9","url":"https:\/\/365-housse.com\/es\/","logo":{"@type":"ImageObject","inLanguage":"es","@id":"https:\/\/365-housse.com\/es\/#\/schema\/logo\/image\/","url":"https:\/\/365-housse.com\/wp-content\/uploads\/2023\/06\/LOGO-400-\u00d7-200-px-392-x-134-px-16.png","contentUrl":"https:\/\/365-housse.com\/wp-content\/uploads\/2023\/06\/LOGO-400-\u00d7-200-px-392-x-134-px-16.png","width":392,"height":134,"caption":"Housse de Canap\u00e9"},"image":{"@id":"https:\/\/365-housse.com\/es\/#\/schema\/logo\/image\/"}}]}},"_links":{"self":[{"href":"https:\/\/365-housse.com\/es\/wp-json\/wp\/v2\/product\/19960"}],"collection":[{"href":"https:\/\/365-housse.com\/es\/wp-json\/wp\/v2\/product"}],"about":[{"href":"https:\/\/365-housse.com\/es\/wp-json\/wp\/v2\/types\/product"}],"replies":[{"embeddable":true,"href":"https:\/\/365-housse.com\/es\/wp-json\/wp\/v2\/comments?post=19960"}],"wp:featuredmedia":[{"embeddable":true,"href":"https:\/\/365-housse.com\/es\/wp-json\/wp\/v2\/media\/16061"}],"wp:attachment":[{"href":"https:\/\/365-housse.com\/es\/wp-json\/wp\/v2\/media?parent=19960"}],"wp:term":[{"taxonomy":"product_cat","embeddable":true,"href":"https:\/\/365-housse.com\/es\/wp-json\/wp\/v2\/product_cat?post=19960"},{"taxonomy":"product_tag","embeddable":true,"href":"https:\/\/365-housse.com\/es\/wp-json\/wp\/v2\/product_tag?post=19960"}],"curies":[{"name":"wp","href":"https:\/\/api.w.org\/{rel}","templated":true}]}}