{"id":19967,"date":"2023-06-12T08:12:27","date_gmt":"2023-06-12T08:12:27","guid":{"rendered":"https:\/\/365-housse.com\/products\/housse-de-chaise-merry-christmas-bleue\/"},"modified":"2024-09-17T15:06:42","modified_gmt":"2024-09-17T15:06:42","slug":"housse-de-chaise-merry-christmas-bleue","status":"publish","type":"product","link":"https:\/\/365-housse.com\/es\/productos\/housse-de-chaise-merry-christmas-bleue\/","title":{"rendered":"Funda para silla Feliz Navidad Azul"},"content":{"rendered":"<h2 data-mce-fragment=\"1\" data-pm-slice=\"1 1 []\">El complemento perfecto para tus servilletas rojas o verdes, la <strong data-mce-fragment=\"1\">Funda Feliz Navidad Azul Sillaes ideal para a\u00f1adir estilo a tus reuniones familiares, Nochebuena, comidas, etc. A\u00f1ade dinamismo a tu decoraci\u00f3n de fin de a\u00f1o con este producto.<\/h2>\n<h3><span>Los beneficios de la funda para silla azul Feliz Navidad <strong>:<\/strong><\/span><\/h3>\n<ul>\n<li>\n<p>A\u00f1ade una<span>\u00a0<\/span><strong>nota de elegancia<\/strong><span>\u00a0<\/span>y<strong><span>\u00a0<\/span>dise\u00f1os<\/strong><span> <\/ span>en tu interior<\/p>\n<\/li>\n<li>\n<p>Aporta<span> <\/span><strong>protecci\u00f3n \u00f3ptima<\/strong><span> <\/span>contra la degradaci\u00f3n, suciedad, manchas, mascotas,&#8230;<\/p>\n<\/li>\n<li>\n<p><strong>Se adapta f\u00e1cilmente<\/strong>, <span data-mce-fragment=\"1\">nuestras fundas protectoras tienen caracter\u00edsticas el\u00e1sticas para adaptarse al 99% de los modelos de sillas<\/span> <\/p>\n<\/li>\n<li><span data-mce-fragment=\"1\">Fabricado con<strong>textil de primera calidad<\/strong><\/span><\/li>\n<\/ul>\n<p><span><strong>Caracter\u00edsticas: <\/strong><\/span><\/p>\n<ul>\n<li>\n<p><span>Material: 10<\/span><span>% Spandex (material el\u00e1stico) + 90% <\/span><span>Poli\u00e9ster<\/span><\/p>\n<\/li>\n<li>\n<p><span>La tela de alta densidad protege tu silla de manchas sorpresa<\/span><\/p>\n<\/li>\n<li>\n<p><span><strong>impresi\u00f3n de ultra rendimiento<\/strong> para una mejor resistencia del color a la luz y al lavado<\/span><\/p>\n<\/li>\n<li>\n<p><span>F\u00e1cil instalaci\u00f3n<\/span><\/p>\n<\/li>\n<li>\n<p><span data-mce-fragment=\"1\">Mant\u00e9n tu silla limpia y en buen estado<\/span><\/p>\n<\/li>\n<li>\n<p><span data-mce-fragment=\"1\">Banda el\u00e1stica para un ajuste perfecto y agarre antideslizante<\/span><\/p>\n<\/li>\n<li>\n<p>Lavable a m\u00e1quina<\/p>\n<\/li>\n<\/ul>\n<p><span><strong>Gu\u00eda de tallas:<\/strong><\/span><\/p>\n<p><img fetchpriority=\"high\" decoding=\"async\" alt=\"guide-cover-size-guide\" height=\"292\" src=\"https:\/\/365-housse.com\/wp-content\/uploads\/2023\/06\/guide-des-chair- tama\u00f1os de portada_480x480.jpg?v=1623508915\" style=\"margin-left: auto;margin-right: auto\" width=\"350\" \/><\/p>\n<div>Nuestras fundas para sillas son universales y se adaptan a muchas sillas<\/div>\n<div><\/div>\n<p><img decoding=\"async\" alt=\"\" src=\"https:\/\/365-housse.com\/wp-content\/uploads\/2023\/06\/housse-de-chaise-universelle_480x480.jpg?v=1623509218\" \/><\/p>\n<p data-pm-slice=\"1 1 []\">Agregar un destino <a href=\"https:\/\/365-housse.com\/es\/collections\/funda-de-silla\/\" rel=\"noopener noreferrer\" title=\"Funda para Silla\"><strong>Funda para Silla<\/strong><\/a> original y elegante para tu interior. Nuestro <a href=\"https:\/\/365-housse.com\/es\/products\/housse-de-chaise-merry-christmas-noire\/\" rel=\"noopener noreferrer\" target=\"_blank\" title=\"Funda para silla Merry Christmas Black\"><strong>Funda para silla Merry Christmas Black <\/strong><\/a>se adapta perfectamente al hogar o al restaurante y protege tus sillas de manchas inusuales.<\/p>\n<p><span>NOTA: \u00a1Empieza poniendo la<strong><\/strong>funda de la silla en la parte trasera!\u00a0<\/span><\/p>\n","protected":false},"excerpt":{"rendered":"<p>El complemento perfecto para tus servilletas rojas o verdes, la Funda Feliz Navidad Azul Sillaes ideal para a\u00f1adir estilo a tus reuniones familiares, Nochebuena, comidas, etc. A\u00f1ade dinamismo a tu decoraci\u00f3n de fin de a\u00f1o con este producto. Los beneficios de la funda para silla azul Feliz Navidad : A\u00f1ade una\u00a0nota de elegancia\u00a0y\u00a0dise\u00f1os en tu [&hellip;]<\/p>\n","protected":false},"featured_media":16045,"comment_status":"open","ping_status":"closed","template":"","meta":[],"product_cat":[176,161],"product_tag":[212],"class_list":{"0":"post-19967","1":"product","2":"type-product","3":"status-publish","4":"has-post-thumbnail","6":"product_cat-funda-de-silla","7":"product_cat-portada-interior","8":"product_tag-chaise-es","10":"first","11":"instock","12":"shipping-taxable","13":"purchasable","14":"product-type-simple"},"yoast_head":"<title>Funda para silla Feliz Navidad Azul en entrega - gratis Ahorra un 30% en tu pedido<\/title>\n<meta name=\"description\" content=\"Recibe tu Funda para silla Feliz Navidad Azul hoy y benef\u00edciate de la entrega - gratuita Env\u00edo en 24\/48h\" \/>\n<meta name=\"robots\" content=\"index, follow, max-snippet:-1, max-image-preview:large, max-video-preview:-1\" \/>\n<link rel=\"canonical\" href=\"https:\/\/365-housse.com\/es\/productos\/housse-de-chaise-merry-christmas-bleue\/\" \/>\n<meta property=\"og:locale\" content=\"es_ES\" \/>\n<meta property=\"og:type\" content=\"article\" \/>\n<meta property=\"og:title\" content=\"Funda para silla Feliz Navidad Azul en entrega - gratis Ahorra un 30% en tu pedido\" \/>\n<meta property=\"og:description\" content=\"Recibe tu Funda para silla Feliz Navidad Azul hoy y benef\u00edciate de la entrega - gratuita Env\u00edo en 24\/48h\" \/>\n<meta property=\"og:url\" content=\"https:\/\/365-housse.com\/es\/productos\/housse-de-chaise-merry-christmas-bleue\/\" \/>\n<meta property=\"og:site_name\" content=\"Housse de Canap\u00e9\" \/>\n<meta property=\"article:modified_time\" content=\"2024-09-17T15:06:42+00:00\" \/>\n<meta property=\"og:image\" content=\"https:\/\/365-housse.com\/wp-content\/uploads\/2023\/06\/housses-de-chaise-merry-christmas-bleue.png\" \/>\n\t<meta property=\"og:image:width\" content=\"492\" \/>\n\t<meta property=\"og:image:height\" content=\"491\" \/>\n\t<meta property=\"og:image:type\" content=\"image\/png\" \/>\n<meta name=\"twitter:card\" content=\"summary_large_image\" \/>\n<meta name=\"twitter:label1\" content=\"Tiempo de lectura\" \/>\n\t<meta name=\"twitter:data1\" content=\"1 minuto\" \/>\n<script type=\"application\/ld+json\" class=\"yoast-schema-graph\">{\"@context\":\"https:\/\/schema.org\",\"@graph\":[{\"@type\":\"WebPage\",\"@id\":\"https:\/\/365-housse.com\/es\/productos\/housse-de-chaise-merry-christmas-bleue\/\",\"url\":\"https:\/\/365-housse.com\/es\/productos\/housse-de-chaise-merry-christmas-bleue\/\",\"name\":\"Funda para silla Feliz Navidad Azul en entrega - gratis Ahorra un 30% en tu pedido\",\"isPartOf\":{\"@id\":\"https:\/\/365-housse.com\/es\/#website\"},\"primaryImageOfPage\":{\"@id\":\"https:\/\/365-housse.com\/es\/productos\/housse-de-chaise-merry-christmas-bleue\/#primaryimage\"},\"image\":{\"@id\":\"https:\/\/365-housse.com\/es\/productos\/housse-de-chaise-merry-christmas-bleue\/#primaryimage\"},\"thumbnailUrl\":\"https:\/\/365-housse.com\/wp-content\/uploads\/2023\/06\/housses-de-chaise-merry-christmas-bleue.png\",\"datePublished\":\"2023-06-12T08:12:27+00:00\",\"dateModified\":\"2024-09-17T15:06:42+00:00\",\"description\":\"Recibe tu Funda para silla Feliz Navidad Azul hoy y benef\u00edciate de la entrega - gratuita Env\u00edo en 24\/48h\",\"breadcrumb\":{\"@id\":\"https:\/\/365-housse.com\/es\/productos\/housse-de-chaise-merry-christmas-bleue\/#breadcrumb\"},\"inLanguage\":\"es\",\"potentialAction\":[{\"@type\":\"ReadAction\",\"target\":[\"https:\/\/365-housse.com\/es\/productos\/housse-de-chaise-merry-christmas-bleue\/\"]}]},{\"@type\":\"ImageObject\",\"inLanguage\":\"es\",\"@id\":\"https:\/\/365-housse.com\/es\/productos\/housse-de-chaise-merry-christmas-bleue\/#primaryimage\",\"url\":\"https:\/\/365-housse.com\/wp-content\/uploads\/2023\/06\/housses-de-chaise-merry-christmas-bleue.png\",\"contentUrl\":\"https:\/\/365-housse.com\/wp-content\/uploads\/2023\/06\/housses-de-chaise-merry-christmas-bleue.png\",\"width\":492,\"height\":491},{\"@type\":\"BreadcrumbList\",\"@id\":\"https:\/\/365-housse.com\/es\/productos\/housse-de-chaise-merry-christmas-bleue\/#breadcrumb\",\"itemListElement\":[{\"@type\":\"ListItem\",\"position\":1,\"name\":\"Accueil\",\"item\":\"https:\/\/365-housse.com\/es\/\"},{\"@type\":\"ListItem\",\"position\":2,\"name\":\"Tienda\",\"item\":\"https:\/\/365-housse.com\/es\/tienda\/\"},{\"@type\":\"ListItem\",\"position\":3,\"name\":\"Funda para silla Feliz Navidad Azul\"}]},{\"@type\":\"WebSite\",\"@id\":\"https:\/\/365-housse.com\/es\/#website\",\"url\":\"https:\/\/365-housse.com\/es\/\",\"name\":\"Housse de Canap\u00e9\",\"description\":\"Le N\u00b01 de la Housse\",\"publisher\":{\"@id\":\"https:\/\/365-housse.com\/es\/#organization\"},\"potentialAction\":[{\"@type\":\"SearchAction\",\"target\":{\"@type\":\"EntryPoint\",\"urlTemplate\":\"https:\/\/365-housse.com\/es\/?s={search_term_string}\"},\"query-input\":{\"@type\":\"PropertyValueSpecification\",\"valueRequired\":true,\"valueName\":\"search_term_string\"}}],\"inLanguage\":\"es\"},{\"@type\":\"Organization\",\"@id\":\"https:\/\/365-housse.com\/es\/#organization\",\"name\":\"Housse de Canap\u00e9\",\"url\":\"https:\/\/365-housse.com\/es\/\",\"logo\":{\"@type\":\"ImageObject\",\"inLanguage\":\"es\",\"@id\":\"https:\/\/365-housse.com\/es\/#\/schema\/logo\/image\/\",\"url\":\"https:\/\/365-housse.com\/wp-content\/uploads\/2023\/06\/LOGO-400-\u00d7-200-px-392-x-134-px-16.png\",\"contentUrl\":\"https:\/\/365-housse.com\/wp-content\/uploads\/2023\/06\/LOGO-400-\u00d7-200-px-392-x-134-px-16.png\",\"width\":392,\"height\":134,\"caption\":\"Housse de Canap\u00e9\"},\"image\":{\"@id\":\"https:\/\/365-housse.com\/es\/#\/schema\/logo\/image\/\"}}]}<\/script>","yoast_head_json":{"title":"Funda para silla Feliz Navidad Azul en entrega - gratis Ahorra un 30% en tu pedido","description":"Recibe tu Funda para silla Feliz Navidad Azul hoy y benef\u00edciate de la entrega - gratuita Env\u00edo en 24\/48h","robots":{"index":"index","follow":"follow","max-snippet":"max-snippet:-1","max-image-preview":"max-image-preview:large","max-video-preview":"max-video-preview:-1"},"canonical":"https:\/\/365-housse.com\/es\/productos\/housse-de-chaise-merry-christmas-bleue\/","og_locale":"es_ES","og_type":"article","og_title":"Funda para silla Feliz Navidad Azul en entrega - gratis Ahorra un 30% en tu pedido","og_description":"Recibe tu Funda para silla Feliz Navidad Azul hoy y benef\u00edciate de la entrega - gratuita Env\u00edo en 24\/48h","og_url":"https:\/\/365-housse.com\/es\/productos\/housse-de-chaise-merry-christmas-bleue\/","og_site_name":"Housse de Canap\u00e9","article_modified_time":"2024-09-17T15:06:42+00:00","og_image":[{"width":492,"height":491,"url":"https:\/\/365-housse.com\/wp-content\/uploads\/2023\/06\/housses-de-chaise-merry-christmas-bleue.png","type":"image\/png"}],"twitter_card":"summary_large_image","twitter_misc":{"Tiempo de lectura":"1 minuto"},"schema":{"@context":"https:\/\/schema.org","@graph":[{"@type":"WebPage","@id":"https:\/\/365-housse.com\/es\/productos\/housse-de-chaise-merry-christmas-bleue\/","url":"https:\/\/365-housse.com\/es\/productos\/housse-de-chaise-merry-christmas-bleue\/","name":"Funda para silla Feliz Navidad Azul en entrega - gratis Ahorra un 30% en tu pedido","isPartOf":{"@id":"https:\/\/365-housse.com\/es\/#website"},"primaryImageOfPage":{"@id":"https:\/\/365-housse.com\/es\/productos\/housse-de-chaise-merry-christmas-bleue\/#primaryimage"},"image":{"@id":"https:\/\/365-housse.com\/es\/productos\/housse-de-chaise-merry-christmas-bleue\/#primaryimage"},"thumbnailUrl":"https:\/\/365-housse.com\/wp-content\/uploads\/2023\/06\/housses-de-chaise-merry-christmas-bleue.png","datePublished":"2023-06-12T08:12:27+00:00","dateModified":"2024-09-17T15:06:42+00:00","description":"Recibe tu Funda para silla Feliz Navidad Azul hoy y benef\u00edciate de la entrega - gratuita Env\u00edo en 24\/48h","breadcrumb":{"@id":"https:\/\/365-housse.com\/es\/productos\/housse-de-chaise-merry-christmas-bleue\/#breadcrumb"},"inLanguage":"es","potentialAction":[{"@type":"ReadAction","target":["https:\/\/365-housse.com\/es\/productos\/housse-de-chaise-merry-christmas-bleue\/"]}]},{"@type":"ImageObject","inLanguage":"es","@id":"https:\/\/365-housse.com\/es\/productos\/housse-de-chaise-merry-christmas-bleue\/#primaryimage","url":"https:\/\/365-housse.com\/wp-content\/uploads\/2023\/06\/housses-de-chaise-merry-christmas-bleue.png","contentUrl":"https:\/\/365-housse.com\/wp-content\/uploads\/2023\/06\/housses-de-chaise-merry-christmas-bleue.png","width":492,"height":491},{"@type":"BreadcrumbList","@id":"https:\/\/365-housse.com\/es\/productos\/housse-de-chaise-merry-christmas-bleue\/#breadcrumb","itemListElement":[{"@type":"ListItem","position":1,"name":"Accueil","item":"https:\/\/365-housse.com\/es\/"},{"@type":"ListItem","position":2,"name":"Tienda","item":"https:\/\/365-housse.com\/es\/tienda\/"},{"@type":"ListItem","position":3,"name":"Funda para silla Feliz Navidad Azul"}]},{"@type":"WebSite","@id":"https:\/\/365-housse.com\/es\/#website","url":"https:\/\/365-housse.com\/es\/","name":"Housse de Canap\u00e9","description":"Le N\u00b01 de la Housse","publisher":{"@id":"https:\/\/365-housse.com\/es\/#organization"},"potentialAction":[{"@type":"SearchAction","target":{"@type":"EntryPoint","urlTemplate":"https:\/\/365-housse.com\/es\/?s={search_term_string}"},"query-input":{"@type":"PropertyValueSpecification","valueRequired":true,"valueName":"search_term_string"}}],"inLanguage":"es"},{"@type":"Organization","@id":"https:\/\/365-housse.com\/es\/#organization","name":"Housse de Canap\u00e9","url":"https:\/\/365-housse.com\/es\/","logo":{"@type":"ImageObject","inLanguage":"es","@id":"https:\/\/365-housse.com\/es\/#\/schema\/logo\/image\/","url":"https:\/\/365-housse.com\/wp-content\/uploads\/2023\/06\/LOGO-400-\u00d7-200-px-392-x-134-px-16.png","contentUrl":"https:\/\/365-housse.com\/wp-content\/uploads\/2023\/06\/LOGO-400-\u00d7-200-px-392-x-134-px-16.png","width":392,"height":134,"caption":"Housse de Canap\u00e9"},"image":{"@id":"https:\/\/365-housse.com\/es\/#\/schema\/logo\/image\/"}}]}},"_links":{"self":[{"href":"https:\/\/365-housse.com\/es\/wp-json\/wp\/v2\/product\/19967"}],"collection":[{"href":"https:\/\/365-housse.com\/es\/wp-json\/wp\/v2\/product"}],"about":[{"href":"https:\/\/365-housse.com\/es\/wp-json\/wp\/v2\/types\/product"}],"replies":[{"embeddable":true,"href":"https:\/\/365-housse.com\/es\/wp-json\/wp\/v2\/comments?post=19967"}],"wp:featuredmedia":[{"embeddable":true,"href":"https:\/\/365-housse.com\/es\/wp-json\/wp\/v2\/media\/16045"}],"wp:attachment":[{"href":"https:\/\/365-housse.com\/es\/wp-json\/wp\/v2\/media?parent=19967"}],"wp:term":[{"taxonomy":"product_cat","embeddable":true,"href":"https:\/\/365-housse.com\/es\/wp-json\/wp\/v2\/product_cat?post=19967"},{"taxonomy":"product_tag","embeddable":true,"href":"https:\/\/365-housse.com\/es\/wp-json\/wp\/v2\/product_tag?post=19967"}],"curies":[{"name":"wp","href":"https:\/\/api.w.org\/{rel}","templated":true}]}}