{"id":19986,"date":"2023-06-12T08:12:17","date_gmt":"2023-06-12T08:12:17","guid":{"rendered":"https:\/\/365-housse.com\/products\/housse-de-chaise-merry-christmas-bleu-ciel\/"},"modified":"2024-09-17T15:06:56","modified_gmt":"2024-09-17T15:06:56","slug":"housse-de-chaise-merry-christmas-bleu-ciel","status":"publish","type":"product","link":"https:\/\/365-housse.com\/es\/productos\/housse-de-chaise-merry-christmas-bleu-ciel\/","title":{"rendered":"Funda para silla Feliz Navidad azul cielo"},"content":{"rendered":"<h2 data-mce-fragment=\"1\" data-pm-slice=\"1 1 []\">\u00a1Mejora tu interior con la funda para silla Merry Christmas azul cielo!<\/h2>\n<h3><span>Ventajas de Merry Funda para silla navide\u00f1a azul cielo para tu hogar <strong>:<\/strong><\/span><\/h3>\n<ul>\n<li>\n<p>Aporta<span> <\/span><strong>un encanto extra<\/strong><span> <\/span>y<strong><span> <\/span>estilo<\/strong><span> <\/span>a tu decoraci\u00f3n interior<\/p>\n<\/li>\n<li>\n<p>El La funda ofrece<span>\u00a0<\/span><strong>defensa \u00f3ptima<\/strong><span>\u00a0<\/span>contra el desgaste, la suciedad, las manchas, las mascotas,&#8230;<\/p>\n<\/li>\n<li>\n<p><strong>Se ajusta en segundos<\/strong>, <span data-mce-fragment=\"1\">estas fundas protectoras tienen propiedades el\u00e1sticas que les permiten adaptarse perfectamente al 99% de los modelos de sillas<\/span><\/p>\n<\/li>\n<li><span data-mce-fragment=\"1\">Fabricado con una<strong>gama de materiales de alta calidad<\/strong><\/span><\/li>\n<\/ul>\n<p><span> <strong>Caracter\u00edsticas: <\/strong><\/span><\/p>\n<ul>\n<li>\n<p><span>Material: 10<\/span><span>% Spandex (material el\u00e1stico) + 90%<\/ span><span>Poli\u00e9ster<\/span><\/p>\n<\/li>\n<li>\n<p><span>Tela de alta densidad para proteger tu silla de derrames inesperados<\/span><\/p>\n<\/li>\n<li>\n<p><span><strong>tecnolog\u00eda de impresi\u00f3n de ultra rendimiento<\/strong> para una mayor longevidad del color, excelente iluminaci\u00f3n y mantenimiento<\/span><\/p>\n<\/li>\n<li>\n<p><span> F\u00e1cil de configurar <\/span><\/p>\n<\/li>\n<li>\n<p><span data-mce-fragment=\"1\">Mantenga su silla limpia y en buenas condiciones<\/span> <\/p>\n<\/li>\n<li>\n<p><span data-mce>El dise\u00f1o el\u00e1stico proporciona un ajuste c\u00f3modo y un agarre antideslizante<\/span><\/p>\n<\/li>\n<li>\n<p>Lavable a m\u00e1quina<\/p>\n<\/li>\n<\/ul>\n<p><span><strong>Tabla de tallas:<\/strong><\/span><\/p>\n<p><img decoding=\"async\" alt=\"gu\u00eda-de-tama\u00f1os-funda-silla\" height=\" 292\" src=\"https:\/\/365-housse.com\/wp-content\/uploads\/2023\/06\/guide-des-tailles-housse-de-chaise_480x480.jpg ?v=1623508915\" style=\"margin-left: auto;margin-right: auto\" width=\"350\" \/><\/p>\n<div>Nuestras fundas para sillas son universales y se adaptan a muchos modelos<\/div>\n<div><\/div>\n<p><img decoding=\"async\" alt=\"\" src=\"https:\/\/365-housse.com\/wp-content\/uploads\/2023\/06\/housse-de-chaise-universelle_480x480.jpg? v=1623509218\" style=\"margin-left: auto;margin-right: auto\" \/><\/p>\n<p data-pm-slice=\"1 1 []\">Nuestro <a href=\"https:\/\/ 365-housse.com\/es \/collections\/funda-de-silla\/\" rel=\"noopener noreferrer\" target=\"_blank\" title=\"Fundas para sillas\"><strong>Fundas para sillas<\/strong><\/a> son una M\u00e9todo divertido y econ\u00f3mico para agregar alegr\u00eda navide\u00f1a a cualquier espacio para satisfacer sus necesidades de entretenimiento. Nuestro <a href=\"https:\/\/365-housse.com\/es\/products\/housse-de-chaise-merry-christmas-grise\/\" rel=\"noopener noreferrer\" target=\"_blank\" title=\"Funda Silla Merry Christmas Grey\"><strong>Funda para silla Merry Christmas Grey<\/strong><\/a> ofrece un atractivo dise\u00f1o que asegurar\u00e1 la comodidad de tus invitados y aportar\u00e1 un poco de diversi\u00f3n a tu reuni\u00f3n familiar.<\/p>\n<p><span>NOTA: \u00a1Empiece por colocar la funda de la silla desde atr\u00e1s!\u00a0<\/span><\/p>\n","protected":false},"excerpt":{"rendered":"<p>\u00a1Mejora tu interior con la funda para silla Merry Christmas azul cielo! Ventajas de Merry Funda para silla navide\u00f1a azul cielo para tu hogar : Aporta un encanto extra y estilo a tu decoraci\u00f3n interior El La funda ofrece\u00a0defensa \u00f3ptima\u00a0contra el desgaste, la suciedad, las manchas, las mascotas,&#8230; Se ajusta en segundos, estas fundas protectoras [&hellip;]<\/p>\n","protected":false},"featured_media":16025,"comment_status":"open","ping_status":"closed","template":"","meta":[],"product_cat":[176,161],"product_tag":[212],"class_list":{"0":"post-19986","1":"product","2":"type-product","3":"status-publish","4":"has-post-thumbnail","6":"product_cat-funda-de-silla","7":"product_cat-portada-interior","8":"product_tag-chaise-es","10":"first","11":"instock","12":"shipping-taxable","13":"purchasable","14":"product-type-simple"},"yoast_head":"<title>Funda para silla Feliz Navidad azul cielo en entrega - gratis Ahorra un 30% en tu pedido<\/title>\n<meta name=\"description\" content=\"Recibe tu Funda para silla Feliz Navidad azul cielo hoy y benef\u00edciate de la entrega - gratuita Env\u00edo en 24\/48h\" \/>\n<meta name=\"robots\" content=\"index, follow, max-snippet:-1, max-image-preview:large, max-video-preview:-1\" \/>\n<link rel=\"canonical\" href=\"https:\/\/365-housse.com\/es\/productos\/housse-de-chaise-merry-christmas-bleu-ciel\/\" \/>\n<meta property=\"og:locale\" content=\"es_ES\" \/>\n<meta property=\"og:type\" content=\"article\" \/>\n<meta property=\"og:title\" content=\"Funda para silla Feliz Navidad azul cielo en entrega - gratis Ahorra un 30% en tu pedido\" \/>\n<meta property=\"og:description\" content=\"Recibe tu Funda para silla Feliz Navidad azul cielo hoy y benef\u00edciate de la entrega - gratuita Env\u00edo en 24\/48h\" \/>\n<meta property=\"og:url\" content=\"https:\/\/365-housse.com\/es\/productos\/housse-de-chaise-merry-christmas-bleu-ciel\/\" \/>\n<meta property=\"og:site_name\" content=\"Housse de Canap\u00e9\" \/>\n<meta property=\"article:modified_time\" content=\"2024-09-17T15:06:56+00:00\" \/>\n<meta property=\"og:image\" content=\"https:\/\/365-housse.com\/wp-content\/uploads\/2023\/06\/housse-chaise-merry-christmas-bleu-ciel.png\" \/>\n\t<meta property=\"og:image:width\" content=\"493\" \/>\n\t<meta property=\"og:image:height\" content=\"478\" \/>\n\t<meta property=\"og:image:type\" content=\"image\/png\" \/>\n<meta name=\"twitter:card\" content=\"summary_large_image\" \/>\n<meta name=\"twitter:label1\" content=\"Tiempo de lectura\" \/>\n\t<meta name=\"twitter:data1\" content=\"1 minuto\" \/>\n<script type=\"application\/ld+json\" class=\"yoast-schema-graph\">{\"@context\":\"https:\/\/schema.org\",\"@graph\":[{\"@type\":\"WebPage\",\"@id\":\"https:\/\/365-housse.com\/es\/productos\/housse-de-chaise-merry-christmas-bleu-ciel\/\",\"url\":\"https:\/\/365-housse.com\/es\/productos\/housse-de-chaise-merry-christmas-bleu-ciel\/\",\"name\":\"Funda para silla Feliz Navidad azul cielo en entrega - gratis Ahorra un 30% en tu pedido\",\"isPartOf\":{\"@id\":\"https:\/\/365-housse.com\/es\/#website\"},\"primaryImageOfPage\":{\"@id\":\"https:\/\/365-housse.com\/es\/productos\/housse-de-chaise-merry-christmas-bleu-ciel\/#primaryimage\"},\"image\":{\"@id\":\"https:\/\/365-housse.com\/es\/productos\/housse-de-chaise-merry-christmas-bleu-ciel\/#primaryimage\"},\"thumbnailUrl\":\"https:\/\/365-housse.com\/wp-content\/uploads\/2023\/06\/housse-chaise-merry-christmas-bleu-ciel.png\",\"datePublished\":\"2023-06-12T08:12:17+00:00\",\"dateModified\":\"2024-09-17T15:06:56+00:00\",\"description\":\"Recibe tu Funda para silla Feliz Navidad azul cielo hoy y benef\u00edciate de la entrega - gratuita Env\u00edo en 24\/48h\",\"breadcrumb\":{\"@id\":\"https:\/\/365-housse.com\/es\/productos\/housse-de-chaise-merry-christmas-bleu-ciel\/#breadcrumb\"},\"inLanguage\":\"es\",\"potentialAction\":[{\"@type\":\"ReadAction\",\"target\":[\"https:\/\/365-housse.com\/es\/productos\/housse-de-chaise-merry-christmas-bleu-ciel\/\"]}]},{\"@type\":\"ImageObject\",\"inLanguage\":\"es\",\"@id\":\"https:\/\/365-housse.com\/es\/productos\/housse-de-chaise-merry-christmas-bleu-ciel\/#primaryimage\",\"url\":\"https:\/\/365-housse.com\/wp-content\/uploads\/2023\/06\/housse-chaise-merry-christmas-bleu-ciel.png\",\"contentUrl\":\"https:\/\/365-housse.com\/wp-content\/uploads\/2023\/06\/housse-chaise-merry-christmas-bleu-ciel.png\",\"width\":493,\"height\":478},{\"@type\":\"BreadcrumbList\",\"@id\":\"https:\/\/365-housse.com\/es\/productos\/housse-de-chaise-merry-christmas-bleu-ciel\/#breadcrumb\",\"itemListElement\":[{\"@type\":\"ListItem\",\"position\":1,\"name\":\"Accueil\",\"item\":\"https:\/\/365-housse.com\/es\/\"},{\"@type\":\"ListItem\",\"position\":2,\"name\":\"Tienda\",\"item\":\"https:\/\/365-housse.com\/es\/tienda\/\"},{\"@type\":\"ListItem\",\"position\":3,\"name\":\"Funda para silla Feliz Navidad azul cielo\"}]},{\"@type\":\"WebSite\",\"@id\":\"https:\/\/365-housse.com\/es\/#website\",\"url\":\"https:\/\/365-housse.com\/es\/\",\"name\":\"Housse de Canap\u00e9\",\"description\":\"Le N\u00b01 de la Housse\",\"publisher\":{\"@id\":\"https:\/\/365-housse.com\/es\/#organization\"},\"potentialAction\":[{\"@type\":\"SearchAction\",\"target\":{\"@type\":\"EntryPoint\",\"urlTemplate\":\"https:\/\/365-housse.com\/es\/?s={search_term_string}\"},\"query-input\":{\"@type\":\"PropertyValueSpecification\",\"valueRequired\":true,\"valueName\":\"search_term_string\"}}],\"inLanguage\":\"es\"},{\"@type\":\"Organization\",\"@id\":\"https:\/\/365-housse.com\/es\/#organization\",\"name\":\"Housse de Canap\u00e9\",\"url\":\"https:\/\/365-housse.com\/es\/\",\"logo\":{\"@type\":\"ImageObject\",\"inLanguage\":\"es\",\"@id\":\"https:\/\/365-housse.com\/es\/#\/schema\/logo\/image\/\",\"url\":\"https:\/\/365-housse.com\/wp-content\/uploads\/2023\/06\/LOGO-400-\u00d7-200-px-392-x-134-px-16.png\",\"contentUrl\":\"https:\/\/365-housse.com\/wp-content\/uploads\/2023\/06\/LOGO-400-\u00d7-200-px-392-x-134-px-16.png\",\"width\":392,\"height\":134,\"caption\":\"Housse de Canap\u00e9\"},\"image\":{\"@id\":\"https:\/\/365-housse.com\/es\/#\/schema\/logo\/image\/\"}}]}<\/script>","yoast_head_json":{"title":"Funda para silla Feliz Navidad azul cielo en entrega - gratis Ahorra un 30% en tu pedido","description":"Recibe tu Funda para silla Feliz Navidad azul cielo hoy y benef\u00edciate de la entrega - gratuita Env\u00edo en 24\/48h","robots":{"index":"index","follow":"follow","max-snippet":"max-snippet:-1","max-image-preview":"max-image-preview:large","max-video-preview":"max-video-preview:-1"},"canonical":"https:\/\/365-housse.com\/es\/productos\/housse-de-chaise-merry-christmas-bleu-ciel\/","og_locale":"es_ES","og_type":"article","og_title":"Funda para silla Feliz Navidad azul cielo en entrega - gratis Ahorra un 30% en tu pedido","og_description":"Recibe tu Funda para silla Feliz Navidad azul cielo hoy y benef\u00edciate de la entrega - gratuita Env\u00edo en 24\/48h","og_url":"https:\/\/365-housse.com\/es\/productos\/housse-de-chaise-merry-christmas-bleu-ciel\/","og_site_name":"Housse de Canap\u00e9","article_modified_time":"2024-09-17T15:06:56+00:00","og_image":[{"width":493,"height":478,"url":"https:\/\/365-housse.com\/wp-content\/uploads\/2023\/06\/housse-chaise-merry-christmas-bleu-ciel.png","type":"image\/png"}],"twitter_card":"summary_large_image","twitter_misc":{"Tiempo de lectura":"1 minuto"},"schema":{"@context":"https:\/\/schema.org","@graph":[{"@type":"WebPage","@id":"https:\/\/365-housse.com\/es\/productos\/housse-de-chaise-merry-christmas-bleu-ciel\/","url":"https:\/\/365-housse.com\/es\/productos\/housse-de-chaise-merry-christmas-bleu-ciel\/","name":"Funda para silla Feliz Navidad azul cielo en entrega - gratis Ahorra un 30% en tu pedido","isPartOf":{"@id":"https:\/\/365-housse.com\/es\/#website"},"primaryImageOfPage":{"@id":"https:\/\/365-housse.com\/es\/productos\/housse-de-chaise-merry-christmas-bleu-ciel\/#primaryimage"},"image":{"@id":"https:\/\/365-housse.com\/es\/productos\/housse-de-chaise-merry-christmas-bleu-ciel\/#primaryimage"},"thumbnailUrl":"https:\/\/365-housse.com\/wp-content\/uploads\/2023\/06\/housse-chaise-merry-christmas-bleu-ciel.png","datePublished":"2023-06-12T08:12:17+00:00","dateModified":"2024-09-17T15:06:56+00:00","description":"Recibe tu Funda para silla Feliz Navidad azul cielo hoy y benef\u00edciate de la entrega - gratuita Env\u00edo en 24\/48h","breadcrumb":{"@id":"https:\/\/365-housse.com\/es\/productos\/housse-de-chaise-merry-christmas-bleu-ciel\/#breadcrumb"},"inLanguage":"es","potentialAction":[{"@type":"ReadAction","target":["https:\/\/365-housse.com\/es\/productos\/housse-de-chaise-merry-christmas-bleu-ciel\/"]}]},{"@type":"ImageObject","inLanguage":"es","@id":"https:\/\/365-housse.com\/es\/productos\/housse-de-chaise-merry-christmas-bleu-ciel\/#primaryimage","url":"https:\/\/365-housse.com\/wp-content\/uploads\/2023\/06\/housse-chaise-merry-christmas-bleu-ciel.png","contentUrl":"https:\/\/365-housse.com\/wp-content\/uploads\/2023\/06\/housse-chaise-merry-christmas-bleu-ciel.png","width":493,"height":478},{"@type":"BreadcrumbList","@id":"https:\/\/365-housse.com\/es\/productos\/housse-de-chaise-merry-christmas-bleu-ciel\/#breadcrumb","itemListElement":[{"@type":"ListItem","position":1,"name":"Accueil","item":"https:\/\/365-housse.com\/es\/"},{"@type":"ListItem","position":2,"name":"Tienda","item":"https:\/\/365-housse.com\/es\/tienda\/"},{"@type":"ListItem","position":3,"name":"Funda para silla Feliz Navidad azul cielo"}]},{"@type":"WebSite","@id":"https:\/\/365-housse.com\/es\/#website","url":"https:\/\/365-housse.com\/es\/","name":"Housse de Canap\u00e9","description":"Le N\u00b01 de la Housse","publisher":{"@id":"https:\/\/365-housse.com\/es\/#organization"},"potentialAction":[{"@type":"SearchAction","target":{"@type":"EntryPoint","urlTemplate":"https:\/\/365-housse.com\/es\/?s={search_term_string}"},"query-input":{"@type":"PropertyValueSpecification","valueRequired":true,"valueName":"search_term_string"}}],"inLanguage":"es"},{"@type":"Organization","@id":"https:\/\/365-housse.com\/es\/#organization","name":"Housse de Canap\u00e9","url":"https:\/\/365-housse.com\/es\/","logo":{"@type":"ImageObject","inLanguage":"es","@id":"https:\/\/365-housse.com\/es\/#\/schema\/logo\/image\/","url":"https:\/\/365-housse.com\/wp-content\/uploads\/2023\/06\/LOGO-400-\u00d7-200-px-392-x-134-px-16.png","contentUrl":"https:\/\/365-housse.com\/wp-content\/uploads\/2023\/06\/LOGO-400-\u00d7-200-px-392-x-134-px-16.png","width":392,"height":134,"caption":"Housse de Canap\u00e9"},"image":{"@id":"https:\/\/365-housse.com\/es\/#\/schema\/logo\/image\/"}}]}},"_links":{"self":[{"href":"https:\/\/365-housse.com\/es\/wp-json\/wp\/v2\/product\/19986"}],"collection":[{"href":"https:\/\/365-housse.com\/es\/wp-json\/wp\/v2\/product"}],"about":[{"href":"https:\/\/365-housse.com\/es\/wp-json\/wp\/v2\/types\/product"}],"replies":[{"embeddable":true,"href":"https:\/\/365-housse.com\/es\/wp-json\/wp\/v2\/comments?post=19986"}],"wp:featuredmedia":[{"embeddable":true,"href":"https:\/\/365-housse.com\/es\/wp-json\/wp\/v2\/media\/16025"}],"wp:attachment":[{"href":"https:\/\/365-housse.com\/es\/wp-json\/wp\/v2\/media?parent=19986"}],"wp:term":[{"taxonomy":"product_cat","embeddable":true,"href":"https:\/\/365-housse.com\/es\/wp-json\/wp\/v2\/product_cat?post=19986"},{"taxonomy":"product_tag","embeddable":true,"href":"https:\/\/365-housse.com\/es\/wp-json\/wp\/v2\/product_tag?post=19986"}],"curies":[{"name":"wp","href":"https:\/\/api.w.org\/{rel}","templated":true}]}}