{"id":20002,"date":"2023-06-12T08:12:06","date_gmt":"2023-06-12T08:12:06","guid":{"rendered":"https:\/\/365-housse.com\/products\/housse-de-chaise-velours-bleu-ciel\/"},"modified":"2024-09-17T15:06:59","modified_gmt":"2024-09-17T15:06:59","slug":"housse-de-chaise-velours-bleu-ciel","status":"publish","type":"product","link":"https:\/\/365-housse.com\/es\/productos\/housse-de-chaise-velours-bleu-ciel\/","title":{"rendered":"Funda de silla de terciopelo azul cielo"},"content":{"rendered":"<h2 data-mce-fragment=\"1\" data-pm-slice=\"1 1 []\">\u00bfTe gusta el <strong data-mce-fragment=\"1\">azul cielo?<\/strong> Nuestros <strong>funda de silla de terciopelo<\/strong> \u00a1est\u00e1 hecha para ti!<\/h2>\n<p data-mce-fragment=\"1\">Esta <strong data-mce-fragment=\"1\">funda para silla<\/strong> en color azul cielo es una de las m\u00e1s populares del mundo y se adapta a todos los lugares y todos los temas. Es ideal para a\u00f1adir belleza y elegancia a tu decoraci\u00f3n interior.\u00a0<\/p>\n<h3>Los beneficios de nuestra <strong>funda de silla de terciopelo azul cielo<\/strong>:<\/h3>\n<ul>\n<li data-mce-fragment=\"1\">Proporciona un aspecto elegante y de dise\u00f1o a su interior<\/li>\n<li data-mce-fragment=\"1\">Protecci\u00f3n \u00f3ptima contra el desgaste, suciedad, manchas, animales, etc.<\/li>\n<li data-mce-fragment=\"1\">Las caracter\u00edsticas el\u00e1sticas permiten un ajuste perfecto al 99% de los modelos de sillas<\/li>\n<li data-mce-fragment=\"1\">Hecho de textil de primera calidad<\/li>\n<\/ul>\n<p data-mce-fragment=\"1\"><strong data-mce-fragment=\"1\">Caracter\u00edsticas:<\/strong><\/p>\n<ul>\n<li data-mce-fragment=\"1\">Material: Terciopelo (suave y c\u00f3modo)<\/li>\n<li data-mce-fragment=\"1\">La tela de alta densidad protege su silla de manchas inesperadas<\/li>\n<li data-mce-fragment=\"1\">Tecnolog\u00eda de impresi\u00f3n<strong data-mce-fragment=\"1\">de alto rendimiento<\/strong>para mejorar el color y la resistencia a la luz<\/li>\n<li data-mce-fragment=\"1\">F\u00e1cil de poner <\/li>\n<li data-mce-fragment=\"1\">Mantiene su silla limpia y en buenas condiciones<\/li>\n<li data-mce-fragment=\"1\">La banda el\u00e1stica proporciona un ajuste perfecto y un agarre antideslizante<\/li>\n<li data-mce-fragment=\"1\">Lavable a m\u00e1quina<\/li>\n<\/ul>\n<p data-mce-fragment=\"1\"><strong data-mce-fragment=\"1\">Gu\u00eda de tallas:<\/strong><\/p>\n<p> <img decoding=\"async\" alt=\"\" src=\"https:\/\/365-housse.com\/wp-content\/uploads\/2023\/06\/Gu\u00eda-de-chaise-casa -size_480x480.png?v=1673805991\" style=\"margin-left: auto;margin-right: auto\" \/><\/p>\n<p data-mce-fragment=\"1\"> NOTA: \u00a1Empiece por colocar la <strong data-mce-fragment=\"1\">funda de terciopelo para silla<\/strong> desde la parte posterior!\u00a0<\/p>\n<p data-mce-fragment=\"1\"><img decoding=\"async\" alt=\"funda-silla\" data-mce-fragment=\"1\" data-mce-selected=\"1\" data-mce-src=\"https: \/\/ 365-housse.com\/wp-content\/uploads\/2023\/06\/housse-de-protection-chaise_480x480.jpg?v=1623509317\" src=\"https:\/\/365-housse.com\/wp-content\/uploads \/2023 \/06\/housse-de-protection-chaise_480x480.jpg?v=1623509317\" style=\"margin-left: auto;margin-right: auto\" \/><\/p>\n<p data-pm-slice=\"1 1 []\">A\u00f1ade un poco de color a tu interior o dale un toque de elegancia y romance a tu habitaci\u00f3n y opta por nuestra <a href=\"https:\/\/365 -housse. com\/es\/collections\/funda-de-silla\/\" rel=\"noopener noreferrer\" target=\"_blank\" title=\"Fundas para sillas\"><strong>Fundas para sillas<\/strong><\/a>. Si buscas otro tono derivado del azul, echa un vistazo a nuestro impresionante <a href=\"https:\/\/365-housse.com\/es\/products\/housse-de-chaise-velours-bleu-canard\/\" rel=\"noopener noreferrer\" target=\"_blank\" title=\"Funda para silla de terciopelo azul pato\"><strong>Funda para silla de terciopelo azul pato<\/strong><\/a>.<\/p>\n","protected":false},"excerpt":{"rendered":"<p>\u00bfTe gusta el azul cielo? Nuestros funda de silla de terciopelo \u00a1est\u00e1 hecha para ti! Esta funda para silla en color azul cielo es una de las m\u00e1s populares del mundo y se adapta a todos los lugares y todos los temas. Es ideal para a\u00f1adir belleza y elegancia a tu decoraci\u00f3n interior.\u00a0 Los beneficios [&hellip;]<\/p>\n","protected":false},"featured_media":15999,"comment_status":"open","ping_status":"closed","template":"","meta":[],"product_cat":[176,161],"product_tag":[212],"class_list":{"0":"post-20002","1":"product","2":"type-product","3":"status-publish","4":"has-post-thumbnail","6":"product_cat-funda-de-silla","7":"product_cat-portada-interior","8":"product_tag-chaise-es","10":"first","11":"instock","12":"shipping-taxable","13":"purchasable","14":"product-type-simple"},"yoast_head":"<title>Funda de silla de terciopelo azul cielo en entrega - gratis Ahorra un 30% en tu pedido<\/title>\n<meta name=\"description\" content=\"Recibe tu Funda de silla de terciopelo azul cielo hoy y benef\u00edciate de la entrega - gratuita Env\u00edo en 24\/48h\" \/>\n<meta name=\"robots\" content=\"index, follow, max-snippet:-1, max-image-preview:large, max-video-preview:-1\" \/>\n<link rel=\"canonical\" href=\"https:\/\/365-housse.com\/es\/productos\/housse-de-chaise-velours-bleu-ciel\/\" \/>\n<meta property=\"og:locale\" content=\"es_ES\" \/>\n<meta property=\"og:type\" content=\"article\" \/>\n<meta property=\"og:title\" content=\"Funda de silla de terciopelo azul cielo en entrega - gratis Ahorra un 30% en tu pedido\" \/>\n<meta property=\"og:description\" content=\"Recibe tu Funda de silla de terciopelo azul cielo hoy y benef\u00edciate de la entrega - gratuita Env\u00edo en 24\/48h\" \/>\n<meta property=\"og:url\" content=\"https:\/\/365-housse.com\/es\/productos\/housse-de-chaise-velours-bleu-ciel\/\" \/>\n<meta property=\"og:site_name\" content=\"Housse de Canap\u00e9\" \/>\n<meta property=\"article:modified_time\" content=\"2024-09-17T15:06:59+00:00\" \/>\n<meta property=\"og:image\" content=\"https:\/\/365-housse.com\/wp-content\/uploads\/2023\/06\/housse-de-chaise-velours-bleu-ciel.jpg\" \/>\n\t<meta property=\"og:image:width\" content=\"473\" \/>\n\t<meta property=\"og:image:height\" content=\"405\" \/>\n\t<meta property=\"og:image:type\" content=\"image\/jpeg\" \/>\n<meta name=\"twitter:card\" content=\"summary_large_image\" \/>\n<meta name=\"twitter:label1\" content=\"Tiempo de lectura\" \/>\n\t<meta name=\"twitter:data1\" content=\"1 minuto\" \/>\n<script type=\"application\/ld+json\" class=\"yoast-schema-graph\">{\"@context\":\"https:\/\/schema.org\",\"@graph\":[{\"@type\":\"WebPage\",\"@id\":\"https:\/\/365-housse.com\/es\/productos\/housse-de-chaise-velours-bleu-ciel\/\",\"url\":\"https:\/\/365-housse.com\/es\/productos\/housse-de-chaise-velours-bleu-ciel\/\",\"name\":\"Funda de silla de terciopelo azul cielo en entrega - gratis Ahorra un 30% en tu pedido\",\"isPartOf\":{\"@id\":\"https:\/\/365-housse.com\/es\/#website\"},\"primaryImageOfPage\":{\"@id\":\"https:\/\/365-housse.com\/es\/productos\/housse-de-chaise-velours-bleu-ciel\/#primaryimage\"},\"image\":{\"@id\":\"https:\/\/365-housse.com\/es\/productos\/housse-de-chaise-velours-bleu-ciel\/#primaryimage\"},\"thumbnailUrl\":\"https:\/\/365-housse.com\/wp-content\/uploads\/2023\/06\/housse-de-chaise-velours-bleu-ciel.jpg\",\"datePublished\":\"2023-06-12T08:12:06+00:00\",\"dateModified\":\"2024-09-17T15:06:59+00:00\",\"description\":\"Recibe tu Funda de silla de terciopelo azul cielo hoy y benef\u00edciate de la entrega - gratuita Env\u00edo en 24\/48h\",\"breadcrumb\":{\"@id\":\"https:\/\/365-housse.com\/es\/productos\/housse-de-chaise-velours-bleu-ciel\/#breadcrumb\"},\"inLanguage\":\"es\",\"potentialAction\":[{\"@type\":\"ReadAction\",\"target\":[\"https:\/\/365-housse.com\/es\/productos\/housse-de-chaise-velours-bleu-ciel\/\"]}]},{\"@type\":\"ImageObject\",\"inLanguage\":\"es\",\"@id\":\"https:\/\/365-housse.com\/es\/productos\/housse-de-chaise-velours-bleu-ciel\/#primaryimage\",\"url\":\"https:\/\/365-housse.com\/wp-content\/uploads\/2023\/06\/housse-de-chaise-velours-bleu-ciel.jpg\",\"contentUrl\":\"https:\/\/365-housse.com\/wp-content\/uploads\/2023\/06\/housse-de-chaise-velours-bleu-ciel.jpg\",\"width\":473,\"height\":405},{\"@type\":\"BreadcrumbList\",\"@id\":\"https:\/\/365-housse.com\/es\/productos\/housse-de-chaise-velours-bleu-ciel\/#breadcrumb\",\"itemListElement\":[{\"@type\":\"ListItem\",\"position\":1,\"name\":\"Accueil\",\"item\":\"https:\/\/365-housse.com\/es\/\"},{\"@type\":\"ListItem\",\"position\":2,\"name\":\"Tienda\",\"item\":\"https:\/\/365-housse.com\/es\/tienda\/\"},{\"@type\":\"ListItem\",\"position\":3,\"name\":\"Funda de silla de terciopelo azul cielo\"}]},{\"@type\":\"WebSite\",\"@id\":\"https:\/\/365-housse.com\/es\/#website\",\"url\":\"https:\/\/365-housse.com\/es\/\",\"name\":\"Housse de Canap\u00e9\",\"description\":\"Le N\u00b01 de la Housse\",\"publisher\":{\"@id\":\"https:\/\/365-housse.com\/es\/#organization\"},\"potentialAction\":[{\"@type\":\"SearchAction\",\"target\":{\"@type\":\"EntryPoint\",\"urlTemplate\":\"https:\/\/365-housse.com\/es\/?s={search_term_string}\"},\"query-input\":{\"@type\":\"PropertyValueSpecification\",\"valueRequired\":true,\"valueName\":\"search_term_string\"}}],\"inLanguage\":\"es\"},{\"@type\":\"Organization\",\"@id\":\"https:\/\/365-housse.com\/es\/#organization\",\"name\":\"Housse de Canap\u00e9\",\"url\":\"https:\/\/365-housse.com\/es\/\",\"logo\":{\"@type\":\"ImageObject\",\"inLanguage\":\"es\",\"@id\":\"https:\/\/365-housse.com\/es\/#\/schema\/logo\/image\/\",\"url\":\"https:\/\/365-housse.com\/wp-content\/uploads\/2023\/06\/LOGO-400-\u00d7-200-px-392-x-134-px-16.png\",\"contentUrl\":\"https:\/\/365-housse.com\/wp-content\/uploads\/2023\/06\/LOGO-400-\u00d7-200-px-392-x-134-px-16.png\",\"width\":392,\"height\":134,\"caption\":\"Housse de Canap\u00e9\"},\"image\":{\"@id\":\"https:\/\/365-housse.com\/es\/#\/schema\/logo\/image\/\"}}]}<\/script>","yoast_head_json":{"title":"Funda de silla de terciopelo azul cielo en entrega - gratis Ahorra un 30% en tu pedido","description":"Recibe tu Funda de silla de terciopelo azul cielo hoy y benef\u00edciate de la entrega - gratuita Env\u00edo en 24\/48h","robots":{"index":"index","follow":"follow","max-snippet":"max-snippet:-1","max-image-preview":"max-image-preview:large","max-video-preview":"max-video-preview:-1"},"canonical":"https:\/\/365-housse.com\/es\/productos\/housse-de-chaise-velours-bleu-ciel\/","og_locale":"es_ES","og_type":"article","og_title":"Funda de silla de terciopelo azul cielo en entrega - gratis Ahorra un 30% en tu pedido","og_description":"Recibe tu Funda de silla de terciopelo azul cielo hoy y benef\u00edciate de la entrega - gratuita Env\u00edo en 24\/48h","og_url":"https:\/\/365-housse.com\/es\/productos\/housse-de-chaise-velours-bleu-ciel\/","og_site_name":"Housse de Canap\u00e9","article_modified_time":"2024-09-17T15:06:59+00:00","og_image":[{"width":473,"height":405,"url":"https:\/\/365-housse.com\/wp-content\/uploads\/2023\/06\/housse-de-chaise-velours-bleu-ciel.jpg","type":"image\/jpeg"}],"twitter_card":"summary_large_image","twitter_misc":{"Tiempo de lectura":"1 minuto"},"schema":{"@context":"https:\/\/schema.org","@graph":[{"@type":"WebPage","@id":"https:\/\/365-housse.com\/es\/productos\/housse-de-chaise-velours-bleu-ciel\/","url":"https:\/\/365-housse.com\/es\/productos\/housse-de-chaise-velours-bleu-ciel\/","name":"Funda de silla de terciopelo azul cielo en entrega - gratis Ahorra un 30% en tu pedido","isPartOf":{"@id":"https:\/\/365-housse.com\/es\/#website"},"primaryImageOfPage":{"@id":"https:\/\/365-housse.com\/es\/productos\/housse-de-chaise-velours-bleu-ciel\/#primaryimage"},"image":{"@id":"https:\/\/365-housse.com\/es\/productos\/housse-de-chaise-velours-bleu-ciel\/#primaryimage"},"thumbnailUrl":"https:\/\/365-housse.com\/wp-content\/uploads\/2023\/06\/housse-de-chaise-velours-bleu-ciel.jpg","datePublished":"2023-06-12T08:12:06+00:00","dateModified":"2024-09-17T15:06:59+00:00","description":"Recibe tu Funda de silla de terciopelo azul cielo hoy y benef\u00edciate de la entrega - gratuita Env\u00edo en 24\/48h","breadcrumb":{"@id":"https:\/\/365-housse.com\/es\/productos\/housse-de-chaise-velours-bleu-ciel\/#breadcrumb"},"inLanguage":"es","potentialAction":[{"@type":"ReadAction","target":["https:\/\/365-housse.com\/es\/productos\/housse-de-chaise-velours-bleu-ciel\/"]}]},{"@type":"ImageObject","inLanguage":"es","@id":"https:\/\/365-housse.com\/es\/productos\/housse-de-chaise-velours-bleu-ciel\/#primaryimage","url":"https:\/\/365-housse.com\/wp-content\/uploads\/2023\/06\/housse-de-chaise-velours-bleu-ciel.jpg","contentUrl":"https:\/\/365-housse.com\/wp-content\/uploads\/2023\/06\/housse-de-chaise-velours-bleu-ciel.jpg","width":473,"height":405},{"@type":"BreadcrumbList","@id":"https:\/\/365-housse.com\/es\/productos\/housse-de-chaise-velours-bleu-ciel\/#breadcrumb","itemListElement":[{"@type":"ListItem","position":1,"name":"Accueil","item":"https:\/\/365-housse.com\/es\/"},{"@type":"ListItem","position":2,"name":"Tienda","item":"https:\/\/365-housse.com\/es\/tienda\/"},{"@type":"ListItem","position":3,"name":"Funda de silla de terciopelo azul cielo"}]},{"@type":"WebSite","@id":"https:\/\/365-housse.com\/es\/#website","url":"https:\/\/365-housse.com\/es\/","name":"Housse de Canap\u00e9","description":"Le N\u00b01 de la Housse","publisher":{"@id":"https:\/\/365-housse.com\/es\/#organization"},"potentialAction":[{"@type":"SearchAction","target":{"@type":"EntryPoint","urlTemplate":"https:\/\/365-housse.com\/es\/?s={search_term_string}"},"query-input":{"@type":"PropertyValueSpecification","valueRequired":true,"valueName":"search_term_string"}}],"inLanguage":"es"},{"@type":"Organization","@id":"https:\/\/365-housse.com\/es\/#organization","name":"Housse de Canap\u00e9","url":"https:\/\/365-housse.com\/es\/","logo":{"@type":"ImageObject","inLanguage":"es","@id":"https:\/\/365-housse.com\/es\/#\/schema\/logo\/image\/","url":"https:\/\/365-housse.com\/wp-content\/uploads\/2023\/06\/LOGO-400-\u00d7-200-px-392-x-134-px-16.png","contentUrl":"https:\/\/365-housse.com\/wp-content\/uploads\/2023\/06\/LOGO-400-\u00d7-200-px-392-x-134-px-16.png","width":392,"height":134,"caption":"Housse de Canap\u00e9"},"image":{"@id":"https:\/\/365-housse.com\/es\/#\/schema\/logo\/image\/"}}]}},"_links":{"self":[{"href":"https:\/\/365-housse.com\/es\/wp-json\/wp\/v2\/product\/20002"}],"collection":[{"href":"https:\/\/365-housse.com\/es\/wp-json\/wp\/v2\/product"}],"about":[{"href":"https:\/\/365-housse.com\/es\/wp-json\/wp\/v2\/types\/product"}],"replies":[{"embeddable":true,"href":"https:\/\/365-housse.com\/es\/wp-json\/wp\/v2\/comments?post=20002"}],"wp:featuredmedia":[{"embeddable":true,"href":"https:\/\/365-housse.com\/es\/wp-json\/wp\/v2\/media\/15999"}],"wp:attachment":[{"href":"https:\/\/365-housse.com\/es\/wp-json\/wp\/v2\/media?parent=20002"}],"wp:term":[{"taxonomy":"product_cat","embeddable":true,"href":"https:\/\/365-housse.com\/es\/wp-json\/wp\/v2\/product_cat?post=20002"},{"taxonomy":"product_tag","embeddable":true,"href":"https:\/\/365-housse.com\/es\/wp-json\/wp\/v2\/product_tag?post=20002"}],"curies":[{"name":"wp","href":"https:\/\/api.w.org\/{rel}","templated":true}]}}