{"id":20005,"date":"2023-06-12T08:12:05","date_gmt":"2023-06-12T08:12:05","guid":{"rendered":"https:\/\/365-housse.com\/products\/housse-de-chaise-jacquard-camel\/"},"modified":"2024-09-17T15:07:09","modified_gmt":"2024-09-17T15:07:09","slug":"housse-de-chaise-jacquard-camel","status":"publish","type":"product","link":"https:\/\/365-housse.com\/es\/productos\/housse-de-chaise-jacquard-camel\/","title":{"rendered":"Funda de silla jacquard camel"},"content":{"rendered":"<h2 data-mce-fragment=\"1\" data-pm-slice=\"1 1 []\">Su particular apariencia hace que esta <strong data-mce-fragment=\"1\">Funda para Silla Jacquard Camel<\/strong> sea \u00fanica y especial. Es perfecto para sillas de restaurante, oficina, hotel, etc. Ofrece un aspecto elegante que realzar\u00e1 la atm\u00f3sfera de su interior. Es una manera f\u00e1cil de agregar elegancia y estilo a su evento. Este estilo se adapta muy bien a eventos formales como galas o banquetes, donde los invitados permanecen sentados durante largos periodos de tiempo.<\/h2>\n<h3>Descubre las ventajas de nuestra <strong>funda para silla jacquard camel<\/strong><span><\/span>:<\/h3>\n<ul>\n<li data-mce-fragment=\"1\">Aporta un toque de elegancia y dise\u00f1o a tu interior<\/li>\n<li data-mce-fragment=\"1\">La funda de la silla proporciona una protecci\u00f3n \u00f3ptima contra el desgaste, la suciedad, las manchas, las mascotas,&#8230;<\/li>\n<li data-mce-fragment=\"1\">Se adapta en segundos, nuestras fundas protectoras tienen propiedades el\u00e1sticas para adaptarse perfectamente al 99% de los modelos de sillas<\/li>\n<li data-mce-fragment=\"1\">Funda fabricada con tela de primera calidad<\/li>\n<\/ul>\n<p data-mce-fragment=\"1\"><strong data-mce-fragment=\"1\">Caracter\u00edsticas:<\/strong><\/p>\n<ul>\n<li data-mce-fragment=\"1\">Material: Jacquard (suave y c\u00f3modo)<\/li>\n<li data-mce-fragment=\"1\">La tela de alta densidad protege su silla de manchas inesperadas<\/li>\n<li data-mce-fragment=\"1\">Alto rendimiento<strong data-mce-fragment=\"1\">tecnolog\u00eda de impresi\u00f3n<\/strong>para una mayor solidez del color a la luz y al lavado<\/li>\n<li data-mce-fragment=\"1\">F\u00e1cil de poner <\/li>\n<li data-mce-fragment=\"1\">Mant\u00e9n tu silla limpia y en buen estado<\/li>\n<li data-mce-fragment=\"1\">El dise\u00f1o de banda el\u00e1stica proporciona un ajuste c\u00f3modo y un agarre antideslizante<\/li>\n<li data-mce-fragment=\"1\">Lavable a m\u00e1quina<\/li>\n<\/ul>\n<p data-mce-fragment=\"1\"><strong data-mce-fragment=\"1\">Gu\u00eda de tallas:<\/strong><\/p>\n<p> <img decoding=\"async\" alt=\"\" src=\"https:\/\/365-housse.com\/wp-content\/uploads\/2023\/06\/Gu\u00eda-de-chaise-casa -size_480x480.png?v=1673805991\" style=\"margin-left: auto;margin-right: auto\" \/><\/p>\n<p data-mce-fragment=\"1\"> NOTA: \u00a1Empiece por colocar la <strong data-mce-fragment=\"1\">funda de silla Jacquard<\/strong> desde la parte posterior!\u00a0<\/p>\n<p data-mce-fragment=\"1\"><img decoding=\"async\" alt=\"funda-silla\" data-mce-fragment=\"1\" data-mce-selected=\"1\" data-mce-src=\"https: \/\/ 365-housse.com\/wp-content\/uploads\/2023\/06\/housse-de-protection-chaise_480x480.jpg?v=1623509317\" src=\"https:\/\/365-housse.com\/wp-content\/uploads \/2023 \/06\/housse-de-protection-chaise_480x480.jpg?v=1623509317\" style=\"margin-left: auto;margin-right: auto\" \/><\/p>\n<p data-pm-slice=\"1 1 []\">Les <a href=\"https:\/\/365-housse.com\/es\/collections\/funda-de-silla\/\" rel=\"noopener noreferrer\" target=\"_blank\" title=\"Fundas para sillas\"><strong>Fundas para sillas<\/strong><\/a> son una forma pr\u00e1ctica de darle un nuevo aspecto a tus sillas. Est\u00e1n fabricados con tela de primera calidad, lo que los hace c\u00f3modos y duraderos. Los colores se pueden elegir entre la gama de colores ofrecida. Tambi\u00e9n puedes elegir la <a href=\"https:\/\/365-housse.com\/products\/housse-de-jacquard-chaise\/\" rel=\"noopener noreferrer\" target=\"_blank\" title=\"Funda para silla Jacquard\"> <strong>Funda para Silla Jacquard<\/strong><\/a> entre nuestra gran selecci\u00f3n de modelos y estilos para combinar con tu decoraci\u00f3n y tus gustos.<\/p>\n","protected":false},"excerpt":{"rendered":"<p>Su particular apariencia hace que esta Funda para Silla Jacquard Camel sea \u00fanica y especial. Es perfecto para sillas de restaurante, oficina, hotel, etc. Ofrece un aspecto elegante que realzar\u00e1 la atm\u00f3sfera de su interior. Es una manera f\u00e1cil de agregar elegancia y estilo a su evento. Este estilo se adapta muy bien a eventos [&hellip;]<\/p>\n","protected":false},"featured_media":15997,"comment_status":"open","ping_status":"closed","template":"","meta":[],"product_cat":[176,161],"product_tag":[212],"class_list":{"0":"post-20005","1":"product","2":"type-product","3":"status-publish","4":"has-post-thumbnail","6":"product_cat-funda-de-silla","7":"product_cat-portada-interior","8":"product_tag-chaise-es","10":"first","11":"instock","12":"shipping-taxable","13":"purchasable","14":"product-type-simple"},"yoast_head":"<title>Funda de silla jacquard camel en entrega - gratis Ahorra un 30% en tu pedido<\/title>\n<meta name=\"description\" content=\"Recibe tu Funda de silla jacquard camel hoy y benef\u00edciate de la entrega - gratuita Env\u00edo en 24\/48h\" \/>\n<meta name=\"robots\" content=\"index, follow, max-snippet:-1, max-image-preview:large, max-video-preview:-1\" \/>\n<link rel=\"canonical\" href=\"https:\/\/365-housse.com\/es\/productos\/housse-de-chaise-jacquard-camel\/\" \/>\n<meta property=\"og:locale\" content=\"es_ES\" \/>\n<meta property=\"og:type\" content=\"article\" \/>\n<meta property=\"og:title\" content=\"Funda de silla jacquard camel en entrega - gratis Ahorra un 30% en tu pedido\" \/>\n<meta property=\"og:description\" content=\"Recibe tu Funda de silla jacquard camel hoy y benef\u00edciate de la entrega - gratuita Env\u00edo en 24\/48h\" \/>\n<meta property=\"og:url\" content=\"https:\/\/365-housse.com\/es\/productos\/housse-de-chaise-jacquard-camel\/\" \/>\n<meta property=\"og:site_name\" content=\"Housse de Canap\u00e9\" \/>\n<meta property=\"article:modified_time\" content=\"2024-09-17T15:07:09+00:00\" \/>\n<meta property=\"og:image\" content=\"https:\/\/365-housse.com\/wp-content\/uploads\/2023\/06\/housse-de-chaise-jacquard-camel.jpg\" \/>\n\t<meta property=\"og:image:width\" content=\"455\" \/>\n\t<meta property=\"og:image:height\" content=\"454\" \/>\n\t<meta property=\"og:image:type\" content=\"image\/jpeg\" \/>\n<meta name=\"twitter:card\" content=\"summary_large_image\" \/>\n<meta name=\"twitter:label1\" content=\"Tiempo de lectura\" \/>\n\t<meta name=\"twitter:data1\" content=\"1 minuto\" \/>\n<script type=\"application\/ld+json\" class=\"yoast-schema-graph\">{\"@context\":\"https:\/\/schema.org\",\"@graph\":[{\"@type\":\"WebPage\",\"@id\":\"https:\/\/365-housse.com\/es\/productos\/housse-de-chaise-jacquard-camel\/\",\"url\":\"https:\/\/365-housse.com\/es\/productos\/housse-de-chaise-jacquard-camel\/\",\"name\":\"Funda de silla jacquard camel en entrega - gratis Ahorra un 30% en tu pedido\",\"isPartOf\":{\"@id\":\"https:\/\/365-housse.com\/es\/#website\"},\"primaryImageOfPage\":{\"@id\":\"https:\/\/365-housse.com\/es\/productos\/housse-de-chaise-jacquard-camel\/#primaryimage\"},\"image\":{\"@id\":\"https:\/\/365-housse.com\/es\/productos\/housse-de-chaise-jacquard-camel\/#primaryimage\"},\"thumbnailUrl\":\"https:\/\/365-housse.com\/wp-content\/uploads\/2023\/06\/housse-de-chaise-jacquard-camel.jpg\",\"datePublished\":\"2023-06-12T08:12:05+00:00\",\"dateModified\":\"2024-09-17T15:07:09+00:00\",\"description\":\"Recibe tu Funda de silla jacquard camel hoy y benef\u00edciate de la entrega - gratuita Env\u00edo en 24\/48h\",\"breadcrumb\":{\"@id\":\"https:\/\/365-housse.com\/es\/productos\/housse-de-chaise-jacquard-camel\/#breadcrumb\"},\"inLanguage\":\"es\",\"potentialAction\":[{\"@type\":\"ReadAction\",\"target\":[\"https:\/\/365-housse.com\/es\/productos\/housse-de-chaise-jacquard-camel\/\"]}]},{\"@type\":\"ImageObject\",\"inLanguage\":\"es\",\"@id\":\"https:\/\/365-housse.com\/es\/productos\/housse-de-chaise-jacquard-camel\/#primaryimage\",\"url\":\"https:\/\/365-housse.com\/wp-content\/uploads\/2023\/06\/housse-de-chaise-jacquard-camel.jpg\",\"contentUrl\":\"https:\/\/365-housse.com\/wp-content\/uploads\/2023\/06\/housse-de-chaise-jacquard-camel.jpg\",\"width\":455,\"height\":454},{\"@type\":\"BreadcrumbList\",\"@id\":\"https:\/\/365-housse.com\/es\/productos\/housse-de-chaise-jacquard-camel\/#breadcrumb\",\"itemListElement\":[{\"@type\":\"ListItem\",\"position\":1,\"name\":\"Accueil\",\"item\":\"https:\/\/365-housse.com\/es\/\"},{\"@type\":\"ListItem\",\"position\":2,\"name\":\"Tienda\",\"item\":\"https:\/\/365-housse.com\/es\/tienda\/\"},{\"@type\":\"ListItem\",\"position\":3,\"name\":\"Funda de silla jacquard camel\"}]},{\"@type\":\"WebSite\",\"@id\":\"https:\/\/365-housse.com\/es\/#website\",\"url\":\"https:\/\/365-housse.com\/es\/\",\"name\":\"Housse de Canap\u00e9\",\"description\":\"Le N\u00b01 de la Housse\",\"publisher\":{\"@id\":\"https:\/\/365-housse.com\/es\/#organization\"},\"potentialAction\":[{\"@type\":\"SearchAction\",\"target\":{\"@type\":\"EntryPoint\",\"urlTemplate\":\"https:\/\/365-housse.com\/es\/?s={search_term_string}\"},\"query-input\":{\"@type\":\"PropertyValueSpecification\",\"valueRequired\":true,\"valueName\":\"search_term_string\"}}],\"inLanguage\":\"es\"},{\"@type\":\"Organization\",\"@id\":\"https:\/\/365-housse.com\/es\/#organization\",\"name\":\"Housse de Canap\u00e9\",\"url\":\"https:\/\/365-housse.com\/es\/\",\"logo\":{\"@type\":\"ImageObject\",\"inLanguage\":\"es\",\"@id\":\"https:\/\/365-housse.com\/es\/#\/schema\/logo\/image\/\",\"url\":\"https:\/\/365-housse.com\/wp-content\/uploads\/2023\/06\/LOGO-400-\u00d7-200-px-392-x-134-px-16.png\",\"contentUrl\":\"https:\/\/365-housse.com\/wp-content\/uploads\/2023\/06\/LOGO-400-\u00d7-200-px-392-x-134-px-16.png\",\"width\":392,\"height\":134,\"caption\":\"Housse de Canap\u00e9\"},\"image\":{\"@id\":\"https:\/\/365-housse.com\/es\/#\/schema\/logo\/image\/\"}}]}<\/script>","yoast_head_json":{"title":"Funda de silla jacquard camel en entrega - gratis Ahorra un 30% en tu pedido","description":"Recibe tu Funda de silla jacquard camel hoy y benef\u00edciate de la entrega - gratuita Env\u00edo en 24\/48h","robots":{"index":"index","follow":"follow","max-snippet":"max-snippet:-1","max-image-preview":"max-image-preview:large","max-video-preview":"max-video-preview:-1"},"canonical":"https:\/\/365-housse.com\/es\/productos\/housse-de-chaise-jacquard-camel\/","og_locale":"es_ES","og_type":"article","og_title":"Funda de silla jacquard camel en entrega - gratis Ahorra un 30% en tu pedido","og_description":"Recibe tu Funda de silla jacquard camel hoy y benef\u00edciate de la entrega - gratuita Env\u00edo en 24\/48h","og_url":"https:\/\/365-housse.com\/es\/productos\/housse-de-chaise-jacquard-camel\/","og_site_name":"Housse de Canap\u00e9","article_modified_time":"2024-09-17T15:07:09+00:00","og_image":[{"width":455,"height":454,"url":"https:\/\/365-housse.com\/wp-content\/uploads\/2023\/06\/housse-de-chaise-jacquard-camel.jpg","type":"image\/jpeg"}],"twitter_card":"summary_large_image","twitter_misc":{"Tiempo de lectura":"1 minuto"},"schema":{"@context":"https:\/\/schema.org","@graph":[{"@type":"WebPage","@id":"https:\/\/365-housse.com\/es\/productos\/housse-de-chaise-jacquard-camel\/","url":"https:\/\/365-housse.com\/es\/productos\/housse-de-chaise-jacquard-camel\/","name":"Funda de silla jacquard camel en entrega - gratis Ahorra un 30% en tu pedido","isPartOf":{"@id":"https:\/\/365-housse.com\/es\/#website"},"primaryImageOfPage":{"@id":"https:\/\/365-housse.com\/es\/productos\/housse-de-chaise-jacquard-camel\/#primaryimage"},"image":{"@id":"https:\/\/365-housse.com\/es\/productos\/housse-de-chaise-jacquard-camel\/#primaryimage"},"thumbnailUrl":"https:\/\/365-housse.com\/wp-content\/uploads\/2023\/06\/housse-de-chaise-jacquard-camel.jpg","datePublished":"2023-06-12T08:12:05+00:00","dateModified":"2024-09-17T15:07:09+00:00","description":"Recibe tu Funda de silla jacquard camel hoy y benef\u00edciate de la entrega - gratuita Env\u00edo en 24\/48h","breadcrumb":{"@id":"https:\/\/365-housse.com\/es\/productos\/housse-de-chaise-jacquard-camel\/#breadcrumb"},"inLanguage":"es","potentialAction":[{"@type":"ReadAction","target":["https:\/\/365-housse.com\/es\/productos\/housse-de-chaise-jacquard-camel\/"]}]},{"@type":"ImageObject","inLanguage":"es","@id":"https:\/\/365-housse.com\/es\/productos\/housse-de-chaise-jacquard-camel\/#primaryimage","url":"https:\/\/365-housse.com\/wp-content\/uploads\/2023\/06\/housse-de-chaise-jacquard-camel.jpg","contentUrl":"https:\/\/365-housse.com\/wp-content\/uploads\/2023\/06\/housse-de-chaise-jacquard-camel.jpg","width":455,"height":454},{"@type":"BreadcrumbList","@id":"https:\/\/365-housse.com\/es\/productos\/housse-de-chaise-jacquard-camel\/#breadcrumb","itemListElement":[{"@type":"ListItem","position":1,"name":"Accueil","item":"https:\/\/365-housse.com\/es\/"},{"@type":"ListItem","position":2,"name":"Tienda","item":"https:\/\/365-housse.com\/es\/tienda\/"},{"@type":"ListItem","position":3,"name":"Funda de silla jacquard camel"}]},{"@type":"WebSite","@id":"https:\/\/365-housse.com\/es\/#website","url":"https:\/\/365-housse.com\/es\/","name":"Housse de Canap\u00e9","description":"Le N\u00b01 de la Housse","publisher":{"@id":"https:\/\/365-housse.com\/es\/#organization"},"potentialAction":[{"@type":"SearchAction","target":{"@type":"EntryPoint","urlTemplate":"https:\/\/365-housse.com\/es\/?s={search_term_string}"},"query-input":{"@type":"PropertyValueSpecification","valueRequired":true,"valueName":"search_term_string"}}],"inLanguage":"es"},{"@type":"Organization","@id":"https:\/\/365-housse.com\/es\/#organization","name":"Housse de Canap\u00e9","url":"https:\/\/365-housse.com\/es\/","logo":{"@type":"ImageObject","inLanguage":"es","@id":"https:\/\/365-housse.com\/es\/#\/schema\/logo\/image\/","url":"https:\/\/365-housse.com\/wp-content\/uploads\/2023\/06\/LOGO-400-\u00d7-200-px-392-x-134-px-16.png","contentUrl":"https:\/\/365-housse.com\/wp-content\/uploads\/2023\/06\/LOGO-400-\u00d7-200-px-392-x-134-px-16.png","width":392,"height":134,"caption":"Housse de Canap\u00e9"},"image":{"@id":"https:\/\/365-housse.com\/es\/#\/schema\/logo\/image\/"}}]}},"_links":{"self":[{"href":"https:\/\/365-housse.com\/es\/wp-json\/wp\/v2\/product\/20005"}],"collection":[{"href":"https:\/\/365-housse.com\/es\/wp-json\/wp\/v2\/product"}],"about":[{"href":"https:\/\/365-housse.com\/es\/wp-json\/wp\/v2\/types\/product"}],"replies":[{"embeddable":true,"href":"https:\/\/365-housse.com\/es\/wp-json\/wp\/v2\/comments?post=20005"}],"wp:featuredmedia":[{"embeddable":true,"href":"https:\/\/365-housse.com\/es\/wp-json\/wp\/v2\/media\/15997"}],"wp:attachment":[{"href":"https:\/\/365-housse.com\/es\/wp-json\/wp\/v2\/media?parent=20005"}],"wp:term":[{"taxonomy":"product_cat","embeddable":true,"href":"https:\/\/365-housse.com\/es\/wp-json\/wp\/v2\/product_cat?post=20005"},{"taxonomy":"product_tag","embeddable":true,"href":"https:\/\/365-housse.com\/es\/wp-json\/wp\/v2\/product_tag?post=20005"}],"curies":[{"name":"wp","href":"https:\/\/api.w.org\/{rel}","templated":true}]}}