{"id":20011,"date":"2023-06-12T08:11:59","date_gmt":"2023-06-12T08:11:59","guid":{"rendered":"https:\/\/365-housse.com\/products\/housse-de-chaise-jacquard-noir\/"},"modified":"2024-09-17T15:07:10","modified_gmt":"2024-09-17T15:07:10","slug":"housse-de-chaise-jacquard-noir","status":"publish","type":"product","link":"https:\/\/365-housse.com\/es\/productos\/housse-de-chaise-jacquard-noir\/","title":{"rendered":"Funda de silla jacquard negra"},"content":{"rendered":"<h2 data-mce-fragment=\"1\" data-pm-slice=\"1 1 []\">Dale a tu silla una <strong data-mce-fragment=\"1\">aspecto elegante<\/strong> con el <strong data-mce-fragment=\"1\">Funda de silla jacquard negra<\/strong>!<\/h2>\n<h3>Ventajas de nuestra <strong>funda para silla jacquard negra<\/strong><span> <\/span>:<\/h3>\n<ul>\n<li data-mce-fragment=\"1\">Destaca la decoraci\u00f3n interior de tu hogar, oficina, hotel, restaurante u otros lugares<\/li>\n<li data-mce-fragment=\"1\">Asegure una protecci\u00f3n \u00f3ptima contra manchas y da\u00f1os<\/li>\n<li data-mce-fragment=\"1\">Dise\u00f1ado con materiales ligeros y duraderos<\/li>\n<li data-mce-fragment=\"1\">La elasticidad de los tejidos proporciona un ajuste perfecto al 99% de los modelos de sillas<\/li>\n<li data-mce-fragment=\"1\">Tejido de alta densidad para una mayor solidez del color<\/li>\n<li data-mce-fragment=\"1\">F\u00e1cil de instalar y mantener<\/li>\n<\/ul>\n<p data-mce-fragment=\"1\"><strong data-mce-fragment=\"1\">Caracter\u00edsticas:<\/strong><\/p>\n<ul>\n<li data-mce-fragment=\"1\">Material: Jacquard (suave y c\u00f3modo)<\/li>\n<li data-mce-fragment=\"1\">Alto rendimiento<strong data-mce-fragment=\"1\">tecnolog\u00eda de impresi\u00f3n<\/strong>para una mayor solidez del color a la luz y al lavado<\/li>\n<li data-mce-fragment=\"1\">F\u00e1cil de poner <\/li>\n<li data-mce-fragment=\"1\">Mant\u00e9n tu silla limpia y en buen estado<\/li>\n<li data-mce-fragment=\"1\">El dise\u00f1o de banda el\u00e1stica proporciona un ajuste c\u00f3modo y un agarre antideslizante<\/li>\n<li data-mce-fragment=\"1\">Lavable a m\u00e1quina<\/li>\n<\/ul>\n<p data-mce-fragment=\"1\"><strong data-mce-fragment=\"1\">Gu\u00eda de tallas:<\/strong><\/p>\n<p> <img decoding=\"async\" alt=\"\" src=\"https:\/\/365-housse.com\/wp-content\/uploads\/2023\/06\/Gu\u00eda-de-chaise-casa -size_480x480.png?v=1673805991\" style=\"margin-left: auto;margin-right: auto\" \/><\/p>\n<p data-mce-fragment=\"1\"> NOTA: \u00a1Empiece por colocar la <strong data-mce-fragment=\"1\">funda de silla Jacquard<\/strong> desde la parte posterior!\u00a0<\/p>\n<p data-pm-slice=\"1 1 []\">Este tipo de objetivo <a href=\"https:\/\/365-housse.com\/es\/collections\/funda-de-silla\/\" rel=\"noopener\" title=\"Funda para silla\"><strong>Funda para silla<\/strong><\/a> es perfecta para cualquier evento u ocasi\u00f3n formal gracias a su tono oscuro y su dise\u00f1o elegante. En nuestro sitio estas fundas protectoras est\u00e1n disponibles en diferentes colores para que puedas elegir el que mejor se adapta a tus necesidades. Si buscas otro color, pero a\u00fan en un tono oscuro, puedes optar por el <a href=\"https:\/\/365-housse.com\/es\/products\/housse-de-chaise-jacquard-marron\/\" rel=\"noopener\" target=\"_blank\" title=\"Funda para silla en jacquard marr\u00f3n\"><strong>Funda para silla en jacquard marr\u00f3n<\/strong><\/a>.<\/p>\n","protected":false},"excerpt":{"rendered":"<p>Dale a tu silla una aspecto elegante con el Funda de silla jacquard negra! Ventajas de nuestra funda para silla jacquard negra : Destaca la decoraci\u00f3n interior de tu hogar, oficina, hotel, restaurante u otros lugares Asegure una protecci\u00f3n \u00f3ptima contra manchas y da\u00f1os Dise\u00f1ado con materiales ligeros y duraderos La elasticidad de los tejidos [&hellip;]<\/p>\n","protected":false},"featured_media":15989,"comment_status":"open","ping_status":"closed","template":"","meta":[],"product_cat":[176,161],"product_tag":[212],"class_list":{"0":"post-20011","1":"product","2":"type-product","3":"status-publish","4":"has-post-thumbnail","6":"product_cat-funda-de-silla","7":"product_cat-portada-interior","8":"product_tag-chaise-es","10":"first","11":"instock","12":"shipping-taxable","13":"purchasable","14":"product-type-simple"},"yoast_head":"<title>Funda de silla jacquard negra en entrega - gratis Ahorra un 30% en tu pedido<\/title>\n<meta name=\"description\" content=\"Recibe tu Funda de silla jacquard negra hoy y benef\u00edciate de la entrega - gratuita Env\u00edo en 24\/48h\" \/>\n<meta name=\"robots\" content=\"index, follow, max-snippet:-1, max-image-preview:large, max-video-preview:-1\" \/>\n<link rel=\"canonical\" href=\"https:\/\/365-housse.com\/es\/productos\/housse-de-chaise-jacquard-noir\/\" \/>\n<meta property=\"og:locale\" content=\"es_ES\" \/>\n<meta property=\"og:type\" content=\"article\" \/>\n<meta property=\"og:title\" content=\"Funda de silla jacquard negra en entrega - gratis Ahorra un 30% en tu pedido\" \/>\n<meta property=\"og:description\" content=\"Recibe tu Funda de silla jacquard negra hoy y benef\u00edciate de la entrega - gratuita Env\u00edo en 24\/48h\" \/>\n<meta property=\"og:url\" content=\"https:\/\/365-housse.com\/es\/productos\/housse-de-chaise-jacquard-noir\/\" \/>\n<meta property=\"og:site_name\" content=\"Housse de Canap\u00e9\" \/>\n<meta property=\"article:modified_time\" content=\"2024-09-17T15:07:10+00:00\" \/>\n<meta property=\"og:image\" content=\"https:\/\/365-housse.com\/wp-content\/uploads\/2023\/06\/housse-de-chaise-en-jacquard-noir.jpg\" \/>\n\t<meta property=\"og:image:width\" content=\"484\" \/>\n\t<meta property=\"og:image:height\" content=\"445\" \/>\n\t<meta property=\"og:image:type\" content=\"image\/jpeg\" \/>\n<meta name=\"twitter:card\" content=\"summary_large_image\" \/>\n<meta name=\"twitter:label1\" content=\"Tiempo de lectura\" \/>\n\t<meta name=\"twitter:data1\" content=\"1 minuto\" \/>\n<script type=\"application\/ld+json\" class=\"yoast-schema-graph\">{\"@context\":\"https:\/\/schema.org\",\"@graph\":[{\"@type\":\"WebPage\",\"@id\":\"https:\/\/365-housse.com\/es\/productos\/housse-de-chaise-jacquard-noir\/\",\"url\":\"https:\/\/365-housse.com\/es\/productos\/housse-de-chaise-jacquard-noir\/\",\"name\":\"Funda de silla jacquard negra en entrega - gratis Ahorra un 30% en tu pedido\",\"isPartOf\":{\"@id\":\"https:\/\/365-housse.com\/es\/#website\"},\"primaryImageOfPage\":{\"@id\":\"https:\/\/365-housse.com\/es\/productos\/housse-de-chaise-jacquard-noir\/#primaryimage\"},\"image\":{\"@id\":\"https:\/\/365-housse.com\/es\/productos\/housse-de-chaise-jacquard-noir\/#primaryimage\"},\"thumbnailUrl\":\"https:\/\/365-housse.com\/wp-content\/uploads\/2023\/06\/housse-de-chaise-en-jacquard-noir.jpg\",\"datePublished\":\"2023-06-12T08:11:59+00:00\",\"dateModified\":\"2024-09-17T15:07:10+00:00\",\"description\":\"Recibe tu Funda de silla jacquard negra hoy y benef\u00edciate de la entrega - gratuita Env\u00edo en 24\/48h\",\"breadcrumb\":{\"@id\":\"https:\/\/365-housse.com\/es\/productos\/housse-de-chaise-jacquard-noir\/#breadcrumb\"},\"inLanguage\":\"es\",\"potentialAction\":[{\"@type\":\"ReadAction\",\"target\":[\"https:\/\/365-housse.com\/es\/productos\/housse-de-chaise-jacquard-noir\/\"]}]},{\"@type\":\"ImageObject\",\"inLanguage\":\"es\",\"@id\":\"https:\/\/365-housse.com\/es\/productos\/housse-de-chaise-jacquard-noir\/#primaryimage\",\"url\":\"https:\/\/365-housse.com\/wp-content\/uploads\/2023\/06\/housse-de-chaise-en-jacquard-noir.jpg\",\"contentUrl\":\"https:\/\/365-housse.com\/wp-content\/uploads\/2023\/06\/housse-de-chaise-en-jacquard-noir.jpg\",\"width\":484,\"height\":445},{\"@type\":\"BreadcrumbList\",\"@id\":\"https:\/\/365-housse.com\/es\/productos\/housse-de-chaise-jacquard-noir\/#breadcrumb\",\"itemListElement\":[{\"@type\":\"ListItem\",\"position\":1,\"name\":\"Accueil\",\"item\":\"https:\/\/365-housse.com\/es\/\"},{\"@type\":\"ListItem\",\"position\":2,\"name\":\"Tienda\",\"item\":\"https:\/\/365-housse.com\/es\/tienda\/\"},{\"@type\":\"ListItem\",\"position\":3,\"name\":\"Funda de silla jacquard negra\"}]},{\"@type\":\"WebSite\",\"@id\":\"https:\/\/365-housse.com\/es\/#website\",\"url\":\"https:\/\/365-housse.com\/es\/\",\"name\":\"Housse de Canap\u00e9\",\"description\":\"Le N\u00b01 de la Housse\",\"publisher\":{\"@id\":\"https:\/\/365-housse.com\/es\/#organization\"},\"potentialAction\":[{\"@type\":\"SearchAction\",\"target\":{\"@type\":\"EntryPoint\",\"urlTemplate\":\"https:\/\/365-housse.com\/es\/?s={search_term_string}\"},\"query-input\":{\"@type\":\"PropertyValueSpecification\",\"valueRequired\":true,\"valueName\":\"search_term_string\"}}],\"inLanguage\":\"es\"},{\"@type\":\"Organization\",\"@id\":\"https:\/\/365-housse.com\/es\/#organization\",\"name\":\"Housse de Canap\u00e9\",\"url\":\"https:\/\/365-housse.com\/es\/\",\"logo\":{\"@type\":\"ImageObject\",\"inLanguage\":\"es\",\"@id\":\"https:\/\/365-housse.com\/es\/#\/schema\/logo\/image\/\",\"url\":\"https:\/\/365-housse.com\/wp-content\/uploads\/2023\/06\/LOGO-400-\u00d7-200-px-392-x-134-px-16.png\",\"contentUrl\":\"https:\/\/365-housse.com\/wp-content\/uploads\/2023\/06\/LOGO-400-\u00d7-200-px-392-x-134-px-16.png\",\"width\":392,\"height\":134,\"caption\":\"Housse de Canap\u00e9\"},\"image\":{\"@id\":\"https:\/\/365-housse.com\/es\/#\/schema\/logo\/image\/\"}}]}<\/script>","yoast_head_json":{"title":"Funda de silla jacquard negra en entrega - gratis Ahorra un 30% en tu pedido","description":"Recibe tu Funda de silla jacquard negra hoy y benef\u00edciate de la entrega - gratuita Env\u00edo en 24\/48h","robots":{"index":"index","follow":"follow","max-snippet":"max-snippet:-1","max-image-preview":"max-image-preview:large","max-video-preview":"max-video-preview:-1"},"canonical":"https:\/\/365-housse.com\/es\/productos\/housse-de-chaise-jacquard-noir\/","og_locale":"es_ES","og_type":"article","og_title":"Funda de silla jacquard negra en entrega - gratis Ahorra un 30% en tu pedido","og_description":"Recibe tu Funda de silla jacquard negra hoy y benef\u00edciate de la entrega - gratuita Env\u00edo en 24\/48h","og_url":"https:\/\/365-housse.com\/es\/productos\/housse-de-chaise-jacquard-noir\/","og_site_name":"Housse de Canap\u00e9","article_modified_time":"2024-09-17T15:07:10+00:00","og_image":[{"width":484,"height":445,"url":"https:\/\/365-housse.com\/wp-content\/uploads\/2023\/06\/housse-de-chaise-en-jacquard-noir.jpg","type":"image\/jpeg"}],"twitter_card":"summary_large_image","twitter_misc":{"Tiempo de lectura":"1 minuto"},"schema":{"@context":"https:\/\/schema.org","@graph":[{"@type":"WebPage","@id":"https:\/\/365-housse.com\/es\/productos\/housse-de-chaise-jacquard-noir\/","url":"https:\/\/365-housse.com\/es\/productos\/housse-de-chaise-jacquard-noir\/","name":"Funda de silla jacquard negra en entrega - gratis Ahorra un 30% en tu pedido","isPartOf":{"@id":"https:\/\/365-housse.com\/es\/#website"},"primaryImageOfPage":{"@id":"https:\/\/365-housse.com\/es\/productos\/housse-de-chaise-jacquard-noir\/#primaryimage"},"image":{"@id":"https:\/\/365-housse.com\/es\/productos\/housse-de-chaise-jacquard-noir\/#primaryimage"},"thumbnailUrl":"https:\/\/365-housse.com\/wp-content\/uploads\/2023\/06\/housse-de-chaise-en-jacquard-noir.jpg","datePublished":"2023-06-12T08:11:59+00:00","dateModified":"2024-09-17T15:07:10+00:00","description":"Recibe tu Funda de silla jacquard negra hoy y benef\u00edciate de la entrega - gratuita Env\u00edo en 24\/48h","breadcrumb":{"@id":"https:\/\/365-housse.com\/es\/productos\/housse-de-chaise-jacquard-noir\/#breadcrumb"},"inLanguage":"es","potentialAction":[{"@type":"ReadAction","target":["https:\/\/365-housse.com\/es\/productos\/housse-de-chaise-jacquard-noir\/"]}]},{"@type":"ImageObject","inLanguage":"es","@id":"https:\/\/365-housse.com\/es\/productos\/housse-de-chaise-jacquard-noir\/#primaryimage","url":"https:\/\/365-housse.com\/wp-content\/uploads\/2023\/06\/housse-de-chaise-en-jacquard-noir.jpg","contentUrl":"https:\/\/365-housse.com\/wp-content\/uploads\/2023\/06\/housse-de-chaise-en-jacquard-noir.jpg","width":484,"height":445},{"@type":"BreadcrumbList","@id":"https:\/\/365-housse.com\/es\/productos\/housse-de-chaise-jacquard-noir\/#breadcrumb","itemListElement":[{"@type":"ListItem","position":1,"name":"Accueil","item":"https:\/\/365-housse.com\/es\/"},{"@type":"ListItem","position":2,"name":"Tienda","item":"https:\/\/365-housse.com\/es\/tienda\/"},{"@type":"ListItem","position":3,"name":"Funda de silla jacquard negra"}]},{"@type":"WebSite","@id":"https:\/\/365-housse.com\/es\/#website","url":"https:\/\/365-housse.com\/es\/","name":"Housse de Canap\u00e9","description":"Le N\u00b01 de la Housse","publisher":{"@id":"https:\/\/365-housse.com\/es\/#organization"},"potentialAction":[{"@type":"SearchAction","target":{"@type":"EntryPoint","urlTemplate":"https:\/\/365-housse.com\/es\/?s={search_term_string}"},"query-input":{"@type":"PropertyValueSpecification","valueRequired":true,"valueName":"search_term_string"}}],"inLanguage":"es"},{"@type":"Organization","@id":"https:\/\/365-housse.com\/es\/#organization","name":"Housse de Canap\u00e9","url":"https:\/\/365-housse.com\/es\/","logo":{"@type":"ImageObject","inLanguage":"es","@id":"https:\/\/365-housse.com\/es\/#\/schema\/logo\/image\/","url":"https:\/\/365-housse.com\/wp-content\/uploads\/2023\/06\/LOGO-400-\u00d7-200-px-392-x-134-px-16.png","contentUrl":"https:\/\/365-housse.com\/wp-content\/uploads\/2023\/06\/LOGO-400-\u00d7-200-px-392-x-134-px-16.png","width":392,"height":134,"caption":"Housse de Canap\u00e9"},"image":{"@id":"https:\/\/365-housse.com\/es\/#\/schema\/logo\/image\/"}}]}},"_links":{"self":[{"href":"https:\/\/365-housse.com\/es\/wp-json\/wp\/v2\/product\/20011"}],"collection":[{"href":"https:\/\/365-housse.com\/es\/wp-json\/wp\/v2\/product"}],"about":[{"href":"https:\/\/365-housse.com\/es\/wp-json\/wp\/v2\/types\/product"}],"replies":[{"embeddable":true,"href":"https:\/\/365-housse.com\/es\/wp-json\/wp\/v2\/comments?post=20011"}],"wp:featuredmedia":[{"embeddable":true,"href":"https:\/\/365-housse.com\/es\/wp-json\/wp\/v2\/media\/15989"}],"wp:attachment":[{"href":"https:\/\/365-housse.com\/es\/wp-json\/wp\/v2\/media?parent=20011"}],"wp:term":[{"taxonomy":"product_cat","embeddable":true,"href":"https:\/\/365-housse.com\/es\/wp-json\/wp\/v2\/product_cat?post=20011"},{"taxonomy":"product_tag","embeddable":true,"href":"https:\/\/365-housse.com\/es\/wp-json\/wp\/v2\/product_tag?post=20011"}],"curies":[{"name":"wp","href":"https:\/\/api.w.org\/{rel}","templated":true}]}}