{"id":20013,"date":"2023-06-12T08:11:56","date_gmt":"2023-06-12T08:11:56","guid":{"rendered":"https:\/\/365-housse.com\/products\/housse-de-chaise-jacquard-orange\/"},"modified":"2024-09-17T15:07:11","modified_gmt":"2024-09-17T15:07:11","slug":"housse-de-chaise-jacquard-orange","status":"publish","type":"product","link":"https:\/\/365-housse.com\/es\/productos\/housse-de-chaise-jacquard-orange\/","title":{"rendered":"Funda de silla jacquard naranja"},"content":{"rendered":"<h2 data-mce-fragment=\"1\" data-pm-slice=\"1 1 []\">Dale un aspecto lujoso y elegante a tu interior con esta <strong data-mce-fragment=\"1\">Superb Cover Orange \u00a1Silla Jacquard! \u00a1Esta funda \u00fanica agregar\u00e1 color y estilo a la decoraci\u00f3n de tu interior mientras protege tus muebles de derrames y rayones!<\/h2>\n<h3>Los beneficios de esta <strong>funda de silla jacquard naranja<\/strong><span>:<\/span><\/h3>\n<ul data-mce-fragment=\"1\">\n<li data-mce-fragment=\"1\">A\u00f1ade un toque de elegancia y dise\u00f1o a tu interior<\/li>\n<li data-mce-fragment=\"1\">Ofrece una protecci\u00f3n \u00f3ptima contra el desgaste, la suciedad, las manchas, las mascotas,&#8230;<\/li>\n<li data-mce-fragment=\"1\">Se adapta en segundos gracias a sus caracter\u00edsticas el\u00e1sticas<\/li>\n<li>Hecho de textil de primera calidad<\/li>\n<\/ul>\n<p><strong data-mce-fragment=\"1\">Caracter\u00edsticas: <\/ strong><\/p>\n<ul data-mce-fragment=\"1\">\n<li data-mce-fragment=\"1\">Material: Jacquard (suave y c\u00f3modo)<\/li>\n<li data-mce-fragment=\"1\">La tela de alta densidad protege su silla de manchas inesperadas<\/li>\n<li data-mce-fragment=\" 1\">Tecnolog\u00eda de impresi\u00f3n de alto rendimiento<strong data-mce-fragment=\"1\"><\/strong> para una mayor solidez del color a la luz y al lavado<\/li>\n<li data-mce-fragment=\" 1\">F\u00e1cil de poner<\/li>\n<li data-mce-fragment=\"1\">Mantenga su silla limpia y en buen estado<\/li>\n<li data-mce-fragment=\"1\">El dise\u00f1o de la banda el\u00e1stica proporciona un ajuste c\u00f3modo y un agarre antideslizante<\/li>\n<li data-mce-fragment=\"1\">M\u00e1quina lavable<\/li>\n<\/ul>\n<p data-mce-fragment=\"1\"><strong data-mce-fragment=\"1\">Gu\u00eda de tallas:<\/strong><\/p>\n<p data-mce-> <img decoding=\"async\" alt=\"\" data-mce-fragment=\"1\" data-mce-src=\"https:\/\/365-housse.com\/wp-content\/uploads\/2023\/06\/Housse- de-chaise-guide-taille_480x480.png?v=1673805991\" src=\"https:\/\/ 365-housse.com\/wp-content\/uploads\/2023\/06\/Housse-de-chaise-guide-taille_480x480.png?v =1673805991\" style=\"margin-left: auto;margin-right: auto\" \/><\/p>\n<p data-mce-fragment=\"1\"> NOTA: Comience colocando el <strong data-mce-fragment=\"1\">Funda de silla Jacquard<\/strong>\u00a1desde atr\u00e1s!\u00a0<\/p>\n<p data-mce-fragment=\"1\"><img decoding=\"async\" alt=\"funda-silla\" data-mce-fragment=\"1\" data-mce-selected=\"1\" data-mce-src=\" https:\/\/365-housse.com\/wp-content\/uploads\/2023\/06\/housse-de-protection-chaise_480x480.jpg?v=1623509317\" src=\"https:\/\/365-housse.com\/wp -content \/uploads\/2023\/06\/housse-de-protection-chaise_480x480.jpg?v=1623509317\" style=\"margin-left: auto;margin-right: auto\" \/><\/p>\n<p data-pm-slice=\"1 1 []\">Transforma tu interior con nuestro t\u00edtulo <a href=\"https:\/\/365-housse.com\/es\/collections\/funda-de-silla\/\" rel=\"noopener noreferrer\" target=\"_blank \"><strong>Fundas para sillas<\/strong><\/a> disponibles en muchos colores y estilos diferentes para adaptarse a sus gustos y a su presupuesto. Si quieres un producto elegante y asequible, este <a href=\"https:\/\/365-housse.com\/products\/housse-de-chaise-jacquard-bleu-marine\/\" rel=\"noopener noreferrer\" target=\"_blank \" title=\"Funda para silla de jacquard azul marino\"><strong>Funda para silla de jacquard azul marino<\/strong><\/a> \u00a1est\u00e1 hecha para ti! Adem\u00e1s, es pr\u00e1ctico para ni\u00f1os que suelen derramar cosas con frecuencia.<\/p>\n","protected":false},"excerpt":{"rendered":"<p>Dale un aspecto lujoso y elegante a tu interior con esta Superb Cover Orange \u00a1Silla Jacquard! \u00a1Esta funda \u00fanica agregar\u00e1 color y estilo a la decoraci\u00f3n de tu interior mientras protege tus muebles de derrames y rayones! Los beneficios de esta funda de silla jacquard naranja: A\u00f1ade un toque de elegancia y dise\u00f1o a tu [&hellip;]<\/p>\n","protected":false},"featured_media":15982,"comment_status":"open","ping_status":"closed","template":"","meta":[],"product_cat":[176,161],"product_tag":[212],"class_list":{"0":"post-20013","1":"product","2":"type-product","3":"status-publish","4":"has-post-thumbnail","6":"product_cat-funda-de-silla","7":"product_cat-portada-interior","8":"product_tag-chaise-es","10":"first","11":"instock","12":"shipping-taxable","13":"purchasable","14":"product-type-simple"},"yoast_head":"<title>Funda de silla jacquard naranja en entrega - gratis Ahorra un 30% en tu pedido<\/title>\n<meta name=\"description\" content=\"Recibe tu Funda de silla jacquard naranja hoy y benef\u00edciate de la entrega - gratuita Env\u00edo en 24\/48h\" \/>\n<meta name=\"robots\" content=\"index, follow, max-snippet:-1, max-image-preview:large, max-video-preview:-1\" \/>\n<link rel=\"canonical\" href=\"https:\/\/365-housse.com\/es\/productos\/housse-de-chaise-jacquard-orange\/\" \/>\n<meta property=\"og:locale\" content=\"es_ES\" \/>\n<meta property=\"og:type\" content=\"article\" \/>\n<meta property=\"og:title\" content=\"Funda de silla jacquard naranja en entrega - gratis Ahorra un 30% en tu pedido\" \/>\n<meta property=\"og:description\" content=\"Recibe tu Funda de silla jacquard naranja hoy y benef\u00edciate de la entrega - gratuita Env\u00edo en 24\/48h\" \/>\n<meta property=\"og:url\" content=\"https:\/\/365-housse.com\/es\/productos\/housse-de-chaise-jacquard-orange\/\" \/>\n<meta property=\"og:site_name\" content=\"Housse de Canap\u00e9\" \/>\n<meta property=\"article:modified_time\" content=\"2024-09-17T15:07:11+00:00\" \/>\n<meta property=\"og:image\" content=\"https:\/\/365-housse.com\/wp-content\/uploads\/2023\/06\/housse-de-chaise-jacquard-orange.jpg\" \/>\n\t<meta property=\"og:image:width\" content=\"440\" \/>\n\t<meta property=\"og:image:height\" content=\"468\" \/>\n\t<meta property=\"og:image:type\" content=\"image\/jpeg\" \/>\n<meta name=\"twitter:card\" content=\"summary_large_image\" \/>\n<meta name=\"twitter:label1\" content=\"Tiempo de lectura\" \/>\n\t<meta name=\"twitter:data1\" content=\"1 minuto\" \/>\n<script type=\"application\/ld+json\" class=\"yoast-schema-graph\">{\"@context\":\"https:\/\/schema.org\",\"@graph\":[{\"@type\":\"WebPage\",\"@id\":\"https:\/\/365-housse.com\/es\/productos\/housse-de-chaise-jacquard-orange\/\",\"url\":\"https:\/\/365-housse.com\/es\/productos\/housse-de-chaise-jacquard-orange\/\",\"name\":\"Funda de silla jacquard naranja en entrega - gratis Ahorra un 30% en tu pedido\",\"isPartOf\":{\"@id\":\"https:\/\/365-housse.com\/es\/#website\"},\"primaryImageOfPage\":{\"@id\":\"https:\/\/365-housse.com\/es\/productos\/housse-de-chaise-jacquard-orange\/#primaryimage\"},\"image\":{\"@id\":\"https:\/\/365-housse.com\/es\/productos\/housse-de-chaise-jacquard-orange\/#primaryimage\"},\"thumbnailUrl\":\"https:\/\/365-housse.com\/wp-content\/uploads\/2023\/06\/housse-de-chaise-jacquard-orange.jpg\",\"datePublished\":\"2023-06-12T08:11:56+00:00\",\"dateModified\":\"2024-09-17T15:07:11+00:00\",\"description\":\"Recibe tu Funda de silla jacquard naranja hoy y benef\u00edciate de la entrega - gratuita Env\u00edo en 24\/48h\",\"breadcrumb\":{\"@id\":\"https:\/\/365-housse.com\/es\/productos\/housse-de-chaise-jacquard-orange\/#breadcrumb\"},\"inLanguage\":\"es\",\"potentialAction\":[{\"@type\":\"ReadAction\",\"target\":[\"https:\/\/365-housse.com\/es\/productos\/housse-de-chaise-jacquard-orange\/\"]}]},{\"@type\":\"ImageObject\",\"inLanguage\":\"es\",\"@id\":\"https:\/\/365-housse.com\/es\/productos\/housse-de-chaise-jacquard-orange\/#primaryimage\",\"url\":\"https:\/\/365-housse.com\/wp-content\/uploads\/2023\/06\/housse-de-chaise-jacquard-orange.jpg\",\"contentUrl\":\"https:\/\/365-housse.com\/wp-content\/uploads\/2023\/06\/housse-de-chaise-jacquard-orange.jpg\",\"width\":440,\"height\":468},{\"@type\":\"BreadcrumbList\",\"@id\":\"https:\/\/365-housse.com\/es\/productos\/housse-de-chaise-jacquard-orange\/#breadcrumb\",\"itemListElement\":[{\"@type\":\"ListItem\",\"position\":1,\"name\":\"Accueil\",\"item\":\"https:\/\/365-housse.com\/es\/\"},{\"@type\":\"ListItem\",\"position\":2,\"name\":\"Tienda\",\"item\":\"https:\/\/365-housse.com\/es\/tienda\/\"},{\"@type\":\"ListItem\",\"position\":3,\"name\":\"Funda de silla jacquard naranja\"}]},{\"@type\":\"WebSite\",\"@id\":\"https:\/\/365-housse.com\/es\/#website\",\"url\":\"https:\/\/365-housse.com\/es\/\",\"name\":\"Housse de Canap\u00e9\",\"description\":\"Le N\u00b01 de la Housse\",\"publisher\":{\"@id\":\"https:\/\/365-housse.com\/es\/#organization\"},\"potentialAction\":[{\"@type\":\"SearchAction\",\"target\":{\"@type\":\"EntryPoint\",\"urlTemplate\":\"https:\/\/365-housse.com\/es\/?s={search_term_string}\"},\"query-input\":{\"@type\":\"PropertyValueSpecification\",\"valueRequired\":true,\"valueName\":\"search_term_string\"}}],\"inLanguage\":\"es\"},{\"@type\":\"Organization\",\"@id\":\"https:\/\/365-housse.com\/es\/#organization\",\"name\":\"Housse de Canap\u00e9\",\"url\":\"https:\/\/365-housse.com\/es\/\",\"logo\":{\"@type\":\"ImageObject\",\"inLanguage\":\"es\",\"@id\":\"https:\/\/365-housse.com\/es\/#\/schema\/logo\/image\/\",\"url\":\"https:\/\/365-housse.com\/wp-content\/uploads\/2023\/06\/LOGO-400-\u00d7-200-px-392-x-134-px-16.png\",\"contentUrl\":\"https:\/\/365-housse.com\/wp-content\/uploads\/2023\/06\/LOGO-400-\u00d7-200-px-392-x-134-px-16.png\",\"width\":392,\"height\":134,\"caption\":\"Housse de Canap\u00e9\"},\"image\":{\"@id\":\"https:\/\/365-housse.com\/es\/#\/schema\/logo\/image\/\"}}]}<\/script>","yoast_head_json":{"title":"Funda de silla jacquard naranja en entrega - gratis Ahorra un 30% en tu pedido","description":"Recibe tu Funda de silla jacquard naranja hoy y benef\u00edciate de la entrega - gratuita Env\u00edo en 24\/48h","robots":{"index":"index","follow":"follow","max-snippet":"max-snippet:-1","max-image-preview":"max-image-preview:large","max-video-preview":"max-video-preview:-1"},"canonical":"https:\/\/365-housse.com\/es\/productos\/housse-de-chaise-jacquard-orange\/","og_locale":"es_ES","og_type":"article","og_title":"Funda de silla jacquard naranja en entrega - gratis Ahorra un 30% en tu pedido","og_description":"Recibe tu Funda de silla jacquard naranja hoy y benef\u00edciate de la entrega - gratuita Env\u00edo en 24\/48h","og_url":"https:\/\/365-housse.com\/es\/productos\/housse-de-chaise-jacquard-orange\/","og_site_name":"Housse de Canap\u00e9","article_modified_time":"2024-09-17T15:07:11+00:00","og_image":[{"width":440,"height":468,"url":"https:\/\/365-housse.com\/wp-content\/uploads\/2023\/06\/housse-de-chaise-jacquard-orange.jpg","type":"image\/jpeg"}],"twitter_card":"summary_large_image","twitter_misc":{"Tiempo de lectura":"1 minuto"},"schema":{"@context":"https:\/\/schema.org","@graph":[{"@type":"WebPage","@id":"https:\/\/365-housse.com\/es\/productos\/housse-de-chaise-jacquard-orange\/","url":"https:\/\/365-housse.com\/es\/productos\/housse-de-chaise-jacquard-orange\/","name":"Funda de silla jacquard naranja en entrega - gratis Ahorra un 30% en tu pedido","isPartOf":{"@id":"https:\/\/365-housse.com\/es\/#website"},"primaryImageOfPage":{"@id":"https:\/\/365-housse.com\/es\/productos\/housse-de-chaise-jacquard-orange\/#primaryimage"},"image":{"@id":"https:\/\/365-housse.com\/es\/productos\/housse-de-chaise-jacquard-orange\/#primaryimage"},"thumbnailUrl":"https:\/\/365-housse.com\/wp-content\/uploads\/2023\/06\/housse-de-chaise-jacquard-orange.jpg","datePublished":"2023-06-12T08:11:56+00:00","dateModified":"2024-09-17T15:07:11+00:00","description":"Recibe tu Funda de silla jacquard naranja hoy y benef\u00edciate de la entrega - gratuita Env\u00edo en 24\/48h","breadcrumb":{"@id":"https:\/\/365-housse.com\/es\/productos\/housse-de-chaise-jacquard-orange\/#breadcrumb"},"inLanguage":"es","potentialAction":[{"@type":"ReadAction","target":["https:\/\/365-housse.com\/es\/productos\/housse-de-chaise-jacquard-orange\/"]}]},{"@type":"ImageObject","inLanguage":"es","@id":"https:\/\/365-housse.com\/es\/productos\/housse-de-chaise-jacquard-orange\/#primaryimage","url":"https:\/\/365-housse.com\/wp-content\/uploads\/2023\/06\/housse-de-chaise-jacquard-orange.jpg","contentUrl":"https:\/\/365-housse.com\/wp-content\/uploads\/2023\/06\/housse-de-chaise-jacquard-orange.jpg","width":440,"height":468},{"@type":"BreadcrumbList","@id":"https:\/\/365-housse.com\/es\/productos\/housse-de-chaise-jacquard-orange\/#breadcrumb","itemListElement":[{"@type":"ListItem","position":1,"name":"Accueil","item":"https:\/\/365-housse.com\/es\/"},{"@type":"ListItem","position":2,"name":"Tienda","item":"https:\/\/365-housse.com\/es\/tienda\/"},{"@type":"ListItem","position":3,"name":"Funda de silla jacquard naranja"}]},{"@type":"WebSite","@id":"https:\/\/365-housse.com\/es\/#website","url":"https:\/\/365-housse.com\/es\/","name":"Housse de Canap\u00e9","description":"Le N\u00b01 de la Housse","publisher":{"@id":"https:\/\/365-housse.com\/es\/#organization"},"potentialAction":[{"@type":"SearchAction","target":{"@type":"EntryPoint","urlTemplate":"https:\/\/365-housse.com\/es\/?s={search_term_string}"},"query-input":{"@type":"PropertyValueSpecification","valueRequired":true,"valueName":"search_term_string"}}],"inLanguage":"es"},{"@type":"Organization","@id":"https:\/\/365-housse.com\/es\/#organization","name":"Housse de Canap\u00e9","url":"https:\/\/365-housse.com\/es\/","logo":{"@type":"ImageObject","inLanguage":"es","@id":"https:\/\/365-housse.com\/es\/#\/schema\/logo\/image\/","url":"https:\/\/365-housse.com\/wp-content\/uploads\/2023\/06\/LOGO-400-\u00d7-200-px-392-x-134-px-16.png","contentUrl":"https:\/\/365-housse.com\/wp-content\/uploads\/2023\/06\/LOGO-400-\u00d7-200-px-392-x-134-px-16.png","width":392,"height":134,"caption":"Housse de Canap\u00e9"},"image":{"@id":"https:\/\/365-housse.com\/es\/#\/schema\/logo\/image\/"}}]}},"_links":{"self":[{"href":"https:\/\/365-housse.com\/es\/wp-json\/wp\/v2\/product\/20013"}],"collection":[{"href":"https:\/\/365-housse.com\/es\/wp-json\/wp\/v2\/product"}],"about":[{"href":"https:\/\/365-housse.com\/es\/wp-json\/wp\/v2\/types\/product"}],"replies":[{"embeddable":true,"href":"https:\/\/365-housse.com\/es\/wp-json\/wp\/v2\/comments?post=20013"}],"wp:featuredmedia":[{"embeddable":true,"href":"https:\/\/365-housse.com\/es\/wp-json\/wp\/v2\/media\/15982"}],"wp:attachment":[{"href":"https:\/\/365-housse.com\/es\/wp-json\/wp\/v2\/media?parent=20013"}],"wp:term":[{"taxonomy":"product_cat","embeddable":true,"href":"https:\/\/365-housse.com\/es\/wp-json\/wp\/v2\/product_cat?post=20013"},{"taxonomy":"product_tag","embeddable":true,"href":"https:\/\/365-housse.com\/es\/wp-json\/wp\/v2\/product_tag?post=20013"}],"curies":[{"name":"wp","href":"https:\/\/api.w.org\/{rel}","templated":true}]}}