{"id":20020,"date":"2023-06-12T08:11:52","date_gmt":"2023-06-12T08:11:52","guid":{"rendered":"https:\/\/365-housse.com\/products\/housse-de-chaise-marbree-bleu-orange\/"},"modified":"2024-09-17T15:07:12","modified_gmt":"2024-09-17T15:07:12","slug":"housse-de-chaise-marbree-bleu-orange","status":"publish","type":"product","link":"https:\/\/365-housse.com\/es\/productos\/housse-de-chaise-marbree-bleu-orange\/","title":{"rendered":"Funda para silla jaspeada azul naranja"},"content":{"rendered":"<h2 data-mce-fragment=\"1\" data-pm-slice=\"1 1 []\">Dale estilo y elegancia a tus muebles con nuestra <strong data-mce-fragment=\"1\">Funda Jaspeada Azul Naranja Silla<\/strong>. Le dar\u00e1 a tu interior un acabado brillante y sofisticado. Su color azul jaspeado lo convierte en el complemento perfecto para su comedor y tambi\u00e9n es el regalo ideal y asequible para los entusiastas de la decoraci\u00f3n que desean agregar un ambiente acogedor a sus espacios habitables.<\/h2>\n<h3><span>Las ventajas de la Funda de Silla Marmolada Azul Naranja para tu hogar <strong>:<\/strong><\/span><\/h3>\n<ul>\n<li>\n<p>Aporta una <strong>nota de elegancia<\/strong> y <strong>dise\u00f1o<\/strong> a tu decoraci\u00f3n<\/p>\n<\/li>\n<li>\n<p>Protecci\u00f3n \u00f3ptima contra el desgaste, manchas, mascotas y suciedad<\/p>\n<\/li>\n<li>\n<p><strong>Se adapta f\u00e1cilmente<\/strong>, nuestras fundas protectoras est\u00e1n fabricadas con textil de <strong>calidad premium<\/strong> con caracter\u00edsticas el\u00e1sticas para adaptarse al 99% de los modelos de sillas<\/p>\n<\/li>\n<\/ul>\n<p><span><strong>Caracter\u00edsticas: <\/strong><\/span><\/p>\n<ul>\n<li>\n<p><span>Material: 10<\/span><span>% Spandex (material el\u00e1stico) + 90% <\/span><span>Poli\u00e9ster<\/span><\/p>\n<\/li>\n<li>\n<p><span>Tejido de alta densidad para proteger tu silla de las manchas<\/span><\/p>\n<\/li>\n<li>\n<p><span><strong>tecnolog\u00eda de impresi\u00f3n de alto rendimiento<\/strong> para una solidez duradera del color al lavado y a la luz<\/span><\/p>\n<\/li>\n<li>\n<p><span>F\u00e1cil de poner<\/span><\/p>\n<\/li>\n<li>\n<p><span>Mant\u00e9n tu silla en buen estado y limpia<\/span><\/p>\n<\/li>\n<li>\n<p><span>El\u00e1stico para un perfecto ajuste y agarre antideslizante<\/span><\/p>\n<\/li>\n<li>\n<p>Lavable a m\u00e1quina<\/p>\n<\/li>\n<\/ul>\n<p><span><strong>Gu\u00eda de tallas:<\/strong><\/span><\/p>\n<p><img decoding=\"async\" alt=\"\" src=\"https:\/\/365-housse.com\/wp-content\/uploads\/2023\/06\/housse-de-chaise-marbre-taille_480x480.jpg?v=1675022086\" \/><\/p>\n<div>Nuestras fundas para sillas son de tama\u00f1o universal y se adaptan a muchas sillas<\/div>\n<div><\/div>\n<p><img decoding=\"async\" alt=\"\" src=\"https:\/\/365-housse.com\/wp-content\/uploads\/2023\/06\/housse-de-chaise-universelle_480x480.jpg?v=1623509218\" \/><\/p>\n<\/p>\n<p data-mce-fragment=\"1\">NOTA: \u00a1Empiece por colocar la <strong data-mce-fragment=\"1\">funda de silla de m\u00e1rmol<\/strong> desde atr\u00e1s!\u00a0<\/p>\n<p data-mce-fragment=\"1\"><img decoding=\"async\" alt=\"funda-silla\" data-mce-fragment=\"1\" data-mce-selected=\"1\" data-mce-src=\"https: \/\/ 365-housse.com\/wp-content\/uploads\/2023\/06\/housse-de-protection-chaise_480x480.jpg?v=1623509317\" src=\"https:\/\/365-housse.com\/wp-content\/uploads \/2023 \/06\/housse-de-protection-chaise_480x480.jpg?v=1623509317\" style=\"margin-left: auto;margin-right: auto\" \/><\/p>\n<p data-pm-slice=\"1 1 []\">Nuestro <a href=\"https:\/\/365-housse.com\/es\/collections\/funda-de-silla\/\" rel=\"noopener noreferrer\" target=\"_blank\" title=\"Fundas para sillas\"><strong>Fundas para sillas<\/strong><\/a> est\u00e1n disponibles en diferentes colores jaspeados. Son un excelente accesorio decorativo para su hogar y tambi\u00e9n son el complemento perfecto para su boda, despedida de soltera o fiesta de graduaci\u00f3n. Nuestra <a href=\"https:\/\/365-housse.com\/products\/marbled-blue-chair-cover\" rel=\"noopener noreferrer\" target=\"_blank\" title=\"Funda para silla de m\u00e1rmol azul\"><strong>Azul Funda para Silla Marmolada <\/strong><\/a>completar\u00e1 tu decoraci\u00f3n y garantizar\u00e1 la comodidad de tus invitados que podr\u00e1n sentarse y disfrutar del evento.<\/p>\n","protected":false},"excerpt":{"rendered":"<p>Dale estilo y elegancia a tus muebles con nuestra Funda Jaspeada Azul Naranja Silla. Le dar\u00e1 a tu interior un acabado brillante y sofisticado. Su color azul jaspeado lo convierte en el complemento perfecto para su comedor y tambi\u00e9n es el regalo ideal y asequible para los entusiastas de la decoraci\u00f3n que desean agregar un [&hellip;]<\/p>\n","protected":false},"featured_media":15974,"comment_status":"open","ping_status":"closed","template":"","meta":[],"product_cat":[176,161],"product_tag":[212],"class_list":{"0":"post-20020","1":"product","2":"type-product","3":"status-publish","4":"has-post-thumbnail","6":"product_cat-funda-de-silla","7":"product_cat-portada-interior","8":"product_tag-chaise-es","10":"first","11":"instock","12":"shipping-taxable","13":"purchasable","14":"product-type-simple"},"yoast_head":"<title>Funda para silla jaspeada azul naranja en entrega - gratis Ahorra un 30% en tu pedido<\/title>\n<meta name=\"description\" content=\"Recibe tu Funda para silla jaspeada azul naranja hoy y benef\u00edciate de la entrega - gratuita Env\u00edo en 24\/48h\" \/>\n<meta name=\"robots\" content=\"index, follow, max-snippet:-1, max-image-preview:large, max-video-preview:-1\" \/>\n<link rel=\"canonical\" href=\"https:\/\/365-housse.com\/es\/productos\/housse-de-chaise-marbree-bleu-orange\/\" \/>\n<meta property=\"og:locale\" content=\"es_ES\" \/>\n<meta property=\"og:type\" content=\"article\" \/>\n<meta property=\"og:title\" content=\"Funda para silla jaspeada azul naranja en entrega - gratis Ahorra un 30% en tu pedido\" \/>\n<meta property=\"og:description\" content=\"Recibe tu Funda para silla jaspeada azul naranja hoy y benef\u00edciate de la entrega - gratuita Env\u00edo en 24\/48h\" \/>\n<meta property=\"og:url\" content=\"https:\/\/365-housse.com\/es\/productos\/housse-de-chaise-marbree-bleu-orange\/\" \/>\n<meta property=\"og:site_name\" content=\"Housse de Canap\u00e9\" \/>\n<meta property=\"article:modified_time\" content=\"2024-09-17T15:07:12+00:00\" \/>\n<meta property=\"og:image\" content=\"https:\/\/365-housse.com\/wp-content\/uploads\/2023\/06\/housse-de-chaise-marbre-bleu-orange.jpg\" \/>\n\t<meta property=\"og:image:width\" content=\"385\" \/>\n\t<meta property=\"og:image:height\" content=\"464\" \/>\n\t<meta property=\"og:image:type\" content=\"image\/jpeg\" \/>\n<meta name=\"twitter:card\" content=\"summary_large_image\" \/>\n<meta name=\"twitter:label1\" content=\"Tiempo de lectura\" \/>\n\t<meta name=\"twitter:data1\" content=\"1 minuto\" \/>\n<script type=\"application\/ld+json\" class=\"yoast-schema-graph\">{\"@context\":\"https:\/\/schema.org\",\"@graph\":[{\"@type\":\"WebPage\",\"@id\":\"https:\/\/365-housse.com\/es\/productos\/housse-de-chaise-marbree-bleu-orange\/\",\"url\":\"https:\/\/365-housse.com\/es\/productos\/housse-de-chaise-marbree-bleu-orange\/\",\"name\":\"Funda para silla jaspeada azul naranja en entrega - gratis Ahorra un 30% en tu pedido\",\"isPartOf\":{\"@id\":\"https:\/\/365-housse.com\/es\/#website\"},\"primaryImageOfPage\":{\"@id\":\"https:\/\/365-housse.com\/es\/productos\/housse-de-chaise-marbree-bleu-orange\/#primaryimage\"},\"image\":{\"@id\":\"https:\/\/365-housse.com\/es\/productos\/housse-de-chaise-marbree-bleu-orange\/#primaryimage\"},\"thumbnailUrl\":\"https:\/\/365-housse.com\/wp-content\/uploads\/2023\/06\/housse-de-chaise-marbre-bleu-orange.jpg\",\"datePublished\":\"2023-06-12T08:11:52+00:00\",\"dateModified\":\"2024-09-17T15:07:12+00:00\",\"description\":\"Recibe tu Funda para silla jaspeada azul naranja hoy y benef\u00edciate de la entrega - gratuita Env\u00edo en 24\/48h\",\"breadcrumb\":{\"@id\":\"https:\/\/365-housse.com\/es\/productos\/housse-de-chaise-marbree-bleu-orange\/#breadcrumb\"},\"inLanguage\":\"es\",\"potentialAction\":[{\"@type\":\"ReadAction\",\"target\":[\"https:\/\/365-housse.com\/es\/productos\/housse-de-chaise-marbree-bleu-orange\/\"]}]},{\"@type\":\"ImageObject\",\"inLanguage\":\"es\",\"@id\":\"https:\/\/365-housse.com\/es\/productos\/housse-de-chaise-marbree-bleu-orange\/#primaryimage\",\"url\":\"https:\/\/365-housse.com\/wp-content\/uploads\/2023\/06\/housse-de-chaise-marbre-bleu-orange.jpg\",\"contentUrl\":\"https:\/\/365-housse.com\/wp-content\/uploads\/2023\/06\/housse-de-chaise-marbre-bleu-orange.jpg\",\"width\":385,\"height\":464},{\"@type\":\"BreadcrumbList\",\"@id\":\"https:\/\/365-housse.com\/es\/productos\/housse-de-chaise-marbree-bleu-orange\/#breadcrumb\",\"itemListElement\":[{\"@type\":\"ListItem\",\"position\":1,\"name\":\"Accueil\",\"item\":\"https:\/\/365-housse.com\/es\/\"},{\"@type\":\"ListItem\",\"position\":2,\"name\":\"Tienda\",\"item\":\"https:\/\/365-housse.com\/es\/tienda\/\"},{\"@type\":\"ListItem\",\"position\":3,\"name\":\"Funda para silla jaspeada azul naranja\"}]},{\"@type\":\"WebSite\",\"@id\":\"https:\/\/365-housse.com\/es\/#website\",\"url\":\"https:\/\/365-housse.com\/es\/\",\"name\":\"Housse de Canap\u00e9\",\"description\":\"Le N\u00b01 de la Housse\",\"publisher\":{\"@id\":\"https:\/\/365-housse.com\/es\/#organization\"},\"potentialAction\":[{\"@type\":\"SearchAction\",\"target\":{\"@type\":\"EntryPoint\",\"urlTemplate\":\"https:\/\/365-housse.com\/es\/?s={search_term_string}\"},\"query-input\":{\"@type\":\"PropertyValueSpecification\",\"valueRequired\":true,\"valueName\":\"search_term_string\"}}],\"inLanguage\":\"es\"},{\"@type\":\"Organization\",\"@id\":\"https:\/\/365-housse.com\/es\/#organization\",\"name\":\"Housse de Canap\u00e9\",\"url\":\"https:\/\/365-housse.com\/es\/\",\"logo\":{\"@type\":\"ImageObject\",\"inLanguage\":\"es\",\"@id\":\"https:\/\/365-housse.com\/es\/#\/schema\/logo\/image\/\",\"url\":\"https:\/\/365-housse.com\/wp-content\/uploads\/2023\/06\/LOGO-400-\u00d7-200-px-392-x-134-px-16.png\",\"contentUrl\":\"https:\/\/365-housse.com\/wp-content\/uploads\/2023\/06\/LOGO-400-\u00d7-200-px-392-x-134-px-16.png\",\"width\":392,\"height\":134,\"caption\":\"Housse de Canap\u00e9\"},\"image\":{\"@id\":\"https:\/\/365-housse.com\/es\/#\/schema\/logo\/image\/\"}}]}<\/script>","yoast_head_json":{"title":"Funda para silla jaspeada azul naranja en entrega - gratis Ahorra un 30% en tu pedido","description":"Recibe tu Funda para silla jaspeada azul naranja hoy y benef\u00edciate de la entrega - gratuita Env\u00edo en 24\/48h","robots":{"index":"index","follow":"follow","max-snippet":"max-snippet:-1","max-image-preview":"max-image-preview:large","max-video-preview":"max-video-preview:-1"},"canonical":"https:\/\/365-housse.com\/es\/productos\/housse-de-chaise-marbree-bleu-orange\/","og_locale":"es_ES","og_type":"article","og_title":"Funda para silla jaspeada azul naranja en entrega - gratis Ahorra un 30% en tu pedido","og_description":"Recibe tu Funda para silla jaspeada azul naranja hoy y benef\u00edciate de la entrega - gratuita Env\u00edo en 24\/48h","og_url":"https:\/\/365-housse.com\/es\/productos\/housse-de-chaise-marbree-bleu-orange\/","og_site_name":"Housse de Canap\u00e9","article_modified_time":"2024-09-17T15:07:12+00:00","og_image":[{"width":385,"height":464,"url":"https:\/\/365-housse.com\/wp-content\/uploads\/2023\/06\/housse-de-chaise-marbre-bleu-orange.jpg","type":"image\/jpeg"}],"twitter_card":"summary_large_image","twitter_misc":{"Tiempo de lectura":"1 minuto"},"schema":{"@context":"https:\/\/schema.org","@graph":[{"@type":"WebPage","@id":"https:\/\/365-housse.com\/es\/productos\/housse-de-chaise-marbree-bleu-orange\/","url":"https:\/\/365-housse.com\/es\/productos\/housse-de-chaise-marbree-bleu-orange\/","name":"Funda para silla jaspeada azul naranja en entrega - gratis Ahorra un 30% en tu pedido","isPartOf":{"@id":"https:\/\/365-housse.com\/es\/#website"},"primaryImageOfPage":{"@id":"https:\/\/365-housse.com\/es\/productos\/housse-de-chaise-marbree-bleu-orange\/#primaryimage"},"image":{"@id":"https:\/\/365-housse.com\/es\/productos\/housse-de-chaise-marbree-bleu-orange\/#primaryimage"},"thumbnailUrl":"https:\/\/365-housse.com\/wp-content\/uploads\/2023\/06\/housse-de-chaise-marbre-bleu-orange.jpg","datePublished":"2023-06-12T08:11:52+00:00","dateModified":"2024-09-17T15:07:12+00:00","description":"Recibe tu Funda para silla jaspeada azul naranja hoy y benef\u00edciate de la entrega - gratuita Env\u00edo en 24\/48h","breadcrumb":{"@id":"https:\/\/365-housse.com\/es\/productos\/housse-de-chaise-marbree-bleu-orange\/#breadcrumb"},"inLanguage":"es","potentialAction":[{"@type":"ReadAction","target":["https:\/\/365-housse.com\/es\/productos\/housse-de-chaise-marbree-bleu-orange\/"]}]},{"@type":"ImageObject","inLanguage":"es","@id":"https:\/\/365-housse.com\/es\/productos\/housse-de-chaise-marbree-bleu-orange\/#primaryimage","url":"https:\/\/365-housse.com\/wp-content\/uploads\/2023\/06\/housse-de-chaise-marbre-bleu-orange.jpg","contentUrl":"https:\/\/365-housse.com\/wp-content\/uploads\/2023\/06\/housse-de-chaise-marbre-bleu-orange.jpg","width":385,"height":464},{"@type":"BreadcrumbList","@id":"https:\/\/365-housse.com\/es\/productos\/housse-de-chaise-marbree-bleu-orange\/#breadcrumb","itemListElement":[{"@type":"ListItem","position":1,"name":"Accueil","item":"https:\/\/365-housse.com\/es\/"},{"@type":"ListItem","position":2,"name":"Tienda","item":"https:\/\/365-housse.com\/es\/tienda\/"},{"@type":"ListItem","position":3,"name":"Funda para silla jaspeada azul naranja"}]},{"@type":"WebSite","@id":"https:\/\/365-housse.com\/es\/#website","url":"https:\/\/365-housse.com\/es\/","name":"Housse de Canap\u00e9","description":"Le N\u00b01 de la Housse","publisher":{"@id":"https:\/\/365-housse.com\/es\/#organization"},"potentialAction":[{"@type":"SearchAction","target":{"@type":"EntryPoint","urlTemplate":"https:\/\/365-housse.com\/es\/?s={search_term_string}"},"query-input":{"@type":"PropertyValueSpecification","valueRequired":true,"valueName":"search_term_string"}}],"inLanguage":"es"},{"@type":"Organization","@id":"https:\/\/365-housse.com\/es\/#organization","name":"Housse de Canap\u00e9","url":"https:\/\/365-housse.com\/es\/","logo":{"@type":"ImageObject","inLanguage":"es","@id":"https:\/\/365-housse.com\/es\/#\/schema\/logo\/image\/","url":"https:\/\/365-housse.com\/wp-content\/uploads\/2023\/06\/LOGO-400-\u00d7-200-px-392-x-134-px-16.png","contentUrl":"https:\/\/365-housse.com\/wp-content\/uploads\/2023\/06\/LOGO-400-\u00d7-200-px-392-x-134-px-16.png","width":392,"height":134,"caption":"Housse de Canap\u00e9"},"image":{"@id":"https:\/\/365-housse.com\/es\/#\/schema\/logo\/image\/"}}]}},"_links":{"self":[{"href":"https:\/\/365-housse.com\/es\/wp-json\/wp\/v2\/product\/20020"}],"collection":[{"href":"https:\/\/365-housse.com\/es\/wp-json\/wp\/v2\/product"}],"about":[{"href":"https:\/\/365-housse.com\/es\/wp-json\/wp\/v2\/types\/product"}],"replies":[{"embeddable":true,"href":"https:\/\/365-housse.com\/es\/wp-json\/wp\/v2\/comments?post=20020"}],"wp:featuredmedia":[{"embeddable":true,"href":"https:\/\/365-housse.com\/es\/wp-json\/wp\/v2\/media\/15974"}],"wp:attachment":[{"href":"https:\/\/365-housse.com\/es\/wp-json\/wp\/v2\/media?parent=20020"}],"wp:term":[{"taxonomy":"product_cat","embeddable":true,"href":"https:\/\/365-housse.com\/es\/wp-json\/wp\/v2\/product_cat?post=20020"},{"taxonomy":"product_tag","embeddable":true,"href":"https:\/\/365-housse.com\/es\/wp-json\/wp\/v2\/product_tag?post=20020"}],"curies":[{"name":"wp","href":"https:\/\/api.w.org\/{rel}","templated":true}]}}