{"id":20031,"date":"2023-06-12T08:11:47","date_gmt":"2023-06-12T08:11:47","guid":{"rendered":"https:\/\/365-housse.com\/products\/housse-de-chaise-marbree-doree\/"},"modified":"2024-09-17T15:07:22","modified_gmt":"2024-09-17T15:07:22","slug":"housse-de-chaise-marbree-doree","status":"publish","type":"product","link":"https:\/\/365-housse.com\/es\/productos\/housse-de-chaise-marbree-doree\/","title":{"rendered":"Funda de silla de m\u00e1rmol dorado"},"content":{"rendered":"<h2>Nuestra <strong>funda para silla de m\u00e1rmol dorado<\/strong> es imprescindible para cualquier recepci\u00f3n de boda o evento especial que organice. Su color m\u00e1rmol oscuro complementar\u00e1 perfectamente su decoraci\u00f3n actual y su suave tejido permitir\u00e1 a los invitados sentarse c\u00f3modamente en cualquier silla. El color dorado jaspeado de la funda de la silla aportar\u00e1 color y vida al instante a tu sal\u00f3n, oficina o estudio.<\/h2>\n<h3><span>Las ventajas de la Funda de Silla M\u00e1rmol Dorado para tu hogar:<\/span><\/h3>\n<ul>\n<li>Aporta un <strong>toque de elegancia<\/strong> y <strong>dise\u00f1o<\/strong> a tu interior<\/li>\n<li>La funda de la silla proporciona una <strong>protecci\u00f3n \u00f3ptima<\/strong> contra el desgaste, la suciedad, las manchas, las mascotas, etc.<\/li>\n<li><strong>Se adapta en segundos<\/strong> &#8211; Nuestras fundas protectoras tienen caracter\u00edsticas el\u00e1sticas que les permiten adaptarse perfectamente al 99% de los modelos de sillas<\/li>\n<li>Funda fabricada con <strong>textil de primera calidad<\/strong><\/li>\n<\/ul>\n<p><span><strong>Caracter\u00edsticas:<\/strong><\/span><\/p>\n<ul>\n<li>Material: 10 % elastano (material el\u00e1stico) + 90 % poli\u00e9ster<\/li>\n<li>La tela de alta densidad protege su silla de manchas inesperadas<\/li>\n<li>Tecnolog\u00eda de impresi\u00f3n de alto rendimiento para una mayor solidez del color a la luz y al lavado<\/li>\n<li>F\u00e1cil de poner<\/li>\n<li>Mant\u00e9n tu silla limpia y en buen estado<\/li>\n<li>El dise\u00f1o de banda el\u00e1stica proporciona un ajuste perfecto y un agarre antideslizante<\/li>\n<li>Lavable a m\u00e1quina<\/li>\n<\/ul>\n<p><span><strong>Gu\u00eda de tallas:<\/strong><\/span><\/p>\n<p><img decoding=\"async\" alt=\"\" src=\"https:\/\/365-housse.com\/wp-content\/uploads\/2023\/06\/housse-de-chaise-marbre-taille_480x480.jpg?v=1675022086\" \/><\/p>\n<div>Nuestras fundas para sillas son de tama\u00f1o universal y se adaptan a muchas sillas<\/div>\n<div><\/div>\n<p><img decoding=\"async\" alt=\"\" src=\"https:\/\/365-housse.com\/wp-content\/uploads\/2023\/06\/housse-de-chaise-universelle_480x480.jpg?v=1623509218\" \/><\/p>\n<\/p>\n<p>NOTA: \u00a1Empiece por colocar la <strong>funda de silla de m\u00e1rmol<\/strong> desde atr\u00e1s!\u00a0<\/p>\n<p><img decoding=\"async\" alt=\"funda-silla\" data-mce-fragment=\"1\" data-mce-selected=\"1\" data-mce-src=\"https:\/\/365-housse.com\/wp -content \/uploads\/2023\/06\/housse-de-protection-chaise_480x480.jpg?v=1623509317\" src=\"https:\/\/365-housse.com\/wp-content\/uploads\/2023\/06\/housse-de-chair- proteccion_480x480.jpg?v=1623509317\" style=\"margin-left: auto;margin-right: auto\" \/><\/p>\n<\/p>\n<p>Nuestro <a href=\"https:\/\/365-housse.com\/es\/products\/housse-de-chaise-marbree-coloree-rose\/\" rel=\"noopener noreferrer\" target=\"_blank\" title=\" Funda para silla de m\u00e1rmol colorido rosa\"><strong>Funda para silla de m\u00e1rmol colorido rosa<\/strong><\/a> tambi\u00e9n es perfecta para hacerte destacar entre la multitud. Con su magn\u00edfico acabado, ha sido dise\u00f1ado con especial atenci\u00f3n al detalle. El dise\u00f1o discreto del patr\u00f3n de m\u00e1rmol queda muy bonito. Disponemos de una gran selecci\u00f3n de <a href=\"https:\/\/365-housse.com\/es\/collections\/funda-de-silla\/\" rel=\"noopener noreferrer\" target=\"_blank\" title=\"Fundas para sillas\"> <strong>Fundas para sillas<\/strong><\/a> en diferentes estampados y dise\u00f1os. \u00a1Elige tu color favorito y alegra tu fiesta o evento!<\/p>\n","protected":false},"excerpt":{"rendered":"<p>Nuestra funda para silla de m\u00e1rmol dorado es imprescindible para cualquier recepci\u00f3n de boda o evento especial que organice. Su color m\u00e1rmol oscuro complementar\u00e1 perfectamente su decoraci\u00f3n actual y su suave tejido permitir\u00e1 a los invitados sentarse c\u00f3modamente en cualquier silla. El color dorado jaspeado de la funda de la silla aportar\u00e1 color y vida [&hellip;]<\/p>\n","protected":false},"featured_media":15968,"comment_status":"open","ping_status":"closed","template":"","meta":[],"product_cat":[176,161],"product_tag":[212],"class_list":{"0":"post-20031","1":"product","2":"type-product","3":"status-publish","4":"has-post-thumbnail","6":"product_cat-funda-de-silla","7":"product_cat-portada-interior","8":"product_tag-chaise-es","10":"first","11":"instock","12":"shipping-taxable","13":"purchasable","14":"product-type-simple"},"yoast_head":"<title>Funda de silla de m\u00e1rmol dorado en entrega - gratis Ahorra un 30% en tu pedido<\/title>\n<meta name=\"description\" content=\"Recibe tu Funda de silla de m\u00e1rmol dorado hoy y benef\u00edciate de la entrega - gratuita Env\u00edo en 24\/48h\" \/>\n<meta name=\"robots\" content=\"index, follow, max-snippet:-1, max-image-preview:large, max-video-preview:-1\" \/>\n<link rel=\"canonical\" href=\"https:\/\/365-housse.com\/es\/productos\/housse-de-chaise-marbree-doree\/\" \/>\n<meta property=\"og:locale\" content=\"es_ES\" \/>\n<meta property=\"og:type\" content=\"article\" \/>\n<meta property=\"og:title\" content=\"Funda de silla de m\u00e1rmol dorado en entrega - gratis Ahorra un 30% en tu pedido\" \/>\n<meta property=\"og:description\" content=\"Recibe tu Funda de silla de m\u00e1rmol dorado hoy y benef\u00edciate de la entrega - gratuita Env\u00edo en 24\/48h\" \/>\n<meta property=\"og:url\" content=\"https:\/\/365-housse.com\/es\/productos\/housse-de-chaise-marbree-doree\/\" \/>\n<meta property=\"og:site_name\" content=\"Housse de Canap\u00e9\" \/>\n<meta property=\"article:modified_time\" content=\"2024-09-17T15:07:22+00:00\" \/>\n<meta property=\"og:image\" content=\"https:\/\/365-housse.com\/wp-content\/uploads\/2023\/06\/housse-de-chaise-marbre-dore.jpg\" \/>\n\t<meta property=\"og:image:width\" content=\"431\" \/>\n\t<meta property=\"og:image:height\" content=\"467\" \/>\n\t<meta property=\"og:image:type\" content=\"image\/jpeg\" \/>\n<meta name=\"twitter:card\" content=\"summary_large_image\" \/>\n<meta name=\"twitter:label1\" content=\"Tiempo de lectura\" \/>\n\t<meta name=\"twitter:data1\" content=\"2 minutos\" \/>\n<script type=\"application\/ld+json\" class=\"yoast-schema-graph\">{\"@context\":\"https:\/\/schema.org\",\"@graph\":[{\"@type\":\"WebPage\",\"@id\":\"https:\/\/365-housse.com\/es\/productos\/housse-de-chaise-marbree-doree\/\",\"url\":\"https:\/\/365-housse.com\/es\/productos\/housse-de-chaise-marbree-doree\/\",\"name\":\"Funda de silla de m\u00e1rmol dorado en entrega - gratis Ahorra un 30% en tu pedido\",\"isPartOf\":{\"@id\":\"https:\/\/365-housse.com\/es\/#website\"},\"primaryImageOfPage\":{\"@id\":\"https:\/\/365-housse.com\/es\/productos\/housse-de-chaise-marbree-doree\/#primaryimage\"},\"image\":{\"@id\":\"https:\/\/365-housse.com\/es\/productos\/housse-de-chaise-marbree-doree\/#primaryimage\"},\"thumbnailUrl\":\"https:\/\/365-housse.com\/wp-content\/uploads\/2023\/06\/housse-de-chaise-marbre-dore.jpg\",\"datePublished\":\"2023-06-12T08:11:47+00:00\",\"dateModified\":\"2024-09-17T15:07:22+00:00\",\"description\":\"Recibe tu Funda de silla de m\u00e1rmol dorado hoy y benef\u00edciate de la entrega - gratuita Env\u00edo en 24\/48h\",\"breadcrumb\":{\"@id\":\"https:\/\/365-housse.com\/es\/productos\/housse-de-chaise-marbree-doree\/#breadcrumb\"},\"inLanguage\":\"es\",\"potentialAction\":[{\"@type\":\"ReadAction\",\"target\":[\"https:\/\/365-housse.com\/es\/productos\/housse-de-chaise-marbree-doree\/\"]}]},{\"@type\":\"ImageObject\",\"inLanguage\":\"es\",\"@id\":\"https:\/\/365-housse.com\/es\/productos\/housse-de-chaise-marbree-doree\/#primaryimage\",\"url\":\"https:\/\/365-housse.com\/wp-content\/uploads\/2023\/06\/housse-de-chaise-marbre-dore.jpg\",\"contentUrl\":\"https:\/\/365-housse.com\/wp-content\/uploads\/2023\/06\/housse-de-chaise-marbre-dore.jpg\",\"width\":431,\"height\":467},{\"@type\":\"BreadcrumbList\",\"@id\":\"https:\/\/365-housse.com\/es\/productos\/housse-de-chaise-marbree-doree\/#breadcrumb\",\"itemListElement\":[{\"@type\":\"ListItem\",\"position\":1,\"name\":\"Accueil\",\"item\":\"https:\/\/365-housse.com\/es\/\"},{\"@type\":\"ListItem\",\"position\":2,\"name\":\"Tienda\",\"item\":\"https:\/\/365-housse.com\/es\/tienda\/\"},{\"@type\":\"ListItem\",\"position\":3,\"name\":\"Funda de silla de m\u00e1rmol dorado\"}]},{\"@type\":\"WebSite\",\"@id\":\"https:\/\/365-housse.com\/es\/#website\",\"url\":\"https:\/\/365-housse.com\/es\/\",\"name\":\"Housse de Canap\u00e9\",\"description\":\"Le N\u00b01 de la Housse\",\"publisher\":{\"@id\":\"https:\/\/365-housse.com\/es\/#organization\"},\"potentialAction\":[{\"@type\":\"SearchAction\",\"target\":{\"@type\":\"EntryPoint\",\"urlTemplate\":\"https:\/\/365-housse.com\/es\/?s={search_term_string}\"},\"query-input\":{\"@type\":\"PropertyValueSpecification\",\"valueRequired\":true,\"valueName\":\"search_term_string\"}}],\"inLanguage\":\"es\"},{\"@type\":\"Organization\",\"@id\":\"https:\/\/365-housse.com\/es\/#organization\",\"name\":\"Housse de Canap\u00e9\",\"url\":\"https:\/\/365-housse.com\/es\/\",\"logo\":{\"@type\":\"ImageObject\",\"inLanguage\":\"es\",\"@id\":\"https:\/\/365-housse.com\/es\/#\/schema\/logo\/image\/\",\"url\":\"https:\/\/365-housse.com\/wp-content\/uploads\/2023\/06\/LOGO-400-\u00d7-200-px-392-x-134-px-16.png\",\"contentUrl\":\"https:\/\/365-housse.com\/wp-content\/uploads\/2023\/06\/LOGO-400-\u00d7-200-px-392-x-134-px-16.png\",\"width\":392,\"height\":134,\"caption\":\"Housse de Canap\u00e9\"},\"image\":{\"@id\":\"https:\/\/365-housse.com\/es\/#\/schema\/logo\/image\/\"}}]}<\/script>","yoast_head_json":{"title":"Funda de silla de m\u00e1rmol dorado en entrega - gratis Ahorra un 30% en tu pedido","description":"Recibe tu Funda de silla de m\u00e1rmol dorado hoy y benef\u00edciate de la entrega - gratuita Env\u00edo en 24\/48h","robots":{"index":"index","follow":"follow","max-snippet":"max-snippet:-1","max-image-preview":"max-image-preview:large","max-video-preview":"max-video-preview:-1"},"canonical":"https:\/\/365-housse.com\/es\/productos\/housse-de-chaise-marbree-doree\/","og_locale":"es_ES","og_type":"article","og_title":"Funda de silla de m\u00e1rmol dorado en entrega - gratis Ahorra un 30% en tu pedido","og_description":"Recibe tu Funda de silla de m\u00e1rmol dorado hoy y benef\u00edciate de la entrega - gratuita Env\u00edo en 24\/48h","og_url":"https:\/\/365-housse.com\/es\/productos\/housse-de-chaise-marbree-doree\/","og_site_name":"Housse de Canap\u00e9","article_modified_time":"2024-09-17T15:07:22+00:00","og_image":[{"width":431,"height":467,"url":"https:\/\/365-housse.com\/wp-content\/uploads\/2023\/06\/housse-de-chaise-marbre-dore.jpg","type":"image\/jpeg"}],"twitter_card":"summary_large_image","twitter_misc":{"Tiempo de lectura":"2 minutos"},"schema":{"@context":"https:\/\/schema.org","@graph":[{"@type":"WebPage","@id":"https:\/\/365-housse.com\/es\/productos\/housse-de-chaise-marbree-doree\/","url":"https:\/\/365-housse.com\/es\/productos\/housse-de-chaise-marbree-doree\/","name":"Funda de silla de m\u00e1rmol dorado en entrega - gratis Ahorra un 30% en tu pedido","isPartOf":{"@id":"https:\/\/365-housse.com\/es\/#website"},"primaryImageOfPage":{"@id":"https:\/\/365-housse.com\/es\/productos\/housse-de-chaise-marbree-doree\/#primaryimage"},"image":{"@id":"https:\/\/365-housse.com\/es\/productos\/housse-de-chaise-marbree-doree\/#primaryimage"},"thumbnailUrl":"https:\/\/365-housse.com\/wp-content\/uploads\/2023\/06\/housse-de-chaise-marbre-dore.jpg","datePublished":"2023-06-12T08:11:47+00:00","dateModified":"2024-09-17T15:07:22+00:00","description":"Recibe tu Funda de silla de m\u00e1rmol dorado hoy y benef\u00edciate de la entrega - gratuita Env\u00edo en 24\/48h","breadcrumb":{"@id":"https:\/\/365-housse.com\/es\/productos\/housse-de-chaise-marbree-doree\/#breadcrumb"},"inLanguage":"es","potentialAction":[{"@type":"ReadAction","target":["https:\/\/365-housse.com\/es\/productos\/housse-de-chaise-marbree-doree\/"]}]},{"@type":"ImageObject","inLanguage":"es","@id":"https:\/\/365-housse.com\/es\/productos\/housse-de-chaise-marbree-doree\/#primaryimage","url":"https:\/\/365-housse.com\/wp-content\/uploads\/2023\/06\/housse-de-chaise-marbre-dore.jpg","contentUrl":"https:\/\/365-housse.com\/wp-content\/uploads\/2023\/06\/housse-de-chaise-marbre-dore.jpg","width":431,"height":467},{"@type":"BreadcrumbList","@id":"https:\/\/365-housse.com\/es\/productos\/housse-de-chaise-marbree-doree\/#breadcrumb","itemListElement":[{"@type":"ListItem","position":1,"name":"Accueil","item":"https:\/\/365-housse.com\/es\/"},{"@type":"ListItem","position":2,"name":"Tienda","item":"https:\/\/365-housse.com\/es\/tienda\/"},{"@type":"ListItem","position":3,"name":"Funda de silla de m\u00e1rmol dorado"}]},{"@type":"WebSite","@id":"https:\/\/365-housse.com\/es\/#website","url":"https:\/\/365-housse.com\/es\/","name":"Housse de Canap\u00e9","description":"Le N\u00b01 de la Housse","publisher":{"@id":"https:\/\/365-housse.com\/es\/#organization"},"potentialAction":[{"@type":"SearchAction","target":{"@type":"EntryPoint","urlTemplate":"https:\/\/365-housse.com\/es\/?s={search_term_string}"},"query-input":{"@type":"PropertyValueSpecification","valueRequired":true,"valueName":"search_term_string"}}],"inLanguage":"es"},{"@type":"Organization","@id":"https:\/\/365-housse.com\/es\/#organization","name":"Housse de Canap\u00e9","url":"https:\/\/365-housse.com\/es\/","logo":{"@type":"ImageObject","inLanguage":"es","@id":"https:\/\/365-housse.com\/es\/#\/schema\/logo\/image\/","url":"https:\/\/365-housse.com\/wp-content\/uploads\/2023\/06\/LOGO-400-\u00d7-200-px-392-x-134-px-16.png","contentUrl":"https:\/\/365-housse.com\/wp-content\/uploads\/2023\/06\/LOGO-400-\u00d7-200-px-392-x-134-px-16.png","width":392,"height":134,"caption":"Housse de Canap\u00e9"},"image":{"@id":"https:\/\/365-housse.com\/es\/#\/schema\/logo\/image\/"}}]}},"_links":{"self":[{"href":"https:\/\/365-housse.com\/es\/wp-json\/wp\/v2\/product\/20031"}],"collection":[{"href":"https:\/\/365-housse.com\/es\/wp-json\/wp\/v2\/product"}],"about":[{"href":"https:\/\/365-housse.com\/es\/wp-json\/wp\/v2\/types\/product"}],"replies":[{"embeddable":true,"href":"https:\/\/365-housse.com\/es\/wp-json\/wp\/v2\/comments?post=20031"}],"wp:featuredmedia":[{"embeddable":true,"href":"https:\/\/365-housse.com\/es\/wp-json\/wp\/v2\/media\/15968"}],"wp:attachment":[{"href":"https:\/\/365-housse.com\/es\/wp-json\/wp\/v2\/media?parent=20031"}],"wp:term":[{"taxonomy":"product_cat","embeddable":true,"href":"https:\/\/365-housse.com\/es\/wp-json\/wp\/v2\/product_cat?post=20031"},{"taxonomy":"product_tag","embeddable":true,"href":"https:\/\/365-housse.com\/es\/wp-json\/wp\/v2\/product_tag?post=20031"}],"curies":[{"name":"wp","href":"https:\/\/api.w.org\/{rel}","templated":true}]}}