{"id":20064,"date":"2023-06-12T08:11:26","date_gmt":"2023-06-12T08:11:26","guid":{"rendered":"https:\/\/365-housse.com\/products\/housse-de-chaise-motif-scandinave\/"},"modified":"2024-09-17T15:07:46","modified_gmt":"2024-09-17T15:07:46","slug":"housse-de-chaise-motif-scandinave","status":"publish","type":"product","link":"https:\/\/365-housse.com\/es\/productos\/housse-de-chaise-motif-scandinave\/","title":{"rendered":"Funda de silla escandinava"},"content":{"rendered":"<h2>Adopta el estilo escandinavo para tu interior: \u00a1Descubre la funda para silla con estampado escandinavo en colores \u00fanicos!<\/h2>\n<h3>Dale energ\u00eda a tu decoraci\u00f3n interior con la funda para silla escandinava:<\/h3>\n<ul>\n<li>\n<p>Aporta un toque de <strong>est\u00e9tica<\/strong> y <strong>estilo<\/strong> a tu hogar<\/p>\n<\/li>\n<li>\n<p>La funda de la silla ofrece una <strong>protecci\u00f3n \u00f3ptima<\/strong> contra el desgaste, suciedad, manchas, mascotas, etc.<\/p>\n<\/li>\n<li>\n<p><strong>Ajuste f\u00e1cil y r\u00e1pido<\/strong>, <span data-mce-fragment=\"1\">estas fundas para sillas cuentan con un tejido el\u00e1stico para adaptarse al 99% de los modelos de sillas<\/span>. <\/p>\n<\/li>\n<li><span data-mce-fragment=\"1\">Fabricado con <strong>tejido de alta calidad<\/strong><\/span><\/li>\n<\/ul>\n<p><span><strong>Caracter\u00edsticas: <\/strong><\/span><\/p>\n<ul>\n<li>\n<p><span>Material: <\/span><span>8<\/span><span>% spandex + 92% <\/span><span>Poli\u00e9ster<\/span><\/p>\n<\/li>\n<li>\n<p><span>La tela premium protege tu silla de las manchas<\/span><\/p>\n<\/li>\n<li>\n<p><span>Impresi\u00f3n de <strong>calidad<\/strong> premium para una mejor resistencia al color, a la luz y al lavado<\/span><\/p>\n<\/li>\n<li>\n<p><span>F\u00e1cil de poner <\/span><\/p>\n<\/li>\n<li>\n<p><span data-mce-fragment=\"1\">Mantiene tu silla limpia y en buen estado<\/span><\/p>\n<\/li>\n<li>\n<p><span data-mce-fragment=\"1\">El dise\u00f1o el\u00e1stico proporciona un ajuste c\u00f3modo y un agarre antideslizante<\/span><\/p>\n<\/li>\n<li>\n<p>Lavable a m\u00e1quina<\/p>\n<\/li>\n<\/ul>\n<p><span><strong>Gu\u00eda de tallas:<\/strong><\/span><\/p>\n<p><img fetchpriority=\"high\" decoding=\"async\" alt=\"guide-cover-size-guide\" height=\"292\" src=\"https:\/\/365-housse.com\/wp-content\/uploads\/2023\/06\/guide-des-chair- tama\u00f1os de portada_480x480.jpg?v=1623508915\" style=\"margin-left: auto;margin-right: auto\" width=\"350\" \/><\/p>\n<div>Nuestras fundas para sillas son universales y se adaptan a muchas sillas<\/div>\n<div><\/div>\n<div><img decoding=\"async\" alt=\"\" src=\"https:\/\/365-housse.com\/wp-content\/uploads\/2023\/06\/housse-de-chaise-universelle_480x480.jpg?v=1623509218\" style=\"margin-right: auto\" \/><\/div>\n<p> NOTA: \u00a1Empiece por colocar la <strong>funda de silla extensible con patr\u00f3n escandinavo<\/strong> desde la parte posterior!\u00a0<\/p>\n<p><img decoding=\"async\" alt=\"housse-de-chaise\" src=\"https:\/\/365-housse.com\/wp-content\/uploads\/2023\/06\/housse-de-protection-chaise_480x480.jpg?v=1623509317 \" \/><\/p>\n<div>\n<p>El estilo escandinavo est\u00e1 muy presente en nuestros hogares, pero tambi\u00e9n puedes encontrar tu estilo entre nuestros otros modelos modernos y de tendencia, disponibles en nuestra colecci\u00f3n <a data-mce-href=\"\/?product_cat=chousse-de-chaise \" href=\"https:\/\/365-housse.com\/es\/collections\/funda-de-silla\/\" rel=\"noopener\" target=\"_blank\" title=\"funda de silla\">funda de silla<\/a> .<\/p>\n<p>Puedes encontrar lo que buscas en nuestra selecci\u00f3n de <a data-mce-href=\"\/?product_cat=housse-chaise-scandinave\" href=\"https:\/\/365-housse.com\/es\/collections \/ funda-para-silla-escandinava\/\" rel=\"noopener\" target=\"_blank\" title=\"Funda para silla escandinava\">Funda para silla escandinava<\/a>.<\/p>\n<\/div>\n","protected":false},"excerpt":{"rendered":"<p>Adopta el estilo escandinavo para tu interior: \u00a1Descubre la funda para silla con estampado escandinavo en colores \u00fanicos! Dale energ\u00eda a tu decoraci\u00f3n interior con la funda para silla escandinava: Aporta un toque de est\u00e9tica y estilo a tu hogar La funda de la silla ofrece una protecci\u00f3n \u00f3ptima contra el desgaste, suciedad, manchas, mascotas, [&hellip;]<\/p>\n","protected":false},"featured_media":15917,"comment_status":"open","ping_status":"closed","template":"","meta":[],"product_cat":[176,161],"product_tag":[212],"class_list":{"0":"post-20064","1":"product","2":"type-product","3":"status-publish","4":"has-post-thumbnail","6":"product_cat-funda-de-silla","7":"product_cat-portada-interior","8":"product_tag-chaise-es","10":"first","11":"instock","12":"shipping-taxable","13":"purchasable","14":"product-type-simple"},"yoast_head":"<title>Funda de silla escandinava en entrega - gratis Ahorra un 30% en tu pedido<\/title>\n<meta name=\"description\" content=\"Recibe tu Funda de silla escandinava hoy y benef\u00edciate de la entrega - gratuita Env\u00edo en 24\/48h\" \/>\n<meta name=\"robots\" content=\"index, follow, max-snippet:-1, max-image-preview:large, max-video-preview:-1\" \/>\n<link rel=\"canonical\" href=\"https:\/\/365-housse.com\/es\/productos\/housse-de-chaise-motif-scandinave\/\" \/>\n<meta property=\"og:locale\" content=\"es_ES\" \/>\n<meta property=\"og:type\" content=\"article\" \/>\n<meta property=\"og:title\" content=\"Funda de silla escandinava en entrega - gratis Ahorra un 30% en tu pedido\" \/>\n<meta property=\"og:description\" content=\"Recibe tu Funda de silla escandinava hoy y benef\u00edciate de la entrega - gratuita Env\u00edo en 24\/48h\" \/>\n<meta property=\"og:url\" content=\"https:\/\/365-housse.com\/es\/productos\/housse-de-chaise-motif-scandinave\/\" \/>\n<meta property=\"og:site_name\" content=\"Housse de Canap\u00e9\" \/>\n<meta property=\"article:modified_time\" content=\"2024-09-17T15:07:46+00:00\" \/>\n<meta property=\"og:image\" content=\"https:\/\/365-housse.com\/wp-content\/uploads\/2023\/06\/Housse-chaise-scandinave-extensible_c98abde0-364d-48c1-a5ff-5f84c425b039.jpg\" \/>\n\t<meta property=\"og:image:width\" content=\"860\" \/>\n\t<meta property=\"og:image:height\" content=\"920\" \/>\n\t<meta property=\"og:image:type\" content=\"image\/jpeg\" \/>\n<meta name=\"twitter:card\" content=\"summary_large_image\" \/>\n<meta name=\"twitter:label1\" content=\"Tiempo de lectura\" \/>\n\t<meta name=\"twitter:data1\" content=\"1 minuto\" \/>\n<script type=\"application\/ld+json\" class=\"yoast-schema-graph\">{\"@context\":\"https:\/\/schema.org\",\"@graph\":[{\"@type\":\"WebPage\",\"@id\":\"https:\/\/365-housse.com\/es\/productos\/housse-de-chaise-motif-scandinave\/\",\"url\":\"https:\/\/365-housse.com\/es\/productos\/housse-de-chaise-motif-scandinave\/\",\"name\":\"Funda de silla escandinava en entrega - gratis Ahorra un 30% en tu pedido\",\"isPartOf\":{\"@id\":\"https:\/\/365-housse.com\/es\/#website\"},\"primaryImageOfPage\":{\"@id\":\"https:\/\/365-housse.com\/es\/productos\/housse-de-chaise-motif-scandinave\/#primaryimage\"},\"image\":{\"@id\":\"https:\/\/365-housse.com\/es\/productos\/housse-de-chaise-motif-scandinave\/#primaryimage\"},\"thumbnailUrl\":\"https:\/\/365-housse.com\/wp-content\/uploads\/2023\/06\/Housse-chaise-scandinave-extensible_c98abde0-364d-48c1-a5ff-5f84c425b039.jpg\",\"datePublished\":\"2023-06-12T08:11:26+00:00\",\"dateModified\":\"2024-09-17T15:07:46+00:00\",\"description\":\"Recibe tu Funda de silla escandinava hoy y benef\u00edciate de la entrega - gratuita Env\u00edo en 24\/48h\",\"breadcrumb\":{\"@id\":\"https:\/\/365-housse.com\/es\/productos\/housse-de-chaise-motif-scandinave\/#breadcrumb\"},\"inLanguage\":\"es\",\"potentialAction\":[{\"@type\":\"ReadAction\",\"target\":[\"https:\/\/365-housse.com\/es\/productos\/housse-de-chaise-motif-scandinave\/\"]}]},{\"@type\":\"ImageObject\",\"inLanguage\":\"es\",\"@id\":\"https:\/\/365-housse.com\/es\/productos\/housse-de-chaise-motif-scandinave\/#primaryimage\",\"url\":\"https:\/\/365-housse.com\/wp-content\/uploads\/2023\/06\/Housse-chaise-scandinave-extensible_c98abde0-364d-48c1-a5ff-5f84c425b039.jpg\",\"contentUrl\":\"https:\/\/365-housse.com\/wp-content\/uploads\/2023\/06\/Housse-chaise-scandinave-extensible_c98abde0-364d-48c1-a5ff-5f84c425b039.jpg\",\"width\":860,\"height\":920},{\"@type\":\"BreadcrumbList\",\"@id\":\"https:\/\/365-housse.com\/es\/productos\/housse-de-chaise-motif-scandinave\/#breadcrumb\",\"itemListElement\":[{\"@type\":\"ListItem\",\"position\":1,\"name\":\"Accueil\",\"item\":\"https:\/\/365-housse.com\/es\/\"},{\"@type\":\"ListItem\",\"position\":2,\"name\":\"Tienda\",\"item\":\"https:\/\/365-housse.com\/es\/tienda\/\"},{\"@type\":\"ListItem\",\"position\":3,\"name\":\"Funda de silla escandinava\"}]},{\"@type\":\"WebSite\",\"@id\":\"https:\/\/365-housse.com\/es\/#website\",\"url\":\"https:\/\/365-housse.com\/es\/\",\"name\":\"Housse de Canap\u00e9\",\"description\":\"Le N\u00b01 de la Housse\",\"publisher\":{\"@id\":\"https:\/\/365-housse.com\/es\/#organization\"},\"potentialAction\":[{\"@type\":\"SearchAction\",\"target\":{\"@type\":\"EntryPoint\",\"urlTemplate\":\"https:\/\/365-housse.com\/es\/?s={search_term_string}\"},\"query-input\":{\"@type\":\"PropertyValueSpecification\",\"valueRequired\":true,\"valueName\":\"search_term_string\"}}],\"inLanguage\":\"es\"},{\"@type\":\"Organization\",\"@id\":\"https:\/\/365-housse.com\/es\/#organization\",\"name\":\"Housse de Canap\u00e9\",\"url\":\"https:\/\/365-housse.com\/es\/\",\"logo\":{\"@type\":\"ImageObject\",\"inLanguage\":\"es\",\"@id\":\"https:\/\/365-housse.com\/es\/#\/schema\/logo\/image\/\",\"url\":\"https:\/\/365-housse.com\/wp-content\/uploads\/2023\/06\/LOGO-400-\u00d7-200-px-392-x-134-px-16.png\",\"contentUrl\":\"https:\/\/365-housse.com\/wp-content\/uploads\/2023\/06\/LOGO-400-\u00d7-200-px-392-x-134-px-16.png\",\"width\":392,\"height\":134,\"caption\":\"Housse de Canap\u00e9\"},\"image\":{\"@id\":\"https:\/\/365-housse.com\/es\/#\/schema\/logo\/image\/\"}}]}<\/script>","yoast_head_json":{"title":"Funda de silla escandinava en entrega - gratis Ahorra un 30% en tu pedido","description":"Recibe tu Funda de silla escandinava hoy y benef\u00edciate de la entrega - gratuita Env\u00edo en 24\/48h","robots":{"index":"index","follow":"follow","max-snippet":"max-snippet:-1","max-image-preview":"max-image-preview:large","max-video-preview":"max-video-preview:-1"},"canonical":"https:\/\/365-housse.com\/es\/productos\/housse-de-chaise-motif-scandinave\/","og_locale":"es_ES","og_type":"article","og_title":"Funda de silla escandinava en entrega - gratis Ahorra un 30% en tu pedido","og_description":"Recibe tu Funda de silla escandinava hoy y benef\u00edciate de la entrega - gratuita Env\u00edo en 24\/48h","og_url":"https:\/\/365-housse.com\/es\/productos\/housse-de-chaise-motif-scandinave\/","og_site_name":"Housse de Canap\u00e9","article_modified_time":"2024-09-17T15:07:46+00:00","og_image":[{"width":860,"height":920,"url":"https:\/\/365-housse.com\/wp-content\/uploads\/2023\/06\/Housse-chaise-scandinave-extensible_c98abde0-364d-48c1-a5ff-5f84c425b039.jpg","type":"image\/jpeg"}],"twitter_card":"summary_large_image","twitter_misc":{"Tiempo de lectura":"1 minuto"},"schema":{"@context":"https:\/\/schema.org","@graph":[{"@type":"WebPage","@id":"https:\/\/365-housse.com\/es\/productos\/housse-de-chaise-motif-scandinave\/","url":"https:\/\/365-housse.com\/es\/productos\/housse-de-chaise-motif-scandinave\/","name":"Funda de silla escandinava en entrega - gratis Ahorra un 30% en tu pedido","isPartOf":{"@id":"https:\/\/365-housse.com\/es\/#website"},"primaryImageOfPage":{"@id":"https:\/\/365-housse.com\/es\/productos\/housse-de-chaise-motif-scandinave\/#primaryimage"},"image":{"@id":"https:\/\/365-housse.com\/es\/productos\/housse-de-chaise-motif-scandinave\/#primaryimage"},"thumbnailUrl":"https:\/\/365-housse.com\/wp-content\/uploads\/2023\/06\/Housse-chaise-scandinave-extensible_c98abde0-364d-48c1-a5ff-5f84c425b039.jpg","datePublished":"2023-06-12T08:11:26+00:00","dateModified":"2024-09-17T15:07:46+00:00","description":"Recibe tu Funda de silla escandinava hoy y benef\u00edciate de la entrega - gratuita Env\u00edo en 24\/48h","breadcrumb":{"@id":"https:\/\/365-housse.com\/es\/productos\/housse-de-chaise-motif-scandinave\/#breadcrumb"},"inLanguage":"es","potentialAction":[{"@type":"ReadAction","target":["https:\/\/365-housse.com\/es\/productos\/housse-de-chaise-motif-scandinave\/"]}]},{"@type":"ImageObject","inLanguage":"es","@id":"https:\/\/365-housse.com\/es\/productos\/housse-de-chaise-motif-scandinave\/#primaryimage","url":"https:\/\/365-housse.com\/wp-content\/uploads\/2023\/06\/Housse-chaise-scandinave-extensible_c98abde0-364d-48c1-a5ff-5f84c425b039.jpg","contentUrl":"https:\/\/365-housse.com\/wp-content\/uploads\/2023\/06\/Housse-chaise-scandinave-extensible_c98abde0-364d-48c1-a5ff-5f84c425b039.jpg","width":860,"height":920},{"@type":"BreadcrumbList","@id":"https:\/\/365-housse.com\/es\/productos\/housse-de-chaise-motif-scandinave\/#breadcrumb","itemListElement":[{"@type":"ListItem","position":1,"name":"Accueil","item":"https:\/\/365-housse.com\/es\/"},{"@type":"ListItem","position":2,"name":"Tienda","item":"https:\/\/365-housse.com\/es\/tienda\/"},{"@type":"ListItem","position":3,"name":"Funda de silla escandinava"}]},{"@type":"WebSite","@id":"https:\/\/365-housse.com\/es\/#website","url":"https:\/\/365-housse.com\/es\/","name":"Housse de Canap\u00e9","description":"Le N\u00b01 de la Housse","publisher":{"@id":"https:\/\/365-housse.com\/es\/#organization"},"potentialAction":[{"@type":"SearchAction","target":{"@type":"EntryPoint","urlTemplate":"https:\/\/365-housse.com\/es\/?s={search_term_string}"},"query-input":{"@type":"PropertyValueSpecification","valueRequired":true,"valueName":"search_term_string"}}],"inLanguage":"es"},{"@type":"Organization","@id":"https:\/\/365-housse.com\/es\/#organization","name":"Housse de Canap\u00e9","url":"https:\/\/365-housse.com\/es\/","logo":{"@type":"ImageObject","inLanguage":"es","@id":"https:\/\/365-housse.com\/es\/#\/schema\/logo\/image\/","url":"https:\/\/365-housse.com\/wp-content\/uploads\/2023\/06\/LOGO-400-\u00d7-200-px-392-x-134-px-16.png","contentUrl":"https:\/\/365-housse.com\/wp-content\/uploads\/2023\/06\/LOGO-400-\u00d7-200-px-392-x-134-px-16.png","width":392,"height":134,"caption":"Housse de Canap\u00e9"},"image":{"@id":"https:\/\/365-housse.com\/es\/#\/schema\/logo\/image\/"}}]}},"_links":{"self":[{"href":"https:\/\/365-housse.com\/es\/wp-json\/wp\/v2\/product\/20064"}],"collection":[{"href":"https:\/\/365-housse.com\/es\/wp-json\/wp\/v2\/product"}],"about":[{"href":"https:\/\/365-housse.com\/es\/wp-json\/wp\/v2\/types\/product"}],"replies":[{"embeddable":true,"href":"https:\/\/365-housse.com\/es\/wp-json\/wp\/v2\/comments?post=20064"}],"wp:featuredmedia":[{"embeddable":true,"href":"https:\/\/365-housse.com\/es\/wp-json\/wp\/v2\/media\/15917"}],"wp:attachment":[{"href":"https:\/\/365-housse.com\/es\/wp-json\/wp\/v2\/media?parent=20064"}],"wp:term":[{"taxonomy":"product_cat","embeddable":true,"href":"https:\/\/365-housse.com\/es\/wp-json\/wp\/v2\/product_cat?post=20064"},{"taxonomy":"product_tag","embeddable":true,"href":"https:\/\/365-housse.com\/es\/wp-json\/wp\/v2\/product_tag?post=20064"}],"curies":[{"name":"wp","href":"https:\/\/api.w.org\/{rel}","templated":true}]}}