{"id":20069,"date":"2023-06-12T08:11:22","date_gmt":"2023-06-12T08:11:22","guid":{"rendered":"https:\/\/365-housse.com\/products\/housse-de-chaise-monroe\/"},"modified":"2024-09-17T15:07:47","modified_gmt":"2024-09-17T15:07:47","slug":"housse-de-chaise-monroe","status":"publish","type":"product","link":"https:\/\/365-housse.com\/es\/productos\/housse-de-chaise-monroe\/","title":{"rendered":"Funda para silla Monroe."},"content":{"rendered":"<h2>\u00a1Es hora de renovar tu espacio interior y estar a la moda! Descubre la Funda para Silla Monroe y su estilo \u00fanico. Colores que armonizar\u00e1n perfectamente con tu decoraci\u00f3n.<\/h2>\n<p><span><strong>Dale un lavado de cara a tu interior con la funda para silla Monroe:<\/strong><\/span><\/p>\n<ul>\n<li>\n<p>Una decoraci\u00f3n <strong>chic y moderna<\/strong> para tu interior<\/p>\n<\/li>\n<li>\n<p>La funda de la silla proporciona una <strong>protecci\u00f3n \u00f3ptima<\/strong> contra da\u00f1os y suciedad, manchas, mascotas, etc.<\/p>\n<\/li>\n<li>\n<p>Dise\u00f1adas para adaptarse en <strong>segundos<\/strong>, nuestras fundas protectoras est\u00e1n equipadas con material el\u00e1stico para adaptarse perfectamente al 99% de los modelos de sillas<\/p>\n<\/li>\n<li>\n<p>Funda fabricada con un <strong>textil de alta gama<\/strong><\/p>\n<\/li>\n<\/ul>\n<p><span><strong>Caracter\u00edsticas: <\/strong><\/span><\/p>\n<ul>\n<li>\n<p><span>Material: <\/span><span>8<\/span><span>% spandex (material el\u00e1stico) + 92% <\/span><span>poli\u00e9ster<\/span>&lt;\/p <\/li>\n<li>\n<p><span>La tela de alta densidad protege tu silla de manchas inesperadas<\/span><\/p>\n<\/li>\n<li>\n<p><span><strong>Tecnolog\u00eda de impresi\u00f3n de alto rendimiento<\/strong> para una mayor solidez del color a la luz y al lavado<\/span><\/p>\n<\/li>\n<li>\n<p><span>F\u00e1cil instalaci\u00f3n<\/span><\/p>\n<\/li>\n<li>\n<p><span>Mant\u00e9n tu silla limpia y en buen estado<\/span><\/p>\n<\/li>\n<li>\n<p><span>El dise\u00f1o de banda el\u00e1stica proporciona un ajuste perfecto y un agarre antideslizante<\/span><\/p>\n<\/li>\n<li>\n<p>Lavable a m\u00e1quina<\/p>\n<\/li>\n<\/ul>\n<p><span><strong>Gu\u00eda de tallas:<\/strong><\/span><\/p>\n<p><img fetchpriority=\"high\" decoding=\"async\" alt=\"guide-cover-size-guide\" height=\"292\" src=\"https:\/\/365-housse.com\/wp-content\/uploads\/2023\/06\/guide-des-chair- tama\u00f1os de portada_480x480.jpg?v=1623508915\" style=\"margin-left: auto;margin-right: auto\" width=\"350\" \/><\/p>\n<div>Nuestras fundas para sillas se adaptan a varios modelos<\/div>\n<div><\/div>\n<div><img decoding=\"async\" alt=\"\" src=\"https:\/\/365-housse.com\/wp-content\/uploads\/2023\/06\/housse-de-chaise-universelle_480x480.jpg?v=1623509218\" \/><\/div>\n<div><\/div>\n<p>NOTA: \u00a1Empiece por colocar la<strong>funda de la silla<\/strong><span><\/span>desde atr\u00e1s!\u00a0<\/p>\n<p><img decoding=\"async\" alt=\"housse-de-chaise\" src=\"https:\/\/365-housse.com\/wp-content\/uploads\/2023\/06\/housse-de-protection-chaise_480x480.jpg?v=1623509317 \" \/><\/p>\n<div>\n<p>Tambi\u00e9n puedes optar por otro modelo como el<a href=\"https:\/\/365-housse.com\/products\/housse-de-chaise-monroe\/\" rel=\"noopener\" target=\"_blank\" title=\"funda silla monroe\"> <\/a><a href=\"https:\/\/365-housse.com\/es\/products\/housse-de-chaise-marron\/\" rel=\"noopener noreferrer\" target=\"_blank \" title=\"funda silla marr\u00f3n\">funda silla<span>m<\/span>arron<\/a>. Descubra nuestra variada gama de modelos modernos y de moda, en nuestra colecci\u00f3n<span> <\/span><a data-mce-href=\"\/?product_cat=chousse-de-chaise\" href=\"https:\/\/365-housse. com\/es\/collections\/funda-de-silla\/\" rel=\"noopener\" target=\"_blank\" title=\"funda de silla\">funda de silla<\/a>.<\/p>\n<p>Si prefieres un estilo diferente, encuentra tu modelo entre nuestra colecci\u00f3n<span> <\/span><a data-mce-href=\"\/?product_cat=scandinave-chair-cover\" href=\"https:\/\/365 -housse.com\/es\/collections\/funda-para-silla-escandinava\/\" rel=\"noopener\" target=\"_blank\" title=\"funda para silla escandinava\">funda para silla escandinava<\/a>.<\/p>\n<\/div>\n","protected":false},"excerpt":{"rendered":"<p>\u00a1Es hora de renovar tu espacio interior y estar a la moda! Descubre la Funda para Silla Monroe y su estilo \u00fanico. Colores que armonizar\u00e1n perfectamente con tu decoraci\u00f3n. Dale un lavado de cara a tu interior con la funda para silla Monroe: Una decoraci\u00f3n chic y moderna para tu interior La funda de la [&hellip;]<\/p>\n","protected":false},"featured_media":15908,"comment_status":"open","ping_status":"closed","template":"","meta":[],"product_cat":[176,161],"product_tag":[212],"class_list":{"0":"post-20069","1":"product","2":"type-product","3":"status-publish","4":"has-post-thumbnail","6":"product_cat-funda-de-silla","7":"product_cat-portada-interior","8":"product_tag-chaise-es","10":"first","11":"instock","12":"shipping-taxable","13":"purchasable","14":"product-type-simple"},"yoast_head":"<title>Funda para silla Monroe. en entrega - gratis Ahorra un 30% en tu pedido<\/title>\n<meta name=\"description\" content=\"Recibe tu Funda para silla Monroe. hoy y benef\u00edciate de la entrega - gratuita Env\u00edo en 24\/48h\" \/>\n<meta name=\"robots\" content=\"index, follow, max-snippet:-1, max-image-preview:large, max-video-preview:-1\" \/>\n<link rel=\"canonical\" href=\"https:\/\/365-housse.com\/es\/productos\/housse-de-chaise-monroe\/\" \/>\n<meta property=\"og:locale\" content=\"es_ES\" \/>\n<meta property=\"og:type\" content=\"article\" \/>\n<meta property=\"og:title\" content=\"Funda para silla Monroe. en entrega - gratis Ahorra un 30% en tu pedido\" \/>\n<meta property=\"og:description\" content=\"Recibe tu Funda para silla Monroe. hoy y benef\u00edciate de la entrega - gratuita Env\u00edo en 24\/48h\" \/>\n<meta property=\"og:url\" content=\"https:\/\/365-housse.com\/es\/productos\/housse-de-chaise-monroe\/\" \/>\n<meta property=\"og:site_name\" content=\"Housse de Canap\u00e9\" \/>\n<meta property=\"article:modified_time\" content=\"2024-09-17T15:07:47+00:00\" \/>\n<meta property=\"og:image\" content=\"https:\/\/365-housse.com\/wp-content\/uploads\/2023\/06\/Housse-de-chaise-moderne.jpg\" \/>\n\t<meta property=\"og:image:width\" content=\"784\" \/>\n\t<meta property=\"og:image:height\" content=\"922\" \/>\n\t<meta property=\"og:image:type\" content=\"image\/jpeg\" \/>\n<meta name=\"twitter:card\" content=\"summary_large_image\" \/>\n<meta name=\"twitter:label1\" content=\"Tiempo de lectura\" \/>\n\t<meta name=\"twitter:data1\" content=\"1 minuto\" \/>\n<script type=\"application\/ld+json\" class=\"yoast-schema-graph\">{\"@context\":\"https:\/\/schema.org\",\"@graph\":[{\"@type\":\"WebPage\",\"@id\":\"https:\/\/365-housse.com\/es\/productos\/housse-de-chaise-monroe\/\",\"url\":\"https:\/\/365-housse.com\/es\/productos\/housse-de-chaise-monroe\/\",\"name\":\"Funda para silla Monroe. en entrega - gratis Ahorra un 30% en tu pedido\",\"isPartOf\":{\"@id\":\"https:\/\/365-housse.com\/es\/#website\"},\"primaryImageOfPage\":{\"@id\":\"https:\/\/365-housse.com\/es\/productos\/housse-de-chaise-monroe\/#primaryimage\"},\"image\":{\"@id\":\"https:\/\/365-housse.com\/es\/productos\/housse-de-chaise-monroe\/#primaryimage\"},\"thumbnailUrl\":\"https:\/\/365-housse.com\/wp-content\/uploads\/2023\/06\/Housse-de-chaise-moderne.jpg\",\"datePublished\":\"2023-06-12T08:11:22+00:00\",\"dateModified\":\"2024-09-17T15:07:47+00:00\",\"description\":\"Recibe tu Funda para silla Monroe. hoy y benef\u00edciate de la entrega - gratuita Env\u00edo en 24\/48h\",\"breadcrumb\":{\"@id\":\"https:\/\/365-housse.com\/es\/productos\/housse-de-chaise-monroe\/#breadcrumb\"},\"inLanguage\":\"es\",\"potentialAction\":[{\"@type\":\"ReadAction\",\"target\":[\"https:\/\/365-housse.com\/es\/productos\/housse-de-chaise-monroe\/\"]}]},{\"@type\":\"ImageObject\",\"inLanguage\":\"es\",\"@id\":\"https:\/\/365-housse.com\/es\/productos\/housse-de-chaise-monroe\/#primaryimage\",\"url\":\"https:\/\/365-housse.com\/wp-content\/uploads\/2023\/06\/Housse-de-chaise-moderne.jpg\",\"contentUrl\":\"https:\/\/365-housse.com\/wp-content\/uploads\/2023\/06\/Housse-de-chaise-moderne.jpg\",\"width\":784,\"height\":922},{\"@type\":\"BreadcrumbList\",\"@id\":\"https:\/\/365-housse.com\/es\/productos\/housse-de-chaise-monroe\/#breadcrumb\",\"itemListElement\":[{\"@type\":\"ListItem\",\"position\":1,\"name\":\"Accueil\",\"item\":\"https:\/\/365-housse.com\/es\/\"},{\"@type\":\"ListItem\",\"position\":2,\"name\":\"Tienda\",\"item\":\"https:\/\/365-housse.com\/es\/tienda\/\"},{\"@type\":\"ListItem\",\"position\":3,\"name\":\"Funda para silla Monroe.\"}]},{\"@type\":\"WebSite\",\"@id\":\"https:\/\/365-housse.com\/es\/#website\",\"url\":\"https:\/\/365-housse.com\/es\/\",\"name\":\"Housse de Canap\u00e9\",\"description\":\"Le N\u00b01 de la Housse\",\"publisher\":{\"@id\":\"https:\/\/365-housse.com\/es\/#organization\"},\"potentialAction\":[{\"@type\":\"SearchAction\",\"target\":{\"@type\":\"EntryPoint\",\"urlTemplate\":\"https:\/\/365-housse.com\/es\/?s={search_term_string}\"},\"query-input\":{\"@type\":\"PropertyValueSpecification\",\"valueRequired\":true,\"valueName\":\"search_term_string\"}}],\"inLanguage\":\"es\"},{\"@type\":\"Organization\",\"@id\":\"https:\/\/365-housse.com\/es\/#organization\",\"name\":\"Housse de Canap\u00e9\",\"url\":\"https:\/\/365-housse.com\/es\/\",\"logo\":{\"@type\":\"ImageObject\",\"inLanguage\":\"es\",\"@id\":\"https:\/\/365-housse.com\/es\/#\/schema\/logo\/image\/\",\"url\":\"https:\/\/365-housse.com\/wp-content\/uploads\/2023\/06\/LOGO-400-\u00d7-200-px-392-x-134-px-16.png\",\"contentUrl\":\"https:\/\/365-housse.com\/wp-content\/uploads\/2023\/06\/LOGO-400-\u00d7-200-px-392-x-134-px-16.png\",\"width\":392,\"height\":134,\"caption\":\"Housse de Canap\u00e9\"},\"image\":{\"@id\":\"https:\/\/365-housse.com\/es\/#\/schema\/logo\/image\/\"}}]}<\/script>","yoast_head_json":{"title":"Funda para silla Monroe. en entrega - gratis Ahorra un 30% en tu pedido","description":"Recibe tu Funda para silla Monroe. hoy y benef\u00edciate de la entrega - gratuita Env\u00edo en 24\/48h","robots":{"index":"index","follow":"follow","max-snippet":"max-snippet:-1","max-image-preview":"max-image-preview:large","max-video-preview":"max-video-preview:-1"},"canonical":"https:\/\/365-housse.com\/es\/productos\/housse-de-chaise-monroe\/","og_locale":"es_ES","og_type":"article","og_title":"Funda para silla Monroe. en entrega - gratis Ahorra un 30% en tu pedido","og_description":"Recibe tu Funda para silla Monroe. hoy y benef\u00edciate de la entrega - gratuita Env\u00edo en 24\/48h","og_url":"https:\/\/365-housse.com\/es\/productos\/housse-de-chaise-monroe\/","og_site_name":"Housse de Canap\u00e9","article_modified_time":"2024-09-17T15:07:47+00:00","og_image":[{"width":784,"height":922,"url":"https:\/\/365-housse.com\/wp-content\/uploads\/2023\/06\/Housse-de-chaise-moderne.jpg","type":"image\/jpeg"}],"twitter_card":"summary_large_image","twitter_misc":{"Tiempo de lectura":"1 minuto"},"schema":{"@context":"https:\/\/schema.org","@graph":[{"@type":"WebPage","@id":"https:\/\/365-housse.com\/es\/productos\/housse-de-chaise-monroe\/","url":"https:\/\/365-housse.com\/es\/productos\/housse-de-chaise-monroe\/","name":"Funda para silla Monroe. en entrega - gratis Ahorra un 30% en tu pedido","isPartOf":{"@id":"https:\/\/365-housse.com\/es\/#website"},"primaryImageOfPage":{"@id":"https:\/\/365-housse.com\/es\/productos\/housse-de-chaise-monroe\/#primaryimage"},"image":{"@id":"https:\/\/365-housse.com\/es\/productos\/housse-de-chaise-monroe\/#primaryimage"},"thumbnailUrl":"https:\/\/365-housse.com\/wp-content\/uploads\/2023\/06\/Housse-de-chaise-moderne.jpg","datePublished":"2023-06-12T08:11:22+00:00","dateModified":"2024-09-17T15:07:47+00:00","description":"Recibe tu Funda para silla Monroe. hoy y benef\u00edciate de la entrega - gratuita Env\u00edo en 24\/48h","breadcrumb":{"@id":"https:\/\/365-housse.com\/es\/productos\/housse-de-chaise-monroe\/#breadcrumb"},"inLanguage":"es","potentialAction":[{"@type":"ReadAction","target":["https:\/\/365-housse.com\/es\/productos\/housse-de-chaise-monroe\/"]}]},{"@type":"ImageObject","inLanguage":"es","@id":"https:\/\/365-housse.com\/es\/productos\/housse-de-chaise-monroe\/#primaryimage","url":"https:\/\/365-housse.com\/wp-content\/uploads\/2023\/06\/Housse-de-chaise-moderne.jpg","contentUrl":"https:\/\/365-housse.com\/wp-content\/uploads\/2023\/06\/Housse-de-chaise-moderne.jpg","width":784,"height":922},{"@type":"BreadcrumbList","@id":"https:\/\/365-housse.com\/es\/productos\/housse-de-chaise-monroe\/#breadcrumb","itemListElement":[{"@type":"ListItem","position":1,"name":"Accueil","item":"https:\/\/365-housse.com\/es\/"},{"@type":"ListItem","position":2,"name":"Tienda","item":"https:\/\/365-housse.com\/es\/tienda\/"},{"@type":"ListItem","position":3,"name":"Funda para silla Monroe."}]},{"@type":"WebSite","@id":"https:\/\/365-housse.com\/es\/#website","url":"https:\/\/365-housse.com\/es\/","name":"Housse de Canap\u00e9","description":"Le N\u00b01 de la Housse","publisher":{"@id":"https:\/\/365-housse.com\/es\/#organization"},"potentialAction":[{"@type":"SearchAction","target":{"@type":"EntryPoint","urlTemplate":"https:\/\/365-housse.com\/es\/?s={search_term_string}"},"query-input":{"@type":"PropertyValueSpecification","valueRequired":true,"valueName":"search_term_string"}}],"inLanguage":"es"},{"@type":"Organization","@id":"https:\/\/365-housse.com\/es\/#organization","name":"Housse de Canap\u00e9","url":"https:\/\/365-housse.com\/es\/","logo":{"@type":"ImageObject","inLanguage":"es","@id":"https:\/\/365-housse.com\/es\/#\/schema\/logo\/image\/","url":"https:\/\/365-housse.com\/wp-content\/uploads\/2023\/06\/LOGO-400-\u00d7-200-px-392-x-134-px-16.png","contentUrl":"https:\/\/365-housse.com\/wp-content\/uploads\/2023\/06\/LOGO-400-\u00d7-200-px-392-x-134-px-16.png","width":392,"height":134,"caption":"Housse de Canap\u00e9"},"image":{"@id":"https:\/\/365-housse.com\/es\/#\/schema\/logo\/image\/"}}]}},"_links":{"self":[{"href":"https:\/\/365-housse.com\/es\/wp-json\/wp\/v2\/product\/20069"}],"collection":[{"href":"https:\/\/365-housse.com\/es\/wp-json\/wp\/v2\/product"}],"about":[{"href":"https:\/\/365-housse.com\/es\/wp-json\/wp\/v2\/types\/product"}],"replies":[{"embeddable":true,"href":"https:\/\/365-housse.com\/es\/wp-json\/wp\/v2\/comments?post=20069"}],"wp:featuredmedia":[{"embeddable":true,"href":"https:\/\/365-housse.com\/es\/wp-json\/wp\/v2\/media\/15908"}],"wp:attachment":[{"href":"https:\/\/365-housse.com\/es\/wp-json\/wp\/v2\/media?parent=20069"}],"wp:term":[{"taxonomy":"product_cat","embeddable":true,"href":"https:\/\/365-housse.com\/es\/wp-json\/wp\/v2\/product_cat?post=20069"},{"taxonomy":"product_tag","embeddable":true,"href":"https:\/\/365-housse.com\/es\/wp-json\/wp\/v2\/product_tag?post=20069"}],"curies":[{"name":"wp","href":"https:\/\/api.w.org\/{rel}","templated":true}]}}