{"id":20263,"date":"2023-06-12T08:09:49","date_gmt":"2023-06-12T08:09:49","guid":{"rendered":"https:\/\/365-housse.com\/products\/housse-de-canape-extensible-boheme-chic\/"},"modified":"2024-09-17T15:09:00","modified_gmt":"2024-09-17T15:09:00","slug":"housse-de-canape-extensible-boheme-chic","status":"publish","type":"product","link":"https:\/\/365-housse.com\/es\/productos\/housse-de-canape-extensible-boheme-chic\/","title":{"rendered":"Funda de sof\u00e1 el\u00e1stica Bohemia Chic"},"content":{"rendered":"<h2>Dale a tu interior un toque elegante y c\u00e1lido con la funda de sof\u00e1 el\u00e1stica Bohemian Chic que ofrece una mezcla de colores c\u00e1lidos.<\/h2>\n<h3>Mezcla estilos a\u00f1adiendo materiales naturales como madera y lino, para crear un ambiente acogedor. <\/h3>\n<ul data-mce-fragment=\"1\">\n<li data-mce-fragment=\"1\">\n<p data-mce-fragment=\"1\">Perfecto para devolverle brillo a tu decoraci\u00f3n<\/ p> <\/li>\n<li data-mce-fragment=\"1\">\n<p data-mce-fragment=\"1\">Protege tu sof\u00e1 contra la suciedad y las manchas<\/p>\n<\/li>\n<li data-mce>\n<p data-mce-fragment=\"1\">Hecho de tela de calidad<\/p>\n<\/li>\n<li data-mce-fragment=\"1\">\n<p data-mce-fragment=\"1\">F\u00e1cil de instalar y configurar<\/p>\n<\/li>\n<\/ul>\n<p data-mce-fragment=\"1\"> <strong data-mce-fragment=\"1\">Caracter\u00edsticas:<\/strong><\/p>\n<ul data-mce-fragment=\"1\">\n<li data-mce-fragment=\"1\">\n<p>Material: Poli\u00e9ster y felpa (el\u00e1stico material)<\/p>\n<\/li>\n<li data-mce-fragment=\"1\">\n<p data-mce-fragment=\"1\">Tejidos de alta calidad para conservar tus muebles<\/p>\n<\/li>\n<li data-mce-fragment=\"1\">\n<p data-mce-fragment=\"1\">Tecnolog\u00eda de impresi\u00f3n avanzada que ofrece solidez del color y lavado<\/p>\n<\/li>\n<li data-mce-fragment=\"1\">\n<p data-mce-fragment=\"1\">Lavable a m\u00e1quina a 30\u00b0C como m\u00e1ximo.<\/p>\n<p> <\/ li> <\/p>\n<li data-mce-fragment=\"1\">\n<p data-mce-fragment=\" 1\">Se puede utilizar en sala de estar, comedor, oficina, dormitorio, etc.<\/p>\n<p> <\/ li> <\/p>\n<li data-mce-fragment=\"1\">\n<p data-mce-fragment=\"1\">Varios tama\u00f1os disponibles<\/p>\n<\/li>\n<\/ul>\n<p data-mce-fragment=\" 1\"><strong data-mce-fragment=\"1\">Gu\u00eda de tama\u00f1os: <\/strong><\/p>\n<p data-mce-fragment=\"1\"><img fetchpriority=\"high\" decoding=\"async\" alt=\"Gu\u00eda de tallas y medidas para una funda de sof\u00e1\" data-mce-fragment=\"1\" data-mce-src=\"https:\/\/365-housse .com\/wp-content\/uploads\/2023\/06\/Guide-des-tailles-mesures-Housse -de-canape.jpg?v=1581085443\" data-mce-style=\"display: block; margen izquierdo: autom\u00e1tico; margen derecho: auto;\" height=\"602\" src=\"https:\/\/365-housse.com\/wp-content\/uploads\/2023\/06\/Guide-des-tailles-mesures-Housse-de-canape.jpg ?v=1581085443\" style=\"margin-left: auto;margin-right: auto\" width=\"448\" \/><\/p>\n<p data-mce-fragment=\"1\">Nuestras fundas de sof\u00e1 el\u00e1sticas son <strong data-mce-fragment=\"1\">un tama\u00f1o universal<\/strong>y se adapta a<strong data-mce-fragment=\"1\">muchos sof\u00e1s:<\/strong><\/p>\n<p data-mce-fragment=\"1\"><img decoding=\"async\" alt=\"Modelos y tipos de sof\u00e1s compatibles con nuestra funda de sof\u00e1 Stretch\" data-mce-fragment=\"1\" data-mce-src=\"https:\/\/365- Housse.com\/wp-content \/uploads\/2023\/06\/Modeles-types-canape-compatibles-avec-Housse-de-canape-extensible.jpg?v=1581085279\" data-mce-style=\"display: block; margen izquierdo: autom\u00e1tico; margin-right: auto;\" height=\"146\" src=\"https:\/\/365-housse.com\/wp-content\/uploads\/2023\/06\/Modeles-types-canape-compatibles-avec-Housse-de-canape -extensible.jpg?v=1581085279\" style=\"margin-left: auto;margin-right: auto\" width=\"468\" \/><\/p>\n<p data-mce-fragment=\"1\">C\u00f3mo instalar<\/strong><span data-mce-fragment=\"1\"> <\/span>mi funda el\u00e1stica para sof\u00e1:<\/p>\n<p data-mce-fragment=\" 1\"><img decoding=\"async\" alt=\"Instrucciones y pasos a seguir para instalar una Funda de Sof\u00e1\" data-mce-fragment=\"1\" data-mce-src=\"https:\/\/365-housse.com\/wp-content\/ uploads \/2023\/06\/Instrucciones-etapes-instalaci\u00f3n-pour-Housse-de-Canape.jpg?v=1581085043\" data-mce-style=\"display: block; margen izquierdo: autom\u00e1tico; margin-right: auto;\" height=\"398\" src=\"https:\/\/365-housse.com\/wp-content\/uploads\/2023\/06\/Instructions-etapes-installation-pour-Housse-de-Canape.jpg ?v=1581085043\" style=\"margin-left: auto;margin-right: auto\" width=\"438\" \/><\/p>\n<h2>Dale a tu decoraci\u00f3n un toque de elegancia y calidez con la funda de sof\u00e1 el\u00e1stica Boh\u00e8me Chic que ofrece una variedad de colores c\u00e1lidos.<\/h2>\n<h3>A\u00f1ade materiales naturales, como madera y lino, para crear un espacio acogedor. <\/h3>\n<ul data-mce-fragment=\"1\">\n<li data-mce-fragment=\"1\">\n<p data-mce-fragment=\"1\">Transforma tu decoraci\u00f3n interior <\/p>\n<p> <\/ li> <\/p>\n<li data-mce-fragment=\"1\">\n<p data-mce-fragment=\"1\">Mant\u00e9n tus sof\u00e1s libres de suciedad y manchas<\/p>\n<p> <\/ li> <\/p>\n<li data-mce-fragment=\"1\">\n<p data-mce-fragment=\"1\">Hecho de tela de calidad<\/p>\n<\/li>\n<li data-mce-fragment=\" 1\">\n<p data-mce-fragment=\"1 \">F\u00e1cil de instalar y configurar<\/p>\n<\/li>\n<\/ul>\n<p data-mce-fragment=\"1\"><strong>Caracter\u00edsticas:<\/strong> <\/p>\n<ul data-mce-fragment=\"1\">\n<li data-mce-fragment=\"1\">\n<p data-mce-fragment=\"1\">Material: Poli\u00e9ster y felpa (material el\u00e1stico)<\/p>\n<\/li>\n<li data-mce-fragment=\"1\">\n<p data-mce-fragment=\"1\">Tejidos de alta calidad para proteger tus muebles<\/p>\n<\/li>\n<li>\n<p data-mce-fragment=\"1\">Impresi\u00f3n de calidad superior que ofrece color y resistencia al lavado<\/ p> <\/li>\n<li data-mce-fragment=\"1\">\n<p data-mce-fragment=\"1\">Lavable a m\u00e1quina a 30\u00b0C como m\u00e1ximo.<\/p>\n<\/li>\n<li>\n<p data-mce-fragment=\"1\"> Uso en sal\u00f3n, comedor, oficina, dormitorio, etc.<\/p>\n<p> &lt;\/<\/p>\n<p data-mce-fragment=\"1\">Comparaci\u00f3n del resultado antes y despu\u00e9s de usar una funda de sof\u00e1 el\u00e1stica:<\/p>\n<p data-mce-fragment=\"1\"><img decoding=\"async\" alt=\"Comparaci\u00f3n de la transformaci\u00f3n con una funda de sof\u00e1 el\u00e1stica\" data-mce-fragment=\"1\" data-mce-src=\"https:\/\/365- Housse. com\/wp-content\/uploads\/2023\/06\/Demonstration-Avant-Apres-Housse-de-canape-extensible.jpg?v=1581085887\" data-mce-style=\"display: block-left: auto ; : autom\u00e1tico;\" height=\"356\" src=\"https:\/\/365-housse.com\/wp-content\/uploads\/2023\/06\/Demostraci\u00f3n-Avant-Apres-Housse-de-canape-extensible.jpg?v=1581085887\" \/><\/p>\n","protected":false},"excerpt":{"rendered":"<p>Dale a tu interior un toque elegante y c\u00e1lido con la funda de sof\u00e1 el\u00e1stica Bohemian Chic que ofrece una mezcla de colores c\u00e1lidos. Mezcla estilos a\u00f1adiendo materiales naturales como madera y lino, para crear un ambiente acogedor. Perfecto para devolverle brillo a tu decoraci\u00f3n Protege tu sof\u00e1 contra la suciedad y las manchas Hecho [&hellip;]<\/p>\n","protected":false},"featured_media":15833,"comment_status":"open","ping_status":"closed","template":"","meta":[],"product_cat":[175,161],"product_tag":[213],"class_list":{"0":"post-20263","1":"product","2":"type-product","3":"status-publish","4":"has-post-thumbnail","6":"product_cat-funda-de-sofa-extensible","7":"product_cat-portada-interior","8":"product_tag-canape-es","10":"first","11":"instock","12":"shipping-taxable","13":"product-type-variable"},"yoast_head":"<title>Funda de sof\u00e1 el\u00e1stica Bohemia Chic en entrega - gratis Ahorra un 30% en tu pedido<\/title>\n<meta name=\"description\" content=\"Recibe tu Funda de sof\u00e1 el\u00e1stica Bohemia Chic hoy y benef\u00edciate de la entrega - gratuita Env\u00edo en 24\/48h\" \/>\n<meta name=\"robots\" content=\"index, follow, max-snippet:-1, max-image-preview:large, max-video-preview:-1\" \/>\n<link rel=\"canonical\" href=\"https:\/\/365-housse.com\/es\/productos\/housse-de-canape-extensible-boheme-chic\/\" \/>\n<meta property=\"og:locale\" content=\"es_ES\" \/>\n<meta property=\"og:type\" content=\"article\" \/>\n<meta property=\"og:title\" content=\"Funda de sof\u00e1 el\u00e1stica Bohemia Chic en entrega - gratis Ahorra un 30% en tu pedido\" \/>\n<meta property=\"og:description\" content=\"Recibe tu Funda de sof\u00e1 el\u00e1stica Bohemia Chic hoy y benef\u00edciate de la entrega - gratuita Env\u00edo en 24\/48h\" \/>\n<meta property=\"og:url\" content=\"https:\/\/365-housse.com\/es\/productos\/housse-de-canape-extensible-boheme-chic\/\" \/>\n<meta property=\"og:site_name\" content=\"Housse de Canap\u00e9\" \/>\n<meta property=\"article:modified_time\" content=\"2024-09-17T15:09:00+00:00\" \/>\n<meta property=\"og:image\" content=\"https:\/\/365-housse.com\/wp-content\/uploads\/2023\/06\/housse-de-canape-extensible-boheme-chic.png\" \/>\n\t<meta property=\"og:image:width\" content=\"500\" \/>\n\t<meta property=\"og:image:height\" content=\"500\" \/>\n\t<meta property=\"og:image:type\" content=\"image\/png\" \/>\n<meta name=\"twitter:card\" content=\"summary_large_image\" \/>\n<meta name=\"twitter:label1\" content=\"Tiempo de lectura\" \/>\n\t<meta name=\"twitter:data1\" content=\"1 minuto\" \/>\n<script type=\"application\/ld+json\" class=\"yoast-schema-graph\">{\"@context\":\"https:\/\/schema.org\",\"@graph\":[{\"@type\":\"WebPage\",\"@id\":\"https:\/\/365-housse.com\/es\/productos\/housse-de-canape-extensible-boheme-chic\/\",\"url\":\"https:\/\/365-housse.com\/es\/productos\/housse-de-canape-extensible-boheme-chic\/\",\"name\":\"Funda de sof\u00e1 el\u00e1stica Bohemia Chic en entrega - gratis Ahorra un 30% en tu pedido\",\"isPartOf\":{\"@id\":\"https:\/\/365-housse.com\/es\/#website\"},\"primaryImageOfPage\":{\"@id\":\"https:\/\/365-housse.com\/es\/productos\/housse-de-canape-extensible-boheme-chic\/#primaryimage\"},\"image\":{\"@id\":\"https:\/\/365-housse.com\/es\/productos\/housse-de-canape-extensible-boheme-chic\/#primaryimage\"},\"thumbnailUrl\":\"https:\/\/365-housse.com\/wp-content\/uploads\/2023\/06\/housse-de-canape-extensible-boheme-chic.png\",\"datePublished\":\"2023-06-12T08:09:49+00:00\",\"dateModified\":\"2024-09-17T15:09:00+00:00\",\"description\":\"Recibe tu Funda de sof\u00e1 el\u00e1stica Bohemia Chic hoy y benef\u00edciate de la entrega - gratuita Env\u00edo en 24\/48h\",\"breadcrumb\":{\"@id\":\"https:\/\/365-housse.com\/es\/productos\/housse-de-canape-extensible-boheme-chic\/#breadcrumb\"},\"inLanguage\":\"es\",\"potentialAction\":[{\"@type\":\"ReadAction\",\"target\":[\"https:\/\/365-housse.com\/es\/productos\/housse-de-canape-extensible-boheme-chic\/\"]}]},{\"@type\":\"ImageObject\",\"inLanguage\":\"es\",\"@id\":\"https:\/\/365-housse.com\/es\/productos\/housse-de-canape-extensible-boheme-chic\/#primaryimage\",\"url\":\"https:\/\/365-housse.com\/wp-content\/uploads\/2023\/06\/housse-de-canape-extensible-boheme-chic.png\",\"contentUrl\":\"https:\/\/365-housse.com\/wp-content\/uploads\/2023\/06\/housse-de-canape-extensible-boheme-chic.png\",\"width\":500,\"height\":500},{\"@type\":\"BreadcrumbList\",\"@id\":\"https:\/\/365-housse.com\/es\/productos\/housse-de-canape-extensible-boheme-chic\/#breadcrumb\",\"itemListElement\":[{\"@type\":\"ListItem\",\"position\":1,\"name\":\"Accueil\",\"item\":\"https:\/\/365-housse.com\/es\/\"},{\"@type\":\"ListItem\",\"position\":2,\"name\":\"Tienda\",\"item\":\"https:\/\/365-housse.com\/es\/tienda\/\"},{\"@type\":\"ListItem\",\"position\":3,\"name\":\"Funda de sof\u00e1 el\u00e1stica Bohemia Chic\"}]},{\"@type\":\"WebSite\",\"@id\":\"https:\/\/365-housse.com\/es\/#website\",\"url\":\"https:\/\/365-housse.com\/es\/\",\"name\":\"Housse de Canap\u00e9\",\"description\":\"Le N\u00b01 de la Housse\",\"publisher\":{\"@id\":\"https:\/\/365-housse.com\/es\/#organization\"},\"potentialAction\":[{\"@type\":\"SearchAction\",\"target\":{\"@type\":\"EntryPoint\",\"urlTemplate\":\"https:\/\/365-housse.com\/es\/?s={search_term_string}\"},\"query-input\":{\"@type\":\"PropertyValueSpecification\",\"valueRequired\":true,\"valueName\":\"search_term_string\"}}],\"inLanguage\":\"es\"},{\"@type\":\"Organization\",\"@id\":\"https:\/\/365-housse.com\/es\/#organization\",\"name\":\"Housse de Canap\u00e9\",\"url\":\"https:\/\/365-housse.com\/es\/\",\"logo\":{\"@type\":\"ImageObject\",\"inLanguage\":\"es\",\"@id\":\"https:\/\/365-housse.com\/es\/#\/schema\/logo\/image\/\",\"url\":\"https:\/\/365-housse.com\/wp-content\/uploads\/2023\/06\/LOGO-400-\u00d7-200-px-392-x-134-px-16.png\",\"contentUrl\":\"https:\/\/365-housse.com\/wp-content\/uploads\/2023\/06\/LOGO-400-\u00d7-200-px-392-x-134-px-16.png\",\"width\":392,\"height\":134,\"caption\":\"Housse de Canap\u00e9\"},\"image\":{\"@id\":\"https:\/\/365-housse.com\/es\/#\/schema\/logo\/image\/\"}}]}<\/script>","yoast_head_json":{"title":"Funda de sof\u00e1 el\u00e1stica Bohemia Chic en entrega - gratis Ahorra un 30% en tu pedido","description":"Recibe tu Funda de sof\u00e1 el\u00e1stica Bohemia Chic hoy y benef\u00edciate de la entrega - gratuita Env\u00edo en 24\/48h","robots":{"index":"index","follow":"follow","max-snippet":"max-snippet:-1","max-image-preview":"max-image-preview:large","max-video-preview":"max-video-preview:-1"},"canonical":"https:\/\/365-housse.com\/es\/productos\/housse-de-canape-extensible-boheme-chic\/","og_locale":"es_ES","og_type":"article","og_title":"Funda de sof\u00e1 el\u00e1stica Bohemia Chic en entrega - gratis Ahorra un 30% en tu pedido","og_description":"Recibe tu Funda de sof\u00e1 el\u00e1stica Bohemia Chic hoy y benef\u00edciate de la entrega - gratuita Env\u00edo en 24\/48h","og_url":"https:\/\/365-housse.com\/es\/productos\/housse-de-canape-extensible-boheme-chic\/","og_site_name":"Housse de Canap\u00e9","article_modified_time":"2024-09-17T15:09:00+00:00","og_image":[{"width":500,"height":500,"url":"https:\/\/365-housse.com\/wp-content\/uploads\/2023\/06\/housse-de-canape-extensible-boheme-chic.png","type":"image\/png"}],"twitter_card":"summary_large_image","twitter_misc":{"Tiempo de lectura":"1 minuto"},"schema":{"@context":"https:\/\/schema.org","@graph":[{"@type":"WebPage","@id":"https:\/\/365-housse.com\/es\/productos\/housse-de-canape-extensible-boheme-chic\/","url":"https:\/\/365-housse.com\/es\/productos\/housse-de-canape-extensible-boheme-chic\/","name":"Funda de sof\u00e1 el\u00e1stica Bohemia Chic en entrega - gratis Ahorra un 30% en tu pedido","isPartOf":{"@id":"https:\/\/365-housse.com\/es\/#website"},"primaryImageOfPage":{"@id":"https:\/\/365-housse.com\/es\/productos\/housse-de-canape-extensible-boheme-chic\/#primaryimage"},"image":{"@id":"https:\/\/365-housse.com\/es\/productos\/housse-de-canape-extensible-boheme-chic\/#primaryimage"},"thumbnailUrl":"https:\/\/365-housse.com\/wp-content\/uploads\/2023\/06\/housse-de-canape-extensible-boheme-chic.png","datePublished":"2023-06-12T08:09:49+00:00","dateModified":"2024-09-17T15:09:00+00:00","description":"Recibe tu Funda de sof\u00e1 el\u00e1stica Bohemia Chic hoy y benef\u00edciate de la entrega - gratuita Env\u00edo en 24\/48h","breadcrumb":{"@id":"https:\/\/365-housse.com\/es\/productos\/housse-de-canape-extensible-boheme-chic\/#breadcrumb"},"inLanguage":"es","potentialAction":[{"@type":"ReadAction","target":["https:\/\/365-housse.com\/es\/productos\/housse-de-canape-extensible-boheme-chic\/"]}]},{"@type":"ImageObject","inLanguage":"es","@id":"https:\/\/365-housse.com\/es\/productos\/housse-de-canape-extensible-boheme-chic\/#primaryimage","url":"https:\/\/365-housse.com\/wp-content\/uploads\/2023\/06\/housse-de-canape-extensible-boheme-chic.png","contentUrl":"https:\/\/365-housse.com\/wp-content\/uploads\/2023\/06\/housse-de-canape-extensible-boheme-chic.png","width":500,"height":500},{"@type":"BreadcrumbList","@id":"https:\/\/365-housse.com\/es\/productos\/housse-de-canape-extensible-boheme-chic\/#breadcrumb","itemListElement":[{"@type":"ListItem","position":1,"name":"Accueil","item":"https:\/\/365-housse.com\/es\/"},{"@type":"ListItem","position":2,"name":"Tienda","item":"https:\/\/365-housse.com\/es\/tienda\/"},{"@type":"ListItem","position":3,"name":"Funda de sof\u00e1 el\u00e1stica Bohemia Chic"}]},{"@type":"WebSite","@id":"https:\/\/365-housse.com\/es\/#website","url":"https:\/\/365-housse.com\/es\/","name":"Housse de Canap\u00e9","description":"Le N\u00b01 de la Housse","publisher":{"@id":"https:\/\/365-housse.com\/es\/#organization"},"potentialAction":[{"@type":"SearchAction","target":{"@type":"EntryPoint","urlTemplate":"https:\/\/365-housse.com\/es\/?s={search_term_string}"},"query-input":{"@type":"PropertyValueSpecification","valueRequired":true,"valueName":"search_term_string"}}],"inLanguage":"es"},{"@type":"Organization","@id":"https:\/\/365-housse.com\/es\/#organization","name":"Housse de Canap\u00e9","url":"https:\/\/365-housse.com\/es\/","logo":{"@type":"ImageObject","inLanguage":"es","@id":"https:\/\/365-housse.com\/es\/#\/schema\/logo\/image\/","url":"https:\/\/365-housse.com\/wp-content\/uploads\/2023\/06\/LOGO-400-\u00d7-200-px-392-x-134-px-16.png","contentUrl":"https:\/\/365-housse.com\/wp-content\/uploads\/2023\/06\/LOGO-400-\u00d7-200-px-392-x-134-px-16.png","width":392,"height":134,"caption":"Housse de Canap\u00e9"},"image":{"@id":"https:\/\/365-housse.com\/es\/#\/schema\/logo\/image\/"}}]}},"_links":{"self":[{"href":"https:\/\/365-housse.com\/es\/wp-json\/wp\/v2\/product\/20263"}],"collection":[{"href":"https:\/\/365-housse.com\/es\/wp-json\/wp\/v2\/product"}],"about":[{"href":"https:\/\/365-housse.com\/es\/wp-json\/wp\/v2\/types\/product"}],"replies":[{"embeddable":true,"href":"https:\/\/365-housse.com\/es\/wp-json\/wp\/v2\/comments?post=20263"}],"wp:featuredmedia":[{"embeddable":true,"href":"https:\/\/365-housse.com\/es\/wp-json\/wp\/v2\/media\/15833"}],"wp:attachment":[{"href":"https:\/\/365-housse.com\/es\/wp-json\/wp\/v2\/media?parent=20263"}],"wp:term":[{"taxonomy":"product_cat","embeddable":true,"href":"https:\/\/365-housse.com\/es\/wp-json\/wp\/v2\/product_cat?post=20263"},{"taxonomy":"product_tag","embeddable":true,"href":"https:\/\/365-housse.com\/es\/wp-json\/wp\/v2\/product_tag?post=20263"}],"curies":[{"name":"wp","href":"https:\/\/api.w.org\/{rel}","templated":true}]}}