{"id":20362,"date":"2023-06-12T08:09:26","date_gmt":"2023-06-12T08:09:26","guid":{"rendered":"https:\/\/365-housse.com\/products\/housse-de-canape-extensible-geometrique-grise\/"},"modified":"2024-09-17T15:09:38","modified_gmt":"2024-09-17T15:09:38","slug":"housse-de-canape-extensible-geometrique-grise","status":"publish","type":"product","link":"https:\/\/365-housse.com\/es\/productos\/housse-de-canape-extensible-geometrique-grise\/","title":{"rendered":"Funda de sof\u00e1 el\u00e1stica gris geom\u00e9trica"},"content":{"rendered":"<h2>Con un dise\u00f1o y tendencia excepcionales, la Funda de Sof\u00e1 El\u00e1stica Geom\u00e9trica Gris aportar\u00e1 un toque de originalidad y elegancia a tu espacio interior. Aprovecha su practicidad y calidad del tejido para proteger tu sof\u00e1.<\/h2>\n<h3>Las ventajas de esta cobertura:<\/h3>\n<ul>\n<li><strong>Un toque de elegancia y calidez<\/strong> en tu interior<\/li>\n<li>Ideal para <strong>cambiar de decoraci\u00f3n<\/strong> o transformar un espacio<\/li>\n<li>Protecci\u00f3n \u00f3ptima contra la suciedad y las manchas<\/li>\n<li>Fabricado con <strong>tejido de calidad<\/strong><\/li>\n<li>F\u00e1cil de <strong>configurar<\/strong><\/li>\n<\/ul>\n<p><strong>Caracter\u00edsticas:<\/strong><\/p>\n<ul>\n<li>Material: poli\u00e9ster y felpa (material el\u00e1stico)<\/li>\n<li>Un <strong>tejido de alta gama<\/strong> para preservar tu sill\u00f3n<\/li>\n<li>Tecnolog\u00eda de impresi\u00f3n avanzada para resistencia del color a la luz solar y al lavado<\/li>\n<li>Lavable a m\u00e1quina a 30\u00b0C como m\u00e1ximo.<\/li>\n<li>Diferentes <strong>posibles usos<\/strong>: sal\u00f3n, dormitorio, despacho,&#8230;<\/li>\n<li>Varios <strong>tama\u00f1os disponibles<\/strong><\/li>\n<\/ul>\n<p><strong>Gu\u00eda de tallas: <\/strong><\/p>\n<p><img decoding=\"async\" alt=\"Gu\u00eda de tallas y medidas de una funda de sof\u00e1\" data-mce-fragment=\"1\" data-mce-src=\"https:\/\/365-housse.com\/wp-content\/uploads \/2023 \/06\/Guide-des-tailes-measures-Housse-de-canape.jpg?v=1581085443\" data-mce-style=\"display: block; margin-left: auto; margin-right: auto;\" height=\"602\" src=\"https:\/\/365-housse.com\/wp-content\/uploads\/2023\/06\/Guide-des-tailles-mesures-Housse-de-canape.jpg?v=1581085443\" \/><\/p>\n<p>Nuestras fundas de sof\u00e1 el\u00e1sticas son de <strong>tama\u00f1os universales<\/strong> y se adaptan a <strong>muchos sof\u00e1s<\/strong>:<\/p>\n<p><img decoding=\"async\" alt=\"Modelos y tipos de sof\u00e1s compatibles con nuestra funda de sof\u00e1 Stretch\" data-mce-fragment=\"1\" data-mce-src=\"https:\/\/365-housse.com\/wp-content \/ uploads\/2023\/06\/Compatible-sofa-types-with-extensible-sofa-cover.jpg?v=1581085279\" data-mce-style=\"display: block; margin-left: auto right: auto;\" height=\"146\" src=\"https:\/\/365-housse.com\/wp-content\/uploads\/2023\/06\/Modeles-types-canape-compatibles-avec-Housse-de-canape-extensible.jpg?v= 1581085279\" \/><\/p>\n<p>C\u00f3mo <strong>instalar<\/strong> mi funda de sof\u00e1 el\u00e1stica:<\/p>\n<p><img fetchpriority=\"high\" decoding=\"async\" alt=\"Instrucciones y pasos a seguir para instalar una Funda de Sof\u00e1\" data-mce-fragment=\"1\" data-mce-src=\"https:\/\/365-housse.com\/wp-content\/ uploads \/2023\/06\/Instrucciones-etapes-instalaci\u00f3n-pour-Housse-de-Canape.jpg?v=1581085043\" data-mce-style=\"display: block; margin-left: auto; margin-right: auto;\" height=\"398\" src=\"https:\/\/365-housse.com\/wp-content\/uploads\/2023\/06\/Instructions-etapes-installation-pour-Housse-de-Canape.jpg?v=1581085043\" style=\"margin-left: auto;margin-right: auto\" width=\"438\" \/><\/p>\n<p data-mce-fragment=\"1\">Antes\/despu\u00e9s del contraste: <\/p>\n<p data-mce><img decoding=\"async\" alt=\"Ilustraci\u00f3n Antes - Despu\u00e9s con funda de sof\u00e1 extensible\" data-mce-fragment=\"1\" data-mce-src=\"https:\/\/365-housse.com\/wp - content\/uploads\/2023\/06\/Demonstration-Avant-Apres-Housse-de-canape-extensible.jpg?v=1581085887\" data-mce-style=\"display: block; margin-left: auto;\" height=\"356\" src=\"https:\/\/365-housse.com\/wp-content\/uploads\/2023\/06\/Demostraci\u00f3n-Avant-Apres-Housse-de-canape-extensible.jpg?v=1581085887\" \/><\/p>\n","protected":false},"excerpt":{"rendered":"<p>Con un dise\u00f1o y tendencia excepcionales, la Funda de Sof\u00e1 El\u00e1stica Geom\u00e9trica Gris aportar\u00e1 un toque de originalidad y elegancia a tu espacio interior. Aprovecha su practicidad y calidad del tejido para proteger tu sof\u00e1. Las ventajas de esta cobertura: Un toque de elegancia y calidez en tu interior Ideal para cambiar de decoraci\u00f3n o [&hellip;]<\/p>\n","protected":false},"featured_media":15804,"comment_status":"open","ping_status":"closed","template":"","meta":[],"product_cat":[175,161],"product_tag":[213],"class_list":{"0":"post-20362","1":"product","2":"type-product","3":"status-publish","4":"has-post-thumbnail","6":"product_cat-funda-de-sofa-extensible","7":"product_cat-portada-interior","8":"product_tag-canape-es","10":"first","11":"instock","12":"shipping-taxable","13":"product-type-variable"},"yoast_head":"<title>Funda de sof\u00e1 el\u00e1stica gris geom\u00e9trica en entrega - gratis Ahorra un 30% en tu pedido<\/title>\n<meta name=\"description\" content=\"Recibe tu Funda de sof\u00e1 el\u00e1stica gris geom\u00e9trica hoy y benef\u00edciate de la entrega - gratuita Env\u00edo en 24\/48h\" \/>\n<meta name=\"robots\" content=\"index, follow, max-snippet:-1, max-image-preview:large, max-video-preview:-1\" \/>\n<link rel=\"canonical\" href=\"https:\/\/365-housse.com\/es\/productos\/housse-de-canape-extensible-geometrique-grise\/\" \/>\n<meta property=\"og:locale\" content=\"es_ES\" \/>\n<meta property=\"og:type\" content=\"article\" \/>\n<meta property=\"og:title\" content=\"Funda de sof\u00e1 el\u00e1stica gris geom\u00e9trica en entrega - gratis Ahorra un 30% en tu pedido\" \/>\n<meta property=\"og:description\" content=\"Recibe tu Funda de sof\u00e1 el\u00e1stica gris geom\u00e9trica hoy y benef\u00edciate de la entrega - gratuita Env\u00edo en 24\/48h\" \/>\n<meta property=\"og:url\" content=\"https:\/\/365-housse.com\/es\/productos\/housse-de-canape-extensible-geometrique-grise\/\" \/>\n<meta property=\"og:site_name\" content=\"Housse de Canap\u00e9\" \/>\n<meta property=\"article:modified_time\" content=\"2024-09-17T15:09:38+00:00\" \/>\n<meta property=\"og:image\" content=\"https:\/\/365-housse.com\/wp-content\/uploads\/2023\/06\/housse-de-canape-extensible-geometrique-grise.png\" \/>\n\t<meta property=\"og:image:width\" content=\"497\" \/>\n\t<meta property=\"og:image:height\" content=\"502\" \/>\n\t<meta property=\"og:image:type\" content=\"image\/png\" \/>\n<meta name=\"twitter:card\" content=\"summary_large_image\" \/>\n<meta name=\"twitter:label1\" content=\"Tiempo de lectura\" \/>\n\t<meta name=\"twitter:data1\" content=\"1 minuto\" \/>\n<script type=\"application\/ld+json\" class=\"yoast-schema-graph\">{\"@context\":\"https:\/\/schema.org\",\"@graph\":[{\"@type\":\"WebPage\",\"@id\":\"https:\/\/365-housse.com\/es\/productos\/housse-de-canape-extensible-geometrique-grise\/\",\"url\":\"https:\/\/365-housse.com\/es\/productos\/housse-de-canape-extensible-geometrique-grise\/\",\"name\":\"Funda de sof\u00e1 el\u00e1stica gris geom\u00e9trica en entrega - gratis Ahorra un 30% en tu pedido\",\"isPartOf\":{\"@id\":\"https:\/\/365-housse.com\/es\/#website\"},\"primaryImageOfPage\":{\"@id\":\"https:\/\/365-housse.com\/es\/productos\/housse-de-canape-extensible-geometrique-grise\/#primaryimage\"},\"image\":{\"@id\":\"https:\/\/365-housse.com\/es\/productos\/housse-de-canape-extensible-geometrique-grise\/#primaryimage\"},\"thumbnailUrl\":\"https:\/\/365-housse.com\/wp-content\/uploads\/2023\/06\/housse-de-canape-extensible-geometrique-grise.png\",\"datePublished\":\"2023-06-12T08:09:26+00:00\",\"dateModified\":\"2024-09-17T15:09:38+00:00\",\"description\":\"Recibe tu Funda de sof\u00e1 el\u00e1stica gris geom\u00e9trica hoy y benef\u00edciate de la entrega - gratuita Env\u00edo en 24\/48h\",\"breadcrumb\":{\"@id\":\"https:\/\/365-housse.com\/es\/productos\/housse-de-canape-extensible-geometrique-grise\/#breadcrumb\"},\"inLanguage\":\"es\",\"potentialAction\":[{\"@type\":\"ReadAction\",\"target\":[\"https:\/\/365-housse.com\/es\/productos\/housse-de-canape-extensible-geometrique-grise\/\"]}]},{\"@type\":\"ImageObject\",\"inLanguage\":\"es\",\"@id\":\"https:\/\/365-housse.com\/es\/productos\/housse-de-canape-extensible-geometrique-grise\/#primaryimage\",\"url\":\"https:\/\/365-housse.com\/wp-content\/uploads\/2023\/06\/housse-de-canape-extensible-geometrique-grise.png\",\"contentUrl\":\"https:\/\/365-housse.com\/wp-content\/uploads\/2023\/06\/housse-de-canape-extensible-geometrique-grise.png\",\"width\":497,\"height\":502},{\"@type\":\"BreadcrumbList\",\"@id\":\"https:\/\/365-housse.com\/es\/productos\/housse-de-canape-extensible-geometrique-grise\/#breadcrumb\",\"itemListElement\":[{\"@type\":\"ListItem\",\"position\":1,\"name\":\"Accueil\",\"item\":\"https:\/\/365-housse.com\/es\/\"},{\"@type\":\"ListItem\",\"position\":2,\"name\":\"Tienda\",\"item\":\"https:\/\/365-housse.com\/es\/tienda\/\"},{\"@type\":\"ListItem\",\"position\":3,\"name\":\"Funda de sof\u00e1 el\u00e1stica gris geom\u00e9trica\"}]},{\"@type\":\"WebSite\",\"@id\":\"https:\/\/365-housse.com\/es\/#website\",\"url\":\"https:\/\/365-housse.com\/es\/\",\"name\":\"Housse de Canap\u00e9\",\"description\":\"Le N\u00b01 de la Housse\",\"publisher\":{\"@id\":\"https:\/\/365-housse.com\/es\/#organization\"},\"potentialAction\":[{\"@type\":\"SearchAction\",\"target\":{\"@type\":\"EntryPoint\",\"urlTemplate\":\"https:\/\/365-housse.com\/es\/?s={search_term_string}\"},\"query-input\":{\"@type\":\"PropertyValueSpecification\",\"valueRequired\":true,\"valueName\":\"search_term_string\"}}],\"inLanguage\":\"es\"},{\"@type\":\"Organization\",\"@id\":\"https:\/\/365-housse.com\/es\/#organization\",\"name\":\"Housse de Canap\u00e9\",\"url\":\"https:\/\/365-housse.com\/es\/\",\"logo\":{\"@type\":\"ImageObject\",\"inLanguage\":\"es\",\"@id\":\"https:\/\/365-housse.com\/es\/#\/schema\/logo\/image\/\",\"url\":\"https:\/\/365-housse.com\/wp-content\/uploads\/2023\/06\/LOGO-400-\u00d7-200-px-392-x-134-px-16.png\",\"contentUrl\":\"https:\/\/365-housse.com\/wp-content\/uploads\/2023\/06\/LOGO-400-\u00d7-200-px-392-x-134-px-16.png\",\"width\":392,\"height\":134,\"caption\":\"Housse de Canap\u00e9\"},\"image\":{\"@id\":\"https:\/\/365-housse.com\/es\/#\/schema\/logo\/image\/\"}}]}<\/script>","yoast_head_json":{"title":"Funda de sof\u00e1 el\u00e1stica gris geom\u00e9trica en entrega - gratis Ahorra un 30% en tu pedido","description":"Recibe tu Funda de sof\u00e1 el\u00e1stica gris geom\u00e9trica hoy y benef\u00edciate de la entrega - gratuita Env\u00edo en 24\/48h","robots":{"index":"index","follow":"follow","max-snippet":"max-snippet:-1","max-image-preview":"max-image-preview:large","max-video-preview":"max-video-preview:-1"},"canonical":"https:\/\/365-housse.com\/es\/productos\/housse-de-canape-extensible-geometrique-grise\/","og_locale":"es_ES","og_type":"article","og_title":"Funda de sof\u00e1 el\u00e1stica gris geom\u00e9trica en entrega - gratis Ahorra un 30% en tu pedido","og_description":"Recibe tu Funda de sof\u00e1 el\u00e1stica gris geom\u00e9trica hoy y benef\u00edciate de la entrega - gratuita Env\u00edo en 24\/48h","og_url":"https:\/\/365-housse.com\/es\/productos\/housse-de-canape-extensible-geometrique-grise\/","og_site_name":"Housse de Canap\u00e9","article_modified_time":"2024-09-17T15:09:38+00:00","og_image":[{"width":497,"height":502,"url":"https:\/\/365-housse.com\/wp-content\/uploads\/2023\/06\/housse-de-canape-extensible-geometrique-grise.png","type":"image\/png"}],"twitter_card":"summary_large_image","twitter_misc":{"Tiempo de lectura":"1 minuto"},"schema":{"@context":"https:\/\/schema.org","@graph":[{"@type":"WebPage","@id":"https:\/\/365-housse.com\/es\/productos\/housse-de-canape-extensible-geometrique-grise\/","url":"https:\/\/365-housse.com\/es\/productos\/housse-de-canape-extensible-geometrique-grise\/","name":"Funda de sof\u00e1 el\u00e1stica gris geom\u00e9trica en entrega - gratis Ahorra un 30% en tu pedido","isPartOf":{"@id":"https:\/\/365-housse.com\/es\/#website"},"primaryImageOfPage":{"@id":"https:\/\/365-housse.com\/es\/productos\/housse-de-canape-extensible-geometrique-grise\/#primaryimage"},"image":{"@id":"https:\/\/365-housse.com\/es\/productos\/housse-de-canape-extensible-geometrique-grise\/#primaryimage"},"thumbnailUrl":"https:\/\/365-housse.com\/wp-content\/uploads\/2023\/06\/housse-de-canape-extensible-geometrique-grise.png","datePublished":"2023-06-12T08:09:26+00:00","dateModified":"2024-09-17T15:09:38+00:00","description":"Recibe tu Funda de sof\u00e1 el\u00e1stica gris geom\u00e9trica hoy y benef\u00edciate de la entrega - gratuita Env\u00edo en 24\/48h","breadcrumb":{"@id":"https:\/\/365-housse.com\/es\/productos\/housse-de-canape-extensible-geometrique-grise\/#breadcrumb"},"inLanguage":"es","potentialAction":[{"@type":"ReadAction","target":["https:\/\/365-housse.com\/es\/productos\/housse-de-canape-extensible-geometrique-grise\/"]}]},{"@type":"ImageObject","inLanguage":"es","@id":"https:\/\/365-housse.com\/es\/productos\/housse-de-canape-extensible-geometrique-grise\/#primaryimage","url":"https:\/\/365-housse.com\/wp-content\/uploads\/2023\/06\/housse-de-canape-extensible-geometrique-grise.png","contentUrl":"https:\/\/365-housse.com\/wp-content\/uploads\/2023\/06\/housse-de-canape-extensible-geometrique-grise.png","width":497,"height":502},{"@type":"BreadcrumbList","@id":"https:\/\/365-housse.com\/es\/productos\/housse-de-canape-extensible-geometrique-grise\/#breadcrumb","itemListElement":[{"@type":"ListItem","position":1,"name":"Accueil","item":"https:\/\/365-housse.com\/es\/"},{"@type":"ListItem","position":2,"name":"Tienda","item":"https:\/\/365-housse.com\/es\/tienda\/"},{"@type":"ListItem","position":3,"name":"Funda de sof\u00e1 el\u00e1stica gris geom\u00e9trica"}]},{"@type":"WebSite","@id":"https:\/\/365-housse.com\/es\/#website","url":"https:\/\/365-housse.com\/es\/","name":"Housse de Canap\u00e9","description":"Le N\u00b01 de la Housse","publisher":{"@id":"https:\/\/365-housse.com\/es\/#organization"},"potentialAction":[{"@type":"SearchAction","target":{"@type":"EntryPoint","urlTemplate":"https:\/\/365-housse.com\/es\/?s={search_term_string}"},"query-input":{"@type":"PropertyValueSpecification","valueRequired":true,"valueName":"search_term_string"}}],"inLanguage":"es"},{"@type":"Organization","@id":"https:\/\/365-housse.com\/es\/#organization","name":"Housse de Canap\u00e9","url":"https:\/\/365-housse.com\/es\/","logo":{"@type":"ImageObject","inLanguage":"es","@id":"https:\/\/365-housse.com\/es\/#\/schema\/logo\/image\/","url":"https:\/\/365-housse.com\/wp-content\/uploads\/2023\/06\/LOGO-400-\u00d7-200-px-392-x-134-px-16.png","contentUrl":"https:\/\/365-housse.com\/wp-content\/uploads\/2023\/06\/LOGO-400-\u00d7-200-px-392-x-134-px-16.png","width":392,"height":134,"caption":"Housse de Canap\u00e9"},"image":{"@id":"https:\/\/365-housse.com\/es\/#\/schema\/logo\/image\/"}}]}},"_links":{"self":[{"href":"https:\/\/365-housse.com\/es\/wp-json\/wp\/v2\/product\/20362"}],"collection":[{"href":"https:\/\/365-housse.com\/es\/wp-json\/wp\/v2\/product"}],"about":[{"href":"https:\/\/365-housse.com\/es\/wp-json\/wp\/v2\/types\/product"}],"replies":[{"embeddable":true,"href":"https:\/\/365-housse.com\/es\/wp-json\/wp\/v2\/comments?post=20362"}],"wp:featuredmedia":[{"embeddable":true,"href":"https:\/\/365-housse.com\/es\/wp-json\/wp\/v2\/media\/15804"}],"wp:attachment":[{"href":"https:\/\/365-housse.com\/es\/wp-json\/wp\/v2\/media?parent=20362"}],"wp:term":[{"taxonomy":"product_cat","embeddable":true,"href":"https:\/\/365-housse.com\/es\/wp-json\/wp\/v2\/product_cat?post=20362"},{"taxonomy":"product_tag","embeddable":true,"href":"https:\/\/365-housse.com\/es\/wp-json\/wp\/v2\/product_tag?post=20362"}],"curies":[{"name":"wp","href":"https:\/\/api.w.org\/{rel}","templated":true}]}}