{"id":20401,"date":"2023-06-12T08:08:20","date_gmt":"2023-06-12T08:08:20","guid":{"rendered":"https:\/\/365-housse.com\/products\/housse-chaise-scandinave-papillon\/"},"modified":"2024-09-17T15:09:47","modified_gmt":"2024-09-17T15:09:47","slug":"housse-chaise-scandinave-papillon","status":"publish","type":"product","link":"https:\/\/365-housse.com\/es\/productos\/housse-chaise-scandinave-papillon\/","title":{"rendered":"Funda de silla mariposa escandinava"},"content":{"rendered":"<h2 data-mce-fragment=\"1\">A\u00f1ade un toque de elegancia sofisticada a tu habitaci\u00f3n con esta <strong>funda para silla Papillon escandinava<\/strong> dise\u00f1ada en un tejido suave y duradero. Esta funda es muy suave, resistente y f\u00e1cil de limpiar para un uso duradero.<\/h2>\n<p data-mce-fragment=\"1\"><strong data-mce-fragment=\"1\">Beneficios:<\/strong><\/p>\n<ul>\n<li data-mce-fragment=\"1\">\n<p data-mce-fragment=\"1\">Da un toque de estilo y dise\u00f1o a tu interior<\/p>\n<\/li>\n<li data-mce-fragment=\"1\">\n<p data-mce-fragment=\"1\">Protege tu silla de manchas, desgaste, suciedad, mascotas, etc.<\/p>\n<\/li>\n<li data-mce-fragment=\"1\">\n<p data-mce-fragment=\"1\">Cuenta con el\u00e1stico para un ajuste perfecto y agarre antideslizante<\/p>\n<\/li>\n<li data-mce-fragment=\"1\"><span data-mce-fragment=\"1\">Hecho de textil de primera calidad<\/span><\/li>\n<\/ul>\n<p data-mce-fragment=\"1\"><span data-mce-fragment=\"1\"><strong data-mce-fragment=\"1\">Caracter\u00edsticas: <\/strong><\/span><\/p>\n<ul>\n<li data-mce-fragment=\"1\">\n<p data-mce-fragment=\"1\"><span data-mce-fragment=\"1\">Material: fibra de poli\u00e9ster<\/span><\/p>\n<p> <\/ li> <\/p>\n<li data-mce-fragment=\"1\">\n<p data-mce-fragment=\"1\"><span data-mce-fragment=\"1\">Una tecnolog\u00eda de impresi\u00f3n <strong data-mce-fragment=\" 1\">ultra eficiente<\/strong> para una mejor resistencia a la luz y al lavado<\/span><\/p>\n<\/li>\n<li data-mce-fragment=\"1\">\n<p data-mce-fragment=\"1\"><span data-mce-fragment=\"1\">R\u00e1pido y f\u00e1cil de colocar <\/span><\/p>\n<\/li>\n<li data-mce-fragment=\"1\">\n<p data-mce-fragment=\"1\"><span data-mce-fragment=\"1\">Mant\u00e9n tu silla limpia y en buen estado<\/span><\/p>\n<\/li>\n<li data-mce-fragment=\"1\">\n<p data-mce-fragment=\"1\">Lavable a m\u00e1quina<\/p>\n<\/li>\n<\/ul>\n<p data-mce-fragment=\"1\"><span data-mce-fragment=\"1\"><strong data-mce-fragment=\"1\">Gu\u00eda de tallas:<\/strong><\/span><\/ p > <\/p>\n<p data-mce-fragment=\"1\"><img fetchpriority=\"high\" decoding=\"async\" alt=\"tama\u00f1o-funda-silla-escandinava-azul\" data-mce-fragment=\"1\" data-mce-src=\"https:\/\/365-housse .com\/wp-content\/uploads\/2023\/06\/Capture_d_ecran_2021-06-22_a_09.32.36_480x480.png?v=1624347177\" height=\"277\" src=\"https:\/\/365-housse.com\/wp-content\/ uploads\/2023\/06\/Capture_d_ecran_2021-06-22_a_09.32.36_480x480.png?v=1624347177\" style=\"margin-left: auto;margin-right: auto\" width=\"316\" \/><\/p>\n<div>\n<div data-mce-fragment=\"1\"><span data-mce-fragment=\"1\">Nuestras fundas para sillas escandinavas ofrecen un tama\u00f1o universal y se adaptan a muchos modelos<\/span><\/div>\n<div>\n        <span><\/span><br \/> \n    <\/div>\n<div><span><img decoding=\"async\" alt=\"\" src=\"https:\/\/365-housse.com\/wp-content\/uploads\/ 2023\/06\/Capture_d_ecran_2021-06-22_a_15.41.07_480x480.png?v=1624369341\" \/><\/span><\/div>\n<\/div>\n<div><\/div>\n<h3 data-mce-fragment=\"1\">NOTA: Empiece por colocar la<strong data-mce-fragment=\"1\"> <\/strong>funda para silla Papillon escandinava<strong data-mce-fragment=\"1\"> <\/strong>\u00a1desde atr\u00e1s!\u00a0<\/h3>\n<p data-mce-fragment=\"1\"><img decoding=\"async\" alt=\"funda-silla\" data-mce-fragment=\"1\" data-mce-src=\"https:\/\/365-housse.com\/wp -content \/uploads\/2023\/06\/housse-de-protection-chaise_480x480.jpg?v=1623509317\" src=\"https:\/\/365-housse.com\/wp-content\/uploads\/2023\/06\/housse-de-chair- proteccion_480x480.jpg?v=1623509317\" style=\"margin-left: auto;margin-right: auto\" \/><\/p>\n<h2 data-mce-fragment=\"1\">Dale un toque chic a tu interior con esta <strong>funda para silla Papillon escandinava<\/strong> dise\u00f1ada en un tejido suave y duradero. Esta funda es muy suave, resistente y f\u00e1cil de limpiar para un uso duradero.<\/h2>\n<p data-mce-fragment=\"1\"><strong data-mce-fragment=\"1\">Ventajas:<\/strong><\/p>\n<ul>\n<li data-mce-fragment=\"1\">\n<p data-mce-fragment=\"1\">Aporta un toque de elegancia y estilo a tu decoraci\u00f3n interior<\/p>\n<\/li>\n<li data-mce-fragment=\"1\">\n<p data-mce-fragment=\"1\">Ofrece una protecci\u00f3n \u00f3ptima contra manchas, desgaste, suciedad, mascotas, etc.<\/p>\n<\/li>\n<li data-mce-fragment=\"1\">\n<p data-mce-fragment=\"1\">Cuenta con el\u00e1stico para un ajuste perfecto y agarre antideslizante<\/p>\n<\/li>\n<li data-mce-fragment=\"1\"><span data-mce-fragment=\"1\">Fabricado con textiles de primera calidad<\/span><\/li>\n<\/ul>\n<p data-mce-fragment=\"1\"><span data-mce-fragment=\"1\"><strong data-mce-fragment=\"1\">Caracter\u00edsticas: <\/strong><\/span><\/p>\n<p data-pm-slice=\"1 1 []\">Nuestro objetivo <a href=\"https:\/\/365-housse.com\/es\/collections\/funda-para-silla-escandinava\/\" rel=\"noopener\" title=\"Fundas para sillas escandinavas\"><strong>Fundas para sillas escandinavas<\/strong><\/a> se componen de diferentes modelos y estilos. Protegen las sillas del comedor de manchas y restos de comida. Confeccionados con tejidos muy duraderos, son resistentes y no requieren recambio anual.<\/p>\n<p data-pm-slice=\"1 1 []\">El dise\u00f1o contempor\u00e1neo de esta <a href=\"https:\/\/365-housse.com\/es\/products\/housse-chaise-scandinave-geometrique-bleu-marine \/\" rel=\"noopener\" target=\"_blank\" title=\"Funda para silla escandinava geom\u00e9trica azul marino\"><strong>Funda para silla escandinava geom\u00e9trica azul marino<\/strong><\/a> es, por ejemplo, refinada y combina armoniosamente en cualquier interior.<\/p>\n","protected":false},"excerpt":{"rendered":"<p>A\u00f1ade un toque de elegancia sofisticada a tu habitaci\u00f3n con esta funda para silla Papillon escandinava dise\u00f1ada en un tejido suave y duradero. Esta funda es muy suave, resistente y f\u00e1cil de limpiar para un uso duradero. Beneficios: Da un toque de estilo y dise\u00f1o a tu interior Protege tu silla de manchas, desgaste, suciedad, [&hellip;]<\/p>\n","protected":false},"featured_media":15785,"comment_status":"open","ping_status":"closed","template":"","meta":[],"product_cat":[156,161],"product_tag":[],"class_list":{"0":"post-20401","1":"product","2":"type-product","3":"status-publish","4":"has-post-thumbnail","6":"product_cat-funda-para-silla-escandinava","7":"product_cat-portada-interior","9":"first","10":"instock","11":"shipping-taxable","12":"purchasable","13":"product-type-simple"},"yoast_head":"<title>Funda de silla mariposa escandinava en entrega - gratis Ahorra un 30% en tu pedido<\/title>\n<meta name=\"description\" content=\"Recibe tu Funda de silla mariposa escandinava hoy y benef\u00edciate de la entrega - gratuita Env\u00edo en 24\/48h\" \/>\n<meta name=\"robots\" content=\"index, follow, max-snippet:-1, max-image-preview:large, max-video-preview:-1\" \/>\n<link rel=\"canonical\" href=\"https:\/\/365-housse.com\/es\/productos\/housse-chaise-scandinave-papillon\/\" \/>\n<meta property=\"og:locale\" content=\"es_ES\" \/>\n<meta property=\"og:type\" content=\"article\" \/>\n<meta property=\"og:title\" content=\"Funda de silla mariposa escandinava en entrega - gratis Ahorra un 30% en tu pedido\" \/>\n<meta property=\"og:description\" content=\"Recibe tu Funda de silla mariposa escandinava hoy y benef\u00edciate de la entrega - gratuita Env\u00edo en 24\/48h\" \/>\n<meta property=\"og:url\" content=\"https:\/\/365-housse.com\/es\/productos\/housse-chaise-scandinave-papillon\/\" \/>\n<meta property=\"og:site_name\" content=\"Housse de Canap\u00e9\" \/>\n<meta property=\"article:modified_time\" content=\"2024-09-17T15:09:47+00:00\" \/>\n<meta property=\"og:image\" content=\"https:\/\/365-housse.com\/wp-content\/uploads\/2023\/06\/housse-de-chaise-scandinave-papillon.png\" \/>\n\t<meta property=\"og:image:width\" content=\"448\" \/>\n\t<meta property=\"og:image:height\" content=\"446\" \/>\n\t<meta property=\"og:image:type\" content=\"image\/png\" \/>\n<meta name=\"twitter:card\" content=\"summary_large_image\" \/>\n<meta name=\"twitter:label1\" content=\"Tiempo de lectura\" \/>\n\t<meta name=\"twitter:data1\" content=\"1 minuto\" \/>\n<script type=\"application\/ld+json\" class=\"yoast-schema-graph\">{\"@context\":\"https:\/\/schema.org\",\"@graph\":[{\"@type\":\"WebPage\",\"@id\":\"https:\/\/365-housse.com\/es\/productos\/housse-chaise-scandinave-papillon\/\",\"url\":\"https:\/\/365-housse.com\/es\/productos\/housse-chaise-scandinave-papillon\/\",\"name\":\"Funda de silla mariposa escandinava en entrega - gratis Ahorra un 30% en tu pedido\",\"isPartOf\":{\"@id\":\"https:\/\/365-housse.com\/es\/#website\"},\"primaryImageOfPage\":{\"@id\":\"https:\/\/365-housse.com\/es\/productos\/housse-chaise-scandinave-papillon\/#primaryimage\"},\"image\":{\"@id\":\"https:\/\/365-housse.com\/es\/productos\/housse-chaise-scandinave-papillon\/#primaryimage\"},\"thumbnailUrl\":\"https:\/\/365-housse.com\/wp-content\/uploads\/2023\/06\/housse-de-chaise-scandinave-papillon.png\",\"datePublished\":\"2023-06-12T08:08:20+00:00\",\"dateModified\":\"2024-09-17T15:09:47+00:00\",\"description\":\"Recibe tu Funda de silla mariposa escandinava hoy y benef\u00edciate de la entrega - gratuita Env\u00edo en 24\/48h\",\"breadcrumb\":{\"@id\":\"https:\/\/365-housse.com\/es\/productos\/housse-chaise-scandinave-papillon\/#breadcrumb\"},\"inLanguage\":\"es\",\"potentialAction\":[{\"@type\":\"ReadAction\",\"target\":[\"https:\/\/365-housse.com\/es\/productos\/housse-chaise-scandinave-papillon\/\"]}]},{\"@type\":\"ImageObject\",\"inLanguage\":\"es\",\"@id\":\"https:\/\/365-housse.com\/es\/productos\/housse-chaise-scandinave-papillon\/#primaryimage\",\"url\":\"https:\/\/365-housse.com\/wp-content\/uploads\/2023\/06\/housse-de-chaise-scandinave-papillon.png\",\"contentUrl\":\"https:\/\/365-housse.com\/wp-content\/uploads\/2023\/06\/housse-de-chaise-scandinave-papillon.png\",\"width\":448,\"height\":446},{\"@type\":\"BreadcrumbList\",\"@id\":\"https:\/\/365-housse.com\/es\/productos\/housse-chaise-scandinave-papillon\/#breadcrumb\",\"itemListElement\":[{\"@type\":\"ListItem\",\"position\":1,\"name\":\"Accueil\",\"item\":\"https:\/\/365-housse.com\/es\/\"},{\"@type\":\"ListItem\",\"position\":2,\"name\":\"Tienda\",\"item\":\"https:\/\/365-housse.com\/es\/tienda\/\"},{\"@type\":\"ListItem\",\"position\":3,\"name\":\"Funda de silla mariposa escandinava\"}]},{\"@type\":\"WebSite\",\"@id\":\"https:\/\/365-housse.com\/es\/#website\",\"url\":\"https:\/\/365-housse.com\/es\/\",\"name\":\"Housse de Canap\u00e9\",\"description\":\"Le N\u00b01 de la Housse\",\"publisher\":{\"@id\":\"https:\/\/365-housse.com\/es\/#organization\"},\"potentialAction\":[{\"@type\":\"SearchAction\",\"target\":{\"@type\":\"EntryPoint\",\"urlTemplate\":\"https:\/\/365-housse.com\/es\/?s={search_term_string}\"},\"query-input\":{\"@type\":\"PropertyValueSpecification\",\"valueRequired\":true,\"valueName\":\"search_term_string\"}}],\"inLanguage\":\"es\"},{\"@type\":\"Organization\",\"@id\":\"https:\/\/365-housse.com\/es\/#organization\",\"name\":\"Housse de Canap\u00e9\",\"url\":\"https:\/\/365-housse.com\/es\/\",\"logo\":{\"@type\":\"ImageObject\",\"inLanguage\":\"es\",\"@id\":\"https:\/\/365-housse.com\/es\/#\/schema\/logo\/image\/\",\"url\":\"https:\/\/365-housse.com\/wp-content\/uploads\/2023\/06\/LOGO-400-\u00d7-200-px-392-x-134-px-16.png\",\"contentUrl\":\"https:\/\/365-housse.com\/wp-content\/uploads\/2023\/06\/LOGO-400-\u00d7-200-px-392-x-134-px-16.png\",\"width\":392,\"height\":134,\"caption\":\"Housse de Canap\u00e9\"},\"image\":{\"@id\":\"https:\/\/365-housse.com\/es\/#\/schema\/logo\/image\/\"}}]}<\/script>","yoast_head_json":{"title":"Funda de silla mariposa escandinava en entrega - gratis Ahorra un 30% en tu pedido","description":"Recibe tu Funda de silla mariposa escandinava hoy y benef\u00edciate de la entrega - gratuita Env\u00edo en 24\/48h","robots":{"index":"index","follow":"follow","max-snippet":"max-snippet:-1","max-image-preview":"max-image-preview:large","max-video-preview":"max-video-preview:-1"},"canonical":"https:\/\/365-housse.com\/es\/productos\/housse-chaise-scandinave-papillon\/","og_locale":"es_ES","og_type":"article","og_title":"Funda de silla mariposa escandinava en entrega - gratis Ahorra un 30% en tu pedido","og_description":"Recibe tu Funda de silla mariposa escandinava hoy y benef\u00edciate de la entrega - gratuita Env\u00edo en 24\/48h","og_url":"https:\/\/365-housse.com\/es\/productos\/housse-chaise-scandinave-papillon\/","og_site_name":"Housse de Canap\u00e9","article_modified_time":"2024-09-17T15:09:47+00:00","og_image":[{"width":448,"height":446,"url":"https:\/\/365-housse.com\/wp-content\/uploads\/2023\/06\/housse-de-chaise-scandinave-papillon.png","type":"image\/png"}],"twitter_card":"summary_large_image","twitter_misc":{"Tiempo de lectura":"1 minuto"},"schema":{"@context":"https:\/\/schema.org","@graph":[{"@type":"WebPage","@id":"https:\/\/365-housse.com\/es\/productos\/housse-chaise-scandinave-papillon\/","url":"https:\/\/365-housse.com\/es\/productos\/housse-chaise-scandinave-papillon\/","name":"Funda de silla mariposa escandinava en entrega - gratis Ahorra un 30% en tu pedido","isPartOf":{"@id":"https:\/\/365-housse.com\/es\/#website"},"primaryImageOfPage":{"@id":"https:\/\/365-housse.com\/es\/productos\/housse-chaise-scandinave-papillon\/#primaryimage"},"image":{"@id":"https:\/\/365-housse.com\/es\/productos\/housse-chaise-scandinave-papillon\/#primaryimage"},"thumbnailUrl":"https:\/\/365-housse.com\/wp-content\/uploads\/2023\/06\/housse-de-chaise-scandinave-papillon.png","datePublished":"2023-06-12T08:08:20+00:00","dateModified":"2024-09-17T15:09:47+00:00","description":"Recibe tu Funda de silla mariposa escandinava hoy y benef\u00edciate de la entrega - gratuita Env\u00edo en 24\/48h","breadcrumb":{"@id":"https:\/\/365-housse.com\/es\/productos\/housse-chaise-scandinave-papillon\/#breadcrumb"},"inLanguage":"es","potentialAction":[{"@type":"ReadAction","target":["https:\/\/365-housse.com\/es\/productos\/housse-chaise-scandinave-papillon\/"]}]},{"@type":"ImageObject","inLanguage":"es","@id":"https:\/\/365-housse.com\/es\/productos\/housse-chaise-scandinave-papillon\/#primaryimage","url":"https:\/\/365-housse.com\/wp-content\/uploads\/2023\/06\/housse-de-chaise-scandinave-papillon.png","contentUrl":"https:\/\/365-housse.com\/wp-content\/uploads\/2023\/06\/housse-de-chaise-scandinave-papillon.png","width":448,"height":446},{"@type":"BreadcrumbList","@id":"https:\/\/365-housse.com\/es\/productos\/housse-chaise-scandinave-papillon\/#breadcrumb","itemListElement":[{"@type":"ListItem","position":1,"name":"Accueil","item":"https:\/\/365-housse.com\/es\/"},{"@type":"ListItem","position":2,"name":"Tienda","item":"https:\/\/365-housse.com\/es\/tienda\/"},{"@type":"ListItem","position":3,"name":"Funda de silla mariposa escandinava"}]},{"@type":"WebSite","@id":"https:\/\/365-housse.com\/es\/#website","url":"https:\/\/365-housse.com\/es\/","name":"Housse de Canap\u00e9","description":"Le N\u00b01 de la Housse","publisher":{"@id":"https:\/\/365-housse.com\/es\/#organization"},"potentialAction":[{"@type":"SearchAction","target":{"@type":"EntryPoint","urlTemplate":"https:\/\/365-housse.com\/es\/?s={search_term_string}"},"query-input":{"@type":"PropertyValueSpecification","valueRequired":true,"valueName":"search_term_string"}}],"inLanguage":"es"},{"@type":"Organization","@id":"https:\/\/365-housse.com\/es\/#organization","name":"Housse de Canap\u00e9","url":"https:\/\/365-housse.com\/es\/","logo":{"@type":"ImageObject","inLanguage":"es","@id":"https:\/\/365-housse.com\/es\/#\/schema\/logo\/image\/","url":"https:\/\/365-housse.com\/wp-content\/uploads\/2023\/06\/LOGO-400-\u00d7-200-px-392-x-134-px-16.png","contentUrl":"https:\/\/365-housse.com\/wp-content\/uploads\/2023\/06\/LOGO-400-\u00d7-200-px-392-x-134-px-16.png","width":392,"height":134,"caption":"Housse de Canap\u00e9"},"image":{"@id":"https:\/\/365-housse.com\/es\/#\/schema\/logo\/image\/"}}]}},"_links":{"self":[{"href":"https:\/\/365-housse.com\/es\/wp-json\/wp\/v2\/product\/20401"}],"collection":[{"href":"https:\/\/365-housse.com\/es\/wp-json\/wp\/v2\/product"}],"about":[{"href":"https:\/\/365-housse.com\/es\/wp-json\/wp\/v2\/types\/product"}],"replies":[{"embeddable":true,"href":"https:\/\/365-housse.com\/es\/wp-json\/wp\/v2\/comments?post=20401"}],"wp:featuredmedia":[{"embeddable":true,"href":"https:\/\/365-housse.com\/es\/wp-json\/wp\/v2\/media\/15785"}],"wp:attachment":[{"href":"https:\/\/365-housse.com\/es\/wp-json\/wp\/v2\/media?parent=20401"}],"wp:term":[{"taxonomy":"product_cat","embeddable":true,"href":"https:\/\/365-housse.com\/es\/wp-json\/wp\/v2\/product_cat?post=20401"},{"taxonomy":"product_tag","embeddable":true,"href":"https:\/\/365-housse.com\/es\/wp-json\/wp\/v2\/product_tag?post=20401"}],"curies":[{"name":"wp","href":"https:\/\/api.w.org\/{rel}","templated":true}]}}