{"id":20410,"date":"2023-06-12T08:08:15","date_gmt":"2023-06-12T08:08:15","guid":{"rendered":"https:\/\/365-housse.com\/products\/housse-chaise-scandinave-noel-rouge\/"},"modified":"2024-09-17T15:09:52","modified_gmt":"2024-09-17T15:09:52","slug":"housse-chaise-scandinave-noel-rouge","status":"publish","type":"product","link":"https:\/\/365-housse.com\/es\/productos\/housse-chaise-scandinave-noel-rouge\/","title":{"rendered":"Funda para silla escandinava Navidad Rojo"},"content":{"rendered":"<h2 data-mce-fragment=\"1\" data-pm-slice=\"1 1 []\">A\u00f1ade un toque de frescura a tu decoraci\u00f3n navide\u00f1a optando por este <strong data-mce-fragment=\"1\"> Rojo Funda para Silla Escandinava Navide\u00f1a<\/strong>. Adornos navide\u00f1os impresos en la tela roja perfecta para tu mesa festiva, que a\u00f1adir\u00e1n un toque de color. Perfecto para regalar a tus amigos, familiares y seres queridos durante el per\u00edodo navide\u00f1o. <\/h2>\n<p><span><strong>Ventajas:<\/strong><\/span><\/p>\n<ul>\n<li>\n<p>Sublime su interior con su dise\u00f1o y elegancia<\/p>\n<\/li>\n<li>\n<p>Protege su silla de manchas, desgaste, suciedad, mascotas, etc. <\/p>\n<\/li>\n<li>\n<p>Caracter\u00edsticas el\u00e1sticas que se adaptan al 99% de los modelos de sillas<\/p>\n<\/li>\n<li><span data-mce-fragment=\"1\">Hecho de textil de alta calidad<\/span><\/li>\n<\/ul>\n<p><span><strong>Caracter\u00edsticas: <\/strong><\/span><\/p>\n<ul>\n<li>\n<p><span>Material: <\/span><span>8<\/span><span>% spandex (material el\u00e1stico) + 92% <\/span><span>poli\u00e9ster<\/span><\/p>\n<\/li>\n<li>\n<p><span>La tela de alta densidad protege su silla de manchas inesperadas<\/span><\/p>\n<\/li>\n<li>\n<p><span><strong>tecnolog\u00eda de impresi\u00f3n de ultra rendimiento<\/strong> para una mayor solidez del color a la luz y al lavado<\/span><\/p>\n<\/li>\n<li>\n<p><span>F\u00e1cil de poner <\/span><\/p>\n<\/li>\n<li>\n<p><span data-mce-fragment=\"1\">Mant\u00e9n tu silla limpia y en buen estado<\/span><\/p>\n<\/li>\n<li>\n<p><span data-mce-fragment=\"1\">El dise\u00f1o de banda el\u00e1stica proporciona un ajuste c\u00f3modo y un agarre antideslizante<\/span><\/p>\n<\/li>\n<li>\n<p>Lavable a m\u00e1quina<\/p>\n<\/li>\n<\/ul>\n<p><span><strong>Gu\u00eda de tallas:<\/strong><\/span><\/p>\n<p><img fetchpriority=\"high\" decoding=\"async\" alt=\"size-housse-scandinavian-chair\" height=\"308\" src=\"https:\/\/365-housse.com\/wp-content\/uploads\/2023\/06\/Capture_d_ecran_2021-06-22_a_09. 32.36_480x480.png?v=1624347177\" style=\"margin-left: auto;margin-right: auto\" width=\"308\" \/><\/p>\n<div>\n<div><span>Nuestras fundas para sillas escandinavas son universales y se adaptan a todas las sillas<\/span><\/div>\n<div>\n  <span><\/span>\n <\/div>\n<div><span><img decoding=\"async\" alt=\"\" data-mce-src=\"https:\/\/365-housse.com\/wp-content\/uploads\/2023\/06\/Capture_d_ecran_2021-06-22_a_15.41.07_480x480.png? v=1624369341\" src=\"https:\/\/365-housse.com\/wp-content\/uploads\/2023\/06\/Capture_d_ecran_2021-06-22_a_15.41.07_480x480.png?v=1624369341\" style=\"margin-left: auto\" \/><\/span><\/div>\n<\/div>\n<div><\/div>\n<h3 data-mce-fragment=\"1\">NOTA: Comience poniendo la<strong data-mce-fragment=\"1\"> <\/strong>funda roja navide\u00f1a escandinava para la silla<strong data-mce-fragment=\"1 \"> <\/strong>\u00a1desde atr\u00e1s!\u00a0<\/h3>\n<p data-mce-fragment=\"1\"><img decoding=\"async\" alt=\"funda-silla\" data-mce-fragment=\"1\" data-mce-src=\"https:\/\/365-housse.com\/wp -content \/uploads\/2023\/06\/housse-de-protection-chaise_480x480.jpg?v=1623509317\" src=\"https:\/\/365-housse.com\/wp-content\/uploads\/2023\/06\/housse-de-chair- proteccion_480x480.jpg?v=1623509317\" style=\"margin-left: auto;margin-right: auto\" \/><\/p>\n<p data-pm-slice=\"1 1 []\">Les <a href=\"https:\/\/365-housse.com\/es\/collections\/funda-para-silla-escandinava\/\" rel=\"noopener\" title=\"Fundas para sillas escandinavas\"><strong>Fundas para sillas escandinavas<\/strong><\/a> quedan hermosas en todas las sillas de tu comedor, as\u00ed como en las de tu oficina. Se pueden instalar y quitar f\u00e1cilmente.<\/p>\n<p>Presentados en diferentes modelos y colores, te servir\u00e1n durante todo el a\u00f1o. Para las celebraciones de fin de a\u00f1o, puedes optar por nuestro <a href=\"https:\/\/365-housse.com\/products\/housse-chaise-scandinave-noel\/\" rel=\"noopener\" target=\" _blank\" title=\"Funda para silla navide\u00f1a escandinava\"><strong>Funda para silla navide\u00f1a escandinava<\/strong><\/a>. Est\u00e1 disponible en otros colores.<\/p>\n","protected":false},"excerpt":{"rendered":"<p>A\u00f1ade un toque de frescura a tu decoraci\u00f3n navide\u00f1a optando por este Rojo Funda para Silla Escandinava Navide\u00f1a. Adornos navide\u00f1os impresos en la tela roja perfecta para tu mesa festiva, que a\u00f1adir\u00e1n un toque de color. Perfecto para regalar a tus amigos, familiares y seres queridos durante el per\u00edodo navide\u00f1o. Ventajas: Sublime su interior con [&hellip;]<\/p>\n","protected":false},"featured_media":15774,"comment_status":"open","ping_status":"closed","template":"","meta":[],"product_cat":[156,161],"product_tag":[212],"class_list":{"0":"post-20410","1":"product","2":"type-product","3":"status-publish","4":"has-post-thumbnail","6":"product_cat-funda-para-silla-escandinava","7":"product_cat-portada-interior","8":"product_tag-chaise-es","10":"first","11":"instock","12":"shipping-taxable","13":"purchasable","14":"product-type-simple"},"yoast_head":"<title>Funda para silla escandinava Navidad Rojo en entrega - gratis Ahorra un 30% en tu pedido<\/title>\n<meta name=\"description\" content=\"Recibe tu Funda para silla escandinava Navidad Rojo hoy y benef\u00edciate de la entrega - gratuita Env\u00edo en 24\/48h\" \/>\n<meta name=\"robots\" content=\"index, follow, max-snippet:-1, max-image-preview:large, max-video-preview:-1\" \/>\n<link rel=\"canonical\" href=\"https:\/\/365-housse.com\/es\/productos\/housse-chaise-scandinave-noel-rouge\/\" \/>\n<meta property=\"og:locale\" content=\"es_ES\" \/>\n<meta property=\"og:type\" content=\"article\" \/>\n<meta property=\"og:title\" content=\"Funda para silla escandinava Navidad Rojo en entrega - gratis Ahorra un 30% en tu pedido\" \/>\n<meta property=\"og:description\" content=\"Recibe tu Funda para silla escandinava Navidad Rojo hoy y benef\u00edciate de la entrega - gratuita Env\u00edo en 24\/48h\" \/>\n<meta property=\"og:url\" content=\"https:\/\/365-housse.com\/es\/productos\/housse-chaise-scandinave-noel-rouge\/\" \/>\n<meta property=\"og:site_name\" content=\"Housse de Canap\u00e9\" \/>\n<meta property=\"article:modified_time\" content=\"2024-09-17T15:09:52+00:00\" \/>\n<meta property=\"og:image\" content=\"https:\/\/365-housse.com\/wp-content\/uploads\/2023\/06\/housse-chaise-scandinave-noel-rouge.png\" \/>\n\t<meta property=\"og:image:width\" content=\"490\" \/>\n\t<meta property=\"og:image:height\" content=\"509\" \/>\n\t<meta property=\"og:image:type\" content=\"image\/png\" \/>\n<meta name=\"twitter:card\" content=\"summary_large_image\" \/>\n<meta name=\"twitter:label1\" content=\"Tiempo de lectura\" \/>\n\t<meta name=\"twitter:data1\" content=\"1 minuto\" \/>\n<script type=\"application\/ld+json\" class=\"yoast-schema-graph\">{\"@context\":\"https:\/\/schema.org\",\"@graph\":[{\"@type\":\"WebPage\",\"@id\":\"https:\/\/365-housse.com\/es\/productos\/housse-chaise-scandinave-noel-rouge\/\",\"url\":\"https:\/\/365-housse.com\/es\/productos\/housse-chaise-scandinave-noel-rouge\/\",\"name\":\"Funda para silla escandinava Navidad Rojo en entrega - gratis Ahorra un 30% en tu pedido\",\"isPartOf\":{\"@id\":\"https:\/\/365-housse.com\/es\/#website\"},\"primaryImageOfPage\":{\"@id\":\"https:\/\/365-housse.com\/es\/productos\/housse-chaise-scandinave-noel-rouge\/#primaryimage\"},\"image\":{\"@id\":\"https:\/\/365-housse.com\/es\/productos\/housse-chaise-scandinave-noel-rouge\/#primaryimage\"},\"thumbnailUrl\":\"https:\/\/365-housse.com\/wp-content\/uploads\/2023\/06\/housse-chaise-scandinave-noel-rouge.png\",\"datePublished\":\"2023-06-12T08:08:15+00:00\",\"dateModified\":\"2024-09-17T15:09:52+00:00\",\"description\":\"Recibe tu Funda para silla escandinava Navidad Rojo hoy y benef\u00edciate de la entrega - gratuita Env\u00edo en 24\/48h\",\"breadcrumb\":{\"@id\":\"https:\/\/365-housse.com\/es\/productos\/housse-chaise-scandinave-noel-rouge\/#breadcrumb\"},\"inLanguage\":\"es\",\"potentialAction\":[{\"@type\":\"ReadAction\",\"target\":[\"https:\/\/365-housse.com\/es\/productos\/housse-chaise-scandinave-noel-rouge\/\"]}]},{\"@type\":\"ImageObject\",\"inLanguage\":\"es\",\"@id\":\"https:\/\/365-housse.com\/es\/productos\/housse-chaise-scandinave-noel-rouge\/#primaryimage\",\"url\":\"https:\/\/365-housse.com\/wp-content\/uploads\/2023\/06\/housse-chaise-scandinave-noel-rouge.png\",\"contentUrl\":\"https:\/\/365-housse.com\/wp-content\/uploads\/2023\/06\/housse-chaise-scandinave-noel-rouge.png\",\"width\":490,\"height\":509},{\"@type\":\"BreadcrumbList\",\"@id\":\"https:\/\/365-housse.com\/es\/productos\/housse-chaise-scandinave-noel-rouge\/#breadcrumb\",\"itemListElement\":[{\"@type\":\"ListItem\",\"position\":1,\"name\":\"Accueil\",\"item\":\"https:\/\/365-housse.com\/es\/\"},{\"@type\":\"ListItem\",\"position\":2,\"name\":\"Tienda\",\"item\":\"https:\/\/365-housse.com\/es\/tienda\/\"},{\"@type\":\"ListItem\",\"position\":3,\"name\":\"Funda para silla escandinava Navidad Rojo\"}]},{\"@type\":\"WebSite\",\"@id\":\"https:\/\/365-housse.com\/es\/#website\",\"url\":\"https:\/\/365-housse.com\/es\/\",\"name\":\"Housse de Canap\u00e9\",\"description\":\"Le N\u00b01 de la Housse\",\"publisher\":{\"@id\":\"https:\/\/365-housse.com\/es\/#organization\"},\"potentialAction\":[{\"@type\":\"SearchAction\",\"target\":{\"@type\":\"EntryPoint\",\"urlTemplate\":\"https:\/\/365-housse.com\/es\/?s={search_term_string}\"},\"query-input\":{\"@type\":\"PropertyValueSpecification\",\"valueRequired\":true,\"valueName\":\"search_term_string\"}}],\"inLanguage\":\"es\"},{\"@type\":\"Organization\",\"@id\":\"https:\/\/365-housse.com\/es\/#organization\",\"name\":\"Housse de Canap\u00e9\",\"url\":\"https:\/\/365-housse.com\/es\/\",\"logo\":{\"@type\":\"ImageObject\",\"inLanguage\":\"es\",\"@id\":\"https:\/\/365-housse.com\/es\/#\/schema\/logo\/image\/\",\"url\":\"https:\/\/365-housse.com\/wp-content\/uploads\/2023\/06\/LOGO-400-\u00d7-200-px-392-x-134-px-16.png\",\"contentUrl\":\"https:\/\/365-housse.com\/wp-content\/uploads\/2023\/06\/LOGO-400-\u00d7-200-px-392-x-134-px-16.png\",\"width\":392,\"height\":134,\"caption\":\"Housse de Canap\u00e9\"},\"image\":{\"@id\":\"https:\/\/365-housse.com\/es\/#\/schema\/logo\/image\/\"}}]}<\/script>","yoast_head_json":{"title":"Funda para silla escandinava Navidad Rojo en entrega - gratis Ahorra un 30% en tu pedido","description":"Recibe tu Funda para silla escandinava Navidad Rojo hoy y benef\u00edciate de la entrega - gratuita Env\u00edo en 24\/48h","robots":{"index":"index","follow":"follow","max-snippet":"max-snippet:-1","max-image-preview":"max-image-preview:large","max-video-preview":"max-video-preview:-1"},"canonical":"https:\/\/365-housse.com\/es\/productos\/housse-chaise-scandinave-noel-rouge\/","og_locale":"es_ES","og_type":"article","og_title":"Funda para silla escandinava Navidad Rojo en entrega - gratis Ahorra un 30% en tu pedido","og_description":"Recibe tu Funda para silla escandinava Navidad Rojo hoy y benef\u00edciate de la entrega - gratuita Env\u00edo en 24\/48h","og_url":"https:\/\/365-housse.com\/es\/productos\/housse-chaise-scandinave-noel-rouge\/","og_site_name":"Housse de Canap\u00e9","article_modified_time":"2024-09-17T15:09:52+00:00","og_image":[{"width":490,"height":509,"url":"https:\/\/365-housse.com\/wp-content\/uploads\/2023\/06\/housse-chaise-scandinave-noel-rouge.png","type":"image\/png"}],"twitter_card":"summary_large_image","twitter_misc":{"Tiempo de lectura":"1 minuto"},"schema":{"@context":"https:\/\/schema.org","@graph":[{"@type":"WebPage","@id":"https:\/\/365-housse.com\/es\/productos\/housse-chaise-scandinave-noel-rouge\/","url":"https:\/\/365-housse.com\/es\/productos\/housse-chaise-scandinave-noel-rouge\/","name":"Funda para silla escandinava Navidad Rojo en entrega - gratis Ahorra un 30% en tu pedido","isPartOf":{"@id":"https:\/\/365-housse.com\/es\/#website"},"primaryImageOfPage":{"@id":"https:\/\/365-housse.com\/es\/productos\/housse-chaise-scandinave-noel-rouge\/#primaryimage"},"image":{"@id":"https:\/\/365-housse.com\/es\/productos\/housse-chaise-scandinave-noel-rouge\/#primaryimage"},"thumbnailUrl":"https:\/\/365-housse.com\/wp-content\/uploads\/2023\/06\/housse-chaise-scandinave-noel-rouge.png","datePublished":"2023-06-12T08:08:15+00:00","dateModified":"2024-09-17T15:09:52+00:00","description":"Recibe tu Funda para silla escandinava Navidad Rojo hoy y benef\u00edciate de la entrega - gratuita Env\u00edo en 24\/48h","breadcrumb":{"@id":"https:\/\/365-housse.com\/es\/productos\/housse-chaise-scandinave-noel-rouge\/#breadcrumb"},"inLanguage":"es","potentialAction":[{"@type":"ReadAction","target":["https:\/\/365-housse.com\/es\/productos\/housse-chaise-scandinave-noel-rouge\/"]}]},{"@type":"ImageObject","inLanguage":"es","@id":"https:\/\/365-housse.com\/es\/productos\/housse-chaise-scandinave-noel-rouge\/#primaryimage","url":"https:\/\/365-housse.com\/wp-content\/uploads\/2023\/06\/housse-chaise-scandinave-noel-rouge.png","contentUrl":"https:\/\/365-housse.com\/wp-content\/uploads\/2023\/06\/housse-chaise-scandinave-noel-rouge.png","width":490,"height":509},{"@type":"BreadcrumbList","@id":"https:\/\/365-housse.com\/es\/productos\/housse-chaise-scandinave-noel-rouge\/#breadcrumb","itemListElement":[{"@type":"ListItem","position":1,"name":"Accueil","item":"https:\/\/365-housse.com\/es\/"},{"@type":"ListItem","position":2,"name":"Tienda","item":"https:\/\/365-housse.com\/es\/tienda\/"},{"@type":"ListItem","position":3,"name":"Funda para silla escandinava Navidad Rojo"}]},{"@type":"WebSite","@id":"https:\/\/365-housse.com\/es\/#website","url":"https:\/\/365-housse.com\/es\/","name":"Housse de Canap\u00e9","description":"Le N\u00b01 de la Housse","publisher":{"@id":"https:\/\/365-housse.com\/es\/#organization"},"potentialAction":[{"@type":"SearchAction","target":{"@type":"EntryPoint","urlTemplate":"https:\/\/365-housse.com\/es\/?s={search_term_string}"},"query-input":{"@type":"PropertyValueSpecification","valueRequired":true,"valueName":"search_term_string"}}],"inLanguage":"es"},{"@type":"Organization","@id":"https:\/\/365-housse.com\/es\/#organization","name":"Housse de Canap\u00e9","url":"https:\/\/365-housse.com\/es\/","logo":{"@type":"ImageObject","inLanguage":"es","@id":"https:\/\/365-housse.com\/es\/#\/schema\/logo\/image\/","url":"https:\/\/365-housse.com\/wp-content\/uploads\/2023\/06\/LOGO-400-\u00d7-200-px-392-x-134-px-16.png","contentUrl":"https:\/\/365-housse.com\/wp-content\/uploads\/2023\/06\/LOGO-400-\u00d7-200-px-392-x-134-px-16.png","width":392,"height":134,"caption":"Housse de Canap\u00e9"},"image":{"@id":"https:\/\/365-housse.com\/es\/#\/schema\/logo\/image\/"}}]}},"_links":{"self":[{"href":"https:\/\/365-housse.com\/es\/wp-json\/wp\/v2\/product\/20410"}],"collection":[{"href":"https:\/\/365-housse.com\/es\/wp-json\/wp\/v2\/product"}],"about":[{"href":"https:\/\/365-housse.com\/es\/wp-json\/wp\/v2\/types\/product"}],"replies":[{"embeddable":true,"href":"https:\/\/365-housse.com\/es\/wp-json\/wp\/v2\/comments?post=20410"}],"wp:featuredmedia":[{"embeddable":true,"href":"https:\/\/365-housse.com\/es\/wp-json\/wp\/v2\/media\/15774"}],"wp:attachment":[{"href":"https:\/\/365-housse.com\/es\/wp-json\/wp\/v2\/media?parent=20410"}],"wp:term":[{"taxonomy":"product_cat","embeddable":true,"href":"https:\/\/365-housse.com\/es\/wp-json\/wp\/v2\/product_cat?post=20410"},{"taxonomy":"product_tag","embeddable":true,"href":"https:\/\/365-housse.com\/es\/wp-json\/wp\/v2\/product_tag?post=20410"}],"curies":[{"name":"wp","href":"https:\/\/api.w.org\/{rel}","templated":true}]}}