{"id":20419,"date":"2023-06-12T08:08:09","date_gmt":"2023-06-12T08:08:09","guid":{"rendered":"https:\/\/365-housse.com\/products\/housse-chaise-scandinave-universelle-marron-fonce\/"},"modified":"2024-09-17T15:09:54","modified_gmt":"2024-09-17T15:09:54","slug":"housse-chaise-scandinave-universelle-marron-fonce","status":"publish","type":"product","link":"https:\/\/365-housse.com\/es\/productos\/housse-chaise-scandinave-universelle-marron-fonce\/","title":{"rendered":"Funda para silla escandinava universal marr\u00f3n oscuro"},"content":{"rendered":"<h2 data-mce-fragment=\"1\" data-pm-slice=\"1 1 []\">A\u00f1ade un toque de estilo a tu decoraci\u00f3n con la <strong data-mce-fragment=\"1\">Funda para Silla Escandinava Universal Marr\u00f3n oscuro<\/strong> <\/h2>\n<p data-mce-fragment=\"1\"><span data-mce-fragment=\"1\"><strong data-mce-fragment=\"1\">Beneficios:<\/strong><\/span><\/p>\n<ul>\n<li data-mce-fragment=\"1\">\n<p data-mce-fragment=\"1\">A\u00f1ade un toque de elegancia a tu interior<\/p>\n<\/li>\n<li data-mce-fragment=\"1\">\n<p data-mce-fragment=\"1\">Protege tu silla contra manchas, desgaste, suciedad, animales, etc.<\/p>\n<\/li>\n<li data-mce-fragment=\"1\">\n<p data-mce-fragment=\"1\">Se adapta f\u00e1cilmente al 99% de las sillas escandinavas est\u00e1ndar<\/p>\n<\/li>\n<li data-mce-fragment=\"1\"><span data-mce-fragment=\"1\">Fabricado con tela de calidad<\/span><\/li>\n<\/ul>\n<p data-mce-fragment=\"1\"><span data-mce-fragment=\"1\"><strong data-mce-fragment=\"1\">Caracter\u00edsticas: <\/strong><\/span><\/p>\n<ul>\n<li data-mce-fragment=\"1\">\n<p data-mce-fragment=\"1\"><span data-mce-fragment=\"1\">Material: <\/span><span data-mce-fragment=\"1\">Poli\u00e9ster el\u00e1stico de primera calidad<\/span><\/p>\n<\/li>\n<li data-mce-fragment=\"1\">\n<p data-mce-fragment=\"1\"><span data-mce-fragment=\"1\">Tejido de alta densidad para proteger su silla de manchas inesperadas&lt;\/span <\/p>\n<\/li>\n<li data-mce-fragment=\"1\">\n<p data-mce-fragment=\"1\"><span data-mce-fragment=\"1\">Impresi\u00f3n de calidad <strong data-mce-fragment=\"1\"> excepcional<\/strong>con color y resistencia al lavado<\/span><\/p>\n<\/li>\n<li data-mce-fragment=\"1\">\n<p data-mce-fragment=\"1\"><span data-mce-fragment=\"1\">F\u00e1cil instalaci\u00f3n<\/span><\/p>\n<\/li>\n<li data-mce-fragment=\"1\">\n<p data-mce-fragment=\"1\"><span data-mce-fragment=\"1\">Mant\u00e9n tu silla limpia y en buen estado<\/span><\/p>\n<\/li>\n<li data-mce-fragment=\"1\">\n<p data-mce-fragment=\"1\"><span data-mce-fragment=\"1\">Dise\u00f1o con banda el\u00e1stica para un ajuste perfecto y agarre antideslizante <\/span><\/p>\n<\/li>\n<li data-mce-fragment=\"1\">\n<p data-mce-fragment=\"1\">Lavable a m\u00e1quina<\/p>\n<\/li>\n<\/ul>\n<p data-mce-fragment=\"1\"><span data-mce-fragment=\"1\"><strong data-mce-fragment=\"1\">Gu\u00eda de tallas:<\/strong><\/span><\/ p > <\/p>\n<p data-mce-fragment=\"1\" data-mce-style=\"text-align: center;\" style=\"text-align: center\"><img decoding=\"async\" alt=\"\" src=\"https:\/\/365-housse.com\/wp-content\/uploads\/2023\/06\/housse-de-chaise-scandinave-universelle-taille_480x480 .jpg?v=1676402390\" \/><\/p>\n<div>\n<div data-mce-fragment=\"1\"><span data-mce-fragment=\"1\">Nuestras fundas para sillas escandinavas son de tama\u00f1o universal y se adaptan a muchas sillas<\/span><\/div>\n<div> <span><\/span><\/div>\n<div><span><img decoding=\"async\" alt=\"\" data-mce-style=\"display: block; margin-left: auto right: auto;\" src=\"https:\/\/365-housse.com\/wp-content\/uploads\/2023\/06\/Capture_d_ecran_2021-06-22_a_15.41.07_480x480.png?v=1624369341\" \/><\/span><\/div>\n<div> <span><\/span> <\/div>\n<\/div>\n<div><span> <\/span><\/div>\n<div data-mce-fragment=\"1\"><span>La diferencia antes\/despu\u00e9s: <\/span><\/div>\n<div data-mce-fragment=\"1\"><span><img decoding=\"async\" alt=\"\" src=\"https:\/\/365-housse.com\/wp-content\/uploads\/2023\/06\/housse-de-chaise- scandinavian-usage_480x480.jpg?v=1676225221\" style=\"margin-left: auto;margin-right: auto\" \/><\/span><\/div>\n<h2 data-mce-fragment=\"1\" data-pm-slice=\"1 1 []\">A\u00f1ade elegancia a tu interior con la <strong data-mce-fragment=\"1\">Funda para silla escandinava universal marr\u00f3n oscuro <\/h2>\n<p data-mce-fragment=\"1\"><span data-mce-fragment=\"1\"><strong data-mce-fragment=\"1\">Ventajas:<\/strong><\/span><\/p>\n<ul>\n<li data-mce-fragment=\"1\">\n<p data-mce-fragment=\"1\">Dale un toque de estilo a tu decoraci\u00f3n interior<\/p>\n<\/li>\n<li data-mce-fragment=\"1\">\n<p data-mce-fragment=\"1\">Protege tu silla de manchas, desgaste, suciedad, mascotas, etc.<\/p>\n<\/li>\n<li data-mce-fragment=\"1\">\n<p data-mce-fragment=\"1\">F\u00e1cilmente adaptable al 99% de las sillas escandinavas est\u00e1ndar<\/p>\n<\/li>\n<li data-mce-fragment=\"1\"><span data-mce-fragment=\"1\">Hecho de tela de calidad<\/span><\/li>\n<\/ul>\n<p data-mce-fragment=\"1\"><span data-mce-fragment=\"1\"><strong data-mce-fragment=\"1\">Caracter\u00edsticas: <\/strong><\/span><\/p>\n<ul>\n   &lt;li data-mce-<\/p>\n<h3 data-mce-fragment=\"1\"><\/h3>\n<h3 data-mce-fragment=\"1\">NOTA: Comience por enhebrar el <strong data-mce> <\/strong>Protecci\u00f3n para Silla Escandinava<span data-mce-fragment=\"1\"> <\/span>Universal Marr\u00f3n Oscuro<strong data-mce-fragment=\"1\"> <\/strong> \u00a1desde atr\u00e1s!\u00a0<\/h3>\n<p data-mce-fragment=\"1\" data-mce-style=\"text-align: center;\" style=\"text-align: center\"><img decoding=\"async\" alt=\"\" data-mce-fragment=\"1\" data-mce-src=\"https:\/\/365-housse.com\/wp-content\/uploads\/2023\/ 06\/housse-de-chaise-scandinave-installation_d3b6f09d-b453-4b54-a6f8-2e488db2e138_480x480.jpg?v=1676224980\" src=\"https:\/\/365-housse.com\/wp-content\/uploads\/2023\/06\/housse -of-scandinavian-chair-installation_d3b6f09d-b453-4b54-a6f8-2e488db2e138_480x480.jpg?v=1676224980\" \/><\/p>\n<p data-mce-fragment=\"1\">El<a href=\"https:\/ \/365-housse.com\/es\/collections\/funda-para-silla-escandinava\/\" rel=\"noopener noreferrer\" target=\"_blank\" title=\"Fundas para sillas escandinavas\"><strong data-mce-fragment=\"1 \"> Las fundas para sillas escandinavas<\/strong><\/a> te ayudar\u00e1n a mantener la apariencia de tus muebles y, al mismo tiempo, los proteger\u00e1n del desgaste. Con un dise\u00f1o vers\u00e1til y adaptable, son esenciales para cualquier ambiente gastron\u00f3mico, ya sea para una comida familiar relajada o un evento formal. Su estilo cl\u00e1sico pero contempor\u00e1neo se adapta pr\u00e1cticamente a cualquier decoraci\u00f3n y ocasi\u00f3n. Si desea a\u00f1adir una nota personal a su decoraci\u00f3n, puede elegir el <a href=\"https:\/\/365-housse.com\/products\/housse-chaise-scandinave-universelle-rose-pale\/\" rel=\"noopener noreferrer\" target=\"_blank\" title=\"Funda universal para silla escandinava rosa p\u00e1lido\"><strong data-mce-fragment=\"1\">Funda para silla escandinava<\/strong> <strong data-mce-fragment=\"1\"> Universal Rosa P\u00e1lido<\/strong><\/a>.<\/p>\n","protected":false},"excerpt":{"rendered":"<p>A\u00f1ade un toque de estilo a tu decoraci\u00f3n con la Funda para Silla Escandinava Universal Marr\u00f3n oscuro Beneficios: A\u00f1ade un toque de elegancia a tu interior Protege tu silla contra manchas, desgaste, suciedad, animales, etc. Se adapta f\u00e1cilmente al 99% de las sillas escandinavas est\u00e1ndar Fabricado con tela de calidad Caracter\u00edsticas: Material: Poli\u00e9ster el\u00e1stico de [&hellip;]<\/p>\n","protected":false},"featured_media":15762,"comment_status":"open","ping_status":"closed","template":"","meta":[],"product_cat":[156,161],"product_tag":[212],"class_list":{"0":"post-20419","1":"product","2":"type-product","3":"status-publish","4":"has-post-thumbnail","6":"product_cat-funda-para-silla-escandinava","7":"product_cat-portada-interior","8":"product_tag-chaise-es","10":"first","11":"instock","12":"shipping-taxable","13":"purchasable","14":"product-type-simple"},"yoast_head":"<title>Funda para silla escandinava universal marr\u00f3n oscuro en entrega - gratis Ahorra un 30% en tu pedido<\/title>\n<meta name=\"description\" content=\"Recibe tu Funda para silla escandinava universal marr\u00f3n oscuro hoy y benef\u00edciate de la entrega - gratuita Env\u00edo en 24\/48h\" \/>\n<meta name=\"robots\" content=\"index, follow, max-snippet:-1, max-image-preview:large, max-video-preview:-1\" \/>\n<link rel=\"canonical\" href=\"https:\/\/365-housse.com\/es\/productos\/housse-chaise-scandinave-universelle-marron-fonce\/\" \/>\n<meta property=\"og:locale\" content=\"es_ES\" \/>\n<meta property=\"og:type\" content=\"article\" \/>\n<meta property=\"og:title\" content=\"Funda para silla escandinava universal marr\u00f3n oscuro en entrega - gratis Ahorra un 30% en tu pedido\" \/>\n<meta property=\"og:description\" content=\"Recibe tu Funda para silla escandinava universal marr\u00f3n oscuro hoy y benef\u00edciate de la entrega - gratuita Env\u00edo en 24\/48h\" \/>\n<meta property=\"og:url\" content=\"https:\/\/365-housse.com\/es\/productos\/housse-chaise-scandinave-universelle-marron-fonce\/\" \/>\n<meta property=\"og:site_name\" content=\"Housse de Canap\u00e9\" \/>\n<meta property=\"article:modified_time\" content=\"2024-09-17T15:09:54+00:00\" \/>\n<meta property=\"og:image\" content=\"https:\/\/365-housse.com\/wp-content\/uploads\/2023\/06\/housse-de-chaise-scandinave-universelle-marron-fonce.jpg\" \/>\n\t<meta property=\"og:image:width\" content=\"473\" \/>\n\t<meta property=\"og:image:height\" content=\"467\" \/>\n\t<meta property=\"og:image:type\" content=\"image\/jpeg\" \/>\n<meta name=\"twitter:card\" content=\"summary_large_image\" \/>\n<meta name=\"twitter:label1\" content=\"Tiempo de lectura\" \/>\n\t<meta name=\"twitter:data1\" content=\"2 minutos\" \/>\n<script type=\"application\/ld+json\" class=\"yoast-schema-graph\">{\"@context\":\"https:\/\/schema.org\",\"@graph\":[{\"@type\":\"WebPage\",\"@id\":\"https:\/\/365-housse.com\/es\/productos\/housse-chaise-scandinave-universelle-marron-fonce\/\",\"url\":\"https:\/\/365-housse.com\/es\/productos\/housse-chaise-scandinave-universelle-marron-fonce\/\",\"name\":\"Funda para silla escandinava universal marr\u00f3n oscuro en entrega - gratis Ahorra un 30% en tu pedido\",\"isPartOf\":{\"@id\":\"https:\/\/365-housse.com\/es\/#website\"},\"primaryImageOfPage\":{\"@id\":\"https:\/\/365-housse.com\/es\/productos\/housse-chaise-scandinave-universelle-marron-fonce\/#primaryimage\"},\"image\":{\"@id\":\"https:\/\/365-housse.com\/es\/productos\/housse-chaise-scandinave-universelle-marron-fonce\/#primaryimage\"},\"thumbnailUrl\":\"https:\/\/365-housse.com\/wp-content\/uploads\/2023\/06\/housse-de-chaise-scandinave-universelle-marron-fonce.jpg\",\"datePublished\":\"2023-06-12T08:08:09+00:00\",\"dateModified\":\"2024-09-17T15:09:54+00:00\",\"description\":\"Recibe tu Funda para silla escandinava universal marr\u00f3n oscuro hoy y benef\u00edciate de la entrega - gratuita Env\u00edo en 24\/48h\",\"breadcrumb\":{\"@id\":\"https:\/\/365-housse.com\/es\/productos\/housse-chaise-scandinave-universelle-marron-fonce\/#breadcrumb\"},\"inLanguage\":\"es\",\"potentialAction\":[{\"@type\":\"ReadAction\",\"target\":[\"https:\/\/365-housse.com\/es\/productos\/housse-chaise-scandinave-universelle-marron-fonce\/\"]}]},{\"@type\":\"ImageObject\",\"inLanguage\":\"es\",\"@id\":\"https:\/\/365-housse.com\/es\/productos\/housse-chaise-scandinave-universelle-marron-fonce\/#primaryimage\",\"url\":\"https:\/\/365-housse.com\/wp-content\/uploads\/2023\/06\/housse-de-chaise-scandinave-universelle-marron-fonce.jpg\",\"contentUrl\":\"https:\/\/365-housse.com\/wp-content\/uploads\/2023\/06\/housse-de-chaise-scandinave-universelle-marron-fonce.jpg\",\"width\":473,\"height\":467},{\"@type\":\"BreadcrumbList\",\"@id\":\"https:\/\/365-housse.com\/es\/productos\/housse-chaise-scandinave-universelle-marron-fonce\/#breadcrumb\",\"itemListElement\":[{\"@type\":\"ListItem\",\"position\":1,\"name\":\"Accueil\",\"item\":\"https:\/\/365-housse.com\/es\/\"},{\"@type\":\"ListItem\",\"position\":2,\"name\":\"Tienda\",\"item\":\"https:\/\/365-housse.com\/es\/tienda\/\"},{\"@type\":\"ListItem\",\"position\":3,\"name\":\"Funda para silla escandinava universal marr\u00f3n oscuro\"}]},{\"@type\":\"WebSite\",\"@id\":\"https:\/\/365-housse.com\/es\/#website\",\"url\":\"https:\/\/365-housse.com\/es\/\",\"name\":\"Housse de Canap\u00e9\",\"description\":\"Le N\u00b01 de la Housse\",\"publisher\":{\"@id\":\"https:\/\/365-housse.com\/es\/#organization\"},\"potentialAction\":[{\"@type\":\"SearchAction\",\"target\":{\"@type\":\"EntryPoint\",\"urlTemplate\":\"https:\/\/365-housse.com\/es\/?s={search_term_string}\"},\"query-input\":{\"@type\":\"PropertyValueSpecification\",\"valueRequired\":true,\"valueName\":\"search_term_string\"}}],\"inLanguage\":\"es\"},{\"@type\":\"Organization\",\"@id\":\"https:\/\/365-housse.com\/es\/#organization\",\"name\":\"Housse de Canap\u00e9\",\"url\":\"https:\/\/365-housse.com\/es\/\",\"logo\":{\"@type\":\"ImageObject\",\"inLanguage\":\"es\",\"@id\":\"https:\/\/365-housse.com\/es\/#\/schema\/logo\/image\/\",\"url\":\"https:\/\/365-housse.com\/wp-content\/uploads\/2023\/06\/LOGO-400-\u00d7-200-px-392-x-134-px-16.png\",\"contentUrl\":\"https:\/\/365-housse.com\/wp-content\/uploads\/2023\/06\/LOGO-400-\u00d7-200-px-392-x-134-px-16.png\",\"width\":392,\"height\":134,\"caption\":\"Housse de Canap\u00e9\"},\"image\":{\"@id\":\"https:\/\/365-housse.com\/es\/#\/schema\/logo\/image\/\"}}]}<\/script>","yoast_head_json":{"title":"Funda para silla escandinava universal marr\u00f3n oscuro en entrega - gratis Ahorra un 30% en tu pedido","description":"Recibe tu Funda para silla escandinava universal marr\u00f3n oscuro hoy y benef\u00edciate de la entrega - gratuita Env\u00edo en 24\/48h","robots":{"index":"index","follow":"follow","max-snippet":"max-snippet:-1","max-image-preview":"max-image-preview:large","max-video-preview":"max-video-preview:-1"},"canonical":"https:\/\/365-housse.com\/es\/productos\/housse-chaise-scandinave-universelle-marron-fonce\/","og_locale":"es_ES","og_type":"article","og_title":"Funda para silla escandinava universal marr\u00f3n oscuro en entrega - gratis Ahorra un 30% en tu pedido","og_description":"Recibe tu Funda para silla escandinava universal marr\u00f3n oscuro hoy y benef\u00edciate de la entrega - gratuita Env\u00edo en 24\/48h","og_url":"https:\/\/365-housse.com\/es\/productos\/housse-chaise-scandinave-universelle-marron-fonce\/","og_site_name":"Housse de Canap\u00e9","article_modified_time":"2024-09-17T15:09:54+00:00","og_image":[{"width":473,"height":467,"url":"https:\/\/365-housse.com\/wp-content\/uploads\/2023\/06\/housse-de-chaise-scandinave-universelle-marron-fonce.jpg","type":"image\/jpeg"}],"twitter_card":"summary_large_image","twitter_misc":{"Tiempo de lectura":"2 minutos"},"schema":{"@context":"https:\/\/schema.org","@graph":[{"@type":"WebPage","@id":"https:\/\/365-housse.com\/es\/productos\/housse-chaise-scandinave-universelle-marron-fonce\/","url":"https:\/\/365-housse.com\/es\/productos\/housse-chaise-scandinave-universelle-marron-fonce\/","name":"Funda para silla escandinava universal marr\u00f3n oscuro en entrega - gratis Ahorra un 30% en tu pedido","isPartOf":{"@id":"https:\/\/365-housse.com\/es\/#website"},"primaryImageOfPage":{"@id":"https:\/\/365-housse.com\/es\/productos\/housse-chaise-scandinave-universelle-marron-fonce\/#primaryimage"},"image":{"@id":"https:\/\/365-housse.com\/es\/productos\/housse-chaise-scandinave-universelle-marron-fonce\/#primaryimage"},"thumbnailUrl":"https:\/\/365-housse.com\/wp-content\/uploads\/2023\/06\/housse-de-chaise-scandinave-universelle-marron-fonce.jpg","datePublished":"2023-06-12T08:08:09+00:00","dateModified":"2024-09-17T15:09:54+00:00","description":"Recibe tu Funda para silla escandinava universal marr\u00f3n oscuro hoy y benef\u00edciate de la entrega - gratuita Env\u00edo en 24\/48h","breadcrumb":{"@id":"https:\/\/365-housse.com\/es\/productos\/housse-chaise-scandinave-universelle-marron-fonce\/#breadcrumb"},"inLanguage":"es","potentialAction":[{"@type":"ReadAction","target":["https:\/\/365-housse.com\/es\/productos\/housse-chaise-scandinave-universelle-marron-fonce\/"]}]},{"@type":"ImageObject","inLanguage":"es","@id":"https:\/\/365-housse.com\/es\/productos\/housse-chaise-scandinave-universelle-marron-fonce\/#primaryimage","url":"https:\/\/365-housse.com\/wp-content\/uploads\/2023\/06\/housse-de-chaise-scandinave-universelle-marron-fonce.jpg","contentUrl":"https:\/\/365-housse.com\/wp-content\/uploads\/2023\/06\/housse-de-chaise-scandinave-universelle-marron-fonce.jpg","width":473,"height":467},{"@type":"BreadcrumbList","@id":"https:\/\/365-housse.com\/es\/productos\/housse-chaise-scandinave-universelle-marron-fonce\/#breadcrumb","itemListElement":[{"@type":"ListItem","position":1,"name":"Accueil","item":"https:\/\/365-housse.com\/es\/"},{"@type":"ListItem","position":2,"name":"Tienda","item":"https:\/\/365-housse.com\/es\/tienda\/"},{"@type":"ListItem","position":3,"name":"Funda para silla escandinava universal marr\u00f3n oscuro"}]},{"@type":"WebSite","@id":"https:\/\/365-housse.com\/es\/#website","url":"https:\/\/365-housse.com\/es\/","name":"Housse de Canap\u00e9","description":"Le N\u00b01 de la Housse","publisher":{"@id":"https:\/\/365-housse.com\/es\/#organization"},"potentialAction":[{"@type":"SearchAction","target":{"@type":"EntryPoint","urlTemplate":"https:\/\/365-housse.com\/es\/?s={search_term_string}"},"query-input":{"@type":"PropertyValueSpecification","valueRequired":true,"valueName":"search_term_string"}}],"inLanguage":"es"},{"@type":"Organization","@id":"https:\/\/365-housse.com\/es\/#organization","name":"Housse de Canap\u00e9","url":"https:\/\/365-housse.com\/es\/","logo":{"@type":"ImageObject","inLanguage":"es","@id":"https:\/\/365-housse.com\/es\/#\/schema\/logo\/image\/","url":"https:\/\/365-housse.com\/wp-content\/uploads\/2023\/06\/LOGO-400-\u00d7-200-px-392-x-134-px-16.png","contentUrl":"https:\/\/365-housse.com\/wp-content\/uploads\/2023\/06\/LOGO-400-\u00d7-200-px-392-x-134-px-16.png","width":392,"height":134,"caption":"Housse de Canap\u00e9"},"image":{"@id":"https:\/\/365-housse.com\/es\/#\/schema\/logo\/image\/"}}]}},"_links":{"self":[{"href":"https:\/\/365-housse.com\/es\/wp-json\/wp\/v2\/product\/20419"}],"collection":[{"href":"https:\/\/365-housse.com\/es\/wp-json\/wp\/v2\/product"}],"about":[{"href":"https:\/\/365-housse.com\/es\/wp-json\/wp\/v2\/types\/product"}],"replies":[{"embeddable":true,"href":"https:\/\/365-housse.com\/es\/wp-json\/wp\/v2\/comments?post=20419"}],"wp:featuredmedia":[{"embeddable":true,"href":"https:\/\/365-housse.com\/es\/wp-json\/wp\/v2\/media\/15762"}],"wp:attachment":[{"href":"https:\/\/365-housse.com\/es\/wp-json\/wp\/v2\/media?parent=20419"}],"wp:term":[{"taxonomy":"product_cat","embeddable":true,"href":"https:\/\/365-housse.com\/es\/wp-json\/wp\/v2\/product_cat?post=20419"},{"taxonomy":"product_tag","embeddable":true,"href":"https:\/\/365-housse.com\/es\/wp-json\/wp\/v2\/product_tag?post=20419"}],"curies":[{"name":"wp","href":"https:\/\/api.w.org\/{rel}","templated":true}]}}