{"id":20420,"date":"2023-06-12T08:08:09","date_gmt":"2023-06-12T08:08:09","guid":{"rendered":"https:\/\/365-housse.com\/products\/housse-chaise-scandinave-universelle-bleue\/"},"modified":"2024-09-17T15:09:54","modified_gmt":"2024-09-17T15:09:54","slug":"housse-chaise-scandinave-universelle-bleue","status":"publish","type":"product","link":"https:\/\/365-housse.com\/es\/productos\/housse-chaise-scandinave-universelle-bleue\/","title":{"rendered":"Funda para silla escandinava universal azul"},"content":{"rendered":"<h2 data-mce-fragment=\"1\" data-pm-slice=\"1 1 []\">Esta sublime <strong data-mce-fragment=\"1\">Funda para silla universal escandinava azul<\/strong> es la soluci\u00f3n ideal toque para cualquier lugar de su hogar. La textura tejida ofrece un ambiente cl\u00e1sico, mientras que el color azul le da un aspecto atractivo. Ser\u00e1 una gran adici\u00f3n a su comedor y har\u00e1 que sus invitados se sientan c\u00f3modos.<\/h2>\n<p data-mce-fragment=\"1\"><span data-mce-fragment=\"1\"><strong>Ventajas:<\/strong><\/span><\/p>\n<ul data-mce-fragment=\"1\">\n<li data-mce-fragment=\"1\">\n<p>Aporta estilo y est\u00e9tica a tu interior<\/p>\n<\/li>\n<li data-mce-fragment=\"1\">\n<p data-mce-fragment=\"1\">La silla La funda proporciona una protecci\u00f3n \u00f3ptima contra el desgaste, la suciedad, las manchas, las mascotas,&#8230;<\/p>\n<\/li>\n<li data-mce-fragment=\"1\">\n<p data-mce-fragment=\"1\">Se adapta muy r\u00e1pidamente, <span data-mce-fragment=\"1\">nuestras fundas protectoras tienen caracter\u00edsticas el\u00e1sticas que se adaptan perfectamente al 99% de los modelos de sillas<\/ span><\/p>\n<\/li>\n<li data-mce-fragment=\" 1\"><span data-mce-fragment=\"1\">Funda fabricada con tejido de primera calidad<\/span><\/li>\n<\/ul>\n<p data-mce-fragment=\"1\"><span data-mce><strong data-mce-fragment=\"1\">Caracter\u00edsticas: <\/strong><\/span><\/p>\n<ul data-mce-fragment=\"1\">\n<li data-mce>\n<p data-mce-fragment=\"1\"><span data-mce-fragment=\"1\">Material: <\/span><span data-mce-fragment=\"1\">Alto poli\u00e9ster el\u00e1stico de calidad<\/span><\/p>\n<\/li>\n<li data-mce-fragment=\"1 \">\n<p data-mce-fragment=\"1\"><span data-mce-fragment=\"1 \">Tejido de alta densidad para proteger tu silla de manchas inesperadas<\/span><\/p>\n<\/li>\n<li data-mce-fragment=\"1\">\n<p data-mce-fragment=\"1\"><span data-mce-fragment=\"1\">Tecnolog\u00eda de impresi\u00f3n <strong data-mce-fragment=\"1\">alto rendimiento<\/strong>para mejorar la solidez del color a la luz y al lavado<\/span><\/p>\n<\/li>\n<li data-mce-fragment=\"1\">\n<p data-mce-fragment=\"1\"><span data-mce-fragment=\"1\">F\u00e1cil de poner <\/span><\/p>\n<\/li>\n<li data-mce-fragment=\"1\">\n<p data-mce-fragment=\"1\"><span data-mce-fragment=\"1\">Mant\u00e9n tu silla limpia y en buen estado<\/span><br data-mce-fragment=\"1\" \/><\/p>\n<\/li>\n<li data-mce-fragment=\"1\">\n<p data-mce-fragment=\"1\"><span data-mce->El dise\u00f1o de banda el\u00e1stica proporciona un ajuste c\u00f3modo y un agarre antideslizante <\/span><\/p>\n<\/li>\n<li data-mce-fragment=\"1\">\n<p data-mce-fragment=\"1\">Lavable a m\u00e1quina<\/p>\n<\/li>\n<\/ul>\n<p data-mce-fragment=\"1\"><span data-mce-fragment=\"1\"><strong data-mce-fragment=\"1\">Gu\u00eda de tallas:<\/strong><\/span><\/p>\n<p data-mce-fragment=\"1\" data-mce-style=\"text-align: center;\" style=\"text-align: center\"><img decoding=\"async\" alt=\"\" src=\"https:\/\/365-housse.com\/wp-content\/uploads\/2023\/06\/housse-de-chaise-scandinave-universelle-taille_480x480 .jpg?v=1676402390\" \/><\/p>\n<div data-mce-fragment=\"1\">\n<div data-mce-fragment=\"1\"><span data-mce-fragment=\"1\">Nuestro Las fundas para sillas escandinavas son de tama\u00f1o universal y se adaptan a varias sillas<\/span><\/div>\n<div data-mce-fragment=\"1\"> <span data-mce-fragment=\"1\"><\/span><\/div>\n<div data-mce-fragment=\"1\"><span data-mce-fragment=\"1\"><img decoding=\"async\" alt=\"\" data-mce-fragment=\" 1\" data-mce-src=\"https:\/\/365-housse.com\/wp-content\/uploads\/2023\/06\/Capture_d_ecran_2021-06-22_a_15.41.07_480x480.png?v=1624369341\" src=\"https:\/\/365-housse.com\/wp-content\/uploads\/2023\/06\/Capture_d_ecran_2021-06-22_a_15.41.07_480x480.png?v=1624369341\" \/><\/span><\/div>\n<div data-mce-fragment=\"1\"> <span data-mce-fragment=\"1\"><\/span> <\/div>\n<\/p><\/div>\n<div data-mce-fragment=\"1\"><span> <\/span><\/div>\n<div data-mce-fragment=\"1\"><span>La diferencia antes\/despu\u00e9s: <\/span><\/div>\n<div data-mce-fragment=\"1\"><span><img decoding=\"async\" alt=\"\" src=\"https:\/\/365-housse.com\/wp-content\/uploads\/2023\/06\/housse -of-scandinavian-chair-usage_480x480.jpg?v=1676225221\" style=\"margin-left: auto;margin-right: auto\" \/><\/span><\/div>\n<p>Instale <a href=\"https:\/\/365-housse.com\/es\/collections\/funda-para-silla-escandinava\/\" rel=\"noopener\" target=\"_blank\" title=\"Funda para silla escandinava\"><strong>Funda para silla escandinava<\/strong><\/a> \u00a1Universal Blue en la parte trasera! Esta funda es la forma perfecta de a\u00f1adir color a tus eventos. Es muy adecuado para diferentes tipos de sillas y es f\u00e1cil de limpiar. Disponible en varios colores, protege tus muebles a la vez que les da estilo. Si te gustan los colores vivos, opta por la <a href=\"https:\/\/365-housse.com\/products\/housse-chaise-scandinave-universelle-verte\/\" rel=\"noopener\" target=\"_blank\" title=\" Funda para Silla Escandinava Universal Verde\"><strong>Funda para Silla Escandinava Universal Verde<\/strong><\/a> que ofrecer\u00e1 un toque de frescura a tu mesa de comedor.<\/p>\n","protected":false},"excerpt":{"rendered":"<p>Esta sublime Funda para silla universal escandinava azul es la soluci\u00f3n ideal toque para cualquier lugar de su hogar. La textura tejida ofrece un ambiente cl\u00e1sico, mientras que el color azul le da un aspecto atractivo. Ser\u00e1 una gran adici\u00f3n a su comedor y har\u00e1 que sus invitados se sientan c\u00f3modos. Ventajas: Aporta estilo y [&hellip;]<\/p>\n","protected":false},"featured_media":15763,"comment_status":"open","ping_status":"closed","template":"","meta":[],"product_cat":[156,161],"product_tag":[212],"class_list":{"0":"post-20420","1":"product","2":"type-product","3":"status-publish","4":"has-post-thumbnail","6":"product_cat-funda-para-silla-escandinava","7":"product_cat-portada-interior","8":"product_tag-chaise-es","10":"first","11":"instock","12":"shipping-taxable","13":"purchasable","14":"product-type-simple"},"yoast_head":"<title>Funda para silla escandinava universal azul en entrega - gratis Ahorra un 30% en tu pedido<\/title>\n<meta name=\"description\" content=\"Recibe tu Funda para silla escandinava universal azul hoy y benef\u00edciate de la entrega - gratuita Env\u00edo en 24\/48h\" \/>\n<meta name=\"robots\" content=\"index, follow, max-snippet:-1, max-image-preview:large, max-video-preview:-1\" \/>\n<link rel=\"canonical\" href=\"https:\/\/365-housse.com\/es\/productos\/housse-chaise-scandinave-universelle-bleue\/\" \/>\n<meta property=\"og:locale\" content=\"es_ES\" \/>\n<meta property=\"og:type\" content=\"article\" \/>\n<meta property=\"og:title\" content=\"Funda para silla escandinava universal azul en entrega - gratis Ahorra un 30% en tu pedido\" \/>\n<meta property=\"og:description\" content=\"Recibe tu Funda para silla escandinava universal azul hoy y benef\u00edciate de la entrega - gratuita Env\u00edo en 24\/48h\" \/>\n<meta property=\"og:url\" content=\"https:\/\/365-housse.com\/es\/productos\/housse-chaise-scandinave-universelle-bleue\/\" \/>\n<meta property=\"og:site_name\" content=\"Housse de Canap\u00e9\" \/>\n<meta property=\"article:modified_time\" content=\"2024-09-17T15:09:54+00:00\" \/>\n<meta property=\"og:image\" content=\"https:\/\/365-housse.com\/wp-content\/uploads\/2023\/06\/housse-de-chaise-scandinave-universelle-bleue.png\" \/>\n\t<meta property=\"og:image:width\" content=\"498\" \/>\n\t<meta property=\"og:image:height\" content=\"501\" \/>\n\t<meta property=\"og:image:type\" content=\"image\/png\" \/>\n<meta name=\"twitter:card\" content=\"summary_large_image\" \/>\n<meta name=\"twitter:label1\" content=\"Tiempo de lectura\" \/>\n\t<meta name=\"twitter:data1\" content=\"1 minuto\" \/>\n<script type=\"application\/ld+json\" class=\"yoast-schema-graph\">{\"@context\":\"https:\/\/schema.org\",\"@graph\":[{\"@type\":\"WebPage\",\"@id\":\"https:\/\/365-housse.com\/es\/productos\/housse-chaise-scandinave-universelle-bleue\/\",\"url\":\"https:\/\/365-housse.com\/es\/productos\/housse-chaise-scandinave-universelle-bleue\/\",\"name\":\"Funda para silla escandinava universal azul en entrega - gratis Ahorra un 30% en tu pedido\",\"isPartOf\":{\"@id\":\"https:\/\/365-housse.com\/es\/#website\"},\"primaryImageOfPage\":{\"@id\":\"https:\/\/365-housse.com\/es\/productos\/housse-chaise-scandinave-universelle-bleue\/#primaryimage\"},\"image\":{\"@id\":\"https:\/\/365-housse.com\/es\/productos\/housse-chaise-scandinave-universelle-bleue\/#primaryimage\"},\"thumbnailUrl\":\"https:\/\/365-housse.com\/wp-content\/uploads\/2023\/06\/housse-de-chaise-scandinave-universelle-bleue.png\",\"datePublished\":\"2023-06-12T08:08:09+00:00\",\"dateModified\":\"2024-09-17T15:09:54+00:00\",\"description\":\"Recibe tu Funda para silla escandinava universal azul hoy y benef\u00edciate de la entrega - gratuita Env\u00edo en 24\/48h\",\"breadcrumb\":{\"@id\":\"https:\/\/365-housse.com\/es\/productos\/housse-chaise-scandinave-universelle-bleue\/#breadcrumb\"},\"inLanguage\":\"es\",\"potentialAction\":[{\"@type\":\"ReadAction\",\"target\":[\"https:\/\/365-housse.com\/es\/productos\/housse-chaise-scandinave-universelle-bleue\/\"]}]},{\"@type\":\"ImageObject\",\"inLanguage\":\"es\",\"@id\":\"https:\/\/365-housse.com\/es\/productos\/housse-chaise-scandinave-universelle-bleue\/#primaryimage\",\"url\":\"https:\/\/365-housse.com\/wp-content\/uploads\/2023\/06\/housse-de-chaise-scandinave-universelle-bleue.png\",\"contentUrl\":\"https:\/\/365-housse.com\/wp-content\/uploads\/2023\/06\/housse-de-chaise-scandinave-universelle-bleue.png\",\"width\":498,\"height\":501},{\"@type\":\"BreadcrumbList\",\"@id\":\"https:\/\/365-housse.com\/es\/productos\/housse-chaise-scandinave-universelle-bleue\/#breadcrumb\",\"itemListElement\":[{\"@type\":\"ListItem\",\"position\":1,\"name\":\"Accueil\",\"item\":\"https:\/\/365-housse.com\/es\/\"},{\"@type\":\"ListItem\",\"position\":2,\"name\":\"Tienda\",\"item\":\"https:\/\/365-housse.com\/es\/tienda\/\"},{\"@type\":\"ListItem\",\"position\":3,\"name\":\"Funda para silla escandinava universal azul\"}]},{\"@type\":\"WebSite\",\"@id\":\"https:\/\/365-housse.com\/es\/#website\",\"url\":\"https:\/\/365-housse.com\/es\/\",\"name\":\"Housse de Canap\u00e9\",\"description\":\"Le N\u00b01 de la Housse\",\"publisher\":{\"@id\":\"https:\/\/365-housse.com\/es\/#organization\"},\"potentialAction\":[{\"@type\":\"SearchAction\",\"target\":{\"@type\":\"EntryPoint\",\"urlTemplate\":\"https:\/\/365-housse.com\/es\/?s={search_term_string}\"},\"query-input\":{\"@type\":\"PropertyValueSpecification\",\"valueRequired\":true,\"valueName\":\"search_term_string\"}}],\"inLanguage\":\"es\"},{\"@type\":\"Organization\",\"@id\":\"https:\/\/365-housse.com\/es\/#organization\",\"name\":\"Housse de Canap\u00e9\",\"url\":\"https:\/\/365-housse.com\/es\/\",\"logo\":{\"@type\":\"ImageObject\",\"inLanguage\":\"es\",\"@id\":\"https:\/\/365-housse.com\/es\/#\/schema\/logo\/image\/\",\"url\":\"https:\/\/365-housse.com\/wp-content\/uploads\/2023\/06\/LOGO-400-\u00d7-200-px-392-x-134-px-16.png\",\"contentUrl\":\"https:\/\/365-housse.com\/wp-content\/uploads\/2023\/06\/LOGO-400-\u00d7-200-px-392-x-134-px-16.png\",\"width\":392,\"height\":134,\"caption\":\"Housse de Canap\u00e9\"},\"image\":{\"@id\":\"https:\/\/365-housse.com\/es\/#\/schema\/logo\/image\/\"}}]}<\/script>","yoast_head_json":{"title":"Funda para silla escandinava universal azul en entrega - gratis Ahorra un 30% en tu pedido","description":"Recibe tu Funda para silla escandinava universal azul hoy y benef\u00edciate de la entrega - gratuita Env\u00edo en 24\/48h","robots":{"index":"index","follow":"follow","max-snippet":"max-snippet:-1","max-image-preview":"max-image-preview:large","max-video-preview":"max-video-preview:-1"},"canonical":"https:\/\/365-housse.com\/es\/productos\/housse-chaise-scandinave-universelle-bleue\/","og_locale":"es_ES","og_type":"article","og_title":"Funda para silla escandinava universal azul en entrega - gratis Ahorra un 30% en tu pedido","og_description":"Recibe tu Funda para silla escandinava universal azul hoy y benef\u00edciate de la entrega - gratuita Env\u00edo en 24\/48h","og_url":"https:\/\/365-housse.com\/es\/productos\/housse-chaise-scandinave-universelle-bleue\/","og_site_name":"Housse de Canap\u00e9","article_modified_time":"2024-09-17T15:09:54+00:00","og_image":[{"width":498,"height":501,"url":"https:\/\/365-housse.com\/wp-content\/uploads\/2023\/06\/housse-de-chaise-scandinave-universelle-bleue.png","type":"image\/png"}],"twitter_card":"summary_large_image","twitter_misc":{"Tiempo de lectura":"1 minuto"},"schema":{"@context":"https:\/\/schema.org","@graph":[{"@type":"WebPage","@id":"https:\/\/365-housse.com\/es\/productos\/housse-chaise-scandinave-universelle-bleue\/","url":"https:\/\/365-housse.com\/es\/productos\/housse-chaise-scandinave-universelle-bleue\/","name":"Funda para silla escandinava universal azul en entrega - gratis Ahorra un 30% en tu pedido","isPartOf":{"@id":"https:\/\/365-housse.com\/es\/#website"},"primaryImageOfPage":{"@id":"https:\/\/365-housse.com\/es\/productos\/housse-chaise-scandinave-universelle-bleue\/#primaryimage"},"image":{"@id":"https:\/\/365-housse.com\/es\/productos\/housse-chaise-scandinave-universelle-bleue\/#primaryimage"},"thumbnailUrl":"https:\/\/365-housse.com\/wp-content\/uploads\/2023\/06\/housse-de-chaise-scandinave-universelle-bleue.png","datePublished":"2023-06-12T08:08:09+00:00","dateModified":"2024-09-17T15:09:54+00:00","description":"Recibe tu Funda para silla escandinava universal azul hoy y benef\u00edciate de la entrega - gratuita Env\u00edo en 24\/48h","breadcrumb":{"@id":"https:\/\/365-housse.com\/es\/productos\/housse-chaise-scandinave-universelle-bleue\/#breadcrumb"},"inLanguage":"es","potentialAction":[{"@type":"ReadAction","target":["https:\/\/365-housse.com\/es\/productos\/housse-chaise-scandinave-universelle-bleue\/"]}]},{"@type":"ImageObject","inLanguage":"es","@id":"https:\/\/365-housse.com\/es\/productos\/housse-chaise-scandinave-universelle-bleue\/#primaryimage","url":"https:\/\/365-housse.com\/wp-content\/uploads\/2023\/06\/housse-de-chaise-scandinave-universelle-bleue.png","contentUrl":"https:\/\/365-housse.com\/wp-content\/uploads\/2023\/06\/housse-de-chaise-scandinave-universelle-bleue.png","width":498,"height":501},{"@type":"BreadcrumbList","@id":"https:\/\/365-housse.com\/es\/productos\/housse-chaise-scandinave-universelle-bleue\/#breadcrumb","itemListElement":[{"@type":"ListItem","position":1,"name":"Accueil","item":"https:\/\/365-housse.com\/es\/"},{"@type":"ListItem","position":2,"name":"Tienda","item":"https:\/\/365-housse.com\/es\/tienda\/"},{"@type":"ListItem","position":3,"name":"Funda para silla escandinava universal azul"}]},{"@type":"WebSite","@id":"https:\/\/365-housse.com\/es\/#website","url":"https:\/\/365-housse.com\/es\/","name":"Housse de Canap\u00e9","description":"Le N\u00b01 de la Housse","publisher":{"@id":"https:\/\/365-housse.com\/es\/#organization"},"potentialAction":[{"@type":"SearchAction","target":{"@type":"EntryPoint","urlTemplate":"https:\/\/365-housse.com\/es\/?s={search_term_string}"},"query-input":{"@type":"PropertyValueSpecification","valueRequired":true,"valueName":"search_term_string"}}],"inLanguage":"es"},{"@type":"Organization","@id":"https:\/\/365-housse.com\/es\/#organization","name":"Housse de Canap\u00e9","url":"https:\/\/365-housse.com\/es\/","logo":{"@type":"ImageObject","inLanguage":"es","@id":"https:\/\/365-housse.com\/es\/#\/schema\/logo\/image\/","url":"https:\/\/365-housse.com\/wp-content\/uploads\/2023\/06\/LOGO-400-\u00d7-200-px-392-x-134-px-16.png","contentUrl":"https:\/\/365-housse.com\/wp-content\/uploads\/2023\/06\/LOGO-400-\u00d7-200-px-392-x-134-px-16.png","width":392,"height":134,"caption":"Housse de Canap\u00e9"},"image":{"@id":"https:\/\/365-housse.com\/es\/#\/schema\/logo\/image\/"}}]}},"_links":{"self":[{"href":"https:\/\/365-housse.com\/es\/wp-json\/wp\/v2\/product\/20420"}],"collection":[{"href":"https:\/\/365-housse.com\/es\/wp-json\/wp\/v2\/product"}],"about":[{"href":"https:\/\/365-housse.com\/es\/wp-json\/wp\/v2\/types\/product"}],"replies":[{"embeddable":true,"href":"https:\/\/365-housse.com\/es\/wp-json\/wp\/v2\/comments?post=20420"}],"wp:featuredmedia":[{"embeddable":true,"href":"https:\/\/365-housse.com\/es\/wp-json\/wp\/v2\/media\/15763"}],"wp:attachment":[{"href":"https:\/\/365-housse.com\/es\/wp-json\/wp\/v2\/media?parent=20420"}],"wp:term":[{"taxonomy":"product_cat","embeddable":true,"href":"https:\/\/365-housse.com\/es\/wp-json\/wp\/v2\/product_cat?post=20420"},{"taxonomy":"product_tag","embeddable":true,"href":"https:\/\/365-housse.com\/es\/wp-json\/wp\/v2\/product_tag?post=20420"}],"curies":[{"name":"wp","href":"https:\/\/api.w.org\/{rel}","templated":true}]}}